{"id":2216,"date":"2024-04-17T13:06:27","date_gmt":"2024-04-17T13:06:27","guid":{"rendered":"https:\/\/skaitytaknyga.lt\/?post_type=product&#038;p=2216"},"modified":"2026-03-05T16:00:56","modified_gmt":"2026-03-05T14:00:56","slug":"arnaldur-indridason-uznuodytas-kraujas","status":"publish","type":"product","link":"https:\/\/skaitytaknyga.lt\/en\/produktas\/arnaldur-indridason-uznuodytas-kraujas\/","title":{"rendered":"U\u017enuodytas kraujas"},"content":{"rendered":"<p>I\u0161kviestas \u012f \u201ebanalios islandi\u0161kos \u017emog\u017eudyst\u0117s\u201c viet\u0105 \u2013 rastas senolis pelenine sukne\u017einta kaukole \u2013 detektyvas Erlenduras netrukus \u012fsitikina, kad viskas yra kur kas painiau nei atrodo. Ir kaltininko nepavyks rasti kaip paprastai \u2013 tiesiog paklausin\u0117jus kaimyn\u0173. Auka Holbergas prie\u0161 daugel\u012f met\u0173 i\u0161prievartavo moter\u012f, bet nuteistas nebuvo. Moteris susilauk\u0117 dukros, kuri mir\u0117 vaikyst\u0117je nuo reto smegen\u0173 auglio. Ekshumacija atskleid\u017eia, kad mergait\u0117 palaidota be smegen\u0173. Ai\u0161kindamasis de\u0161imtme\u010di\u0173 senumo \u012fvykius Erlenduras atsiduria Genetini\u0173 tyrim\u0173 centre, kur nuo 1915 m. keliauja kiekvieno islando ligos istorija ir kraujo m\u0117giniai, kur nagrin\u0117jama DNR. Viena m\u012fsl\u0117 veda \u012f kit\u0105, o rezultatas \u2013 meistri\u0161kas detektyvas i\u0161 Skandinavi\u0161ko detektyvo elito serijos, t\u0119siantis puikias Stiego Larssono Mergina su drakono tatuiruote tradicijas.<\/p>\n","protected":false},"excerpt":{"rendered":"<p class=\"\">\u0161kviestas \u012f \u201ebanalios islandi\u0161kos \u017emog\u017eudyst\u0117s\u201c viet\u0105 \u2013 rastas senolis pelenine sukne\u017einta kaukole \u2013 detektyvas Erlenduras netrukus \u012fsitikina, kad viskas yra kur kas painiau nei atrodo. Ir kaltininko nepavyks rasti kaip paprastai \u2013 tiesiog paklausin\u0117jus kaimyn\u0173. Auka Holbergas prie\u0161 daugel\u012f met\u0173 i\u0161prievartavo moter\u012f, bet nuteistas nebuvo. Moteris susilauk\u0117 dukros, kuri mir\u0117 vaikyst\u0117je nuo reto smegen\u0173 auglio. Ekshumacija atskleid\u017eia, kad mergait\u0117 palaidota be smegen\u0173. Ai\u0161kindamasis de\u0161imtme\u010di\u0173 senumo \u012fvykius Erlenduras atsiduria Genetini\u0173 tyrim\u0173 centre, kur nuo 1915 m. keliauja kiekvieno islando ligos istorija ir kraujo m\u0117giniai, kur nagrin\u0117jama DNR. Viena m\u012fsl\u0117 veda \u012f kit\u0105, o rezultatas \u2013 meistri\u0161kas detektyvas i\u0161 Skandinavi\u0161ko detektyvo elito serijos, t\u0119siantis puikias Stiego Larssono Mergina su drakono tatuiruote tradicijas<\/p>\n","protected":false},"featured_media":2264,"comment_status":"closed","ping_status":"closed","template":"","meta":{"_acf_changed":false,"site-sidebar-layout":"default","site-content-layout":"","ast-site-content-layout":"default","site-content-style":"default","site-sidebar-style":"default","ast-global-header-display":"","ast-banner-title-visibility":"","ast-main-header-display":"","ast-hfb-above-header-display":"","ast-hfb-below-header-display":"","ast-hfb-mobile-header-display":"","site-post-title":"","ast-breadcrumbs-content":"","ast-featured-img":"","footer-sml-layout":"","ast-disable-related-posts":"","theme-transparent-header-meta":"","adv-header-id-meta":"","stick-header-meta":"","header-above-stick-meta":"","header-main-stick-meta":"","header-below-stick-meta":"","astra-migrate-meta-layouts":"default","ast-page-background-enabled":"default","ast-page-background-meta":{"desktop":{"background-color":"","background-image":"","background-repeat":"repeat","background-position":"center center","background-size":"auto","background-attachment":"scroll","background-type":"","background-media":"","overlay-type":"","overlay-color":"","overlay-opacity":"","overlay-gradient":""},"tablet":{"background-color":"","background-image":"","background-repeat":"repeat","background-position":"center center","background-size":"auto","background-attachment":"scroll","background-type":"","background-media":"","overlay-type":"","overlay-color":"","overlay-opacity":"","overlay-gradient":""},"mobile":{"background-color":"","background-image":"","background-repeat":"repeat","background-position":"center center","background-size":"auto","background-attachment":"scroll","background-type":"","background-media":"","overlay-type":"","overlay-color":"","overlay-opacity":"","overlay-gradient":""}},"ast-content-background-meta":{"desktop":{"background-color":"var(--ast-global-color-4)","background-image":"","background-repeat":"repeat","background-position":"center center","background-size":"auto","background-attachment":"scroll","background-type":"","background-media":"","overlay-type":"","overlay-color":"","overlay-opacity":"","overlay-gradient":""},"tablet":{"background-color":"var(--ast-global-color-4)","background-image":"","background-repeat":"repeat","background-position":"center center","background-size":"auto","background-attachment":"scroll","background-type":"","background-media":"","overlay-type":"","overlay-color":"","overlay-opacity":"","overlay-gradient":""},"mobile":{"background-color":"var(--ast-global-color-4)","background-image":"","background-repeat":"repeat","background-position":"center center","background-size":"auto","background-attachment":"scroll","background-type":"","background-media":"","overlay-type":"","overlay-color":"","overlay-opacity":"","overlay-gradient":""}}},"product_brand":[],"product_cat":[9581],"product_tag":[],"class_list":{"0":"post-2216","1":"product","2":"type-product","3":"status-publish","4":"has-post-thumbnail","6":"product_cat-kriminaliniai-romanai","7":"desktop-align-left","8":"tablet-align-left","9":"mobile-align-left","11":"first","12":"instock","13":"shipping-taxable","14":"purchasable","15":"product-type-simple"},"acf":[],"yoast_head":"<!-- This site is optimized with the Yoast SEO plugin v27.0 - https:\/\/yoast.com\/product\/yoast-seo-wordpress\/ -->\n<title>U\u017enuodytas kraujas<\/title>\n<meta name=\"description\" content=\"\u0161kviestas \u012f \u201ebanalios islandi\u0161kos \u017emog\u017eudyst\u0117s\u201c viet\u0105 \u2013 rastas senolis pelenine sukne\u017einta kaukole \u2013 detektyvas Erlenduras netrukus \u012fsitikina, kad viskas yra kur kas painiau nei atrodo. Ir kaltininko nepavyks rasti kaip paprastai \u2013 tiesiog paklausin\u0117jus kaimyn\u0173. Auka Holbergas prie\u0161 daugel\u012f met\u0173 i\u0161prievartavo moter\u012f, bet nuteistas nebuvo. Moteris susilauk\u0117 dukros, kuri mir\u0117 vaikyst\u0117je nuo reto smegen\u0173 auglio. Ekshumacija atskleid\u017eia, kad mergait\u0117 palaidota be smegen\u0173. Ai\u0161kindamasis de\u0161imtme\u010di\u0173 senumo \u012fvykius Erlenduras atsiduria Genetini\u0173 tyrim\u0173 centre, kur nuo 1915 m. keliauja kiekvieno islando ligos istorija ir kraujo m\u0117giniai, kur nagrin\u0117jama DNR. Viena m\u012fsl\u0117 veda \u012f kit\u0105, o rezultatas \u2013 meistri\u0161kas detektyvas i\u0161 Skandinavi\u0161ko detektyvo elito serijos, t\u0119siantis puikias Stiego Larssono Mergina su drakono tatuiruote tradicijas\" \/>\n<meta name=\"robots\" content=\"index, follow, max-snippet:-1, max-image-preview:large, max-video-preview:-1\" \/>\n<link rel=\"canonical\" href=\"https:\/\/skaitytaknyga.lt\/en\/produktas\/arnaldur-indridason-uznuodytas-kraujas\/\" \/>\n<meta property=\"og:locale\" content=\"en_GB\" \/>\n<meta property=\"og:locale:alternate\" content=\"lt_LT\" \/>\n<meta property=\"og:type\" content=\"article\" \/>\n<meta property=\"og:title\" content=\"U\u017enuodytas kraujas\" \/>\n<meta property=\"og:description\" content=\"\u0161kviestas \u012f \u201ebanalios islandi\u0161kos \u017emog\u017eudyst\u0117s\u201c viet\u0105 \u2013 rastas senolis pelenine sukne\u017einta kaukole \u2013 detektyvas Erlenduras netrukus \u012fsitikina, kad viskas yra kur kas painiau nei atrodo. Ir kaltininko nepavyks rasti kaip paprastai \u2013 tiesiog paklausin\u0117jus kaimyn\u0173. Auka Holbergas prie\u0161 daugel\u012f met\u0173 i\u0161prievartavo moter\u012f, bet nuteistas nebuvo. Moteris susilauk\u0117 dukros, kuri mir\u0117 vaikyst\u0117je nuo reto smegen\u0173 auglio. Ekshumacija atskleid\u017eia, kad mergait\u0117 palaidota be smegen\u0173. Ai\u0161kindamasis de\u0161imtme\u010di\u0173 senumo \u012fvykius Erlenduras atsiduria Genetini\u0173 tyrim\u0173 centre, kur nuo 1915 m. keliauja kiekvieno islando ligos istorija ir kraujo m\u0117giniai, kur nagrin\u0117jama DNR. Viena m\u012fsl\u0117 veda \u012f kit\u0105, o rezultatas \u2013 meistri\u0161kas detektyvas i\u0161 Skandinavi\u0161ko detektyvo elito serijos, t\u0119siantis puikias Stiego Larssono Mergina su drakono tatuiruote tradicijas\" \/>\n<meta property=\"og:url\" content=\"https:\/\/skaitytaknyga.lt\/en\/produktas\/arnaldur-indridason-uznuodytas-kraujas\/\" \/>\n<meta property=\"og:site_name\" content=\"Skaitytaknyga\" \/>\n<meta property=\"article:publisher\" content=\"https:\/\/www.facebook.com\/skaitytaknyga\/\" \/>\n<meta property=\"article:modified_time\" content=\"2026-03-05T14:00:56+00:00\" \/>\n<meta property=\"og:image\" content=\"https:\/\/skaitytaknyga.lt\/wp-content\/uploads\/2024\/04\/aindridason.jpg\" \/>\n\t<meta property=\"og:image:width\" content=\"189\" \/>\n\t<meta property=\"og:image:height\" content=\"297\" \/>\n\t<meta property=\"og:image:type\" content=\"image\/jpeg\" \/>\n<meta name=\"twitter:card\" content=\"summary_large_image\" \/>\n<meta name=\"twitter:label1\" content=\"Estimated reading time\" \/>\n\t<meta name=\"twitter:data1\" content=\"1 minute\" \/>\n<script type=\"application\/ld+json\" class=\"yoast-schema-graph\">{\"@context\":\"https:\/\/schema.org\",\"@graph\":[{\"@type\":\"WebPage\",\"@id\":\"https:\/\/skaitytaknyga.lt\/produktas\/arnaldur-indridason-uznuodytas-kraujas\/\",\"url\":\"https:\/\/skaitytaknyga.lt\/produktas\/arnaldur-indridason-uznuodytas-kraujas\/\",\"name\":\"U\u017enuodytas kraujas\",\"isPartOf\":{\"@id\":\"https:\/\/skaitytaknyga.lt\/#website\"},\"primaryImageOfPage\":{\"@id\":\"https:\/\/skaitytaknyga.lt\/produktas\/arnaldur-indridason-uznuodytas-kraujas\/#primaryimage\"},\"image\":{\"@id\":\"https:\/\/skaitytaknyga.lt\/produktas\/arnaldur-indridason-uznuodytas-kraujas\/#primaryimage\"},\"thumbnailUrl\":\"https:\/\/skaitytaknyga.lt\/wp-content\/uploads\/2024\/04\/aindridason.jpg\",\"datePublished\":\"2024-04-17T13:06:27+00:00\",\"dateModified\":\"2026-03-05T14:00:56+00:00\",\"description\":\"\u0161kviestas \u012f \u201ebanalios islandi\u0161kos \u017emog\u017eudyst\u0117s\u201c viet\u0105 \u2013 rastas senolis pelenine sukne\u017einta kaukole \u2013 detektyvas Erlenduras netrukus \u012fsitikina, kad viskas yra kur kas painiau nei atrodo. Ir kaltininko nepavyks rasti kaip paprastai \u2013 tiesiog paklausin\u0117jus kaimyn\u0173. Auka Holbergas prie\u0161 daugel\u012f met\u0173 i\u0161prievartavo moter\u012f, bet nuteistas nebuvo. Moteris susilauk\u0117 dukros, kuri mir\u0117 vaikyst\u0117je nuo reto smegen\u0173 auglio. Ekshumacija atskleid\u017eia, kad mergait\u0117 palaidota be smegen\u0173. Ai\u0161kindamasis de\u0161imtme\u010di\u0173 senumo \u012fvykius Erlenduras atsiduria Genetini\u0173 tyrim\u0173 centre, kur nuo 1915 m. keliauja kiekvieno islando ligos istorija ir kraujo m\u0117giniai, kur nagrin\u0117jama DNR. Viena m\u012fsl\u0117 veda \u012f kit\u0105, o rezultatas \u2013 meistri\u0161kas detektyvas i\u0161 Skandinavi\u0161ko detektyvo elito serijos, t\u0119siantis puikias Stiego Larssono Mergina su drakono tatuiruote tradicijas\",\"breadcrumb\":{\"@id\":\"https:\/\/skaitytaknyga.lt\/produktas\/arnaldur-indridason-uznuodytas-kraujas\/#breadcrumb\"},\"inLanguage\":\"en-GB\",\"potentialAction\":[{\"@type\":\"ReadAction\",\"target\":[\"https:\/\/skaitytaknyga.lt\/produktas\/arnaldur-indridason-uznuodytas-kraujas\/\"]}]},{\"@type\":\"ImageObject\",\"inLanguage\":\"en-GB\",\"@id\":\"https:\/\/skaitytaknyga.lt\/produktas\/arnaldur-indridason-uznuodytas-kraujas\/#primaryimage\",\"url\":\"https:\/\/skaitytaknyga.lt\/wp-content\/uploads\/2024\/04\/aindridason.jpg\",\"contentUrl\":\"https:\/\/skaitytaknyga.lt\/wp-content\/uploads\/2024\/04\/aindridason.jpg\",\"width\":189,\"height\":297,\"caption\":\"aindridason\"},{\"@type\":\"BreadcrumbList\",\"@id\":\"https:\/\/skaitytaknyga.lt\/produktas\/arnaldur-indridason-uznuodytas-kraujas\/#breadcrumb\",\"itemListElement\":[{\"@type\":\"ListItem\",\"position\":1,\"name\":\"Home\",\"item\":\"https:\/\/skaitytaknyga.lt\/\"},{\"@type\":\"ListItem\",\"position\":2,\"name\":\"Parduotuv\u0117\",\"item\":\"https:\/\/skaitytaknyga.lt\/knygu-parduotuve\/\"},{\"@type\":\"ListItem\",\"position\":3,\"name\":\"U\u017enuodytas kraujas\"}]},{\"@type\":\"WebSite\",\"@id\":\"https:\/\/skaitytaknyga.lt\/#website\",\"url\":\"https:\/\/skaitytaknyga.lt\/\",\"name\":\"skaitytaknyga.lt\",\"description\":\"Skaitytaknyga.lt \u2013 tai ma\u017eas \u0161eimos verslas, kuris prasid\u0117jo nuo meil\u0117s knygoms ir siekio i\u0161gelb\u0117ti knygas nuo likimo prie konteinerio. Kas vienam nereikalingas daiktas \u2013 kitam lobis, o mes esame tarpininkai, kurie padeda abiems tapti laimingesniems ???? \u017dinome kaip nelengva i\u0161gyventi ma\u017eiems verslams, tad nuo \u0161iol, \u010dia rasite ir kit\u0173, ma\u017e\u0173 \u0161eim\u0173 versl\u0173, rank\u0173 darbo, dovan\u0173 sau ir artimiesiems.\",\"publisher\":{\"@id\":\"https:\/\/skaitytaknyga.lt\/#organization\"},\"potentialAction\":[{\"@type\":\"SearchAction\",\"target\":{\"@type\":\"EntryPoint\",\"urlTemplate\":\"https:\/\/skaitytaknyga.lt\/?s={search_term_string}\"},\"query-input\":{\"@type\":\"PropertyValueSpecification\",\"valueRequired\":true,\"valueName\":\"search_term_string\"}}],\"inLanguage\":\"en-GB\"},{\"@type\":\"Organization\",\"@id\":\"https:\/\/skaitytaknyga.lt\/#organization\",\"name\":\"skaitytaknyga.lt\",\"url\":\"https:\/\/skaitytaknyga.lt\/\",\"logo\":{\"@type\":\"ImageObject\",\"inLanguage\":\"en-GB\",\"@id\":\"https:\/\/skaitytaknyga.lt\/#\/schema\/logo\/image\/\",\"url\":\"https:\/\/skaitytaknyga.lt\/wp-content\/uploads\/2024\/05\/cropped-cropped-cropped-02_00843_jt3bggkj1j3HLc7SyY6rEUpg.jpeg\",\"contentUrl\":\"https:\/\/skaitytaknyga.lt\/wp-content\/uploads\/2024\/05\/cropped-cropped-cropped-02_00843_jt3bggkj1j3HLc7SyY6rEUpg.jpeg\",\"width\":1600,\"height\":1600,\"caption\":\"skaitytaknyga.lt\"},\"image\":{\"@id\":\"https:\/\/skaitytaknyga.lt\/#\/schema\/logo\/image\/\"},\"sameAs\":[\"https:\/\/www.facebook.com\/skaitytaknyga\/\"]}]}<\/script>\n<!-- \/ Yoast SEO plugin. -->","yoast_head_json":{"title":"U\u017enuodytas kraujas","description":"\u0161kviestas \u012f \u201ebanalios islandi\u0161kos \u017emog\u017eudyst\u0117s\u201c viet\u0105 \u2013 rastas senolis pelenine sukne\u017einta kaukole \u2013 detektyvas Erlenduras netrukus \u012fsitikina, kad viskas yra kur kas painiau nei atrodo. Ir kaltininko nepavyks rasti kaip paprastai \u2013 tiesiog paklausin\u0117jus kaimyn\u0173. Auka Holbergas prie\u0161 daugel\u012f met\u0173 i\u0161prievartavo moter\u012f, bet nuteistas nebuvo. Moteris susilauk\u0117 dukros, kuri mir\u0117 vaikyst\u0117je nuo reto smegen\u0173 auglio. Ekshumacija atskleid\u017eia, kad mergait\u0117 palaidota be smegen\u0173. Ai\u0161kindamasis de\u0161imtme\u010di\u0173 senumo \u012fvykius Erlenduras atsiduria Genetini\u0173 tyrim\u0173 centre, kur nuo 1915 m. keliauja kiekvieno islando ligos istorija ir kraujo m\u0117giniai, kur nagrin\u0117jama DNR. Viena m\u012fsl\u0117 veda \u012f kit\u0105, o rezultatas \u2013 meistri\u0161kas detektyvas i\u0161 Skandinavi\u0161ko detektyvo elito serijos, t\u0119siantis puikias Stiego Larssono Mergina su drakono tatuiruote tradicijas","robots":{"index":"index","follow":"follow","max-snippet":"max-snippet:-1","max-image-preview":"max-image-preview:large","max-video-preview":"max-video-preview:-1"},"canonical":"https:\/\/skaitytaknyga.lt\/en\/produktas\/arnaldur-indridason-uznuodytas-kraujas\/","og_locale":"en_GB","og_type":"article","og_title":"[:lt]U\u017enuodytas kraujas[:] - Skaitytaknyga","og_description":"\u0161kviestas \u012f \u201ebanalios islandi\u0161kos \u017emog\u017eudyst\u0117s\u201c viet\u0105 \u2013 rastas senolis pelenine sukne\u017einta kaukole \u2013 detektyvas Erlenduras netrukus \u012fsitikina, kad viskas yra kur kas painiau nei atrodo. Ir kaltininko nepavyks rasti kaip paprastai \u2013 tiesiog paklausin\u0117jus kaimyn\u0173. Auka Holbergas prie\u0161 daugel\u012f met\u0173 i\u0161prievartavo moter\u012f, bet nuteistas nebuvo. Moteris susilauk\u0117 dukros, kuri mir\u0117 vaikyst\u0117je nuo reto smegen\u0173 auglio. Ekshumacija atskleid\u017eia, kad mergait\u0117 palaidota be smegen\u0173. Ai\u0161kindamasis de\u0161imtme\u010di\u0173 senumo \u012fvykius Erlenduras atsiduria Genetini\u0173 tyrim\u0173 centre, kur nuo 1915 m. keliauja kiekvieno islando ligos istorija ir kraujo m\u0117giniai, kur nagrin\u0117jama DNR. Viena m\u012fsl\u0117 veda \u012f kit\u0105, o rezultatas \u2013 meistri\u0161kas detektyvas i\u0161 Skandinavi\u0161ko detektyvo elito serijos, t\u0119siantis puikias Stiego Larssono Mergina su drakono tatuiruote tradicijas","og_url":"https:\/\/skaitytaknyga.lt\/en\/produktas\/arnaldur-indridason-uznuodytas-kraujas\/","og_site_name":"Skaitytaknyga","article_publisher":"https:\/\/www.facebook.com\/skaitytaknyga\/","article_modified_time":"2026-03-05T14:00:56+00:00","og_image":[{"width":189,"height":297,"url":"https:\/\/skaitytaknyga.lt\/wp-content\/uploads\/2024\/04\/aindridason.jpg","type":"image\/jpeg"}],"twitter_card":"summary_large_image","twitter_misc":{"Estimated reading time":"1 minute"},"schema":{"@context":"https:\/\/schema.org","@graph":[{"@type":"WebPage","@id":"https:\/\/skaitytaknyga.lt\/produktas\/arnaldur-indridason-uznuodytas-kraujas\/","url":"https:\/\/skaitytaknyga.lt\/produktas\/arnaldur-indridason-uznuodytas-kraujas\/","name":"U\u017enuodytas kraujas","isPartOf":{"@id":"https:\/\/skaitytaknyga.lt\/#website"},"primaryImageOfPage":{"@id":"https:\/\/skaitytaknyga.lt\/produktas\/arnaldur-indridason-uznuodytas-kraujas\/#primaryimage"},"image":{"@id":"https:\/\/skaitytaknyga.lt\/produktas\/arnaldur-indridason-uznuodytas-kraujas\/#primaryimage"},"thumbnailUrl":"https:\/\/skaitytaknyga.lt\/wp-content\/uploads\/2024\/04\/aindridason.jpg","datePublished":"2024-04-17T13:06:27+00:00","dateModified":"2026-03-05T14:00:56+00:00","description":"\u0161kviestas \u012f \u201ebanalios islandi\u0161kos \u017emog\u017eudyst\u0117s\u201c viet\u0105 \u2013 rastas senolis pelenine sukne\u017einta kaukole \u2013 detektyvas Erlenduras netrukus \u012fsitikina, kad viskas yra kur kas painiau nei atrodo. Ir kaltininko nepavyks rasti kaip paprastai \u2013 tiesiog paklausin\u0117jus kaimyn\u0173. Auka Holbergas prie\u0161 daugel\u012f met\u0173 i\u0161prievartavo moter\u012f, bet nuteistas nebuvo. Moteris susilauk\u0117 dukros, kuri mir\u0117 vaikyst\u0117je nuo reto smegen\u0173 auglio. Ekshumacija atskleid\u017eia, kad mergait\u0117 palaidota be smegen\u0173. Ai\u0161kindamasis de\u0161imtme\u010di\u0173 senumo \u012fvykius Erlenduras atsiduria Genetini\u0173 tyrim\u0173 centre, kur nuo 1915 m. keliauja kiekvieno islando ligos istorija ir kraujo m\u0117giniai, kur nagrin\u0117jama DNR. Viena m\u012fsl\u0117 veda \u012f kit\u0105, o rezultatas \u2013 meistri\u0161kas detektyvas i\u0161 Skandinavi\u0161ko detektyvo elito serijos, t\u0119siantis puikias Stiego Larssono Mergina su drakono tatuiruote tradicijas","breadcrumb":{"@id":"https:\/\/skaitytaknyga.lt\/produktas\/arnaldur-indridason-uznuodytas-kraujas\/#breadcrumb"},"inLanguage":"en-GB","potentialAction":[{"@type":"ReadAction","target":["https:\/\/skaitytaknyga.lt\/produktas\/arnaldur-indridason-uznuodytas-kraujas\/"]}]},{"@type":"ImageObject","inLanguage":"en-GB","@id":"https:\/\/skaitytaknyga.lt\/produktas\/arnaldur-indridason-uznuodytas-kraujas\/#primaryimage","url":"https:\/\/skaitytaknyga.lt\/wp-content\/uploads\/2024\/04\/aindridason.jpg","contentUrl":"https:\/\/skaitytaknyga.lt\/wp-content\/uploads\/2024\/04\/aindridason.jpg","width":189,"height":297,"caption":"aindridason"},{"@type":"BreadcrumbList","@id":"https:\/\/skaitytaknyga.lt\/produktas\/arnaldur-indridason-uznuodytas-kraujas\/#breadcrumb","itemListElement":[{"@type":"ListItem","position":1,"name":"Home","item":"https:\/\/skaitytaknyga.lt\/"},{"@type":"ListItem","position":2,"name":"Parduotuv\u0117","item":"https:\/\/skaitytaknyga.lt\/knygu-parduotuve\/"},{"@type":"ListItem","position":3,"name":"U\u017enuodytas kraujas"}]},{"@type":"WebSite","@id":"https:\/\/skaitytaknyga.lt\/#website","url":"https:\/\/skaitytaknyga.lt\/","name":"skaitytaknyga.lt","description":"Skaitytaknyga.lt \u2013 tai ma\u017eas \u0161eimos verslas, kuris prasid\u0117jo nuo meil\u0117s knygoms ir siekio i\u0161gelb\u0117ti knygas nuo likimo prie konteinerio. Kas vienam nereikalingas daiktas \u2013 kitam lobis, o mes esame tarpininkai, kurie padeda abiems tapti laimingesniems ???? \u017dinome kaip nelengva i\u0161gyventi ma\u017eiems verslams, tad nuo \u0161iol, \u010dia rasite ir kit\u0173, ma\u017e\u0173 \u0161eim\u0173 versl\u0173, rank\u0173 darbo, dovan\u0173 sau ir artimiesiems.","publisher":{"@id":"https:\/\/skaitytaknyga.lt\/#organization"},"potentialAction":[{"@type":"SearchAction","target":{"@type":"EntryPoint","urlTemplate":"https:\/\/skaitytaknyga.lt\/?s={search_term_string}"},"query-input":{"@type":"PropertyValueSpecification","valueRequired":true,"valueName":"search_term_string"}}],"inLanguage":"en-GB"},{"@type":"Organization","@id":"https:\/\/skaitytaknyga.lt\/#organization","name":"skaitytaknyga.lt","url":"https:\/\/skaitytaknyga.lt\/","logo":{"@type":"ImageObject","inLanguage":"en-GB","@id":"https:\/\/skaitytaknyga.lt\/#\/schema\/logo\/image\/","url":"https:\/\/skaitytaknyga.lt\/wp-content\/uploads\/2024\/05\/cropped-cropped-cropped-02_00843_jt3bggkj1j3HLc7SyY6rEUpg.jpeg","contentUrl":"https:\/\/skaitytaknyga.lt\/wp-content\/uploads\/2024\/05\/cropped-cropped-cropped-02_00843_jt3bggkj1j3HLc7SyY6rEUpg.jpeg","width":1600,"height":1600,"caption":"skaitytaknyga.lt"},"image":{"@id":"https:\/\/skaitytaknyga.lt\/#\/schema\/logo\/image\/"},"sameAs":["https:\/\/www.facebook.com\/skaitytaknyga\/"]}]}},"_links":{"self":[{"href":"https:\/\/skaitytaknyga.lt\/en\/wp-json\/wp\/v2\/product\/2216","targetHints":{"allow":["GET"]}}],"collection":[{"href":"https:\/\/skaitytaknyga.lt\/en\/wp-json\/wp\/v2\/product"}],"about":[{"href":"https:\/\/skaitytaknyga.lt\/en\/wp-json\/wp\/v2\/types\/product"}],"replies":[{"embeddable":true,"href":"https:\/\/skaitytaknyga.lt\/en\/wp-json\/wp\/v2\/comments?post=2216"}],"wp:featuredmedia":[{"embeddable":true,"href":"https:\/\/skaitytaknyga.lt\/en\/wp-json\/wp\/v2\/media\/2264"}],"wp:attachment":[{"href":"https:\/\/skaitytaknyga.lt\/en\/wp-json\/wp\/v2\/media?parent=2216"}],"wp:term":[{"taxonomy":"product_brand","embeddable":true,"href":"https:\/\/skaitytaknyga.lt\/en\/wp-json\/wp\/v2\/product_brand?post=2216"},{"taxonomy":"product_cat","embeddable":true,"href":"https:\/\/skaitytaknyga.lt\/en\/wp-json\/wp\/v2\/product_cat?post=2216"},{"taxonomy":"product_tag","embeddable":true,"href":"https:\/\/skaitytaknyga.lt\/en\/wp-json\/wp\/v2\/product_tag?post=2216"}],"curies":[{"name":"wp","href":"https:\/\/api.w.org\/{rel}","templated":true}]}}