{"id":22151,"date":"2025-11-30T11:38:25","date_gmt":"2025-11-30T09:38:25","guid":{"rendered":"https:\/\/skaitytaknyga.lt\/?post_type=product&#038;p=22151"},"modified":"2026-03-06T16:25:00","modified_gmt":"2026-03-06T14:25:00","slug":"programavimo-pradmenu-uzdavinynas","status":"publish","type":"product","link":"https:\/\/skaitytaknyga.lt\/en\/produktas\/programavimo-pradmenu-uzdavinynas\/","title":{"rendered":"Programavimo pradmen\u0173 u\u017edavinynas"},"content":{"rendered":"<p>Programavimas \u2013 itin k\u016brybi\u0161ka \u017emogaus veiklos sritis. Tam pa\u010diam u\u017edaviniui galima para\u0161yti ne vien\u0105 algoritm\u0105. Ta\u010diau i\u0161mokyti k\u016brybi\u0161kumo ne\u012fmanoma. Jo galima tik i\u0161mokti.<\/p>\n<p>Tikim\u0117s, kad \u0161is u\u017edavinynas ir bus naudingas tokiam mokymuisi \u2013 pirma susipa\u017e\u012fstant su tuo, kas jau padaryta, po to m\u0117ginant k\u0105 nors pa\u010diam padaryti.<\/p>\n","protected":false},"excerpt":{"rendered":"<p>Programavimas \u2013 itin k\u016brybi\u0161ka \u017emogaus veiklos sritis. Tam pa\u010diam u\u017edaviniui galima para\u0161yti ne vien\u0105 algoritm\u0105. Ta\u010diau i\u0161mokyti k\u016brybi\u0161kumo ne\u012fmanoma. Jo galima tik i\u0161mokti. Tikim\u0117s, kad \u0161is u\u017edavinynas ir bus naudingas tokiam mokymuisi \u2013 pirma susipa\u017e\u012fstant su tuo, kas jau padaryta, po to m\u0117ginant k\u0105 nors pa\u010diam padaryti.<\/p>\n","protected":false},"featured_media":22157,"comment_status":"open","ping_status":"closed","template":"","meta":{"_acf_changed":false,"site-sidebar-layout":"default","site-content-layout":"","ast-site-content-layout":"default","site-content-style":"default","site-sidebar-style":"default","ast-global-header-display":"","ast-banner-title-visibility":"","ast-main-header-display":"","ast-hfb-above-header-display":"","ast-hfb-below-header-display":"","ast-hfb-mobile-header-display":"","site-post-title":"","ast-breadcrumbs-content":"","ast-featured-img":"","footer-sml-layout":"","ast-disable-related-posts":"","theme-transparent-header-meta":"","adv-header-id-meta":"","stick-header-meta":"","header-above-stick-meta":"","header-main-stick-meta":"","header-below-stick-meta":"","astra-migrate-meta-layouts":"default","ast-page-background-enabled":"default","ast-page-background-meta":{"desktop":{"background-color":"","background-image":"","background-repeat":"repeat","background-position":"center center","background-size":"auto","background-attachment":"scroll","background-type":"","background-media":"","overlay-type":"","overlay-color":"","overlay-opacity":"","overlay-gradient":""},"tablet":{"background-color":"","background-image":"","background-repeat":"repeat","background-position":"center center","background-size":"auto","background-attachment":"scroll","background-type":"","background-media":"","overlay-type":"","overlay-color":"","overlay-opacity":"","overlay-gradient":""},"mobile":{"background-color":"","background-image":"","background-repeat":"repeat","background-position":"center center","background-size":"auto","background-attachment":"scroll","background-type":"","background-media":"","overlay-type":"","overlay-color":"","overlay-opacity":"","overlay-gradient":""}},"ast-content-background-meta":{"desktop":{"background-color":"var(--ast-global-color-4)","background-image":"","background-repeat":"repeat","background-position":"center center","background-size":"auto","background-attachment":"scroll","background-type":"","background-media":"","overlay-type":"","overlay-color":"","overlay-opacity":"","overlay-gradient":""},"tablet":{"background-color":"var(--ast-global-color-4)","background-image":"","background-repeat":"repeat","background-position":"center center","background-size":"auto","background-attachment":"scroll","background-type":"","background-media":"","overlay-type":"","overlay-color":"","overlay-opacity":"","overlay-gradient":""},"mobile":{"background-color":"var(--ast-global-color-4)","background-image":"","background-repeat":"repeat","background-position":"center center","background-size":"auto","background-attachment":"scroll","background-type":"","background-media":"","overlay-type":"","overlay-color":"","overlay-opacity":"","overlay-gradient":""}}},"product_brand":[],"product_cat":[269],"product_tag":[],"class_list":{"0":"post-22151","1":"product","2":"type-product","3":"status-publish","4":"has-post-thumbnail","6":"product_cat-gamtos-mokslai","7":"desktop-align-left","8":"tablet-align-left","9":"mobile-align-left","11":"first","12":"instock","13":"shipping-taxable","14":"purchasable","15":"product-type-simple"},"acf":[],"yoast_head":"<!-- This site is optimized with the Yoast SEO plugin v27.0 - https:\/\/yoast.com\/product\/yoast-seo-wordpress\/ -->\n<title>Programavimo pradmen\u0173 u\u017edavinynas<\/title>\n<meta name=\"description\" content=\"Programavimas \u2013 itin k\u016brybi\u0161ka \u017emogaus veiklos sritis. Tam pa\u010diam u\u017edaviniui galima para\u0161yti ne vien\u0105 algoritm\u0105. Ta\u010diau i\u0161mokyti k\u016brybi\u0161kumo ne\u012fmanoma. Jo\" \/>\n<meta name=\"robots\" content=\"index, follow, max-snippet:-1, max-image-preview:large, max-video-preview:-1\" \/>\n<link rel=\"canonical\" href=\"https:\/\/skaitytaknyga.lt\/en\/produktas\/programavimo-pradmenu-uzdavinynas\/\" \/>\n<meta property=\"og:locale\" content=\"en_GB\" \/>\n<meta property=\"og:locale:alternate\" content=\"lt_LT\" \/>\n<meta property=\"og:type\" content=\"article\" \/>\n<meta property=\"og:title\" content=\"Programavimo pradmen\u0173 u\u017edavinynas\" \/>\n<meta property=\"og:description\" content=\"Programavimas \u2013 itin k\u016brybi\u0161ka \u017emogaus veiklos sritis. Tam pa\u010diam u\u017edaviniui galima para\u0161yti ne vien\u0105 algoritm\u0105. Ta\u010diau i\u0161mokyti k\u016brybi\u0161kumo ne\u012fmanoma. Jo\" \/>\n<meta property=\"og:url\" content=\"https:\/\/skaitytaknyga.lt\/en\/produktas\/programavimo-pradmenu-uzdavinynas\/\" \/>\n<meta property=\"og:site_name\" content=\"Skaitytaknyga\" \/>\n<meta property=\"article:publisher\" content=\"https:\/\/www.facebook.com\/skaitytaknyga\/\" \/>\n<meta property=\"article:modified_time\" content=\"2026-03-06T14:25:00+00:00\" \/>\n<meta property=\"og:image\" content=\"https:\/\/skaitytaknyga.lt\/wp-content\/uploads\/2025\/11\/Programavimo-pradmenu-uzdavinynas-1.webp\" \/>\n\t<meta property=\"og:image:width\" content=\"269\" \/>\n\t<meta property=\"og:image:height\" content=\"379\" \/>\n\t<meta property=\"og:image:type\" content=\"image\/webp\" \/>\n<meta name=\"twitter:card\" content=\"summary_large_image\" \/>\n<script type=\"application\/ld+json\" class=\"yoast-schema-graph\">{\"@context\":\"https:\/\/schema.org\",\"@graph\":[{\"@type\":\"WebPage\",\"@id\":\"https:\/\/skaitytaknyga.lt\/produktas\/programavimo-pradmenu-uzdavinynas\/\",\"url\":\"https:\/\/skaitytaknyga.lt\/produktas\/programavimo-pradmenu-uzdavinynas\/\",\"name\":\"Programavimo pradmen\u0173 u\u017edavinynas\",\"isPartOf\":{\"@id\":\"https:\/\/skaitytaknyga.lt\/#website\"},\"primaryImageOfPage\":{\"@id\":\"https:\/\/skaitytaknyga.lt\/produktas\/programavimo-pradmenu-uzdavinynas\/#primaryimage\"},\"image\":{\"@id\":\"https:\/\/skaitytaknyga.lt\/produktas\/programavimo-pradmenu-uzdavinynas\/#primaryimage\"},\"thumbnailUrl\":\"https:\/\/skaitytaknyga.lt\/wp-content\/uploads\/2025\/11\/Programavimo-pradmenu-uzdavinynas-1.webp\",\"datePublished\":\"2025-11-30T09:38:25+00:00\",\"dateModified\":\"2026-03-06T14:25:00+00:00\",\"description\":\"Programavimas \u2013 itin k\u016brybi\u0161ka \u017emogaus veiklos sritis. Tam pa\u010diam u\u017edaviniui galima para\u0161yti ne vien\u0105 algoritm\u0105. Ta\u010diau i\u0161mokyti k\u016brybi\u0161kumo ne\u012fmanoma. Jo\",\"breadcrumb\":{\"@id\":\"https:\/\/skaitytaknyga.lt\/produktas\/programavimo-pradmenu-uzdavinynas\/#breadcrumb\"},\"inLanguage\":\"en-GB\",\"potentialAction\":[{\"@type\":\"ReadAction\",\"target\":[\"https:\/\/skaitytaknyga.lt\/produktas\/programavimo-pradmenu-uzdavinynas\/\"]}]},{\"@type\":\"ImageObject\",\"inLanguage\":\"en-GB\",\"@id\":\"https:\/\/skaitytaknyga.lt\/produktas\/programavimo-pradmenu-uzdavinynas\/#primaryimage\",\"url\":\"https:\/\/skaitytaknyga.lt\/wp-content\/uploads\/2025\/11\/Programavimo-pradmenu-uzdavinynas-1.webp\",\"contentUrl\":\"https:\/\/skaitytaknyga.lt\/wp-content\/uploads\/2025\/11\/Programavimo-pradmenu-uzdavinynas-1.webp\",\"width\":269,\"height\":379},{\"@type\":\"BreadcrumbList\",\"@id\":\"https:\/\/skaitytaknyga.lt\/produktas\/programavimo-pradmenu-uzdavinynas\/#breadcrumb\",\"itemListElement\":[{\"@type\":\"ListItem\",\"position\":1,\"name\":\"Home\",\"item\":\"https:\/\/skaitytaknyga.lt\/\"},{\"@type\":\"ListItem\",\"position\":2,\"name\":\"Parduotuv\u0117\",\"item\":\"https:\/\/skaitytaknyga.lt\/knygu-parduotuve\/\"},{\"@type\":\"ListItem\",\"position\":3,\"name\":\"Programavimo pradmen\u0173 u\u017edavinynas\"}]},{\"@type\":\"WebSite\",\"@id\":\"https:\/\/skaitytaknyga.lt\/#website\",\"url\":\"https:\/\/skaitytaknyga.lt\/\",\"name\":\"skaitytaknyga.lt\",\"description\":\"Skaitytaknyga.lt \u2013 tai ma\u017eas \u0161eimos verslas, kuris prasid\u0117jo nuo meil\u0117s knygoms ir siekio i\u0161gelb\u0117ti knygas nuo likimo prie konteinerio. Kas vienam nereikalingas daiktas \u2013 kitam lobis, o mes esame tarpininkai, kurie padeda abiems tapti laimingesniems ???? \u017dinome kaip nelengva i\u0161gyventi ma\u017eiems verslams, tad nuo \u0161iol, \u010dia rasite ir kit\u0173, ma\u017e\u0173 \u0161eim\u0173 versl\u0173, rank\u0173 darbo, dovan\u0173 sau ir artimiesiems.\",\"publisher\":{\"@id\":\"https:\/\/skaitytaknyga.lt\/#organization\"},\"potentialAction\":[{\"@type\":\"SearchAction\",\"target\":{\"@type\":\"EntryPoint\",\"urlTemplate\":\"https:\/\/skaitytaknyga.lt\/?s={search_term_string}\"},\"query-input\":{\"@type\":\"PropertyValueSpecification\",\"valueRequired\":true,\"valueName\":\"search_term_string\"}}],\"inLanguage\":\"en-GB\"},{\"@type\":\"Organization\",\"@id\":\"https:\/\/skaitytaknyga.lt\/#organization\",\"name\":\"skaitytaknyga.lt\",\"url\":\"https:\/\/skaitytaknyga.lt\/\",\"logo\":{\"@type\":\"ImageObject\",\"inLanguage\":\"en-GB\",\"@id\":\"https:\/\/skaitytaknyga.lt\/#\/schema\/logo\/image\/\",\"url\":\"https:\/\/skaitytaknyga.lt\/wp-content\/uploads\/2024\/05\/cropped-cropped-cropped-02_00843_jt3bggkj1j3HLc7SyY6rEUpg.jpeg\",\"contentUrl\":\"https:\/\/skaitytaknyga.lt\/wp-content\/uploads\/2024\/05\/cropped-cropped-cropped-02_00843_jt3bggkj1j3HLc7SyY6rEUpg.jpeg\",\"width\":1600,\"height\":1600,\"caption\":\"skaitytaknyga.lt\"},\"image\":{\"@id\":\"https:\/\/skaitytaknyga.lt\/#\/schema\/logo\/image\/\"},\"sameAs\":[\"https:\/\/www.facebook.com\/skaitytaknyga\/\"]}]}<\/script>\n<!-- \/ Yoast SEO plugin. -->","yoast_head_json":{"title":"Programavimo pradmen\u0173 u\u017edavinynas","description":"Programavimas \u2013 itin k\u016brybi\u0161ka \u017emogaus veiklos sritis. Tam pa\u010diam u\u017edaviniui galima para\u0161yti ne vien\u0105 algoritm\u0105. Ta\u010diau i\u0161mokyti k\u016brybi\u0161kumo ne\u012fmanoma. Jo","robots":{"index":"index","follow":"follow","max-snippet":"max-snippet:-1","max-image-preview":"max-image-preview:large","max-video-preview":"max-video-preview:-1"},"canonical":"https:\/\/skaitytaknyga.lt\/en\/produktas\/programavimo-pradmenu-uzdavinynas\/","og_locale":"en_GB","og_type":"article","og_title":"[:lt]Programavimo pradmen\u0173 u\u017edavinynas[:] - Skaitytaknyga","og_description":"Programavimas \u2013 itin k\u016brybi\u0161ka \u017emogaus veiklos sritis. Tam pa\u010diam u\u017edaviniui galima para\u0161yti ne vien\u0105 algoritm\u0105. Ta\u010diau i\u0161mokyti k\u016brybi\u0161kumo ne\u012fmanoma. Jo","og_url":"https:\/\/skaitytaknyga.lt\/en\/produktas\/programavimo-pradmenu-uzdavinynas\/","og_site_name":"Skaitytaknyga","article_publisher":"https:\/\/www.facebook.com\/skaitytaknyga\/","article_modified_time":"2026-03-06T14:25:00+00:00","og_image":[{"width":269,"height":379,"url":"https:\/\/skaitytaknyga.lt\/wp-content\/uploads\/2025\/11\/Programavimo-pradmenu-uzdavinynas-1.webp","type":"image\/webp"}],"twitter_card":"summary_large_image","schema":{"@context":"https:\/\/schema.org","@graph":[{"@type":"WebPage","@id":"https:\/\/skaitytaknyga.lt\/produktas\/programavimo-pradmenu-uzdavinynas\/","url":"https:\/\/skaitytaknyga.lt\/produktas\/programavimo-pradmenu-uzdavinynas\/","name":"Programavimo pradmen\u0173 u\u017edavinynas","isPartOf":{"@id":"https:\/\/skaitytaknyga.lt\/#website"},"primaryImageOfPage":{"@id":"https:\/\/skaitytaknyga.lt\/produktas\/programavimo-pradmenu-uzdavinynas\/#primaryimage"},"image":{"@id":"https:\/\/skaitytaknyga.lt\/produktas\/programavimo-pradmenu-uzdavinynas\/#primaryimage"},"thumbnailUrl":"https:\/\/skaitytaknyga.lt\/wp-content\/uploads\/2025\/11\/Programavimo-pradmenu-uzdavinynas-1.webp","datePublished":"2025-11-30T09:38:25+00:00","dateModified":"2026-03-06T14:25:00+00:00","description":"Programavimas \u2013 itin k\u016brybi\u0161ka \u017emogaus veiklos sritis. Tam pa\u010diam u\u017edaviniui galima para\u0161yti ne vien\u0105 algoritm\u0105. Ta\u010diau i\u0161mokyti k\u016brybi\u0161kumo ne\u012fmanoma. Jo","breadcrumb":{"@id":"https:\/\/skaitytaknyga.lt\/produktas\/programavimo-pradmenu-uzdavinynas\/#breadcrumb"},"inLanguage":"en-GB","potentialAction":[{"@type":"ReadAction","target":["https:\/\/skaitytaknyga.lt\/produktas\/programavimo-pradmenu-uzdavinynas\/"]}]},{"@type":"ImageObject","inLanguage":"en-GB","@id":"https:\/\/skaitytaknyga.lt\/produktas\/programavimo-pradmenu-uzdavinynas\/#primaryimage","url":"https:\/\/skaitytaknyga.lt\/wp-content\/uploads\/2025\/11\/Programavimo-pradmenu-uzdavinynas-1.webp","contentUrl":"https:\/\/skaitytaknyga.lt\/wp-content\/uploads\/2025\/11\/Programavimo-pradmenu-uzdavinynas-1.webp","width":269,"height":379},{"@type":"BreadcrumbList","@id":"https:\/\/skaitytaknyga.lt\/produktas\/programavimo-pradmenu-uzdavinynas\/#breadcrumb","itemListElement":[{"@type":"ListItem","position":1,"name":"Home","item":"https:\/\/skaitytaknyga.lt\/"},{"@type":"ListItem","position":2,"name":"Parduotuv\u0117","item":"https:\/\/skaitytaknyga.lt\/knygu-parduotuve\/"},{"@type":"ListItem","position":3,"name":"Programavimo pradmen\u0173 u\u017edavinynas"}]},{"@type":"WebSite","@id":"https:\/\/skaitytaknyga.lt\/#website","url":"https:\/\/skaitytaknyga.lt\/","name":"skaitytaknyga.lt","description":"Skaitytaknyga.lt \u2013 tai ma\u017eas \u0161eimos verslas, kuris prasid\u0117jo nuo meil\u0117s knygoms ir siekio i\u0161gelb\u0117ti knygas nuo likimo prie konteinerio. Kas vienam nereikalingas daiktas \u2013 kitam lobis, o mes esame tarpininkai, kurie padeda abiems tapti laimingesniems ???? \u017dinome kaip nelengva i\u0161gyventi ma\u017eiems verslams, tad nuo \u0161iol, \u010dia rasite ir kit\u0173, ma\u017e\u0173 \u0161eim\u0173 versl\u0173, rank\u0173 darbo, dovan\u0173 sau ir artimiesiems.","publisher":{"@id":"https:\/\/skaitytaknyga.lt\/#organization"},"potentialAction":[{"@type":"SearchAction","target":{"@type":"EntryPoint","urlTemplate":"https:\/\/skaitytaknyga.lt\/?s={search_term_string}"},"query-input":{"@type":"PropertyValueSpecification","valueRequired":true,"valueName":"search_term_string"}}],"inLanguage":"en-GB"},{"@type":"Organization","@id":"https:\/\/skaitytaknyga.lt\/#organization","name":"skaitytaknyga.lt","url":"https:\/\/skaitytaknyga.lt\/","logo":{"@type":"ImageObject","inLanguage":"en-GB","@id":"https:\/\/skaitytaknyga.lt\/#\/schema\/logo\/image\/","url":"https:\/\/skaitytaknyga.lt\/wp-content\/uploads\/2024\/05\/cropped-cropped-cropped-02_00843_jt3bggkj1j3HLc7SyY6rEUpg.jpeg","contentUrl":"https:\/\/skaitytaknyga.lt\/wp-content\/uploads\/2024\/05\/cropped-cropped-cropped-02_00843_jt3bggkj1j3HLc7SyY6rEUpg.jpeg","width":1600,"height":1600,"caption":"skaitytaknyga.lt"},"image":{"@id":"https:\/\/skaitytaknyga.lt\/#\/schema\/logo\/image\/"},"sameAs":["https:\/\/www.facebook.com\/skaitytaknyga\/"]}]}},"_links":{"self":[{"href":"https:\/\/skaitytaknyga.lt\/en\/wp-json\/wp\/v2\/product\/22151","targetHints":{"allow":["GET"]}}],"collection":[{"href":"https:\/\/skaitytaknyga.lt\/en\/wp-json\/wp\/v2\/product"}],"about":[{"href":"https:\/\/skaitytaknyga.lt\/en\/wp-json\/wp\/v2\/types\/product"}],"replies":[{"embeddable":true,"href":"https:\/\/skaitytaknyga.lt\/en\/wp-json\/wp\/v2\/comments?post=22151"}],"wp:featuredmedia":[{"embeddable":true,"href":"https:\/\/skaitytaknyga.lt\/en\/wp-json\/wp\/v2\/media\/22157"}],"wp:attachment":[{"href":"https:\/\/skaitytaknyga.lt\/en\/wp-json\/wp\/v2\/media?parent=22151"}],"wp:term":[{"taxonomy":"product_brand","embeddable":true,"href":"https:\/\/skaitytaknyga.lt\/en\/wp-json\/wp\/v2\/product_brand?post=22151"},{"taxonomy":"product_cat","embeddable":true,"href":"https:\/\/skaitytaknyga.lt\/en\/wp-json\/wp\/v2\/product_cat?post=22151"},{"taxonomy":"product_tag","embeddable":true,"href":"https:\/\/skaitytaknyga.lt\/en\/wp-json\/wp\/v2\/product_tag?post=22151"}],"curies":[{"name":"wp","href":"https:\/\/api.w.org\/{rel}","templated":true}]}}