{"id":22140,"date":"2025-11-29T13:29:15","date_gmt":"2025-11-29T11:29:15","guid":{"rendered":"https:\/\/skaitytaknyga.lt\/?post_type=product&#038;p=22140"},"modified":"2025-11-30T12:03:52","modified_gmt":"2025-11-30T10:03:52","slug":"10-auksiniu-mados-rakteliu-ieskanciai-savo-stiliaus","status":"publish","type":"product","link":"https:\/\/skaitytaknyga.lt\/en\/produktas\/10-auksiniu-mados-rakteliu-ieskanciai-savo-stiliaus\/","title":{"rendered":"10 auksini\u0173 mados rakteli\u0173 ie\u0161kan\u010diai savo stiliaus (yra nedideli\u0173 vir\u0161elio defekt\u0173)"},"content":{"rendered":"<p>\u201e10 auksini\u0173 mados rakteli\u0173 ie\u0161kan\u010diai savito stiliaus&#8221; yra knyga apie 10 tendencijoms nepavald\u017ei\u0173 mados stili\u0173: i\u0161 kur jie atsirado, kas j\u0173 esm\u0117, kaip juos atpa\u017einti \u2013 j\u0173 istorija, prietarai, socialiniai aspektai. Dar aptariamos taisykl\u0117s \u2013 ir tos, kurias galima lau\u017eyti, ir tos, kurias ver\u010diau \u012fsiminti.<\/p>\n<p>Taip pat skiriama d\u0117mesio \u0161iuolaikin\u0117ms mados ikonoms ir mados \u017eodynui. Visa tai autor\u0117 pateikia remdamasi asmenine patirtimi \u2013 pasakodama apie savo darb\u0105 Kalifornijos San Diego dail\u0117s institute, amerikie\u010di\u0173 ir japon\u0173 stiliaus atradimus, keliones, susitikimus su \u012fkvepian\u010diais \u017emon\u0117mis ir tiesiog paprast\u0105 kasdienyb\u0119. Paprastai, lengvai \u2013 apie rimtus ir unikalius mados dalykus.<\/p>\n<p>\u201eMad\u0105 myliu ne ma\u017eiau nei maist\u0105, tad kai kurios stiliaus istorijos tarsi rado ir savo atitikmen\u012f virtuv\u0117je \u2013 patiekal\u0105 su istorija. Nor\u0117\u010diau, kad \u0161ie 300 puslapi\u0173, prikim\u0161t\u0173 nuotrauk\u0173 ir iliustracij\u0173, i\u0161sklaidyt\u0173 mados baimes, pad\u0117t\u0173 j\u0105 suprasti ir atrasti savo stili\u0173&#8221;, \u2013 sako autor\u0117.<\/p>\n","protected":false},"excerpt":{"rendered":"<p>\u201e10 auksini\u0173 mados rakteli\u0173 ie\u0161kan\u010diai savito stiliaus&#8221; yra knyga apie 10 tendencijoms nepavald\u017ei\u0173 mados stili\u0173: i\u0161 kur jie atsirado, kas j\u0173 esm\u0117, kaip juos atpa\u017einti \u2013 j\u0173 istorija, prietarai, socialiniai aspektai. Dar aptariamos taisykl\u0117s \u2013 ir tos, kurias galima lau\u017eyti, ir tos, kurias ver\u010diau \u012fsiminti. Taip pat skiriama d\u0117mesio \u0161iuolaikin\u0117ms mados ikonoms ir mados \u017eodynui. Visa tai autor\u0117 pateikia remdamasi asmenine patirtimi \u2013 pasakodama apie savo darb\u0105 Kalifornijos San Diego dail\u0117s institute, amerikie\u010di\u0173 ir japon\u0173 stiliaus atradimus, keliones, susitikimus su \u012fkvepian\u010diais \u017emon\u0117mis ir tiesiog paprast\u0105 kasdienyb\u0119. Paprastai, lengvai \u2013 apie rimtus ir unikalius mados dalykus. \u201eMad\u0105 myliu ne ma\u017eiau nei maist\u0105, tad kai kurios stiliaus istorijos tarsi rado ir savo atitikmen\u012f virtuv\u0117je \u2013 patiekal\u0105 su istorija. Nor\u0117\u010diau, kad \u0161ie 300 puslapi\u0173, prikim\u0161t\u0173 nuotrauk\u0173 ir iliustracij\u0173, i\u0161sklaidyt\u0173 mados baimes, pad\u0117t\u0173 j\u0105 suprasti ir atrasti savo stili\u0173&#8221;, \u2013 sako autor\u0117.<\/p>\n","protected":false},"featured_media":22145,"comment_status":"open","ping_status":"closed","template":"","meta":{"_acf_changed":false,"site-sidebar-layout":"default","site-content-layout":"","ast-site-content-layout":"default","site-content-style":"default","site-sidebar-style":"default","ast-global-header-display":"","ast-banner-title-visibility":"","ast-main-header-display":"","ast-hfb-above-header-display":"","ast-hfb-below-header-display":"","ast-hfb-mobile-header-display":"","site-post-title":"","ast-breadcrumbs-content":"","ast-featured-img":"","footer-sml-layout":"","ast-disable-related-posts":"","theme-transparent-header-meta":"","adv-header-id-meta":"","stick-header-meta":"","header-above-stick-meta":"","header-main-stick-meta":"","header-below-stick-meta":"","astra-migrate-meta-layouts":"default","ast-page-background-enabled":"default","ast-page-background-meta":{"desktop":{"background-color":"","background-image":"","background-repeat":"repeat","background-position":"center center","background-size":"auto","background-attachment":"scroll","background-type":"","background-media":"","overlay-type":"","overlay-color":"","overlay-opacity":"","overlay-gradient":""},"tablet":{"background-color":"","background-image":"","background-repeat":"repeat","background-position":"center center","background-size":"auto","background-attachment":"scroll","background-type":"","background-media":"","overlay-type":"","overlay-color":"","overlay-opacity":"","overlay-gradient":""},"mobile":{"background-color":"","background-image":"","background-repeat":"repeat","background-position":"center center","background-size":"auto","background-attachment":"scroll","background-type":"","background-media":"","overlay-type":"","overlay-color":"","overlay-opacity":"","overlay-gradient":""}},"ast-content-background-meta":{"desktop":{"background-color":"var(--ast-global-color-4)","background-image":"","background-repeat":"repeat","background-position":"center center","background-size":"auto","background-attachment":"scroll","background-type":"","background-media":"","overlay-type":"","overlay-color":"","overlay-opacity":"","overlay-gradient":""},"tablet":{"background-color":"var(--ast-global-color-4)","background-image":"","background-repeat":"repeat","background-position":"center center","background-size":"auto","background-attachment":"scroll","background-type":"","background-media":"","overlay-type":"","overlay-color":"","overlay-opacity":"","overlay-gradient":""},"mobile":{"background-color":"var(--ast-global-color-4)","background-image":"","background-repeat":"repeat","background-position":"center center","background-size":"auto","background-attachment":"scroll","background-type":"","background-media":"","overlay-type":"","overlay-color":"","overlay-opacity":"","overlay-gradient":""}}},"product_brand":[],"product_cat":[15],"product_tag":[],"class_list":{"0":"post-22140","1":"product","2":"type-product","3":"status-publish","4":"has-post-thumbnail","6":"product_cat-uncategorized","7":"desktop-align-left","8":"tablet-align-left","9":"mobile-align-left","11":"first","12":"instock","13":"shipping-taxable","14":"purchasable","15":"product-type-simple"},"acf":[],"yoast_head":"<!-- This site is optimized with the Yoast SEO plugin v27.0 - https:\/\/yoast.com\/product\/yoast-seo-wordpress\/ -->\n<title>10 auksini\u0173 mados rakteli\u0173 ie\u0161kan\u010diai savo stiliaus (yra nedideli\u0173 vir\u0161elio defekt\u0173)<\/title>\n<meta name=\"description\" content=\"\u201e10 auksini\u0173 mados rakteli\u0173 ie\u0161kan\u010diai savito stiliaus&quot; yra knyga apie 10 tendencijoms nepavald\u017ei\u0173 mados stili\u0173: i\u0161 kur jie atsirado, kas j\u0173 esm\u0117, kaip\" \/>\n<meta name=\"robots\" content=\"index, follow, max-snippet:-1, max-image-preview:large, max-video-preview:-1\" \/>\n<link rel=\"canonical\" href=\"https:\/\/skaitytaknyga.lt\/en\/produktas\/10-auksiniu-mados-rakteliu-ieskanciai-savo-stiliaus\/\" \/>\n<meta property=\"og:locale\" content=\"en_GB\" \/>\n<meta property=\"og:locale:alternate\" content=\"lt_LT\" \/>\n<meta property=\"og:type\" content=\"article\" \/>\n<meta property=\"og:title\" content=\"10 auksini\u0173 mados rakteli\u0173 ie\u0161kan\u010diai savo stiliaus (yra nedideli\u0173 vir\u0161elio defekt\u0173)\" \/>\n<meta property=\"og:description\" content=\"\u201e10 auksini\u0173 mados rakteli\u0173 ie\u0161kan\u010diai savito stiliaus&quot; yra knyga apie 10 tendencijoms nepavald\u017ei\u0173 mados stili\u0173: i\u0161 kur jie atsirado, kas j\u0173 esm\u0117, kaip\" \/>\n<meta property=\"og:url\" content=\"https:\/\/skaitytaknyga.lt\/en\/produktas\/10-auksiniu-mados-rakteliu-ieskanciai-savo-stiliaus\/\" \/>\n<meta property=\"og:site_name\" content=\"Skaitytaknyga\" \/>\n<meta property=\"article:publisher\" content=\"https:\/\/www.facebook.com\/skaitytaknyga\/\" \/>\n<meta property=\"article:modified_time\" content=\"2025-11-30T10:03:52+00:00\" \/>\n<meta property=\"og:image\" content=\"https:\/\/skaitytaknyga.lt\/wp-content\/uploads\/2025\/11\/10-auksiniu-mados-rakteliu-ieskanciai-savo-stiliaus-1.webp\" \/>\n\t<meta property=\"og:image:width\" content=\"300\" \/>\n\t<meta property=\"og:image:height\" content=\"428\" \/>\n\t<meta property=\"og:image:type\" content=\"image\/webp\" \/>\n<meta name=\"twitter:card\" content=\"summary_large_image\" \/>\n<meta name=\"twitter:label1\" content=\"Estimated reading time\" \/>\n\t<meta name=\"twitter:data1\" content=\"1 minute\" \/>\n<script type=\"application\/ld+json\" class=\"yoast-schema-graph\">{\"@context\":\"https:\/\/schema.org\",\"@graph\":[{\"@type\":\"WebPage\",\"@id\":\"https:\/\/skaitytaknyga.lt\/produktas\/10-auksiniu-mados-rakteliu-ieskanciai-savo-stiliaus\/\",\"url\":\"https:\/\/skaitytaknyga.lt\/produktas\/10-auksiniu-mados-rakteliu-ieskanciai-savo-stiliaus\/\",\"name\":\"10 auksini\u0173 mados rakteli\u0173 ie\u0161kan\u010diai savo stiliaus (yra nedideli\u0173 vir\u0161elio defekt\u0173)\",\"isPartOf\":{\"@id\":\"https:\/\/skaitytaknyga.lt\/#website\"},\"primaryImageOfPage\":{\"@id\":\"https:\/\/skaitytaknyga.lt\/produktas\/10-auksiniu-mados-rakteliu-ieskanciai-savo-stiliaus\/#primaryimage\"},\"image\":{\"@id\":\"https:\/\/skaitytaknyga.lt\/produktas\/10-auksiniu-mados-rakteliu-ieskanciai-savo-stiliaus\/#primaryimage\"},\"thumbnailUrl\":\"https:\/\/skaitytaknyga.lt\/wp-content\/uploads\/2025\/11\/10-auksiniu-mados-rakteliu-ieskanciai-savo-stiliaus-1.webp\",\"datePublished\":\"2025-11-29T11:29:15+00:00\",\"dateModified\":\"2025-11-30T10:03:52+00:00\",\"description\":\"\u201e10 auksini\u0173 mados rakteli\u0173 ie\u0161kan\u010diai savito stiliaus\\\" yra knyga apie 10 tendencijoms nepavald\u017ei\u0173 mados stili\u0173: i\u0161 kur jie atsirado, kas j\u0173 esm\u0117, kaip\",\"breadcrumb\":{\"@id\":\"https:\/\/skaitytaknyga.lt\/produktas\/10-auksiniu-mados-rakteliu-ieskanciai-savo-stiliaus\/#breadcrumb\"},\"inLanguage\":\"en-GB\",\"potentialAction\":[{\"@type\":\"ReadAction\",\"target\":[\"https:\/\/skaitytaknyga.lt\/produktas\/10-auksiniu-mados-rakteliu-ieskanciai-savo-stiliaus\/\"]}]},{\"@type\":\"ImageObject\",\"inLanguage\":\"en-GB\",\"@id\":\"https:\/\/skaitytaknyga.lt\/produktas\/10-auksiniu-mados-rakteliu-ieskanciai-savo-stiliaus\/#primaryimage\",\"url\":\"https:\/\/skaitytaknyga.lt\/wp-content\/uploads\/2025\/11\/10-auksiniu-mados-rakteliu-ieskanciai-savo-stiliaus-1.webp\",\"contentUrl\":\"https:\/\/skaitytaknyga.lt\/wp-content\/uploads\/2025\/11\/10-auksiniu-mados-rakteliu-ieskanciai-savo-stiliaus-1.webp\",\"width\":300,\"height\":428},{\"@type\":\"BreadcrumbList\",\"@id\":\"https:\/\/skaitytaknyga.lt\/produktas\/10-auksiniu-mados-rakteliu-ieskanciai-savo-stiliaus\/#breadcrumb\",\"itemListElement\":[{\"@type\":\"ListItem\",\"position\":1,\"name\":\"Home\",\"item\":\"https:\/\/skaitytaknyga.lt\/\"},{\"@type\":\"ListItem\",\"position\":2,\"name\":\"Parduotuv\u0117\",\"item\":\"https:\/\/skaitytaknyga.lt\/knygu-parduotuve\/\"},{\"@type\":\"ListItem\",\"position\":3,\"name\":\"10 auksini\u0173 mados rakteli\u0173 ie\u0161kan\u010diai savo stiliaus (yra nedideli\u0173 vir\u0161elio defekt\u0173)\"}]},{\"@type\":\"WebSite\",\"@id\":\"https:\/\/skaitytaknyga.lt\/#website\",\"url\":\"https:\/\/skaitytaknyga.lt\/\",\"name\":\"skaitytaknyga.lt\",\"description\":\"Skaitytaknyga.lt \u2013 tai ma\u017eas \u0161eimos verslas, kuris prasid\u0117jo nuo meil\u0117s knygoms ir siekio i\u0161gelb\u0117ti knygas nuo likimo prie konteinerio. Kas vienam nereikalingas daiktas \u2013 kitam lobis, o mes esame tarpininkai, kurie padeda abiems tapti laimingesniems ???? \u017dinome kaip nelengva i\u0161gyventi ma\u017eiems verslams, tad nuo \u0161iol, \u010dia rasite ir kit\u0173, ma\u017e\u0173 \u0161eim\u0173 versl\u0173, rank\u0173 darbo, dovan\u0173 sau ir artimiesiems.\",\"publisher\":{\"@id\":\"https:\/\/skaitytaknyga.lt\/#organization\"},\"potentialAction\":[{\"@type\":\"SearchAction\",\"target\":{\"@type\":\"EntryPoint\",\"urlTemplate\":\"https:\/\/skaitytaknyga.lt\/?s={search_term_string}\"},\"query-input\":{\"@type\":\"PropertyValueSpecification\",\"valueRequired\":true,\"valueName\":\"search_term_string\"}}],\"inLanguage\":\"en-GB\"},{\"@type\":\"Organization\",\"@id\":\"https:\/\/skaitytaknyga.lt\/#organization\",\"name\":\"skaitytaknyga.lt\",\"url\":\"https:\/\/skaitytaknyga.lt\/\",\"logo\":{\"@type\":\"ImageObject\",\"inLanguage\":\"en-GB\",\"@id\":\"https:\/\/skaitytaknyga.lt\/#\/schema\/logo\/image\/\",\"url\":\"https:\/\/skaitytaknyga.lt\/wp-content\/uploads\/2024\/05\/cropped-cropped-cropped-02_00843_jt3bggkj1j3HLc7SyY6rEUpg.jpeg\",\"contentUrl\":\"https:\/\/skaitytaknyga.lt\/wp-content\/uploads\/2024\/05\/cropped-cropped-cropped-02_00843_jt3bggkj1j3HLc7SyY6rEUpg.jpeg\",\"width\":1600,\"height\":1600,\"caption\":\"skaitytaknyga.lt\"},\"image\":{\"@id\":\"https:\/\/skaitytaknyga.lt\/#\/schema\/logo\/image\/\"},\"sameAs\":[\"https:\/\/www.facebook.com\/skaitytaknyga\/\"]}]}<\/script>\n<!-- \/ Yoast SEO plugin. -->","yoast_head_json":{"title":"10 auksini\u0173 mados rakteli\u0173 ie\u0161kan\u010diai savo stiliaus (yra nedideli\u0173 vir\u0161elio defekt\u0173)","description":"\u201e10 auksini\u0173 mados rakteli\u0173 ie\u0161kan\u010diai savito stiliaus\" yra knyga apie 10 tendencijoms nepavald\u017ei\u0173 mados stili\u0173: i\u0161 kur jie atsirado, kas j\u0173 esm\u0117, kaip","robots":{"index":"index","follow":"follow","max-snippet":"max-snippet:-1","max-image-preview":"max-image-preview:large","max-video-preview":"max-video-preview:-1"},"canonical":"https:\/\/skaitytaknyga.lt\/en\/produktas\/10-auksiniu-mados-rakteliu-ieskanciai-savo-stiliaus\/","og_locale":"en_GB","og_type":"article","og_title":"[:lt]10 auksini\u0173 mados rakteli\u0173 ie\u0161kan\u010diai savo stiliaus (yra nedideli\u0173 vir\u0161elio defekt\u0173)[:] - Skaitytaknyga","og_description":"\u201e10 auksini\u0173 mados rakteli\u0173 ie\u0161kan\u010diai savito stiliaus\" yra knyga apie 10 tendencijoms nepavald\u017ei\u0173 mados stili\u0173: i\u0161 kur jie atsirado, kas j\u0173 esm\u0117, kaip","og_url":"https:\/\/skaitytaknyga.lt\/en\/produktas\/10-auksiniu-mados-rakteliu-ieskanciai-savo-stiliaus\/","og_site_name":"Skaitytaknyga","article_publisher":"https:\/\/www.facebook.com\/skaitytaknyga\/","article_modified_time":"2025-11-30T10:03:52+00:00","og_image":[{"width":300,"height":428,"url":"https:\/\/skaitytaknyga.lt\/wp-content\/uploads\/2025\/11\/10-auksiniu-mados-rakteliu-ieskanciai-savo-stiliaus-1.webp","type":"image\/webp"}],"twitter_card":"summary_large_image","twitter_misc":{"Estimated reading time":"1 minute"},"schema":{"@context":"https:\/\/schema.org","@graph":[{"@type":"WebPage","@id":"https:\/\/skaitytaknyga.lt\/produktas\/10-auksiniu-mados-rakteliu-ieskanciai-savo-stiliaus\/","url":"https:\/\/skaitytaknyga.lt\/produktas\/10-auksiniu-mados-rakteliu-ieskanciai-savo-stiliaus\/","name":"10 auksini\u0173 mados rakteli\u0173 ie\u0161kan\u010diai savo stiliaus (yra nedideli\u0173 vir\u0161elio defekt\u0173)","isPartOf":{"@id":"https:\/\/skaitytaknyga.lt\/#website"},"primaryImageOfPage":{"@id":"https:\/\/skaitytaknyga.lt\/produktas\/10-auksiniu-mados-rakteliu-ieskanciai-savo-stiliaus\/#primaryimage"},"image":{"@id":"https:\/\/skaitytaknyga.lt\/produktas\/10-auksiniu-mados-rakteliu-ieskanciai-savo-stiliaus\/#primaryimage"},"thumbnailUrl":"https:\/\/skaitytaknyga.lt\/wp-content\/uploads\/2025\/11\/10-auksiniu-mados-rakteliu-ieskanciai-savo-stiliaus-1.webp","datePublished":"2025-11-29T11:29:15+00:00","dateModified":"2025-11-30T10:03:52+00:00","description":"\u201e10 auksini\u0173 mados rakteli\u0173 ie\u0161kan\u010diai savito stiliaus\" yra knyga apie 10 tendencijoms nepavald\u017ei\u0173 mados stili\u0173: i\u0161 kur jie atsirado, kas j\u0173 esm\u0117, kaip","breadcrumb":{"@id":"https:\/\/skaitytaknyga.lt\/produktas\/10-auksiniu-mados-rakteliu-ieskanciai-savo-stiliaus\/#breadcrumb"},"inLanguage":"en-GB","potentialAction":[{"@type":"ReadAction","target":["https:\/\/skaitytaknyga.lt\/produktas\/10-auksiniu-mados-rakteliu-ieskanciai-savo-stiliaus\/"]}]},{"@type":"ImageObject","inLanguage":"en-GB","@id":"https:\/\/skaitytaknyga.lt\/produktas\/10-auksiniu-mados-rakteliu-ieskanciai-savo-stiliaus\/#primaryimage","url":"https:\/\/skaitytaknyga.lt\/wp-content\/uploads\/2025\/11\/10-auksiniu-mados-rakteliu-ieskanciai-savo-stiliaus-1.webp","contentUrl":"https:\/\/skaitytaknyga.lt\/wp-content\/uploads\/2025\/11\/10-auksiniu-mados-rakteliu-ieskanciai-savo-stiliaus-1.webp","width":300,"height":428},{"@type":"BreadcrumbList","@id":"https:\/\/skaitytaknyga.lt\/produktas\/10-auksiniu-mados-rakteliu-ieskanciai-savo-stiliaus\/#breadcrumb","itemListElement":[{"@type":"ListItem","position":1,"name":"Home","item":"https:\/\/skaitytaknyga.lt\/"},{"@type":"ListItem","position":2,"name":"Parduotuv\u0117","item":"https:\/\/skaitytaknyga.lt\/knygu-parduotuve\/"},{"@type":"ListItem","position":3,"name":"10 auksini\u0173 mados rakteli\u0173 ie\u0161kan\u010diai savo stiliaus (yra nedideli\u0173 vir\u0161elio defekt\u0173)"}]},{"@type":"WebSite","@id":"https:\/\/skaitytaknyga.lt\/#website","url":"https:\/\/skaitytaknyga.lt\/","name":"skaitytaknyga.lt","description":"Skaitytaknyga.lt \u2013 tai ma\u017eas \u0161eimos verslas, kuris prasid\u0117jo nuo meil\u0117s knygoms ir siekio i\u0161gelb\u0117ti knygas nuo likimo prie konteinerio. Kas vienam nereikalingas daiktas \u2013 kitam lobis, o mes esame tarpininkai, kurie padeda abiems tapti laimingesniems ???? \u017dinome kaip nelengva i\u0161gyventi ma\u017eiems verslams, tad nuo \u0161iol, \u010dia rasite ir kit\u0173, ma\u017e\u0173 \u0161eim\u0173 versl\u0173, rank\u0173 darbo, dovan\u0173 sau ir artimiesiems.","publisher":{"@id":"https:\/\/skaitytaknyga.lt\/#organization"},"potentialAction":[{"@type":"SearchAction","target":{"@type":"EntryPoint","urlTemplate":"https:\/\/skaitytaknyga.lt\/?s={search_term_string}"},"query-input":{"@type":"PropertyValueSpecification","valueRequired":true,"valueName":"search_term_string"}}],"inLanguage":"en-GB"},{"@type":"Organization","@id":"https:\/\/skaitytaknyga.lt\/#organization","name":"skaitytaknyga.lt","url":"https:\/\/skaitytaknyga.lt\/","logo":{"@type":"ImageObject","inLanguage":"en-GB","@id":"https:\/\/skaitytaknyga.lt\/#\/schema\/logo\/image\/","url":"https:\/\/skaitytaknyga.lt\/wp-content\/uploads\/2024\/05\/cropped-cropped-cropped-02_00843_jt3bggkj1j3HLc7SyY6rEUpg.jpeg","contentUrl":"https:\/\/skaitytaknyga.lt\/wp-content\/uploads\/2024\/05\/cropped-cropped-cropped-02_00843_jt3bggkj1j3HLc7SyY6rEUpg.jpeg","width":1600,"height":1600,"caption":"skaitytaknyga.lt"},"image":{"@id":"https:\/\/skaitytaknyga.lt\/#\/schema\/logo\/image\/"},"sameAs":["https:\/\/www.facebook.com\/skaitytaknyga\/"]}]}},"_links":{"self":[{"href":"https:\/\/skaitytaknyga.lt\/en\/wp-json\/wp\/v2\/product\/22140","targetHints":{"allow":["GET"]}}],"collection":[{"href":"https:\/\/skaitytaknyga.lt\/en\/wp-json\/wp\/v2\/product"}],"about":[{"href":"https:\/\/skaitytaknyga.lt\/en\/wp-json\/wp\/v2\/types\/product"}],"replies":[{"embeddable":true,"href":"https:\/\/skaitytaknyga.lt\/en\/wp-json\/wp\/v2\/comments?post=22140"}],"wp:featuredmedia":[{"embeddable":true,"href":"https:\/\/skaitytaknyga.lt\/en\/wp-json\/wp\/v2\/media\/22145"}],"wp:attachment":[{"href":"https:\/\/skaitytaknyga.lt\/en\/wp-json\/wp\/v2\/media?parent=22140"}],"wp:term":[{"taxonomy":"product_brand","embeddable":true,"href":"https:\/\/skaitytaknyga.lt\/en\/wp-json\/wp\/v2\/product_brand?post=22140"},{"taxonomy":"product_cat","embeddable":true,"href":"https:\/\/skaitytaknyga.lt\/en\/wp-json\/wp\/v2\/product_cat?post=22140"},{"taxonomy":"product_tag","embeddable":true,"href":"https:\/\/skaitytaknyga.lt\/en\/wp-json\/wp\/v2\/product_tag?post=22140"}],"curies":[{"name":"wp","href":"https:\/\/api.w.org\/{rel}","templated":true}]}}