{"id":22130,"date":"2025-11-29T12:55:13","date_gmt":"2025-11-29T10:55:13","guid":{"rendered":"https:\/\/skaitytaknyga.lt\/?post_type=product&#038;p=22130"},"modified":"2026-03-05T16:00:45","modified_gmt":"2026-03-05T14:00:45","slug":"paslepti-kunai","status":"publish","type":"product","link":"https:\/\/skaitytaknyga.lt\/en\/produktas\/paslepti-kunai\/","title":{"rendered":"PASL\u0116PTI K\u016aNAI"},"content":{"rendered":"<p>Prie\u0161 kelerius metus D\u017eo Goldbergas taip pasl\u0117p\u0117 jam \u0161ird\u012f u\u017egavusi\u0173 auk\u0173 k\u016bnus, kad niekas iki \u0161iol j\u0173 nerado. Dabar jis trisde\u0161imties ir pasiry\u017e\u0119s visi\u0161kai nusikratyti slegian\u010dios praeities na\u0161tos. Nusiteik\u0119s atversti nauj\u0105 gyvenimo puslap\u012f, vaikinas persikelia i\u0161 Niujorko \u012f Los And\u017eel\u0105.<\/p>\n<p>Holivude jis greitai pritampa prie jaunimo, atvykusio siekti karjeros. Dirba knygyne, gard\u017eiuojasi gvakamole, dalyvauja \u017evaig\u017ed\u017ei\u0173 vakar\u0117liuose ir flirtuoja su kaimynyst\u0117je gyvenan\u010dia mergina. Atrodo, kad pagaliau ima sektis, ta\u010diau D\u017eo vis dar negali nustoti dair\u0119sis per pet\u012f. Kadaise pasl\u0117pti k\u016bnai vaidenasi ir stoja vaikinui skersai kelio pa\u010diose netik\u0117\u010diausiose situacijose. Jie i\u0161nyra tamsiausi\u0173 min\u010di\u0173 pavidalu ir k\u0117sinasi sunaikinti did\u017eiausi\u0105 jo tro\u0161kim\u0105: tikr\u0105 meil\u0119. D\u0117l to, kai pagaliau sutinka t\u0105 vienintel\u0119, su kuria \u012fsivaizduoja vis\u0105 likus\u012f gyvenim\u0105, vaikinas priverstas dar kruop\u0161\u010diau dangstyti nusikaltimus. Ta\u010diau kas nutiks, jei mylimoji pati i\u0161siai\u0161kins ties\u0105? Ar gali b\u016bti, kad D\u017eo netur\u0117s kito pasirinkimo, kaip tik atskleisti visas kortas?.<\/p>\n<p>\u201ePasl\u0117pti k\u016bnai&#8221; \u2013 kultin\u0117s knygos ir serialo \u201eTu&#8221; t\u0119sinys, i\u0161verstas \u012f daugiau nei 19 kalb\u0173, pasaulyje tap\u0119s sensacija ir lyginamas su tokiais k\u016briniais kaip Gillianos Flynn \u201eDingusi&#8221;, Breto Eastono Elliso \u201eAmerikos psichopatas&#8221; ir Stepheno Kingo \u201eMizer\u0117&#8221;.<\/p>\n","protected":false},"excerpt":{"rendered":"<p>Prie\u0161 kelerius metus D\u017eo Goldbergas taip pasl\u0117p\u0117 jam \u0161ird\u012f u\u017egavusi\u0173 auk\u0173 k\u016bnus, kad niekas iki \u0161iol j\u0173 nerado. Dabar jis trisde\u0161imties ir pasiry\u017e\u0119s visi\u0161kai nusikratyti slegian\u010dios praeities na\u0161tos. Nusiteik\u0119s atversti nauj\u0105 gyvenimo puslap\u012f, vaikinas persikelia i\u0161 Niujorko \u012f Los And\u017eel\u0105. Holivude jis greitai pritampa prie jaunimo, atvykusio siekti karjeros. Dirba knygyne, gard\u017eiuojasi gvakamole, dalyvauja \u017evaig\u017ed\u017ei\u0173 vakar\u0117liuose ir flirtuoja su kaimynyst\u0117je gyvenan\u010dia mergina. Atrodo, kad pagaliau ima sektis, ta\u010diau D\u017eo vis dar negali nustoti dair\u0119sis per pet\u012f. Kadaise pasl\u0117pti k\u016bnai vaidenasi ir stoja vaikinui skersai kelio pa\u010diose netik\u0117\u010diausiose situacijose. Jie i\u0161nyra tamsiausi\u0173 min\u010di\u0173 pavidalu ir k\u0117sinasi sunaikinti did\u017eiausi\u0105 jo tro\u0161kim\u0105: tikr\u0105 meil\u0119. D\u0117l to, kai pagaliau sutinka t\u0105 vienintel\u0119, su kuria \u012fsivaizduoja vis\u0105 likus\u012f gyvenim\u0105, vaikinas priverstas dar kruop\u0161\u010diau dangstyti nusikaltimus. Ta\u010diau kas nutiks, jei mylimoji pati i\u0161siai\u0161kins ties\u0105? Ar gali b\u016bti, kad D\u017eo netur\u0117s kito pasirinkimo, kaip tik atskleisti visas kortas?. \u201ePasl\u0117pti k\u016bnai&#8221; \u2013 kultin\u0117s knygos ir serialo \u201eTu&#8221; t\u0119sinys, i\u0161verstas \u012f daugiau nei 19 kalb\u0173, pasaulyje tap\u0119s sensacija ir lyginamas su tokiais k\u016briniais kaip Gillianos Flynn \u201eDingusi&#8221;, Breto Eastono Elliso \u201eAmerikos psichopatas&#8221; ir Stepheno Kingo \u201eMizer\u0117&#8221;.<\/p>\n","protected":false},"featured_media":22135,"comment_status":"open","ping_status":"closed","template":"","meta":{"_acf_changed":false,"site-sidebar-layout":"default","site-content-layout":"","ast-site-content-layout":"default","site-content-style":"default","site-sidebar-style":"default","ast-global-header-display":"","ast-banner-title-visibility":"","ast-main-header-display":"","ast-hfb-above-header-display":"","ast-hfb-below-header-display":"","ast-hfb-mobile-header-display":"","site-post-title":"","ast-breadcrumbs-content":"","ast-featured-img":"","footer-sml-layout":"","ast-disable-related-posts":"","theme-transparent-header-meta":"","adv-header-id-meta":"","stick-header-meta":"","header-above-stick-meta":"","header-main-stick-meta":"","header-below-stick-meta":"","astra-migrate-meta-layouts":"default","ast-page-background-enabled":"default","ast-page-background-meta":{"desktop":{"background-color":"","background-image":"","background-repeat":"repeat","background-position":"center center","background-size":"auto","background-attachment":"scroll","background-type":"","background-media":"","overlay-type":"","overlay-color":"","overlay-opacity":"","overlay-gradient":""},"tablet":{"background-color":"","background-image":"","background-repeat":"repeat","background-position":"center center","background-size":"auto","background-attachment":"scroll","background-type":"","background-media":"","overlay-type":"","overlay-color":"","overlay-opacity":"","overlay-gradient":""},"mobile":{"background-color":"","background-image":"","background-repeat":"repeat","background-position":"center center","background-size":"auto","background-attachment":"scroll","background-type":"","background-media":"","overlay-type":"","overlay-color":"","overlay-opacity":"","overlay-gradient":""}},"ast-content-background-meta":{"desktop":{"background-color":"var(--ast-global-color-4)","background-image":"","background-repeat":"repeat","background-position":"center center","background-size":"auto","background-attachment":"scroll","background-type":"","background-media":"","overlay-type":"","overlay-color":"","overlay-opacity":"","overlay-gradient":""},"tablet":{"background-color":"var(--ast-global-color-4)","background-image":"","background-repeat":"repeat","background-position":"center center","background-size":"auto","background-attachment":"scroll","background-type":"","background-media":"","overlay-type":"","overlay-color":"","overlay-opacity":"","overlay-gradient":""},"mobile":{"background-color":"var(--ast-global-color-4)","background-image":"","background-repeat":"repeat","background-position":"center center","background-size":"auto","background-attachment":"scroll","background-type":"","background-media":"","overlay-type":"","overlay-color":"","overlay-opacity":"","overlay-gradient":""}}},"product_brand":[],"product_cat":[9581],"product_tag":[],"class_list":{"0":"post-22130","1":"product","2":"type-product","3":"status-publish","4":"has-post-thumbnail","6":"product_cat-kriminaliniai-romanai","7":"desktop-align-left","8":"tablet-align-left","9":"mobile-align-left","11":"first","12":"instock","13":"shipping-taxable","14":"purchasable","15":"product-type-simple"},"acf":[],"yoast_head":"<!-- This site is optimized with the Yoast SEO plugin v27.0 - https:\/\/yoast.com\/product\/yoast-seo-wordpress\/ -->\n<title>PASL\u0116PTI K\u016aNAI<\/title>\n<meta name=\"description\" content=\"Prie\u0161 kelerius metus D\u017eo Goldbergas taip pasl\u0117p\u0117 jam \u0161ird\u012f u\u017egavusi\u0173 auk\u0173 k\u016bnus, kad niekas iki \u0161iol j\u0173 nerado. Dabar jis trisde\u0161imties ir pasiry\u017e\u0119s\" \/>\n<meta name=\"robots\" content=\"index, follow, max-snippet:-1, max-image-preview:large, max-video-preview:-1\" \/>\n<link rel=\"canonical\" href=\"https:\/\/skaitytaknyga.lt\/en\/produktas\/paslepti-kunai\/\" \/>\n<meta property=\"og:locale\" content=\"en_GB\" \/>\n<meta property=\"og:locale:alternate\" content=\"lt_LT\" \/>\n<meta property=\"og:type\" content=\"article\" \/>\n<meta property=\"og:title\" content=\"PASL\u0116PTI K\u016aNAI\" \/>\n<meta property=\"og:description\" content=\"Prie\u0161 kelerius metus D\u017eo Goldbergas taip pasl\u0117p\u0117 jam \u0161ird\u012f u\u017egavusi\u0173 auk\u0173 k\u016bnus, kad niekas iki \u0161iol j\u0173 nerado. Dabar jis trisde\u0161imties ir pasiry\u017e\u0119s\" \/>\n<meta property=\"og:url\" content=\"https:\/\/skaitytaknyga.lt\/en\/produktas\/paslepti-kunai\/\" \/>\n<meta property=\"og:site_name\" content=\"Skaitytaknyga\" \/>\n<meta property=\"article:publisher\" content=\"https:\/\/www.facebook.com\/skaitytaknyga\/\" \/>\n<meta property=\"article:modified_time\" content=\"2026-03-05T14:00:45+00:00\" \/>\n<meta property=\"og:image\" content=\"https:\/\/skaitytaknyga.lt\/wp-content\/uploads\/2025\/11\/PASLEPTI-KUNAI-1.webp\" \/>\n\t<meta property=\"og:image:width\" content=\"300\" \/>\n\t<meta property=\"og:image:height\" content=\"450\" \/>\n\t<meta property=\"og:image:type\" content=\"image\/webp\" \/>\n<meta name=\"twitter:card\" content=\"summary_large_image\" \/>\n<meta name=\"twitter:label1\" content=\"Estimated reading time\" \/>\n\t<meta name=\"twitter:data1\" content=\"1 minute\" \/>\n<script type=\"application\/ld+json\" class=\"yoast-schema-graph\">{\"@context\":\"https:\/\/schema.org\",\"@graph\":[{\"@type\":\"WebPage\",\"@id\":\"https:\/\/skaitytaknyga.lt\/produktas\/paslepti-kunai\/\",\"url\":\"https:\/\/skaitytaknyga.lt\/produktas\/paslepti-kunai\/\",\"name\":\"PASL\u0116PTI K\u016aNAI\",\"isPartOf\":{\"@id\":\"https:\/\/skaitytaknyga.lt\/#website\"},\"primaryImageOfPage\":{\"@id\":\"https:\/\/skaitytaknyga.lt\/produktas\/paslepti-kunai\/#primaryimage\"},\"image\":{\"@id\":\"https:\/\/skaitytaknyga.lt\/produktas\/paslepti-kunai\/#primaryimage\"},\"thumbnailUrl\":\"https:\/\/skaitytaknyga.lt\/wp-content\/uploads\/2025\/11\/PASLEPTI-KUNAI-1.webp\",\"datePublished\":\"2025-11-29T10:55:13+00:00\",\"dateModified\":\"2026-03-05T14:00:45+00:00\",\"description\":\"Prie\u0161 kelerius metus D\u017eo Goldbergas taip pasl\u0117p\u0117 jam \u0161ird\u012f u\u017egavusi\u0173 auk\u0173 k\u016bnus, kad niekas iki \u0161iol j\u0173 nerado. Dabar jis trisde\u0161imties ir pasiry\u017e\u0119s\",\"breadcrumb\":{\"@id\":\"https:\/\/skaitytaknyga.lt\/produktas\/paslepti-kunai\/#breadcrumb\"},\"inLanguage\":\"en-GB\",\"potentialAction\":[{\"@type\":\"ReadAction\",\"target\":[\"https:\/\/skaitytaknyga.lt\/produktas\/paslepti-kunai\/\"]}]},{\"@type\":\"ImageObject\",\"inLanguage\":\"en-GB\",\"@id\":\"https:\/\/skaitytaknyga.lt\/produktas\/paslepti-kunai\/#primaryimage\",\"url\":\"https:\/\/skaitytaknyga.lt\/wp-content\/uploads\/2025\/11\/PASLEPTI-KUNAI-1.webp\",\"contentUrl\":\"https:\/\/skaitytaknyga.lt\/wp-content\/uploads\/2025\/11\/PASLEPTI-KUNAI-1.webp\",\"width\":300,\"height\":450},{\"@type\":\"BreadcrumbList\",\"@id\":\"https:\/\/skaitytaknyga.lt\/produktas\/paslepti-kunai\/#breadcrumb\",\"itemListElement\":[{\"@type\":\"ListItem\",\"position\":1,\"name\":\"Home\",\"item\":\"https:\/\/skaitytaknyga.lt\/\"},{\"@type\":\"ListItem\",\"position\":2,\"name\":\"Parduotuv\u0117\",\"item\":\"https:\/\/skaitytaknyga.lt\/knygu-parduotuve\/\"},{\"@type\":\"ListItem\",\"position\":3,\"name\":\"PASL\u0116PTI K\u016aNAI\"}]},{\"@type\":\"WebSite\",\"@id\":\"https:\/\/skaitytaknyga.lt\/#website\",\"url\":\"https:\/\/skaitytaknyga.lt\/\",\"name\":\"skaitytaknyga.lt\",\"description\":\"Skaitytaknyga.lt \u2013 tai ma\u017eas \u0161eimos verslas, kuris prasid\u0117jo nuo meil\u0117s knygoms ir siekio i\u0161gelb\u0117ti knygas nuo likimo prie konteinerio. Kas vienam nereikalingas daiktas \u2013 kitam lobis, o mes esame tarpininkai, kurie padeda abiems tapti laimingesniems ???? \u017dinome kaip nelengva i\u0161gyventi ma\u017eiems verslams, tad nuo \u0161iol, \u010dia rasite ir kit\u0173, ma\u017e\u0173 \u0161eim\u0173 versl\u0173, rank\u0173 darbo, dovan\u0173 sau ir artimiesiems.\",\"publisher\":{\"@id\":\"https:\/\/skaitytaknyga.lt\/#organization\"},\"potentialAction\":[{\"@type\":\"SearchAction\",\"target\":{\"@type\":\"EntryPoint\",\"urlTemplate\":\"https:\/\/skaitytaknyga.lt\/?s={search_term_string}\"},\"query-input\":{\"@type\":\"PropertyValueSpecification\",\"valueRequired\":true,\"valueName\":\"search_term_string\"}}],\"inLanguage\":\"en-GB\"},{\"@type\":\"Organization\",\"@id\":\"https:\/\/skaitytaknyga.lt\/#organization\",\"name\":\"skaitytaknyga.lt\",\"url\":\"https:\/\/skaitytaknyga.lt\/\",\"logo\":{\"@type\":\"ImageObject\",\"inLanguage\":\"en-GB\",\"@id\":\"https:\/\/skaitytaknyga.lt\/#\/schema\/logo\/image\/\",\"url\":\"https:\/\/skaitytaknyga.lt\/wp-content\/uploads\/2024\/05\/cropped-cropped-cropped-02_00843_jt3bggkj1j3HLc7SyY6rEUpg.jpeg\",\"contentUrl\":\"https:\/\/skaitytaknyga.lt\/wp-content\/uploads\/2024\/05\/cropped-cropped-cropped-02_00843_jt3bggkj1j3HLc7SyY6rEUpg.jpeg\",\"width\":1600,\"height\":1600,\"caption\":\"skaitytaknyga.lt\"},\"image\":{\"@id\":\"https:\/\/skaitytaknyga.lt\/#\/schema\/logo\/image\/\"},\"sameAs\":[\"https:\/\/www.facebook.com\/skaitytaknyga\/\"]}]}<\/script>\n<!-- \/ Yoast SEO plugin. -->","yoast_head_json":{"title":"PASL\u0116PTI K\u016aNAI","description":"Prie\u0161 kelerius metus D\u017eo Goldbergas taip pasl\u0117p\u0117 jam \u0161ird\u012f u\u017egavusi\u0173 auk\u0173 k\u016bnus, kad niekas iki \u0161iol j\u0173 nerado. Dabar jis trisde\u0161imties ir pasiry\u017e\u0119s","robots":{"index":"index","follow":"follow","max-snippet":"max-snippet:-1","max-image-preview":"max-image-preview:large","max-video-preview":"max-video-preview:-1"},"canonical":"https:\/\/skaitytaknyga.lt\/en\/produktas\/paslepti-kunai\/","og_locale":"en_GB","og_type":"article","og_title":"[:lt]PASL\u0116PTI K\u016aNAI[:] - Skaitytaknyga","og_description":"Prie\u0161 kelerius metus D\u017eo Goldbergas taip pasl\u0117p\u0117 jam \u0161ird\u012f u\u017egavusi\u0173 auk\u0173 k\u016bnus, kad niekas iki \u0161iol j\u0173 nerado. Dabar jis trisde\u0161imties ir pasiry\u017e\u0119s","og_url":"https:\/\/skaitytaknyga.lt\/en\/produktas\/paslepti-kunai\/","og_site_name":"Skaitytaknyga","article_publisher":"https:\/\/www.facebook.com\/skaitytaknyga\/","article_modified_time":"2026-03-05T14:00:45+00:00","og_image":[{"width":300,"height":450,"url":"https:\/\/skaitytaknyga.lt\/wp-content\/uploads\/2025\/11\/PASLEPTI-KUNAI-1.webp","type":"image\/webp"}],"twitter_card":"summary_large_image","twitter_misc":{"Estimated reading time":"1 minute"},"schema":{"@context":"https:\/\/schema.org","@graph":[{"@type":"WebPage","@id":"https:\/\/skaitytaknyga.lt\/produktas\/paslepti-kunai\/","url":"https:\/\/skaitytaknyga.lt\/produktas\/paslepti-kunai\/","name":"PASL\u0116PTI K\u016aNAI","isPartOf":{"@id":"https:\/\/skaitytaknyga.lt\/#website"},"primaryImageOfPage":{"@id":"https:\/\/skaitytaknyga.lt\/produktas\/paslepti-kunai\/#primaryimage"},"image":{"@id":"https:\/\/skaitytaknyga.lt\/produktas\/paslepti-kunai\/#primaryimage"},"thumbnailUrl":"https:\/\/skaitytaknyga.lt\/wp-content\/uploads\/2025\/11\/PASLEPTI-KUNAI-1.webp","datePublished":"2025-11-29T10:55:13+00:00","dateModified":"2026-03-05T14:00:45+00:00","description":"Prie\u0161 kelerius metus D\u017eo Goldbergas taip pasl\u0117p\u0117 jam \u0161ird\u012f u\u017egavusi\u0173 auk\u0173 k\u016bnus, kad niekas iki \u0161iol j\u0173 nerado. Dabar jis trisde\u0161imties ir pasiry\u017e\u0119s","breadcrumb":{"@id":"https:\/\/skaitytaknyga.lt\/produktas\/paslepti-kunai\/#breadcrumb"},"inLanguage":"en-GB","potentialAction":[{"@type":"ReadAction","target":["https:\/\/skaitytaknyga.lt\/produktas\/paslepti-kunai\/"]}]},{"@type":"ImageObject","inLanguage":"en-GB","@id":"https:\/\/skaitytaknyga.lt\/produktas\/paslepti-kunai\/#primaryimage","url":"https:\/\/skaitytaknyga.lt\/wp-content\/uploads\/2025\/11\/PASLEPTI-KUNAI-1.webp","contentUrl":"https:\/\/skaitytaknyga.lt\/wp-content\/uploads\/2025\/11\/PASLEPTI-KUNAI-1.webp","width":300,"height":450},{"@type":"BreadcrumbList","@id":"https:\/\/skaitytaknyga.lt\/produktas\/paslepti-kunai\/#breadcrumb","itemListElement":[{"@type":"ListItem","position":1,"name":"Home","item":"https:\/\/skaitytaknyga.lt\/"},{"@type":"ListItem","position":2,"name":"Parduotuv\u0117","item":"https:\/\/skaitytaknyga.lt\/knygu-parduotuve\/"},{"@type":"ListItem","position":3,"name":"PASL\u0116PTI K\u016aNAI"}]},{"@type":"WebSite","@id":"https:\/\/skaitytaknyga.lt\/#website","url":"https:\/\/skaitytaknyga.lt\/","name":"skaitytaknyga.lt","description":"Skaitytaknyga.lt \u2013 tai ma\u017eas \u0161eimos verslas, kuris prasid\u0117jo nuo meil\u0117s knygoms ir siekio i\u0161gelb\u0117ti knygas nuo likimo prie konteinerio. Kas vienam nereikalingas daiktas \u2013 kitam lobis, o mes esame tarpininkai, kurie padeda abiems tapti laimingesniems ???? \u017dinome kaip nelengva i\u0161gyventi ma\u017eiems verslams, tad nuo \u0161iol, \u010dia rasite ir kit\u0173, ma\u017e\u0173 \u0161eim\u0173 versl\u0173, rank\u0173 darbo, dovan\u0173 sau ir artimiesiems.","publisher":{"@id":"https:\/\/skaitytaknyga.lt\/#organization"},"potentialAction":[{"@type":"SearchAction","target":{"@type":"EntryPoint","urlTemplate":"https:\/\/skaitytaknyga.lt\/?s={search_term_string}"},"query-input":{"@type":"PropertyValueSpecification","valueRequired":true,"valueName":"search_term_string"}}],"inLanguage":"en-GB"},{"@type":"Organization","@id":"https:\/\/skaitytaknyga.lt\/#organization","name":"skaitytaknyga.lt","url":"https:\/\/skaitytaknyga.lt\/","logo":{"@type":"ImageObject","inLanguage":"en-GB","@id":"https:\/\/skaitytaknyga.lt\/#\/schema\/logo\/image\/","url":"https:\/\/skaitytaknyga.lt\/wp-content\/uploads\/2024\/05\/cropped-cropped-cropped-02_00843_jt3bggkj1j3HLc7SyY6rEUpg.jpeg","contentUrl":"https:\/\/skaitytaknyga.lt\/wp-content\/uploads\/2024\/05\/cropped-cropped-cropped-02_00843_jt3bggkj1j3HLc7SyY6rEUpg.jpeg","width":1600,"height":1600,"caption":"skaitytaknyga.lt"},"image":{"@id":"https:\/\/skaitytaknyga.lt\/#\/schema\/logo\/image\/"},"sameAs":["https:\/\/www.facebook.com\/skaitytaknyga\/"]}]}},"_links":{"self":[{"href":"https:\/\/skaitytaknyga.lt\/en\/wp-json\/wp\/v2\/product\/22130","targetHints":{"allow":["GET"]}}],"collection":[{"href":"https:\/\/skaitytaknyga.lt\/en\/wp-json\/wp\/v2\/product"}],"about":[{"href":"https:\/\/skaitytaknyga.lt\/en\/wp-json\/wp\/v2\/types\/product"}],"replies":[{"embeddable":true,"href":"https:\/\/skaitytaknyga.lt\/en\/wp-json\/wp\/v2\/comments?post=22130"}],"wp:featuredmedia":[{"embeddable":true,"href":"https:\/\/skaitytaknyga.lt\/en\/wp-json\/wp\/v2\/media\/22135"}],"wp:attachment":[{"href":"https:\/\/skaitytaknyga.lt\/en\/wp-json\/wp\/v2\/media?parent=22130"}],"wp:term":[{"taxonomy":"product_brand","embeddable":true,"href":"https:\/\/skaitytaknyga.lt\/en\/wp-json\/wp\/v2\/product_brand?post=22130"},{"taxonomy":"product_cat","embeddable":true,"href":"https:\/\/skaitytaknyga.lt\/en\/wp-json\/wp\/v2\/product_cat?post=22130"},{"taxonomy":"product_tag","embeddable":true,"href":"https:\/\/skaitytaknyga.lt\/en\/wp-json\/wp\/v2\/product_tag?post=22130"}],"curies":[{"name":"wp","href":"https:\/\/api.w.org\/{rel}","templated":true}]}}