{"id":22129,"date":"2025-11-29T12:55:13","date_gmt":"2025-11-29T10:55:13","guid":{"rendered":"https:\/\/skaitytaknyga.lt\/?post_type=product&#038;p=22129"},"modified":"2026-02-26T10:10:23","modified_gmt":"2026-02-26T08:10:23","slug":"lt-12","status":"publish","type":"product","link":"https:\/\/skaitytaknyga.lt\/en\/produktas\/lt-12\/","title":{"rendered":"\u012erodyk man&#8230;"},"content":{"rendered":"<p>Pastaruoju metu ypa\u010d pastebimas did\u017eiulis susidom\u0117jimas \u017emogaus kilme, anapusine egzistencija jam esant gyvam ir po mirties. Knygos \u201e\u012erodyk man&#8230;\u201c autorius vadovaudamasis savo asmenine ir mokslininko bei ra\u0161ytojo patirtimi, i\u0161samiai apra\u0161o \u012fvykius, kurie remiasi patikrintomis tiesomis ir suteikia \u012f\u017evalg\u0173 atei\u010diai.<\/p>\n<p>\u0160ioje knygoje \u201e\u012erodyk man&#8230;\u201c autorius Vilimantas Zablockis populiariai pristato dualumo suvokim\u0105, kuris susiformavo d\u0117l laikino fizinio ir am\u017ein\u0173 dvasini\u0173 pasduli\u0173 realyb\u0117s. Per ilgus metus \u012fgij\u0119s daug patirties ir toliau tyrin\u0117ja \u017emonijos bei \u017dem\u0117s gyvasties keliones lik auk\u0161tesn\u0117s s\u0105mon\u0117s lygmens. Tai lyg Auk\u0161t\u0173j\u0173 kosmin\u0117s kilm\u0117s dvasini\u0173 Mokytoj\u0173 persp\u0117jimas, kad nei\u0161vengiamai art\u0117ja laikas ruo\u0161tis netolimos ateities \u012fvykiams, nes \u017emonija pati akivaizd\u017eiai mato ir supranta, kokia dramati\u0161ka ir trapi yra m\u016bs\u0173 fizinio pasaulio evoliucija. Autorius neturi tikslo g\u0105sdinti skaitytoj\u0173, bet pataria dom\u0117tis ir veikti paver\u010diant savo k\u016bnus erdv\u0117laiviais, geban\u010diais keliauti \u012f ateit\u012f ar praeit\u012f per kupinas \u012fsp\u016bd\u017ei\u0173 kitas galaktikas ar visaaos. Bendrauti su dvasiniais mokytojais, vedliais, susitikti su savo \u0161eimos nariais, draugais ar iki \u0161iol nepa\u017eint\u0173 civilizacij\u0173 atstovais.<\/p>\n<p>\u201e\u017dmogau, \u017emogau, kod\u0117l tu namuose nes\u0117di, kod\u0117l visas tavo gyvenimas kelion\u0117je?\u201c<br \/>\nDersu Uzala, Us\u016brijos taigos med\u017eiotojas, vedlys<\/p>\n","protected":false},"excerpt":{"rendered":"<p>Pastaruoju metu ypa\u010d pastebimas did\u017eiulis susidom\u0117jimas \u017emogaus kilme, anapusine egzistencija jam esant gyvam ir po mirties. Knygos \u201e\u012erodyk man&#8230;\u201c autorius vadovaudamasis savo asmenine ir mokslininko bei ra\u0161ytojo patirtimi, i\u0161samiai apra\u0161o \u012fvykius, kurie remiasi patikrintomis tiesomis ir suteikia \u012f\u017evalg\u0173 atei\u010diai. \u0160ioje knygoje \u201e\u012erodyk man&#8230;\u201c autorius Vilimantas Zablockis populiariai pristato dualumo suvokim\u0105, kuris susiformavo d\u0117l laikino fizinio ir am\u017ein\u0173 dvasini\u0173 pasduli\u0173 realyb\u0117s. Per ilgus metus \u012fgij\u0119s daug patirties ir toliau tyrin\u0117ja \u017emonijos bei \u017dem\u0117s gyvasties keliones lik auk\u0161tesn\u0117s s\u0105mon\u0117s lygmens. Tai lyg Auk\u0161t\u0173j\u0173 kosmin\u0117s kilm\u0117s dvasini\u0173 Mokytoj\u0173 persp\u0117jimas, kad nei\u0161vengiamai art\u0117ja laikas ruo\u0161tis netolimos ateities \u012fvykiams, nes \u017emonija pati akivaizd\u017eiai mato ir supranta, kokia dramati\u0161ka ir trapi yra m\u016bs\u0173 fizinio pasaulio evoliucija. Autorius neturi tikslo g\u0105sdinti skaitytoj\u0173, bet pataria dom\u0117tis ir veikti paver\u010diant savo k\u016bnus erdv\u0117laiviais, geban\u010diais keliauti \u012f ateit\u012f ar praeit\u012f per kupinas \u012fsp\u016bd\u017ei\u0173 kitas galaktikas ar visaaos. Bendrauti su dvasiniais mokytojais, vedliais, susitikti su savo \u0161eimos nariais, draugais ar iki \u0161iol nepa\u017eint\u0173 civilizacij\u0173 atstovais. \u201e\u017dmogau, \u017emogau, kod\u0117l tu namuose nes\u0117di, kod\u0117l visas tavo gyvenimas kelion\u0117je?\u201c Dersu Uzala, Us\u016brijos taigos med\u017eiotojas, vedlys<\/p>\n","protected":false},"featured_media":22134,"comment_status":"open","ping_status":"closed","template":"","meta":{"_acf_changed":false,"site-sidebar-layout":"default","site-content-layout":"","ast-site-content-layout":"default","site-content-style":"default","site-sidebar-style":"default","ast-global-header-display":"","ast-banner-title-visibility":"","ast-main-header-display":"","ast-hfb-above-header-display":"","ast-hfb-below-header-display":"","ast-hfb-mobile-header-display":"","site-post-title":"","ast-breadcrumbs-content":"","ast-featured-img":"","footer-sml-layout":"","ast-disable-related-posts":"","theme-transparent-header-meta":"","adv-header-id-meta":"","stick-header-meta":"","header-above-stick-meta":"","header-main-stick-meta":"","header-below-stick-meta":"","astra-migrate-meta-layouts":"default","ast-page-background-enabled":"default","ast-page-background-meta":{"desktop":{"background-color":"","background-image":"","background-repeat":"repeat","background-position":"center center","background-size":"auto","background-attachment":"scroll","background-type":"","background-media":"","overlay-type":"","overlay-color":"","overlay-opacity":"","overlay-gradient":""},"tablet":{"background-color":"","background-image":"","background-repeat":"repeat","background-position":"center center","background-size":"auto","background-attachment":"scroll","background-type":"","background-media":"","overlay-type":"","overlay-color":"","overlay-opacity":"","overlay-gradient":""},"mobile":{"background-color":"","background-image":"","background-repeat":"repeat","background-position":"center center","background-size":"auto","background-attachment":"scroll","background-type":"","background-media":"","overlay-type":"","overlay-color":"","overlay-opacity":"","overlay-gradient":""}},"ast-content-background-meta":{"desktop":{"background-color":"var(--ast-global-color-4)","background-image":"","background-repeat":"repeat","background-position":"center center","background-size":"auto","background-attachment":"scroll","background-type":"","background-media":"","overlay-type":"","overlay-color":"","overlay-opacity":"","overlay-gradient":""},"tablet":{"background-color":"var(--ast-global-color-4)","background-image":"","background-repeat":"repeat","background-position":"center center","background-size":"auto","background-attachment":"scroll","background-type":"","background-media":"","overlay-type":"","overlay-color":"","overlay-opacity":"","overlay-gradient":""},"mobile":{"background-color":"var(--ast-global-color-4)","background-image":"","background-repeat":"repeat","background-position":"center center","background-size":"auto","background-attachment":"scroll","background-type":"","background-media":"","overlay-type":"","overlay-color":"","overlay-opacity":"","overlay-gradient":""}}},"product_brand":[],"product_cat":[165],"product_tag":[],"class_list":{"0":"post-22129","1":"product","2":"type-product","3":"status-publish","4":"has-post-thumbnail","6":"product_cat-religija-filosofija-ir-ezoterika","7":"desktop-align-left","8":"tablet-align-left","9":"mobile-align-left","11":"first","12":"instock","13":"shipping-taxable","14":"purchasable","15":"product-type-simple"},"acf":[],"yoast_head":"<!-- This site is optimized with the Yoast SEO plugin v27.0 - https:\/\/yoast.com\/product\/yoast-seo-wordpress\/ -->\n<title>\u012erodyk man...<\/title>\n<meta name=\"description\" content=\"Pastaruoju metu ypa\u010d pastebimas did\u017eiulis susidom\u0117jimas \u017emogaus kilme, anapusine egzistencija jam esant gyvam ir po mirties. Knygos \u201e\u012erodyk man...\u201c\" \/>\n<meta name=\"robots\" content=\"index, follow, max-snippet:-1, max-image-preview:large, max-video-preview:-1\" \/>\n<link rel=\"canonical\" href=\"https:\/\/skaitytaknyga.lt\/en\/produktas\/lt-12\/\" \/>\n<meta property=\"og:locale\" content=\"en_GB\" \/>\n<meta property=\"og:locale:alternate\" content=\"lt_LT\" \/>\n<meta property=\"og:type\" content=\"article\" \/>\n<meta property=\"og:title\" content=\"\u012erodyk man...\" \/>\n<meta property=\"og:description\" content=\"Pastaruoju metu ypa\u010d pastebimas did\u017eiulis susidom\u0117jimas \u017emogaus kilme, anapusine egzistencija jam esant gyvam ir po mirties. Knygos \u201e\u012erodyk man...\u201c\" \/>\n<meta property=\"og:url\" content=\"https:\/\/skaitytaknyga.lt\/en\/produktas\/lt-12\/\" \/>\n<meta property=\"og:site_name\" content=\"Skaitytaknyga\" \/>\n<meta property=\"article:publisher\" content=\"https:\/\/www.facebook.com\/skaitytaknyga\/\" \/>\n<meta property=\"article:modified_time\" content=\"2026-02-26T08:10:23+00:00\" \/>\n<meta property=\"og:image\" content=\"https:\/\/skaitytaknyga.lt\/wp-content\/uploads\/2025\/11\/Irodyk-man-1.webp\" \/>\n\t<meta property=\"og:image:width\" content=\"300\" \/>\n\t<meta property=\"og:image:height\" content=\"423\" \/>\n\t<meta property=\"og:image:type\" content=\"image\/webp\" \/>\n<meta name=\"twitter:card\" content=\"summary_large_image\" \/>\n<meta name=\"twitter:label1\" content=\"Estimated reading time\" \/>\n\t<meta name=\"twitter:data1\" content=\"1 minute\" \/>\n<script type=\"application\/ld+json\" class=\"yoast-schema-graph\">{\"@context\":\"https:\/\/schema.org\",\"@graph\":[{\"@type\":\"WebPage\",\"@id\":\"https:\/\/skaitytaknyga.lt\/produktas\/lt-12\/\",\"url\":\"https:\/\/skaitytaknyga.lt\/produktas\/lt-12\/\",\"name\":\"\u012erodyk man...\",\"isPartOf\":{\"@id\":\"https:\/\/skaitytaknyga.lt\/#website\"},\"primaryImageOfPage\":{\"@id\":\"https:\/\/skaitytaknyga.lt\/produktas\/lt-12\/#primaryimage\"},\"image\":{\"@id\":\"https:\/\/skaitytaknyga.lt\/produktas\/lt-12\/#primaryimage\"},\"thumbnailUrl\":\"https:\/\/skaitytaknyga.lt\/wp-content\/uploads\/2025\/11\/Irodyk-man-1.webp\",\"datePublished\":\"2025-11-29T10:55:13+00:00\",\"dateModified\":\"2026-02-26T08:10:23+00:00\",\"description\":\"Pastaruoju metu ypa\u010d pastebimas did\u017eiulis susidom\u0117jimas \u017emogaus kilme, anapusine egzistencija jam esant gyvam ir po mirties. Knygos \u201e\u012erodyk man...\u201c\",\"breadcrumb\":{\"@id\":\"https:\/\/skaitytaknyga.lt\/produktas\/lt-12\/#breadcrumb\"},\"inLanguage\":\"en-GB\",\"potentialAction\":[{\"@type\":\"ReadAction\",\"target\":[\"https:\/\/skaitytaknyga.lt\/produktas\/lt-12\/\"]}]},{\"@type\":\"ImageObject\",\"inLanguage\":\"en-GB\",\"@id\":\"https:\/\/skaitytaknyga.lt\/produktas\/lt-12\/#primaryimage\",\"url\":\"https:\/\/skaitytaknyga.lt\/wp-content\/uploads\/2025\/11\/Irodyk-man-1.webp\",\"contentUrl\":\"https:\/\/skaitytaknyga.lt\/wp-content\/uploads\/2025\/11\/Irodyk-man-1.webp\",\"width\":300,\"height\":423,\"caption\":\"\u012erodyk man\"},{\"@type\":\"BreadcrumbList\",\"@id\":\"https:\/\/skaitytaknyga.lt\/produktas\/lt-12\/#breadcrumb\",\"itemListElement\":[{\"@type\":\"ListItem\",\"position\":1,\"name\":\"Home\",\"item\":\"https:\/\/skaitytaknyga.lt\/\"},{\"@type\":\"ListItem\",\"position\":2,\"name\":\"Parduotuv\u0117\",\"item\":\"https:\/\/skaitytaknyga.lt\/knygu-parduotuve\/\"},{\"@type\":\"ListItem\",\"position\":3,\"name\":\"\u012erodyk man&#8230;\"}]},{\"@type\":\"WebSite\",\"@id\":\"https:\/\/skaitytaknyga.lt\/#website\",\"url\":\"https:\/\/skaitytaknyga.lt\/\",\"name\":\"skaitytaknyga.lt\",\"description\":\"Skaitytaknyga.lt \u2013 tai ma\u017eas \u0161eimos verslas, kuris prasid\u0117jo nuo meil\u0117s knygoms ir siekio i\u0161gelb\u0117ti knygas nuo likimo prie konteinerio. Kas vienam nereikalingas daiktas \u2013 kitam lobis, o mes esame tarpininkai, kurie padeda abiems tapti laimingesniems ???? \u017dinome kaip nelengva i\u0161gyventi ma\u017eiems verslams, tad nuo \u0161iol, \u010dia rasite ir kit\u0173, ma\u017e\u0173 \u0161eim\u0173 versl\u0173, rank\u0173 darbo, dovan\u0173 sau ir artimiesiems.\",\"publisher\":{\"@id\":\"https:\/\/skaitytaknyga.lt\/#organization\"},\"potentialAction\":[{\"@type\":\"SearchAction\",\"target\":{\"@type\":\"EntryPoint\",\"urlTemplate\":\"https:\/\/skaitytaknyga.lt\/?s={search_term_string}\"},\"query-input\":{\"@type\":\"PropertyValueSpecification\",\"valueRequired\":true,\"valueName\":\"search_term_string\"}}],\"inLanguage\":\"en-GB\"},{\"@type\":\"Organization\",\"@id\":\"https:\/\/skaitytaknyga.lt\/#organization\",\"name\":\"skaitytaknyga.lt\",\"url\":\"https:\/\/skaitytaknyga.lt\/\",\"logo\":{\"@type\":\"ImageObject\",\"inLanguage\":\"en-GB\",\"@id\":\"https:\/\/skaitytaknyga.lt\/#\/schema\/logo\/image\/\",\"url\":\"https:\/\/skaitytaknyga.lt\/wp-content\/uploads\/2024\/05\/cropped-cropped-cropped-02_00843_jt3bggkj1j3HLc7SyY6rEUpg.jpeg\",\"contentUrl\":\"https:\/\/skaitytaknyga.lt\/wp-content\/uploads\/2024\/05\/cropped-cropped-cropped-02_00843_jt3bggkj1j3HLc7SyY6rEUpg.jpeg\",\"width\":1600,\"height\":1600,\"caption\":\"skaitytaknyga.lt\"},\"image\":{\"@id\":\"https:\/\/skaitytaknyga.lt\/#\/schema\/logo\/image\/\"},\"sameAs\":[\"https:\/\/www.facebook.com\/skaitytaknyga\/\"]}]}<\/script>\n<!-- \/ Yoast SEO plugin. -->","yoast_head_json":{"title":"\u012erodyk man...","description":"Pastaruoju metu ypa\u010d pastebimas did\u017eiulis susidom\u0117jimas \u017emogaus kilme, anapusine egzistencija jam esant gyvam ir po mirties. Knygos \u201e\u012erodyk man...\u201c","robots":{"index":"index","follow":"follow","max-snippet":"max-snippet:-1","max-image-preview":"max-image-preview:large","max-video-preview":"max-video-preview:-1"},"canonical":"https:\/\/skaitytaknyga.lt\/en\/produktas\/lt-12\/","og_locale":"en_GB","og_type":"article","og_title":"[:lt]\u012erodyk man...[:] - Skaitytaknyga","og_description":"Pastaruoju metu ypa\u010d pastebimas did\u017eiulis susidom\u0117jimas \u017emogaus kilme, anapusine egzistencija jam esant gyvam ir po mirties. Knygos \u201e\u012erodyk man...\u201c","og_url":"https:\/\/skaitytaknyga.lt\/en\/produktas\/lt-12\/","og_site_name":"Skaitytaknyga","article_publisher":"https:\/\/www.facebook.com\/skaitytaknyga\/","article_modified_time":"2026-02-26T08:10:23+00:00","og_image":[{"width":300,"height":423,"url":"https:\/\/skaitytaknyga.lt\/wp-content\/uploads\/2025\/11\/Irodyk-man-1.webp","type":"image\/webp"}],"twitter_card":"summary_large_image","twitter_misc":{"Estimated reading time":"1 minute"},"schema":{"@context":"https:\/\/schema.org","@graph":[{"@type":"WebPage","@id":"https:\/\/skaitytaknyga.lt\/produktas\/lt-12\/","url":"https:\/\/skaitytaknyga.lt\/produktas\/lt-12\/","name":"\u012erodyk man...","isPartOf":{"@id":"https:\/\/skaitytaknyga.lt\/#website"},"primaryImageOfPage":{"@id":"https:\/\/skaitytaknyga.lt\/produktas\/lt-12\/#primaryimage"},"image":{"@id":"https:\/\/skaitytaknyga.lt\/produktas\/lt-12\/#primaryimage"},"thumbnailUrl":"https:\/\/skaitytaknyga.lt\/wp-content\/uploads\/2025\/11\/Irodyk-man-1.webp","datePublished":"2025-11-29T10:55:13+00:00","dateModified":"2026-02-26T08:10:23+00:00","description":"Pastaruoju metu ypa\u010d pastebimas did\u017eiulis susidom\u0117jimas \u017emogaus kilme, anapusine egzistencija jam esant gyvam ir po mirties. Knygos \u201e\u012erodyk man...\u201c","breadcrumb":{"@id":"https:\/\/skaitytaknyga.lt\/produktas\/lt-12\/#breadcrumb"},"inLanguage":"en-GB","potentialAction":[{"@type":"ReadAction","target":["https:\/\/skaitytaknyga.lt\/produktas\/lt-12\/"]}]},{"@type":"ImageObject","inLanguage":"en-GB","@id":"https:\/\/skaitytaknyga.lt\/produktas\/lt-12\/#primaryimage","url":"https:\/\/skaitytaknyga.lt\/wp-content\/uploads\/2025\/11\/Irodyk-man-1.webp","contentUrl":"https:\/\/skaitytaknyga.lt\/wp-content\/uploads\/2025\/11\/Irodyk-man-1.webp","width":300,"height":423,"caption":"\u012erodyk man"},{"@type":"BreadcrumbList","@id":"https:\/\/skaitytaknyga.lt\/produktas\/lt-12\/#breadcrumb","itemListElement":[{"@type":"ListItem","position":1,"name":"Home","item":"https:\/\/skaitytaknyga.lt\/"},{"@type":"ListItem","position":2,"name":"Parduotuv\u0117","item":"https:\/\/skaitytaknyga.lt\/knygu-parduotuve\/"},{"@type":"ListItem","position":3,"name":"\u012erodyk man&#8230;"}]},{"@type":"WebSite","@id":"https:\/\/skaitytaknyga.lt\/#website","url":"https:\/\/skaitytaknyga.lt\/","name":"skaitytaknyga.lt","description":"Skaitytaknyga.lt \u2013 tai ma\u017eas \u0161eimos verslas, kuris prasid\u0117jo nuo meil\u0117s knygoms ir siekio i\u0161gelb\u0117ti knygas nuo likimo prie konteinerio. Kas vienam nereikalingas daiktas \u2013 kitam lobis, o mes esame tarpininkai, kurie padeda abiems tapti laimingesniems ???? \u017dinome kaip nelengva i\u0161gyventi ma\u017eiems verslams, tad nuo \u0161iol, \u010dia rasite ir kit\u0173, ma\u017e\u0173 \u0161eim\u0173 versl\u0173, rank\u0173 darbo, dovan\u0173 sau ir artimiesiems.","publisher":{"@id":"https:\/\/skaitytaknyga.lt\/#organization"},"potentialAction":[{"@type":"SearchAction","target":{"@type":"EntryPoint","urlTemplate":"https:\/\/skaitytaknyga.lt\/?s={search_term_string}"},"query-input":{"@type":"PropertyValueSpecification","valueRequired":true,"valueName":"search_term_string"}}],"inLanguage":"en-GB"},{"@type":"Organization","@id":"https:\/\/skaitytaknyga.lt\/#organization","name":"skaitytaknyga.lt","url":"https:\/\/skaitytaknyga.lt\/","logo":{"@type":"ImageObject","inLanguage":"en-GB","@id":"https:\/\/skaitytaknyga.lt\/#\/schema\/logo\/image\/","url":"https:\/\/skaitytaknyga.lt\/wp-content\/uploads\/2024\/05\/cropped-cropped-cropped-02_00843_jt3bggkj1j3HLc7SyY6rEUpg.jpeg","contentUrl":"https:\/\/skaitytaknyga.lt\/wp-content\/uploads\/2024\/05\/cropped-cropped-cropped-02_00843_jt3bggkj1j3HLc7SyY6rEUpg.jpeg","width":1600,"height":1600,"caption":"skaitytaknyga.lt"},"image":{"@id":"https:\/\/skaitytaknyga.lt\/#\/schema\/logo\/image\/"},"sameAs":["https:\/\/www.facebook.com\/skaitytaknyga\/"]}]}},"_links":{"self":[{"href":"https:\/\/skaitytaknyga.lt\/en\/wp-json\/wp\/v2\/product\/22129","targetHints":{"allow":["GET"]}}],"collection":[{"href":"https:\/\/skaitytaknyga.lt\/en\/wp-json\/wp\/v2\/product"}],"about":[{"href":"https:\/\/skaitytaknyga.lt\/en\/wp-json\/wp\/v2\/types\/product"}],"replies":[{"embeddable":true,"href":"https:\/\/skaitytaknyga.lt\/en\/wp-json\/wp\/v2\/comments?post=22129"}],"wp:featuredmedia":[{"embeddable":true,"href":"https:\/\/skaitytaknyga.lt\/en\/wp-json\/wp\/v2\/media\/22134"}],"wp:attachment":[{"href":"https:\/\/skaitytaknyga.lt\/en\/wp-json\/wp\/v2\/media?parent=22129"}],"wp:term":[{"taxonomy":"product_brand","embeddable":true,"href":"https:\/\/skaitytaknyga.lt\/en\/wp-json\/wp\/v2\/product_brand?post=22129"},{"taxonomy":"product_cat","embeddable":true,"href":"https:\/\/skaitytaknyga.lt\/en\/wp-json\/wp\/v2\/product_cat?post=22129"},{"taxonomy":"product_tag","embeddable":true,"href":"https:\/\/skaitytaknyga.lt\/en\/wp-json\/wp\/v2\/product_tag?post=22129"}],"curies":[{"name":"wp","href":"https:\/\/api.w.org\/{rel}","templated":true}]}}