{"id":2212,"date":"2024-04-17T13:06:26","date_gmt":"2024-04-17T13:06:26","guid":{"rendered":"https:\/\/skaitytaknyga.lt\/?post_type=product&#038;p=2212"},"modified":"2026-03-05T15:58:12","modified_gmt":"2026-03-05T13:58:12","slug":"s-japrisot-pinkles-pelenei","status":"publish","type":"product","link":"https:\/\/skaitytaknyga.lt\/en\/produktas\/s-japrisot-pinkles-pelenei\/","title":{"rendered":"Pinkl\u0117s pelenei"},"content":{"rendered":"<p>A\u0161 \u2013 Mi\u0161el\u0117 Izola<br \/>\nMan dvide\u0161imt<br \/>\nPapasakosiu \u017emog\u017eudyst\u0117s istorij\u0105<br \/>\nA\u0161 tyr\u0117ja<br \/>\nA\u0161 liudinink\u0117<br \/>\nA\u0161 auka<br \/>\nA\u0161 \u017eudik\u0117<br \/>\nKeturi viename, tai kas a\u0161?<\/p>\n<p>\u012etartinas gaisras niokoja nam\u0105 piet\u0173 Pranc\u016bzijos kurorte. Dvi jaunos moterys \u2013 geriausios draug\u0117s \u2013 \u012fkalintos viduje.Viena bus nu\u017eudyta, kita \u2013 i\u0161gyvens.<\/p>\n<p>Pagrindin\u0117 knygos veik\u0117ja nubunda stipriai apdegusi veid\u0105 ir rankas. Praradusi atmint\u012f ir i\u0161vaizd\u0105, ji susitelkia \u012f savo praeit\u012f, ta\u010diau negali suprasti, kas esanti. Ji negali susitaikyti su vienatve, tapatybe, ne\u017einomybe. Kas ji? Paveld\u0117toja ar jos draug\u0117? \u017dudik\u0117 ar auka? Tik vienas \u017emogus \u017eino ties\u0105 apie i\u0161davyst\u0119 t\u0105nakt.<\/p>\n<p>\u201ePinkl\u0117s Pelenei\u201c \u2013 virtuozi\u0161kai para\u0161ytas detektyvas, kuriame susipina \u017emogaus aistros, mitai ir pasakos.<\/p>\n","protected":false},"excerpt":{"rendered":"<p><em>A\u0161 \u2013 Mi\u0161el\u0117 Izola<\/em><br \/>\n<em>Man dvide\u0161imt<\/em><br \/>\n<em>Papasakosiu \u017emog\u017eudyst\u0117s istorij\u0105<\/em><br \/>\n<em>A\u0161 tyr\u0117ja<\/em><br \/>\n<em>A\u0161 liudinink\u0117<\/em><br \/>\n<em>A\u0161 auka<\/em><br \/>\n<em>A\u0161 \u017eudik\u0117<\/em><br \/>\n<em>Keturi viename, tai kas a\u0161?<\/em><\/p>\n<p>\u012etartinas gaisras niokoja nam\u0105 piet\u0173 Pranc\u016bzijos kurorte. Dvi jaunos moterys \u2013 geriausios draug\u0117s \u2013 \u012fkalintos viduje.Viena bus nu\u017eudyta, kita \u2013 i\u0161gyvens.<\/p>\n<p>Pagrindin\u0117 knygos veik\u0117ja nubunda stipriai apdegusi veid\u0105 ir rankas. Praradusi atmint\u012f ir i\u0161vaizd\u0105, ji susitelkia \u012f savo praeit\u012f, ta\u010diau negali suprasti, kas esanti. Ji negali susitaikyti su vienatve, tapatybe, ne\u017einomybe. Kas ji? Paveld\u0117toja ar jos draug\u0117? \u017dudik\u0117 ar auka? Tik vienas \u017emogus \u017eino ties\u0105 apie i\u0161davyst\u0119 t\u0105nakt.<\/p>\n","protected":false},"featured_media":2243,"comment_status":"closed","ping_status":"closed","template":"","meta":{"_acf_changed":false,"site-sidebar-layout":"default","site-content-layout":"","ast-site-content-layout":"default","site-content-style":"default","site-sidebar-style":"default","ast-global-header-display":"","ast-banner-title-visibility":"","ast-main-header-display":"","ast-hfb-above-header-display":"","ast-hfb-below-header-display":"","ast-hfb-mobile-header-display":"","site-post-title":"","ast-breadcrumbs-content":"","ast-featured-img":"","footer-sml-layout":"","ast-disable-related-posts":"","theme-transparent-header-meta":"","adv-header-id-meta":"","stick-header-meta":"","header-above-stick-meta":"","header-main-stick-meta":"","header-below-stick-meta":"","astra-migrate-meta-layouts":"default","ast-page-background-enabled":"default","ast-page-background-meta":{"desktop":{"background-color":"","background-image":"","background-repeat":"repeat","background-position":"center center","background-size":"auto","background-attachment":"scroll","background-type":"","background-media":"","overlay-type":"","overlay-color":"","overlay-opacity":"","overlay-gradient":""},"tablet":{"background-color":"","background-image":"","background-repeat":"repeat","background-position":"center center","background-size":"auto","background-attachment":"scroll","background-type":"","background-media":"","overlay-type":"","overlay-color":"","overlay-opacity":"","overlay-gradient":""},"mobile":{"background-color":"","background-image":"","background-repeat":"repeat","background-position":"center center","background-size":"auto","background-attachment":"scroll","background-type":"","background-media":"","overlay-type":"","overlay-color":"","overlay-opacity":"","overlay-gradient":""}},"ast-content-background-meta":{"desktop":{"background-color":"var(--ast-global-color-4)","background-image":"","background-repeat":"repeat","background-position":"center center","background-size":"auto","background-attachment":"scroll","background-type":"","background-media":"","overlay-type":"","overlay-color":"","overlay-opacity":"","overlay-gradient":""},"tablet":{"background-color":"var(--ast-global-color-4)","background-image":"","background-repeat":"repeat","background-position":"center center","background-size":"auto","background-attachment":"scroll","background-type":"","background-media":"","overlay-type":"","overlay-color":"","overlay-opacity":"","overlay-gradient":""},"mobile":{"background-color":"var(--ast-global-color-4)","background-image":"","background-repeat":"repeat","background-position":"center center","background-size":"auto","background-attachment":"scroll","background-type":"","background-media":"","overlay-type":"","overlay-color":"","overlay-opacity":"","overlay-gradient":""}}},"product_brand":[],"product_cat":[9580],"product_tag":[],"class_list":{"0":"post-2212","1":"product","2":"type-product","3":"status-publish","4":"has-post-thumbnail","6":"product_cat-psichologiniai-detektyvai","7":"desktop-align-left","8":"tablet-align-left","9":"mobile-align-left","11":"first","12":"outofstock","13":"shipping-taxable","14":"purchasable","15":"product-type-simple"},"acf":[],"yoast_head":"<!-- This site is optimized with the Yoast SEO plugin v27.0 - https:\/\/yoast.com\/product\/yoast-seo-wordpress\/ -->\n<title>Pinkl\u0117s pelenei<\/title>\n<meta name=\"description\" content=\"A\u0161 \u2013 Mi\u0161el\u0117 Izola Man dvide\u0161imt Papasakosiu \u017emog\u017eudyst\u0117s istorij\u0105 A\u0161 tyr\u0117ja A\u0161 liudinink\u0117 A\u0161 auka A\u0161 \u017eudik\u0117 Keturi viename, tai kas a\u0161?  \u012etartinas gaisras niokoja nam\u0105 piet\u0173 Pranc\u016bzijos kurorte. Dvi jaunos moterys \u2013 geriausios draug\u0117s \u2013 \u012fkalintos viduje.Viena bus nu\u017eudyta, kita \u2013 i\u0161gyvens.  Pagrindin\u0117 knygos veik\u0117ja nubunda stipriai apdegusi veid\u0105 ir rankas. Praradusi atmint\u012f ir i\u0161vaizd\u0105, ji susitelkia \u012f savo praeit\u012f, ta\u010diau negali suprasti, kas esanti. Ji negali susitaikyti su vienatve, tapatybe, ne\u017einomybe. Kas ji? Paveld\u0117toja ar jos draug\u0117? \u017dudik\u0117 ar auka? Tik vienas \u017emogus \u017eino ties\u0105 apie i\u0161davyst\u0119 t\u0105nakt.\" \/>\n<meta name=\"robots\" content=\"index, follow, max-snippet:-1, max-image-preview:large, max-video-preview:-1\" \/>\n<link rel=\"canonical\" href=\"https:\/\/skaitytaknyga.lt\/en\/produktas\/s-japrisot-pinkles-pelenei\/\" \/>\n<meta property=\"og:locale\" content=\"en_GB\" \/>\n<meta property=\"og:locale:alternate\" content=\"lt_LT\" \/>\n<meta property=\"og:type\" content=\"article\" \/>\n<meta property=\"og:title\" content=\"Pinkl\u0117s pelenei\" \/>\n<meta property=\"og:description\" content=\"A\u0161 \u2013 Mi\u0161el\u0117 Izola Man dvide\u0161imt Papasakosiu \u017emog\u017eudyst\u0117s istorij\u0105 A\u0161 tyr\u0117ja A\u0161 liudinink\u0117 A\u0161 auka A\u0161 \u017eudik\u0117 Keturi viename, tai kas a\u0161?  \u012etartinas gaisras niokoja nam\u0105 piet\u0173 Pranc\u016bzijos kurorte. Dvi jaunos moterys \u2013 geriausios draug\u0117s \u2013 \u012fkalintos viduje.Viena bus nu\u017eudyta, kita \u2013 i\u0161gyvens.  Pagrindin\u0117 knygos veik\u0117ja nubunda stipriai apdegusi veid\u0105 ir rankas. Praradusi atmint\u012f ir i\u0161vaizd\u0105, ji susitelkia \u012f savo praeit\u012f, ta\u010diau negali suprasti, kas esanti. Ji negali susitaikyti su vienatve, tapatybe, ne\u017einomybe. Kas ji? Paveld\u0117toja ar jos draug\u0117? \u017dudik\u0117 ar auka? Tik vienas \u017emogus \u017eino ties\u0105 apie i\u0161davyst\u0119 t\u0105nakt.\" \/>\n<meta property=\"og:url\" content=\"https:\/\/skaitytaknyga.lt\/en\/produktas\/s-japrisot-pinkles-pelenei\/\" \/>\n<meta property=\"og:site_name\" content=\"Skaitytaknyga\" \/>\n<meta property=\"article:publisher\" content=\"https:\/\/www.facebook.com\/skaitytaknyga\/\" \/>\n<meta property=\"article:modified_time\" content=\"2026-03-05T13:58:12+00:00\" \/>\n<meta property=\"og:image\" content=\"https:\/\/skaitytaknyga.lt\/wp-content\/uploads\/2024\/04\/000000000002168869-59de861d64411-asset-knyguklubas-cdb_9786094441899_pinkles-pelenei_p1.jpg\" \/>\n\t<meta property=\"og:image:width\" content=\"285\" \/>\n\t<meta property=\"og:image:height\" content=\"453\" \/>\n\t<meta property=\"og:image:type\" content=\"image\/jpeg\" \/>\n<meta name=\"twitter:card\" content=\"summary_large_image\" \/>\n<meta name=\"twitter:label1\" content=\"Estimated reading time\" \/>\n\t<meta name=\"twitter:data1\" content=\"1 minute\" \/>\n<script type=\"application\/ld+json\" class=\"yoast-schema-graph\">{\"@context\":\"https:\/\/schema.org\",\"@graph\":[{\"@type\":\"WebPage\",\"@id\":\"https:\/\/skaitytaknyga.lt\/produktas\/s-japrisot-pinkles-pelenei\/\",\"url\":\"https:\/\/skaitytaknyga.lt\/produktas\/s-japrisot-pinkles-pelenei\/\",\"name\":\"Pinkl\u0117s pelenei\",\"isPartOf\":{\"@id\":\"https:\/\/skaitytaknyga.lt\/#website\"},\"primaryImageOfPage\":{\"@id\":\"https:\/\/skaitytaknyga.lt\/produktas\/s-japrisot-pinkles-pelenei\/#primaryimage\"},\"image\":{\"@id\":\"https:\/\/skaitytaknyga.lt\/produktas\/s-japrisot-pinkles-pelenei\/#primaryimage\"},\"thumbnailUrl\":\"https:\/\/skaitytaknyga.lt\/wp-content\/uploads\/2024\/04\/000000000002168869-59de861d64411-asset-knyguklubas-cdb_9786094441899_pinkles-pelenei_p1.jpg\",\"datePublished\":\"2024-04-17T13:06:26+00:00\",\"dateModified\":\"2026-03-05T13:58:12+00:00\",\"description\":\"A\u0161 \u2013 Mi\u0161el\u0117 Izola Man dvide\u0161imt Papasakosiu \u017emog\u017eudyst\u0117s istorij\u0105 A\u0161 tyr\u0117ja A\u0161 liudinink\u0117 A\u0161 auka A\u0161 \u017eudik\u0117 Keturi viename, tai kas a\u0161? \u012etartinas gaisras niokoja nam\u0105 piet\u0173 Pranc\u016bzijos kurorte. Dvi jaunos moterys \u2013 geriausios draug\u0117s \u2013 \u012fkalintos viduje.Viena bus nu\u017eudyta, kita \u2013 i\u0161gyvens. Pagrindin\u0117 knygos veik\u0117ja nubunda stipriai apdegusi veid\u0105 ir rankas. Praradusi atmint\u012f ir i\u0161vaizd\u0105, ji susitelkia \u012f savo praeit\u012f, ta\u010diau negali suprasti, kas esanti. Ji negali susitaikyti su vienatve, tapatybe, ne\u017einomybe. Kas ji? Paveld\u0117toja ar jos draug\u0117? \u017dudik\u0117 ar auka? Tik vienas \u017emogus \u017eino ties\u0105 apie i\u0161davyst\u0119 t\u0105nakt.\",\"breadcrumb\":{\"@id\":\"https:\/\/skaitytaknyga.lt\/produktas\/s-japrisot-pinkles-pelenei\/#breadcrumb\"},\"inLanguage\":\"en-GB\",\"potentialAction\":[{\"@type\":\"ReadAction\",\"target\":[\"https:\/\/skaitytaknyga.lt\/produktas\/s-japrisot-pinkles-pelenei\/\"]}]},{\"@type\":\"ImageObject\",\"inLanguage\":\"en-GB\",\"@id\":\"https:\/\/skaitytaknyga.lt\/produktas\/s-japrisot-pinkles-pelenei\/#primaryimage\",\"url\":\"https:\/\/skaitytaknyga.lt\/wp-content\/uploads\/2024\/04\/000000000002168869-59de861d64411-asset-knyguklubas-cdb_9786094441899_pinkles-pelenei_p1.jpg\",\"contentUrl\":\"https:\/\/skaitytaknyga.lt\/wp-content\/uploads\/2024\/04\/000000000002168869-59de861d64411-asset-knyguklubas-cdb_9786094441899_pinkles-pelenei_p1.jpg\",\"width\":285,\"height\":453,\"caption\":\"000000000002168869 59de861d64411 asset knyguklubas cdb 9786094441899 pinkles pelenei p1\"},{\"@type\":\"BreadcrumbList\",\"@id\":\"https:\/\/skaitytaknyga.lt\/produktas\/s-japrisot-pinkles-pelenei\/#breadcrumb\",\"itemListElement\":[{\"@type\":\"ListItem\",\"position\":1,\"name\":\"Home\",\"item\":\"https:\/\/skaitytaknyga.lt\/\"},{\"@type\":\"ListItem\",\"position\":2,\"name\":\"Parduotuv\u0117\",\"item\":\"https:\/\/skaitytaknyga.lt\/knygu-parduotuve\/\"},{\"@type\":\"ListItem\",\"position\":3,\"name\":\"Pinkl\u0117s pelenei\"}]},{\"@type\":\"WebSite\",\"@id\":\"https:\/\/skaitytaknyga.lt\/#website\",\"url\":\"https:\/\/skaitytaknyga.lt\/\",\"name\":\"skaitytaknyga.lt\",\"description\":\"Skaitytaknyga.lt \u2013 tai ma\u017eas \u0161eimos verslas, kuris prasid\u0117jo nuo meil\u0117s knygoms ir siekio i\u0161gelb\u0117ti knygas nuo likimo prie konteinerio. Kas vienam nereikalingas daiktas \u2013 kitam lobis, o mes esame tarpininkai, kurie padeda abiems tapti laimingesniems ???? \u017dinome kaip nelengva i\u0161gyventi ma\u017eiems verslams, tad nuo \u0161iol, \u010dia rasite ir kit\u0173, ma\u017e\u0173 \u0161eim\u0173 versl\u0173, rank\u0173 darbo, dovan\u0173 sau ir artimiesiems.\",\"publisher\":{\"@id\":\"https:\/\/skaitytaknyga.lt\/#organization\"},\"potentialAction\":[{\"@type\":\"SearchAction\",\"target\":{\"@type\":\"EntryPoint\",\"urlTemplate\":\"https:\/\/skaitytaknyga.lt\/?s={search_term_string}\"},\"query-input\":{\"@type\":\"PropertyValueSpecification\",\"valueRequired\":true,\"valueName\":\"search_term_string\"}}],\"inLanguage\":\"en-GB\"},{\"@type\":\"Organization\",\"@id\":\"https:\/\/skaitytaknyga.lt\/#organization\",\"name\":\"skaitytaknyga.lt\",\"url\":\"https:\/\/skaitytaknyga.lt\/\",\"logo\":{\"@type\":\"ImageObject\",\"inLanguage\":\"en-GB\",\"@id\":\"https:\/\/skaitytaknyga.lt\/#\/schema\/logo\/image\/\",\"url\":\"https:\/\/skaitytaknyga.lt\/wp-content\/uploads\/2024\/05\/cropped-cropped-cropped-02_00843_jt3bggkj1j3HLc7SyY6rEUpg.jpeg\",\"contentUrl\":\"https:\/\/skaitytaknyga.lt\/wp-content\/uploads\/2024\/05\/cropped-cropped-cropped-02_00843_jt3bggkj1j3HLc7SyY6rEUpg.jpeg\",\"width\":1600,\"height\":1600,\"caption\":\"skaitytaknyga.lt\"},\"image\":{\"@id\":\"https:\/\/skaitytaknyga.lt\/#\/schema\/logo\/image\/\"},\"sameAs\":[\"https:\/\/www.facebook.com\/skaitytaknyga\/\"]}]}<\/script>\n<!-- \/ Yoast SEO plugin. -->","yoast_head_json":{"title":"Pinkl\u0117s pelenei","description":"A\u0161 \u2013 Mi\u0161el\u0117 Izola Man dvide\u0161imt Papasakosiu \u017emog\u017eudyst\u0117s istorij\u0105 A\u0161 tyr\u0117ja A\u0161 liudinink\u0117 A\u0161 auka A\u0161 \u017eudik\u0117 Keturi viename, tai kas a\u0161?  \u012etartinas gaisras niokoja nam\u0105 piet\u0173 Pranc\u016bzijos kurorte. Dvi jaunos moterys \u2013 geriausios draug\u0117s \u2013 \u012fkalintos viduje.Viena bus nu\u017eudyta, kita \u2013 i\u0161gyvens.  Pagrindin\u0117 knygos veik\u0117ja nubunda stipriai apdegusi veid\u0105 ir rankas. Praradusi atmint\u012f ir i\u0161vaizd\u0105, ji susitelkia \u012f savo praeit\u012f, ta\u010diau negali suprasti, kas esanti. Ji negali susitaikyti su vienatve, tapatybe, ne\u017einomybe. Kas ji? Paveld\u0117toja ar jos draug\u0117? \u017dudik\u0117 ar auka? Tik vienas \u017emogus \u017eino ties\u0105 apie i\u0161davyst\u0119 t\u0105nakt.","robots":{"index":"index","follow":"follow","max-snippet":"max-snippet:-1","max-image-preview":"max-image-preview:large","max-video-preview":"max-video-preview:-1"},"canonical":"https:\/\/skaitytaknyga.lt\/en\/produktas\/s-japrisot-pinkles-pelenei\/","og_locale":"en_GB","og_type":"article","og_title":"[:lt]Pinkl\u0117s pelenei[:] - Skaitytaknyga","og_description":"A\u0161 \u2013 Mi\u0161el\u0117 Izola Man dvide\u0161imt Papasakosiu \u017emog\u017eudyst\u0117s istorij\u0105 A\u0161 tyr\u0117ja A\u0161 liudinink\u0117 A\u0161 auka A\u0161 \u017eudik\u0117 Keturi viename, tai kas a\u0161?  \u012etartinas gaisras niokoja nam\u0105 piet\u0173 Pranc\u016bzijos kurorte. Dvi jaunos moterys \u2013 geriausios draug\u0117s \u2013 \u012fkalintos viduje.Viena bus nu\u017eudyta, kita \u2013 i\u0161gyvens.  Pagrindin\u0117 knygos veik\u0117ja nubunda stipriai apdegusi veid\u0105 ir rankas. Praradusi atmint\u012f ir i\u0161vaizd\u0105, ji susitelkia \u012f savo praeit\u012f, ta\u010diau negali suprasti, kas esanti. Ji negali susitaikyti su vienatve, tapatybe, ne\u017einomybe. Kas ji? Paveld\u0117toja ar jos draug\u0117? \u017dudik\u0117 ar auka? Tik vienas \u017emogus \u017eino ties\u0105 apie i\u0161davyst\u0119 t\u0105nakt.","og_url":"https:\/\/skaitytaknyga.lt\/en\/produktas\/s-japrisot-pinkles-pelenei\/","og_site_name":"Skaitytaknyga","article_publisher":"https:\/\/www.facebook.com\/skaitytaknyga\/","article_modified_time":"2026-03-05T13:58:12+00:00","og_image":[{"width":285,"height":453,"url":"https:\/\/skaitytaknyga.lt\/wp-content\/uploads\/2024\/04\/000000000002168869-59de861d64411-asset-knyguklubas-cdb_9786094441899_pinkles-pelenei_p1.jpg","type":"image\/jpeg"}],"twitter_card":"summary_large_image","twitter_misc":{"Estimated reading time":"1 minute"},"schema":{"@context":"https:\/\/schema.org","@graph":[{"@type":"WebPage","@id":"https:\/\/skaitytaknyga.lt\/produktas\/s-japrisot-pinkles-pelenei\/","url":"https:\/\/skaitytaknyga.lt\/produktas\/s-japrisot-pinkles-pelenei\/","name":"Pinkl\u0117s pelenei","isPartOf":{"@id":"https:\/\/skaitytaknyga.lt\/#website"},"primaryImageOfPage":{"@id":"https:\/\/skaitytaknyga.lt\/produktas\/s-japrisot-pinkles-pelenei\/#primaryimage"},"image":{"@id":"https:\/\/skaitytaknyga.lt\/produktas\/s-japrisot-pinkles-pelenei\/#primaryimage"},"thumbnailUrl":"https:\/\/skaitytaknyga.lt\/wp-content\/uploads\/2024\/04\/000000000002168869-59de861d64411-asset-knyguklubas-cdb_9786094441899_pinkles-pelenei_p1.jpg","datePublished":"2024-04-17T13:06:26+00:00","dateModified":"2026-03-05T13:58:12+00:00","description":"A\u0161 \u2013 Mi\u0161el\u0117 Izola Man dvide\u0161imt Papasakosiu \u017emog\u017eudyst\u0117s istorij\u0105 A\u0161 tyr\u0117ja A\u0161 liudinink\u0117 A\u0161 auka A\u0161 \u017eudik\u0117 Keturi viename, tai kas a\u0161? \u012etartinas gaisras niokoja nam\u0105 piet\u0173 Pranc\u016bzijos kurorte. Dvi jaunos moterys \u2013 geriausios draug\u0117s \u2013 \u012fkalintos viduje.Viena bus nu\u017eudyta, kita \u2013 i\u0161gyvens. Pagrindin\u0117 knygos veik\u0117ja nubunda stipriai apdegusi veid\u0105 ir rankas. Praradusi atmint\u012f ir i\u0161vaizd\u0105, ji susitelkia \u012f savo praeit\u012f, ta\u010diau negali suprasti, kas esanti. Ji negali susitaikyti su vienatve, tapatybe, ne\u017einomybe. Kas ji? Paveld\u0117toja ar jos draug\u0117? \u017dudik\u0117 ar auka? Tik vienas \u017emogus \u017eino ties\u0105 apie i\u0161davyst\u0119 t\u0105nakt.","breadcrumb":{"@id":"https:\/\/skaitytaknyga.lt\/produktas\/s-japrisot-pinkles-pelenei\/#breadcrumb"},"inLanguage":"en-GB","potentialAction":[{"@type":"ReadAction","target":["https:\/\/skaitytaknyga.lt\/produktas\/s-japrisot-pinkles-pelenei\/"]}]},{"@type":"ImageObject","inLanguage":"en-GB","@id":"https:\/\/skaitytaknyga.lt\/produktas\/s-japrisot-pinkles-pelenei\/#primaryimage","url":"https:\/\/skaitytaknyga.lt\/wp-content\/uploads\/2024\/04\/000000000002168869-59de861d64411-asset-knyguklubas-cdb_9786094441899_pinkles-pelenei_p1.jpg","contentUrl":"https:\/\/skaitytaknyga.lt\/wp-content\/uploads\/2024\/04\/000000000002168869-59de861d64411-asset-knyguklubas-cdb_9786094441899_pinkles-pelenei_p1.jpg","width":285,"height":453,"caption":"000000000002168869 59de861d64411 asset knyguklubas cdb 9786094441899 pinkles pelenei p1"},{"@type":"BreadcrumbList","@id":"https:\/\/skaitytaknyga.lt\/produktas\/s-japrisot-pinkles-pelenei\/#breadcrumb","itemListElement":[{"@type":"ListItem","position":1,"name":"Home","item":"https:\/\/skaitytaknyga.lt\/"},{"@type":"ListItem","position":2,"name":"Parduotuv\u0117","item":"https:\/\/skaitytaknyga.lt\/knygu-parduotuve\/"},{"@type":"ListItem","position":3,"name":"Pinkl\u0117s pelenei"}]},{"@type":"WebSite","@id":"https:\/\/skaitytaknyga.lt\/#website","url":"https:\/\/skaitytaknyga.lt\/","name":"skaitytaknyga.lt","description":"Skaitytaknyga.lt \u2013 tai ma\u017eas \u0161eimos verslas, kuris prasid\u0117jo nuo meil\u0117s knygoms ir siekio i\u0161gelb\u0117ti knygas nuo likimo prie konteinerio. Kas vienam nereikalingas daiktas \u2013 kitam lobis, o mes esame tarpininkai, kurie padeda abiems tapti laimingesniems ???? \u017dinome kaip nelengva i\u0161gyventi ma\u017eiems verslams, tad nuo \u0161iol, \u010dia rasite ir kit\u0173, ma\u017e\u0173 \u0161eim\u0173 versl\u0173, rank\u0173 darbo, dovan\u0173 sau ir artimiesiems.","publisher":{"@id":"https:\/\/skaitytaknyga.lt\/#organization"},"potentialAction":[{"@type":"SearchAction","target":{"@type":"EntryPoint","urlTemplate":"https:\/\/skaitytaknyga.lt\/?s={search_term_string}"},"query-input":{"@type":"PropertyValueSpecification","valueRequired":true,"valueName":"search_term_string"}}],"inLanguage":"en-GB"},{"@type":"Organization","@id":"https:\/\/skaitytaknyga.lt\/#organization","name":"skaitytaknyga.lt","url":"https:\/\/skaitytaknyga.lt\/","logo":{"@type":"ImageObject","inLanguage":"en-GB","@id":"https:\/\/skaitytaknyga.lt\/#\/schema\/logo\/image\/","url":"https:\/\/skaitytaknyga.lt\/wp-content\/uploads\/2024\/05\/cropped-cropped-cropped-02_00843_jt3bggkj1j3HLc7SyY6rEUpg.jpeg","contentUrl":"https:\/\/skaitytaknyga.lt\/wp-content\/uploads\/2024\/05\/cropped-cropped-cropped-02_00843_jt3bggkj1j3HLc7SyY6rEUpg.jpeg","width":1600,"height":1600,"caption":"skaitytaknyga.lt"},"image":{"@id":"https:\/\/skaitytaknyga.lt\/#\/schema\/logo\/image\/"},"sameAs":["https:\/\/www.facebook.com\/skaitytaknyga\/"]}]}},"_links":{"self":[{"href":"https:\/\/skaitytaknyga.lt\/en\/wp-json\/wp\/v2\/product\/2212","targetHints":{"allow":["GET"]}}],"collection":[{"href":"https:\/\/skaitytaknyga.lt\/en\/wp-json\/wp\/v2\/product"}],"about":[{"href":"https:\/\/skaitytaknyga.lt\/en\/wp-json\/wp\/v2\/types\/product"}],"replies":[{"embeddable":true,"href":"https:\/\/skaitytaknyga.lt\/en\/wp-json\/wp\/v2\/comments?post=2212"}],"wp:featuredmedia":[{"embeddable":true,"href":"https:\/\/skaitytaknyga.lt\/en\/wp-json\/wp\/v2\/media\/2243"}],"wp:attachment":[{"href":"https:\/\/skaitytaknyga.lt\/en\/wp-json\/wp\/v2\/media?parent=2212"}],"wp:term":[{"taxonomy":"product_brand","embeddable":true,"href":"https:\/\/skaitytaknyga.lt\/en\/wp-json\/wp\/v2\/product_brand?post=2212"},{"taxonomy":"product_cat","embeddable":true,"href":"https:\/\/skaitytaknyga.lt\/en\/wp-json\/wp\/v2\/product_cat?post=2212"},{"taxonomy":"product_tag","embeddable":true,"href":"https:\/\/skaitytaknyga.lt\/en\/wp-json\/wp\/v2\/product_tag?post=2212"}],"curies":[{"name":"wp","href":"https:\/\/api.w.org\/{rel}","templated":true}]}}