{"id":22118,"date":"2025-11-29T12:23:12","date_gmt":"2025-11-29T10:23:12","guid":{"rendered":"https:\/\/skaitytaknyga.lt\/?post_type=product&#038;p=22118"},"modified":"2025-11-29T12:57:49","modified_gmt":"2025-11-29T10:57:49","slug":"protarpinis-badavimas","status":"publish","type":"product","link":"https:\/\/skaitytaknyga.lt\/en\/produktas\/protarpinis-badavimas\/","title":{"rendered":"Protarpinis badavimas"},"content":{"rendered":"<p>Atsikratykite antsvorio visiems laikams, pagerinkite metabolizm\u0105, sustiprinkite smegen\u0173 veikl\u0105 ir gyvybingum\u0105 \u2013 tuo pa\u010diu neatsisakydami maisto, kur\u012f m\u0117gstate! Protarpinis badavimas \u2013 \u0161imtme\u010diais \u017einoma praktika, kurios nauda pagaliau buvo i\u0161tyrin\u0117ta ir pagr\u012fsta mokslo \u012frodymais. Vadovaukit\u0117s \u0161iuo sveikatos gidu ir atskleiskite ilgaam\u017ei\u0161kumo paslaptis + su\u017einokite, koki\u0173 klaid\u0173 laikantis protarpinio badavimo geriau nedaryti, jei norite pasiekti puiki\u0173 rezultat\u0173! Knygoje rasite ir skyri\u0173 apie sen\u0117jim\u0105 l\u0117tinan\u010di\u0105 autofagij\u0105 + J\u016bs\u0173 progreso kalendori\u0173.<\/p>\n<p>Norite pasiekti savo optimali\u0105 sveikat\u0105 ir fizin\u0117s formos pik\u0105 neatsisakydami m\u0117gstamo maisto ir valand\u0173 valandas praleisdami sporto sal\u0117je? Pavargote nuo diet\u0173 ir mank\u0161tos program\u0173, po kuri\u0173 jau\u010diat\u0117s alkani, i\u0161sek\u0119 ir nusivyl\u0119? \u012e pagalb\u0105 ateina paprasta ir daug pastang\u0173 nereikalaujanti metodika, kurios naud\u0105 \u012frod\u0117 mokslas.<\/p>\n<p>\u0160iame vadove su\u017einosite visk\u0105, k\u0105 reikia \u017einoti apie \u0161\u012f veiksming\u0105 mitybos model\u012f, \u012fskaitant:<\/p>\n<p>Mokslinius duomenis apie protarpin\u012f badavim\u0105 ir tai, kaip jis gali pakeisti j\u016bs\u0173 k\u016bn\u0105, prailginti am\u017ei\u0173 ir suteikti proto a\u0161trum\u0105.<br \/>\nSkirtingus protarpinio badavimo tipus ir kaip i\u0161sirinkti Jums tinkam\u0105.<br \/>\nKaip \u012ftraukti protarpin\u012f badavim\u0105 \u012f savo gyvenim\u0105 ir jo laikytis, kad pasiektum\u0117te ilgalaiki\u0173 rezultat\u0173.<br \/>\nPatarimai ir gudryb\u0117s, kaip maksimaliai padidinti protarpinio badavimo naud\u0105, \u012fskaitant valgymo planavim\u0105, fizinius pratimus ir hidratacij\u0105.<br \/>\nDa\u017eniausiai pasitaikantys mitai ir klaidingi \u012fsitikinimai apie protarpin\u012f badavim\u0105 ir kaip atskirti faktus nuo prasimanym\u0173.<\/p>\n<p>Nesvarbu, ar norite numesti svorio, padidinti energijos kiek\u012f, ar pagerinti bendr\u0105 savijaut\u0105, praktiniai patarimai ir ekspert\u0173 \u012f\u017evalgos knygoje PROTARPINIS BADAVIMAS suteiks naudingos informacijos, kuri pad\u0117s sukurti sveikesn\u012f, laimingesn\u012f ir visaverti\u0161kesn\u012f gyvenim\u0105.<\/p>\n<p>\u201eProtarpinis badavimas gali pagerinti med\u017eiag\u0173 apykait\u0105, paskatinti svorio ma\u017e\u0117jim\u0105, suma\u017einti kraujosp\u016bd\u012f ir cholesterolio kiek\u012f kraujyje.\u201c \u2013 Dr. Satchidananda Panda, Salko biologini\u0173 tyrim\u0173 instituto profesorius<\/p>\n","protected":false},"excerpt":{"rendered":"<p>Atsikratykite antsvorio visiems laikams, pagerinkite metabolizm\u0105, sustiprinkite smegen\u0173 veikl\u0105 ir gyvybingum\u0105 \u2013 tuo pa\u010diu neatsisakydami maisto, kur\u012f m\u0117gstate! Protarpinis badavimas \u2013 \u0161imtme\u010diais \u017einoma praktika, kurios nauda pagaliau buvo i\u0161tyrin\u0117ta ir pagr\u012fsta mokslo \u012frodymais. Vadovaukit\u0117s \u0161iuo sveikatos gidu ir atskleiskite ilgaam\u017ei\u0161kumo paslaptis + su\u017einokite, koki\u0173 klaid\u0173 laikantis protarpinio badavimo geriau nedaryti, jei norite pasiekti puiki\u0173 rezultat\u0173! Knygoje rasite ir skyri\u0173 apie sen\u0117jim\u0105 l\u0117tinan\u010di\u0105 autofagij\u0105 + J\u016bs\u0173 progreso kalendori\u0173. Norite pasiekti savo optimali\u0105 sveikat\u0105 ir fizin\u0117s formos pik\u0105 neatsisakydami m\u0117gstamo maisto ir valand\u0173 valandas praleisdami sporto sal\u0117je? Pavargote nuo diet\u0173 ir mank\u0161tos program\u0173, po kuri\u0173 jau\u010diat\u0117s alkani, i\u0161sek\u0119 ir nusivyl\u0119? \u012e pagalb\u0105 ateina paprasta ir daug pastang\u0173 nereikalaujanti metodika, kurios naud\u0105 \u012frod\u0117 mokslas. \u0160iame vadove su\u017einosite visk\u0105, k\u0105 reikia \u017einoti apie \u0161\u012f veiksming\u0105 mitybos model\u012f, \u012fskaitant: Mokslinius duomenis apie protarpin\u012f badavim\u0105 ir tai, kaip jis gali pakeisti j\u016bs\u0173 k\u016bn\u0105, prailginti am\u017ei\u0173 ir suteikti proto a\u0161trum\u0105. Skirtingus protarpinio badavimo tipus ir kaip i\u0161sirinkti Jums tinkam\u0105. Kaip \u012ftraukti protarpin\u012f badavim\u0105 \u012f savo gyvenim\u0105 ir jo laikytis, kad pasiektum\u0117te ilgalaiki\u0173 rezultat\u0173. Patarimai ir gudryb\u0117s, kaip maksimaliai padidinti protarpinio badavimo naud\u0105, \u012fskaitant valgymo planavim\u0105, fizinius pratimus ir hidratacij\u0105. Da\u017eniausiai pasitaikantys mitai ir klaidingi \u012fsitikinimai apie protarpin\u012f badavim\u0105 ir kaip atskirti faktus nuo prasimanym\u0173. Nesvarbu, ar norite numesti svorio, padidinti energijos kiek\u012f, ar pagerinti bendr\u0105 savijaut\u0105, praktiniai patarimai ir ekspert\u0173 \u012f\u017evalgos knygoje PROTARPINIS BADAVIMAS suteiks naudingos informacijos, kuri pad\u0117s sukurti sveikesn\u012f, laimingesn\u012f ir visaverti\u0161kesn\u012f gyvenim\u0105. \u201eProtarpinis badavimas gali pagerinti med\u017eiag\u0173 apykait\u0105, paskatinti svorio ma\u017e\u0117jim\u0105, suma\u017einti kraujosp\u016bd\u012f ir cholesterolio kiek\u012f kraujyje.\u201c \u2013 Dr. Satchidananda Panda, Salko biologini\u0173 tyrim\u0173 instituto profesorius<\/p>\n","protected":false},"featured_media":22125,"comment_status":"open","ping_status":"closed","template":"","meta":{"_acf_changed":false,"site-sidebar-layout":"default","site-content-layout":"","ast-site-content-layout":"default","site-content-style":"default","site-sidebar-style":"default","ast-global-header-display":"","ast-banner-title-visibility":"","ast-main-header-display":"","ast-hfb-above-header-display":"","ast-hfb-below-header-display":"","ast-hfb-mobile-header-display":"","site-post-title":"","ast-breadcrumbs-content":"","ast-featured-img":"","footer-sml-layout":"","ast-disable-related-posts":"","theme-transparent-header-meta":"","adv-header-id-meta":"","stick-header-meta":"","header-above-stick-meta":"","header-main-stick-meta":"","header-below-stick-meta":"","astra-migrate-meta-layouts":"default","ast-page-background-enabled":"default","ast-page-background-meta":{"desktop":{"background-color":"","background-image":"","background-repeat":"repeat","background-position":"center center","background-size":"auto","background-attachment":"scroll","background-type":"","background-media":"","overlay-type":"","overlay-color":"","overlay-opacity":"","overlay-gradient":""},"tablet":{"background-color":"","background-image":"","background-repeat":"repeat","background-position":"center center","background-size":"auto","background-attachment":"scroll","background-type":"","background-media":"","overlay-type":"","overlay-color":"","overlay-opacity":"","overlay-gradient":""},"mobile":{"background-color":"","background-image":"","background-repeat":"repeat","background-position":"center center","background-size":"auto","background-attachment":"scroll","background-type":"","background-media":"","overlay-type":"","overlay-color":"","overlay-opacity":"","overlay-gradient":""}},"ast-content-background-meta":{"desktop":{"background-color":"var(--ast-global-color-4)","background-image":"","background-repeat":"repeat","background-position":"center center","background-size":"auto","background-attachment":"scroll","background-type":"","background-media":"","overlay-type":"","overlay-color":"","overlay-opacity":"","overlay-gradient":""},"tablet":{"background-color":"var(--ast-global-color-4)","background-image":"","background-repeat":"repeat","background-position":"center center","background-size":"auto","background-attachment":"scroll","background-type":"","background-media":"","overlay-type":"","overlay-color":"","overlay-opacity":"","overlay-gradient":""},"mobile":{"background-color":"var(--ast-global-color-4)","background-image":"","background-repeat":"repeat","background-position":"center center","background-size":"auto","background-attachment":"scroll","background-type":"","background-media":"","overlay-type":"","overlay-color":"","overlay-opacity":"","overlay-gradient":""}}},"product_brand":[],"product_cat":[55],"product_tag":[],"class_list":{"0":"post-22118","1":"product","2":"type-product","3":"status-publish","4":"has-post-thumbnail","6":"product_cat-sveikata-ir-sveika-mityba","7":"desktop-align-left","8":"tablet-align-left","9":"mobile-align-left","11":"first","12":"instock","13":"shipping-taxable","14":"purchasable","15":"product-type-simple"},"acf":[],"yoast_head":"<!-- This site is optimized with the Yoast SEO plugin v27.0 - https:\/\/yoast.com\/product\/yoast-seo-wordpress\/ -->\n<title>Protarpinis badavimas<\/title>\n<meta name=\"description\" content=\"Atsikratykite antsvorio visiems laikams, pagerinkite metabolizm\u0105, sustiprinkite smegen\u0173 veikl\u0105 ir gyvybingum\u0105 \u2013 tuo pa\u010diu neatsisakydami maisto, kur\u012f\" \/>\n<meta name=\"robots\" content=\"index, follow, max-snippet:-1, max-image-preview:large, max-video-preview:-1\" \/>\n<link rel=\"canonical\" href=\"https:\/\/skaitytaknyga.lt\/en\/produktas\/protarpinis-badavimas\/\" \/>\n<meta property=\"og:locale\" content=\"en_GB\" \/>\n<meta property=\"og:locale:alternate\" content=\"lt_LT\" \/>\n<meta property=\"og:type\" content=\"article\" \/>\n<meta property=\"og:title\" content=\"Protarpinis badavimas\" \/>\n<meta property=\"og:description\" content=\"Atsikratykite antsvorio visiems laikams, pagerinkite metabolizm\u0105, sustiprinkite smegen\u0173 veikl\u0105 ir gyvybingum\u0105 \u2013 tuo pa\u010diu neatsisakydami maisto, kur\u012f\" \/>\n<meta property=\"og:url\" content=\"https:\/\/skaitytaknyga.lt\/en\/produktas\/protarpinis-badavimas\/\" \/>\n<meta property=\"og:site_name\" content=\"Skaitytaknyga\" \/>\n<meta property=\"article:publisher\" content=\"https:\/\/www.facebook.com\/skaitytaknyga\/\" \/>\n<meta property=\"article:modified_time\" content=\"2025-11-29T10:57:49+00:00\" \/>\n<meta property=\"og:image\" content=\"https:\/\/skaitytaknyga.lt\/wp-content\/uploads\/2025\/11\/Protarpinis-badavimas-1.webp\" \/>\n\t<meta property=\"og:image:width\" content=\"300\" \/>\n\t<meta property=\"og:image:height\" content=\"439\" \/>\n\t<meta property=\"og:image:type\" content=\"image\/webp\" \/>\n<meta name=\"twitter:card\" content=\"summary_large_image\" \/>\n<meta name=\"twitter:label1\" content=\"Estimated reading time\" \/>\n\t<meta name=\"twitter:data1\" content=\"1 minute\" \/>\n<script type=\"application\/ld+json\" class=\"yoast-schema-graph\">{\"@context\":\"https:\/\/schema.org\",\"@graph\":[{\"@type\":\"WebPage\",\"@id\":\"https:\/\/skaitytaknyga.lt\/produktas\/protarpinis-badavimas\/\",\"url\":\"https:\/\/skaitytaknyga.lt\/produktas\/protarpinis-badavimas\/\",\"name\":\"Protarpinis badavimas\",\"isPartOf\":{\"@id\":\"https:\/\/skaitytaknyga.lt\/#website\"},\"primaryImageOfPage\":{\"@id\":\"https:\/\/skaitytaknyga.lt\/produktas\/protarpinis-badavimas\/#primaryimage\"},\"image\":{\"@id\":\"https:\/\/skaitytaknyga.lt\/produktas\/protarpinis-badavimas\/#primaryimage\"},\"thumbnailUrl\":\"https:\/\/skaitytaknyga.lt\/wp-content\/uploads\/2025\/11\/Protarpinis-badavimas-1.webp\",\"datePublished\":\"2025-11-29T10:23:12+00:00\",\"dateModified\":\"2025-11-29T10:57:49+00:00\",\"description\":\"Atsikratykite antsvorio visiems laikams, pagerinkite metabolizm\u0105, sustiprinkite smegen\u0173 veikl\u0105 ir gyvybingum\u0105 \u2013 tuo pa\u010diu neatsisakydami maisto, kur\u012f\",\"breadcrumb\":{\"@id\":\"https:\/\/skaitytaknyga.lt\/produktas\/protarpinis-badavimas\/#breadcrumb\"},\"inLanguage\":\"en-GB\",\"potentialAction\":[{\"@type\":\"ReadAction\",\"target\":[\"https:\/\/skaitytaknyga.lt\/produktas\/protarpinis-badavimas\/\"]}]},{\"@type\":\"ImageObject\",\"inLanguage\":\"en-GB\",\"@id\":\"https:\/\/skaitytaknyga.lt\/produktas\/protarpinis-badavimas\/#primaryimage\",\"url\":\"https:\/\/skaitytaknyga.lt\/wp-content\/uploads\/2025\/11\/Protarpinis-badavimas-1.webp\",\"contentUrl\":\"https:\/\/skaitytaknyga.lt\/wp-content\/uploads\/2025\/11\/Protarpinis-badavimas-1.webp\",\"width\":300,\"height\":439,\"caption\":\"Protarpinis badavimas\"},{\"@type\":\"BreadcrumbList\",\"@id\":\"https:\/\/skaitytaknyga.lt\/produktas\/protarpinis-badavimas\/#breadcrumb\",\"itemListElement\":[{\"@type\":\"ListItem\",\"position\":1,\"name\":\"Home\",\"item\":\"https:\/\/skaitytaknyga.lt\/\"},{\"@type\":\"ListItem\",\"position\":2,\"name\":\"Parduotuv\u0117\",\"item\":\"https:\/\/skaitytaknyga.lt\/knygu-parduotuve\/\"},{\"@type\":\"ListItem\",\"position\":3,\"name\":\"Protarpinis badavimas\"}]},{\"@type\":\"WebSite\",\"@id\":\"https:\/\/skaitytaknyga.lt\/#website\",\"url\":\"https:\/\/skaitytaknyga.lt\/\",\"name\":\"skaitytaknyga.lt\",\"description\":\"Skaitytaknyga.lt \u2013 tai ma\u017eas \u0161eimos verslas, kuris prasid\u0117jo nuo meil\u0117s knygoms ir siekio i\u0161gelb\u0117ti knygas nuo likimo prie konteinerio. Kas vienam nereikalingas daiktas \u2013 kitam lobis, o mes esame tarpininkai, kurie padeda abiems tapti laimingesniems ???? \u017dinome kaip nelengva i\u0161gyventi ma\u017eiems verslams, tad nuo \u0161iol, \u010dia rasite ir kit\u0173, ma\u017e\u0173 \u0161eim\u0173 versl\u0173, rank\u0173 darbo, dovan\u0173 sau ir artimiesiems.\",\"publisher\":{\"@id\":\"https:\/\/skaitytaknyga.lt\/#organization\"},\"potentialAction\":[{\"@type\":\"SearchAction\",\"target\":{\"@type\":\"EntryPoint\",\"urlTemplate\":\"https:\/\/skaitytaknyga.lt\/?s={search_term_string}\"},\"query-input\":{\"@type\":\"PropertyValueSpecification\",\"valueRequired\":true,\"valueName\":\"search_term_string\"}}],\"inLanguage\":\"en-GB\"},{\"@type\":\"Organization\",\"@id\":\"https:\/\/skaitytaknyga.lt\/#organization\",\"name\":\"skaitytaknyga.lt\",\"url\":\"https:\/\/skaitytaknyga.lt\/\",\"logo\":{\"@type\":\"ImageObject\",\"inLanguage\":\"en-GB\",\"@id\":\"https:\/\/skaitytaknyga.lt\/#\/schema\/logo\/image\/\",\"url\":\"https:\/\/skaitytaknyga.lt\/wp-content\/uploads\/2024\/05\/cropped-cropped-cropped-02_00843_jt3bggkj1j3HLc7SyY6rEUpg.jpeg\",\"contentUrl\":\"https:\/\/skaitytaknyga.lt\/wp-content\/uploads\/2024\/05\/cropped-cropped-cropped-02_00843_jt3bggkj1j3HLc7SyY6rEUpg.jpeg\",\"width\":1600,\"height\":1600,\"caption\":\"skaitytaknyga.lt\"},\"image\":{\"@id\":\"https:\/\/skaitytaknyga.lt\/#\/schema\/logo\/image\/\"},\"sameAs\":[\"https:\/\/www.facebook.com\/skaitytaknyga\/\"]}]}<\/script>\n<!-- \/ Yoast SEO plugin. -->","yoast_head_json":{"title":"Protarpinis badavimas","description":"Atsikratykite antsvorio visiems laikams, pagerinkite metabolizm\u0105, sustiprinkite smegen\u0173 veikl\u0105 ir gyvybingum\u0105 \u2013 tuo pa\u010diu neatsisakydami maisto, kur\u012f","robots":{"index":"index","follow":"follow","max-snippet":"max-snippet:-1","max-image-preview":"max-image-preview:large","max-video-preview":"max-video-preview:-1"},"canonical":"https:\/\/skaitytaknyga.lt\/en\/produktas\/protarpinis-badavimas\/","og_locale":"en_GB","og_type":"article","og_title":"[:lt]Protarpinis badavimas[:] - Skaitytaknyga","og_description":"Atsikratykite antsvorio visiems laikams, pagerinkite metabolizm\u0105, sustiprinkite smegen\u0173 veikl\u0105 ir gyvybingum\u0105 \u2013 tuo pa\u010diu neatsisakydami maisto, kur\u012f","og_url":"https:\/\/skaitytaknyga.lt\/en\/produktas\/protarpinis-badavimas\/","og_site_name":"Skaitytaknyga","article_publisher":"https:\/\/www.facebook.com\/skaitytaknyga\/","article_modified_time":"2025-11-29T10:57:49+00:00","og_image":[{"width":300,"height":439,"url":"https:\/\/skaitytaknyga.lt\/wp-content\/uploads\/2025\/11\/Protarpinis-badavimas-1.webp","type":"image\/webp"}],"twitter_card":"summary_large_image","twitter_misc":{"Estimated reading time":"1 minute"},"schema":{"@context":"https:\/\/schema.org","@graph":[{"@type":"WebPage","@id":"https:\/\/skaitytaknyga.lt\/produktas\/protarpinis-badavimas\/","url":"https:\/\/skaitytaknyga.lt\/produktas\/protarpinis-badavimas\/","name":"Protarpinis badavimas","isPartOf":{"@id":"https:\/\/skaitytaknyga.lt\/#website"},"primaryImageOfPage":{"@id":"https:\/\/skaitytaknyga.lt\/produktas\/protarpinis-badavimas\/#primaryimage"},"image":{"@id":"https:\/\/skaitytaknyga.lt\/produktas\/protarpinis-badavimas\/#primaryimage"},"thumbnailUrl":"https:\/\/skaitytaknyga.lt\/wp-content\/uploads\/2025\/11\/Protarpinis-badavimas-1.webp","datePublished":"2025-11-29T10:23:12+00:00","dateModified":"2025-11-29T10:57:49+00:00","description":"Atsikratykite antsvorio visiems laikams, pagerinkite metabolizm\u0105, sustiprinkite smegen\u0173 veikl\u0105 ir gyvybingum\u0105 \u2013 tuo pa\u010diu neatsisakydami maisto, kur\u012f","breadcrumb":{"@id":"https:\/\/skaitytaknyga.lt\/produktas\/protarpinis-badavimas\/#breadcrumb"},"inLanguage":"en-GB","potentialAction":[{"@type":"ReadAction","target":["https:\/\/skaitytaknyga.lt\/produktas\/protarpinis-badavimas\/"]}]},{"@type":"ImageObject","inLanguage":"en-GB","@id":"https:\/\/skaitytaknyga.lt\/produktas\/protarpinis-badavimas\/#primaryimage","url":"https:\/\/skaitytaknyga.lt\/wp-content\/uploads\/2025\/11\/Protarpinis-badavimas-1.webp","contentUrl":"https:\/\/skaitytaknyga.lt\/wp-content\/uploads\/2025\/11\/Protarpinis-badavimas-1.webp","width":300,"height":439,"caption":"Protarpinis badavimas"},{"@type":"BreadcrumbList","@id":"https:\/\/skaitytaknyga.lt\/produktas\/protarpinis-badavimas\/#breadcrumb","itemListElement":[{"@type":"ListItem","position":1,"name":"Home","item":"https:\/\/skaitytaknyga.lt\/"},{"@type":"ListItem","position":2,"name":"Parduotuv\u0117","item":"https:\/\/skaitytaknyga.lt\/knygu-parduotuve\/"},{"@type":"ListItem","position":3,"name":"Protarpinis badavimas"}]},{"@type":"WebSite","@id":"https:\/\/skaitytaknyga.lt\/#website","url":"https:\/\/skaitytaknyga.lt\/","name":"skaitytaknyga.lt","description":"Skaitytaknyga.lt \u2013 tai ma\u017eas \u0161eimos verslas, kuris prasid\u0117jo nuo meil\u0117s knygoms ir siekio i\u0161gelb\u0117ti knygas nuo likimo prie konteinerio. Kas vienam nereikalingas daiktas \u2013 kitam lobis, o mes esame tarpininkai, kurie padeda abiems tapti laimingesniems ???? \u017dinome kaip nelengva i\u0161gyventi ma\u017eiems verslams, tad nuo \u0161iol, \u010dia rasite ir kit\u0173, ma\u017e\u0173 \u0161eim\u0173 versl\u0173, rank\u0173 darbo, dovan\u0173 sau ir artimiesiems.","publisher":{"@id":"https:\/\/skaitytaknyga.lt\/#organization"},"potentialAction":[{"@type":"SearchAction","target":{"@type":"EntryPoint","urlTemplate":"https:\/\/skaitytaknyga.lt\/?s={search_term_string}"},"query-input":{"@type":"PropertyValueSpecification","valueRequired":true,"valueName":"search_term_string"}}],"inLanguage":"en-GB"},{"@type":"Organization","@id":"https:\/\/skaitytaknyga.lt\/#organization","name":"skaitytaknyga.lt","url":"https:\/\/skaitytaknyga.lt\/","logo":{"@type":"ImageObject","inLanguage":"en-GB","@id":"https:\/\/skaitytaknyga.lt\/#\/schema\/logo\/image\/","url":"https:\/\/skaitytaknyga.lt\/wp-content\/uploads\/2024\/05\/cropped-cropped-cropped-02_00843_jt3bggkj1j3HLc7SyY6rEUpg.jpeg","contentUrl":"https:\/\/skaitytaknyga.lt\/wp-content\/uploads\/2024\/05\/cropped-cropped-cropped-02_00843_jt3bggkj1j3HLc7SyY6rEUpg.jpeg","width":1600,"height":1600,"caption":"skaitytaknyga.lt"},"image":{"@id":"https:\/\/skaitytaknyga.lt\/#\/schema\/logo\/image\/"},"sameAs":["https:\/\/www.facebook.com\/skaitytaknyga\/"]}]}},"_links":{"self":[{"href":"https:\/\/skaitytaknyga.lt\/en\/wp-json\/wp\/v2\/product\/22118","targetHints":{"allow":["GET"]}}],"collection":[{"href":"https:\/\/skaitytaknyga.lt\/en\/wp-json\/wp\/v2\/product"}],"about":[{"href":"https:\/\/skaitytaknyga.lt\/en\/wp-json\/wp\/v2\/types\/product"}],"replies":[{"embeddable":true,"href":"https:\/\/skaitytaknyga.lt\/en\/wp-json\/wp\/v2\/comments?post=22118"}],"wp:featuredmedia":[{"embeddable":true,"href":"https:\/\/skaitytaknyga.lt\/en\/wp-json\/wp\/v2\/media\/22125"}],"wp:attachment":[{"href":"https:\/\/skaitytaknyga.lt\/en\/wp-json\/wp\/v2\/media?parent=22118"}],"wp:term":[{"taxonomy":"product_brand","embeddable":true,"href":"https:\/\/skaitytaknyga.lt\/en\/wp-json\/wp\/v2\/product_brand?post=22118"},{"taxonomy":"product_cat","embeddable":true,"href":"https:\/\/skaitytaknyga.lt\/en\/wp-json\/wp\/v2\/product_cat?post=22118"},{"taxonomy":"product_tag","embeddable":true,"href":"https:\/\/skaitytaknyga.lt\/en\/wp-json\/wp\/v2\/product_tag?post=22118"}],"curies":[{"name":"wp","href":"https:\/\/api.w.org\/{rel}","templated":true}]}}