{"id":22116,"date":"2025-11-29T12:23:12","date_gmt":"2025-11-29T10:23:12","guid":{"rendered":"https:\/\/skaitytaknyga.lt\/?post_type=product&#038;p=22116"},"modified":"2025-11-29T12:57:49","modified_gmt":"2025-11-29T10:57:49","slug":"kai-soka-jo-moteris-oharleju-seima-gyvenimas-uz-scenos-2-knyga","status":"publish","type":"product","link":"https:\/\/skaitytaknyga.lt\/en\/produktas\/kai-soka-jo-moteris-oharleju-seima-gyvenimas-uz-scenos-2-knyga\/","title":{"rendered":"Kai \u0161oka jo moteris. Oharl\u0117j\u0173 \u0161eima: gyvenimas u\u017e scenos. 2 knyga"},"content":{"rendered":"<p>Antrojii keturlogijos \u201eOharl\u0117j\u0173 \u0161eima: gyvenimas u\u017e scenos\u201c knyga.<\/p>\n<p>Abu \u017einojo, kas nutiks&#8230; Mod\u0117s Oharl\u0117j gyvenim\u0105 valdo muzika. Pagal j\u0105 ji harmoningai \u0161oka ir scenoje, ir kasdienyb\u0117je. Scenai atiduoda vis\u0105 save, ta\u010diau giliai \u0161irdyje trok\u0161ta daugiau. Ridas Valentainas su gyvenimo i\u0161\u0161\u016bkiais dorojasi profesionaliai ir ry\u017etingai. Muzika yra jo verslas, ir verslas jam yra svarbiausia. Kol vien\u0105 dien\u0105 scen\u0105 nu\u0161vie\u010dia ji, gaivali\u0161koji Mod\u0117.<\/p>\n<p>Lyg b\u016bt\u0173 trenk\u0119s \u017eaibas&#8230; Ta\u010diau pasiduoti akimirksniu u\u017evald\u017eiusiai traukai jis negali. Ridas savo imperij\u0105 valdo i\u0161 stiklo bok\u0161to, pakibusio auk\u0161tai vir\u0161 Mod\u0117s gyvybe alsuojan\u010dio pasaulio, ir supranta, kad pernelyg priart\u0117ti yra pavojinga.<\/p>\n<p>Bet \u0161i moteris dr\u012fsta svajoti, o jos svajon\u0117s tokios didel\u0117s, kad j\u0173 pakaks jiems abiem.<\/p>\n<p>Noros Roberts \u0161irdyje \u0161ios knygos u\u017eima ypating\u0105 viet\u0105:<\/p>\n<p>\u201eOharl\u0117jai pad\u0117jo man suprasti, kas yra tikra \u0161eima. \u017daviuosi jais ne ma\u017eiau, nei d\u0117l j\u0173 jaudinuosi. D\u017eiaugiuosi, kad su jais \u201esusipa\u017einau\u201c. Tikiuosi, d\u017eiaugsit\u0117s ir J\u016bs.\u201c<\/p>\n<p>Jos istorijos \u012fkv\u0117p\u0117 svajoti daugiau nei 25 milijonus skaitytoj\u0173.<\/p>\n","protected":false},"excerpt":{"rendered":"<p>Antrojii keturlogijos \u201eOharl\u0117j\u0173 \u0161eima: gyvenimas u\u017e scenos\u201c knyga. Abu \u017einojo, kas nutiks&#8230; Mod\u0117s Oharl\u0117j gyvenim\u0105 valdo muzika. Pagal j\u0105 ji harmoningai \u0161oka ir scenoje, ir kasdienyb\u0117je. Scenai atiduoda vis\u0105 save, ta\u010diau giliai \u0161irdyje trok\u0161ta daugiau. Ridas Valentainas su gyvenimo i\u0161\u0161\u016bkiais dorojasi profesionaliai ir ry\u017etingai. Muzika yra jo verslas, ir verslas jam yra svarbiausia. Kol vien\u0105 dien\u0105 scen\u0105 nu\u0161vie\u010dia ji, gaivali\u0161koji Mod\u0117. Lyg b\u016bt\u0173 trenk\u0119s \u017eaibas&#8230; Ta\u010diau pasiduoti akimirksniu u\u017evald\u017eiusiai traukai jis negali. Ridas savo imperij\u0105 valdo i\u0161 stiklo bok\u0161to, pakibusio auk\u0161tai vir\u0161 Mod\u0117s gyvybe alsuojan\u010dio pasaulio, ir supranta, kad pernelyg priart\u0117ti yra pavojinga. Bet \u0161i moteris dr\u012fsta svajoti, o jos svajon\u0117s tokios didel\u0117s, kad j\u0173 pakaks jiems abiem. Noros Roberts \u0161irdyje \u0161ios knygos u\u017eima ypating\u0105 viet\u0105: \u201eOharl\u0117jai pad\u0117jo man suprasti, kas yra tikra \u0161eima. \u017daviuosi jais ne ma\u017eiau, nei d\u0117l j\u0173 jaudinuosi. D\u017eiaugiuosi, kad su jais \u201esusipa\u017einau\u201c. Tikiuosi, d\u017eiaugsit\u0117s ir J\u016bs.\u201c Jos istorijos \u012fkv\u0117p\u0117 svajoti daugiau nei 25 milijonus skaitytoj\u0173.<\/p>\n","protected":false},"featured_media":22121,"comment_status":"open","ping_status":"closed","template":"","meta":{"_acf_changed":false,"site-sidebar-layout":"default","site-content-layout":"","ast-site-content-layout":"default","site-content-style":"default","site-sidebar-style":"default","ast-global-header-display":"","ast-banner-title-visibility":"","ast-main-header-display":"","ast-hfb-above-header-display":"","ast-hfb-below-header-display":"","ast-hfb-mobile-header-display":"","site-post-title":"","ast-breadcrumbs-content":"","ast-featured-img":"","footer-sml-layout":"","ast-disable-related-posts":"","theme-transparent-header-meta":"","adv-header-id-meta":"","stick-header-meta":"","header-above-stick-meta":"","header-main-stick-meta":"","header-below-stick-meta":"","astra-migrate-meta-layouts":"default","ast-page-background-enabled":"default","ast-page-background-meta":{"desktop":{"background-color":"","background-image":"","background-repeat":"repeat","background-position":"center center","background-size":"auto","background-attachment":"scroll","background-type":"","background-media":"","overlay-type":"","overlay-color":"","overlay-opacity":"","overlay-gradient":""},"tablet":{"background-color":"","background-image":"","background-repeat":"repeat","background-position":"center center","background-size":"auto","background-attachment":"scroll","background-type":"","background-media":"","overlay-type":"","overlay-color":"","overlay-opacity":"","overlay-gradient":""},"mobile":{"background-color":"","background-image":"","background-repeat":"repeat","background-position":"center center","background-size":"auto","background-attachment":"scroll","background-type":"","background-media":"","overlay-type":"","overlay-color":"","overlay-opacity":"","overlay-gradient":""}},"ast-content-background-meta":{"desktop":{"background-color":"var(--ast-global-color-4)","background-image":"","background-repeat":"repeat","background-position":"center center","background-size":"auto","background-attachment":"scroll","background-type":"","background-media":"","overlay-type":"","overlay-color":"","overlay-opacity":"","overlay-gradient":""},"tablet":{"background-color":"var(--ast-global-color-4)","background-image":"","background-repeat":"repeat","background-position":"center center","background-size":"auto","background-attachment":"scroll","background-type":"","background-media":"","overlay-type":"","overlay-color":"","overlay-opacity":"","overlay-gradient":""},"mobile":{"background-color":"var(--ast-global-color-4)","background-image":"","background-repeat":"repeat","background-position":"center center","background-size":"auto","background-attachment":"scroll","background-type":"","background-media":"","overlay-type":"","overlay-color":"","overlay-opacity":"","overlay-gradient":""}}},"product_brand":[],"product_cat":[31],"product_tag":[],"class_list":{"0":"post-22116","1":"product","2":"type-product","3":"status-publish","4":"has-post-thumbnail","6":"product_cat-grozine-literatura","7":"desktop-align-left","8":"tablet-align-left","9":"mobile-align-left","11":"first","12":"instock","13":"shipping-taxable","14":"purchasable","15":"product-type-simple"},"acf":[],"yoast_head":"<!-- This site is optimized with the Yoast SEO plugin v27.0 - https:\/\/yoast.com\/product\/yoast-seo-wordpress\/ -->\n<title>Kai \u0161oka jo moteris. Oharl\u0117j\u0173 \u0161eima: gyvenimas u\u017e scenos. 2 knyga<\/title>\n<meta name=\"description\" content=\"Antrojii keturlogijos \u201eOharl\u0117j\u0173 \u0161eima: gyvenimas u\u017e scenos\u201c knyga. Abu \u017einojo, kas nutiks... Mod\u0117s Oharl\u0117j gyvenim\u0105 valdo muzika. Pagal j\u0105 ji harmoningai\" \/>\n<meta name=\"robots\" content=\"index, follow, max-snippet:-1, max-image-preview:large, max-video-preview:-1\" \/>\n<link rel=\"canonical\" href=\"https:\/\/skaitytaknyga.lt\/en\/produktas\/kai-soka-jo-moteris-oharleju-seima-gyvenimas-uz-scenos-2-knyga\/\" \/>\n<meta property=\"og:locale\" content=\"en_GB\" \/>\n<meta property=\"og:locale:alternate\" content=\"lt_LT\" \/>\n<meta property=\"og:type\" content=\"article\" \/>\n<meta property=\"og:title\" content=\"Kai \u0161oka jo moteris. Oharl\u0117j\u0173 \u0161eima: gyvenimas u\u017e scenos. 2 knyga\" \/>\n<meta property=\"og:description\" content=\"Antrojii keturlogijos \u201eOharl\u0117j\u0173 \u0161eima: gyvenimas u\u017e scenos\u201c knyga. Abu \u017einojo, kas nutiks... Mod\u0117s Oharl\u0117j gyvenim\u0105 valdo muzika. Pagal j\u0105 ji harmoningai\" \/>\n<meta property=\"og:url\" content=\"https:\/\/skaitytaknyga.lt\/en\/produktas\/kai-soka-jo-moteris-oharleju-seima-gyvenimas-uz-scenos-2-knyga\/\" \/>\n<meta property=\"og:site_name\" content=\"Skaitytaknyga\" \/>\n<meta property=\"article:publisher\" content=\"https:\/\/www.facebook.com\/skaitytaknyga\/\" \/>\n<meta property=\"article:modified_time\" content=\"2025-11-29T10:57:49+00:00\" \/>\n<meta property=\"og:image\" content=\"https:\/\/skaitytaknyga.lt\/wp-content\/uploads\/2025\/11\/Kai-soka-jo-moteris.-Oharleju-seima-gyvenimas-uz-scenos.-2-knyga-1.webp\" \/>\n\t<meta property=\"og:image:width\" content=\"300\" \/>\n\t<meta property=\"og:image:height\" content=\"442\" \/>\n\t<meta property=\"og:image:type\" content=\"image\/webp\" \/>\n<meta name=\"twitter:card\" content=\"summary_large_image\" \/>\n<meta name=\"twitter:label1\" content=\"Estimated reading time\" \/>\n\t<meta name=\"twitter:data1\" content=\"1 minute\" \/>\n<script type=\"application\/ld+json\" class=\"yoast-schema-graph\">{\"@context\":\"https:\/\/schema.org\",\"@graph\":[{\"@type\":\"WebPage\",\"@id\":\"https:\/\/skaitytaknyga.lt\/produktas\/kai-soka-jo-moteris-oharleju-seima-gyvenimas-uz-scenos-2-knyga\/\",\"url\":\"https:\/\/skaitytaknyga.lt\/produktas\/kai-soka-jo-moteris-oharleju-seima-gyvenimas-uz-scenos-2-knyga\/\",\"name\":\"Kai \u0161oka jo moteris. Oharl\u0117j\u0173 \u0161eima: gyvenimas u\u017e scenos. 2 knyga\",\"isPartOf\":{\"@id\":\"https:\/\/skaitytaknyga.lt\/#website\"},\"primaryImageOfPage\":{\"@id\":\"https:\/\/skaitytaknyga.lt\/produktas\/kai-soka-jo-moteris-oharleju-seima-gyvenimas-uz-scenos-2-knyga\/#primaryimage\"},\"image\":{\"@id\":\"https:\/\/skaitytaknyga.lt\/produktas\/kai-soka-jo-moteris-oharleju-seima-gyvenimas-uz-scenos-2-knyga\/#primaryimage\"},\"thumbnailUrl\":\"https:\/\/skaitytaknyga.lt\/wp-content\/uploads\/2025\/11\/Kai-soka-jo-moteris.-Oharleju-seima-gyvenimas-uz-scenos.-2-knyga-1.webp\",\"datePublished\":\"2025-11-29T10:23:12+00:00\",\"dateModified\":\"2025-11-29T10:57:49+00:00\",\"description\":\"Antrojii keturlogijos \u201eOharl\u0117j\u0173 \u0161eima: gyvenimas u\u017e scenos\u201c knyga. Abu \u017einojo, kas nutiks... Mod\u0117s Oharl\u0117j gyvenim\u0105 valdo muzika. Pagal j\u0105 ji harmoningai\",\"breadcrumb\":{\"@id\":\"https:\/\/skaitytaknyga.lt\/produktas\/kai-soka-jo-moteris-oharleju-seima-gyvenimas-uz-scenos-2-knyga\/#breadcrumb\"},\"inLanguage\":\"en-GB\",\"potentialAction\":[{\"@type\":\"ReadAction\",\"target\":[\"https:\/\/skaitytaknyga.lt\/produktas\/kai-soka-jo-moteris-oharleju-seima-gyvenimas-uz-scenos-2-knyga\/\"]}]},{\"@type\":\"ImageObject\",\"inLanguage\":\"en-GB\",\"@id\":\"https:\/\/skaitytaknyga.lt\/produktas\/kai-soka-jo-moteris-oharleju-seima-gyvenimas-uz-scenos-2-knyga\/#primaryimage\",\"url\":\"https:\/\/skaitytaknyga.lt\/wp-content\/uploads\/2025\/11\/Kai-soka-jo-moteris.-Oharleju-seima-gyvenimas-uz-scenos.-2-knyga-1.webp\",\"contentUrl\":\"https:\/\/skaitytaknyga.lt\/wp-content\/uploads\/2025\/11\/Kai-soka-jo-moteris.-Oharleju-seima-gyvenimas-uz-scenos.-2-knyga-1.webp\",\"width\":300,\"height\":442,\"caption\":\"Kai \u0161oka jo moteris. Oharl\u0117j\u0173 \u0161eima: gyvenimas u\u017e scenos. 2 knyga\"},{\"@type\":\"BreadcrumbList\",\"@id\":\"https:\/\/skaitytaknyga.lt\/produktas\/kai-soka-jo-moteris-oharleju-seima-gyvenimas-uz-scenos-2-knyga\/#breadcrumb\",\"itemListElement\":[{\"@type\":\"ListItem\",\"position\":1,\"name\":\"Home\",\"item\":\"https:\/\/skaitytaknyga.lt\/\"},{\"@type\":\"ListItem\",\"position\":2,\"name\":\"Parduotuv\u0117\",\"item\":\"https:\/\/skaitytaknyga.lt\/knygu-parduotuve\/\"},{\"@type\":\"ListItem\",\"position\":3,\"name\":\"Kai \u0161oka jo moteris. Oharl\u0117j\u0173 \u0161eima: gyvenimas u\u017e scenos. 2 knyga\"}]},{\"@type\":\"WebSite\",\"@id\":\"https:\/\/skaitytaknyga.lt\/#website\",\"url\":\"https:\/\/skaitytaknyga.lt\/\",\"name\":\"skaitytaknyga.lt\",\"description\":\"Skaitytaknyga.lt \u2013 tai ma\u017eas \u0161eimos verslas, kuris prasid\u0117jo nuo meil\u0117s knygoms ir siekio i\u0161gelb\u0117ti knygas nuo likimo prie konteinerio. Kas vienam nereikalingas daiktas \u2013 kitam lobis, o mes esame tarpininkai, kurie padeda abiems tapti laimingesniems ???? \u017dinome kaip nelengva i\u0161gyventi ma\u017eiems verslams, tad nuo \u0161iol, \u010dia rasite ir kit\u0173, ma\u017e\u0173 \u0161eim\u0173 versl\u0173, rank\u0173 darbo, dovan\u0173 sau ir artimiesiems.\",\"publisher\":{\"@id\":\"https:\/\/skaitytaknyga.lt\/#organization\"},\"potentialAction\":[{\"@type\":\"SearchAction\",\"target\":{\"@type\":\"EntryPoint\",\"urlTemplate\":\"https:\/\/skaitytaknyga.lt\/?s={search_term_string}\"},\"query-input\":{\"@type\":\"PropertyValueSpecification\",\"valueRequired\":true,\"valueName\":\"search_term_string\"}}],\"inLanguage\":\"en-GB\"},{\"@type\":\"Organization\",\"@id\":\"https:\/\/skaitytaknyga.lt\/#organization\",\"name\":\"skaitytaknyga.lt\",\"url\":\"https:\/\/skaitytaknyga.lt\/\",\"logo\":{\"@type\":\"ImageObject\",\"inLanguage\":\"en-GB\",\"@id\":\"https:\/\/skaitytaknyga.lt\/#\/schema\/logo\/image\/\",\"url\":\"https:\/\/skaitytaknyga.lt\/wp-content\/uploads\/2024\/05\/cropped-cropped-cropped-02_00843_jt3bggkj1j3HLc7SyY6rEUpg.jpeg\",\"contentUrl\":\"https:\/\/skaitytaknyga.lt\/wp-content\/uploads\/2024\/05\/cropped-cropped-cropped-02_00843_jt3bggkj1j3HLc7SyY6rEUpg.jpeg\",\"width\":1600,\"height\":1600,\"caption\":\"skaitytaknyga.lt\"},\"image\":{\"@id\":\"https:\/\/skaitytaknyga.lt\/#\/schema\/logo\/image\/\"},\"sameAs\":[\"https:\/\/www.facebook.com\/skaitytaknyga\/\"]}]}<\/script>\n<!-- \/ Yoast SEO plugin. -->","yoast_head_json":{"title":"Kai \u0161oka jo moteris. Oharl\u0117j\u0173 \u0161eima: gyvenimas u\u017e scenos. 2 knyga","description":"Antrojii keturlogijos \u201eOharl\u0117j\u0173 \u0161eima: gyvenimas u\u017e scenos\u201c knyga. Abu \u017einojo, kas nutiks... Mod\u0117s Oharl\u0117j gyvenim\u0105 valdo muzika. Pagal j\u0105 ji harmoningai","robots":{"index":"index","follow":"follow","max-snippet":"max-snippet:-1","max-image-preview":"max-image-preview:large","max-video-preview":"max-video-preview:-1"},"canonical":"https:\/\/skaitytaknyga.lt\/en\/produktas\/kai-soka-jo-moteris-oharleju-seima-gyvenimas-uz-scenos-2-knyga\/","og_locale":"en_GB","og_type":"article","og_title":"[:lt]Kai \u0161oka jo moteris. Oharl\u0117j\u0173 \u0161eima: gyvenimas u\u017e scenos. 2 knyga[:] - Skaitytaknyga","og_description":"Antrojii keturlogijos \u201eOharl\u0117j\u0173 \u0161eima: gyvenimas u\u017e scenos\u201c knyga. Abu \u017einojo, kas nutiks... Mod\u0117s Oharl\u0117j gyvenim\u0105 valdo muzika. Pagal j\u0105 ji harmoningai","og_url":"https:\/\/skaitytaknyga.lt\/en\/produktas\/kai-soka-jo-moteris-oharleju-seima-gyvenimas-uz-scenos-2-knyga\/","og_site_name":"Skaitytaknyga","article_publisher":"https:\/\/www.facebook.com\/skaitytaknyga\/","article_modified_time":"2025-11-29T10:57:49+00:00","og_image":[{"width":300,"height":442,"url":"https:\/\/skaitytaknyga.lt\/wp-content\/uploads\/2025\/11\/Kai-soka-jo-moteris.-Oharleju-seima-gyvenimas-uz-scenos.-2-knyga-1.webp","type":"image\/webp"}],"twitter_card":"summary_large_image","twitter_misc":{"Estimated reading time":"1 minute"},"schema":{"@context":"https:\/\/schema.org","@graph":[{"@type":"WebPage","@id":"https:\/\/skaitytaknyga.lt\/produktas\/kai-soka-jo-moteris-oharleju-seima-gyvenimas-uz-scenos-2-knyga\/","url":"https:\/\/skaitytaknyga.lt\/produktas\/kai-soka-jo-moteris-oharleju-seima-gyvenimas-uz-scenos-2-knyga\/","name":"Kai \u0161oka jo moteris. Oharl\u0117j\u0173 \u0161eima: gyvenimas u\u017e scenos. 2 knyga","isPartOf":{"@id":"https:\/\/skaitytaknyga.lt\/#website"},"primaryImageOfPage":{"@id":"https:\/\/skaitytaknyga.lt\/produktas\/kai-soka-jo-moteris-oharleju-seima-gyvenimas-uz-scenos-2-knyga\/#primaryimage"},"image":{"@id":"https:\/\/skaitytaknyga.lt\/produktas\/kai-soka-jo-moteris-oharleju-seima-gyvenimas-uz-scenos-2-knyga\/#primaryimage"},"thumbnailUrl":"https:\/\/skaitytaknyga.lt\/wp-content\/uploads\/2025\/11\/Kai-soka-jo-moteris.-Oharleju-seima-gyvenimas-uz-scenos.-2-knyga-1.webp","datePublished":"2025-11-29T10:23:12+00:00","dateModified":"2025-11-29T10:57:49+00:00","description":"Antrojii keturlogijos \u201eOharl\u0117j\u0173 \u0161eima: gyvenimas u\u017e scenos\u201c knyga. Abu \u017einojo, kas nutiks... Mod\u0117s Oharl\u0117j gyvenim\u0105 valdo muzika. Pagal j\u0105 ji harmoningai","breadcrumb":{"@id":"https:\/\/skaitytaknyga.lt\/produktas\/kai-soka-jo-moteris-oharleju-seima-gyvenimas-uz-scenos-2-knyga\/#breadcrumb"},"inLanguage":"en-GB","potentialAction":[{"@type":"ReadAction","target":["https:\/\/skaitytaknyga.lt\/produktas\/kai-soka-jo-moteris-oharleju-seima-gyvenimas-uz-scenos-2-knyga\/"]}]},{"@type":"ImageObject","inLanguage":"en-GB","@id":"https:\/\/skaitytaknyga.lt\/produktas\/kai-soka-jo-moteris-oharleju-seima-gyvenimas-uz-scenos-2-knyga\/#primaryimage","url":"https:\/\/skaitytaknyga.lt\/wp-content\/uploads\/2025\/11\/Kai-soka-jo-moteris.-Oharleju-seima-gyvenimas-uz-scenos.-2-knyga-1.webp","contentUrl":"https:\/\/skaitytaknyga.lt\/wp-content\/uploads\/2025\/11\/Kai-soka-jo-moteris.-Oharleju-seima-gyvenimas-uz-scenos.-2-knyga-1.webp","width":300,"height":442,"caption":"Kai \u0161oka jo moteris. Oharl\u0117j\u0173 \u0161eima: gyvenimas u\u017e scenos. 2 knyga"},{"@type":"BreadcrumbList","@id":"https:\/\/skaitytaknyga.lt\/produktas\/kai-soka-jo-moteris-oharleju-seima-gyvenimas-uz-scenos-2-knyga\/#breadcrumb","itemListElement":[{"@type":"ListItem","position":1,"name":"Home","item":"https:\/\/skaitytaknyga.lt\/"},{"@type":"ListItem","position":2,"name":"Parduotuv\u0117","item":"https:\/\/skaitytaknyga.lt\/knygu-parduotuve\/"},{"@type":"ListItem","position":3,"name":"Kai \u0161oka jo moteris. Oharl\u0117j\u0173 \u0161eima: gyvenimas u\u017e scenos. 2 knyga"}]},{"@type":"WebSite","@id":"https:\/\/skaitytaknyga.lt\/#website","url":"https:\/\/skaitytaknyga.lt\/","name":"skaitytaknyga.lt","description":"Skaitytaknyga.lt \u2013 tai ma\u017eas \u0161eimos verslas, kuris prasid\u0117jo nuo meil\u0117s knygoms ir siekio i\u0161gelb\u0117ti knygas nuo likimo prie konteinerio. Kas vienam nereikalingas daiktas \u2013 kitam lobis, o mes esame tarpininkai, kurie padeda abiems tapti laimingesniems ???? \u017dinome kaip nelengva i\u0161gyventi ma\u017eiems verslams, tad nuo \u0161iol, \u010dia rasite ir kit\u0173, ma\u017e\u0173 \u0161eim\u0173 versl\u0173, rank\u0173 darbo, dovan\u0173 sau ir artimiesiems.","publisher":{"@id":"https:\/\/skaitytaknyga.lt\/#organization"},"potentialAction":[{"@type":"SearchAction","target":{"@type":"EntryPoint","urlTemplate":"https:\/\/skaitytaknyga.lt\/?s={search_term_string}"},"query-input":{"@type":"PropertyValueSpecification","valueRequired":true,"valueName":"search_term_string"}}],"inLanguage":"en-GB"},{"@type":"Organization","@id":"https:\/\/skaitytaknyga.lt\/#organization","name":"skaitytaknyga.lt","url":"https:\/\/skaitytaknyga.lt\/","logo":{"@type":"ImageObject","inLanguage":"en-GB","@id":"https:\/\/skaitytaknyga.lt\/#\/schema\/logo\/image\/","url":"https:\/\/skaitytaknyga.lt\/wp-content\/uploads\/2024\/05\/cropped-cropped-cropped-02_00843_jt3bggkj1j3HLc7SyY6rEUpg.jpeg","contentUrl":"https:\/\/skaitytaknyga.lt\/wp-content\/uploads\/2024\/05\/cropped-cropped-cropped-02_00843_jt3bggkj1j3HLc7SyY6rEUpg.jpeg","width":1600,"height":1600,"caption":"skaitytaknyga.lt"},"image":{"@id":"https:\/\/skaitytaknyga.lt\/#\/schema\/logo\/image\/"},"sameAs":["https:\/\/www.facebook.com\/skaitytaknyga\/"]}]}},"_links":{"self":[{"href":"https:\/\/skaitytaknyga.lt\/en\/wp-json\/wp\/v2\/product\/22116","targetHints":{"allow":["GET"]}}],"collection":[{"href":"https:\/\/skaitytaknyga.lt\/en\/wp-json\/wp\/v2\/product"}],"about":[{"href":"https:\/\/skaitytaknyga.lt\/en\/wp-json\/wp\/v2\/types\/product"}],"replies":[{"embeddable":true,"href":"https:\/\/skaitytaknyga.lt\/en\/wp-json\/wp\/v2\/comments?post=22116"}],"wp:featuredmedia":[{"embeddable":true,"href":"https:\/\/skaitytaknyga.lt\/en\/wp-json\/wp\/v2\/media\/22121"}],"wp:attachment":[{"href":"https:\/\/skaitytaknyga.lt\/en\/wp-json\/wp\/v2\/media?parent=22116"}],"wp:term":[{"taxonomy":"product_brand","embeddable":true,"href":"https:\/\/skaitytaknyga.lt\/en\/wp-json\/wp\/v2\/product_brand?post=22116"},{"taxonomy":"product_cat","embeddable":true,"href":"https:\/\/skaitytaknyga.lt\/en\/wp-json\/wp\/v2\/product_cat?post=22116"},{"taxonomy":"product_tag","embeddable":true,"href":"https:\/\/skaitytaknyga.lt\/en\/wp-json\/wp\/v2\/product_tag?post=22116"}],"curies":[{"name":"wp","href":"https:\/\/api.w.org\/{rel}","templated":true}]}}