{"id":22115,"date":"2025-11-29T12:23:12","date_gmt":"2025-11-29T10:23:12","guid":{"rendered":"https:\/\/skaitytaknyga.lt\/?post_type=product&#038;p=22115"},"modified":"2025-11-29T12:57:49","modified_gmt":"2025-11-29T10:57:49","slug":"is-antro-zvilgsnio","status":"publish","type":"product","link":"https:\/\/skaitytaknyga.lt\/en\/produktas\/is-antro-zvilgsnio\/","title":{"rendered":"I\u0161 antro \u017evilgsnio"},"content":{"rendered":"<p>Romane \u201eI\u0161 antro \u017evilgsnio\u201c Jodi Picoult \u012f dienos \u0161vies\u0105 i\u0161traukia iki \u0161iol nutylim\u0105 ir d\u0117l to labai ma\u017eai kam \u017einom\u0105 eugenikos projekt\u0105, vykdyt\u0105 Amerikoje XX a. tre\u010diajame ir ketvirtajame de\u0161imtme\u010diuose. Siekdami prisid\u0117ti prie Amerikos ekonominio augimo, \u0161io projekto vykdytojai tuomet buvo nusitaik\u0119 \u012f, j\u0173 manymu, t\u0105 augim\u0105 stabdan\u010dius ir \u201enormalaus\u201c baltojo amerikie\u010dio \u012fvaizd\u017eio neatitinkan\u010dius gyventojus \u2013 da\u017eniausiai emigrantus, ind\u0117n\u0173 gentis, socialiai silpnesnius visuomen\u0117s narius. Tokie \u017emon\u0117s b\u016bdavo tariamai savanori\u0161kai sterilizuojami \u2013 i\u0161 j\u0173 b\u016bdavo atimama teis\u0117 susilaukti vaik\u0173. Taip buvo tikimasi suma\u017einti \u201eblog\u0173j\u0173\u201c ir padidinti \u201eger\u0173j\u0173\u201c Amerikos gyventoj\u0173 skai\u010di\u0173.<\/p>\n<p>Knygos veiksmas vyksta Vermonto valstijoje, kur eugenikos projektas vykdytas ypa\u010d intensyviai. \u010cia nuo jo labiausiai nukent\u0117jo abenaki\u0173 gentis. Ra\u0161ytoja suk\u016br\u0117 jaudinam\u0105 istorij\u0105, per savo persona\u017e\u0173 likimus atskleisdama tokio projekto padarinius.<\/p>\n<p>\u017dem\u0117s sklype, priklausan\u010diame profesoriui Spenseriui Paikui, sumanoma statyti prekybos centr\u0105. Ta\u010diau \u0161iam sumanymui paprie\u0161tarauja abenakiai, teigdami, kad toje \u017eem\u0117je palaidoti j\u0173 prot\u0117viai. Abenaki\u0173 niekas nepaiso ir statybos prasideda, bet jas nutraukia keisti gamtos rei\u0161kiniai \u2013 nerasdami kuo juos paai\u0161kinti, \u017emon\u0117s ima \u0161nib\u017ed\u0117tis apie supykdytas abenaki\u0173 prot\u0117vi\u0173 dvasias.<\/p>\n<p>Tuo pat metu \u012f miestel\u012f pas seser\u012f atvyksta Rosas Veikmanas \u2013 jaunas vyras, nerandantis ramyb\u0117s po mylimos moters mirties. Vildamasis, kad anapusyb\u0117 egzistuoja, Rosas visais \u012fmanomais b\u016bdais bando rasti kontakt\u0105 su ten galb\u016bt nukeliavusia mylimosios siela. Nors Rosui to n\u0117 karto dar nepavyko padaryti, statyb\u0173 vadovas kreipiasi \u012f j\u012f pra\u0161ydamas, kad jis i\u0161tirt\u0173 statybviet\u0119 ir galb\u016bt patvirtint\u0173 arba paneigt\u0173 gandus apie ten klaid\u017eiojan\u010dias abenaki\u0173 prot\u0117vi\u0173 sielas.<\/p>\n<p>Rosas sutinka, bet statybviet\u0117je suranda tik paslapting\u0105 i\u0161sigandusi\u0105 moter\u012f \u2013 Lij\u0105 Bomont, ji, kaip ir Rosas, ka\u017eko ie\u0161ko u\u017e gyvenim\u0105 ir mirt\u012f skirian\u010dios ribos. Lija pirm\u0105 kart\u0105 per daugel\u012f met\u0173 Rosui v\u0117l \u012f\u017eiebia gyvyb\u0117s kibirk\u0161t\u012f, ir jis nusprend\u017eia \u017e\u016btb\u016bt i\u0161siai\u0161kinti \u0161i\u0105 ken\u010dian\u010di\u0105 moter\u012f slegian\u010dias paslaptis.<\/p>\n<p>Prad\u0117jus tyrim\u0105, ima vertis sukre\u010dianti istorija, apimanti keli\u0173 \u0161eim\u0173 ir net keli\u0173 kart\u0173 likimus, palyt\u0117tus meil\u0117s, nusikaltim\u0173 ir, be abejo, eugenikos projekto&#8230;<\/p>\n","protected":false},"excerpt":{"rendered":"<p>Romane \u201eI\u0161 antro \u017evilgsnio\u201c Jodi Picoult \u012f dienos \u0161vies\u0105 i\u0161traukia iki \u0161iol nutylim\u0105 ir d\u0117l to labai ma\u017eai kam \u017einom\u0105 eugenikos projekt\u0105, vykdyt\u0105 Amerikoje XX a. tre\u010diajame ir ketvirtajame de\u0161imtme\u010diuose. Siekdami prisid\u0117ti prie Amerikos ekonominio augimo, \u0161io projekto vykdytojai tuomet buvo nusitaik\u0119 \u012f, j\u0173 manymu, t\u0105 augim\u0105 stabdan\u010dius ir \u201enormalaus\u201c baltojo amerikie\u010dio \u012fvaizd\u017eio neatitinkan\u010dius gyventojus \u2013 da\u017eniausiai emigrantus, ind\u0117n\u0173 gentis, socialiai silpnesnius visuomen\u0117s narius. Tokie \u017emon\u0117s b\u016bdavo tariamai savanori\u0161kai sterilizuojami \u2013 i\u0161 j\u0173 b\u016bdavo atimama teis\u0117 susilaukti vaik\u0173. Taip buvo tikimasi suma\u017einti \u201eblog\u0173j\u0173\u201c ir padidinti \u201eger\u0173j\u0173\u201c Amerikos gyventoj\u0173 skai\u010di\u0173. Knygos veiksmas vyksta Vermonto valstijoje, kur eugenikos projektas vykdytas ypa\u010d intensyviai. \u010cia nuo jo labiausiai nukent\u0117jo abenaki\u0173 gentis. Ra\u0161ytoja suk\u016br\u0117 jaudinam\u0105 istorij\u0105, per savo persona\u017e\u0173 likimus atskleisdama tokio projekto padarinius. \u017dem\u0117s sklype, priklausan\u010diame profesoriui Spenseriui Paikui, sumanoma statyti prekybos centr\u0105. Ta\u010diau \u0161iam sumanymui paprie\u0161tarauja abenakiai, teigdami, kad toje \u017eem\u0117je palaidoti j\u0173 prot\u0117viai. Abenaki\u0173 niekas nepaiso ir statybos prasideda, bet jas nutraukia keisti gamtos rei\u0161kiniai \u2013 nerasdami kuo juos paai\u0161kinti, \u017emon\u0117s ima \u0161nib\u017ed\u0117tis apie supykdytas abenaki\u0173 prot\u0117vi\u0173 dvasias. Tuo pat metu \u012f miestel\u012f pas seser\u012f atvyksta Rosas Veikmanas \u2013 jaunas vyras, nerandantis ramyb\u0117s po mylimos moters mirties. Vildamasis, kad anapusyb\u0117 egzistuoja, Rosas visais \u012fmanomais b\u016bdais bando rasti kontakt\u0105 su ten galb\u016bt nukeliavusia mylimosios siela. Nors Rosui to n\u0117 karto dar nepavyko padaryti, statyb\u0173 vadovas kreipiasi \u012f j\u012f pra\u0161ydamas, kad jis i\u0161tirt\u0173 statybviet\u0119 ir galb\u016bt patvirtint\u0173 arba paneigt\u0173 gandus apie ten klaid\u017eiojan\u010dias abenaki\u0173 prot\u0117vi\u0173 sielas. Rosas sutinka, bet statybviet\u0117je suranda tik paslapting\u0105 i\u0161sigandusi\u0105 moter\u012f \u2013 Lij\u0105 Bomont, ji, kaip ir Rosas, ka\u017eko ie\u0161ko u\u017e gyvenim\u0105 ir mirt\u012f skirian\u010dios ribos. Lija pirm\u0105 kart\u0105 per daugel\u012f met\u0173 Rosui v\u0117l \u012f\u017eiebia gyvyb\u0117s kibirk\u0161t\u012f, ir jis nusprend\u017eia \u017e\u016btb\u016bt i\u0161siai\u0161kinti \u0161i\u0105 ken\u010dian\u010di\u0105 moter\u012f slegian\u010dias paslaptis. Prad\u0117jus tyrim\u0105, ima vertis sukre\u010dianti istorija, apimanti keli\u0173 \u0161eim\u0173 ir net keli\u0173 kart\u0173 likimus, palyt\u0117tus meil\u0117s, nusikaltim\u0173 ir, be abejo, eugenikos projekto&#8230;<\/p>\n","protected":false},"featured_media":22120,"comment_status":"open","ping_status":"closed","template":"","meta":{"_acf_changed":false,"site-sidebar-layout":"default","site-content-layout":"","ast-site-content-layout":"default","site-content-style":"default","site-sidebar-style":"default","ast-global-header-display":"","ast-banner-title-visibility":"","ast-main-header-display":"","ast-hfb-above-header-display":"","ast-hfb-below-header-display":"","ast-hfb-mobile-header-display":"","site-post-title":"","ast-breadcrumbs-content":"","ast-featured-img":"","footer-sml-layout":"","ast-disable-related-posts":"","theme-transparent-header-meta":"","adv-header-id-meta":"","stick-header-meta":"","header-above-stick-meta":"","header-main-stick-meta":"","header-below-stick-meta":"","astra-migrate-meta-layouts":"default","ast-page-background-enabled":"default","ast-page-background-meta":{"desktop":{"background-color":"","background-image":"","background-repeat":"repeat","background-position":"center center","background-size":"auto","background-attachment":"scroll","background-type":"","background-media":"","overlay-type":"","overlay-color":"","overlay-opacity":"","overlay-gradient":""},"tablet":{"background-color":"","background-image":"","background-repeat":"repeat","background-position":"center center","background-size":"auto","background-attachment":"scroll","background-type":"","background-media":"","overlay-type":"","overlay-color":"","overlay-opacity":"","overlay-gradient":""},"mobile":{"background-color":"","background-image":"","background-repeat":"repeat","background-position":"center center","background-size":"auto","background-attachment":"scroll","background-type":"","background-media":"","overlay-type":"","overlay-color":"","overlay-opacity":"","overlay-gradient":""}},"ast-content-background-meta":{"desktop":{"background-color":"var(--ast-global-color-4)","background-image":"","background-repeat":"repeat","background-position":"center center","background-size":"auto","background-attachment":"scroll","background-type":"","background-media":"","overlay-type":"","overlay-color":"","overlay-opacity":"","overlay-gradient":""},"tablet":{"background-color":"var(--ast-global-color-4)","background-image":"","background-repeat":"repeat","background-position":"center center","background-size":"auto","background-attachment":"scroll","background-type":"","background-media":"","overlay-type":"","overlay-color":"","overlay-opacity":"","overlay-gradient":""},"mobile":{"background-color":"var(--ast-global-color-4)","background-image":"","background-repeat":"repeat","background-position":"center center","background-size":"auto","background-attachment":"scroll","background-type":"","background-media":"","overlay-type":"","overlay-color":"","overlay-opacity":"","overlay-gradient":""}}},"product_brand":[],"product_cat":[31],"product_tag":[],"class_list":{"0":"post-22115","1":"product","2":"type-product","3":"status-publish","4":"has-post-thumbnail","6":"product_cat-grozine-literatura","7":"desktop-align-left","8":"tablet-align-left","9":"mobile-align-left","11":"first","12":"instock","13":"shipping-taxable","14":"purchasable","15":"product-type-simple"},"acf":[],"yoast_head":"<!-- This site is optimized with the Yoast SEO plugin v27.0 - https:\/\/yoast.com\/product\/yoast-seo-wordpress\/ -->\n<title>I\u0161 antro \u017evilgsnio<\/title>\n<meta name=\"description\" content=\"Romane \u201eI\u0161 antro \u017evilgsnio\u201c Jodi Picoult \u012f dienos \u0161vies\u0105 i\u0161traukia iki \u0161iol nutylim\u0105 ir d\u0117l to labai ma\u017eai kam \u017einom\u0105 eugenikos projekt\u0105, vykdyt\u0105\" \/>\n<meta name=\"robots\" content=\"index, follow, max-snippet:-1, max-image-preview:large, max-video-preview:-1\" \/>\n<link rel=\"canonical\" href=\"https:\/\/skaitytaknyga.lt\/en\/produktas\/is-antro-zvilgsnio\/\" \/>\n<meta property=\"og:locale\" content=\"en_GB\" \/>\n<meta property=\"og:locale:alternate\" content=\"lt_LT\" \/>\n<meta property=\"og:type\" content=\"article\" \/>\n<meta property=\"og:title\" content=\"I\u0161 antro \u017evilgsnio\" \/>\n<meta property=\"og:description\" content=\"Romane \u201eI\u0161 antro \u017evilgsnio\u201c Jodi Picoult \u012f dienos \u0161vies\u0105 i\u0161traukia iki \u0161iol nutylim\u0105 ir d\u0117l to labai ma\u017eai kam \u017einom\u0105 eugenikos projekt\u0105, vykdyt\u0105\" \/>\n<meta property=\"og:url\" content=\"https:\/\/skaitytaknyga.lt\/en\/produktas\/is-antro-zvilgsnio\/\" \/>\n<meta property=\"og:site_name\" content=\"Skaitytaknyga\" \/>\n<meta property=\"article:publisher\" content=\"https:\/\/www.facebook.com\/skaitytaknyga\/\" \/>\n<meta property=\"article:modified_time\" content=\"2025-11-29T10:57:49+00:00\" \/>\n<meta property=\"og:image\" content=\"https:\/\/skaitytaknyga.lt\/wp-content\/uploads\/2025\/11\/Is-antro-zvilgsnio-1.webp\" \/>\n\t<meta property=\"og:image:width\" content=\"334\" \/>\n\t<meta property=\"og:image:height\" content=\"551\" \/>\n\t<meta property=\"og:image:type\" content=\"image\/webp\" \/>\n<meta name=\"twitter:card\" content=\"summary_large_image\" \/>\n<meta name=\"twitter:label1\" content=\"Estimated reading time\" \/>\n\t<meta name=\"twitter:data1\" content=\"2 minutes\" \/>\n<script type=\"application\/ld+json\" class=\"yoast-schema-graph\">{\"@context\":\"https:\/\/schema.org\",\"@graph\":[{\"@type\":\"WebPage\",\"@id\":\"https:\/\/skaitytaknyga.lt\/produktas\/is-antro-zvilgsnio\/\",\"url\":\"https:\/\/skaitytaknyga.lt\/produktas\/is-antro-zvilgsnio\/\",\"name\":\"I\u0161 antro \u017evilgsnio\",\"isPartOf\":{\"@id\":\"https:\/\/skaitytaknyga.lt\/#website\"},\"primaryImageOfPage\":{\"@id\":\"https:\/\/skaitytaknyga.lt\/produktas\/is-antro-zvilgsnio\/#primaryimage\"},\"image\":{\"@id\":\"https:\/\/skaitytaknyga.lt\/produktas\/is-antro-zvilgsnio\/#primaryimage\"},\"thumbnailUrl\":\"https:\/\/skaitytaknyga.lt\/wp-content\/uploads\/2025\/11\/Is-antro-zvilgsnio-1.webp\",\"datePublished\":\"2025-11-29T10:23:12+00:00\",\"dateModified\":\"2025-11-29T10:57:49+00:00\",\"description\":\"Romane \u201eI\u0161 antro \u017evilgsnio\u201c Jodi Picoult \u012f dienos \u0161vies\u0105 i\u0161traukia iki \u0161iol nutylim\u0105 ir d\u0117l to labai ma\u017eai kam \u017einom\u0105 eugenikos projekt\u0105, vykdyt\u0105\",\"breadcrumb\":{\"@id\":\"https:\/\/skaitytaknyga.lt\/produktas\/is-antro-zvilgsnio\/#breadcrumb\"},\"inLanguage\":\"en-GB\",\"potentialAction\":[{\"@type\":\"ReadAction\",\"target\":[\"https:\/\/skaitytaknyga.lt\/produktas\/is-antro-zvilgsnio\/\"]}]},{\"@type\":\"ImageObject\",\"inLanguage\":\"en-GB\",\"@id\":\"https:\/\/skaitytaknyga.lt\/produktas\/is-antro-zvilgsnio\/#primaryimage\",\"url\":\"https:\/\/skaitytaknyga.lt\/wp-content\/uploads\/2025\/11\/Is-antro-zvilgsnio-1.webp\",\"contentUrl\":\"https:\/\/skaitytaknyga.lt\/wp-content\/uploads\/2025\/11\/Is-antro-zvilgsnio-1.webp\",\"width\":334,\"height\":551},{\"@type\":\"BreadcrumbList\",\"@id\":\"https:\/\/skaitytaknyga.lt\/produktas\/is-antro-zvilgsnio\/#breadcrumb\",\"itemListElement\":[{\"@type\":\"ListItem\",\"position\":1,\"name\":\"Home\",\"item\":\"https:\/\/skaitytaknyga.lt\/\"},{\"@type\":\"ListItem\",\"position\":2,\"name\":\"Parduotuv\u0117\",\"item\":\"https:\/\/skaitytaknyga.lt\/knygu-parduotuve\/\"},{\"@type\":\"ListItem\",\"position\":3,\"name\":\"I\u0161 antro \u017evilgsnio\"}]},{\"@type\":\"WebSite\",\"@id\":\"https:\/\/skaitytaknyga.lt\/#website\",\"url\":\"https:\/\/skaitytaknyga.lt\/\",\"name\":\"skaitytaknyga.lt\",\"description\":\"Skaitytaknyga.lt \u2013 tai ma\u017eas \u0161eimos verslas, kuris prasid\u0117jo nuo meil\u0117s knygoms ir siekio i\u0161gelb\u0117ti knygas nuo likimo prie konteinerio. Kas vienam nereikalingas daiktas \u2013 kitam lobis, o mes esame tarpininkai, kurie padeda abiems tapti laimingesniems ???? \u017dinome kaip nelengva i\u0161gyventi ma\u017eiems verslams, tad nuo \u0161iol, \u010dia rasite ir kit\u0173, ma\u017e\u0173 \u0161eim\u0173 versl\u0173, rank\u0173 darbo, dovan\u0173 sau ir artimiesiems.\",\"publisher\":{\"@id\":\"https:\/\/skaitytaknyga.lt\/#organization\"},\"potentialAction\":[{\"@type\":\"SearchAction\",\"target\":{\"@type\":\"EntryPoint\",\"urlTemplate\":\"https:\/\/skaitytaknyga.lt\/?s={search_term_string}\"},\"query-input\":{\"@type\":\"PropertyValueSpecification\",\"valueRequired\":true,\"valueName\":\"search_term_string\"}}],\"inLanguage\":\"en-GB\"},{\"@type\":\"Organization\",\"@id\":\"https:\/\/skaitytaknyga.lt\/#organization\",\"name\":\"skaitytaknyga.lt\",\"url\":\"https:\/\/skaitytaknyga.lt\/\",\"logo\":{\"@type\":\"ImageObject\",\"inLanguage\":\"en-GB\",\"@id\":\"https:\/\/skaitytaknyga.lt\/#\/schema\/logo\/image\/\",\"url\":\"https:\/\/skaitytaknyga.lt\/wp-content\/uploads\/2024\/05\/cropped-cropped-cropped-02_00843_jt3bggkj1j3HLc7SyY6rEUpg.jpeg\",\"contentUrl\":\"https:\/\/skaitytaknyga.lt\/wp-content\/uploads\/2024\/05\/cropped-cropped-cropped-02_00843_jt3bggkj1j3HLc7SyY6rEUpg.jpeg\",\"width\":1600,\"height\":1600,\"caption\":\"skaitytaknyga.lt\"},\"image\":{\"@id\":\"https:\/\/skaitytaknyga.lt\/#\/schema\/logo\/image\/\"},\"sameAs\":[\"https:\/\/www.facebook.com\/skaitytaknyga\/\"]}]}<\/script>\n<!-- \/ Yoast SEO plugin. -->","yoast_head_json":{"title":"I\u0161 antro \u017evilgsnio","description":"Romane \u201eI\u0161 antro \u017evilgsnio\u201c Jodi Picoult \u012f dienos \u0161vies\u0105 i\u0161traukia iki \u0161iol nutylim\u0105 ir d\u0117l to labai ma\u017eai kam \u017einom\u0105 eugenikos projekt\u0105, vykdyt\u0105","robots":{"index":"index","follow":"follow","max-snippet":"max-snippet:-1","max-image-preview":"max-image-preview:large","max-video-preview":"max-video-preview:-1"},"canonical":"https:\/\/skaitytaknyga.lt\/en\/produktas\/is-antro-zvilgsnio\/","og_locale":"en_GB","og_type":"article","og_title":"[:lt]I\u0161 antro \u017evilgsnio[:] - Skaitytaknyga","og_description":"Romane \u201eI\u0161 antro \u017evilgsnio\u201c Jodi Picoult \u012f dienos \u0161vies\u0105 i\u0161traukia iki \u0161iol nutylim\u0105 ir d\u0117l to labai ma\u017eai kam \u017einom\u0105 eugenikos projekt\u0105, vykdyt\u0105","og_url":"https:\/\/skaitytaknyga.lt\/en\/produktas\/is-antro-zvilgsnio\/","og_site_name":"Skaitytaknyga","article_publisher":"https:\/\/www.facebook.com\/skaitytaknyga\/","article_modified_time":"2025-11-29T10:57:49+00:00","og_image":[{"width":334,"height":551,"url":"https:\/\/skaitytaknyga.lt\/wp-content\/uploads\/2025\/11\/Is-antro-zvilgsnio-1.webp","type":"image\/webp"}],"twitter_card":"summary_large_image","twitter_misc":{"Estimated reading time":"2 minutes"},"schema":{"@context":"https:\/\/schema.org","@graph":[{"@type":"WebPage","@id":"https:\/\/skaitytaknyga.lt\/produktas\/is-antro-zvilgsnio\/","url":"https:\/\/skaitytaknyga.lt\/produktas\/is-antro-zvilgsnio\/","name":"I\u0161 antro \u017evilgsnio","isPartOf":{"@id":"https:\/\/skaitytaknyga.lt\/#website"},"primaryImageOfPage":{"@id":"https:\/\/skaitytaknyga.lt\/produktas\/is-antro-zvilgsnio\/#primaryimage"},"image":{"@id":"https:\/\/skaitytaknyga.lt\/produktas\/is-antro-zvilgsnio\/#primaryimage"},"thumbnailUrl":"https:\/\/skaitytaknyga.lt\/wp-content\/uploads\/2025\/11\/Is-antro-zvilgsnio-1.webp","datePublished":"2025-11-29T10:23:12+00:00","dateModified":"2025-11-29T10:57:49+00:00","description":"Romane \u201eI\u0161 antro \u017evilgsnio\u201c Jodi Picoult \u012f dienos \u0161vies\u0105 i\u0161traukia iki \u0161iol nutylim\u0105 ir d\u0117l to labai ma\u017eai kam \u017einom\u0105 eugenikos projekt\u0105, vykdyt\u0105","breadcrumb":{"@id":"https:\/\/skaitytaknyga.lt\/produktas\/is-antro-zvilgsnio\/#breadcrumb"},"inLanguage":"en-GB","potentialAction":[{"@type":"ReadAction","target":["https:\/\/skaitytaknyga.lt\/produktas\/is-antro-zvilgsnio\/"]}]},{"@type":"ImageObject","inLanguage":"en-GB","@id":"https:\/\/skaitytaknyga.lt\/produktas\/is-antro-zvilgsnio\/#primaryimage","url":"https:\/\/skaitytaknyga.lt\/wp-content\/uploads\/2025\/11\/Is-antro-zvilgsnio-1.webp","contentUrl":"https:\/\/skaitytaknyga.lt\/wp-content\/uploads\/2025\/11\/Is-antro-zvilgsnio-1.webp","width":334,"height":551},{"@type":"BreadcrumbList","@id":"https:\/\/skaitytaknyga.lt\/produktas\/is-antro-zvilgsnio\/#breadcrumb","itemListElement":[{"@type":"ListItem","position":1,"name":"Home","item":"https:\/\/skaitytaknyga.lt\/"},{"@type":"ListItem","position":2,"name":"Parduotuv\u0117","item":"https:\/\/skaitytaknyga.lt\/knygu-parduotuve\/"},{"@type":"ListItem","position":3,"name":"I\u0161 antro \u017evilgsnio"}]},{"@type":"WebSite","@id":"https:\/\/skaitytaknyga.lt\/#website","url":"https:\/\/skaitytaknyga.lt\/","name":"skaitytaknyga.lt","description":"Skaitytaknyga.lt \u2013 tai ma\u017eas \u0161eimos verslas, kuris prasid\u0117jo nuo meil\u0117s knygoms ir siekio i\u0161gelb\u0117ti knygas nuo likimo prie konteinerio. Kas vienam nereikalingas daiktas \u2013 kitam lobis, o mes esame tarpininkai, kurie padeda abiems tapti laimingesniems ???? \u017dinome kaip nelengva i\u0161gyventi ma\u017eiems verslams, tad nuo \u0161iol, \u010dia rasite ir kit\u0173, ma\u017e\u0173 \u0161eim\u0173 versl\u0173, rank\u0173 darbo, dovan\u0173 sau ir artimiesiems.","publisher":{"@id":"https:\/\/skaitytaknyga.lt\/#organization"},"potentialAction":[{"@type":"SearchAction","target":{"@type":"EntryPoint","urlTemplate":"https:\/\/skaitytaknyga.lt\/?s={search_term_string}"},"query-input":{"@type":"PropertyValueSpecification","valueRequired":true,"valueName":"search_term_string"}}],"inLanguage":"en-GB"},{"@type":"Organization","@id":"https:\/\/skaitytaknyga.lt\/#organization","name":"skaitytaknyga.lt","url":"https:\/\/skaitytaknyga.lt\/","logo":{"@type":"ImageObject","inLanguage":"en-GB","@id":"https:\/\/skaitytaknyga.lt\/#\/schema\/logo\/image\/","url":"https:\/\/skaitytaknyga.lt\/wp-content\/uploads\/2024\/05\/cropped-cropped-cropped-02_00843_jt3bggkj1j3HLc7SyY6rEUpg.jpeg","contentUrl":"https:\/\/skaitytaknyga.lt\/wp-content\/uploads\/2024\/05\/cropped-cropped-cropped-02_00843_jt3bggkj1j3HLc7SyY6rEUpg.jpeg","width":1600,"height":1600,"caption":"skaitytaknyga.lt"},"image":{"@id":"https:\/\/skaitytaknyga.lt\/#\/schema\/logo\/image\/"},"sameAs":["https:\/\/www.facebook.com\/skaitytaknyga\/"]}]}},"_links":{"self":[{"href":"https:\/\/skaitytaknyga.lt\/en\/wp-json\/wp\/v2\/product\/22115","targetHints":{"allow":["GET"]}}],"collection":[{"href":"https:\/\/skaitytaknyga.lt\/en\/wp-json\/wp\/v2\/product"}],"about":[{"href":"https:\/\/skaitytaknyga.lt\/en\/wp-json\/wp\/v2\/types\/product"}],"replies":[{"embeddable":true,"href":"https:\/\/skaitytaknyga.lt\/en\/wp-json\/wp\/v2\/comments?post=22115"}],"wp:featuredmedia":[{"embeddable":true,"href":"https:\/\/skaitytaknyga.lt\/en\/wp-json\/wp\/v2\/media\/22120"}],"wp:attachment":[{"href":"https:\/\/skaitytaknyga.lt\/en\/wp-json\/wp\/v2\/media?parent=22115"}],"wp:term":[{"taxonomy":"product_brand","embeddable":true,"href":"https:\/\/skaitytaknyga.lt\/en\/wp-json\/wp\/v2\/product_brand?post=22115"},{"taxonomy":"product_cat","embeddable":true,"href":"https:\/\/skaitytaknyga.lt\/en\/wp-json\/wp\/v2\/product_cat?post=22115"},{"taxonomy":"product_tag","embeddable":true,"href":"https:\/\/skaitytaknyga.lt\/en\/wp-json\/wp\/v2\/product_tag?post=22115"}],"curies":[{"name":"wp","href":"https:\/\/api.w.org\/{rel}","templated":true}]}}