{"id":22105,"date":"2025-11-23T17:42:32","date_gmt":"2025-11-23T15:42:32","guid":{"rendered":"https:\/\/skaitytaknyga.lt\/?post_type=product&#038;p=22105"},"modified":"2025-11-29T12:23:03","modified_gmt":"2025-11-29T10:23:03","slug":"pavasario-skandalai","status":"publish","type":"product","link":"https:\/\/skaitytaknyga.lt\/en\/produktas\/pavasario-skandalai\/","title":{"rendered":"Pavasario skandalai"},"content":{"rendered":"<p>\u201ePavasario skandalai\u201c \u2013 ketvirtoji ciklo Nenuoramos aristokrat\u0117s  knyga.<\/p>\n<p>Londono auk\u0161tuomen\u0117je pasirodo keturios jaunos merginos. J\u0173 vienintelis tikslas \u2013 i\u0161tek\u0117ti. Gimsta dr\u0105sus vyro med\u017eiokl\u0117s planas. Dabar tereikia pasitelkti klast\u0105 ir moteri\u0161kus kerus.<\/p>\n<p>\u201eNoriu, kad su manimi darytum visk\u0105, apie k\u0105 anks\u010diau fantazavai&#8230;\u201c \u0160iais skandalingais \u017eod\u017eiais Deiz\u0117 Bouman, vienintel\u0117 i\u0161 keturi\u0173 dar nei\u0161tek\u0117jusi sien\u0173 ramstytoja, savo likim\u0105 atiduoda \u012f rankas vyrui, kuris anks\u010diau jai atrod\u0117 ma\u017eiausiai tinkamas.<\/p>\n<p>Tris sezonus praleidusi Londono auk\u0161tuomen\u0117je ir nesusiradusi vyro Deiz\u0117 Bouman i\u0161 t\u0117vo i\u0161girsta grie\u017etus \u017eod\u017eius: ji privalanti tai padaryti. Kuo grei\u010diau. O jeigu nesugeb\u0117s pati rasti tinkamo jaunikio, tur\u0117s tek\u0117ti u\u017e to, kur\u012f parinko jis, \u2013 vieni\u0161iaus Metjaus Svifto.<\/p>\n<p>Deiz\u0117 apimta siaubo. Ta\u010diau Boumanai nepripa\u017e\u012fsta nes\u0117kmi\u0173 ir ji nusprend\u017eia: i\u0161 kailio i\u0161siners, bet i\u0161tek\u0117s&#8230; u\u017e bet ko&#8230; tik jau ne u\u017e Metjaus. Deja, ji ne\u012fvertina netik\u0117tai atsiskleidusio \u0161io jaunuolio \u017eavesio. Tarp j\u0173 \u012fsiplieskia aistra, kurios n\u0117 vienam nepavyksta suvaldyti. Galiausiai, kai Deiz\u0117 ry\u017etasi jam atsiduoti, i\u0161ai\u0161k\u0117ja ne\u012ftik\u0117tina paslaptis&#8230; Ji gali su\u017elugdyti ne tik Metjaus ateit\u012f, bet ir meil\u0119.<\/p>\n","protected":false},"excerpt":{"rendered":"<p>\u201ePavasario skandalai\u201c \u2013 ketvirtoji ciklo Nenuoramos aristokrat\u0117s knyga. Londono auk\u0161tuomen\u0117je pasirodo keturios jaunos merginos. J\u0173 vienintelis tikslas \u2013 i\u0161tek\u0117ti. Gimsta dr\u0105sus vyro med\u017eiokl\u0117s planas. Dabar tereikia pasitelkti klast\u0105 ir moteri\u0161kus kerus. \u201eNoriu, kad su manimi darytum visk\u0105, apie k\u0105 anks\u010diau fantazavai&#8230;\u201c \u0160iais skandalingais \u017eod\u017eiais Deiz\u0117 Bouman, vienintel\u0117 i\u0161 keturi\u0173 dar nei\u0161tek\u0117jusi sien\u0173 ramstytoja, savo likim\u0105 atiduoda \u012f rankas vyrui, kuris anks\u010diau jai atrod\u0117 ma\u017eiausiai tinkamas. Tris sezonus praleidusi Londono auk\u0161tuomen\u0117je ir nesusiradusi vyro Deiz\u0117 Bouman i\u0161 t\u0117vo i\u0161girsta grie\u017etus \u017eod\u017eius: ji privalanti tai padaryti. Kuo grei\u010diau. O jeigu nesugeb\u0117s pati rasti tinkamo jaunikio, tur\u0117s tek\u0117ti u\u017e to, kur\u012f parinko jis, \u2013 vieni\u0161iaus Metjaus Svifto. Deiz\u0117 apimta siaubo. Ta\u010diau Boumanai nepripa\u017e\u012fsta nes\u0117kmi\u0173 ir ji nusprend\u017eia: i\u0161 kailio i\u0161siners, bet i\u0161tek\u0117s&#8230; u\u017e bet ko&#8230; tik jau ne u\u017e Metjaus. Deja, ji ne\u012fvertina netik\u0117tai atsiskleidusio \u0161io jaunuolio \u017eavesio. Tarp j\u0173 \u012fsiplieskia aistra, kurios n\u0117 vienam nepavyksta suvaldyti. Galiausiai, kai Deiz\u0117 ry\u017etasi jam atsiduoti, i\u0161ai\u0161k\u0117ja ne\u012ftik\u0117tina paslaptis&#8230; Ji gali su\u017elugdyti ne tik Metjaus ateit\u012f, bet ir meil\u0119.<\/p>\n","protected":false},"featured_media":22114,"comment_status":"open","ping_status":"closed","template":"","meta":{"_acf_changed":false,"site-sidebar-layout":"default","site-content-layout":"","ast-site-content-layout":"default","site-content-style":"default","site-sidebar-style":"default","ast-global-header-display":"","ast-banner-title-visibility":"","ast-main-header-display":"","ast-hfb-above-header-display":"","ast-hfb-below-header-display":"","ast-hfb-mobile-header-display":"","site-post-title":"","ast-breadcrumbs-content":"","ast-featured-img":"","footer-sml-layout":"","ast-disable-related-posts":"","theme-transparent-header-meta":"","adv-header-id-meta":"","stick-header-meta":"","header-above-stick-meta":"","header-main-stick-meta":"","header-below-stick-meta":"","astra-migrate-meta-layouts":"default","ast-page-background-enabled":"default","ast-page-background-meta":{"desktop":{"background-color":"","background-image":"","background-repeat":"repeat","background-position":"center center","background-size":"auto","background-attachment":"scroll","background-type":"","background-media":"","overlay-type":"","overlay-color":"","overlay-opacity":"","overlay-gradient":""},"tablet":{"background-color":"","background-image":"","background-repeat":"repeat","background-position":"center center","background-size":"auto","background-attachment":"scroll","background-type":"","background-media":"","overlay-type":"","overlay-color":"","overlay-opacity":"","overlay-gradient":""},"mobile":{"background-color":"","background-image":"","background-repeat":"repeat","background-position":"center center","background-size":"auto","background-attachment":"scroll","background-type":"","background-media":"","overlay-type":"","overlay-color":"","overlay-opacity":"","overlay-gradient":""}},"ast-content-background-meta":{"desktop":{"background-color":"var(--ast-global-color-4)","background-image":"","background-repeat":"repeat","background-position":"center center","background-size":"auto","background-attachment":"scroll","background-type":"","background-media":"","overlay-type":"","overlay-color":"","overlay-opacity":"","overlay-gradient":""},"tablet":{"background-color":"var(--ast-global-color-4)","background-image":"","background-repeat":"repeat","background-position":"center center","background-size":"auto","background-attachment":"scroll","background-type":"","background-media":"","overlay-type":"","overlay-color":"","overlay-opacity":"","overlay-gradient":""},"mobile":{"background-color":"var(--ast-global-color-4)","background-image":"","background-repeat":"repeat","background-position":"center center","background-size":"auto","background-attachment":"scroll","background-type":"","background-media":"","overlay-type":"","overlay-color":"","overlay-opacity":"","overlay-gradient":""}}},"product_brand":[],"product_cat":[31],"product_tag":[],"class_list":{"0":"post-22105","1":"product","2":"type-product","3":"status-publish","4":"has-post-thumbnail","6":"product_cat-grozine-literatura","7":"desktop-align-left","8":"tablet-align-left","9":"mobile-align-left","11":"first","12":"instock","13":"shipping-taxable","14":"purchasable","15":"product-type-simple"},"acf":[],"yoast_head":"<!-- This site is optimized with the Yoast SEO plugin v27.0 - https:\/\/yoast.com\/product\/yoast-seo-wordpress\/ -->\n<title>Pavasario skandalai<\/title>\n<meta name=\"description\" content=\"\u201ePavasario skandalai\u201c \u2013 ketvirtoji ciklo Nenuoramos aristokrat\u0117s knyga. Londono auk\u0161tuomen\u0117je pasirodo keturios jaunos merginos. J\u0173 vienintelis tikslas \u2013\" \/>\n<meta name=\"robots\" content=\"index, follow, max-snippet:-1, max-image-preview:large, max-video-preview:-1\" \/>\n<link rel=\"canonical\" href=\"https:\/\/skaitytaknyga.lt\/en\/produktas\/pavasario-skandalai\/\" \/>\n<meta property=\"og:locale\" content=\"en_GB\" \/>\n<meta property=\"og:locale:alternate\" content=\"lt_LT\" \/>\n<meta property=\"og:type\" content=\"article\" \/>\n<meta property=\"og:title\" content=\"Pavasario skandalai\" \/>\n<meta property=\"og:description\" content=\"\u201ePavasario skandalai\u201c \u2013 ketvirtoji ciklo Nenuoramos aristokrat\u0117s knyga. Londono auk\u0161tuomen\u0117je pasirodo keturios jaunos merginos. J\u0173 vienintelis tikslas \u2013\" \/>\n<meta property=\"og:url\" content=\"https:\/\/skaitytaknyga.lt\/en\/produktas\/pavasario-skandalai\/\" \/>\n<meta property=\"og:site_name\" content=\"Skaitytaknyga\" \/>\n<meta property=\"article:publisher\" content=\"https:\/\/www.facebook.com\/skaitytaknyga\/\" \/>\n<meta property=\"article:modified_time\" content=\"2025-11-29T10:23:03+00:00\" \/>\n<meta property=\"og:image\" content=\"https:\/\/skaitytaknyga.lt\/wp-content\/uploads\/2025\/11\/Pavasario-skandalai-e1764411741331.webp\" \/>\n\t<meta property=\"og:image:width\" content=\"335\" \/>\n\t<meta property=\"og:image:height\" content=\"496\" \/>\n\t<meta property=\"og:image:type\" content=\"image\/webp\" \/>\n<meta name=\"twitter:card\" content=\"summary_large_image\" \/>\n<meta name=\"twitter:label1\" content=\"Estimated reading time\" \/>\n\t<meta name=\"twitter:data1\" content=\"1 minute\" \/>\n<script type=\"application\/ld+json\" class=\"yoast-schema-graph\">{\"@context\":\"https:\/\/schema.org\",\"@graph\":[{\"@type\":\"WebPage\",\"@id\":\"https:\/\/skaitytaknyga.lt\/produktas\/pavasario-skandalai\/\",\"url\":\"https:\/\/skaitytaknyga.lt\/produktas\/pavasario-skandalai\/\",\"name\":\"Pavasario skandalai\",\"isPartOf\":{\"@id\":\"https:\/\/skaitytaknyga.lt\/#website\"},\"primaryImageOfPage\":{\"@id\":\"https:\/\/skaitytaknyga.lt\/produktas\/pavasario-skandalai\/#primaryimage\"},\"image\":{\"@id\":\"https:\/\/skaitytaknyga.lt\/produktas\/pavasario-skandalai\/#primaryimage\"},\"thumbnailUrl\":\"https:\/\/skaitytaknyga.lt\/wp-content\/uploads\/2025\/11\/Pavasario-skandalai-e1764411741331.webp\",\"datePublished\":\"2025-11-23T15:42:32+00:00\",\"dateModified\":\"2025-11-29T10:23:03+00:00\",\"description\":\"\u201ePavasario skandalai\u201c \u2013 ketvirtoji ciklo Nenuoramos aristokrat\u0117s knyga. Londono auk\u0161tuomen\u0117je pasirodo keturios jaunos merginos. J\u0173 vienintelis tikslas \u2013\",\"breadcrumb\":{\"@id\":\"https:\/\/skaitytaknyga.lt\/produktas\/pavasario-skandalai\/#breadcrumb\"},\"inLanguage\":\"en-GB\",\"potentialAction\":[{\"@type\":\"ReadAction\",\"target\":[\"https:\/\/skaitytaknyga.lt\/produktas\/pavasario-skandalai\/\"]}]},{\"@type\":\"ImageObject\",\"inLanguage\":\"en-GB\",\"@id\":\"https:\/\/skaitytaknyga.lt\/produktas\/pavasario-skandalai\/#primaryimage\",\"url\":\"https:\/\/skaitytaknyga.lt\/wp-content\/uploads\/2025\/11\/Pavasario-skandalai-e1764411741331.webp\",\"contentUrl\":\"https:\/\/skaitytaknyga.lt\/wp-content\/uploads\/2025\/11\/Pavasario-skandalai-e1764411741331.webp\",\"width\":335,\"height\":496,\"caption\":\"Pavasario skandalai\"},{\"@type\":\"BreadcrumbList\",\"@id\":\"https:\/\/skaitytaknyga.lt\/produktas\/pavasario-skandalai\/#breadcrumb\",\"itemListElement\":[{\"@type\":\"ListItem\",\"position\":1,\"name\":\"Home\",\"item\":\"https:\/\/skaitytaknyga.lt\/\"},{\"@type\":\"ListItem\",\"position\":2,\"name\":\"Parduotuv\u0117\",\"item\":\"https:\/\/skaitytaknyga.lt\/knygu-parduotuve\/\"},{\"@type\":\"ListItem\",\"position\":3,\"name\":\"Pavasario skandalai\"}]},{\"@type\":\"WebSite\",\"@id\":\"https:\/\/skaitytaknyga.lt\/#website\",\"url\":\"https:\/\/skaitytaknyga.lt\/\",\"name\":\"skaitytaknyga.lt\",\"description\":\"Skaitytaknyga.lt \u2013 tai ma\u017eas \u0161eimos verslas, kuris prasid\u0117jo nuo meil\u0117s knygoms ir siekio i\u0161gelb\u0117ti knygas nuo likimo prie konteinerio. Kas vienam nereikalingas daiktas \u2013 kitam lobis, o mes esame tarpininkai, kurie padeda abiems tapti laimingesniems ???? \u017dinome kaip nelengva i\u0161gyventi ma\u017eiems verslams, tad nuo \u0161iol, \u010dia rasite ir kit\u0173, ma\u017e\u0173 \u0161eim\u0173 versl\u0173, rank\u0173 darbo, dovan\u0173 sau ir artimiesiems.\",\"publisher\":{\"@id\":\"https:\/\/skaitytaknyga.lt\/#organization\"},\"potentialAction\":[{\"@type\":\"SearchAction\",\"target\":{\"@type\":\"EntryPoint\",\"urlTemplate\":\"https:\/\/skaitytaknyga.lt\/?s={search_term_string}\"},\"query-input\":{\"@type\":\"PropertyValueSpecification\",\"valueRequired\":true,\"valueName\":\"search_term_string\"}}],\"inLanguage\":\"en-GB\"},{\"@type\":\"Organization\",\"@id\":\"https:\/\/skaitytaknyga.lt\/#organization\",\"name\":\"skaitytaknyga.lt\",\"url\":\"https:\/\/skaitytaknyga.lt\/\",\"logo\":{\"@type\":\"ImageObject\",\"inLanguage\":\"en-GB\",\"@id\":\"https:\/\/skaitytaknyga.lt\/#\/schema\/logo\/image\/\",\"url\":\"https:\/\/skaitytaknyga.lt\/wp-content\/uploads\/2024\/05\/cropped-cropped-cropped-02_00843_jt3bggkj1j3HLc7SyY6rEUpg.jpeg\",\"contentUrl\":\"https:\/\/skaitytaknyga.lt\/wp-content\/uploads\/2024\/05\/cropped-cropped-cropped-02_00843_jt3bggkj1j3HLc7SyY6rEUpg.jpeg\",\"width\":1600,\"height\":1600,\"caption\":\"skaitytaknyga.lt\"},\"image\":{\"@id\":\"https:\/\/skaitytaknyga.lt\/#\/schema\/logo\/image\/\"},\"sameAs\":[\"https:\/\/www.facebook.com\/skaitytaknyga\/\"]}]}<\/script>\n<!-- \/ Yoast SEO plugin. -->","yoast_head_json":{"title":"Pavasario skandalai","description":"\u201ePavasario skandalai\u201c \u2013 ketvirtoji ciklo Nenuoramos aristokrat\u0117s knyga. Londono auk\u0161tuomen\u0117je pasirodo keturios jaunos merginos. J\u0173 vienintelis tikslas \u2013","robots":{"index":"index","follow":"follow","max-snippet":"max-snippet:-1","max-image-preview":"max-image-preview:large","max-video-preview":"max-video-preview:-1"},"canonical":"https:\/\/skaitytaknyga.lt\/en\/produktas\/pavasario-skandalai\/","og_locale":"en_GB","og_type":"article","og_title":"[:lt]Pavasario skandalai[:] - Skaitytaknyga","og_description":"\u201ePavasario skandalai\u201c \u2013 ketvirtoji ciklo Nenuoramos aristokrat\u0117s knyga. Londono auk\u0161tuomen\u0117je pasirodo keturios jaunos merginos. J\u0173 vienintelis tikslas \u2013","og_url":"https:\/\/skaitytaknyga.lt\/en\/produktas\/pavasario-skandalai\/","og_site_name":"Skaitytaknyga","article_publisher":"https:\/\/www.facebook.com\/skaitytaknyga\/","article_modified_time":"2025-11-29T10:23:03+00:00","og_image":[{"width":335,"height":496,"url":"https:\/\/skaitytaknyga.lt\/wp-content\/uploads\/2025\/11\/Pavasario-skandalai-e1764411741331.webp","type":"image\/webp"}],"twitter_card":"summary_large_image","twitter_misc":{"Estimated reading time":"1 minute"},"schema":{"@context":"https:\/\/schema.org","@graph":[{"@type":"WebPage","@id":"https:\/\/skaitytaknyga.lt\/produktas\/pavasario-skandalai\/","url":"https:\/\/skaitytaknyga.lt\/produktas\/pavasario-skandalai\/","name":"Pavasario skandalai","isPartOf":{"@id":"https:\/\/skaitytaknyga.lt\/#website"},"primaryImageOfPage":{"@id":"https:\/\/skaitytaknyga.lt\/produktas\/pavasario-skandalai\/#primaryimage"},"image":{"@id":"https:\/\/skaitytaknyga.lt\/produktas\/pavasario-skandalai\/#primaryimage"},"thumbnailUrl":"https:\/\/skaitytaknyga.lt\/wp-content\/uploads\/2025\/11\/Pavasario-skandalai-e1764411741331.webp","datePublished":"2025-11-23T15:42:32+00:00","dateModified":"2025-11-29T10:23:03+00:00","description":"\u201ePavasario skandalai\u201c \u2013 ketvirtoji ciklo Nenuoramos aristokrat\u0117s knyga. Londono auk\u0161tuomen\u0117je pasirodo keturios jaunos merginos. J\u0173 vienintelis tikslas \u2013","breadcrumb":{"@id":"https:\/\/skaitytaknyga.lt\/produktas\/pavasario-skandalai\/#breadcrumb"},"inLanguage":"en-GB","potentialAction":[{"@type":"ReadAction","target":["https:\/\/skaitytaknyga.lt\/produktas\/pavasario-skandalai\/"]}]},{"@type":"ImageObject","inLanguage":"en-GB","@id":"https:\/\/skaitytaknyga.lt\/produktas\/pavasario-skandalai\/#primaryimage","url":"https:\/\/skaitytaknyga.lt\/wp-content\/uploads\/2025\/11\/Pavasario-skandalai-e1764411741331.webp","contentUrl":"https:\/\/skaitytaknyga.lt\/wp-content\/uploads\/2025\/11\/Pavasario-skandalai-e1764411741331.webp","width":335,"height":496,"caption":"Pavasario skandalai"},{"@type":"BreadcrumbList","@id":"https:\/\/skaitytaknyga.lt\/produktas\/pavasario-skandalai\/#breadcrumb","itemListElement":[{"@type":"ListItem","position":1,"name":"Home","item":"https:\/\/skaitytaknyga.lt\/"},{"@type":"ListItem","position":2,"name":"Parduotuv\u0117","item":"https:\/\/skaitytaknyga.lt\/knygu-parduotuve\/"},{"@type":"ListItem","position":3,"name":"Pavasario skandalai"}]},{"@type":"WebSite","@id":"https:\/\/skaitytaknyga.lt\/#website","url":"https:\/\/skaitytaknyga.lt\/","name":"skaitytaknyga.lt","description":"Skaitytaknyga.lt \u2013 tai ma\u017eas \u0161eimos verslas, kuris prasid\u0117jo nuo meil\u0117s knygoms ir siekio i\u0161gelb\u0117ti knygas nuo likimo prie konteinerio. Kas vienam nereikalingas daiktas \u2013 kitam lobis, o mes esame tarpininkai, kurie padeda abiems tapti laimingesniems ???? \u017dinome kaip nelengva i\u0161gyventi ma\u017eiems verslams, tad nuo \u0161iol, \u010dia rasite ir kit\u0173, ma\u017e\u0173 \u0161eim\u0173 versl\u0173, rank\u0173 darbo, dovan\u0173 sau ir artimiesiems.","publisher":{"@id":"https:\/\/skaitytaknyga.lt\/#organization"},"potentialAction":[{"@type":"SearchAction","target":{"@type":"EntryPoint","urlTemplate":"https:\/\/skaitytaknyga.lt\/?s={search_term_string}"},"query-input":{"@type":"PropertyValueSpecification","valueRequired":true,"valueName":"search_term_string"}}],"inLanguage":"en-GB"},{"@type":"Organization","@id":"https:\/\/skaitytaknyga.lt\/#organization","name":"skaitytaknyga.lt","url":"https:\/\/skaitytaknyga.lt\/","logo":{"@type":"ImageObject","inLanguage":"en-GB","@id":"https:\/\/skaitytaknyga.lt\/#\/schema\/logo\/image\/","url":"https:\/\/skaitytaknyga.lt\/wp-content\/uploads\/2024\/05\/cropped-cropped-cropped-02_00843_jt3bggkj1j3HLc7SyY6rEUpg.jpeg","contentUrl":"https:\/\/skaitytaknyga.lt\/wp-content\/uploads\/2024\/05\/cropped-cropped-cropped-02_00843_jt3bggkj1j3HLc7SyY6rEUpg.jpeg","width":1600,"height":1600,"caption":"skaitytaknyga.lt"},"image":{"@id":"https:\/\/skaitytaknyga.lt\/#\/schema\/logo\/image\/"},"sameAs":["https:\/\/www.facebook.com\/skaitytaknyga\/"]}]}},"_links":{"self":[{"href":"https:\/\/skaitytaknyga.lt\/en\/wp-json\/wp\/v2\/product\/22105","targetHints":{"allow":["GET"]}}],"collection":[{"href":"https:\/\/skaitytaknyga.lt\/en\/wp-json\/wp\/v2\/product"}],"about":[{"href":"https:\/\/skaitytaknyga.lt\/en\/wp-json\/wp\/v2\/types\/product"}],"replies":[{"embeddable":true,"href":"https:\/\/skaitytaknyga.lt\/en\/wp-json\/wp\/v2\/comments?post=22105"}],"wp:featuredmedia":[{"embeddable":true,"href":"https:\/\/skaitytaknyga.lt\/en\/wp-json\/wp\/v2\/media\/22114"}],"wp:attachment":[{"href":"https:\/\/skaitytaknyga.lt\/en\/wp-json\/wp\/v2\/media?parent=22105"}],"wp:term":[{"taxonomy":"product_brand","embeddable":true,"href":"https:\/\/skaitytaknyga.lt\/en\/wp-json\/wp\/v2\/product_brand?post=22105"},{"taxonomy":"product_cat","embeddable":true,"href":"https:\/\/skaitytaknyga.lt\/en\/wp-json\/wp\/v2\/product_cat?post=22105"},{"taxonomy":"product_tag","embeddable":true,"href":"https:\/\/skaitytaknyga.lt\/en\/wp-json\/wp\/v2\/product_tag?post=22105"}],"curies":[{"name":"wp","href":"https:\/\/api.w.org\/{rel}","templated":true}]}}