{"id":22103,"date":"2025-11-23T17:42:32","date_gmt":"2025-11-23T15:42:32","guid":{"rendered":"https:\/\/skaitytaknyga.lt\/?post_type=product&#038;p=22103"},"modified":"2026-03-18T12:39:09","modified_gmt":"2026-03-18T10:39:09","slug":"simtametis-kuris-islipo-pro-langa-ir-dingo","status":"publish","type":"product","link":"https:\/\/skaitytaknyga.lt\/en\/produktas\/simtametis-kuris-islipo-pro-langa-ir-dingo\/","title":{"rendered":"\u0160imtametis, kuris i\u0161lipo pro lang\u0105 ir dingo"},"content":{"rendered":"<p>Ilgas ir \u012fvyki\u0173 kupinas gyvenimas atved\u0117 Alan\u0105 \u012f seneli\u0173 prieglaud\u0105, kuri tur\u0117jo tapti paskutine jo gyvenimo stotele. B\u0117da ta, kad sveikata ne\u017eada jo apleisti net ir t\u0105dien, kai jam sukanka 100 met\u0173. Visi renkasi did\u017eiajai \u0161ventei: meras, miestelio \u017einiasklaida, seneli\u0173 prieglaudos darbuotojai. Ta\u010diau Alanas neketina dalyvauti. Jis nusprend\u017eia&#8230; i\u0161lipti pro lang\u0105!<\/p>\n<p>Taip prasideda Alano Karlsono m\u0117nesio trukm\u0117s kelion\u0117 po \u0160vedij\u0105. Gana komplikuota, nes jo ie\u0161ko ne tik vietin\u0117 policija, bet ir nusikalt\u0117liai, kuri\u0173 lagaminas atsid\u016br\u0117 pas garbaus am\u017eiaus senol\u012f.<\/p>\n<p>\u0160i knyga \u2013 \u0161is tas daugiau nei subtilaus humoro kupina paskutinio \u0161imtame\u010dio nuotykio istorija. Kartu tai kelion\u0117 per vis\u0105 XX a. Pasirodo, kad \u0161is \u017emogus ne tik buvo vis\u0173 pagrindini\u0173 jo \u012fvyki\u0173 liudininkas, bet kai kuriuos j\u0173 netgi nul\u0117m\u0117! B\u016bdamas sprogmen\u0173 specialistas, jis prisid\u0117jo prie atomin\u0117s bombos k\u016brimo ir tur\u0117jo prog\u0105 susitikti su \u012ftakingiausiomis XX a. asmenyb\u0117mis: Stalinu, \u010cer\u010diliu, Mao, Trumenu, Franku ir de Goliu.<\/p>\n","protected":false},"excerpt":{"rendered":"<p>Ilgas ir \u012fvyki\u0173 kupinas gyvenimas atved\u0117 Alan\u0105 \u012f seneli\u0173 prieglaud\u0105, kuri tur\u0117jo tapti paskutine jo gyvenimo stotele. B\u0117da ta, kad sveikata ne\u017eada jo apleisti net ir t\u0105dien, kai jam sukanka 100 met\u0173. Visi renkasi did\u017eiajai \u0161ventei: meras, miestelio \u017einiasklaida, seneli\u0173 prieglaudos darbuotojai. Ta\u010diau Alanas neketina dalyvauti. Jis nusprend\u017eia&#8230; i\u0161lipti pro lang\u0105! Taip prasideda Alano Karlsono m\u0117nesio trukm\u0117s kelion\u0117 po \u0160vedij\u0105. Gana komplikuota, nes jo ie\u0161ko ne tik vietin\u0117 policija, bet ir nusikalt\u0117liai, kuri\u0173 lagaminas atsid\u016br\u0117 pas garbaus am\u017eiaus senol\u012f. \u0160i knyga \u2013 \u0161is tas daugiau nei subtilaus humoro kupina paskutinio \u0161imtame\u010dio nuotykio istorija. Kartu tai kelion\u0117 per vis\u0105 XX a. Pasirodo, kad \u0161is \u017emogus ne tik buvo vis\u0173 pagrindini\u0173 jo \u012fvyki\u0173 liudininkas, bet kai kuriuos j\u0173 netgi nul\u0117m\u0117! B\u016bdamas sprogmen\u0173 specialistas, jis prisid\u0117jo prie atomin\u0117s bombos k\u016brimo ir tur\u0117jo prog\u0105 susitikti su \u012ftakingiausiomis XX a. asmenyb\u0117mis: Stalinu, \u010cer\u010diliu, Mao, Trumenu, Franku ir de Goliu.<\/p>\n","protected":false},"featured_media":22112,"comment_status":"open","ping_status":"closed","template":"","meta":{"_acf_changed":false,"site-sidebar-layout":"default","site-content-layout":"","ast-site-content-layout":"default","site-content-style":"default","site-sidebar-style":"default","ast-global-header-display":"","ast-banner-title-visibility":"","ast-main-header-display":"","ast-hfb-above-header-display":"","ast-hfb-below-header-display":"","ast-hfb-mobile-header-display":"","site-post-title":"","ast-breadcrumbs-content":"","ast-featured-img":"","footer-sml-layout":"","ast-disable-related-posts":"","theme-transparent-header-meta":"","adv-header-id-meta":"","stick-header-meta":"","header-above-stick-meta":"","header-main-stick-meta":"","header-below-stick-meta":"","astra-migrate-meta-layouts":"default","ast-page-background-enabled":"default","ast-page-background-meta":{"desktop":{"background-color":"","background-image":"","background-repeat":"repeat","background-position":"center center","background-size":"auto","background-attachment":"scroll","background-type":"","background-media":"","overlay-type":"","overlay-color":"","overlay-opacity":"","overlay-gradient":""},"tablet":{"background-color":"","background-image":"","background-repeat":"repeat","background-position":"center center","background-size":"auto","background-attachment":"scroll","background-type":"","background-media":"","overlay-type":"","overlay-color":"","overlay-opacity":"","overlay-gradient":""},"mobile":{"background-color":"","background-image":"","background-repeat":"repeat","background-position":"center center","background-size":"auto","background-attachment":"scroll","background-type":"","background-media":"","overlay-type":"","overlay-color":"","overlay-opacity":"","overlay-gradient":""}},"ast-content-background-meta":{"desktop":{"background-color":"var(--ast-global-color-4)","background-image":"","background-repeat":"repeat","background-position":"center center","background-size":"auto","background-attachment":"scroll","background-type":"","background-media":"","overlay-type":"","overlay-color":"","overlay-opacity":"","overlay-gradient":""},"tablet":{"background-color":"var(--ast-global-color-4)","background-image":"","background-repeat":"repeat","background-position":"center center","background-size":"auto","background-attachment":"scroll","background-type":"","background-media":"","overlay-type":"","overlay-color":"","overlay-opacity":"","overlay-gradient":""},"mobile":{"background-color":"var(--ast-global-color-4)","background-image":"","background-repeat":"repeat","background-position":"center center","background-size":"auto","background-attachment":"scroll","background-type":"","background-media":"","overlay-type":"","overlay-color":"","overlay-opacity":"","overlay-gradient":""}}},"product_brand":[],"product_cat":[9734],"product_tag":[],"class_list":{"0":"post-22103","1":"product","2":"type-product","3":"status-publish","4":"has-post-thumbnail","6":"product_cat-romanai","7":"desktop-align-left","8":"tablet-align-left","9":"mobile-align-left","11":"first","12":"outofstock","13":"shipping-taxable","14":"purchasable","15":"product-type-simple"},"acf":[],"yoast_head":"<!-- This site is optimized with the Yoast SEO plugin v27.0 - https:\/\/yoast.com\/product\/yoast-seo-wordpress\/ -->\n<title>\u0160imtametis, kuris i\u0161lipo pro lang\u0105 ir dingo<\/title>\n<meta name=\"description\" content=\"Ilgas ir \u012fvyki\u0173 kupinas gyvenimas atved\u0117 Alan\u0105 \u012f seneli\u0173 prieglaud\u0105, kuri tur\u0117jo tapti paskutine jo gyvenimo stotele. B\u0117da ta, kad sveikata ne\u017eada jo\" \/>\n<meta name=\"robots\" content=\"index, follow, max-snippet:-1, max-image-preview:large, max-video-preview:-1\" \/>\n<link rel=\"canonical\" href=\"https:\/\/skaitytaknyga.lt\/en\/produktas\/simtametis-kuris-islipo-pro-langa-ir-dingo\/\" \/>\n<meta property=\"og:locale\" content=\"en_GB\" \/>\n<meta property=\"og:locale:alternate\" content=\"lt_LT\" \/>\n<meta property=\"og:type\" content=\"article\" \/>\n<meta property=\"og:title\" content=\"\u0160imtametis, kuris i\u0161lipo pro lang\u0105 ir dingo\" \/>\n<meta property=\"og:description\" content=\"Ilgas ir \u012fvyki\u0173 kupinas gyvenimas atved\u0117 Alan\u0105 \u012f seneli\u0173 prieglaud\u0105, kuri tur\u0117jo tapti paskutine jo gyvenimo stotele. B\u0117da ta, kad sveikata ne\u017eada jo\" \/>\n<meta property=\"og:url\" content=\"https:\/\/skaitytaknyga.lt\/en\/produktas\/simtametis-kuris-islipo-pro-langa-ir-dingo\/\" \/>\n<meta property=\"og:site_name\" content=\"Skaitytaknyga\" \/>\n<meta property=\"article:publisher\" content=\"https:\/\/www.facebook.com\/skaitytaknyga\/\" \/>\n<meta property=\"article:modified_time\" content=\"2026-03-18T10:39:09+00:00\" \/>\n<meta property=\"og:image\" content=\"https:\/\/skaitytaknyga.lt\/wp-content\/uploads\/2025\/11\/Simtametis-kuris-islipo-pro-langa-ir-dingo.webp\" \/>\n\t<meta property=\"og:image:width\" content=\"295\" \/>\n\t<meta property=\"og:image:height\" content=\"426\" \/>\n\t<meta property=\"og:image:type\" content=\"image\/webp\" \/>\n<meta name=\"twitter:card\" content=\"summary_large_image\" \/>\n<meta name=\"twitter:label1\" content=\"Estimated reading time\" \/>\n\t<meta name=\"twitter:data1\" content=\"1 minute\" \/>\n<script type=\"application\/ld+json\" class=\"yoast-schema-graph\">{\"@context\":\"https:\/\/schema.org\",\"@graph\":[{\"@type\":\"WebPage\",\"@id\":\"https:\/\/skaitytaknyga.lt\/produktas\/simtametis-kuris-islipo-pro-langa-ir-dingo\/\",\"url\":\"https:\/\/skaitytaknyga.lt\/produktas\/simtametis-kuris-islipo-pro-langa-ir-dingo\/\",\"name\":\"\u0160imtametis, kuris i\u0161lipo pro lang\u0105 ir dingo\",\"isPartOf\":{\"@id\":\"https:\/\/skaitytaknyga.lt\/#website\"},\"primaryImageOfPage\":{\"@id\":\"https:\/\/skaitytaknyga.lt\/produktas\/simtametis-kuris-islipo-pro-langa-ir-dingo\/#primaryimage\"},\"image\":{\"@id\":\"https:\/\/skaitytaknyga.lt\/produktas\/simtametis-kuris-islipo-pro-langa-ir-dingo\/#primaryimage\"},\"thumbnailUrl\":\"https:\/\/skaitytaknyga.lt\/wp-content\/uploads\/2025\/11\/Simtametis-kuris-islipo-pro-langa-ir-dingo.webp\",\"datePublished\":\"2025-11-23T15:42:32+00:00\",\"dateModified\":\"2026-03-18T10:39:09+00:00\",\"description\":\"Ilgas ir \u012fvyki\u0173 kupinas gyvenimas atved\u0117 Alan\u0105 \u012f seneli\u0173 prieglaud\u0105, kuri tur\u0117jo tapti paskutine jo gyvenimo stotele. B\u0117da ta, kad sveikata ne\u017eada jo\",\"breadcrumb\":{\"@id\":\"https:\/\/skaitytaknyga.lt\/produktas\/simtametis-kuris-islipo-pro-langa-ir-dingo\/#breadcrumb\"},\"inLanguage\":\"en-GB\",\"potentialAction\":[{\"@type\":\"ReadAction\",\"target\":[\"https:\/\/skaitytaknyga.lt\/produktas\/simtametis-kuris-islipo-pro-langa-ir-dingo\/\"]}]},{\"@type\":\"ImageObject\",\"inLanguage\":\"en-GB\",\"@id\":\"https:\/\/skaitytaknyga.lt\/produktas\/simtametis-kuris-islipo-pro-langa-ir-dingo\/#primaryimage\",\"url\":\"https:\/\/skaitytaknyga.lt\/wp-content\/uploads\/2025\/11\/Simtametis-kuris-islipo-pro-langa-ir-dingo.webp\",\"contentUrl\":\"https:\/\/skaitytaknyga.lt\/wp-content\/uploads\/2025\/11\/Simtametis-kuris-islipo-pro-langa-ir-dingo.webp\",\"width\":295,\"height\":426,\"caption\":\"\u0160imtametis, kuris i\u0161lipo pro lang\u0105 ir dingo\"},{\"@type\":\"BreadcrumbList\",\"@id\":\"https:\/\/skaitytaknyga.lt\/produktas\/simtametis-kuris-islipo-pro-langa-ir-dingo\/#breadcrumb\",\"itemListElement\":[{\"@type\":\"ListItem\",\"position\":1,\"name\":\"Home\",\"item\":\"https:\/\/skaitytaknyga.lt\/\"},{\"@type\":\"ListItem\",\"position\":2,\"name\":\"Parduotuv\u0117\",\"item\":\"https:\/\/skaitytaknyga.lt\/knygu-parduotuve\/\"},{\"@type\":\"ListItem\",\"position\":3,\"name\":\"\u0160imtametis, kuris i\u0161lipo pro lang\u0105 ir dingo\"}]},{\"@type\":\"WebSite\",\"@id\":\"https:\/\/skaitytaknyga.lt\/#website\",\"url\":\"https:\/\/skaitytaknyga.lt\/\",\"name\":\"skaitytaknyga.lt\",\"description\":\"Skaitytaknyga.lt \u2013 tai ma\u017eas \u0161eimos verslas, kuris prasid\u0117jo nuo meil\u0117s knygoms ir siekio i\u0161gelb\u0117ti knygas nuo likimo prie konteinerio. Kas vienam nereikalingas daiktas \u2013 kitam lobis, o mes esame tarpininkai, kurie padeda abiems tapti laimingesniems ???? \u017dinome kaip nelengva i\u0161gyventi ma\u017eiems verslams, tad nuo \u0161iol, \u010dia rasite ir kit\u0173, ma\u017e\u0173 \u0161eim\u0173 versl\u0173, rank\u0173 darbo, dovan\u0173 sau ir artimiesiems.\",\"publisher\":{\"@id\":\"https:\/\/skaitytaknyga.lt\/#organization\"},\"potentialAction\":[{\"@type\":\"SearchAction\",\"target\":{\"@type\":\"EntryPoint\",\"urlTemplate\":\"https:\/\/skaitytaknyga.lt\/?s={search_term_string}\"},\"query-input\":{\"@type\":\"PropertyValueSpecification\",\"valueRequired\":true,\"valueName\":\"search_term_string\"}}],\"inLanguage\":\"en-GB\"},{\"@type\":\"Organization\",\"@id\":\"https:\/\/skaitytaknyga.lt\/#organization\",\"name\":\"skaitytaknyga.lt\",\"url\":\"https:\/\/skaitytaknyga.lt\/\",\"logo\":{\"@type\":\"ImageObject\",\"inLanguage\":\"en-GB\",\"@id\":\"https:\/\/skaitytaknyga.lt\/#\/schema\/logo\/image\/\",\"url\":\"https:\/\/skaitytaknyga.lt\/wp-content\/uploads\/2024\/05\/cropped-cropped-cropped-02_00843_jt3bggkj1j3HLc7SyY6rEUpg.jpeg\",\"contentUrl\":\"https:\/\/skaitytaknyga.lt\/wp-content\/uploads\/2024\/05\/cropped-cropped-cropped-02_00843_jt3bggkj1j3HLc7SyY6rEUpg.jpeg\",\"width\":1600,\"height\":1600,\"caption\":\"skaitytaknyga.lt\"},\"image\":{\"@id\":\"https:\/\/skaitytaknyga.lt\/#\/schema\/logo\/image\/\"},\"sameAs\":[\"https:\/\/www.facebook.com\/skaitytaknyga\/\"]}]}<\/script>\n<!-- \/ Yoast SEO plugin. -->","yoast_head_json":{"title":"\u0160imtametis, kuris i\u0161lipo pro lang\u0105 ir dingo","description":"Ilgas ir \u012fvyki\u0173 kupinas gyvenimas atved\u0117 Alan\u0105 \u012f seneli\u0173 prieglaud\u0105, kuri tur\u0117jo tapti paskutine jo gyvenimo stotele. B\u0117da ta, kad sveikata ne\u017eada jo","robots":{"index":"index","follow":"follow","max-snippet":"max-snippet:-1","max-image-preview":"max-image-preview:large","max-video-preview":"max-video-preview:-1"},"canonical":"https:\/\/skaitytaknyga.lt\/en\/produktas\/simtametis-kuris-islipo-pro-langa-ir-dingo\/","og_locale":"en_GB","og_type":"article","og_title":"[:lt]\u0160imtametis, kuris i\u0161lipo pro lang\u0105 ir dingo[:] - Skaitytaknyga","og_description":"Ilgas ir \u012fvyki\u0173 kupinas gyvenimas atved\u0117 Alan\u0105 \u012f seneli\u0173 prieglaud\u0105, kuri tur\u0117jo tapti paskutine jo gyvenimo stotele. B\u0117da ta, kad sveikata ne\u017eada jo","og_url":"https:\/\/skaitytaknyga.lt\/en\/produktas\/simtametis-kuris-islipo-pro-langa-ir-dingo\/","og_site_name":"Skaitytaknyga","article_publisher":"https:\/\/www.facebook.com\/skaitytaknyga\/","article_modified_time":"2026-03-18T10:39:09+00:00","og_image":[{"width":295,"height":426,"url":"https:\/\/skaitytaknyga.lt\/wp-content\/uploads\/2025\/11\/Simtametis-kuris-islipo-pro-langa-ir-dingo.webp","type":"image\/webp"}],"twitter_card":"summary_large_image","twitter_misc":{"Estimated reading time":"1 minute"},"schema":{"@context":"https:\/\/schema.org","@graph":[{"@type":"WebPage","@id":"https:\/\/skaitytaknyga.lt\/produktas\/simtametis-kuris-islipo-pro-langa-ir-dingo\/","url":"https:\/\/skaitytaknyga.lt\/produktas\/simtametis-kuris-islipo-pro-langa-ir-dingo\/","name":"\u0160imtametis, kuris i\u0161lipo pro lang\u0105 ir dingo","isPartOf":{"@id":"https:\/\/skaitytaknyga.lt\/#website"},"primaryImageOfPage":{"@id":"https:\/\/skaitytaknyga.lt\/produktas\/simtametis-kuris-islipo-pro-langa-ir-dingo\/#primaryimage"},"image":{"@id":"https:\/\/skaitytaknyga.lt\/produktas\/simtametis-kuris-islipo-pro-langa-ir-dingo\/#primaryimage"},"thumbnailUrl":"https:\/\/skaitytaknyga.lt\/wp-content\/uploads\/2025\/11\/Simtametis-kuris-islipo-pro-langa-ir-dingo.webp","datePublished":"2025-11-23T15:42:32+00:00","dateModified":"2026-03-18T10:39:09+00:00","description":"Ilgas ir \u012fvyki\u0173 kupinas gyvenimas atved\u0117 Alan\u0105 \u012f seneli\u0173 prieglaud\u0105, kuri tur\u0117jo tapti paskutine jo gyvenimo stotele. B\u0117da ta, kad sveikata ne\u017eada jo","breadcrumb":{"@id":"https:\/\/skaitytaknyga.lt\/produktas\/simtametis-kuris-islipo-pro-langa-ir-dingo\/#breadcrumb"},"inLanguage":"en-GB","potentialAction":[{"@type":"ReadAction","target":["https:\/\/skaitytaknyga.lt\/produktas\/simtametis-kuris-islipo-pro-langa-ir-dingo\/"]}]},{"@type":"ImageObject","inLanguage":"en-GB","@id":"https:\/\/skaitytaknyga.lt\/produktas\/simtametis-kuris-islipo-pro-langa-ir-dingo\/#primaryimage","url":"https:\/\/skaitytaknyga.lt\/wp-content\/uploads\/2025\/11\/Simtametis-kuris-islipo-pro-langa-ir-dingo.webp","contentUrl":"https:\/\/skaitytaknyga.lt\/wp-content\/uploads\/2025\/11\/Simtametis-kuris-islipo-pro-langa-ir-dingo.webp","width":295,"height":426,"caption":"\u0160imtametis, kuris i\u0161lipo pro lang\u0105 ir dingo"},{"@type":"BreadcrumbList","@id":"https:\/\/skaitytaknyga.lt\/produktas\/simtametis-kuris-islipo-pro-langa-ir-dingo\/#breadcrumb","itemListElement":[{"@type":"ListItem","position":1,"name":"Home","item":"https:\/\/skaitytaknyga.lt\/"},{"@type":"ListItem","position":2,"name":"Parduotuv\u0117","item":"https:\/\/skaitytaknyga.lt\/knygu-parduotuve\/"},{"@type":"ListItem","position":3,"name":"\u0160imtametis, kuris i\u0161lipo pro lang\u0105 ir dingo"}]},{"@type":"WebSite","@id":"https:\/\/skaitytaknyga.lt\/#website","url":"https:\/\/skaitytaknyga.lt\/","name":"skaitytaknyga.lt","description":"Skaitytaknyga.lt \u2013 tai ma\u017eas \u0161eimos verslas, kuris prasid\u0117jo nuo meil\u0117s knygoms ir siekio i\u0161gelb\u0117ti knygas nuo likimo prie konteinerio. Kas vienam nereikalingas daiktas \u2013 kitam lobis, o mes esame tarpininkai, kurie padeda abiems tapti laimingesniems ???? \u017dinome kaip nelengva i\u0161gyventi ma\u017eiems verslams, tad nuo \u0161iol, \u010dia rasite ir kit\u0173, ma\u017e\u0173 \u0161eim\u0173 versl\u0173, rank\u0173 darbo, dovan\u0173 sau ir artimiesiems.","publisher":{"@id":"https:\/\/skaitytaknyga.lt\/#organization"},"potentialAction":[{"@type":"SearchAction","target":{"@type":"EntryPoint","urlTemplate":"https:\/\/skaitytaknyga.lt\/?s={search_term_string}"},"query-input":{"@type":"PropertyValueSpecification","valueRequired":true,"valueName":"search_term_string"}}],"inLanguage":"en-GB"},{"@type":"Organization","@id":"https:\/\/skaitytaknyga.lt\/#organization","name":"skaitytaknyga.lt","url":"https:\/\/skaitytaknyga.lt\/","logo":{"@type":"ImageObject","inLanguage":"en-GB","@id":"https:\/\/skaitytaknyga.lt\/#\/schema\/logo\/image\/","url":"https:\/\/skaitytaknyga.lt\/wp-content\/uploads\/2024\/05\/cropped-cropped-cropped-02_00843_jt3bggkj1j3HLc7SyY6rEUpg.jpeg","contentUrl":"https:\/\/skaitytaknyga.lt\/wp-content\/uploads\/2024\/05\/cropped-cropped-cropped-02_00843_jt3bggkj1j3HLc7SyY6rEUpg.jpeg","width":1600,"height":1600,"caption":"skaitytaknyga.lt"},"image":{"@id":"https:\/\/skaitytaknyga.lt\/#\/schema\/logo\/image\/"},"sameAs":["https:\/\/www.facebook.com\/skaitytaknyga\/"]}]}},"_links":{"self":[{"href":"https:\/\/skaitytaknyga.lt\/en\/wp-json\/wp\/v2\/product\/22103","targetHints":{"allow":["GET"]}}],"collection":[{"href":"https:\/\/skaitytaknyga.lt\/en\/wp-json\/wp\/v2\/product"}],"about":[{"href":"https:\/\/skaitytaknyga.lt\/en\/wp-json\/wp\/v2\/types\/product"}],"replies":[{"embeddable":true,"href":"https:\/\/skaitytaknyga.lt\/en\/wp-json\/wp\/v2\/comments?post=22103"}],"wp:featuredmedia":[{"embeddable":true,"href":"https:\/\/skaitytaknyga.lt\/en\/wp-json\/wp\/v2\/media\/22112"}],"wp:attachment":[{"href":"https:\/\/skaitytaknyga.lt\/en\/wp-json\/wp\/v2\/media?parent=22103"}],"wp:term":[{"taxonomy":"product_brand","embeddable":true,"href":"https:\/\/skaitytaknyga.lt\/en\/wp-json\/wp\/v2\/product_brand?post=22103"},{"taxonomy":"product_cat","embeddable":true,"href":"https:\/\/skaitytaknyga.lt\/en\/wp-json\/wp\/v2\/product_cat?post=22103"},{"taxonomy":"product_tag","embeddable":true,"href":"https:\/\/skaitytaknyga.lt\/en\/wp-json\/wp\/v2\/product_tag?post=22103"}],"curies":[{"name":"wp","href":"https:\/\/api.w.org\/{rel}","templated":true}]}}