{"id":22102,"date":"2025-11-23T17:42:32","date_gmt":"2025-11-23T15:42:32","guid":{"rendered":"https:\/\/skaitytaknyga.lt\/?post_type=product&#038;p=22102"},"modified":"2026-02-26T10:10:23","modified_gmt":"2026-02-26T08:10:23","slug":"dievas-yra-ir-koks-jis-didis","status":"publish","type":"product","link":"https:\/\/skaitytaknyga.lt\/en\/produktas\/dievas-yra-ir-koks-jis-didis\/","title":{"rendered":"Dievas yra ir koks jis didis"},"content":{"rendered":"<p>Vidmantas \u017diemelis, teis\u0117s mokslo daktaras, aktyvus Lietuvos Nepriklausomyb\u0117s atk\u016brimo dalyvis, Lietuvos Nepriklausomyb\u0117s Akto signataras, buv\u0119s LR Seimo narys, vidaus reikal\u0173 ministras.<\/p>\n<p>Vidmantas \u017diemelis mano, kad kiekvienas \u017emogus \u012f \u0161i\u0105 \u017eem\u0119 ateina su tam tikra Dievo jam paskirta misija. Laimingas tas, kuris savo misij\u0105 \u012fvykdo s\u0117kmingai ir nepraleid\u017eia gyvenimo tu\u0161\u010diai.<\/p>\n<p>Jo nuomone, anapusiniame pasaulyje vieni, per\u017evelg\u0119 savo \u017eemi\u0161k\u0105j\u012f gyvenim\u0105, d\u017eiaugsis ir bus laimingi, kiti apgailestaus d\u0117l to, kad gal\u0117jo padaryti daugiau, dar kiti sielvartaus, jog j\u0173 gyvenimas nuplauk\u0117 perniek. Neabejotina, kad sielos dvasiniam tobul\u0117jimui b\u016btinas materialus pasaulis. K\u0105 pasiimsime gero i\u0161 \u017eemi\u0161kojo gyvenimo, tai pasitarnaus ir anapusiniame pasaulyje.<\/p>\n","protected":false},"excerpt":{"rendered":"<p>Vidmantas \u017diemelis, teis\u0117s mokslo daktaras, aktyvus Lietuvos Nepriklausomyb\u0117s atk\u016brimo dalyvis, Lietuvos Nepriklausomyb\u0117s Akto signataras, buv\u0119s LR Seimo narys, vidaus reikal\u0173 ministras. Vidmantas \u017diemelis mano, kad kiekvienas \u017emogus \u012f \u0161i\u0105 \u017eem\u0119 ateina su tam tikra Dievo jam paskirta misija. Laimingas tas, kuris savo misij\u0105 \u012fvykdo s\u0117kmingai ir nepraleid\u017eia gyvenimo tu\u0161\u010diai. Jo nuomone, anapusiniame pasaulyje vieni, per\u017evelg\u0119 savo \u017eemi\u0161k\u0105j\u012f gyvenim\u0105, d\u017eiaugsis ir bus laimingi, kiti apgailestaus d\u0117l to, kad gal\u0117jo padaryti daugiau, dar kiti sielvartaus, jog j\u0173 gyvenimas nuplauk\u0117 perniek. Neabejotina, kad sielos dvasiniam tobul\u0117jimui b\u016btinas materialus pasaulis. K\u0105 pasiimsime gero i\u0161 \u017eemi\u0161kojo gyvenimo, tai pasitarnaus ir anapusiniame pasaulyje.<\/p>\n","protected":false},"featured_media":22107,"comment_status":"open","ping_status":"closed","template":"","meta":{"_acf_changed":false,"site-sidebar-layout":"default","site-content-layout":"","ast-site-content-layout":"default","site-content-style":"default","site-sidebar-style":"default","ast-global-header-display":"","ast-banner-title-visibility":"","ast-main-header-display":"","ast-hfb-above-header-display":"","ast-hfb-below-header-display":"","ast-hfb-mobile-header-display":"","site-post-title":"","ast-breadcrumbs-content":"","ast-featured-img":"","footer-sml-layout":"","ast-disable-related-posts":"","theme-transparent-header-meta":"","adv-header-id-meta":"","stick-header-meta":"","header-above-stick-meta":"","header-main-stick-meta":"","header-below-stick-meta":"","astra-migrate-meta-layouts":"default","ast-page-background-enabled":"default","ast-page-background-meta":{"desktop":{"background-color":"","background-image":"","background-repeat":"repeat","background-position":"center center","background-size":"auto","background-attachment":"scroll","background-type":"","background-media":"","overlay-type":"","overlay-color":"","overlay-opacity":"","overlay-gradient":""},"tablet":{"background-color":"","background-image":"","background-repeat":"repeat","background-position":"center center","background-size":"auto","background-attachment":"scroll","background-type":"","background-media":"","overlay-type":"","overlay-color":"","overlay-opacity":"","overlay-gradient":""},"mobile":{"background-color":"","background-image":"","background-repeat":"repeat","background-position":"center center","background-size":"auto","background-attachment":"scroll","background-type":"","background-media":"","overlay-type":"","overlay-color":"","overlay-opacity":"","overlay-gradient":""}},"ast-content-background-meta":{"desktop":{"background-color":"var(--ast-global-color-4)","background-image":"","background-repeat":"repeat","background-position":"center center","background-size":"auto","background-attachment":"scroll","background-type":"","background-media":"","overlay-type":"","overlay-color":"","overlay-opacity":"","overlay-gradient":""},"tablet":{"background-color":"var(--ast-global-color-4)","background-image":"","background-repeat":"repeat","background-position":"center center","background-size":"auto","background-attachment":"scroll","background-type":"","background-media":"","overlay-type":"","overlay-color":"","overlay-opacity":"","overlay-gradient":""},"mobile":{"background-color":"var(--ast-global-color-4)","background-image":"","background-repeat":"repeat","background-position":"center center","background-size":"auto","background-attachment":"scroll","background-type":"","background-media":"","overlay-type":"","overlay-color":"","overlay-opacity":"","overlay-gradient":""}}},"product_brand":[],"product_cat":[165],"product_tag":[],"class_list":{"0":"post-22102","1":"product","2":"type-product","3":"status-publish","4":"has-post-thumbnail","6":"product_cat-religija-filosofija-ir-ezoterika","7":"desktop-align-left","8":"tablet-align-left","9":"mobile-align-left","11":"first","12":"instock","13":"shipping-taxable","14":"purchasable","15":"product-type-simple"},"acf":[],"yoast_head":"<!-- This site is optimized with the Yoast SEO plugin v27.0 - https:\/\/yoast.com\/product\/yoast-seo-wordpress\/ -->\n<title>Dievas yra ir koks jis didis<\/title>\n<meta name=\"description\" content=\"Vidmantas \u017diemelis, teis\u0117s mokslo daktaras, aktyvus Lietuvos Nepriklausomyb\u0117s atk\u016brimo dalyvis, Lietuvos Nepriklausomyb\u0117s Akto signataras, buv\u0119s LR Seimo\" \/>\n<meta name=\"robots\" content=\"index, follow, max-snippet:-1, max-image-preview:large, max-video-preview:-1\" \/>\n<link rel=\"canonical\" href=\"https:\/\/skaitytaknyga.lt\/en\/produktas\/dievas-yra-ir-koks-jis-didis\/\" \/>\n<meta property=\"og:locale\" content=\"en_GB\" \/>\n<meta property=\"og:locale:alternate\" content=\"lt_LT\" \/>\n<meta property=\"og:type\" content=\"article\" \/>\n<meta property=\"og:title\" content=\"Dievas yra ir koks jis didis\" \/>\n<meta property=\"og:description\" content=\"Vidmantas \u017diemelis, teis\u0117s mokslo daktaras, aktyvus Lietuvos Nepriklausomyb\u0117s atk\u016brimo dalyvis, Lietuvos Nepriklausomyb\u0117s Akto signataras, buv\u0119s LR Seimo\" \/>\n<meta property=\"og:url\" content=\"https:\/\/skaitytaknyga.lt\/en\/produktas\/dievas-yra-ir-koks-jis-didis\/\" \/>\n<meta property=\"og:site_name\" content=\"Skaitytaknyga\" \/>\n<meta property=\"article:publisher\" content=\"https:\/\/www.facebook.com\/skaitytaknyga\/\" \/>\n<meta property=\"article:modified_time\" content=\"2026-02-26T08:10:23+00:00\" \/>\n<meta property=\"og:image\" content=\"https:\/\/skaitytaknyga.lt\/wp-content\/uploads\/2025\/11\/Dievas-yra-ir-koks-jis-didis-1.webp\" \/>\n\t<meta property=\"og:image:width\" content=\"300\" \/>\n\t<meta property=\"og:image:height\" content=\"507\" \/>\n\t<meta property=\"og:image:type\" content=\"image\/webp\" \/>\n<meta name=\"twitter:card\" content=\"summary_large_image\" \/>\n<meta name=\"twitter:label1\" content=\"Estimated reading time\" \/>\n\t<meta name=\"twitter:data1\" content=\"1 minute\" \/>\n<script type=\"application\/ld+json\" class=\"yoast-schema-graph\">{\"@context\":\"https:\/\/schema.org\",\"@graph\":[{\"@type\":\"WebPage\",\"@id\":\"https:\/\/skaitytaknyga.lt\/produktas\/dievas-yra-ir-koks-jis-didis\/\",\"url\":\"https:\/\/skaitytaknyga.lt\/produktas\/dievas-yra-ir-koks-jis-didis\/\",\"name\":\"Dievas yra ir koks jis didis\",\"isPartOf\":{\"@id\":\"https:\/\/skaitytaknyga.lt\/#website\"},\"primaryImageOfPage\":{\"@id\":\"https:\/\/skaitytaknyga.lt\/produktas\/dievas-yra-ir-koks-jis-didis\/#primaryimage\"},\"image\":{\"@id\":\"https:\/\/skaitytaknyga.lt\/produktas\/dievas-yra-ir-koks-jis-didis\/#primaryimage\"},\"thumbnailUrl\":\"https:\/\/skaitytaknyga.lt\/wp-content\/uploads\/2025\/11\/Dievas-yra-ir-koks-jis-didis-1.webp\",\"datePublished\":\"2025-11-23T15:42:32+00:00\",\"dateModified\":\"2026-02-26T08:10:23+00:00\",\"description\":\"Vidmantas \u017diemelis, teis\u0117s mokslo daktaras, aktyvus Lietuvos Nepriklausomyb\u0117s atk\u016brimo dalyvis, Lietuvos Nepriklausomyb\u0117s Akto signataras, buv\u0119s LR Seimo\",\"breadcrumb\":{\"@id\":\"https:\/\/skaitytaknyga.lt\/produktas\/dievas-yra-ir-koks-jis-didis\/#breadcrumb\"},\"inLanguage\":\"en-GB\",\"potentialAction\":[{\"@type\":\"ReadAction\",\"target\":[\"https:\/\/skaitytaknyga.lt\/produktas\/dievas-yra-ir-koks-jis-didis\/\"]}]},{\"@type\":\"ImageObject\",\"inLanguage\":\"en-GB\",\"@id\":\"https:\/\/skaitytaknyga.lt\/produktas\/dievas-yra-ir-koks-jis-didis\/#primaryimage\",\"url\":\"https:\/\/skaitytaknyga.lt\/wp-content\/uploads\/2025\/11\/Dievas-yra-ir-koks-jis-didis-1.webp\",\"contentUrl\":\"https:\/\/skaitytaknyga.lt\/wp-content\/uploads\/2025\/11\/Dievas-yra-ir-koks-jis-didis-1.webp\",\"width\":300,\"height\":507,\"caption\":\"Dievas yra ir koks jis didis\"},{\"@type\":\"BreadcrumbList\",\"@id\":\"https:\/\/skaitytaknyga.lt\/produktas\/dievas-yra-ir-koks-jis-didis\/#breadcrumb\",\"itemListElement\":[{\"@type\":\"ListItem\",\"position\":1,\"name\":\"Home\",\"item\":\"https:\/\/skaitytaknyga.lt\/\"},{\"@type\":\"ListItem\",\"position\":2,\"name\":\"Parduotuv\u0117\",\"item\":\"https:\/\/skaitytaknyga.lt\/knygu-parduotuve\/\"},{\"@type\":\"ListItem\",\"position\":3,\"name\":\"Dievas yra ir koks jis didis\"}]},{\"@type\":\"WebSite\",\"@id\":\"https:\/\/skaitytaknyga.lt\/#website\",\"url\":\"https:\/\/skaitytaknyga.lt\/\",\"name\":\"skaitytaknyga.lt\",\"description\":\"Skaitytaknyga.lt \u2013 tai ma\u017eas \u0161eimos verslas, kuris prasid\u0117jo nuo meil\u0117s knygoms ir siekio i\u0161gelb\u0117ti knygas nuo likimo prie konteinerio. Kas vienam nereikalingas daiktas \u2013 kitam lobis, o mes esame tarpininkai, kurie padeda abiems tapti laimingesniems ???? \u017dinome kaip nelengva i\u0161gyventi ma\u017eiems verslams, tad nuo \u0161iol, \u010dia rasite ir kit\u0173, ma\u017e\u0173 \u0161eim\u0173 versl\u0173, rank\u0173 darbo, dovan\u0173 sau ir artimiesiems.\",\"publisher\":{\"@id\":\"https:\/\/skaitytaknyga.lt\/#organization\"},\"potentialAction\":[{\"@type\":\"SearchAction\",\"target\":{\"@type\":\"EntryPoint\",\"urlTemplate\":\"https:\/\/skaitytaknyga.lt\/?s={search_term_string}\"},\"query-input\":{\"@type\":\"PropertyValueSpecification\",\"valueRequired\":true,\"valueName\":\"search_term_string\"}}],\"inLanguage\":\"en-GB\"},{\"@type\":\"Organization\",\"@id\":\"https:\/\/skaitytaknyga.lt\/#organization\",\"name\":\"skaitytaknyga.lt\",\"url\":\"https:\/\/skaitytaknyga.lt\/\",\"logo\":{\"@type\":\"ImageObject\",\"inLanguage\":\"en-GB\",\"@id\":\"https:\/\/skaitytaknyga.lt\/#\/schema\/logo\/image\/\",\"url\":\"https:\/\/skaitytaknyga.lt\/wp-content\/uploads\/2024\/05\/cropped-cropped-cropped-02_00843_jt3bggkj1j3HLc7SyY6rEUpg.jpeg\",\"contentUrl\":\"https:\/\/skaitytaknyga.lt\/wp-content\/uploads\/2024\/05\/cropped-cropped-cropped-02_00843_jt3bggkj1j3HLc7SyY6rEUpg.jpeg\",\"width\":1600,\"height\":1600,\"caption\":\"skaitytaknyga.lt\"},\"image\":{\"@id\":\"https:\/\/skaitytaknyga.lt\/#\/schema\/logo\/image\/\"},\"sameAs\":[\"https:\/\/www.facebook.com\/skaitytaknyga\/\"]}]}<\/script>\n<!-- \/ Yoast SEO plugin. -->","yoast_head_json":{"title":"Dievas yra ir koks jis didis","description":"Vidmantas \u017diemelis, teis\u0117s mokslo daktaras, aktyvus Lietuvos Nepriklausomyb\u0117s atk\u016brimo dalyvis, Lietuvos Nepriklausomyb\u0117s Akto signataras, buv\u0119s LR Seimo","robots":{"index":"index","follow":"follow","max-snippet":"max-snippet:-1","max-image-preview":"max-image-preview:large","max-video-preview":"max-video-preview:-1"},"canonical":"https:\/\/skaitytaknyga.lt\/en\/produktas\/dievas-yra-ir-koks-jis-didis\/","og_locale":"en_GB","og_type":"article","og_title":"[:lt]Dievas yra ir koks jis didis[:] - Skaitytaknyga","og_description":"Vidmantas \u017diemelis, teis\u0117s mokslo daktaras, aktyvus Lietuvos Nepriklausomyb\u0117s atk\u016brimo dalyvis, Lietuvos Nepriklausomyb\u0117s Akto signataras, buv\u0119s LR Seimo","og_url":"https:\/\/skaitytaknyga.lt\/en\/produktas\/dievas-yra-ir-koks-jis-didis\/","og_site_name":"Skaitytaknyga","article_publisher":"https:\/\/www.facebook.com\/skaitytaknyga\/","article_modified_time":"2026-02-26T08:10:23+00:00","og_image":[{"width":300,"height":507,"url":"https:\/\/skaitytaknyga.lt\/wp-content\/uploads\/2025\/11\/Dievas-yra-ir-koks-jis-didis-1.webp","type":"image\/webp"}],"twitter_card":"summary_large_image","twitter_misc":{"Estimated reading time":"1 minute"},"schema":{"@context":"https:\/\/schema.org","@graph":[{"@type":"WebPage","@id":"https:\/\/skaitytaknyga.lt\/produktas\/dievas-yra-ir-koks-jis-didis\/","url":"https:\/\/skaitytaknyga.lt\/produktas\/dievas-yra-ir-koks-jis-didis\/","name":"Dievas yra ir koks jis didis","isPartOf":{"@id":"https:\/\/skaitytaknyga.lt\/#website"},"primaryImageOfPage":{"@id":"https:\/\/skaitytaknyga.lt\/produktas\/dievas-yra-ir-koks-jis-didis\/#primaryimage"},"image":{"@id":"https:\/\/skaitytaknyga.lt\/produktas\/dievas-yra-ir-koks-jis-didis\/#primaryimage"},"thumbnailUrl":"https:\/\/skaitytaknyga.lt\/wp-content\/uploads\/2025\/11\/Dievas-yra-ir-koks-jis-didis-1.webp","datePublished":"2025-11-23T15:42:32+00:00","dateModified":"2026-02-26T08:10:23+00:00","description":"Vidmantas \u017diemelis, teis\u0117s mokslo daktaras, aktyvus Lietuvos Nepriklausomyb\u0117s atk\u016brimo dalyvis, Lietuvos Nepriklausomyb\u0117s Akto signataras, buv\u0119s LR Seimo","breadcrumb":{"@id":"https:\/\/skaitytaknyga.lt\/produktas\/dievas-yra-ir-koks-jis-didis\/#breadcrumb"},"inLanguage":"en-GB","potentialAction":[{"@type":"ReadAction","target":["https:\/\/skaitytaknyga.lt\/produktas\/dievas-yra-ir-koks-jis-didis\/"]}]},{"@type":"ImageObject","inLanguage":"en-GB","@id":"https:\/\/skaitytaknyga.lt\/produktas\/dievas-yra-ir-koks-jis-didis\/#primaryimage","url":"https:\/\/skaitytaknyga.lt\/wp-content\/uploads\/2025\/11\/Dievas-yra-ir-koks-jis-didis-1.webp","contentUrl":"https:\/\/skaitytaknyga.lt\/wp-content\/uploads\/2025\/11\/Dievas-yra-ir-koks-jis-didis-1.webp","width":300,"height":507,"caption":"Dievas yra ir koks jis didis"},{"@type":"BreadcrumbList","@id":"https:\/\/skaitytaknyga.lt\/produktas\/dievas-yra-ir-koks-jis-didis\/#breadcrumb","itemListElement":[{"@type":"ListItem","position":1,"name":"Home","item":"https:\/\/skaitytaknyga.lt\/"},{"@type":"ListItem","position":2,"name":"Parduotuv\u0117","item":"https:\/\/skaitytaknyga.lt\/knygu-parduotuve\/"},{"@type":"ListItem","position":3,"name":"Dievas yra ir koks jis didis"}]},{"@type":"WebSite","@id":"https:\/\/skaitytaknyga.lt\/#website","url":"https:\/\/skaitytaknyga.lt\/","name":"skaitytaknyga.lt","description":"Skaitytaknyga.lt \u2013 tai ma\u017eas \u0161eimos verslas, kuris prasid\u0117jo nuo meil\u0117s knygoms ir siekio i\u0161gelb\u0117ti knygas nuo likimo prie konteinerio. Kas vienam nereikalingas daiktas \u2013 kitam lobis, o mes esame tarpininkai, kurie padeda abiems tapti laimingesniems ???? \u017dinome kaip nelengva i\u0161gyventi ma\u017eiems verslams, tad nuo \u0161iol, \u010dia rasite ir kit\u0173, ma\u017e\u0173 \u0161eim\u0173 versl\u0173, rank\u0173 darbo, dovan\u0173 sau ir artimiesiems.","publisher":{"@id":"https:\/\/skaitytaknyga.lt\/#organization"},"potentialAction":[{"@type":"SearchAction","target":{"@type":"EntryPoint","urlTemplate":"https:\/\/skaitytaknyga.lt\/?s={search_term_string}"},"query-input":{"@type":"PropertyValueSpecification","valueRequired":true,"valueName":"search_term_string"}}],"inLanguage":"en-GB"},{"@type":"Organization","@id":"https:\/\/skaitytaknyga.lt\/#organization","name":"skaitytaknyga.lt","url":"https:\/\/skaitytaknyga.lt\/","logo":{"@type":"ImageObject","inLanguage":"en-GB","@id":"https:\/\/skaitytaknyga.lt\/#\/schema\/logo\/image\/","url":"https:\/\/skaitytaknyga.lt\/wp-content\/uploads\/2024\/05\/cropped-cropped-cropped-02_00843_jt3bggkj1j3HLc7SyY6rEUpg.jpeg","contentUrl":"https:\/\/skaitytaknyga.lt\/wp-content\/uploads\/2024\/05\/cropped-cropped-cropped-02_00843_jt3bggkj1j3HLc7SyY6rEUpg.jpeg","width":1600,"height":1600,"caption":"skaitytaknyga.lt"},"image":{"@id":"https:\/\/skaitytaknyga.lt\/#\/schema\/logo\/image\/"},"sameAs":["https:\/\/www.facebook.com\/skaitytaknyga\/"]}]}},"_links":{"self":[{"href":"https:\/\/skaitytaknyga.lt\/en\/wp-json\/wp\/v2\/product\/22102","targetHints":{"allow":["GET"]}}],"collection":[{"href":"https:\/\/skaitytaknyga.lt\/en\/wp-json\/wp\/v2\/product"}],"about":[{"href":"https:\/\/skaitytaknyga.lt\/en\/wp-json\/wp\/v2\/types\/product"}],"replies":[{"embeddable":true,"href":"https:\/\/skaitytaknyga.lt\/en\/wp-json\/wp\/v2\/comments?post=22102"}],"wp:featuredmedia":[{"embeddable":true,"href":"https:\/\/skaitytaknyga.lt\/en\/wp-json\/wp\/v2\/media\/22107"}],"wp:attachment":[{"href":"https:\/\/skaitytaknyga.lt\/en\/wp-json\/wp\/v2\/media?parent=22102"}],"wp:term":[{"taxonomy":"product_brand","embeddable":true,"href":"https:\/\/skaitytaknyga.lt\/en\/wp-json\/wp\/v2\/product_brand?post=22102"},{"taxonomy":"product_cat","embeddable":true,"href":"https:\/\/skaitytaknyga.lt\/en\/wp-json\/wp\/v2\/product_cat?post=22102"},{"taxonomy":"product_tag","embeddable":true,"href":"https:\/\/skaitytaknyga.lt\/en\/wp-json\/wp\/v2\/product_tag?post=22102"}],"curies":[{"name":"wp","href":"https:\/\/api.w.org\/{rel}","templated":true}]}}