{"id":22094,"date":"2025-11-23T16:43:39","date_gmt":"2025-11-23T14:43:39","guid":{"rendered":"https:\/\/skaitytaknyga.lt\/?post_type=product&#038;p=22094"},"modified":"2025-11-29T12:01:11","modified_gmt":"2025-11-29T10:01:11","slug":"skaudziu-likimu-aidas","status":"publish","type":"product","link":"https:\/\/skaitytaknyga.lt\/en\/produktas\/skaudziu-likimu-aidas\/","title":{"rendered":"Skaud\u017ei\u0173 likim\u0173 aidas"},"content":{"rendered":"<p>Knyga &#8220;Skaud\u017ei\u0173 likim\u0173 aidas&#8221; &#8211; tai 2011\u20132012 m. mokini\u0173 konkurso \u201eLietuvos kov\u0173 u\u017e laisv\u0119 ir netek\u010di\u0173 istorija\u201c ra\u0161ini\u0173 knyga, iliustruota to paties konkurso laureat\u0173 pie\u0161iniais.<br \/>\nGird\u0117tos seneli\u0173, proseneli\u0173 ir kit\u0173 artim\u0173j\u0173 skausmingos gyvenimo istorijos suguldytos \u012f ra\u0161inius, kuriuose atsispindi ir pa\u010di\u0173 autori\u0173 po\u017ei\u016bris \u012f istorinius \u012fvykius.<\/p>\n","protected":false},"excerpt":{"rendered":"<p>Knyga &#8220;Skaud\u017ei\u0173 likim\u0173 aidas&#8221; &#8211; tai 2011\u20132012 m. mokini\u0173 konkurso \u201eLietuvos kov\u0173 u\u017e laisv\u0119 ir netek\u010di\u0173 istorija\u201c ra\u0161ini\u0173 knyga, iliustruota to paties konkurso laureat\u0173 pie\u0161iniais. Gird\u0117tos seneli\u0173, proseneli\u0173 ir kit\u0173 artim\u0173j\u0173 skausmingos gyvenimo istorijos suguldytos \u012f ra\u0161inius, kuriuose atsispindi ir pa\u010di\u0173 autori\u0173 po\u017ei\u016bris \u012f istorinius \u012fvykius.<\/p>\n","protected":false},"featured_media":22099,"comment_status":"open","ping_status":"closed","template":"","meta":{"_acf_changed":false,"site-sidebar-layout":"default","site-content-layout":"","ast-site-content-layout":"default","site-content-style":"default","site-sidebar-style":"default","ast-global-header-display":"","ast-banner-title-visibility":"","ast-main-header-display":"","ast-hfb-above-header-display":"","ast-hfb-below-header-display":"","ast-hfb-mobile-header-display":"","site-post-title":"","ast-breadcrumbs-content":"","ast-featured-img":"","footer-sml-layout":"","ast-disable-related-posts":"","theme-transparent-header-meta":"","adv-header-id-meta":"","stick-header-meta":"","header-above-stick-meta":"","header-main-stick-meta":"","header-below-stick-meta":"","astra-migrate-meta-layouts":"default","ast-page-background-enabled":"default","ast-page-background-meta":{"desktop":{"background-color":"","background-image":"","background-repeat":"repeat","background-position":"center center","background-size":"auto","background-attachment":"scroll","background-type":"","background-media":"","overlay-type":"","overlay-color":"","overlay-opacity":"","overlay-gradient":""},"tablet":{"background-color":"","background-image":"","background-repeat":"repeat","background-position":"center center","background-size":"auto","background-attachment":"scroll","background-type":"","background-media":"","overlay-type":"","overlay-color":"","overlay-opacity":"","overlay-gradient":""},"mobile":{"background-color":"","background-image":"","background-repeat":"repeat","background-position":"center center","background-size":"auto","background-attachment":"scroll","background-type":"","background-media":"","overlay-type":"","overlay-color":"","overlay-opacity":"","overlay-gradient":""}},"ast-content-background-meta":{"desktop":{"background-color":"var(--ast-global-color-4)","background-image":"","background-repeat":"repeat","background-position":"center center","background-size":"auto","background-attachment":"scroll","background-type":"","background-media":"","overlay-type":"","overlay-color":"","overlay-opacity":"","overlay-gradient":""},"tablet":{"background-color":"var(--ast-global-color-4)","background-image":"","background-repeat":"repeat","background-position":"center center","background-size":"auto","background-attachment":"scroll","background-type":"","background-media":"","overlay-type":"","overlay-color":"","overlay-opacity":"","overlay-gradient":""},"mobile":{"background-color":"var(--ast-global-color-4)","background-image":"","background-repeat":"repeat","background-position":"center center","background-size":"auto","background-attachment":"scroll","background-type":"","background-media":"","overlay-type":"","overlay-color":"","overlay-opacity":"","overlay-gradient":""}}},"product_brand":[],"product_cat":[31],"product_tag":[],"class_list":{"0":"post-22094","1":"product","2":"type-product","3":"status-publish","4":"has-post-thumbnail","6":"product_cat-grozine-literatura","7":"desktop-align-left","8":"tablet-align-left","9":"mobile-align-left","11":"first","12":"instock","13":"shipping-taxable","14":"purchasable","15":"product-type-simple"},"acf":[],"yoast_head":"<!-- This site is optimized with the Yoast SEO plugin v27.0 - https:\/\/yoast.com\/product\/yoast-seo-wordpress\/ -->\n<title>Skaud\u017ei\u0173 likim\u0173 aidas<\/title>\n<meta name=\"description\" content=\"Knyga &quot;Skaud\u017ei\u0173 likim\u0173 aidas&quot; - tai 2011\u20132012 m. mokini\u0173 konkurso \u201eLietuvos kov\u0173 u\u017e laisv\u0119 ir netek\u010di\u0173 istorija\u201c ra\u0161ini\u0173 knyga, iliustruota to paties\" \/>\n<meta name=\"robots\" content=\"index, follow, max-snippet:-1, max-image-preview:large, max-video-preview:-1\" \/>\n<link rel=\"canonical\" href=\"https:\/\/skaitytaknyga.lt\/en\/produktas\/skaudziu-likimu-aidas\/\" \/>\n<meta property=\"og:locale\" content=\"en_GB\" \/>\n<meta property=\"og:locale:alternate\" content=\"lt_LT\" \/>\n<meta property=\"og:type\" content=\"article\" \/>\n<meta property=\"og:title\" content=\"Skaud\u017ei\u0173 likim\u0173 aidas\" \/>\n<meta property=\"og:description\" content=\"Knyga &quot;Skaud\u017ei\u0173 likim\u0173 aidas&quot; - tai 2011\u20132012 m. mokini\u0173 konkurso \u201eLietuvos kov\u0173 u\u017e laisv\u0119 ir netek\u010di\u0173 istorija\u201c ra\u0161ini\u0173 knyga, iliustruota to paties\" \/>\n<meta property=\"og:url\" content=\"https:\/\/skaitytaknyga.lt\/en\/produktas\/skaudziu-likimu-aidas\/\" \/>\n<meta property=\"og:site_name\" content=\"Skaitytaknyga\" \/>\n<meta property=\"article:publisher\" content=\"https:\/\/www.facebook.com\/skaitytaknyga\/\" \/>\n<meta property=\"article:modified_time\" content=\"2025-11-29T10:01:11+00:00\" \/>\n<meta property=\"og:image\" content=\"https:\/\/skaitytaknyga.lt\/wp-content\/uploads\/2025\/11\/Skaudziu-likimu-aidas.jpg\" \/>\n\t<meta property=\"og:image:width\" content=\"192\" \/>\n\t<meta property=\"og:image:height\" content=\"256\" \/>\n\t<meta property=\"og:image:type\" content=\"image\/jpeg\" \/>\n<meta name=\"twitter:card\" content=\"summary_large_image\" \/>\n<script type=\"application\/ld+json\" class=\"yoast-schema-graph\">{\"@context\":\"https:\/\/schema.org\",\"@graph\":[{\"@type\":\"WebPage\",\"@id\":\"https:\/\/skaitytaknyga.lt\/produktas\/skaudziu-likimu-aidas\/\",\"url\":\"https:\/\/skaitytaknyga.lt\/produktas\/skaudziu-likimu-aidas\/\",\"name\":\"Skaud\u017ei\u0173 likim\u0173 aidas\",\"isPartOf\":{\"@id\":\"https:\/\/skaitytaknyga.lt\/#website\"},\"primaryImageOfPage\":{\"@id\":\"https:\/\/skaitytaknyga.lt\/produktas\/skaudziu-likimu-aidas\/#primaryimage\"},\"image\":{\"@id\":\"https:\/\/skaitytaknyga.lt\/produktas\/skaudziu-likimu-aidas\/#primaryimage\"},\"thumbnailUrl\":\"https:\/\/skaitytaknyga.lt\/wp-content\/uploads\/2025\/11\/Skaudziu-likimu-aidas.jpg\",\"datePublished\":\"2025-11-23T14:43:39+00:00\",\"dateModified\":\"2025-11-29T10:01:11+00:00\",\"description\":\"Knyga \\\"Skaud\u017ei\u0173 likim\u0173 aidas\\\" - tai 2011\u20132012 m. mokini\u0173 konkurso \u201eLietuvos kov\u0173 u\u017e laisv\u0119 ir netek\u010di\u0173 istorija\u201c ra\u0161ini\u0173 knyga, iliustruota to paties\",\"breadcrumb\":{\"@id\":\"https:\/\/skaitytaknyga.lt\/produktas\/skaudziu-likimu-aidas\/#breadcrumb\"},\"inLanguage\":\"en-GB\",\"potentialAction\":[{\"@type\":\"ReadAction\",\"target\":[\"https:\/\/skaitytaknyga.lt\/produktas\/skaudziu-likimu-aidas\/\"]}]},{\"@type\":\"ImageObject\",\"inLanguage\":\"en-GB\",\"@id\":\"https:\/\/skaitytaknyga.lt\/produktas\/skaudziu-likimu-aidas\/#primaryimage\",\"url\":\"https:\/\/skaitytaknyga.lt\/wp-content\/uploads\/2025\/11\/Skaudziu-likimu-aidas.jpg\",\"contentUrl\":\"https:\/\/skaitytaknyga.lt\/wp-content\/uploads\/2025\/11\/Skaudziu-likimu-aidas.jpg\",\"width\":192,\"height\":256,\"caption\":\"Skaud\u017ei\u0173 likim\u0173 aidas\"},{\"@type\":\"BreadcrumbList\",\"@id\":\"https:\/\/skaitytaknyga.lt\/produktas\/skaudziu-likimu-aidas\/#breadcrumb\",\"itemListElement\":[{\"@type\":\"ListItem\",\"position\":1,\"name\":\"Home\",\"item\":\"https:\/\/skaitytaknyga.lt\/\"},{\"@type\":\"ListItem\",\"position\":2,\"name\":\"Parduotuv\u0117\",\"item\":\"https:\/\/skaitytaknyga.lt\/knygu-parduotuve\/\"},{\"@type\":\"ListItem\",\"position\":3,\"name\":\"Skaud\u017ei\u0173 likim\u0173 aidas\"}]},{\"@type\":\"WebSite\",\"@id\":\"https:\/\/skaitytaknyga.lt\/#website\",\"url\":\"https:\/\/skaitytaknyga.lt\/\",\"name\":\"skaitytaknyga.lt\",\"description\":\"Skaitytaknyga.lt \u2013 tai ma\u017eas \u0161eimos verslas, kuris prasid\u0117jo nuo meil\u0117s knygoms ir siekio i\u0161gelb\u0117ti knygas nuo likimo prie konteinerio. Kas vienam nereikalingas daiktas \u2013 kitam lobis, o mes esame tarpininkai, kurie padeda abiems tapti laimingesniems ???? \u017dinome kaip nelengva i\u0161gyventi ma\u017eiems verslams, tad nuo \u0161iol, \u010dia rasite ir kit\u0173, ma\u017e\u0173 \u0161eim\u0173 versl\u0173, rank\u0173 darbo, dovan\u0173 sau ir artimiesiems.\",\"publisher\":{\"@id\":\"https:\/\/skaitytaknyga.lt\/#organization\"},\"potentialAction\":[{\"@type\":\"SearchAction\",\"target\":{\"@type\":\"EntryPoint\",\"urlTemplate\":\"https:\/\/skaitytaknyga.lt\/?s={search_term_string}\"},\"query-input\":{\"@type\":\"PropertyValueSpecification\",\"valueRequired\":true,\"valueName\":\"search_term_string\"}}],\"inLanguage\":\"en-GB\"},{\"@type\":\"Organization\",\"@id\":\"https:\/\/skaitytaknyga.lt\/#organization\",\"name\":\"skaitytaknyga.lt\",\"url\":\"https:\/\/skaitytaknyga.lt\/\",\"logo\":{\"@type\":\"ImageObject\",\"inLanguage\":\"en-GB\",\"@id\":\"https:\/\/skaitytaknyga.lt\/#\/schema\/logo\/image\/\",\"url\":\"https:\/\/skaitytaknyga.lt\/wp-content\/uploads\/2024\/05\/cropped-cropped-cropped-02_00843_jt3bggkj1j3HLc7SyY6rEUpg.jpeg\",\"contentUrl\":\"https:\/\/skaitytaknyga.lt\/wp-content\/uploads\/2024\/05\/cropped-cropped-cropped-02_00843_jt3bggkj1j3HLc7SyY6rEUpg.jpeg\",\"width\":1600,\"height\":1600,\"caption\":\"skaitytaknyga.lt\"},\"image\":{\"@id\":\"https:\/\/skaitytaknyga.lt\/#\/schema\/logo\/image\/\"},\"sameAs\":[\"https:\/\/www.facebook.com\/skaitytaknyga\/\"]}]}<\/script>\n<!-- \/ Yoast SEO plugin. -->","yoast_head_json":{"title":"Skaud\u017ei\u0173 likim\u0173 aidas","description":"Knyga \"Skaud\u017ei\u0173 likim\u0173 aidas\" - tai 2011\u20132012 m. mokini\u0173 konkurso \u201eLietuvos kov\u0173 u\u017e laisv\u0119 ir netek\u010di\u0173 istorija\u201c ra\u0161ini\u0173 knyga, iliustruota to paties","robots":{"index":"index","follow":"follow","max-snippet":"max-snippet:-1","max-image-preview":"max-image-preview:large","max-video-preview":"max-video-preview:-1"},"canonical":"https:\/\/skaitytaknyga.lt\/en\/produktas\/skaudziu-likimu-aidas\/","og_locale":"en_GB","og_type":"article","og_title":"[:lt]Skaud\u017ei\u0173 likim\u0173 aidas[:] - Skaitytaknyga","og_description":"Knyga \"Skaud\u017ei\u0173 likim\u0173 aidas\" - tai 2011\u20132012 m. mokini\u0173 konkurso \u201eLietuvos kov\u0173 u\u017e laisv\u0119 ir netek\u010di\u0173 istorija\u201c ra\u0161ini\u0173 knyga, iliustruota to paties","og_url":"https:\/\/skaitytaknyga.lt\/en\/produktas\/skaudziu-likimu-aidas\/","og_site_name":"Skaitytaknyga","article_publisher":"https:\/\/www.facebook.com\/skaitytaknyga\/","article_modified_time":"2025-11-29T10:01:11+00:00","og_image":[{"width":192,"height":256,"url":"https:\/\/skaitytaknyga.lt\/wp-content\/uploads\/2025\/11\/Skaudziu-likimu-aidas.jpg","type":"image\/jpeg"}],"twitter_card":"summary_large_image","schema":{"@context":"https:\/\/schema.org","@graph":[{"@type":"WebPage","@id":"https:\/\/skaitytaknyga.lt\/produktas\/skaudziu-likimu-aidas\/","url":"https:\/\/skaitytaknyga.lt\/produktas\/skaudziu-likimu-aidas\/","name":"Skaud\u017ei\u0173 likim\u0173 aidas","isPartOf":{"@id":"https:\/\/skaitytaknyga.lt\/#website"},"primaryImageOfPage":{"@id":"https:\/\/skaitytaknyga.lt\/produktas\/skaudziu-likimu-aidas\/#primaryimage"},"image":{"@id":"https:\/\/skaitytaknyga.lt\/produktas\/skaudziu-likimu-aidas\/#primaryimage"},"thumbnailUrl":"https:\/\/skaitytaknyga.lt\/wp-content\/uploads\/2025\/11\/Skaudziu-likimu-aidas.jpg","datePublished":"2025-11-23T14:43:39+00:00","dateModified":"2025-11-29T10:01:11+00:00","description":"Knyga \"Skaud\u017ei\u0173 likim\u0173 aidas\" - tai 2011\u20132012 m. mokini\u0173 konkurso \u201eLietuvos kov\u0173 u\u017e laisv\u0119 ir netek\u010di\u0173 istorija\u201c ra\u0161ini\u0173 knyga, iliustruota to paties","breadcrumb":{"@id":"https:\/\/skaitytaknyga.lt\/produktas\/skaudziu-likimu-aidas\/#breadcrumb"},"inLanguage":"en-GB","potentialAction":[{"@type":"ReadAction","target":["https:\/\/skaitytaknyga.lt\/produktas\/skaudziu-likimu-aidas\/"]}]},{"@type":"ImageObject","inLanguage":"en-GB","@id":"https:\/\/skaitytaknyga.lt\/produktas\/skaudziu-likimu-aidas\/#primaryimage","url":"https:\/\/skaitytaknyga.lt\/wp-content\/uploads\/2025\/11\/Skaudziu-likimu-aidas.jpg","contentUrl":"https:\/\/skaitytaknyga.lt\/wp-content\/uploads\/2025\/11\/Skaudziu-likimu-aidas.jpg","width":192,"height":256,"caption":"Skaud\u017ei\u0173 likim\u0173 aidas"},{"@type":"BreadcrumbList","@id":"https:\/\/skaitytaknyga.lt\/produktas\/skaudziu-likimu-aidas\/#breadcrumb","itemListElement":[{"@type":"ListItem","position":1,"name":"Home","item":"https:\/\/skaitytaknyga.lt\/"},{"@type":"ListItem","position":2,"name":"Parduotuv\u0117","item":"https:\/\/skaitytaknyga.lt\/knygu-parduotuve\/"},{"@type":"ListItem","position":3,"name":"Skaud\u017ei\u0173 likim\u0173 aidas"}]},{"@type":"WebSite","@id":"https:\/\/skaitytaknyga.lt\/#website","url":"https:\/\/skaitytaknyga.lt\/","name":"skaitytaknyga.lt","description":"Skaitytaknyga.lt \u2013 tai ma\u017eas \u0161eimos verslas, kuris prasid\u0117jo nuo meil\u0117s knygoms ir siekio i\u0161gelb\u0117ti knygas nuo likimo prie konteinerio. Kas vienam nereikalingas daiktas \u2013 kitam lobis, o mes esame tarpininkai, kurie padeda abiems tapti laimingesniems ???? \u017dinome kaip nelengva i\u0161gyventi ma\u017eiems verslams, tad nuo \u0161iol, \u010dia rasite ir kit\u0173, ma\u017e\u0173 \u0161eim\u0173 versl\u0173, rank\u0173 darbo, dovan\u0173 sau ir artimiesiems.","publisher":{"@id":"https:\/\/skaitytaknyga.lt\/#organization"},"potentialAction":[{"@type":"SearchAction","target":{"@type":"EntryPoint","urlTemplate":"https:\/\/skaitytaknyga.lt\/?s={search_term_string}"},"query-input":{"@type":"PropertyValueSpecification","valueRequired":true,"valueName":"search_term_string"}}],"inLanguage":"en-GB"},{"@type":"Organization","@id":"https:\/\/skaitytaknyga.lt\/#organization","name":"skaitytaknyga.lt","url":"https:\/\/skaitytaknyga.lt\/","logo":{"@type":"ImageObject","inLanguage":"en-GB","@id":"https:\/\/skaitytaknyga.lt\/#\/schema\/logo\/image\/","url":"https:\/\/skaitytaknyga.lt\/wp-content\/uploads\/2024\/05\/cropped-cropped-cropped-02_00843_jt3bggkj1j3HLc7SyY6rEUpg.jpeg","contentUrl":"https:\/\/skaitytaknyga.lt\/wp-content\/uploads\/2024\/05\/cropped-cropped-cropped-02_00843_jt3bggkj1j3HLc7SyY6rEUpg.jpeg","width":1600,"height":1600,"caption":"skaitytaknyga.lt"},"image":{"@id":"https:\/\/skaitytaknyga.lt\/#\/schema\/logo\/image\/"},"sameAs":["https:\/\/www.facebook.com\/skaitytaknyga\/"]}]}},"_links":{"self":[{"href":"https:\/\/skaitytaknyga.lt\/en\/wp-json\/wp\/v2\/product\/22094","targetHints":{"allow":["GET"]}}],"collection":[{"href":"https:\/\/skaitytaknyga.lt\/en\/wp-json\/wp\/v2\/product"}],"about":[{"href":"https:\/\/skaitytaknyga.lt\/en\/wp-json\/wp\/v2\/types\/product"}],"replies":[{"embeddable":true,"href":"https:\/\/skaitytaknyga.lt\/en\/wp-json\/wp\/v2\/comments?post=22094"}],"wp:featuredmedia":[{"embeddable":true,"href":"https:\/\/skaitytaknyga.lt\/en\/wp-json\/wp\/v2\/media\/22099"}],"wp:attachment":[{"href":"https:\/\/skaitytaknyga.lt\/en\/wp-json\/wp\/v2\/media?parent=22094"}],"wp:term":[{"taxonomy":"product_brand","embeddable":true,"href":"https:\/\/skaitytaknyga.lt\/en\/wp-json\/wp\/v2\/product_brand?post=22094"},{"taxonomy":"product_cat","embeddable":true,"href":"https:\/\/skaitytaknyga.lt\/en\/wp-json\/wp\/v2\/product_cat?post=22094"},{"taxonomy":"product_tag","embeddable":true,"href":"https:\/\/skaitytaknyga.lt\/en\/wp-json\/wp\/v2\/product_tag?post=22094"}],"curies":[{"name":"wp","href":"https:\/\/api.w.org\/{rel}","templated":true}]}}