{"id":22093,"date":"2025-11-23T16:43:39","date_gmt":"2025-11-23T14:43:39","guid":{"rendered":"https:\/\/skaitytaknyga.lt\/?post_type=product&#038;p=22093"},"modified":"2025-11-29T12:01:02","modified_gmt":"2025-11-29T10:01:02","slug":"iskilieji-lietuviai-fricas-saudinis-ir-jonas-lelis","status":"publish","type":"product","link":"https:\/\/skaitytaknyga.lt\/en\/produktas\/iskilieji-lietuviai-fricas-saudinis-ir-jonas-lelis\/","title":{"rendered":"I\u0161kilieji lietuviai Fricas \u0160audinis ir Jonas Lelis"},"content":{"rendered":"<p>Dr. Saulius \u0160pokevi\u010dius knygoje \u201eI\u0161kilieji lietuviai Fricas \u0160audinis ir Jonas Lelis&#8221; pasakoja apie ry\u0161\u012f tarp skirting\u0173 kart\u0173 ir skirting\u0173 valstybi\u0173, bet tos pa\u010dios tautos mokslinink\u0173. J\u0173 atradimai \u2013 genial\u016bs, pasaulin\u0117s reik\u0161m\u0117s, jie gyvi kasdien\u0117je medicinos moksle bei praktikoje.<\/p>\n<p>Medicinos daktaras profesorius Jonas Lelis (1914\u20132011) kartu su moksline veikla ra\u0161\u0117 \u0161viet\u0117ji\u0161kas knygas. Viena j\u0173 \u2013 Bly\u0161kiosios pabaisos atrad\u0117jas F.R. \u0160audinis (1971).<\/p>\n<p>Gydytojas dermatologas venerologas J. Lelis 1978\u20131981 m. i\u0161tyr\u0117 ir apra\u0161\u0117 paveldim\u0105 lig\u0105, pavadint\u0105 Lelio sindromu (Lelis syndrome).<\/p>\n<p>Pateikdamas J. Lelio gyvenimo bei mokslini\u0173 darb\u0173 ap\u017evalg\u0105 bei dr. Christel Kuhn studijas apie sifilio suk\u0117l\u0117jo atrad\u0117j\u0105 Fric\u0105 \u0160audin\u012f, autorius skatina jaun\u0105j\u0105 medik\u0173 kart\u0105 siekti mokslo auk\u0161tum\u0173.<\/p>\n","protected":false},"excerpt":{"rendered":"<p>Dr. Saulius \u0160pokevi\u010dius knygoje \u201eI\u0161kilieji lietuviai Fricas \u0160audinis ir Jonas Lelis&#8221; pasakoja apie ry\u0161\u012f tarp skirting\u0173 kart\u0173 ir skirting\u0173 valstybi\u0173, bet tos pa\u010dios tautos mokslinink\u0173. J\u0173 atradimai \u2013 genial\u016bs, pasaulin\u0117s reik\u0161m\u0117s, jie gyvi kasdien\u0117je medicinos moksle bei praktikoje. Medicinos daktaras profesorius Jonas Lelis (1914\u20132011) kartu su moksline veikla ra\u0161\u0117 \u0161viet\u0117ji\u0161kas knygas. Viena j\u0173 \u2013 Bly\u0161kiosios pabaisos atrad\u0117jas F.R. \u0160audinis (1971). Gydytojas dermatologas venerologas J. Lelis 1978\u20131981 m. i\u0161tyr\u0117 ir apra\u0161\u0117 paveldim\u0105 lig\u0105, pavadint\u0105 Lelio sindromu (Lelis syndrome). Pateikdamas J. Lelio gyvenimo bei mokslini\u0173 darb\u0173 ap\u017evalg\u0105 bei dr. Christel Kuhn studijas apie sifilio suk\u0117l\u0117jo atrad\u0117j\u0105 Fric\u0105 \u0160audin\u012f, autorius skatina jaun\u0105j\u0105 medik\u0173 kart\u0105 siekti mokslo auk\u0161tum\u0173.<\/p>\n","protected":false},"featured_media":22098,"comment_status":"open","ping_status":"closed","template":"","meta":{"_acf_changed":false,"site-sidebar-layout":"default","site-content-layout":"","ast-site-content-layout":"default","site-content-style":"default","site-sidebar-style":"default","ast-global-header-display":"","ast-banner-title-visibility":"","ast-main-header-display":"","ast-hfb-above-header-display":"","ast-hfb-below-header-display":"","ast-hfb-mobile-header-display":"","site-post-title":"","ast-breadcrumbs-content":"","ast-featured-img":"","footer-sml-layout":"","ast-disable-related-posts":"","theme-transparent-header-meta":"","adv-header-id-meta":"","stick-header-meta":"","header-above-stick-meta":"","header-main-stick-meta":"","header-below-stick-meta":"","astra-migrate-meta-layouts":"default","ast-page-background-enabled":"default","ast-page-background-meta":{"desktop":{"background-color":"","background-image":"","background-repeat":"repeat","background-position":"center center","background-size":"auto","background-attachment":"scroll","background-type":"","background-media":"","overlay-type":"","overlay-color":"","overlay-opacity":"","overlay-gradient":""},"tablet":{"background-color":"","background-image":"","background-repeat":"repeat","background-position":"center center","background-size":"auto","background-attachment":"scroll","background-type":"","background-media":"","overlay-type":"","overlay-color":"","overlay-opacity":"","overlay-gradient":""},"mobile":{"background-color":"","background-image":"","background-repeat":"repeat","background-position":"center center","background-size":"auto","background-attachment":"scroll","background-type":"","background-media":"","overlay-type":"","overlay-color":"","overlay-opacity":"","overlay-gradient":""}},"ast-content-background-meta":{"desktop":{"background-color":"var(--ast-global-color-4)","background-image":"","background-repeat":"repeat","background-position":"center center","background-size":"auto","background-attachment":"scroll","background-type":"","background-media":"","overlay-type":"","overlay-color":"","overlay-opacity":"","overlay-gradient":""},"tablet":{"background-color":"var(--ast-global-color-4)","background-image":"","background-repeat":"repeat","background-position":"center center","background-size":"auto","background-attachment":"scroll","background-type":"","background-media":"","overlay-type":"","overlay-color":"","overlay-opacity":"","overlay-gradient":""},"mobile":{"background-color":"var(--ast-global-color-4)","background-image":"","background-repeat":"repeat","background-position":"center center","background-size":"auto","background-attachment":"scroll","background-type":"","background-media":"","overlay-type":"","overlay-color":"","overlay-opacity":"","overlay-gradient":""}}},"product_brand":[],"product_cat":[33],"product_tag":[],"class_list":{"0":"post-22093","1":"product","2":"type-product","3":"status-publish","4":"has-post-thumbnail","6":"product_cat-biografijos","7":"desktop-align-left","8":"tablet-align-left","9":"mobile-align-left","11":"first","12":"instock","13":"shipping-taxable","14":"purchasable","15":"product-type-simple"},"acf":[],"yoast_head":"<!-- This site is optimized with the Yoast SEO plugin v27.0 - https:\/\/yoast.com\/product\/yoast-seo-wordpress\/ -->\n<title>I\u0161kilieji lietuviai Fricas \u0160audinis ir Jonas Lelis<\/title>\n<meta name=\"description\" content=\"Dr. Saulius \u0160pokevi\u010dius knygoje \u201eI\u0161kilieji lietuviai Fricas \u0160audinis ir Jonas Lelis&quot; pasakoja apie ry\u0161\u012f tarp skirting\u0173 kart\u0173 ir skirting\u0173 valstybi\u0173, bet\" \/>\n<meta name=\"robots\" content=\"index, follow, max-snippet:-1, max-image-preview:large, max-video-preview:-1\" \/>\n<link rel=\"canonical\" href=\"https:\/\/skaitytaknyga.lt\/en\/produktas\/iskilieji-lietuviai-fricas-saudinis-ir-jonas-lelis\/\" \/>\n<meta property=\"og:locale\" content=\"en_GB\" \/>\n<meta property=\"og:locale:alternate\" content=\"lt_LT\" \/>\n<meta property=\"og:type\" content=\"article\" \/>\n<meta property=\"og:title\" content=\"I\u0161kilieji lietuviai Fricas \u0160audinis ir Jonas Lelis\" \/>\n<meta property=\"og:description\" content=\"Dr. Saulius \u0160pokevi\u010dius knygoje \u201eI\u0161kilieji lietuviai Fricas \u0160audinis ir Jonas Lelis&quot; pasakoja apie ry\u0161\u012f tarp skirting\u0173 kart\u0173 ir skirting\u0173 valstybi\u0173, bet\" \/>\n<meta property=\"og:url\" content=\"https:\/\/skaitytaknyga.lt\/en\/produktas\/iskilieji-lietuviai-fricas-saudinis-ir-jonas-lelis\/\" \/>\n<meta property=\"og:site_name\" content=\"Skaitytaknyga\" \/>\n<meta property=\"article:publisher\" content=\"https:\/\/www.facebook.com\/skaitytaknyga\/\" \/>\n<meta property=\"article:modified_time\" content=\"2025-11-29T10:01:02+00:00\" \/>\n<meta property=\"og:image\" content=\"https:\/\/skaitytaknyga.lt\/wp-content\/uploads\/2025\/11\/Iskilieji-lietuviai-Fricas-Saudinis-ir-Jonas-Lelis.webp\" \/>\n\t<meta property=\"og:image:width\" content=\"310\" \/>\n\t<meta property=\"og:image:height\" content=\"450\" \/>\n\t<meta property=\"og:image:type\" content=\"image\/webp\" \/>\n<meta name=\"twitter:card\" content=\"summary_large_image\" \/>\n<meta name=\"twitter:label1\" content=\"Estimated reading time\" \/>\n\t<meta name=\"twitter:data1\" content=\"1 minute\" \/>\n<script type=\"application\/ld+json\" class=\"yoast-schema-graph\">{\"@context\":\"https:\/\/schema.org\",\"@graph\":[{\"@type\":\"WebPage\",\"@id\":\"https:\/\/skaitytaknyga.lt\/produktas\/iskilieji-lietuviai-fricas-saudinis-ir-jonas-lelis\/\",\"url\":\"https:\/\/skaitytaknyga.lt\/produktas\/iskilieji-lietuviai-fricas-saudinis-ir-jonas-lelis\/\",\"name\":\"I\u0161kilieji lietuviai Fricas \u0160audinis ir Jonas Lelis\",\"isPartOf\":{\"@id\":\"https:\/\/skaitytaknyga.lt\/#website\"},\"primaryImageOfPage\":{\"@id\":\"https:\/\/skaitytaknyga.lt\/produktas\/iskilieji-lietuviai-fricas-saudinis-ir-jonas-lelis\/#primaryimage\"},\"image\":{\"@id\":\"https:\/\/skaitytaknyga.lt\/produktas\/iskilieji-lietuviai-fricas-saudinis-ir-jonas-lelis\/#primaryimage\"},\"thumbnailUrl\":\"https:\/\/skaitytaknyga.lt\/wp-content\/uploads\/2025\/11\/Iskilieji-lietuviai-Fricas-Saudinis-ir-Jonas-Lelis.webp\",\"datePublished\":\"2025-11-23T14:43:39+00:00\",\"dateModified\":\"2025-11-29T10:01:02+00:00\",\"description\":\"Dr. Saulius \u0160pokevi\u010dius knygoje \u201eI\u0161kilieji lietuviai Fricas \u0160audinis ir Jonas Lelis\\\" pasakoja apie ry\u0161\u012f tarp skirting\u0173 kart\u0173 ir skirting\u0173 valstybi\u0173, bet\",\"breadcrumb\":{\"@id\":\"https:\/\/skaitytaknyga.lt\/produktas\/iskilieji-lietuviai-fricas-saudinis-ir-jonas-lelis\/#breadcrumb\"},\"inLanguage\":\"en-GB\",\"potentialAction\":[{\"@type\":\"ReadAction\",\"target\":[\"https:\/\/skaitytaknyga.lt\/produktas\/iskilieji-lietuviai-fricas-saudinis-ir-jonas-lelis\/\"]}]},{\"@type\":\"ImageObject\",\"inLanguage\":\"en-GB\",\"@id\":\"https:\/\/skaitytaknyga.lt\/produktas\/iskilieji-lietuviai-fricas-saudinis-ir-jonas-lelis\/#primaryimage\",\"url\":\"https:\/\/skaitytaknyga.lt\/wp-content\/uploads\/2025\/11\/Iskilieji-lietuviai-Fricas-Saudinis-ir-Jonas-Lelis.webp\",\"contentUrl\":\"https:\/\/skaitytaknyga.lt\/wp-content\/uploads\/2025\/11\/Iskilieji-lietuviai-Fricas-Saudinis-ir-Jonas-Lelis.webp\",\"width\":310,\"height\":450,\"caption\":\"I\u0161kilieji lietuviai Fricas \u0160audinis ir Jonas Lelis\"},{\"@type\":\"BreadcrumbList\",\"@id\":\"https:\/\/skaitytaknyga.lt\/produktas\/iskilieji-lietuviai-fricas-saudinis-ir-jonas-lelis\/#breadcrumb\",\"itemListElement\":[{\"@type\":\"ListItem\",\"position\":1,\"name\":\"Home\",\"item\":\"https:\/\/skaitytaknyga.lt\/\"},{\"@type\":\"ListItem\",\"position\":2,\"name\":\"Parduotuv\u0117\",\"item\":\"https:\/\/skaitytaknyga.lt\/knygu-parduotuve\/\"},{\"@type\":\"ListItem\",\"position\":3,\"name\":\"I\u0161kilieji lietuviai Fricas \u0160audinis ir Jonas Lelis\"}]},{\"@type\":\"WebSite\",\"@id\":\"https:\/\/skaitytaknyga.lt\/#website\",\"url\":\"https:\/\/skaitytaknyga.lt\/\",\"name\":\"skaitytaknyga.lt\",\"description\":\"Skaitytaknyga.lt \u2013 tai ma\u017eas \u0161eimos verslas, kuris prasid\u0117jo nuo meil\u0117s knygoms ir siekio i\u0161gelb\u0117ti knygas nuo likimo prie konteinerio. Kas vienam nereikalingas daiktas \u2013 kitam lobis, o mes esame tarpininkai, kurie padeda abiems tapti laimingesniems ???? \u017dinome kaip nelengva i\u0161gyventi ma\u017eiems verslams, tad nuo \u0161iol, \u010dia rasite ir kit\u0173, ma\u017e\u0173 \u0161eim\u0173 versl\u0173, rank\u0173 darbo, dovan\u0173 sau ir artimiesiems.\",\"publisher\":{\"@id\":\"https:\/\/skaitytaknyga.lt\/#organization\"},\"potentialAction\":[{\"@type\":\"SearchAction\",\"target\":{\"@type\":\"EntryPoint\",\"urlTemplate\":\"https:\/\/skaitytaknyga.lt\/?s={search_term_string}\"},\"query-input\":{\"@type\":\"PropertyValueSpecification\",\"valueRequired\":true,\"valueName\":\"search_term_string\"}}],\"inLanguage\":\"en-GB\"},{\"@type\":\"Organization\",\"@id\":\"https:\/\/skaitytaknyga.lt\/#organization\",\"name\":\"skaitytaknyga.lt\",\"url\":\"https:\/\/skaitytaknyga.lt\/\",\"logo\":{\"@type\":\"ImageObject\",\"inLanguage\":\"en-GB\",\"@id\":\"https:\/\/skaitytaknyga.lt\/#\/schema\/logo\/image\/\",\"url\":\"https:\/\/skaitytaknyga.lt\/wp-content\/uploads\/2024\/05\/cropped-cropped-cropped-02_00843_jt3bggkj1j3HLc7SyY6rEUpg.jpeg\",\"contentUrl\":\"https:\/\/skaitytaknyga.lt\/wp-content\/uploads\/2024\/05\/cropped-cropped-cropped-02_00843_jt3bggkj1j3HLc7SyY6rEUpg.jpeg\",\"width\":1600,\"height\":1600,\"caption\":\"skaitytaknyga.lt\"},\"image\":{\"@id\":\"https:\/\/skaitytaknyga.lt\/#\/schema\/logo\/image\/\"},\"sameAs\":[\"https:\/\/www.facebook.com\/skaitytaknyga\/\"]}]}<\/script>\n<!-- \/ Yoast SEO plugin. -->","yoast_head_json":{"title":"I\u0161kilieji lietuviai Fricas \u0160audinis ir Jonas Lelis","description":"Dr. Saulius \u0160pokevi\u010dius knygoje \u201eI\u0161kilieji lietuviai Fricas \u0160audinis ir Jonas Lelis\" pasakoja apie ry\u0161\u012f tarp skirting\u0173 kart\u0173 ir skirting\u0173 valstybi\u0173, bet","robots":{"index":"index","follow":"follow","max-snippet":"max-snippet:-1","max-image-preview":"max-image-preview:large","max-video-preview":"max-video-preview:-1"},"canonical":"https:\/\/skaitytaknyga.lt\/en\/produktas\/iskilieji-lietuviai-fricas-saudinis-ir-jonas-lelis\/","og_locale":"en_GB","og_type":"article","og_title":"[:lt]I\u0161kilieji lietuviai Fricas \u0160audinis ir Jonas Lelis[:] - Skaitytaknyga","og_description":"Dr. Saulius \u0160pokevi\u010dius knygoje \u201eI\u0161kilieji lietuviai Fricas \u0160audinis ir Jonas Lelis\" pasakoja apie ry\u0161\u012f tarp skirting\u0173 kart\u0173 ir skirting\u0173 valstybi\u0173, bet","og_url":"https:\/\/skaitytaknyga.lt\/en\/produktas\/iskilieji-lietuviai-fricas-saudinis-ir-jonas-lelis\/","og_site_name":"Skaitytaknyga","article_publisher":"https:\/\/www.facebook.com\/skaitytaknyga\/","article_modified_time":"2025-11-29T10:01:02+00:00","og_image":[{"width":310,"height":450,"url":"https:\/\/skaitytaknyga.lt\/wp-content\/uploads\/2025\/11\/Iskilieji-lietuviai-Fricas-Saudinis-ir-Jonas-Lelis.webp","type":"image\/webp"}],"twitter_card":"summary_large_image","twitter_misc":{"Estimated reading time":"1 minute"},"schema":{"@context":"https:\/\/schema.org","@graph":[{"@type":"WebPage","@id":"https:\/\/skaitytaknyga.lt\/produktas\/iskilieji-lietuviai-fricas-saudinis-ir-jonas-lelis\/","url":"https:\/\/skaitytaknyga.lt\/produktas\/iskilieji-lietuviai-fricas-saudinis-ir-jonas-lelis\/","name":"I\u0161kilieji lietuviai Fricas \u0160audinis ir Jonas Lelis","isPartOf":{"@id":"https:\/\/skaitytaknyga.lt\/#website"},"primaryImageOfPage":{"@id":"https:\/\/skaitytaknyga.lt\/produktas\/iskilieji-lietuviai-fricas-saudinis-ir-jonas-lelis\/#primaryimage"},"image":{"@id":"https:\/\/skaitytaknyga.lt\/produktas\/iskilieji-lietuviai-fricas-saudinis-ir-jonas-lelis\/#primaryimage"},"thumbnailUrl":"https:\/\/skaitytaknyga.lt\/wp-content\/uploads\/2025\/11\/Iskilieji-lietuviai-Fricas-Saudinis-ir-Jonas-Lelis.webp","datePublished":"2025-11-23T14:43:39+00:00","dateModified":"2025-11-29T10:01:02+00:00","description":"Dr. Saulius \u0160pokevi\u010dius knygoje \u201eI\u0161kilieji lietuviai Fricas \u0160audinis ir Jonas Lelis\" pasakoja apie ry\u0161\u012f tarp skirting\u0173 kart\u0173 ir skirting\u0173 valstybi\u0173, bet","breadcrumb":{"@id":"https:\/\/skaitytaknyga.lt\/produktas\/iskilieji-lietuviai-fricas-saudinis-ir-jonas-lelis\/#breadcrumb"},"inLanguage":"en-GB","potentialAction":[{"@type":"ReadAction","target":["https:\/\/skaitytaknyga.lt\/produktas\/iskilieji-lietuviai-fricas-saudinis-ir-jonas-lelis\/"]}]},{"@type":"ImageObject","inLanguage":"en-GB","@id":"https:\/\/skaitytaknyga.lt\/produktas\/iskilieji-lietuviai-fricas-saudinis-ir-jonas-lelis\/#primaryimage","url":"https:\/\/skaitytaknyga.lt\/wp-content\/uploads\/2025\/11\/Iskilieji-lietuviai-Fricas-Saudinis-ir-Jonas-Lelis.webp","contentUrl":"https:\/\/skaitytaknyga.lt\/wp-content\/uploads\/2025\/11\/Iskilieji-lietuviai-Fricas-Saudinis-ir-Jonas-Lelis.webp","width":310,"height":450,"caption":"I\u0161kilieji lietuviai Fricas \u0160audinis ir Jonas Lelis"},{"@type":"BreadcrumbList","@id":"https:\/\/skaitytaknyga.lt\/produktas\/iskilieji-lietuviai-fricas-saudinis-ir-jonas-lelis\/#breadcrumb","itemListElement":[{"@type":"ListItem","position":1,"name":"Home","item":"https:\/\/skaitytaknyga.lt\/"},{"@type":"ListItem","position":2,"name":"Parduotuv\u0117","item":"https:\/\/skaitytaknyga.lt\/knygu-parduotuve\/"},{"@type":"ListItem","position":3,"name":"I\u0161kilieji lietuviai Fricas \u0160audinis ir Jonas Lelis"}]},{"@type":"WebSite","@id":"https:\/\/skaitytaknyga.lt\/#website","url":"https:\/\/skaitytaknyga.lt\/","name":"skaitytaknyga.lt","description":"Skaitytaknyga.lt \u2013 tai ma\u017eas \u0161eimos verslas, kuris prasid\u0117jo nuo meil\u0117s knygoms ir siekio i\u0161gelb\u0117ti knygas nuo likimo prie konteinerio. Kas vienam nereikalingas daiktas \u2013 kitam lobis, o mes esame tarpininkai, kurie padeda abiems tapti laimingesniems ???? \u017dinome kaip nelengva i\u0161gyventi ma\u017eiems verslams, tad nuo \u0161iol, \u010dia rasite ir kit\u0173, ma\u017e\u0173 \u0161eim\u0173 versl\u0173, rank\u0173 darbo, dovan\u0173 sau ir artimiesiems.","publisher":{"@id":"https:\/\/skaitytaknyga.lt\/#organization"},"potentialAction":[{"@type":"SearchAction","target":{"@type":"EntryPoint","urlTemplate":"https:\/\/skaitytaknyga.lt\/?s={search_term_string}"},"query-input":{"@type":"PropertyValueSpecification","valueRequired":true,"valueName":"search_term_string"}}],"inLanguage":"en-GB"},{"@type":"Organization","@id":"https:\/\/skaitytaknyga.lt\/#organization","name":"skaitytaknyga.lt","url":"https:\/\/skaitytaknyga.lt\/","logo":{"@type":"ImageObject","inLanguage":"en-GB","@id":"https:\/\/skaitytaknyga.lt\/#\/schema\/logo\/image\/","url":"https:\/\/skaitytaknyga.lt\/wp-content\/uploads\/2024\/05\/cropped-cropped-cropped-02_00843_jt3bggkj1j3HLc7SyY6rEUpg.jpeg","contentUrl":"https:\/\/skaitytaknyga.lt\/wp-content\/uploads\/2024\/05\/cropped-cropped-cropped-02_00843_jt3bggkj1j3HLc7SyY6rEUpg.jpeg","width":1600,"height":1600,"caption":"skaitytaknyga.lt"},"image":{"@id":"https:\/\/skaitytaknyga.lt\/#\/schema\/logo\/image\/"},"sameAs":["https:\/\/www.facebook.com\/skaitytaknyga\/"]}]}},"_links":{"self":[{"href":"https:\/\/skaitytaknyga.lt\/en\/wp-json\/wp\/v2\/product\/22093","targetHints":{"allow":["GET"]}}],"collection":[{"href":"https:\/\/skaitytaknyga.lt\/en\/wp-json\/wp\/v2\/product"}],"about":[{"href":"https:\/\/skaitytaknyga.lt\/en\/wp-json\/wp\/v2\/types\/product"}],"replies":[{"embeddable":true,"href":"https:\/\/skaitytaknyga.lt\/en\/wp-json\/wp\/v2\/comments?post=22093"}],"wp:featuredmedia":[{"embeddable":true,"href":"https:\/\/skaitytaknyga.lt\/en\/wp-json\/wp\/v2\/media\/22098"}],"wp:attachment":[{"href":"https:\/\/skaitytaknyga.lt\/en\/wp-json\/wp\/v2\/media?parent=22093"}],"wp:term":[{"taxonomy":"product_brand","embeddable":true,"href":"https:\/\/skaitytaknyga.lt\/en\/wp-json\/wp\/v2\/product_brand?post=22093"},{"taxonomy":"product_cat","embeddable":true,"href":"https:\/\/skaitytaknyga.lt\/en\/wp-json\/wp\/v2\/product_cat?post=22093"},{"taxonomy":"product_tag","embeddable":true,"href":"https:\/\/skaitytaknyga.lt\/en\/wp-json\/wp\/v2\/product_tag?post=22093"}],"curies":[{"name":"wp","href":"https:\/\/api.w.org\/{rel}","templated":true}]}}