{"id":22092,"date":"2025-11-23T16:43:38","date_gmt":"2025-11-23T14:43:38","guid":{"rendered":"https:\/\/skaitytaknyga.lt\/?post_type=product&#038;p=22092"},"modified":"2026-03-18T13:15:52","modified_gmt":"2026-03-18T11:15:52","slug":"kraujagysliu-sanariu-kraujo-ir-limfos-valymas","status":"publish","type":"product","link":"https:\/\/skaitytaknyga.lt\/en\/produktas\/kraujagysliu-sanariu-kraujo-ir-limfos-valymas\/","title":{"rendered":"Kraujagysli\u0173, s\u0105nari\u0173, kraujo ir limfos valymas"},"content":{"rendered":"<p>Paprasta, veiksminga, saugu!<\/p>\n<p>Norint i\u0161vengti sunki\u0173 organizm\u0173 veiklos sutrikim\u0173, reikalinga profilaktika nuo \u0161lak\u0173 kaupimosi. B\u016btent tam ir skirtos valymo metodikos. Atlik\u0119 kraujagysli\u0173 ir s\u0105nari\u0173 valymo proced\u016bras, pasieksite toki\u0173 rezultat\u0173: suma\u017e\u0117s arba i\u0161nyks skausmai, atsistatys s\u0105nari\u0173 paslankumas, i\u0161nyks patinimas, normalizuosis kraujosp\u016bdis, pager\u0117s bendra savijauta. Po valymo proced\u016br\u0173 k\u016bnas palengv\u0117s, prisipildys energija, i\u0161nyks ligos, atjaun\u0117s veido ir k\u016bno oda. Malonus \u0161alutinis valymo efektas \u2013 suma\u017e\u0117j\u0119s svoris, kur\u012f galite palaikyti truput\u012f pakeit\u0119 mitybos \u012fpro\u010dius.<\/p>\n","protected":false},"excerpt":{"rendered":"<p>Paprasta, veiksminga, saugu! Norint i\u0161vengti sunki\u0173 organizm\u0173 veiklos sutrikim\u0173, reikalinga profilaktika nuo \u0161lak\u0173 kaupimosi. B\u016btent tam ir skirtos valymo metodikos. Atlik\u0119 kraujagysli\u0173 ir s\u0105nari\u0173 valymo proced\u016bras, pasieksite toki\u0173 rezultat\u0173: suma\u017e\u0117s arba i\u0161nyks skausmai, atsistatys s\u0105nari\u0173 paslankumas, i\u0161nyks patinimas, normalizuosis kraujosp\u016bdis, pager\u0117s bendra savijauta. Po valymo proced\u016br\u0173 k\u016bnas palengv\u0117s, prisipildys energija, i\u0161nyks ligos, atjaun\u0117s veido ir k\u016bno oda. Malonus \u0161alutinis valymo efektas \u2013 suma\u017e\u0117j\u0119s svoris, kur\u012f galite palaikyti truput\u012f pakeit\u0119 mitybos \u012fpro\u010dius.<\/p>\n","protected":false},"featured_media":22097,"comment_status":"open","ping_status":"closed","template":"","meta":{"_acf_changed":false,"site-sidebar-layout":"default","site-content-layout":"","ast-site-content-layout":"default","site-content-style":"default","site-sidebar-style":"default","ast-global-header-display":"","ast-banner-title-visibility":"","ast-main-header-display":"","ast-hfb-above-header-display":"","ast-hfb-below-header-display":"","ast-hfb-mobile-header-display":"","site-post-title":"","ast-breadcrumbs-content":"","ast-featured-img":"","footer-sml-layout":"","ast-disable-related-posts":"","theme-transparent-header-meta":"","adv-header-id-meta":"","stick-header-meta":"","header-above-stick-meta":"","header-main-stick-meta":"","header-below-stick-meta":"","astra-migrate-meta-layouts":"default","ast-page-background-enabled":"default","ast-page-background-meta":{"desktop":{"background-color":"","background-image":"","background-repeat":"repeat","background-position":"center center","background-size":"auto","background-attachment":"scroll","background-type":"","background-media":"","overlay-type":"","overlay-color":"","overlay-opacity":"","overlay-gradient":""},"tablet":{"background-color":"","background-image":"","background-repeat":"repeat","background-position":"center center","background-size":"auto","background-attachment":"scroll","background-type":"","background-media":"","overlay-type":"","overlay-color":"","overlay-opacity":"","overlay-gradient":""},"mobile":{"background-color":"","background-image":"","background-repeat":"repeat","background-position":"center center","background-size":"auto","background-attachment":"scroll","background-type":"","background-media":"","overlay-type":"","overlay-color":"","overlay-opacity":"","overlay-gradient":""}},"ast-content-background-meta":{"desktop":{"background-color":"var(--ast-global-color-4)","background-image":"","background-repeat":"repeat","background-position":"center center","background-size":"auto","background-attachment":"scroll","background-type":"","background-media":"","overlay-type":"","overlay-color":"","overlay-opacity":"","overlay-gradient":""},"tablet":{"background-color":"var(--ast-global-color-4)","background-image":"","background-repeat":"repeat","background-position":"center center","background-size":"auto","background-attachment":"scroll","background-type":"","background-media":"","overlay-type":"","overlay-color":"","overlay-opacity":"","overlay-gradient":""},"mobile":{"background-color":"var(--ast-global-color-4)","background-image":"","background-repeat":"repeat","background-position":"center center","background-size":"auto","background-attachment":"scroll","background-type":"","background-media":"","overlay-type":"","overlay-color":"","overlay-opacity":"","overlay-gradient":""}}},"product_brand":[],"product_cat":[9854,55],"product_tag":[],"class_list":{"0":"post-22092","1":"product","2":"type-product","3":"status-publish","4":"has-post-thumbnail","6":"product_cat-medicina","7":"product_cat-sveikata-ir-sveika-mityba","8":"desktop-align-left","9":"tablet-align-left","10":"mobile-align-left","12":"first","13":"outofstock","14":"shipping-taxable","15":"purchasable","16":"product-type-simple"},"acf":[],"yoast_head":"<!-- This site is optimized with the Yoast SEO plugin v27.0 - https:\/\/yoast.com\/product\/yoast-seo-wordpress\/ -->\n<title>Kraujagysli\u0173, s\u0105nari\u0173, kraujo ir limfos valymas<\/title>\n<meta name=\"description\" content=\"Paprasta, veiksminga, saugu! Norint i\u0161vengti sunki\u0173 organizm\u0173 veiklos sutrikim\u0173, reikalinga profilaktika nuo \u0161lak\u0173 kaupimosi. B\u016btent tam ir skirtos valymo\" \/>\n<meta name=\"robots\" content=\"index, follow, max-snippet:-1, max-image-preview:large, max-video-preview:-1\" \/>\n<link rel=\"canonical\" href=\"https:\/\/skaitytaknyga.lt\/en\/produktas\/kraujagysliu-sanariu-kraujo-ir-limfos-valymas\/\" \/>\n<meta property=\"og:locale\" content=\"en_GB\" \/>\n<meta property=\"og:locale:alternate\" content=\"lt_LT\" \/>\n<meta property=\"og:type\" content=\"article\" \/>\n<meta property=\"og:title\" content=\"Kraujagysli\u0173, s\u0105nari\u0173, kraujo ir limfos valymas\" \/>\n<meta property=\"og:description\" content=\"Paprasta, veiksminga, saugu! Norint i\u0161vengti sunki\u0173 organizm\u0173 veiklos sutrikim\u0173, reikalinga profilaktika nuo \u0161lak\u0173 kaupimosi. B\u016btent tam ir skirtos valymo\" \/>\n<meta property=\"og:url\" content=\"https:\/\/skaitytaknyga.lt\/en\/produktas\/kraujagysliu-sanariu-kraujo-ir-limfos-valymas\/\" \/>\n<meta property=\"og:site_name\" content=\"Skaitytaknyga\" \/>\n<meta property=\"article:publisher\" content=\"https:\/\/www.facebook.com\/skaitytaknyga\/\" \/>\n<meta property=\"article:modified_time\" content=\"2026-03-18T11:15:52+00:00\" \/>\n<meta property=\"og:image\" content=\"https:\/\/skaitytaknyga.lt\/wp-content\/uploads\/2025\/11\/Kraujagysliu-sanariu-kraujo-ir-limfos-valymas-1.webp\" \/>\n\t<meta property=\"og:image:width\" content=\"300\" \/>\n\t<meta property=\"og:image:height\" content=\"443\" \/>\n\t<meta property=\"og:image:type\" content=\"image\/webp\" \/>\n<meta name=\"twitter:card\" content=\"summary_large_image\" \/>\n<script type=\"application\/ld+json\" class=\"yoast-schema-graph\">{\"@context\":\"https:\/\/schema.org\",\"@graph\":[{\"@type\":\"WebPage\",\"@id\":\"https:\/\/skaitytaknyga.lt\/produktas\/kraujagysliu-sanariu-kraujo-ir-limfos-valymas\/\",\"url\":\"https:\/\/skaitytaknyga.lt\/produktas\/kraujagysliu-sanariu-kraujo-ir-limfos-valymas\/\",\"name\":\"Kraujagysli\u0173, s\u0105nari\u0173, kraujo ir limfos valymas\",\"isPartOf\":{\"@id\":\"https:\/\/skaitytaknyga.lt\/#website\"},\"primaryImageOfPage\":{\"@id\":\"https:\/\/skaitytaknyga.lt\/produktas\/kraujagysliu-sanariu-kraujo-ir-limfos-valymas\/#primaryimage\"},\"image\":{\"@id\":\"https:\/\/skaitytaknyga.lt\/produktas\/kraujagysliu-sanariu-kraujo-ir-limfos-valymas\/#primaryimage\"},\"thumbnailUrl\":\"https:\/\/skaitytaknyga.lt\/wp-content\/uploads\/2025\/11\/Kraujagysliu-sanariu-kraujo-ir-limfos-valymas-1.webp\",\"datePublished\":\"2025-11-23T14:43:38+00:00\",\"dateModified\":\"2026-03-18T11:15:52+00:00\",\"description\":\"Paprasta, veiksminga, saugu! Norint i\u0161vengti sunki\u0173 organizm\u0173 veiklos sutrikim\u0173, reikalinga profilaktika nuo \u0161lak\u0173 kaupimosi. B\u016btent tam ir skirtos valymo\",\"breadcrumb\":{\"@id\":\"https:\/\/skaitytaknyga.lt\/produktas\/kraujagysliu-sanariu-kraujo-ir-limfos-valymas\/#breadcrumb\"},\"inLanguage\":\"en-GB\",\"potentialAction\":[{\"@type\":\"ReadAction\",\"target\":[\"https:\/\/skaitytaknyga.lt\/produktas\/kraujagysliu-sanariu-kraujo-ir-limfos-valymas\/\"]}]},{\"@type\":\"ImageObject\",\"inLanguage\":\"en-GB\",\"@id\":\"https:\/\/skaitytaknyga.lt\/produktas\/kraujagysliu-sanariu-kraujo-ir-limfos-valymas\/#primaryimage\",\"url\":\"https:\/\/skaitytaknyga.lt\/wp-content\/uploads\/2025\/11\/Kraujagysliu-sanariu-kraujo-ir-limfos-valymas-1.webp\",\"contentUrl\":\"https:\/\/skaitytaknyga.lt\/wp-content\/uploads\/2025\/11\/Kraujagysliu-sanariu-kraujo-ir-limfos-valymas-1.webp\",\"width\":300,\"height\":443},{\"@type\":\"BreadcrumbList\",\"@id\":\"https:\/\/skaitytaknyga.lt\/produktas\/kraujagysliu-sanariu-kraujo-ir-limfos-valymas\/#breadcrumb\",\"itemListElement\":[{\"@type\":\"ListItem\",\"position\":1,\"name\":\"Home\",\"item\":\"https:\/\/skaitytaknyga.lt\/\"},{\"@type\":\"ListItem\",\"position\":2,\"name\":\"Parduotuv\u0117\",\"item\":\"https:\/\/skaitytaknyga.lt\/knygu-parduotuve\/\"},{\"@type\":\"ListItem\",\"position\":3,\"name\":\"Kraujagysli\u0173, s\u0105nari\u0173, kraujo ir limfos valymas\"}]},{\"@type\":\"WebSite\",\"@id\":\"https:\/\/skaitytaknyga.lt\/#website\",\"url\":\"https:\/\/skaitytaknyga.lt\/\",\"name\":\"skaitytaknyga.lt\",\"description\":\"Skaitytaknyga.lt \u2013 tai ma\u017eas \u0161eimos verslas, kuris prasid\u0117jo nuo meil\u0117s knygoms ir siekio i\u0161gelb\u0117ti knygas nuo likimo prie konteinerio. Kas vienam nereikalingas daiktas \u2013 kitam lobis, o mes esame tarpininkai, kurie padeda abiems tapti laimingesniems ???? \u017dinome kaip nelengva i\u0161gyventi ma\u017eiems verslams, tad nuo \u0161iol, \u010dia rasite ir kit\u0173, ma\u017e\u0173 \u0161eim\u0173 versl\u0173, rank\u0173 darbo, dovan\u0173 sau ir artimiesiems.\",\"publisher\":{\"@id\":\"https:\/\/skaitytaknyga.lt\/#organization\"},\"potentialAction\":[{\"@type\":\"SearchAction\",\"target\":{\"@type\":\"EntryPoint\",\"urlTemplate\":\"https:\/\/skaitytaknyga.lt\/?s={search_term_string}\"},\"query-input\":{\"@type\":\"PropertyValueSpecification\",\"valueRequired\":true,\"valueName\":\"search_term_string\"}}],\"inLanguage\":\"en-GB\"},{\"@type\":\"Organization\",\"@id\":\"https:\/\/skaitytaknyga.lt\/#organization\",\"name\":\"skaitytaknyga.lt\",\"url\":\"https:\/\/skaitytaknyga.lt\/\",\"logo\":{\"@type\":\"ImageObject\",\"inLanguage\":\"en-GB\",\"@id\":\"https:\/\/skaitytaknyga.lt\/#\/schema\/logo\/image\/\",\"url\":\"https:\/\/skaitytaknyga.lt\/wp-content\/uploads\/2024\/05\/cropped-cropped-cropped-02_00843_jt3bggkj1j3HLc7SyY6rEUpg.jpeg\",\"contentUrl\":\"https:\/\/skaitytaknyga.lt\/wp-content\/uploads\/2024\/05\/cropped-cropped-cropped-02_00843_jt3bggkj1j3HLc7SyY6rEUpg.jpeg\",\"width\":1600,\"height\":1600,\"caption\":\"skaitytaknyga.lt\"},\"image\":{\"@id\":\"https:\/\/skaitytaknyga.lt\/#\/schema\/logo\/image\/\"},\"sameAs\":[\"https:\/\/www.facebook.com\/skaitytaknyga\/\"]}]}<\/script>\n<!-- \/ Yoast SEO plugin. -->","yoast_head_json":{"title":"Kraujagysli\u0173, s\u0105nari\u0173, kraujo ir limfos valymas","description":"Paprasta, veiksminga, saugu! Norint i\u0161vengti sunki\u0173 organizm\u0173 veiklos sutrikim\u0173, reikalinga profilaktika nuo \u0161lak\u0173 kaupimosi. B\u016btent tam ir skirtos valymo","robots":{"index":"index","follow":"follow","max-snippet":"max-snippet:-1","max-image-preview":"max-image-preview:large","max-video-preview":"max-video-preview:-1"},"canonical":"https:\/\/skaitytaknyga.lt\/en\/produktas\/kraujagysliu-sanariu-kraujo-ir-limfos-valymas\/","og_locale":"en_GB","og_type":"article","og_title":"[:lt]Kraujagysli\u0173, s\u0105nari\u0173, kraujo ir limfos valymas[:] - Skaitytaknyga","og_description":"Paprasta, veiksminga, saugu! Norint i\u0161vengti sunki\u0173 organizm\u0173 veiklos sutrikim\u0173, reikalinga profilaktika nuo \u0161lak\u0173 kaupimosi. B\u016btent tam ir skirtos valymo","og_url":"https:\/\/skaitytaknyga.lt\/en\/produktas\/kraujagysliu-sanariu-kraujo-ir-limfos-valymas\/","og_site_name":"Skaitytaknyga","article_publisher":"https:\/\/www.facebook.com\/skaitytaknyga\/","article_modified_time":"2026-03-18T11:15:52+00:00","og_image":[{"width":300,"height":443,"url":"https:\/\/skaitytaknyga.lt\/wp-content\/uploads\/2025\/11\/Kraujagysliu-sanariu-kraujo-ir-limfos-valymas-1.webp","type":"image\/webp"}],"twitter_card":"summary_large_image","schema":{"@context":"https:\/\/schema.org","@graph":[{"@type":"WebPage","@id":"https:\/\/skaitytaknyga.lt\/produktas\/kraujagysliu-sanariu-kraujo-ir-limfos-valymas\/","url":"https:\/\/skaitytaknyga.lt\/produktas\/kraujagysliu-sanariu-kraujo-ir-limfos-valymas\/","name":"Kraujagysli\u0173, s\u0105nari\u0173, kraujo ir limfos valymas","isPartOf":{"@id":"https:\/\/skaitytaknyga.lt\/#website"},"primaryImageOfPage":{"@id":"https:\/\/skaitytaknyga.lt\/produktas\/kraujagysliu-sanariu-kraujo-ir-limfos-valymas\/#primaryimage"},"image":{"@id":"https:\/\/skaitytaknyga.lt\/produktas\/kraujagysliu-sanariu-kraujo-ir-limfos-valymas\/#primaryimage"},"thumbnailUrl":"https:\/\/skaitytaknyga.lt\/wp-content\/uploads\/2025\/11\/Kraujagysliu-sanariu-kraujo-ir-limfos-valymas-1.webp","datePublished":"2025-11-23T14:43:38+00:00","dateModified":"2026-03-18T11:15:52+00:00","description":"Paprasta, veiksminga, saugu! Norint i\u0161vengti sunki\u0173 organizm\u0173 veiklos sutrikim\u0173, reikalinga profilaktika nuo \u0161lak\u0173 kaupimosi. B\u016btent tam ir skirtos valymo","breadcrumb":{"@id":"https:\/\/skaitytaknyga.lt\/produktas\/kraujagysliu-sanariu-kraujo-ir-limfos-valymas\/#breadcrumb"},"inLanguage":"en-GB","potentialAction":[{"@type":"ReadAction","target":["https:\/\/skaitytaknyga.lt\/produktas\/kraujagysliu-sanariu-kraujo-ir-limfos-valymas\/"]}]},{"@type":"ImageObject","inLanguage":"en-GB","@id":"https:\/\/skaitytaknyga.lt\/produktas\/kraujagysliu-sanariu-kraujo-ir-limfos-valymas\/#primaryimage","url":"https:\/\/skaitytaknyga.lt\/wp-content\/uploads\/2025\/11\/Kraujagysliu-sanariu-kraujo-ir-limfos-valymas-1.webp","contentUrl":"https:\/\/skaitytaknyga.lt\/wp-content\/uploads\/2025\/11\/Kraujagysliu-sanariu-kraujo-ir-limfos-valymas-1.webp","width":300,"height":443},{"@type":"BreadcrumbList","@id":"https:\/\/skaitytaknyga.lt\/produktas\/kraujagysliu-sanariu-kraujo-ir-limfos-valymas\/#breadcrumb","itemListElement":[{"@type":"ListItem","position":1,"name":"Home","item":"https:\/\/skaitytaknyga.lt\/"},{"@type":"ListItem","position":2,"name":"Parduotuv\u0117","item":"https:\/\/skaitytaknyga.lt\/knygu-parduotuve\/"},{"@type":"ListItem","position":3,"name":"Kraujagysli\u0173, s\u0105nari\u0173, kraujo ir limfos valymas"}]},{"@type":"WebSite","@id":"https:\/\/skaitytaknyga.lt\/#website","url":"https:\/\/skaitytaknyga.lt\/","name":"skaitytaknyga.lt","description":"Skaitytaknyga.lt \u2013 tai ma\u017eas \u0161eimos verslas, kuris prasid\u0117jo nuo meil\u0117s knygoms ir siekio i\u0161gelb\u0117ti knygas nuo likimo prie konteinerio. Kas vienam nereikalingas daiktas \u2013 kitam lobis, o mes esame tarpininkai, kurie padeda abiems tapti laimingesniems ???? \u017dinome kaip nelengva i\u0161gyventi ma\u017eiems verslams, tad nuo \u0161iol, \u010dia rasite ir kit\u0173, ma\u017e\u0173 \u0161eim\u0173 versl\u0173, rank\u0173 darbo, dovan\u0173 sau ir artimiesiems.","publisher":{"@id":"https:\/\/skaitytaknyga.lt\/#organization"},"potentialAction":[{"@type":"SearchAction","target":{"@type":"EntryPoint","urlTemplate":"https:\/\/skaitytaknyga.lt\/?s={search_term_string}"},"query-input":{"@type":"PropertyValueSpecification","valueRequired":true,"valueName":"search_term_string"}}],"inLanguage":"en-GB"},{"@type":"Organization","@id":"https:\/\/skaitytaknyga.lt\/#organization","name":"skaitytaknyga.lt","url":"https:\/\/skaitytaknyga.lt\/","logo":{"@type":"ImageObject","inLanguage":"en-GB","@id":"https:\/\/skaitytaknyga.lt\/#\/schema\/logo\/image\/","url":"https:\/\/skaitytaknyga.lt\/wp-content\/uploads\/2024\/05\/cropped-cropped-cropped-02_00843_jt3bggkj1j3HLc7SyY6rEUpg.jpeg","contentUrl":"https:\/\/skaitytaknyga.lt\/wp-content\/uploads\/2024\/05\/cropped-cropped-cropped-02_00843_jt3bggkj1j3HLc7SyY6rEUpg.jpeg","width":1600,"height":1600,"caption":"skaitytaknyga.lt"},"image":{"@id":"https:\/\/skaitytaknyga.lt\/#\/schema\/logo\/image\/"},"sameAs":["https:\/\/www.facebook.com\/skaitytaknyga\/"]}]}},"_links":{"self":[{"href":"https:\/\/skaitytaknyga.lt\/en\/wp-json\/wp\/v2\/product\/22092","targetHints":{"allow":["GET"]}}],"collection":[{"href":"https:\/\/skaitytaknyga.lt\/en\/wp-json\/wp\/v2\/product"}],"about":[{"href":"https:\/\/skaitytaknyga.lt\/en\/wp-json\/wp\/v2\/types\/product"}],"replies":[{"embeddable":true,"href":"https:\/\/skaitytaknyga.lt\/en\/wp-json\/wp\/v2\/comments?post=22092"}],"wp:featuredmedia":[{"embeddable":true,"href":"https:\/\/skaitytaknyga.lt\/en\/wp-json\/wp\/v2\/media\/22097"}],"wp:attachment":[{"href":"https:\/\/skaitytaknyga.lt\/en\/wp-json\/wp\/v2\/media?parent=22092"}],"wp:term":[{"taxonomy":"product_brand","embeddable":true,"href":"https:\/\/skaitytaknyga.lt\/en\/wp-json\/wp\/v2\/product_brand?post=22092"},{"taxonomy":"product_cat","embeddable":true,"href":"https:\/\/skaitytaknyga.lt\/en\/wp-json\/wp\/v2\/product_cat?post=22092"},{"taxonomy":"product_tag","embeddable":true,"href":"https:\/\/skaitytaknyga.lt\/en\/wp-json\/wp\/v2\/product_tag?post=22092"}],"curies":[{"name":"wp","href":"https:\/\/api.w.org\/{rel}","templated":true}]}}