{"id":22083,"date":"2025-11-23T13:18:37","date_gmt":"2025-11-23T11:18:37","guid":{"rendered":"https:\/\/skaitytaknyga.lt\/?post_type=product&#038;p=22083"},"modified":"2025-11-29T12:01:02","modified_gmt":"2025-11-29T10:01:02","slug":"atsimainymo-kalnas","status":"publish","type":"product","link":"https:\/\/skaitytaknyga.lt\/en\/produktas\/atsimainymo-kalnas\/","title":{"rendered":"Atsimainymo kalnas"},"content":{"rendered":"<p>Knygos autorius Vladas Pup\u0161ys (g. 1935 m.), 1952 m. nuteistas 25 metams lagerio u\u017e jaunimo antisovietinio pasiprie\u0161inimo grup\u0117s \u012fk\u016brim\u0105 \u0160ilut\u0117s 1-ojoje vidurin\u0117je mokykloje, dalijasi prisiminimais apie septyniolikme\u010dio patirtus i\u0161gyvenimus \u2013 su\u0117mim\u0105, tardymus, kal\u0117jim\u0105.<\/p>\n<p>Pla\u010diai apra\u0161o savo odis\u0117jas Tai\u0161eto ir Ozerlago ypatingojo re\u017eimo lageriuose, pasakoja apie Sibiro gulaguose sutiktus \u017emones, sunkias tremtini\u0173 buities ir gyvenimo s\u0105lygas, nuolatin\u012f soviet\u0173 saugumo persekiojim\u0105 gr\u012f\u017eus \u012f T\u0117vyn\u0119. Prisiminimai para\u0161yti gyvu, vaizdingu stiliumi, juose gausu \u0161maik\u0161\u010di\u0173 pasteb\u0117jim\u0173, sveiko humoro.<\/p>\n<p>Tai vieni i\u0161 nedaugelio prisiminim\u0173 apie kiek v\u0117lesnius soviet\u0173 represij\u0173 laikus, kuriuose atsiskleid\u017eia ir pa\u010dios represin\u0117s sistemos kitimai, politini\u0173 \u012fvyki\u0173 \u012ftaka, \u017emoni\u0173 nuotaikos ir kt.<\/p>\n","protected":false},"excerpt":{"rendered":"<p>Knygos autorius Vladas Pup\u0161ys (g. 1935 m.), 1952 m. nuteistas 25 metams lagerio u\u017e jaunimo antisovietinio pasiprie\u0161inimo grup\u0117s \u012fk\u016brim\u0105 \u0160ilut\u0117s 1-ojoje vidurin\u0117je mokykloje, dalijasi prisiminimais apie septyniolikme\u010dio patirtus i\u0161gyvenimus \u2013 su\u0117mim\u0105, tardymus, kal\u0117jim\u0105. Pla\u010diai apra\u0161o savo odis\u0117jas Tai\u0161eto ir Ozerlago ypatingojo re\u017eimo lageriuose, pasakoja apie Sibiro gulaguose sutiktus \u017emones, sunkias tremtini\u0173 buities ir gyvenimo s\u0105lygas, nuolatin\u012f soviet\u0173 saugumo persekiojim\u0105 gr\u012f\u017eus \u012f T\u0117vyn\u0119. Prisiminimai para\u0161yti gyvu, vaizdingu stiliumi, juose gausu \u0161maik\u0161\u010di\u0173 pasteb\u0117jim\u0173, sveiko humoro. Tai vieni i\u0161 nedaugelio prisiminim\u0173 apie kiek v\u0117lesnius soviet\u0173 represij\u0173 laikus, kuriuose atsiskleid\u017eia ir pa\u010dios represin\u0117s sistemos kitimai, politini\u0173 \u012fvyki\u0173 \u012ftaka, \u017emoni\u0173 nuotaikos ir kt.<\/p>\n","protected":false},"featured_media":22089,"comment_status":"open","ping_status":"closed","template":"","meta":{"_acf_changed":false,"site-sidebar-layout":"default","site-content-layout":"","ast-site-content-layout":"default","site-content-style":"default","site-sidebar-style":"default","ast-global-header-display":"","ast-banner-title-visibility":"","ast-main-header-display":"","ast-hfb-above-header-display":"","ast-hfb-below-header-display":"","ast-hfb-mobile-header-display":"","site-post-title":"","ast-breadcrumbs-content":"","ast-featured-img":"","footer-sml-layout":"","ast-disable-related-posts":"","theme-transparent-header-meta":"","adv-header-id-meta":"","stick-header-meta":"","header-above-stick-meta":"","header-main-stick-meta":"","header-below-stick-meta":"","astra-migrate-meta-layouts":"default","ast-page-background-enabled":"default","ast-page-background-meta":{"desktop":{"background-color":"","background-image":"","background-repeat":"repeat","background-position":"center center","background-size":"auto","background-attachment":"scroll","background-type":"","background-media":"","overlay-type":"","overlay-color":"","overlay-opacity":"","overlay-gradient":""},"tablet":{"background-color":"","background-image":"","background-repeat":"repeat","background-position":"center center","background-size":"auto","background-attachment":"scroll","background-type":"","background-media":"","overlay-type":"","overlay-color":"","overlay-opacity":"","overlay-gradient":""},"mobile":{"background-color":"","background-image":"","background-repeat":"repeat","background-position":"center center","background-size":"auto","background-attachment":"scroll","background-type":"","background-media":"","overlay-type":"","overlay-color":"","overlay-opacity":"","overlay-gradient":""}},"ast-content-background-meta":{"desktop":{"background-color":"var(--ast-global-color-4)","background-image":"","background-repeat":"repeat","background-position":"center center","background-size":"auto","background-attachment":"scroll","background-type":"","background-media":"","overlay-type":"","overlay-color":"","overlay-opacity":"","overlay-gradient":""},"tablet":{"background-color":"var(--ast-global-color-4)","background-image":"","background-repeat":"repeat","background-position":"center center","background-size":"auto","background-attachment":"scroll","background-type":"","background-media":"","overlay-type":"","overlay-color":"","overlay-opacity":"","overlay-gradient":""},"mobile":{"background-color":"var(--ast-global-color-4)","background-image":"","background-repeat":"repeat","background-position":"center center","background-size":"auto","background-attachment":"scroll","background-type":"","background-media":"","overlay-type":"","overlay-color":"","overlay-opacity":"","overlay-gradient":""}}},"product_brand":[],"product_cat":[174],"product_tag":[],"class_list":{"0":"post-22083","1":"product","2":"type-product","3":"status-publish","4":"has-post-thumbnail","6":"product_cat-istorija-ir-politologija","7":"desktop-align-left","8":"tablet-align-left","9":"mobile-align-left","11":"first","12":"instock","13":"shipping-taxable","14":"purchasable","15":"product-type-simple"},"acf":[],"yoast_head":"<!-- This site is optimized with the Yoast SEO plugin v27.0 - https:\/\/yoast.com\/product\/yoast-seo-wordpress\/ -->\n<title>Atsimainymo kalnas<\/title>\n<meta name=\"description\" content=\"Knygos autorius Vladas Pup\u0161ys (g. 1935 m.), 1952 m. nuteistas 25 metams lagerio u\u017e jaunimo antisovietinio pasiprie\u0161inimo grup\u0117s \u012fk\u016brim\u0105 \u0160ilut\u0117s 1-ojoje\" \/>\n<meta name=\"robots\" content=\"index, follow, max-snippet:-1, max-image-preview:large, max-video-preview:-1\" \/>\n<link rel=\"canonical\" href=\"https:\/\/skaitytaknyga.lt\/en\/produktas\/atsimainymo-kalnas\/\" \/>\n<meta property=\"og:locale\" content=\"en_GB\" \/>\n<meta property=\"og:locale:alternate\" content=\"lt_LT\" \/>\n<meta property=\"og:type\" content=\"article\" \/>\n<meta property=\"og:title\" content=\"Atsimainymo kalnas\" \/>\n<meta property=\"og:description\" content=\"Knygos autorius Vladas Pup\u0161ys (g. 1935 m.), 1952 m. nuteistas 25 metams lagerio u\u017e jaunimo antisovietinio pasiprie\u0161inimo grup\u0117s \u012fk\u016brim\u0105 \u0160ilut\u0117s 1-ojoje\" \/>\n<meta property=\"og:url\" content=\"https:\/\/skaitytaknyga.lt\/en\/produktas\/atsimainymo-kalnas\/\" \/>\n<meta property=\"og:site_name\" content=\"Skaitytaknyga\" \/>\n<meta property=\"article:publisher\" content=\"https:\/\/www.facebook.com\/skaitytaknyga\/\" \/>\n<meta property=\"article:modified_time\" content=\"2025-11-29T10:01:02+00:00\" \/>\n<meta property=\"og:image\" content=\"https:\/\/skaitytaknyga.lt\/wp-content\/uploads\/2025\/11\/Atsimainymo-kalnas-1.webp\" \/>\n\t<meta property=\"og:image:width\" content=\"300\" \/>\n\t<meta property=\"og:image:height\" content=\"529\" \/>\n\t<meta property=\"og:image:type\" content=\"image\/webp\" \/>\n<meta name=\"twitter:card\" content=\"summary_large_image\" \/>\n<meta name=\"twitter:label1\" content=\"Estimated reading time\" \/>\n\t<meta name=\"twitter:data1\" content=\"1 minute\" \/>\n<script type=\"application\/ld+json\" class=\"yoast-schema-graph\">{\"@context\":\"https:\/\/schema.org\",\"@graph\":[{\"@type\":\"WebPage\",\"@id\":\"https:\/\/skaitytaknyga.lt\/produktas\/atsimainymo-kalnas\/\",\"url\":\"https:\/\/skaitytaknyga.lt\/produktas\/atsimainymo-kalnas\/\",\"name\":\"Atsimainymo kalnas\",\"isPartOf\":{\"@id\":\"https:\/\/skaitytaknyga.lt\/#website\"},\"primaryImageOfPage\":{\"@id\":\"https:\/\/skaitytaknyga.lt\/produktas\/atsimainymo-kalnas\/#primaryimage\"},\"image\":{\"@id\":\"https:\/\/skaitytaknyga.lt\/produktas\/atsimainymo-kalnas\/#primaryimage\"},\"thumbnailUrl\":\"https:\/\/skaitytaknyga.lt\/wp-content\/uploads\/2025\/11\/Atsimainymo-kalnas-1.webp\",\"datePublished\":\"2025-11-23T11:18:37+00:00\",\"dateModified\":\"2025-11-29T10:01:02+00:00\",\"description\":\"Knygos autorius Vladas Pup\u0161ys (g. 1935 m.), 1952 m. nuteistas 25 metams lagerio u\u017e jaunimo antisovietinio pasiprie\u0161inimo grup\u0117s \u012fk\u016brim\u0105 \u0160ilut\u0117s 1-ojoje\",\"breadcrumb\":{\"@id\":\"https:\/\/skaitytaknyga.lt\/produktas\/atsimainymo-kalnas\/#breadcrumb\"},\"inLanguage\":\"en-GB\",\"potentialAction\":[{\"@type\":\"ReadAction\",\"target\":[\"https:\/\/skaitytaknyga.lt\/produktas\/atsimainymo-kalnas\/\"]}]},{\"@type\":\"ImageObject\",\"inLanguage\":\"en-GB\",\"@id\":\"https:\/\/skaitytaknyga.lt\/produktas\/atsimainymo-kalnas\/#primaryimage\",\"url\":\"https:\/\/skaitytaknyga.lt\/wp-content\/uploads\/2025\/11\/Atsimainymo-kalnas-1.webp\",\"contentUrl\":\"https:\/\/skaitytaknyga.lt\/wp-content\/uploads\/2025\/11\/Atsimainymo-kalnas-1.webp\",\"width\":300,\"height\":529,\"caption\":\"Atsimainymo kalnas\"},{\"@type\":\"BreadcrumbList\",\"@id\":\"https:\/\/skaitytaknyga.lt\/produktas\/atsimainymo-kalnas\/#breadcrumb\",\"itemListElement\":[{\"@type\":\"ListItem\",\"position\":1,\"name\":\"Home\",\"item\":\"https:\/\/skaitytaknyga.lt\/\"},{\"@type\":\"ListItem\",\"position\":2,\"name\":\"Parduotuv\u0117\",\"item\":\"https:\/\/skaitytaknyga.lt\/knygu-parduotuve\/\"},{\"@type\":\"ListItem\",\"position\":3,\"name\":\"Atsimainymo kalnas\"}]},{\"@type\":\"WebSite\",\"@id\":\"https:\/\/skaitytaknyga.lt\/#website\",\"url\":\"https:\/\/skaitytaknyga.lt\/\",\"name\":\"skaitytaknyga.lt\",\"description\":\"Skaitytaknyga.lt \u2013 tai ma\u017eas \u0161eimos verslas, kuris prasid\u0117jo nuo meil\u0117s knygoms ir siekio i\u0161gelb\u0117ti knygas nuo likimo prie konteinerio. Kas vienam nereikalingas daiktas \u2013 kitam lobis, o mes esame tarpininkai, kurie padeda abiems tapti laimingesniems ???? \u017dinome kaip nelengva i\u0161gyventi ma\u017eiems verslams, tad nuo \u0161iol, \u010dia rasite ir kit\u0173, ma\u017e\u0173 \u0161eim\u0173 versl\u0173, rank\u0173 darbo, dovan\u0173 sau ir artimiesiems.\",\"publisher\":{\"@id\":\"https:\/\/skaitytaknyga.lt\/#organization\"},\"potentialAction\":[{\"@type\":\"SearchAction\",\"target\":{\"@type\":\"EntryPoint\",\"urlTemplate\":\"https:\/\/skaitytaknyga.lt\/?s={search_term_string}\"},\"query-input\":{\"@type\":\"PropertyValueSpecification\",\"valueRequired\":true,\"valueName\":\"search_term_string\"}}],\"inLanguage\":\"en-GB\"},{\"@type\":\"Organization\",\"@id\":\"https:\/\/skaitytaknyga.lt\/#organization\",\"name\":\"skaitytaknyga.lt\",\"url\":\"https:\/\/skaitytaknyga.lt\/\",\"logo\":{\"@type\":\"ImageObject\",\"inLanguage\":\"en-GB\",\"@id\":\"https:\/\/skaitytaknyga.lt\/#\/schema\/logo\/image\/\",\"url\":\"https:\/\/skaitytaknyga.lt\/wp-content\/uploads\/2024\/05\/cropped-cropped-cropped-02_00843_jt3bggkj1j3HLc7SyY6rEUpg.jpeg\",\"contentUrl\":\"https:\/\/skaitytaknyga.lt\/wp-content\/uploads\/2024\/05\/cropped-cropped-cropped-02_00843_jt3bggkj1j3HLc7SyY6rEUpg.jpeg\",\"width\":1600,\"height\":1600,\"caption\":\"skaitytaknyga.lt\"},\"image\":{\"@id\":\"https:\/\/skaitytaknyga.lt\/#\/schema\/logo\/image\/\"},\"sameAs\":[\"https:\/\/www.facebook.com\/skaitytaknyga\/\"]}]}<\/script>\n<!-- \/ Yoast SEO plugin. -->","yoast_head_json":{"title":"Atsimainymo kalnas","description":"Knygos autorius Vladas Pup\u0161ys (g. 1935 m.), 1952 m. nuteistas 25 metams lagerio u\u017e jaunimo antisovietinio pasiprie\u0161inimo grup\u0117s \u012fk\u016brim\u0105 \u0160ilut\u0117s 1-ojoje","robots":{"index":"index","follow":"follow","max-snippet":"max-snippet:-1","max-image-preview":"max-image-preview:large","max-video-preview":"max-video-preview:-1"},"canonical":"https:\/\/skaitytaknyga.lt\/en\/produktas\/atsimainymo-kalnas\/","og_locale":"en_GB","og_type":"article","og_title":"[:lt]Atsimainymo kalnas[:] - Skaitytaknyga","og_description":"Knygos autorius Vladas Pup\u0161ys (g. 1935 m.), 1952 m. nuteistas 25 metams lagerio u\u017e jaunimo antisovietinio pasiprie\u0161inimo grup\u0117s \u012fk\u016brim\u0105 \u0160ilut\u0117s 1-ojoje","og_url":"https:\/\/skaitytaknyga.lt\/en\/produktas\/atsimainymo-kalnas\/","og_site_name":"Skaitytaknyga","article_publisher":"https:\/\/www.facebook.com\/skaitytaknyga\/","article_modified_time":"2025-11-29T10:01:02+00:00","og_image":[{"width":300,"height":529,"url":"https:\/\/skaitytaknyga.lt\/wp-content\/uploads\/2025\/11\/Atsimainymo-kalnas-1.webp","type":"image\/webp"}],"twitter_card":"summary_large_image","twitter_misc":{"Estimated reading time":"1 minute"},"schema":{"@context":"https:\/\/schema.org","@graph":[{"@type":"WebPage","@id":"https:\/\/skaitytaknyga.lt\/produktas\/atsimainymo-kalnas\/","url":"https:\/\/skaitytaknyga.lt\/produktas\/atsimainymo-kalnas\/","name":"Atsimainymo kalnas","isPartOf":{"@id":"https:\/\/skaitytaknyga.lt\/#website"},"primaryImageOfPage":{"@id":"https:\/\/skaitytaknyga.lt\/produktas\/atsimainymo-kalnas\/#primaryimage"},"image":{"@id":"https:\/\/skaitytaknyga.lt\/produktas\/atsimainymo-kalnas\/#primaryimage"},"thumbnailUrl":"https:\/\/skaitytaknyga.lt\/wp-content\/uploads\/2025\/11\/Atsimainymo-kalnas-1.webp","datePublished":"2025-11-23T11:18:37+00:00","dateModified":"2025-11-29T10:01:02+00:00","description":"Knygos autorius Vladas Pup\u0161ys (g. 1935 m.), 1952 m. nuteistas 25 metams lagerio u\u017e jaunimo antisovietinio pasiprie\u0161inimo grup\u0117s \u012fk\u016brim\u0105 \u0160ilut\u0117s 1-ojoje","breadcrumb":{"@id":"https:\/\/skaitytaknyga.lt\/produktas\/atsimainymo-kalnas\/#breadcrumb"},"inLanguage":"en-GB","potentialAction":[{"@type":"ReadAction","target":["https:\/\/skaitytaknyga.lt\/produktas\/atsimainymo-kalnas\/"]}]},{"@type":"ImageObject","inLanguage":"en-GB","@id":"https:\/\/skaitytaknyga.lt\/produktas\/atsimainymo-kalnas\/#primaryimage","url":"https:\/\/skaitytaknyga.lt\/wp-content\/uploads\/2025\/11\/Atsimainymo-kalnas-1.webp","contentUrl":"https:\/\/skaitytaknyga.lt\/wp-content\/uploads\/2025\/11\/Atsimainymo-kalnas-1.webp","width":300,"height":529,"caption":"Atsimainymo kalnas"},{"@type":"BreadcrumbList","@id":"https:\/\/skaitytaknyga.lt\/produktas\/atsimainymo-kalnas\/#breadcrumb","itemListElement":[{"@type":"ListItem","position":1,"name":"Home","item":"https:\/\/skaitytaknyga.lt\/"},{"@type":"ListItem","position":2,"name":"Parduotuv\u0117","item":"https:\/\/skaitytaknyga.lt\/knygu-parduotuve\/"},{"@type":"ListItem","position":3,"name":"Atsimainymo kalnas"}]},{"@type":"WebSite","@id":"https:\/\/skaitytaknyga.lt\/#website","url":"https:\/\/skaitytaknyga.lt\/","name":"skaitytaknyga.lt","description":"Skaitytaknyga.lt \u2013 tai ma\u017eas \u0161eimos verslas, kuris prasid\u0117jo nuo meil\u0117s knygoms ir siekio i\u0161gelb\u0117ti knygas nuo likimo prie konteinerio. Kas vienam nereikalingas daiktas \u2013 kitam lobis, o mes esame tarpininkai, kurie padeda abiems tapti laimingesniems ???? \u017dinome kaip nelengva i\u0161gyventi ma\u017eiems verslams, tad nuo \u0161iol, \u010dia rasite ir kit\u0173, ma\u017e\u0173 \u0161eim\u0173 versl\u0173, rank\u0173 darbo, dovan\u0173 sau ir artimiesiems.","publisher":{"@id":"https:\/\/skaitytaknyga.lt\/#organization"},"potentialAction":[{"@type":"SearchAction","target":{"@type":"EntryPoint","urlTemplate":"https:\/\/skaitytaknyga.lt\/?s={search_term_string}"},"query-input":{"@type":"PropertyValueSpecification","valueRequired":true,"valueName":"search_term_string"}}],"inLanguage":"en-GB"},{"@type":"Organization","@id":"https:\/\/skaitytaknyga.lt\/#organization","name":"skaitytaknyga.lt","url":"https:\/\/skaitytaknyga.lt\/","logo":{"@type":"ImageObject","inLanguage":"en-GB","@id":"https:\/\/skaitytaknyga.lt\/#\/schema\/logo\/image\/","url":"https:\/\/skaitytaknyga.lt\/wp-content\/uploads\/2024\/05\/cropped-cropped-cropped-02_00843_jt3bggkj1j3HLc7SyY6rEUpg.jpeg","contentUrl":"https:\/\/skaitytaknyga.lt\/wp-content\/uploads\/2024\/05\/cropped-cropped-cropped-02_00843_jt3bggkj1j3HLc7SyY6rEUpg.jpeg","width":1600,"height":1600,"caption":"skaitytaknyga.lt"},"image":{"@id":"https:\/\/skaitytaknyga.lt\/#\/schema\/logo\/image\/"},"sameAs":["https:\/\/www.facebook.com\/skaitytaknyga\/"]}]}},"_links":{"self":[{"href":"https:\/\/skaitytaknyga.lt\/en\/wp-json\/wp\/v2\/product\/22083","targetHints":{"allow":["GET"]}}],"collection":[{"href":"https:\/\/skaitytaknyga.lt\/en\/wp-json\/wp\/v2\/product"}],"about":[{"href":"https:\/\/skaitytaknyga.lt\/en\/wp-json\/wp\/v2\/types\/product"}],"replies":[{"embeddable":true,"href":"https:\/\/skaitytaknyga.lt\/en\/wp-json\/wp\/v2\/comments?post=22083"}],"wp:featuredmedia":[{"embeddable":true,"href":"https:\/\/skaitytaknyga.lt\/en\/wp-json\/wp\/v2\/media\/22089"}],"wp:attachment":[{"href":"https:\/\/skaitytaknyga.lt\/en\/wp-json\/wp\/v2\/media?parent=22083"}],"wp:term":[{"taxonomy":"product_brand","embeddable":true,"href":"https:\/\/skaitytaknyga.lt\/en\/wp-json\/wp\/v2\/product_brand?post=22083"},{"taxonomy":"product_cat","embeddable":true,"href":"https:\/\/skaitytaknyga.lt\/en\/wp-json\/wp\/v2\/product_cat?post=22083"},{"taxonomy":"product_tag","embeddable":true,"href":"https:\/\/skaitytaknyga.lt\/en\/wp-json\/wp\/v2\/product_tag?post=22083"}],"curies":[{"name":"wp","href":"https:\/\/api.w.org\/{rel}","templated":true}]}}