{"id":22081,"date":"2025-11-23T13:18:36","date_gmt":"2025-11-23T11:18:36","guid":{"rendered":"https:\/\/skaitytaknyga.lt\/?post_type=product&#038;p=22081"},"modified":"2025-11-29T12:01:02","modified_gmt":"2025-11-29T10:01:02","slug":"stebuklu-miestas","status":"publish","type":"product","link":"https:\/\/skaitytaknyga.lt\/en\/produktas\/stebuklu-miestas\/","title":{"rendered":"Stebukl\u0173 miestas"},"content":{"rendered":"<p>Eduardo Mendoza (Eduardo Mendosa) &#8211; did\u017eiul\u0117s s\u0117km\u0117s sulauk\u0119s ispan\u0173 ra\u0161ytojas, puikiai \u012fvertintas kritik\u0173 ir apdovanotas Nacionaline kritik\u0173 premija.<\/p>\n<p>Romanas \u201eStebukl\u0173 miestas\u201c, kur\u012f i\u0161 prad\u017ei\u0173 autorius nor\u0117jo pavadinti \u201eKvaili\u0173 miestu&#8221;, nukelia \u012f \u0161urmuliuojan\u010di\u0105 Barselon\u0105. XIX a. pabaigoje miestas i\u0161gyvena did\u017eias permainas. Tik\u0117damiesi geresnio gyvenimo, vos su keliais skatikais ki\u0161en\u0117je i\u0161 provincijos pl\u016bsta varg\u0161ai. U\u017esikr\u0117t\u0119s greito praturt\u0117jimo kar\u0161tine, \u012f Barselon\u0105 atklysta ir romano herojus (tiksliau, antiherojus) Onofr\u0117 Bouvila.<\/p>\n<p>B\u016bdamas dar kone berniukas, sunkiai, bet su dideliu u\u017esispyrimu jis iriasi \u012f priek\u012f. Niek\u0161i\u0161kais darbeliais, nelegalia veikla Onofr\u0117 Bouvila prasimu\u0161a iki turtuolio, finans\u0173 magnato. Bjauraus b\u016bdo herojus vis\u0105 gyvenim\u0105 manipuliuoja, spekuliuoja, prireikus net ir \u017eudo, bet vis d\u0117lto ir jo neaplenkia \u0161veln\u016bs jausmai moteriai.<\/p>\n<p>Smarkiai besisukanti \u012fvyki\u0173 karusel\u0117, tir\u0161ta \u012fsp\u016bding\u0173 Barselonos vaizd\u0173, Katalonijos ir visos Ispanijos \u012fvyki\u0173, ilgam i\u0161lieka gyva net ir u\u017evertus paskutin\u012f romano puslap\u012f.<\/p>\n","protected":false},"excerpt":{"rendered":"<p>Eduardo Mendoza (Eduardo Mendosa) &#8211; did\u017eiul\u0117s s\u0117km\u0117s sulauk\u0119s ispan\u0173 ra\u0161ytojas, puikiai \u012fvertintas kritik\u0173 ir apdovanotas Nacionaline kritik\u0173 premija. Romanas \u201eStebukl\u0173 miestas\u201c, kur\u012f i\u0161 prad\u017ei\u0173 autorius nor\u0117jo pavadinti \u201eKvaili\u0173 miestu&#8221;, nukelia \u012f \u0161urmuliuojan\u010di\u0105 Barselon\u0105. XIX a. pabaigoje miestas i\u0161gyvena did\u017eias permainas. Tik\u0117damiesi geresnio gyvenimo, vos su keliais skatikais ki\u0161en\u0117je i\u0161 provincijos pl\u016bsta varg\u0161ai. U\u017esikr\u0117t\u0119s greito praturt\u0117jimo kar\u0161tine, \u012f Barselon\u0105 atklysta ir romano herojus (tiksliau, antiherojus) Onofr\u0117 Bouvila. B\u016bdamas dar kone berniukas, sunkiai, bet su dideliu u\u017esispyrimu jis iriasi \u012f priek\u012f. Niek\u0161i\u0161kais darbeliais, nelegalia veikla Onofr\u0117 Bouvila prasimu\u0161a iki turtuolio, finans\u0173 magnato. Bjauraus b\u016bdo herojus vis\u0105 gyvenim\u0105 manipuliuoja, spekuliuoja, prireikus net ir \u017eudo, bet vis d\u0117lto ir jo neaplenkia \u0161veln\u016bs jausmai moteriai. Smarkiai besisukanti \u012fvyki\u0173 karusel\u0117, tir\u0161ta \u012fsp\u016bding\u0173 Barselonos vaizd\u0173, Katalonijos ir visos Ispanijos \u012fvyki\u0173, ilgam i\u0161lieka gyva net ir u\u017evertus paskutin\u012f romano puslap\u012f.<\/p>\n","protected":false},"featured_media":22087,"comment_status":"open","ping_status":"closed","template":"","meta":{"_acf_changed":false,"site-sidebar-layout":"default","site-content-layout":"","ast-site-content-layout":"default","site-content-style":"default","site-sidebar-style":"default","ast-global-header-display":"","ast-banner-title-visibility":"","ast-main-header-display":"","ast-hfb-above-header-display":"","ast-hfb-below-header-display":"","ast-hfb-mobile-header-display":"","site-post-title":"","ast-breadcrumbs-content":"","ast-featured-img":"","footer-sml-layout":"","ast-disable-related-posts":"","theme-transparent-header-meta":"","adv-header-id-meta":"","stick-header-meta":"","header-above-stick-meta":"","header-main-stick-meta":"","header-below-stick-meta":"","astra-migrate-meta-layouts":"default","ast-page-background-enabled":"default","ast-page-background-meta":{"desktop":{"background-color":"","background-image":"","background-repeat":"repeat","background-position":"center center","background-size":"auto","background-attachment":"scroll","background-type":"","background-media":"","overlay-type":"","overlay-color":"","overlay-opacity":"","overlay-gradient":""},"tablet":{"background-color":"","background-image":"","background-repeat":"repeat","background-position":"center center","background-size":"auto","background-attachment":"scroll","background-type":"","background-media":"","overlay-type":"","overlay-color":"","overlay-opacity":"","overlay-gradient":""},"mobile":{"background-color":"","background-image":"","background-repeat":"repeat","background-position":"center center","background-size":"auto","background-attachment":"scroll","background-type":"","background-media":"","overlay-type":"","overlay-color":"","overlay-opacity":"","overlay-gradient":""}},"ast-content-background-meta":{"desktop":{"background-color":"var(--ast-global-color-4)","background-image":"","background-repeat":"repeat","background-position":"center center","background-size":"auto","background-attachment":"scroll","background-type":"","background-media":"","overlay-type":"","overlay-color":"","overlay-opacity":"","overlay-gradient":""},"tablet":{"background-color":"var(--ast-global-color-4)","background-image":"","background-repeat":"repeat","background-position":"center center","background-size":"auto","background-attachment":"scroll","background-type":"","background-media":"","overlay-type":"","overlay-color":"","overlay-opacity":"","overlay-gradient":""},"mobile":{"background-color":"var(--ast-global-color-4)","background-image":"","background-repeat":"repeat","background-position":"center center","background-size":"auto","background-attachment":"scroll","background-type":"","background-media":"","overlay-type":"","overlay-color":"","overlay-opacity":"","overlay-gradient":""}}},"product_brand":[],"product_cat":[31],"product_tag":[],"class_list":{"0":"post-22081","1":"product","2":"type-product","3":"status-publish","4":"has-post-thumbnail","6":"product_cat-grozine-literatura","7":"desktop-align-left","8":"tablet-align-left","9":"mobile-align-left","11":"first","12":"instock","13":"shipping-taxable","14":"purchasable","15":"product-type-simple"},"acf":[],"yoast_head":"<!-- This site is optimized with the Yoast SEO plugin v27.0 - https:\/\/yoast.com\/product\/yoast-seo-wordpress\/ -->\n<title>Stebukl\u0173 miestas<\/title>\n<meta name=\"description\" content=\"Eduardo Mendoza (Eduardo Mendosa) - did\u017eiul\u0117s s\u0117km\u0117s sulauk\u0119s ispan\u0173 ra\u0161ytojas, puikiai \u012fvertintas kritik\u0173 ir apdovanotas Nacionaline kritik\u0173 premija.\" \/>\n<meta name=\"robots\" content=\"index, follow, max-snippet:-1, max-image-preview:large, max-video-preview:-1\" \/>\n<link rel=\"canonical\" href=\"https:\/\/skaitytaknyga.lt\/en\/produktas\/stebuklu-miestas\/\" \/>\n<meta property=\"og:locale\" content=\"en_GB\" \/>\n<meta property=\"og:locale:alternate\" content=\"lt_LT\" \/>\n<meta property=\"og:type\" content=\"article\" \/>\n<meta property=\"og:title\" content=\"Stebukl\u0173 miestas\" \/>\n<meta property=\"og:description\" content=\"Eduardo Mendoza (Eduardo Mendosa) - did\u017eiul\u0117s s\u0117km\u0117s sulauk\u0119s ispan\u0173 ra\u0161ytojas, puikiai \u012fvertintas kritik\u0173 ir apdovanotas Nacionaline kritik\u0173 premija.\" \/>\n<meta property=\"og:url\" content=\"https:\/\/skaitytaknyga.lt\/en\/produktas\/stebuklu-miestas\/\" \/>\n<meta property=\"og:site_name\" content=\"Skaitytaknyga\" \/>\n<meta property=\"article:publisher\" content=\"https:\/\/www.facebook.com\/skaitytaknyga\/\" \/>\n<meta property=\"article:modified_time\" content=\"2025-11-29T10:01:02+00:00\" \/>\n<meta property=\"og:image\" content=\"https:\/\/skaitytaknyga.lt\/wp-content\/uploads\/2025\/11\/Stebuklu-miestas-1.webp\" \/>\n\t<meta property=\"og:image:width\" content=\"300\" \/>\n\t<meta property=\"og:image:height\" content=\"527\" \/>\n\t<meta property=\"og:image:type\" content=\"image\/webp\" \/>\n<meta name=\"twitter:card\" content=\"summary_large_image\" \/>\n<meta name=\"twitter:label1\" content=\"Estimated reading time\" \/>\n\t<meta name=\"twitter:data1\" content=\"1 minute\" \/>\n<script type=\"application\/ld+json\" class=\"yoast-schema-graph\">{\"@context\":\"https:\/\/schema.org\",\"@graph\":[{\"@type\":\"WebPage\",\"@id\":\"https:\/\/skaitytaknyga.lt\/produktas\/stebuklu-miestas\/\",\"url\":\"https:\/\/skaitytaknyga.lt\/produktas\/stebuklu-miestas\/\",\"name\":\"Stebukl\u0173 miestas\",\"isPartOf\":{\"@id\":\"https:\/\/skaitytaknyga.lt\/#website\"},\"primaryImageOfPage\":{\"@id\":\"https:\/\/skaitytaknyga.lt\/produktas\/stebuklu-miestas\/#primaryimage\"},\"image\":{\"@id\":\"https:\/\/skaitytaknyga.lt\/produktas\/stebuklu-miestas\/#primaryimage\"},\"thumbnailUrl\":\"https:\/\/skaitytaknyga.lt\/wp-content\/uploads\/2025\/11\/Stebuklu-miestas-1.webp\",\"datePublished\":\"2025-11-23T11:18:36+00:00\",\"dateModified\":\"2025-11-29T10:01:02+00:00\",\"description\":\"Eduardo Mendoza (Eduardo Mendosa) - did\u017eiul\u0117s s\u0117km\u0117s sulauk\u0119s ispan\u0173 ra\u0161ytojas, puikiai \u012fvertintas kritik\u0173 ir apdovanotas Nacionaline kritik\u0173 premija.\",\"breadcrumb\":{\"@id\":\"https:\/\/skaitytaknyga.lt\/produktas\/stebuklu-miestas\/#breadcrumb\"},\"inLanguage\":\"en-GB\",\"potentialAction\":[{\"@type\":\"ReadAction\",\"target\":[\"https:\/\/skaitytaknyga.lt\/produktas\/stebuklu-miestas\/\"]}]},{\"@type\":\"ImageObject\",\"inLanguage\":\"en-GB\",\"@id\":\"https:\/\/skaitytaknyga.lt\/produktas\/stebuklu-miestas\/#primaryimage\",\"url\":\"https:\/\/skaitytaknyga.lt\/wp-content\/uploads\/2025\/11\/Stebuklu-miestas-1.webp\",\"contentUrl\":\"https:\/\/skaitytaknyga.lt\/wp-content\/uploads\/2025\/11\/Stebuklu-miestas-1.webp\",\"width\":300,\"height\":527,\"caption\":\"Stebukl\u0173 miestas\"},{\"@type\":\"BreadcrumbList\",\"@id\":\"https:\/\/skaitytaknyga.lt\/produktas\/stebuklu-miestas\/#breadcrumb\",\"itemListElement\":[{\"@type\":\"ListItem\",\"position\":1,\"name\":\"Home\",\"item\":\"https:\/\/skaitytaknyga.lt\/\"},{\"@type\":\"ListItem\",\"position\":2,\"name\":\"Parduotuv\u0117\",\"item\":\"https:\/\/skaitytaknyga.lt\/knygu-parduotuve\/\"},{\"@type\":\"ListItem\",\"position\":3,\"name\":\"Stebukl\u0173 miestas\"}]},{\"@type\":\"WebSite\",\"@id\":\"https:\/\/skaitytaknyga.lt\/#website\",\"url\":\"https:\/\/skaitytaknyga.lt\/\",\"name\":\"skaitytaknyga.lt\",\"description\":\"Skaitytaknyga.lt \u2013 tai ma\u017eas \u0161eimos verslas, kuris prasid\u0117jo nuo meil\u0117s knygoms ir siekio i\u0161gelb\u0117ti knygas nuo likimo prie konteinerio. Kas vienam nereikalingas daiktas \u2013 kitam lobis, o mes esame tarpininkai, kurie padeda abiems tapti laimingesniems ???? \u017dinome kaip nelengva i\u0161gyventi ma\u017eiems verslams, tad nuo \u0161iol, \u010dia rasite ir kit\u0173, ma\u017e\u0173 \u0161eim\u0173 versl\u0173, rank\u0173 darbo, dovan\u0173 sau ir artimiesiems.\",\"publisher\":{\"@id\":\"https:\/\/skaitytaknyga.lt\/#organization\"},\"potentialAction\":[{\"@type\":\"SearchAction\",\"target\":{\"@type\":\"EntryPoint\",\"urlTemplate\":\"https:\/\/skaitytaknyga.lt\/?s={search_term_string}\"},\"query-input\":{\"@type\":\"PropertyValueSpecification\",\"valueRequired\":true,\"valueName\":\"search_term_string\"}}],\"inLanguage\":\"en-GB\"},{\"@type\":\"Organization\",\"@id\":\"https:\/\/skaitytaknyga.lt\/#organization\",\"name\":\"skaitytaknyga.lt\",\"url\":\"https:\/\/skaitytaknyga.lt\/\",\"logo\":{\"@type\":\"ImageObject\",\"inLanguage\":\"en-GB\",\"@id\":\"https:\/\/skaitytaknyga.lt\/#\/schema\/logo\/image\/\",\"url\":\"https:\/\/skaitytaknyga.lt\/wp-content\/uploads\/2024\/05\/cropped-cropped-cropped-02_00843_jt3bggkj1j3HLc7SyY6rEUpg.jpeg\",\"contentUrl\":\"https:\/\/skaitytaknyga.lt\/wp-content\/uploads\/2024\/05\/cropped-cropped-cropped-02_00843_jt3bggkj1j3HLc7SyY6rEUpg.jpeg\",\"width\":1600,\"height\":1600,\"caption\":\"skaitytaknyga.lt\"},\"image\":{\"@id\":\"https:\/\/skaitytaknyga.lt\/#\/schema\/logo\/image\/\"},\"sameAs\":[\"https:\/\/www.facebook.com\/skaitytaknyga\/\"]}]}<\/script>\n<!-- \/ Yoast SEO plugin. -->","yoast_head_json":{"title":"Stebukl\u0173 miestas","description":"Eduardo Mendoza (Eduardo Mendosa) - did\u017eiul\u0117s s\u0117km\u0117s sulauk\u0119s ispan\u0173 ra\u0161ytojas, puikiai \u012fvertintas kritik\u0173 ir apdovanotas Nacionaline kritik\u0173 premija.","robots":{"index":"index","follow":"follow","max-snippet":"max-snippet:-1","max-image-preview":"max-image-preview:large","max-video-preview":"max-video-preview:-1"},"canonical":"https:\/\/skaitytaknyga.lt\/en\/produktas\/stebuklu-miestas\/","og_locale":"en_GB","og_type":"article","og_title":"[:lt]Stebukl\u0173 miestas[:] - Skaitytaknyga","og_description":"Eduardo Mendoza (Eduardo Mendosa) - did\u017eiul\u0117s s\u0117km\u0117s sulauk\u0119s ispan\u0173 ra\u0161ytojas, puikiai \u012fvertintas kritik\u0173 ir apdovanotas Nacionaline kritik\u0173 premija.","og_url":"https:\/\/skaitytaknyga.lt\/en\/produktas\/stebuklu-miestas\/","og_site_name":"Skaitytaknyga","article_publisher":"https:\/\/www.facebook.com\/skaitytaknyga\/","article_modified_time":"2025-11-29T10:01:02+00:00","og_image":[{"width":300,"height":527,"url":"https:\/\/skaitytaknyga.lt\/wp-content\/uploads\/2025\/11\/Stebuklu-miestas-1.webp","type":"image\/webp"}],"twitter_card":"summary_large_image","twitter_misc":{"Estimated reading time":"1 minute"},"schema":{"@context":"https:\/\/schema.org","@graph":[{"@type":"WebPage","@id":"https:\/\/skaitytaknyga.lt\/produktas\/stebuklu-miestas\/","url":"https:\/\/skaitytaknyga.lt\/produktas\/stebuklu-miestas\/","name":"Stebukl\u0173 miestas","isPartOf":{"@id":"https:\/\/skaitytaknyga.lt\/#website"},"primaryImageOfPage":{"@id":"https:\/\/skaitytaknyga.lt\/produktas\/stebuklu-miestas\/#primaryimage"},"image":{"@id":"https:\/\/skaitytaknyga.lt\/produktas\/stebuklu-miestas\/#primaryimage"},"thumbnailUrl":"https:\/\/skaitytaknyga.lt\/wp-content\/uploads\/2025\/11\/Stebuklu-miestas-1.webp","datePublished":"2025-11-23T11:18:36+00:00","dateModified":"2025-11-29T10:01:02+00:00","description":"Eduardo Mendoza (Eduardo Mendosa) - did\u017eiul\u0117s s\u0117km\u0117s sulauk\u0119s ispan\u0173 ra\u0161ytojas, puikiai \u012fvertintas kritik\u0173 ir apdovanotas Nacionaline kritik\u0173 premija.","breadcrumb":{"@id":"https:\/\/skaitytaknyga.lt\/produktas\/stebuklu-miestas\/#breadcrumb"},"inLanguage":"en-GB","potentialAction":[{"@type":"ReadAction","target":["https:\/\/skaitytaknyga.lt\/produktas\/stebuklu-miestas\/"]}]},{"@type":"ImageObject","inLanguage":"en-GB","@id":"https:\/\/skaitytaknyga.lt\/produktas\/stebuklu-miestas\/#primaryimage","url":"https:\/\/skaitytaknyga.lt\/wp-content\/uploads\/2025\/11\/Stebuklu-miestas-1.webp","contentUrl":"https:\/\/skaitytaknyga.lt\/wp-content\/uploads\/2025\/11\/Stebuklu-miestas-1.webp","width":300,"height":527,"caption":"Stebukl\u0173 miestas"},{"@type":"BreadcrumbList","@id":"https:\/\/skaitytaknyga.lt\/produktas\/stebuklu-miestas\/#breadcrumb","itemListElement":[{"@type":"ListItem","position":1,"name":"Home","item":"https:\/\/skaitytaknyga.lt\/"},{"@type":"ListItem","position":2,"name":"Parduotuv\u0117","item":"https:\/\/skaitytaknyga.lt\/knygu-parduotuve\/"},{"@type":"ListItem","position":3,"name":"Stebukl\u0173 miestas"}]},{"@type":"WebSite","@id":"https:\/\/skaitytaknyga.lt\/#website","url":"https:\/\/skaitytaknyga.lt\/","name":"skaitytaknyga.lt","description":"Skaitytaknyga.lt \u2013 tai ma\u017eas \u0161eimos verslas, kuris prasid\u0117jo nuo meil\u0117s knygoms ir siekio i\u0161gelb\u0117ti knygas nuo likimo prie konteinerio. Kas vienam nereikalingas daiktas \u2013 kitam lobis, o mes esame tarpininkai, kurie padeda abiems tapti laimingesniems ???? \u017dinome kaip nelengva i\u0161gyventi ma\u017eiems verslams, tad nuo \u0161iol, \u010dia rasite ir kit\u0173, ma\u017e\u0173 \u0161eim\u0173 versl\u0173, rank\u0173 darbo, dovan\u0173 sau ir artimiesiems.","publisher":{"@id":"https:\/\/skaitytaknyga.lt\/#organization"},"potentialAction":[{"@type":"SearchAction","target":{"@type":"EntryPoint","urlTemplate":"https:\/\/skaitytaknyga.lt\/?s={search_term_string}"},"query-input":{"@type":"PropertyValueSpecification","valueRequired":true,"valueName":"search_term_string"}}],"inLanguage":"en-GB"},{"@type":"Organization","@id":"https:\/\/skaitytaknyga.lt\/#organization","name":"skaitytaknyga.lt","url":"https:\/\/skaitytaknyga.lt\/","logo":{"@type":"ImageObject","inLanguage":"en-GB","@id":"https:\/\/skaitytaknyga.lt\/#\/schema\/logo\/image\/","url":"https:\/\/skaitytaknyga.lt\/wp-content\/uploads\/2024\/05\/cropped-cropped-cropped-02_00843_jt3bggkj1j3HLc7SyY6rEUpg.jpeg","contentUrl":"https:\/\/skaitytaknyga.lt\/wp-content\/uploads\/2024\/05\/cropped-cropped-cropped-02_00843_jt3bggkj1j3HLc7SyY6rEUpg.jpeg","width":1600,"height":1600,"caption":"skaitytaknyga.lt"},"image":{"@id":"https:\/\/skaitytaknyga.lt\/#\/schema\/logo\/image\/"},"sameAs":["https:\/\/www.facebook.com\/skaitytaknyga\/"]}]}},"_links":{"self":[{"href":"https:\/\/skaitytaknyga.lt\/en\/wp-json\/wp\/v2\/product\/22081","targetHints":{"allow":["GET"]}}],"collection":[{"href":"https:\/\/skaitytaknyga.lt\/en\/wp-json\/wp\/v2\/product"}],"about":[{"href":"https:\/\/skaitytaknyga.lt\/en\/wp-json\/wp\/v2\/types\/product"}],"replies":[{"embeddable":true,"href":"https:\/\/skaitytaknyga.lt\/en\/wp-json\/wp\/v2\/comments?post=22081"}],"wp:featuredmedia":[{"embeddable":true,"href":"https:\/\/skaitytaknyga.lt\/en\/wp-json\/wp\/v2\/media\/22087"}],"wp:attachment":[{"href":"https:\/\/skaitytaknyga.lt\/en\/wp-json\/wp\/v2\/media?parent=22081"}],"wp:term":[{"taxonomy":"product_brand","embeddable":true,"href":"https:\/\/skaitytaknyga.lt\/en\/wp-json\/wp\/v2\/product_brand?post=22081"},{"taxonomy":"product_cat","embeddable":true,"href":"https:\/\/skaitytaknyga.lt\/en\/wp-json\/wp\/v2\/product_cat?post=22081"},{"taxonomy":"product_tag","embeddable":true,"href":"https:\/\/skaitytaknyga.lt\/en\/wp-json\/wp\/v2\/product_tag?post=22081"}],"curies":[{"name":"wp","href":"https:\/\/api.w.org\/{rel}","templated":true}]}}