{"id":22080,"date":"2025-11-23T13:18:36","date_gmt":"2025-11-23T11:18:36","guid":{"rendered":"https:\/\/skaitytaknyga.lt\/?post_type=product&#038;p=22080"},"modified":"2026-03-18T14:59:41","modified_gmt":"2026-03-18T12:59:41","slug":"siaures-karsuva-keliautojo-po-silales-krasta-zinynas","status":"publish","type":"product","link":"https:\/\/skaitytaknyga.lt\/en\/produktas\/siaures-karsuva-keliautojo-po-silales-krasta-zinynas\/","title":{"rendered":"\u0160iaur\u0117s Kar\u0161uva. Keliautojo po \u0160ilal\u0117s kra\u0161t\u0105 \u017einynas"},"content":{"rendered":"<p>\u017dinynas \u201e\u0160iaur\u0117s Kar\u0161uva\u201c skiriamas pa\u017eintinio-kult\u016brinio turizmo m\u0117g\u0117jams (ypa\u010d \u2013 m\u0117gstantiems keliauti savaranki\u0161kai), taip pat visiems, besidomintiems Lietuvos istorija ir kult\u016bros paveldu.<\/p>\n<p>\u0160iame kra\u0161te yra nema\u017eai keliautojams gerai \u017einom\u0173 ir da\u017enai lankom\u0173 viet\u0173 \u2013 Dionizo Po\u0161kos Baubliai, lak\u016bn\u0173 Stepono Dariaus ir Stasio Gir\u0117no t\u0117vi\u0161k\u0117s. Ta\u010diau \u010dia yra daug ir toki\u0173 kult\u016bros, istorijos bei gamtos vertybi\u0173, apie kurias galb\u016bt iki \u0161iol Jums neteko gird\u0117ti. Atradome jas ne tik sau, bet ir Jums. Si\u016blome pasinaudoti m\u016bs\u0173 sukauptomis \u017einiomis, pakeliauti tais pa\u010diais takais ir patirti pa\u017einimo d\u017eiaugsm\u0105.<\/p>\n<p>Knygoje \u201e\u0160iaur\u0117s Kar\u0161uva\u201c \u2013 net 530 iliustracij\u0173, tai \u2013 \u0161iuolaikin\u0117s ir archyvin\u0117s nuotraukos, pie\u0161iniai, schemos, \u017eem\u0117lapi\u0173 i\u0161karpos. Prie jos pridedamas lankstinuko formos dvipusis spalvotas \u017eem\u0117lapis (M 1:70000, 42 X 44 cm), kuriame pa\u017eym\u0117tos 186 svarbiausios lankytinos vietos \u0161iaur\u0117s Kar\u0161uvoje. Knygoje apra\u0161ytos 136 vietov\u0117s \u2013 miesteliai, kaimai ir kt.<\/p>\n<p>Praturtinan\u010di\u0173 kelioni\u0173 visiems, keliausiantiems po \u0161iaur\u0117s Kar\u0161uv\u0105!<\/p>\n","protected":false},"excerpt":{"rendered":"<p>\u017dinynas \u201e\u0160iaur\u0117s Kar\u0161uva\u201c skiriamas pa\u017eintinio-kult\u016brinio turizmo m\u0117g\u0117jams (ypa\u010d \u2013 m\u0117gstantiems keliauti savaranki\u0161kai), taip pat visiems, besidomintiems Lietuvos istorija ir kult\u016bros paveldu. \u0160iame kra\u0161te yra nema\u017eai keliautojams gerai \u017einom\u0173 ir da\u017enai lankom\u0173 viet\u0173 \u2013 Dionizo Po\u0161kos Baubliai, lak\u016bn\u0173 Stepono Dariaus ir Stasio Gir\u0117no t\u0117vi\u0161k\u0117s. Ta\u010diau \u010dia yra daug ir toki\u0173 kult\u016bros, istorijos bei gamtos vertybi\u0173, apie kurias galb\u016bt iki \u0161iol Jums neteko gird\u0117ti. Atradome jas ne tik sau, bet ir Jums. Si\u016blome pasinaudoti m\u016bs\u0173 sukauptomis \u017einiomis, pakeliauti tais pa\u010diais takais ir patirti pa\u017einimo d\u017eiaugsm\u0105. Knygoje \u201e\u0160iaur\u0117s Kar\u0161uva\u201c \u2013 net 530 iliustracij\u0173, tai \u2013 \u0161iuolaikin\u0117s ir archyvin\u0117s nuotraukos, pie\u0161iniai, schemos, \u017eem\u0117lapi\u0173 i\u0161karpos. Prie jos pridedamas lankstinuko formos dvipusis spalvotas \u017eem\u0117lapis (M 1:70000, 42 X 44 cm), kuriame pa\u017eym\u0117tos 186 svarbiausios lankytinos vietos \u0161iaur\u0117s Kar\u0161uvoje. Knygoje apra\u0161ytos 136 vietov\u0117s \u2013 miesteliai, kaimai ir kt. Praturtinan\u010di\u0173 kelioni\u0173 visiems, keliausiantiems po \u0161iaur\u0117s Kar\u0161uv\u0105!<\/p>\n","protected":false},"featured_media":22085,"comment_status":"open","ping_status":"closed","template":"","meta":{"_acf_changed":false,"site-sidebar-layout":"default","site-content-layout":"","ast-site-content-layout":"default","site-content-style":"default","site-sidebar-style":"default","ast-global-header-display":"","ast-banner-title-visibility":"","ast-main-header-display":"","ast-hfb-above-header-display":"","ast-hfb-below-header-display":"","ast-hfb-mobile-header-display":"","site-post-title":"","ast-breadcrumbs-content":"","ast-featured-img":"","footer-sml-layout":"","ast-disable-related-posts":"","theme-transparent-header-meta":"","adv-header-id-meta":"","stick-header-meta":"","header-above-stick-meta":"","header-main-stick-meta":"","header-below-stick-meta":"","astra-migrate-meta-layouts":"default","ast-page-background-enabled":"default","ast-page-background-meta":{"desktop":{"background-color":"","background-image":"","background-repeat":"repeat","background-position":"center center","background-size":"auto","background-attachment":"scroll","background-type":"","background-media":"","overlay-type":"","overlay-color":"","overlay-opacity":"","overlay-gradient":""},"tablet":{"background-color":"","background-image":"","background-repeat":"repeat","background-position":"center center","background-size":"auto","background-attachment":"scroll","background-type":"","background-media":"","overlay-type":"","overlay-color":"","overlay-opacity":"","overlay-gradient":""},"mobile":{"background-color":"","background-image":"","background-repeat":"repeat","background-position":"center center","background-size":"auto","background-attachment":"scroll","background-type":"","background-media":"","overlay-type":"","overlay-color":"","overlay-opacity":"","overlay-gradient":""}},"ast-content-background-meta":{"desktop":{"background-color":"var(--ast-global-color-4)","background-image":"","background-repeat":"repeat","background-position":"center center","background-size":"auto","background-attachment":"scroll","background-type":"","background-media":"","overlay-type":"","overlay-color":"","overlay-opacity":"","overlay-gradient":""},"tablet":{"background-color":"var(--ast-global-color-4)","background-image":"","background-repeat":"repeat","background-position":"center center","background-size":"auto","background-attachment":"scroll","background-type":"","background-media":"","overlay-type":"","overlay-color":"","overlay-opacity":"","overlay-gradient":""},"mobile":{"background-color":"var(--ast-global-color-4)","background-image":"","background-repeat":"repeat","background-position":"center center","background-size":"auto","background-attachment":"scroll","background-type":"","background-media":"","overlay-type":"","overlay-color":"","overlay-opacity":"","overlay-gradient":""}}},"product_brand":[],"product_cat":[9862,174],"product_tag":[],"class_list":{"0":"post-22080","1":"product","2":"type-product","3":"status-publish","4":"has-post-thumbnail","6":"product_cat-lietuvos-istorija","7":"product_cat-istorija-ir-politologija","8":"desktop-align-left","9":"tablet-align-left","10":"mobile-align-left","12":"first","13":"instock","14":"shipping-taxable","15":"purchasable","16":"product-type-simple"},"acf":[],"yoast_head":"<!-- This site is optimized with the Yoast SEO plugin v27.0 - https:\/\/yoast.com\/product\/yoast-seo-wordpress\/ -->\n<title>\u0160iaur\u0117s Kar\u0161uva. Keliautojo po \u0160ilal\u0117s kra\u0161t\u0105 \u017einynas<\/title>\n<meta name=\"description\" content=\"\u017dinynas \u201e\u0160iaur\u0117s Kar\u0161uva\u201c skiriamas pa\u017eintinio-kult\u016brinio turizmo m\u0117g\u0117jams (ypa\u010d \u2013 m\u0117gstantiems keliauti savaranki\u0161kai), taip pat visiems, besidomintiems\" \/>\n<meta name=\"robots\" content=\"index, follow, max-snippet:-1, max-image-preview:large, max-video-preview:-1\" \/>\n<link rel=\"canonical\" href=\"https:\/\/skaitytaknyga.lt\/en\/produktas\/siaures-karsuva-keliautojo-po-silales-krasta-zinynas\/\" \/>\n<meta property=\"og:locale\" content=\"en_GB\" \/>\n<meta property=\"og:locale:alternate\" content=\"lt_LT\" \/>\n<meta property=\"og:type\" content=\"article\" \/>\n<meta property=\"og:title\" content=\"\u0160iaur\u0117s Kar\u0161uva. Keliautojo po \u0160ilal\u0117s kra\u0161t\u0105 \u017einynas\" \/>\n<meta property=\"og:description\" content=\"\u017dinynas \u201e\u0160iaur\u0117s Kar\u0161uva\u201c skiriamas pa\u017eintinio-kult\u016brinio turizmo m\u0117g\u0117jams (ypa\u010d \u2013 m\u0117gstantiems keliauti savaranki\u0161kai), taip pat visiems, besidomintiems\" \/>\n<meta property=\"og:url\" content=\"https:\/\/skaitytaknyga.lt\/en\/produktas\/siaures-karsuva-keliautojo-po-silales-krasta-zinynas\/\" \/>\n<meta property=\"og:site_name\" content=\"Skaitytaknyga\" \/>\n<meta property=\"article:publisher\" content=\"https:\/\/www.facebook.com\/skaitytaknyga\/\" \/>\n<meta property=\"article:modified_time\" content=\"2026-03-18T12:59:41+00:00\" \/>\n<meta property=\"og:image\" content=\"https:\/\/skaitytaknyga.lt\/wp-content\/uploads\/2025\/11\/Siaures-Karsuva.-Keliautojo-po-Silales-krasta-zinynas-1.webp\" \/>\n\t<meta property=\"og:image:width\" content=\"300\" \/>\n\t<meta property=\"og:image:height\" content=\"513\" \/>\n\t<meta property=\"og:image:type\" content=\"image\/webp\" \/>\n<meta name=\"twitter:card\" content=\"summary_large_image\" \/>\n<meta name=\"twitter:label1\" content=\"Estimated reading time\" \/>\n\t<meta name=\"twitter:data1\" content=\"1 minute\" \/>\n<script type=\"application\/ld+json\" class=\"yoast-schema-graph\">{\"@context\":\"https:\/\/schema.org\",\"@graph\":[{\"@type\":\"WebPage\",\"@id\":\"https:\/\/skaitytaknyga.lt\/produktas\/siaures-karsuva-keliautojo-po-silales-krasta-zinynas\/\",\"url\":\"https:\/\/skaitytaknyga.lt\/produktas\/siaures-karsuva-keliautojo-po-silales-krasta-zinynas\/\",\"name\":\"\u0160iaur\u0117s Kar\u0161uva. Keliautojo po \u0160ilal\u0117s kra\u0161t\u0105 \u017einynas\",\"isPartOf\":{\"@id\":\"https:\/\/skaitytaknyga.lt\/#website\"},\"primaryImageOfPage\":{\"@id\":\"https:\/\/skaitytaknyga.lt\/produktas\/siaures-karsuva-keliautojo-po-silales-krasta-zinynas\/#primaryimage\"},\"image\":{\"@id\":\"https:\/\/skaitytaknyga.lt\/produktas\/siaures-karsuva-keliautojo-po-silales-krasta-zinynas\/#primaryimage\"},\"thumbnailUrl\":\"https:\/\/skaitytaknyga.lt\/wp-content\/uploads\/2025\/11\/Siaures-Karsuva.-Keliautojo-po-Silales-krasta-zinynas-1.webp\",\"datePublished\":\"2025-11-23T11:18:36+00:00\",\"dateModified\":\"2026-03-18T12:59:41+00:00\",\"description\":\"\u017dinynas \u201e\u0160iaur\u0117s Kar\u0161uva\u201c skiriamas pa\u017eintinio-kult\u016brinio turizmo m\u0117g\u0117jams (ypa\u010d \u2013 m\u0117gstantiems keliauti savaranki\u0161kai), taip pat visiems, besidomintiems\",\"breadcrumb\":{\"@id\":\"https:\/\/skaitytaknyga.lt\/produktas\/siaures-karsuva-keliautojo-po-silales-krasta-zinynas\/#breadcrumb\"},\"inLanguage\":\"en-GB\",\"potentialAction\":[{\"@type\":\"ReadAction\",\"target\":[\"https:\/\/skaitytaknyga.lt\/produktas\/siaures-karsuva-keliautojo-po-silales-krasta-zinynas\/\"]}]},{\"@type\":\"ImageObject\",\"inLanguage\":\"en-GB\",\"@id\":\"https:\/\/skaitytaknyga.lt\/produktas\/siaures-karsuva-keliautojo-po-silales-krasta-zinynas\/#primaryimage\",\"url\":\"https:\/\/skaitytaknyga.lt\/wp-content\/uploads\/2025\/11\/Siaures-Karsuva.-Keliautojo-po-Silales-krasta-zinynas-1.webp\",\"contentUrl\":\"https:\/\/skaitytaknyga.lt\/wp-content\/uploads\/2025\/11\/Siaures-Karsuva.-Keliautojo-po-Silales-krasta-zinynas-1.webp\",\"width\":300,\"height\":513,\"caption\":\"\u0160iaur\u0117s Kar\u0161uva. Keliautojo po \u0160ilal\u0117s kra\u0161t\u0105 \u017einynas\"},{\"@type\":\"BreadcrumbList\",\"@id\":\"https:\/\/skaitytaknyga.lt\/produktas\/siaures-karsuva-keliautojo-po-silales-krasta-zinynas\/#breadcrumb\",\"itemListElement\":[{\"@type\":\"ListItem\",\"position\":1,\"name\":\"Home\",\"item\":\"https:\/\/skaitytaknyga.lt\/\"},{\"@type\":\"ListItem\",\"position\":2,\"name\":\"Parduotuv\u0117\",\"item\":\"https:\/\/skaitytaknyga.lt\/knygu-parduotuve\/\"},{\"@type\":\"ListItem\",\"position\":3,\"name\":\"\u0160iaur\u0117s Kar\u0161uva. Keliautojo po \u0160ilal\u0117s kra\u0161t\u0105 \u017einynas\"}]},{\"@type\":\"WebSite\",\"@id\":\"https:\/\/skaitytaknyga.lt\/#website\",\"url\":\"https:\/\/skaitytaknyga.lt\/\",\"name\":\"skaitytaknyga.lt\",\"description\":\"Skaitytaknyga.lt \u2013 tai ma\u017eas \u0161eimos verslas, kuris prasid\u0117jo nuo meil\u0117s knygoms ir siekio i\u0161gelb\u0117ti knygas nuo likimo prie konteinerio. Kas vienam nereikalingas daiktas \u2013 kitam lobis, o mes esame tarpininkai, kurie padeda abiems tapti laimingesniems ???? \u017dinome kaip nelengva i\u0161gyventi ma\u017eiems verslams, tad nuo \u0161iol, \u010dia rasite ir kit\u0173, ma\u017e\u0173 \u0161eim\u0173 versl\u0173, rank\u0173 darbo, dovan\u0173 sau ir artimiesiems.\",\"publisher\":{\"@id\":\"https:\/\/skaitytaknyga.lt\/#organization\"},\"potentialAction\":[{\"@type\":\"SearchAction\",\"target\":{\"@type\":\"EntryPoint\",\"urlTemplate\":\"https:\/\/skaitytaknyga.lt\/?s={search_term_string}\"},\"query-input\":{\"@type\":\"PropertyValueSpecification\",\"valueRequired\":true,\"valueName\":\"search_term_string\"}}],\"inLanguage\":\"en-GB\"},{\"@type\":\"Organization\",\"@id\":\"https:\/\/skaitytaknyga.lt\/#organization\",\"name\":\"skaitytaknyga.lt\",\"url\":\"https:\/\/skaitytaknyga.lt\/\",\"logo\":{\"@type\":\"ImageObject\",\"inLanguage\":\"en-GB\",\"@id\":\"https:\/\/skaitytaknyga.lt\/#\/schema\/logo\/image\/\",\"url\":\"https:\/\/skaitytaknyga.lt\/wp-content\/uploads\/2024\/05\/cropped-cropped-cropped-02_00843_jt3bggkj1j3HLc7SyY6rEUpg.jpeg\",\"contentUrl\":\"https:\/\/skaitytaknyga.lt\/wp-content\/uploads\/2024\/05\/cropped-cropped-cropped-02_00843_jt3bggkj1j3HLc7SyY6rEUpg.jpeg\",\"width\":1600,\"height\":1600,\"caption\":\"skaitytaknyga.lt\"},\"image\":{\"@id\":\"https:\/\/skaitytaknyga.lt\/#\/schema\/logo\/image\/\"},\"sameAs\":[\"https:\/\/www.facebook.com\/skaitytaknyga\/\"]}]}<\/script>\n<!-- \/ Yoast SEO plugin. -->","yoast_head_json":{"title":"\u0160iaur\u0117s Kar\u0161uva. Keliautojo po \u0160ilal\u0117s kra\u0161t\u0105 \u017einynas","description":"\u017dinynas \u201e\u0160iaur\u0117s Kar\u0161uva\u201c skiriamas pa\u017eintinio-kult\u016brinio turizmo m\u0117g\u0117jams (ypa\u010d \u2013 m\u0117gstantiems keliauti savaranki\u0161kai), taip pat visiems, besidomintiems","robots":{"index":"index","follow":"follow","max-snippet":"max-snippet:-1","max-image-preview":"max-image-preview:large","max-video-preview":"max-video-preview:-1"},"canonical":"https:\/\/skaitytaknyga.lt\/en\/produktas\/siaures-karsuva-keliautojo-po-silales-krasta-zinynas\/","og_locale":"en_GB","og_type":"article","og_title":"[:lt]\u0160iaur\u0117s Kar\u0161uva. Keliautojo po \u0160ilal\u0117s kra\u0161t\u0105 \u017einynas[:] - Skaitytaknyga","og_description":"\u017dinynas \u201e\u0160iaur\u0117s Kar\u0161uva\u201c skiriamas pa\u017eintinio-kult\u016brinio turizmo m\u0117g\u0117jams (ypa\u010d \u2013 m\u0117gstantiems keliauti savaranki\u0161kai), taip pat visiems, besidomintiems","og_url":"https:\/\/skaitytaknyga.lt\/en\/produktas\/siaures-karsuva-keliautojo-po-silales-krasta-zinynas\/","og_site_name":"Skaitytaknyga","article_publisher":"https:\/\/www.facebook.com\/skaitytaknyga\/","article_modified_time":"2026-03-18T12:59:41+00:00","og_image":[{"width":300,"height":513,"url":"https:\/\/skaitytaknyga.lt\/wp-content\/uploads\/2025\/11\/Siaures-Karsuva.-Keliautojo-po-Silales-krasta-zinynas-1.webp","type":"image\/webp"}],"twitter_card":"summary_large_image","twitter_misc":{"Estimated reading time":"1 minute"},"schema":{"@context":"https:\/\/schema.org","@graph":[{"@type":"WebPage","@id":"https:\/\/skaitytaknyga.lt\/produktas\/siaures-karsuva-keliautojo-po-silales-krasta-zinynas\/","url":"https:\/\/skaitytaknyga.lt\/produktas\/siaures-karsuva-keliautojo-po-silales-krasta-zinynas\/","name":"\u0160iaur\u0117s Kar\u0161uva. Keliautojo po \u0160ilal\u0117s kra\u0161t\u0105 \u017einynas","isPartOf":{"@id":"https:\/\/skaitytaknyga.lt\/#website"},"primaryImageOfPage":{"@id":"https:\/\/skaitytaknyga.lt\/produktas\/siaures-karsuva-keliautojo-po-silales-krasta-zinynas\/#primaryimage"},"image":{"@id":"https:\/\/skaitytaknyga.lt\/produktas\/siaures-karsuva-keliautojo-po-silales-krasta-zinynas\/#primaryimage"},"thumbnailUrl":"https:\/\/skaitytaknyga.lt\/wp-content\/uploads\/2025\/11\/Siaures-Karsuva.-Keliautojo-po-Silales-krasta-zinynas-1.webp","datePublished":"2025-11-23T11:18:36+00:00","dateModified":"2026-03-18T12:59:41+00:00","description":"\u017dinynas \u201e\u0160iaur\u0117s Kar\u0161uva\u201c skiriamas pa\u017eintinio-kult\u016brinio turizmo m\u0117g\u0117jams (ypa\u010d \u2013 m\u0117gstantiems keliauti savaranki\u0161kai), taip pat visiems, besidomintiems","breadcrumb":{"@id":"https:\/\/skaitytaknyga.lt\/produktas\/siaures-karsuva-keliautojo-po-silales-krasta-zinynas\/#breadcrumb"},"inLanguage":"en-GB","potentialAction":[{"@type":"ReadAction","target":["https:\/\/skaitytaknyga.lt\/produktas\/siaures-karsuva-keliautojo-po-silales-krasta-zinynas\/"]}]},{"@type":"ImageObject","inLanguage":"en-GB","@id":"https:\/\/skaitytaknyga.lt\/produktas\/siaures-karsuva-keliautojo-po-silales-krasta-zinynas\/#primaryimage","url":"https:\/\/skaitytaknyga.lt\/wp-content\/uploads\/2025\/11\/Siaures-Karsuva.-Keliautojo-po-Silales-krasta-zinynas-1.webp","contentUrl":"https:\/\/skaitytaknyga.lt\/wp-content\/uploads\/2025\/11\/Siaures-Karsuva.-Keliautojo-po-Silales-krasta-zinynas-1.webp","width":300,"height":513,"caption":"\u0160iaur\u0117s Kar\u0161uva. Keliautojo po \u0160ilal\u0117s kra\u0161t\u0105 \u017einynas"},{"@type":"BreadcrumbList","@id":"https:\/\/skaitytaknyga.lt\/produktas\/siaures-karsuva-keliautojo-po-silales-krasta-zinynas\/#breadcrumb","itemListElement":[{"@type":"ListItem","position":1,"name":"Home","item":"https:\/\/skaitytaknyga.lt\/"},{"@type":"ListItem","position":2,"name":"Parduotuv\u0117","item":"https:\/\/skaitytaknyga.lt\/knygu-parduotuve\/"},{"@type":"ListItem","position":3,"name":"\u0160iaur\u0117s Kar\u0161uva. Keliautojo po \u0160ilal\u0117s kra\u0161t\u0105 \u017einynas"}]},{"@type":"WebSite","@id":"https:\/\/skaitytaknyga.lt\/#website","url":"https:\/\/skaitytaknyga.lt\/","name":"skaitytaknyga.lt","description":"Skaitytaknyga.lt \u2013 tai ma\u017eas \u0161eimos verslas, kuris prasid\u0117jo nuo meil\u0117s knygoms ir siekio i\u0161gelb\u0117ti knygas nuo likimo prie konteinerio. Kas vienam nereikalingas daiktas \u2013 kitam lobis, o mes esame tarpininkai, kurie padeda abiems tapti laimingesniems ???? \u017dinome kaip nelengva i\u0161gyventi ma\u017eiems verslams, tad nuo \u0161iol, \u010dia rasite ir kit\u0173, ma\u017e\u0173 \u0161eim\u0173 versl\u0173, rank\u0173 darbo, dovan\u0173 sau ir artimiesiems.","publisher":{"@id":"https:\/\/skaitytaknyga.lt\/#organization"},"potentialAction":[{"@type":"SearchAction","target":{"@type":"EntryPoint","urlTemplate":"https:\/\/skaitytaknyga.lt\/?s={search_term_string}"},"query-input":{"@type":"PropertyValueSpecification","valueRequired":true,"valueName":"search_term_string"}}],"inLanguage":"en-GB"},{"@type":"Organization","@id":"https:\/\/skaitytaknyga.lt\/#organization","name":"skaitytaknyga.lt","url":"https:\/\/skaitytaknyga.lt\/","logo":{"@type":"ImageObject","inLanguage":"en-GB","@id":"https:\/\/skaitytaknyga.lt\/#\/schema\/logo\/image\/","url":"https:\/\/skaitytaknyga.lt\/wp-content\/uploads\/2024\/05\/cropped-cropped-cropped-02_00843_jt3bggkj1j3HLc7SyY6rEUpg.jpeg","contentUrl":"https:\/\/skaitytaknyga.lt\/wp-content\/uploads\/2024\/05\/cropped-cropped-cropped-02_00843_jt3bggkj1j3HLc7SyY6rEUpg.jpeg","width":1600,"height":1600,"caption":"skaitytaknyga.lt"},"image":{"@id":"https:\/\/skaitytaknyga.lt\/#\/schema\/logo\/image\/"},"sameAs":["https:\/\/www.facebook.com\/skaitytaknyga\/"]}]}},"_links":{"self":[{"href":"https:\/\/skaitytaknyga.lt\/en\/wp-json\/wp\/v2\/product\/22080","targetHints":{"allow":["GET"]}}],"collection":[{"href":"https:\/\/skaitytaknyga.lt\/en\/wp-json\/wp\/v2\/product"}],"about":[{"href":"https:\/\/skaitytaknyga.lt\/en\/wp-json\/wp\/v2\/types\/product"}],"replies":[{"embeddable":true,"href":"https:\/\/skaitytaknyga.lt\/en\/wp-json\/wp\/v2\/comments?post=22080"}],"wp:featuredmedia":[{"embeddable":true,"href":"https:\/\/skaitytaknyga.lt\/en\/wp-json\/wp\/v2\/media\/22085"}],"wp:attachment":[{"href":"https:\/\/skaitytaknyga.lt\/en\/wp-json\/wp\/v2\/media?parent=22080"}],"wp:term":[{"taxonomy":"product_brand","embeddable":true,"href":"https:\/\/skaitytaknyga.lt\/en\/wp-json\/wp\/v2\/product_brand?post=22080"},{"taxonomy":"product_cat","embeddable":true,"href":"https:\/\/skaitytaknyga.lt\/en\/wp-json\/wp\/v2\/product_cat?post=22080"},{"taxonomy":"product_tag","embeddable":true,"href":"https:\/\/skaitytaknyga.lt\/en\/wp-json\/wp\/v2\/product_tag?post=22080"}],"curies":[{"name":"wp","href":"https:\/\/api.w.org\/{rel}","templated":true}]}}