{"id":22071,"date":"2025-11-23T13:02:05","date_gmt":"2025-11-23T11:02:05","guid":{"rendered":"https:\/\/skaitytaknyga.lt\/?post_type=product&#038;p=22071"},"modified":"2026-03-18T13:15:52","modified_gmt":"2026-03-18T11:15:52","slug":"fermentu-faktorius","status":"publish","type":"product","link":"https:\/\/skaitytaknyga.lt\/en\/produktas\/fermentu-faktorius\/","title":{"rendered":"Ferment\u0173 faktorius"},"content":{"rendered":"<p>Tarptautinis bestseleris  \u201eFerment\u0173 faktorius\u201c \u2013 tai ateities mityba, kuri saugo nuo i\u0161emin\u0117s \u0161irdies ligos, gydys v\u0117\u017e\u012f, stabdys II tipo cukralig\u0119. Fermentai \u2013 tai raktas \u012f sveik\u0105 j\u016bs\u0173 gyvenim\u0105.<br \/>\nVienas garsiausi\u0173 Amerikos gastroenterolog\u0173, medicinos moksl\u0173 daktaras Hiromi Shinya pataria, kaip apr\u016bpinti organizm\u0105 fermentais, kad nereik\u0117t\u0173 gydyti vaistais arba operacija vadinam\u0173j\u0173 vyresnio am\u017eiaus \u017emoni\u0173 lig\u0173, k\u0105 valgyti, k\u0105 gerti ir kaip gyventi. Daugelis jo atrast\u0173 duomen\u0173 yra kitokie, negu \u012fprasta manyti. Ferment\u0173 faktoriuje su\u017einosite, kod\u0117l:<br \/>\n&#8211; Nutuk\u0119 \u017emon\u0117s fakti\u0161kai badauja<br \/>\n&#8211; Antacidai blogina skrand\u017eio b\u016bkl\u0119<br \/>\n&#8211; V\u0117\u017eiui i\u0161gydyti nepakanka operacijos ir vaist\u0173<br \/>\n&#8211; Vaistai gali dar labiau susargdinti<br \/>\n&#8211; Net per daug stengiantis gali nepavykti pasiekti ger\u0173 rezultat\u0173<\/p>\n<p>Dr. Shinya\u2019os teorija tur\u0117t\u0173 \u012ftikinti skeptikus ir pagyvinti debatus apie mitybos reik\u0161m\u0119 sveikatos apsaugai. Shinya parodo, kod\u0117l:<\/p>\n<p>&#8211;  Medicinos specializacija turi neigiamos \u012ftakos sveikatos apsaugai<br \/>\n&#8211;  V\u0117\u017e\u012f, i\u0161emin\u0119 \u0161irdies lig\u0105, hipertenzij\u0105, II tipo cukralig\u0119 lemia ne paveldimumas<br \/>\n&#8211;  Kalcio papildai ir pieno produktai gali lemti osteoporoz\u0119<br \/>\n&#8211;  \u017dmogaus organizmas sukurtas taip, kad gydyt\u0173 pats save<br \/>\n&#8211;  Ne\u017einojimas mus susargdina.<\/p>\n<p>Knyga Ferment\u0173 faktorius privert\u0117 pakeisti supratim\u0105 apie \u017emogaus organizm\u0105, mityb\u0105, medicin\u0105 ir sveikat\u0105.<\/p>\n","protected":false},"excerpt":{"rendered":"<p>Tarptautinis bestseleris \u201eFerment\u0173 faktorius\u201c \u2013 tai ateities mityba, kuri saugo nuo i\u0161emin\u0117s \u0161irdies ligos, gydys v\u0117\u017e\u012f, stabdys II tipo cukralig\u0119. Fermentai \u2013 tai raktas \u012f sveik\u0105 j\u016bs\u0173 gyvenim\u0105. Vienas garsiausi\u0173 Amerikos gastroenterolog\u0173, medicinos moksl\u0173 daktaras Hiromi Shinya pataria, kaip apr\u016bpinti organizm\u0105 fermentais, kad nereik\u0117t\u0173 gydyti vaistais arba operacija vadinam\u0173j\u0173 vyresnio am\u017eiaus \u017emoni\u0173 lig\u0173, k\u0105 valgyti, k\u0105 gerti ir kaip gyventi. Daugelis jo atrast\u0173 duomen\u0173 yra kitokie, negu \u012fprasta manyti. Ferment\u0173 faktoriuje su\u017einosite, kod\u0117l: &#8211; Nutuk\u0119 \u017emon\u0117s fakti\u0161kai badauja &#8211; Antacidai blogina skrand\u017eio b\u016bkl\u0119 &#8211; V\u0117\u017eiui i\u0161gydyti nepakanka operacijos ir vaist\u0173 &#8211; Vaistai gali dar labiau susargdinti &#8211; Net per daug stengiantis gali nepavykti pasiekti ger\u0173 rezultat\u0173 Dr. Shinya\u2019os teorija tur\u0117t\u0173 \u012ftikinti skeptikus ir pagyvinti debatus apie mitybos reik\u0161m\u0119 sveikatos apsaugai. Shinya parodo, kod\u0117l: &#8211; Medicinos specializacija turi neigiamos \u012ftakos sveikatos apsaugai &#8211; V\u0117\u017e\u012f, i\u0161emin\u0119 \u0161irdies lig\u0105, hipertenzij\u0105, II tipo cukralig\u0119 lemia ne paveldimumas &#8211; Kalcio papildai ir pieno produktai gali lemti osteoporoz\u0119 &#8211; \u017dmogaus organizmas sukurtas taip, kad gydyt\u0173 pats save &#8211; Ne\u017einojimas mus susargdina. Knyga Ferment\u0173 faktorius privert\u0117 pakeisti supratim\u0105 apie \u017emogaus organizm\u0105, mityb\u0105, medicin\u0105 ir sveikat\u0105.<\/p>\n","protected":false},"featured_media":22077,"comment_status":"open","ping_status":"closed","template":"","meta":{"_acf_changed":false,"site-sidebar-layout":"default","site-content-layout":"","ast-site-content-layout":"default","site-content-style":"default","site-sidebar-style":"default","ast-global-header-display":"","ast-banner-title-visibility":"","ast-main-header-display":"","ast-hfb-above-header-display":"","ast-hfb-below-header-display":"","ast-hfb-mobile-header-display":"","site-post-title":"","ast-breadcrumbs-content":"","ast-featured-img":"","footer-sml-layout":"","ast-disable-related-posts":"","theme-transparent-header-meta":"","adv-header-id-meta":"","stick-header-meta":"","header-above-stick-meta":"","header-main-stick-meta":"","header-below-stick-meta":"","astra-migrate-meta-layouts":"default","ast-page-background-enabled":"default","ast-page-background-meta":{"desktop":{"background-color":"","background-image":"","background-repeat":"repeat","background-position":"center center","background-size":"auto","background-attachment":"scroll","background-type":"","background-media":"","overlay-type":"","overlay-color":"","overlay-opacity":"","overlay-gradient":""},"tablet":{"background-color":"","background-image":"","background-repeat":"repeat","background-position":"center center","background-size":"auto","background-attachment":"scroll","background-type":"","background-media":"","overlay-type":"","overlay-color":"","overlay-opacity":"","overlay-gradient":""},"mobile":{"background-color":"","background-image":"","background-repeat":"repeat","background-position":"center center","background-size":"auto","background-attachment":"scroll","background-type":"","background-media":"","overlay-type":"","overlay-color":"","overlay-opacity":"","overlay-gradient":""}},"ast-content-background-meta":{"desktop":{"background-color":"var(--ast-global-color-4)","background-image":"","background-repeat":"repeat","background-position":"center center","background-size":"auto","background-attachment":"scroll","background-type":"","background-media":"","overlay-type":"","overlay-color":"","overlay-opacity":"","overlay-gradient":""},"tablet":{"background-color":"var(--ast-global-color-4)","background-image":"","background-repeat":"repeat","background-position":"center center","background-size":"auto","background-attachment":"scroll","background-type":"","background-media":"","overlay-type":"","overlay-color":"","overlay-opacity":"","overlay-gradient":""},"mobile":{"background-color":"var(--ast-global-color-4)","background-image":"","background-repeat":"repeat","background-position":"center center","background-size":"auto","background-attachment":"scroll","background-type":"","background-media":"","overlay-type":"","overlay-color":"","overlay-opacity":"","overlay-gradient":""}}},"product_brand":[],"product_cat":[9854,55],"product_tag":[],"class_list":{"0":"post-22071","1":"product","2":"type-product","3":"status-publish","4":"has-post-thumbnail","6":"product_cat-medicina","7":"product_cat-sveikata-ir-sveika-mityba","8":"desktop-align-left","9":"tablet-align-left","10":"mobile-align-left","12":"first","13":"instock","14":"shipping-taxable","15":"purchasable","16":"product-type-simple"},"acf":[],"yoast_head":"<!-- This site is optimized with the Yoast SEO plugin v27.0 - https:\/\/yoast.com\/product\/yoast-seo-wordpress\/ -->\n<title>Ferment\u0173 faktorius<\/title>\n<meta name=\"description\" content=\"Tarptautinis bestseleris \u201eFerment\u0173 faktorius\u201c \u2013 tai ateities mityba, kuri saugo nuo i\u0161emin\u0117s \u0161irdies ligos, gydys v\u0117\u017e\u012f, stabdys II tipo cukralig\u0119.\" \/>\n<meta name=\"robots\" content=\"index, follow, max-snippet:-1, max-image-preview:large, max-video-preview:-1\" \/>\n<link rel=\"canonical\" href=\"https:\/\/skaitytaknyga.lt\/en\/produktas\/fermentu-faktorius\/\" \/>\n<meta property=\"og:locale\" content=\"en_GB\" \/>\n<meta property=\"og:locale:alternate\" content=\"lt_LT\" \/>\n<meta property=\"og:type\" content=\"article\" \/>\n<meta property=\"og:title\" content=\"Ferment\u0173 faktorius\" \/>\n<meta property=\"og:description\" content=\"Tarptautinis bestseleris \u201eFerment\u0173 faktorius\u201c \u2013 tai ateities mityba, kuri saugo nuo i\u0161emin\u0117s \u0161irdies ligos, gydys v\u0117\u017e\u012f, stabdys II tipo cukralig\u0119.\" \/>\n<meta property=\"og:url\" content=\"https:\/\/skaitytaknyga.lt\/en\/produktas\/fermentu-faktorius\/\" \/>\n<meta property=\"og:site_name\" content=\"Skaitytaknyga\" \/>\n<meta property=\"article:publisher\" content=\"https:\/\/www.facebook.com\/skaitytaknyga\/\" \/>\n<meta property=\"article:modified_time\" content=\"2026-03-18T11:15:52+00:00\" \/>\n<meta property=\"og:image\" content=\"https:\/\/skaitytaknyga.lt\/wp-content\/uploads\/2025\/11\/Fermentu-faktorius-1.webp\" \/>\n\t<meta property=\"og:image:width\" content=\"300\" \/>\n\t<meta property=\"og:image:height\" content=\"453\" \/>\n\t<meta property=\"og:image:type\" content=\"image\/webp\" \/>\n<meta name=\"twitter:card\" content=\"summary_large_image\" \/>\n<meta name=\"twitter:label1\" content=\"Estimated reading time\" \/>\n\t<meta name=\"twitter:data1\" content=\"1 minute\" \/>\n<script type=\"application\/ld+json\" class=\"yoast-schema-graph\">{\"@context\":\"https:\/\/schema.org\",\"@graph\":[{\"@type\":\"WebPage\",\"@id\":\"https:\/\/skaitytaknyga.lt\/produktas\/fermentu-faktorius\/\",\"url\":\"https:\/\/skaitytaknyga.lt\/produktas\/fermentu-faktorius\/\",\"name\":\"Ferment\u0173 faktorius\",\"isPartOf\":{\"@id\":\"https:\/\/skaitytaknyga.lt\/#website\"},\"primaryImageOfPage\":{\"@id\":\"https:\/\/skaitytaknyga.lt\/produktas\/fermentu-faktorius\/#primaryimage\"},\"image\":{\"@id\":\"https:\/\/skaitytaknyga.lt\/produktas\/fermentu-faktorius\/#primaryimage\"},\"thumbnailUrl\":\"https:\/\/skaitytaknyga.lt\/wp-content\/uploads\/2025\/11\/Fermentu-faktorius-1.webp\",\"datePublished\":\"2025-11-23T11:02:05+00:00\",\"dateModified\":\"2026-03-18T11:15:52+00:00\",\"description\":\"Tarptautinis bestseleris \u201eFerment\u0173 faktorius\u201c \u2013 tai ateities mityba, kuri saugo nuo i\u0161emin\u0117s \u0161irdies ligos, gydys v\u0117\u017e\u012f, stabdys II tipo cukralig\u0119.\",\"breadcrumb\":{\"@id\":\"https:\/\/skaitytaknyga.lt\/produktas\/fermentu-faktorius\/#breadcrumb\"},\"inLanguage\":\"en-GB\",\"potentialAction\":[{\"@type\":\"ReadAction\",\"target\":[\"https:\/\/skaitytaknyga.lt\/produktas\/fermentu-faktorius\/\"]}]},{\"@type\":\"ImageObject\",\"inLanguage\":\"en-GB\",\"@id\":\"https:\/\/skaitytaknyga.lt\/produktas\/fermentu-faktorius\/#primaryimage\",\"url\":\"https:\/\/skaitytaknyga.lt\/wp-content\/uploads\/2025\/11\/Fermentu-faktorius-1.webp\",\"contentUrl\":\"https:\/\/skaitytaknyga.lt\/wp-content\/uploads\/2025\/11\/Fermentu-faktorius-1.webp\",\"width\":300,\"height\":453,\"caption\":\"Ferment\u0173 faktorius\"},{\"@type\":\"BreadcrumbList\",\"@id\":\"https:\/\/skaitytaknyga.lt\/produktas\/fermentu-faktorius\/#breadcrumb\",\"itemListElement\":[{\"@type\":\"ListItem\",\"position\":1,\"name\":\"Home\",\"item\":\"https:\/\/skaitytaknyga.lt\/\"},{\"@type\":\"ListItem\",\"position\":2,\"name\":\"Parduotuv\u0117\",\"item\":\"https:\/\/skaitytaknyga.lt\/knygu-parduotuve\/\"},{\"@type\":\"ListItem\",\"position\":3,\"name\":\"Ferment\u0173 faktorius\"}]},{\"@type\":\"WebSite\",\"@id\":\"https:\/\/skaitytaknyga.lt\/#website\",\"url\":\"https:\/\/skaitytaknyga.lt\/\",\"name\":\"skaitytaknyga.lt\",\"description\":\"Skaitytaknyga.lt \u2013 tai ma\u017eas \u0161eimos verslas, kuris prasid\u0117jo nuo meil\u0117s knygoms ir siekio i\u0161gelb\u0117ti knygas nuo likimo prie konteinerio. Kas vienam nereikalingas daiktas \u2013 kitam lobis, o mes esame tarpininkai, kurie padeda abiems tapti laimingesniems ???? \u017dinome kaip nelengva i\u0161gyventi ma\u017eiems verslams, tad nuo \u0161iol, \u010dia rasite ir kit\u0173, ma\u017e\u0173 \u0161eim\u0173 versl\u0173, rank\u0173 darbo, dovan\u0173 sau ir artimiesiems.\",\"publisher\":{\"@id\":\"https:\/\/skaitytaknyga.lt\/#organization\"},\"potentialAction\":[{\"@type\":\"SearchAction\",\"target\":{\"@type\":\"EntryPoint\",\"urlTemplate\":\"https:\/\/skaitytaknyga.lt\/?s={search_term_string}\"},\"query-input\":{\"@type\":\"PropertyValueSpecification\",\"valueRequired\":true,\"valueName\":\"search_term_string\"}}],\"inLanguage\":\"en-GB\"},{\"@type\":\"Organization\",\"@id\":\"https:\/\/skaitytaknyga.lt\/#organization\",\"name\":\"skaitytaknyga.lt\",\"url\":\"https:\/\/skaitytaknyga.lt\/\",\"logo\":{\"@type\":\"ImageObject\",\"inLanguage\":\"en-GB\",\"@id\":\"https:\/\/skaitytaknyga.lt\/#\/schema\/logo\/image\/\",\"url\":\"https:\/\/skaitytaknyga.lt\/wp-content\/uploads\/2024\/05\/cropped-cropped-cropped-02_00843_jt3bggkj1j3HLc7SyY6rEUpg.jpeg\",\"contentUrl\":\"https:\/\/skaitytaknyga.lt\/wp-content\/uploads\/2024\/05\/cropped-cropped-cropped-02_00843_jt3bggkj1j3HLc7SyY6rEUpg.jpeg\",\"width\":1600,\"height\":1600,\"caption\":\"skaitytaknyga.lt\"},\"image\":{\"@id\":\"https:\/\/skaitytaknyga.lt\/#\/schema\/logo\/image\/\"},\"sameAs\":[\"https:\/\/www.facebook.com\/skaitytaknyga\/\"]}]}<\/script>\n<!-- \/ Yoast SEO plugin. -->","yoast_head_json":{"title":"Ferment\u0173 faktorius","description":"Tarptautinis bestseleris \u201eFerment\u0173 faktorius\u201c \u2013 tai ateities mityba, kuri saugo nuo i\u0161emin\u0117s \u0161irdies ligos, gydys v\u0117\u017e\u012f, stabdys II tipo cukralig\u0119.","robots":{"index":"index","follow":"follow","max-snippet":"max-snippet:-1","max-image-preview":"max-image-preview:large","max-video-preview":"max-video-preview:-1"},"canonical":"https:\/\/skaitytaknyga.lt\/en\/produktas\/fermentu-faktorius\/","og_locale":"en_GB","og_type":"article","og_title":"[:lt]Ferment\u0173 faktorius[:] - Skaitytaknyga","og_description":"Tarptautinis bestseleris \u201eFerment\u0173 faktorius\u201c \u2013 tai ateities mityba, kuri saugo nuo i\u0161emin\u0117s \u0161irdies ligos, gydys v\u0117\u017e\u012f, stabdys II tipo cukralig\u0119.","og_url":"https:\/\/skaitytaknyga.lt\/en\/produktas\/fermentu-faktorius\/","og_site_name":"Skaitytaknyga","article_publisher":"https:\/\/www.facebook.com\/skaitytaknyga\/","article_modified_time":"2026-03-18T11:15:52+00:00","og_image":[{"width":300,"height":453,"url":"https:\/\/skaitytaknyga.lt\/wp-content\/uploads\/2025\/11\/Fermentu-faktorius-1.webp","type":"image\/webp"}],"twitter_card":"summary_large_image","twitter_misc":{"Estimated reading time":"1 minute"},"schema":{"@context":"https:\/\/schema.org","@graph":[{"@type":"WebPage","@id":"https:\/\/skaitytaknyga.lt\/produktas\/fermentu-faktorius\/","url":"https:\/\/skaitytaknyga.lt\/produktas\/fermentu-faktorius\/","name":"Ferment\u0173 faktorius","isPartOf":{"@id":"https:\/\/skaitytaknyga.lt\/#website"},"primaryImageOfPage":{"@id":"https:\/\/skaitytaknyga.lt\/produktas\/fermentu-faktorius\/#primaryimage"},"image":{"@id":"https:\/\/skaitytaknyga.lt\/produktas\/fermentu-faktorius\/#primaryimage"},"thumbnailUrl":"https:\/\/skaitytaknyga.lt\/wp-content\/uploads\/2025\/11\/Fermentu-faktorius-1.webp","datePublished":"2025-11-23T11:02:05+00:00","dateModified":"2026-03-18T11:15:52+00:00","description":"Tarptautinis bestseleris \u201eFerment\u0173 faktorius\u201c \u2013 tai ateities mityba, kuri saugo nuo i\u0161emin\u0117s \u0161irdies ligos, gydys v\u0117\u017e\u012f, stabdys II tipo cukralig\u0119.","breadcrumb":{"@id":"https:\/\/skaitytaknyga.lt\/produktas\/fermentu-faktorius\/#breadcrumb"},"inLanguage":"en-GB","potentialAction":[{"@type":"ReadAction","target":["https:\/\/skaitytaknyga.lt\/produktas\/fermentu-faktorius\/"]}]},{"@type":"ImageObject","inLanguage":"en-GB","@id":"https:\/\/skaitytaknyga.lt\/produktas\/fermentu-faktorius\/#primaryimage","url":"https:\/\/skaitytaknyga.lt\/wp-content\/uploads\/2025\/11\/Fermentu-faktorius-1.webp","contentUrl":"https:\/\/skaitytaknyga.lt\/wp-content\/uploads\/2025\/11\/Fermentu-faktorius-1.webp","width":300,"height":453,"caption":"Ferment\u0173 faktorius"},{"@type":"BreadcrumbList","@id":"https:\/\/skaitytaknyga.lt\/produktas\/fermentu-faktorius\/#breadcrumb","itemListElement":[{"@type":"ListItem","position":1,"name":"Home","item":"https:\/\/skaitytaknyga.lt\/"},{"@type":"ListItem","position":2,"name":"Parduotuv\u0117","item":"https:\/\/skaitytaknyga.lt\/knygu-parduotuve\/"},{"@type":"ListItem","position":3,"name":"Ferment\u0173 faktorius"}]},{"@type":"WebSite","@id":"https:\/\/skaitytaknyga.lt\/#website","url":"https:\/\/skaitytaknyga.lt\/","name":"skaitytaknyga.lt","description":"Skaitytaknyga.lt \u2013 tai ma\u017eas \u0161eimos verslas, kuris prasid\u0117jo nuo meil\u0117s knygoms ir siekio i\u0161gelb\u0117ti knygas nuo likimo prie konteinerio. Kas vienam nereikalingas daiktas \u2013 kitam lobis, o mes esame tarpininkai, kurie padeda abiems tapti laimingesniems ???? \u017dinome kaip nelengva i\u0161gyventi ma\u017eiems verslams, tad nuo \u0161iol, \u010dia rasite ir kit\u0173, ma\u017e\u0173 \u0161eim\u0173 versl\u0173, rank\u0173 darbo, dovan\u0173 sau ir artimiesiems.","publisher":{"@id":"https:\/\/skaitytaknyga.lt\/#organization"},"potentialAction":[{"@type":"SearchAction","target":{"@type":"EntryPoint","urlTemplate":"https:\/\/skaitytaknyga.lt\/?s={search_term_string}"},"query-input":{"@type":"PropertyValueSpecification","valueRequired":true,"valueName":"search_term_string"}}],"inLanguage":"en-GB"},{"@type":"Organization","@id":"https:\/\/skaitytaknyga.lt\/#organization","name":"skaitytaknyga.lt","url":"https:\/\/skaitytaknyga.lt\/","logo":{"@type":"ImageObject","inLanguage":"en-GB","@id":"https:\/\/skaitytaknyga.lt\/#\/schema\/logo\/image\/","url":"https:\/\/skaitytaknyga.lt\/wp-content\/uploads\/2024\/05\/cropped-cropped-cropped-02_00843_jt3bggkj1j3HLc7SyY6rEUpg.jpeg","contentUrl":"https:\/\/skaitytaknyga.lt\/wp-content\/uploads\/2024\/05\/cropped-cropped-cropped-02_00843_jt3bggkj1j3HLc7SyY6rEUpg.jpeg","width":1600,"height":1600,"caption":"skaitytaknyga.lt"},"image":{"@id":"https:\/\/skaitytaknyga.lt\/#\/schema\/logo\/image\/"},"sameAs":["https:\/\/www.facebook.com\/skaitytaknyga\/"]}]}},"_links":{"self":[{"href":"https:\/\/skaitytaknyga.lt\/en\/wp-json\/wp\/v2\/product\/22071","targetHints":{"allow":["GET"]}}],"collection":[{"href":"https:\/\/skaitytaknyga.lt\/en\/wp-json\/wp\/v2\/product"}],"about":[{"href":"https:\/\/skaitytaknyga.lt\/en\/wp-json\/wp\/v2\/types\/product"}],"replies":[{"embeddable":true,"href":"https:\/\/skaitytaknyga.lt\/en\/wp-json\/wp\/v2\/comments?post=22071"}],"wp:featuredmedia":[{"embeddable":true,"href":"https:\/\/skaitytaknyga.lt\/en\/wp-json\/wp\/v2\/media\/22077"}],"wp:attachment":[{"href":"https:\/\/skaitytaknyga.lt\/en\/wp-json\/wp\/v2\/media?parent=22071"}],"wp:term":[{"taxonomy":"product_brand","embeddable":true,"href":"https:\/\/skaitytaknyga.lt\/en\/wp-json\/wp\/v2\/product_brand?post=22071"},{"taxonomy":"product_cat","embeddable":true,"href":"https:\/\/skaitytaknyga.lt\/en\/wp-json\/wp\/v2\/product_cat?post=22071"},{"taxonomy":"product_tag","embeddable":true,"href":"https:\/\/skaitytaknyga.lt\/en\/wp-json\/wp\/v2\/product_tag?post=22071"}],"curies":[{"name":"wp","href":"https:\/\/api.w.org\/{rel}","templated":true}]}}