{"id":2207,"date":"2024-04-17T13:06:26","date_gmt":"2024-04-17T13:06:26","guid":{"rendered":"https:\/\/skaitytaknyga.lt\/?post_type=product&#038;p=2207"},"modified":"2026-03-05T16:00:57","modified_gmt":"2026-03-05T14:00:57","slug":"a-hunter-dzentlis-pajuryje","status":"publish","type":"product","link":"https:\/\/skaitytaknyga.lt\/en\/produktas\/a-hunter-dzentlis-pajuryje\/","title":{"rendered":"D\u017eentlis paj\u016bryje"},"content":{"rendered":"<p>Pa\u010diame sezono \u012fkar\u0161tyje Anglijos kurorte i\u0161vystume promenad\u0105, tilt\u0105, papl\u016bdimio sk\u0117\u010dius ir sm\u0117lio pilis statan\u010dius vaikus. Ta\u010diau ne \u0161\u012f kart\u0105 \u2013 prie j\u016bros randamas pusnuogis lavonas.<\/p>\n<p>Tirti sukre\u010dian\u010di\u0105 \u017emog\u017eudyst\u0119 paskiriamas inspektorius D\u017eord\u017eas D\u017eentlis. Suktis reikia greitai, nes poilsiautojai ir miestelio gyventojai ima panikuoti d\u0117l \u017eudiko, kuris sudrumst\u0117 kurorto ramyb\u0119. \u0160alia rasto lavono n\u0117ra joki\u0173 jo tapatyb\u0119 patvirtinan\u010di\u0173 daikt\u0173, tod\u0117l D\u017eentlis susiduria su sunkia u\u017eduotimi \u2013 i\u0161siai\u0161kinti ne tik kas yra \u017eudikas, bet ir nu\u017eudytasis. O kas gali pasakyti, ar nebus \u012fvykdyta dar viena \u017emog\u017eudyst\u0117?<\/p>\n","protected":false},"excerpt":{"rendered":"<p>Pa\u010diame sezono \u012fkar\u0161tyje Anglijos kurorte i\u0161vystume promenad\u0105, tilt\u0105, papl\u016bdimio sk\u0117\u010dius ir sm\u0117lio pilis statan\u010dius vaikus. Ta\u010diau ne \u0161\u012f kart\u0105 \u2013 prie j\u016bros randamas pusnuogis lavonas.<\/p>\n<p>Tirti sukre\u010dian\u010di\u0105 \u017emog\u017eudyst\u0119 paskiriamas inspektorius D\u017eord\u017eas D\u017eentlis. Suktis reikia greitai, nes poilsiautojai ir miestelio gyventojai ima panikuoti d\u0117l \u017eudiko, kuris sudrumst\u0117 kurorto ramyb\u0119. \u0160alia rasto lavono n\u0117ra joki\u0173 jo tapatyb\u0119 patvirtinan\u010di\u0173 daikt\u0173, tod\u0117l D\u017eentlis susiduria su sunkia u\u017eduotimi \u2013 i\u0161siai\u0161kinti ne tik kas yra \u017eudikas, bet ir nu\u017eudytasis. O kas gali pasakyti, ar nebus \u012fvykdyta dar viena \u017emog\u017eudyst\u0117?<\/p>\n","protected":false},"featured_media":2238,"comment_status":"closed","ping_status":"closed","template":"","meta":{"_acf_changed":false,"site-sidebar-layout":"default","site-content-layout":"","ast-site-content-layout":"default","site-content-style":"default","site-sidebar-style":"default","ast-global-header-display":"","ast-banner-title-visibility":"","ast-main-header-display":"","ast-hfb-above-header-display":"","ast-hfb-below-header-display":"","ast-hfb-mobile-header-display":"","site-post-title":"","ast-breadcrumbs-content":"","ast-featured-img":"","footer-sml-layout":"","ast-disable-related-posts":"","theme-transparent-header-meta":"","adv-header-id-meta":"","stick-header-meta":"","header-above-stick-meta":"","header-main-stick-meta":"","header-below-stick-meta":"","astra-migrate-meta-layouts":"default","ast-page-background-enabled":"default","ast-page-background-meta":{"desktop":{"background-color":"","background-image":"","background-repeat":"repeat","background-position":"center center","background-size":"auto","background-attachment":"scroll","background-type":"","background-media":"","overlay-type":"","overlay-color":"","overlay-opacity":"","overlay-gradient":""},"tablet":{"background-color":"","background-image":"","background-repeat":"repeat","background-position":"center center","background-size":"auto","background-attachment":"scroll","background-type":"","background-media":"","overlay-type":"","overlay-color":"","overlay-opacity":"","overlay-gradient":""},"mobile":{"background-color":"","background-image":"","background-repeat":"repeat","background-position":"center center","background-size":"auto","background-attachment":"scroll","background-type":"","background-media":"","overlay-type":"","overlay-color":"","overlay-opacity":"","overlay-gradient":""}},"ast-content-background-meta":{"desktop":{"background-color":"var(--ast-global-color-4)","background-image":"","background-repeat":"repeat","background-position":"center center","background-size":"auto","background-attachment":"scroll","background-type":"","background-media":"","overlay-type":"","overlay-color":"","overlay-opacity":"","overlay-gradient":""},"tablet":{"background-color":"var(--ast-global-color-4)","background-image":"","background-repeat":"repeat","background-position":"center center","background-size":"auto","background-attachment":"scroll","background-type":"","background-media":"","overlay-type":"","overlay-color":"","overlay-opacity":"","overlay-gradient":""},"mobile":{"background-color":"var(--ast-global-color-4)","background-image":"","background-repeat":"repeat","background-position":"center center","background-size":"auto","background-attachment":"scroll","background-type":"","background-media":"","overlay-type":"","overlay-color":"","overlay-opacity":"","overlay-gradient":""}}},"product_brand":[],"product_cat":[9581],"product_tag":[],"class_list":{"0":"post-2207","1":"product","2":"type-product","3":"status-publish","4":"has-post-thumbnail","6":"product_cat-kriminaliniai-romanai","7":"desktop-align-left","8":"tablet-align-left","9":"mobile-align-left","11":"first","12":"instock","13":"shipping-taxable","14":"purchasable","15":"product-type-simple"},"acf":[],"yoast_head":"<!-- This site is optimized with the Yoast SEO plugin v27.0 - https:\/\/yoast.com\/product\/yoast-seo-wordpress\/ -->\n<title>D\u017eentlis paj\u016bryje<\/title>\n<meta name=\"description\" content=\"Pa\u010diame sezono \u012fkar\u0161tyje Anglijos kurorte i\u0161vystume promenad\u0105, tilt\u0105, papl\u016bdimio sk\u0117\u010dius ir sm\u0117lio pilis statan\u010dius vaikus. Ta\u010diau ne \u0161\u012f kart\u0105 \u2013 prie j\u016bros randamas pusnuogis lavonas.  Tirti sukre\u010dian\u010di\u0105 \u017emog\u017eudyst\u0119 paskiriamas inspektorius D\u017eord\u017eas D\u017eentlis. Suktis reikia greitai, nes poilsiautojai ir miestelio gyventojai ima panikuoti d\u0117l \u017eudiko, kuris sudrumst\u0117 kurorto ramyb\u0119. \u0160alia rasto lavono n\u0117ra joki\u0173 jo tapatyb\u0119 patvirtinan\u010di\u0173 daikt\u0173, tod\u0117l D\u017eentlis susiduria su sunkia u\u017eduotimi \u2013 i\u0161siai\u0161kinti ne tik kas yra \u017eudikas, bet ir nu\u017eudytasis. O kas gali pasakyti, ar nebus \u012fvykdyta dar viena \u017emog\u017eudyst\u0117?\" \/>\n<meta name=\"robots\" content=\"index, follow, max-snippet:-1, max-image-preview:large, max-video-preview:-1\" \/>\n<link rel=\"canonical\" href=\"https:\/\/skaitytaknyga.lt\/en\/produktas\/a-hunter-dzentlis-pajuryje\/\" \/>\n<meta property=\"og:locale\" content=\"en_GB\" \/>\n<meta property=\"og:locale:alternate\" content=\"lt_LT\" \/>\n<meta property=\"og:type\" content=\"article\" \/>\n<meta property=\"og:title\" content=\"D\u017eentlis paj\u016bryje\" \/>\n<meta property=\"og:description\" content=\"Pa\u010diame sezono \u012fkar\u0161tyje Anglijos kurorte i\u0161vystume promenad\u0105, tilt\u0105, papl\u016bdimio sk\u0117\u010dius ir sm\u0117lio pilis statan\u010dius vaikus. Ta\u010diau ne \u0161\u012f kart\u0105 \u2013 prie j\u016bros randamas pusnuogis lavonas.  Tirti sukre\u010dian\u010di\u0105 \u017emog\u017eudyst\u0119 paskiriamas inspektorius D\u017eord\u017eas D\u017eentlis. Suktis reikia greitai, nes poilsiautojai ir miestelio gyventojai ima panikuoti d\u0117l \u017eudiko, kuris sudrumst\u0117 kurorto ramyb\u0119. \u0160alia rasto lavono n\u0117ra joki\u0173 jo tapatyb\u0119 patvirtinan\u010di\u0173 daikt\u0173, tod\u0117l D\u017eentlis susiduria su sunkia u\u017eduotimi \u2013 i\u0161siai\u0161kinti ne tik kas yra \u017eudikas, bet ir nu\u017eudytasis. O kas gali pasakyti, ar nebus \u012fvykdyta dar viena \u017emog\u017eudyst\u0117?\" \/>\n<meta property=\"og:url\" content=\"https:\/\/skaitytaknyga.lt\/en\/produktas\/a-hunter-dzentlis-pajuryje\/\" \/>\n<meta property=\"og:site_name\" content=\"Skaitytaknyga\" \/>\n<meta property=\"article:publisher\" content=\"https:\/\/www.facebook.com\/skaitytaknyga\/\" \/>\n<meta property=\"article:modified_time\" content=\"2026-03-05T14:00:57+00:00\" \/>\n<meta property=\"og:image\" content=\"https:\/\/skaitytaknyga.lt\/wp-content\/uploads\/2024\/04\/dzentlispajuryje_virselis.png\" \/>\n\t<meta property=\"og:image:width\" content=\"290\" \/>\n\t<meta property=\"og:image:height\" content=\"500\" \/>\n\t<meta property=\"og:image:type\" content=\"image\/png\" \/>\n<meta name=\"twitter:card\" content=\"summary_large_image\" \/>\n<meta name=\"twitter:label1\" content=\"Estimated reading time\" \/>\n\t<meta name=\"twitter:data1\" content=\"1 minute\" \/>\n<script type=\"application\/ld+json\" class=\"yoast-schema-graph\">{\"@context\":\"https:\/\/schema.org\",\"@graph\":[{\"@type\":\"WebPage\",\"@id\":\"https:\/\/skaitytaknyga.lt\/produktas\/a-hunter-dzentlis-pajuryje\/\",\"url\":\"https:\/\/skaitytaknyga.lt\/produktas\/a-hunter-dzentlis-pajuryje\/\",\"name\":\"D\u017eentlis paj\u016bryje\",\"isPartOf\":{\"@id\":\"https:\/\/skaitytaknyga.lt\/#website\"},\"primaryImageOfPage\":{\"@id\":\"https:\/\/skaitytaknyga.lt\/produktas\/a-hunter-dzentlis-pajuryje\/#primaryimage\"},\"image\":{\"@id\":\"https:\/\/skaitytaknyga.lt\/produktas\/a-hunter-dzentlis-pajuryje\/#primaryimage\"},\"thumbnailUrl\":\"https:\/\/skaitytaknyga.lt\/wp-content\/uploads\/2024\/04\/dzentlispajuryje_virselis.png\",\"datePublished\":\"2024-04-17T13:06:26+00:00\",\"dateModified\":\"2026-03-05T14:00:57+00:00\",\"description\":\"Pa\u010diame sezono \u012fkar\u0161tyje Anglijos kurorte i\u0161vystume promenad\u0105, tilt\u0105, papl\u016bdimio sk\u0117\u010dius ir sm\u0117lio pilis statan\u010dius vaikus. Ta\u010diau ne \u0161\u012f kart\u0105 \u2013 prie j\u016bros randamas pusnuogis lavonas. Tirti sukre\u010dian\u010di\u0105 \u017emog\u017eudyst\u0119 paskiriamas inspektorius D\u017eord\u017eas D\u017eentlis. Suktis reikia greitai, nes poilsiautojai ir miestelio gyventojai ima panikuoti d\u0117l \u017eudiko, kuris sudrumst\u0117 kurorto ramyb\u0119. \u0160alia rasto lavono n\u0117ra joki\u0173 jo tapatyb\u0119 patvirtinan\u010di\u0173 daikt\u0173, tod\u0117l D\u017eentlis susiduria su sunkia u\u017eduotimi \u2013 i\u0161siai\u0161kinti ne tik kas yra \u017eudikas, bet ir nu\u017eudytasis. O kas gali pasakyti, ar nebus \u012fvykdyta dar viena \u017emog\u017eudyst\u0117?\",\"breadcrumb\":{\"@id\":\"https:\/\/skaitytaknyga.lt\/produktas\/a-hunter-dzentlis-pajuryje\/#breadcrumb\"},\"inLanguage\":\"en-GB\",\"potentialAction\":[{\"@type\":\"ReadAction\",\"target\":[\"https:\/\/skaitytaknyga.lt\/produktas\/a-hunter-dzentlis-pajuryje\/\"]}]},{\"@type\":\"ImageObject\",\"inLanguage\":\"en-GB\",\"@id\":\"https:\/\/skaitytaknyga.lt\/produktas\/a-hunter-dzentlis-pajuryje\/#primaryimage\",\"url\":\"https:\/\/skaitytaknyga.lt\/wp-content\/uploads\/2024\/04\/dzentlispajuryje_virselis.png\",\"contentUrl\":\"https:\/\/skaitytaknyga.lt\/wp-content\/uploads\/2024\/04\/dzentlispajuryje_virselis.png\",\"width\":290,\"height\":500,\"caption\":\"dzentlispajuryje virselis\"},{\"@type\":\"BreadcrumbList\",\"@id\":\"https:\/\/skaitytaknyga.lt\/produktas\/a-hunter-dzentlis-pajuryje\/#breadcrumb\",\"itemListElement\":[{\"@type\":\"ListItem\",\"position\":1,\"name\":\"Home\",\"item\":\"https:\/\/skaitytaknyga.lt\/\"},{\"@type\":\"ListItem\",\"position\":2,\"name\":\"Parduotuv\u0117\",\"item\":\"https:\/\/skaitytaknyga.lt\/knygu-parduotuve\/\"},{\"@type\":\"ListItem\",\"position\":3,\"name\":\"D\u017eentlis paj\u016bryje\"}]},{\"@type\":\"WebSite\",\"@id\":\"https:\/\/skaitytaknyga.lt\/#website\",\"url\":\"https:\/\/skaitytaknyga.lt\/\",\"name\":\"skaitytaknyga.lt\",\"description\":\"Skaitytaknyga.lt \u2013 tai ma\u017eas \u0161eimos verslas, kuris prasid\u0117jo nuo meil\u0117s knygoms ir siekio i\u0161gelb\u0117ti knygas nuo likimo prie konteinerio. Kas vienam nereikalingas daiktas \u2013 kitam lobis, o mes esame tarpininkai, kurie padeda abiems tapti laimingesniems ???? \u017dinome kaip nelengva i\u0161gyventi ma\u017eiems verslams, tad nuo \u0161iol, \u010dia rasite ir kit\u0173, ma\u017e\u0173 \u0161eim\u0173 versl\u0173, rank\u0173 darbo, dovan\u0173 sau ir artimiesiems.\",\"publisher\":{\"@id\":\"https:\/\/skaitytaknyga.lt\/#organization\"},\"potentialAction\":[{\"@type\":\"SearchAction\",\"target\":{\"@type\":\"EntryPoint\",\"urlTemplate\":\"https:\/\/skaitytaknyga.lt\/?s={search_term_string}\"},\"query-input\":{\"@type\":\"PropertyValueSpecification\",\"valueRequired\":true,\"valueName\":\"search_term_string\"}}],\"inLanguage\":\"en-GB\"},{\"@type\":\"Organization\",\"@id\":\"https:\/\/skaitytaknyga.lt\/#organization\",\"name\":\"skaitytaknyga.lt\",\"url\":\"https:\/\/skaitytaknyga.lt\/\",\"logo\":{\"@type\":\"ImageObject\",\"inLanguage\":\"en-GB\",\"@id\":\"https:\/\/skaitytaknyga.lt\/#\/schema\/logo\/image\/\",\"url\":\"https:\/\/skaitytaknyga.lt\/wp-content\/uploads\/2024\/05\/cropped-cropped-cropped-02_00843_jt3bggkj1j3HLc7SyY6rEUpg.jpeg\",\"contentUrl\":\"https:\/\/skaitytaknyga.lt\/wp-content\/uploads\/2024\/05\/cropped-cropped-cropped-02_00843_jt3bggkj1j3HLc7SyY6rEUpg.jpeg\",\"width\":1600,\"height\":1600,\"caption\":\"skaitytaknyga.lt\"},\"image\":{\"@id\":\"https:\/\/skaitytaknyga.lt\/#\/schema\/logo\/image\/\"},\"sameAs\":[\"https:\/\/www.facebook.com\/skaitytaknyga\/\"]}]}<\/script>\n<!-- \/ Yoast SEO plugin. -->","yoast_head_json":{"title":"D\u017eentlis paj\u016bryje","description":"Pa\u010diame sezono \u012fkar\u0161tyje Anglijos kurorte i\u0161vystume promenad\u0105, tilt\u0105, papl\u016bdimio sk\u0117\u010dius ir sm\u0117lio pilis statan\u010dius vaikus. Ta\u010diau ne \u0161\u012f kart\u0105 \u2013 prie j\u016bros randamas pusnuogis lavonas.  Tirti sukre\u010dian\u010di\u0105 \u017emog\u017eudyst\u0119 paskiriamas inspektorius D\u017eord\u017eas D\u017eentlis. Suktis reikia greitai, nes poilsiautojai ir miestelio gyventojai ima panikuoti d\u0117l \u017eudiko, kuris sudrumst\u0117 kurorto ramyb\u0119. \u0160alia rasto lavono n\u0117ra joki\u0173 jo tapatyb\u0119 patvirtinan\u010di\u0173 daikt\u0173, tod\u0117l D\u017eentlis susiduria su sunkia u\u017eduotimi \u2013 i\u0161siai\u0161kinti ne tik kas yra \u017eudikas, bet ir nu\u017eudytasis. O kas gali pasakyti, ar nebus \u012fvykdyta dar viena \u017emog\u017eudyst\u0117?","robots":{"index":"index","follow":"follow","max-snippet":"max-snippet:-1","max-image-preview":"max-image-preview:large","max-video-preview":"max-video-preview:-1"},"canonical":"https:\/\/skaitytaknyga.lt\/en\/produktas\/a-hunter-dzentlis-pajuryje\/","og_locale":"en_GB","og_type":"article","og_title":"[:lt]D\u017eentlis paj\u016bryje[:] - Skaitytaknyga","og_description":"Pa\u010diame sezono \u012fkar\u0161tyje Anglijos kurorte i\u0161vystume promenad\u0105, tilt\u0105, papl\u016bdimio sk\u0117\u010dius ir sm\u0117lio pilis statan\u010dius vaikus. Ta\u010diau ne \u0161\u012f kart\u0105 \u2013 prie j\u016bros randamas pusnuogis lavonas.  Tirti sukre\u010dian\u010di\u0105 \u017emog\u017eudyst\u0119 paskiriamas inspektorius D\u017eord\u017eas D\u017eentlis. Suktis reikia greitai, nes poilsiautojai ir miestelio gyventojai ima panikuoti d\u0117l \u017eudiko, kuris sudrumst\u0117 kurorto ramyb\u0119. \u0160alia rasto lavono n\u0117ra joki\u0173 jo tapatyb\u0119 patvirtinan\u010di\u0173 daikt\u0173, tod\u0117l D\u017eentlis susiduria su sunkia u\u017eduotimi \u2013 i\u0161siai\u0161kinti ne tik kas yra \u017eudikas, bet ir nu\u017eudytasis. O kas gali pasakyti, ar nebus \u012fvykdyta dar viena \u017emog\u017eudyst\u0117?","og_url":"https:\/\/skaitytaknyga.lt\/en\/produktas\/a-hunter-dzentlis-pajuryje\/","og_site_name":"Skaitytaknyga","article_publisher":"https:\/\/www.facebook.com\/skaitytaknyga\/","article_modified_time":"2026-03-05T14:00:57+00:00","og_image":[{"width":290,"height":500,"url":"https:\/\/skaitytaknyga.lt\/wp-content\/uploads\/2024\/04\/dzentlispajuryje_virselis.png","type":"image\/png"}],"twitter_card":"summary_large_image","twitter_misc":{"Estimated reading time":"1 minute"},"schema":{"@context":"https:\/\/schema.org","@graph":[{"@type":"WebPage","@id":"https:\/\/skaitytaknyga.lt\/produktas\/a-hunter-dzentlis-pajuryje\/","url":"https:\/\/skaitytaknyga.lt\/produktas\/a-hunter-dzentlis-pajuryje\/","name":"D\u017eentlis paj\u016bryje","isPartOf":{"@id":"https:\/\/skaitytaknyga.lt\/#website"},"primaryImageOfPage":{"@id":"https:\/\/skaitytaknyga.lt\/produktas\/a-hunter-dzentlis-pajuryje\/#primaryimage"},"image":{"@id":"https:\/\/skaitytaknyga.lt\/produktas\/a-hunter-dzentlis-pajuryje\/#primaryimage"},"thumbnailUrl":"https:\/\/skaitytaknyga.lt\/wp-content\/uploads\/2024\/04\/dzentlispajuryje_virselis.png","datePublished":"2024-04-17T13:06:26+00:00","dateModified":"2026-03-05T14:00:57+00:00","description":"Pa\u010diame sezono \u012fkar\u0161tyje Anglijos kurorte i\u0161vystume promenad\u0105, tilt\u0105, papl\u016bdimio sk\u0117\u010dius ir sm\u0117lio pilis statan\u010dius vaikus. Ta\u010diau ne \u0161\u012f kart\u0105 \u2013 prie j\u016bros randamas pusnuogis lavonas. Tirti sukre\u010dian\u010di\u0105 \u017emog\u017eudyst\u0119 paskiriamas inspektorius D\u017eord\u017eas D\u017eentlis. Suktis reikia greitai, nes poilsiautojai ir miestelio gyventojai ima panikuoti d\u0117l \u017eudiko, kuris sudrumst\u0117 kurorto ramyb\u0119. \u0160alia rasto lavono n\u0117ra joki\u0173 jo tapatyb\u0119 patvirtinan\u010di\u0173 daikt\u0173, tod\u0117l D\u017eentlis susiduria su sunkia u\u017eduotimi \u2013 i\u0161siai\u0161kinti ne tik kas yra \u017eudikas, bet ir nu\u017eudytasis. O kas gali pasakyti, ar nebus \u012fvykdyta dar viena \u017emog\u017eudyst\u0117?","breadcrumb":{"@id":"https:\/\/skaitytaknyga.lt\/produktas\/a-hunter-dzentlis-pajuryje\/#breadcrumb"},"inLanguage":"en-GB","potentialAction":[{"@type":"ReadAction","target":["https:\/\/skaitytaknyga.lt\/produktas\/a-hunter-dzentlis-pajuryje\/"]}]},{"@type":"ImageObject","inLanguage":"en-GB","@id":"https:\/\/skaitytaknyga.lt\/produktas\/a-hunter-dzentlis-pajuryje\/#primaryimage","url":"https:\/\/skaitytaknyga.lt\/wp-content\/uploads\/2024\/04\/dzentlispajuryje_virselis.png","contentUrl":"https:\/\/skaitytaknyga.lt\/wp-content\/uploads\/2024\/04\/dzentlispajuryje_virselis.png","width":290,"height":500,"caption":"dzentlispajuryje virselis"},{"@type":"BreadcrumbList","@id":"https:\/\/skaitytaknyga.lt\/produktas\/a-hunter-dzentlis-pajuryje\/#breadcrumb","itemListElement":[{"@type":"ListItem","position":1,"name":"Home","item":"https:\/\/skaitytaknyga.lt\/"},{"@type":"ListItem","position":2,"name":"Parduotuv\u0117","item":"https:\/\/skaitytaknyga.lt\/knygu-parduotuve\/"},{"@type":"ListItem","position":3,"name":"D\u017eentlis paj\u016bryje"}]},{"@type":"WebSite","@id":"https:\/\/skaitytaknyga.lt\/#website","url":"https:\/\/skaitytaknyga.lt\/","name":"skaitytaknyga.lt","description":"Skaitytaknyga.lt \u2013 tai ma\u017eas \u0161eimos verslas, kuris prasid\u0117jo nuo meil\u0117s knygoms ir siekio i\u0161gelb\u0117ti knygas nuo likimo prie konteinerio. Kas vienam nereikalingas daiktas \u2013 kitam lobis, o mes esame tarpininkai, kurie padeda abiems tapti laimingesniems ???? \u017dinome kaip nelengva i\u0161gyventi ma\u017eiems verslams, tad nuo \u0161iol, \u010dia rasite ir kit\u0173, ma\u017e\u0173 \u0161eim\u0173 versl\u0173, rank\u0173 darbo, dovan\u0173 sau ir artimiesiems.","publisher":{"@id":"https:\/\/skaitytaknyga.lt\/#organization"},"potentialAction":[{"@type":"SearchAction","target":{"@type":"EntryPoint","urlTemplate":"https:\/\/skaitytaknyga.lt\/?s={search_term_string}"},"query-input":{"@type":"PropertyValueSpecification","valueRequired":true,"valueName":"search_term_string"}}],"inLanguage":"en-GB"},{"@type":"Organization","@id":"https:\/\/skaitytaknyga.lt\/#organization","name":"skaitytaknyga.lt","url":"https:\/\/skaitytaknyga.lt\/","logo":{"@type":"ImageObject","inLanguage":"en-GB","@id":"https:\/\/skaitytaknyga.lt\/#\/schema\/logo\/image\/","url":"https:\/\/skaitytaknyga.lt\/wp-content\/uploads\/2024\/05\/cropped-cropped-cropped-02_00843_jt3bggkj1j3HLc7SyY6rEUpg.jpeg","contentUrl":"https:\/\/skaitytaknyga.lt\/wp-content\/uploads\/2024\/05\/cropped-cropped-cropped-02_00843_jt3bggkj1j3HLc7SyY6rEUpg.jpeg","width":1600,"height":1600,"caption":"skaitytaknyga.lt"},"image":{"@id":"https:\/\/skaitytaknyga.lt\/#\/schema\/logo\/image\/"},"sameAs":["https:\/\/www.facebook.com\/skaitytaknyga\/"]}]}},"_links":{"self":[{"href":"https:\/\/skaitytaknyga.lt\/en\/wp-json\/wp\/v2\/product\/2207","targetHints":{"allow":["GET"]}}],"collection":[{"href":"https:\/\/skaitytaknyga.lt\/en\/wp-json\/wp\/v2\/product"}],"about":[{"href":"https:\/\/skaitytaknyga.lt\/en\/wp-json\/wp\/v2\/types\/product"}],"replies":[{"embeddable":true,"href":"https:\/\/skaitytaknyga.lt\/en\/wp-json\/wp\/v2\/comments?post=2207"}],"wp:featuredmedia":[{"embeddable":true,"href":"https:\/\/skaitytaknyga.lt\/en\/wp-json\/wp\/v2\/media\/2238"}],"wp:attachment":[{"href":"https:\/\/skaitytaknyga.lt\/en\/wp-json\/wp\/v2\/media?parent=2207"}],"wp:term":[{"taxonomy":"product_brand","embeddable":true,"href":"https:\/\/skaitytaknyga.lt\/en\/wp-json\/wp\/v2\/product_brand?post=2207"},{"taxonomy":"product_cat","embeddable":true,"href":"https:\/\/skaitytaknyga.lt\/en\/wp-json\/wp\/v2\/product_cat?post=2207"},{"taxonomy":"product_tag","embeddable":true,"href":"https:\/\/skaitytaknyga.lt\/en\/wp-json\/wp\/v2\/product_tag?post=2207"}],"curies":[{"name":"wp","href":"https:\/\/api.w.org\/{rel}","templated":true}]}}