{"id":22058,"date":"2025-11-23T12:40:33","date_gmt":"2025-11-23T10:40:33","guid":{"rendered":"https:\/\/skaitytaknyga.lt\/?post_type=product&#038;p=22058"},"modified":"2026-02-26T10:05:57","modified_gmt":"2026-02-26T08:05:57","slug":"manis-arba-pinigu-abecele","status":"publish","type":"product","link":"https:\/\/skaitytaknyga.lt\/en\/produktas\/manis-arba-pinigu-abecele\/","title":{"rendered":"Manis, arba Pinig\u0173 ab\u0117c\u0117l\u0117"},"content":{"rendered":"<p>Skaitydami knyg\u0105 \u201eManis, arba Pinig\u0173 ab\u0117c\u0117l\u0117\u201c suprasite, kaip reik\u0117t\u0173 gerinti savo finansin\u0119 pad\u0117t\u012f, kad pasiturimas gyvenimas nelikt\u0173 vien ne\u012fgyvendinama svajon\u0117. Keli\u0105 \u012f gerov\u0119 Bodo Sch\u00e4feris apra\u0161o taip paprastai ir suprantamai, kad ne vienam gali kilti noras j\u012f i\u0161m\u0117ginti.<br \/>\nIr svarbiausia: knyga \u012frodo, kad tinkamai naudodami pinigus i\u0161 tikr\u0173j\u0173 galime patirti malonum\u0105!<br \/>\nBodo Sch\u00e4feris, b\u016bdamas \u0161e\u0161iolikos met\u0173, i\u0161vyko \u012f JAV ir ten mok\u0117si auk\u0161tojoje mokykloje. Paskatintas savo patyrimo, jis suk\u016br\u0117 mokom\u0105j\u0105 koncepcij\u0105, kaip kiekvienas \u017emogus gali tapti turtingas. Jo \u201eKelias \u012f finansin\u0119 laisv\u0119&#8221; Vokietijoje tapo skaitomiausia ekonomikos srities knyga.<\/p>\n","protected":false},"excerpt":{"rendered":"<p>Skaitydami knyg\u0105 \u201eManis, arba Pinig\u0173 ab\u0117c\u0117l\u0117\u201c suprasite, kaip reik\u0117t\u0173 gerinti savo finansin\u0119 pad\u0117t\u012f, kad pasiturimas gyvenimas nelikt\u0173 vien ne\u012fgyvendinama svajon\u0117. Keli\u0105 \u012f gerov\u0119 Bodo Sch\u00e4feris apra\u0161o taip paprastai ir suprantamai, kad ne vienam gali kilti noras j\u012f i\u0161m\u0117ginti. Ir svarbiausia: knyga \u012frodo, kad tinkamai naudodami pinigus i\u0161 tikr\u0173j\u0173 galime patirti malonum\u0105! Bodo Sch\u00e4feris, b\u016bdamas \u0161e\u0161iolikos met\u0173, i\u0161vyko \u012f JAV ir ten mok\u0117si auk\u0161tojoje mokykloje. Paskatintas savo patyrimo, jis suk\u016br\u0117 mokom\u0105j\u0105 koncepcij\u0105, kaip kiekvienas \u017emogus gali tapti turtingas. Jo \u201eKelias \u012f finansin\u0119 laisv\u0119&#8221; Vokietijoje tapo skaitomiausia ekonomikos srities knyga.<\/p>\n","protected":false},"featured_media":22063,"comment_status":"open","ping_status":"closed","template":"","meta":{"_acf_changed":false,"site-sidebar-layout":"default","site-content-layout":"","ast-site-content-layout":"default","site-content-style":"default","site-sidebar-style":"default","ast-global-header-display":"","ast-banner-title-visibility":"","ast-main-header-display":"","ast-hfb-above-header-display":"","ast-hfb-below-header-display":"","ast-hfb-mobile-header-display":"","site-post-title":"","ast-breadcrumbs-content":"","ast-featured-img":"","footer-sml-layout":"","ast-disable-related-posts":"","theme-transparent-header-meta":"","adv-header-id-meta":"","stick-header-meta":"","header-above-stick-meta":"","header-main-stick-meta":"","header-below-stick-meta":"","astra-migrate-meta-layouts":"default","ast-page-background-enabled":"default","ast-page-background-meta":{"desktop":{"background-color":"","background-image":"","background-repeat":"repeat","background-position":"center center","background-size":"auto","background-attachment":"scroll","background-type":"","background-media":"","overlay-type":"","overlay-color":"","overlay-opacity":"","overlay-gradient":""},"tablet":{"background-color":"","background-image":"","background-repeat":"repeat","background-position":"center center","background-size":"auto","background-attachment":"scroll","background-type":"","background-media":"","overlay-type":"","overlay-color":"","overlay-opacity":"","overlay-gradient":""},"mobile":{"background-color":"","background-image":"","background-repeat":"repeat","background-position":"center center","background-size":"auto","background-attachment":"scroll","background-type":"","background-media":"","overlay-type":"","overlay-color":"","overlay-opacity":"","overlay-gradient":""}},"ast-content-background-meta":{"desktop":{"background-color":"var(--ast-global-color-4)","background-image":"","background-repeat":"repeat","background-position":"center center","background-size":"auto","background-attachment":"scroll","background-type":"","background-media":"","overlay-type":"","overlay-color":"","overlay-opacity":"","overlay-gradient":""},"tablet":{"background-color":"var(--ast-global-color-4)","background-image":"","background-repeat":"repeat","background-position":"center center","background-size":"auto","background-attachment":"scroll","background-type":"","background-media":"","overlay-type":"","overlay-color":"","overlay-opacity":"","overlay-gradient":""},"mobile":{"background-color":"var(--ast-global-color-4)","background-image":"","background-repeat":"repeat","background-position":"center center","background-size":"auto","background-attachment":"scroll","background-type":"","background-media":"","overlay-type":"","overlay-color":"","overlay-opacity":"","overlay-gradient":""}}},"product_brand":[],"product_cat":[26],"product_tag":[],"class_list":{"0":"post-22058","1":"product","2":"type-product","3":"status-publish","4":"has-post-thumbnail","6":"product_cat-verslas-vadyba-ir-finansai","7":"desktop-align-left","8":"tablet-align-left","9":"mobile-align-left","11":"first","12":"outofstock","13":"shipping-taxable","14":"purchasable","15":"product-type-simple"},"acf":[],"yoast_head":"<!-- This site is optimized with the Yoast SEO plugin v27.0 - https:\/\/yoast.com\/product\/yoast-seo-wordpress\/ -->\n<title>Manis, arba Pinig\u0173 ab\u0117c\u0117l\u0117<\/title>\n<meta name=\"description\" content=\"Skaitydami knyg\u0105 \u201eManis, arba Pinig\u0173 ab\u0117c\u0117l\u0117\u201c suprasite, kaip reik\u0117t\u0173 gerinti savo finansin\u0119 pad\u0117t\u012f, kad pasiturimas gyvenimas nelikt\u0173 vien ne\u012fgyvendinama\" \/>\n<meta name=\"robots\" content=\"index, follow, max-snippet:-1, max-image-preview:large, max-video-preview:-1\" \/>\n<link rel=\"canonical\" href=\"https:\/\/skaitytaknyga.lt\/en\/produktas\/manis-arba-pinigu-abecele\/\" \/>\n<meta property=\"og:locale\" content=\"en_GB\" \/>\n<meta property=\"og:locale:alternate\" content=\"lt_LT\" \/>\n<meta property=\"og:type\" content=\"article\" \/>\n<meta property=\"og:title\" content=\"Manis, arba Pinig\u0173 ab\u0117c\u0117l\u0117\" \/>\n<meta property=\"og:description\" content=\"Skaitydami knyg\u0105 \u201eManis, arba Pinig\u0173 ab\u0117c\u0117l\u0117\u201c suprasite, kaip reik\u0117t\u0173 gerinti savo finansin\u0119 pad\u0117t\u012f, kad pasiturimas gyvenimas nelikt\u0173 vien ne\u012fgyvendinama\" \/>\n<meta property=\"og:url\" content=\"https:\/\/skaitytaknyga.lt\/en\/produktas\/manis-arba-pinigu-abecele\/\" \/>\n<meta property=\"og:site_name\" content=\"Skaitytaknyga\" \/>\n<meta property=\"article:publisher\" content=\"https:\/\/www.facebook.com\/skaitytaknyga\/\" \/>\n<meta property=\"article:modified_time\" content=\"2026-02-26T08:05:57+00:00\" \/>\n<meta property=\"og:image\" content=\"https:\/\/skaitytaknyga.lt\/wp-content\/uploads\/2025\/11\/Manis-arba-Pinigu-abecele.jpg\" \/>\n\t<meta property=\"og:image:width\" content=\"300\" \/>\n\t<meta property=\"og:image:height\" content=\"458\" \/>\n\t<meta property=\"og:image:type\" content=\"image\/jpeg\" \/>\n<meta name=\"twitter:card\" content=\"summary_large_image\" \/>\n<meta name=\"twitter:label1\" content=\"Estimated reading time\" \/>\n\t<meta name=\"twitter:data1\" content=\"1 minute\" \/>\n<script type=\"application\/ld+json\" class=\"yoast-schema-graph\">{\"@context\":\"https:\/\/schema.org\",\"@graph\":[{\"@type\":\"WebPage\",\"@id\":\"https:\/\/skaitytaknyga.lt\/produktas\/manis-arba-pinigu-abecele\/\",\"url\":\"https:\/\/skaitytaknyga.lt\/produktas\/manis-arba-pinigu-abecele\/\",\"name\":\"Manis, arba Pinig\u0173 ab\u0117c\u0117l\u0117\",\"isPartOf\":{\"@id\":\"https:\/\/skaitytaknyga.lt\/#website\"},\"primaryImageOfPage\":{\"@id\":\"https:\/\/skaitytaknyga.lt\/produktas\/manis-arba-pinigu-abecele\/#primaryimage\"},\"image\":{\"@id\":\"https:\/\/skaitytaknyga.lt\/produktas\/manis-arba-pinigu-abecele\/#primaryimage\"},\"thumbnailUrl\":\"https:\/\/skaitytaknyga.lt\/wp-content\/uploads\/2025\/11\/Manis-arba-Pinigu-abecele.jpg\",\"datePublished\":\"2025-11-23T10:40:33+00:00\",\"dateModified\":\"2026-02-26T08:05:57+00:00\",\"description\":\"Skaitydami knyg\u0105 \u201eManis, arba Pinig\u0173 ab\u0117c\u0117l\u0117\u201c suprasite, kaip reik\u0117t\u0173 gerinti savo finansin\u0119 pad\u0117t\u012f, kad pasiturimas gyvenimas nelikt\u0173 vien ne\u012fgyvendinama\",\"breadcrumb\":{\"@id\":\"https:\/\/skaitytaknyga.lt\/produktas\/manis-arba-pinigu-abecele\/#breadcrumb\"},\"inLanguage\":\"en-GB\",\"potentialAction\":[{\"@type\":\"ReadAction\",\"target\":[\"https:\/\/skaitytaknyga.lt\/produktas\/manis-arba-pinigu-abecele\/\"]}]},{\"@type\":\"ImageObject\",\"inLanguage\":\"en-GB\",\"@id\":\"https:\/\/skaitytaknyga.lt\/produktas\/manis-arba-pinigu-abecele\/#primaryimage\",\"url\":\"https:\/\/skaitytaknyga.lt\/wp-content\/uploads\/2025\/11\/Manis-arba-Pinigu-abecele.jpg\",\"contentUrl\":\"https:\/\/skaitytaknyga.lt\/wp-content\/uploads\/2025\/11\/Manis-arba-Pinigu-abecele.jpg\",\"width\":300,\"height\":458,\"caption\":\"Manis, arba Pinig\u0173 ab\u0117c\u0117l\u0117\"},{\"@type\":\"BreadcrumbList\",\"@id\":\"https:\/\/skaitytaknyga.lt\/produktas\/manis-arba-pinigu-abecele\/#breadcrumb\",\"itemListElement\":[{\"@type\":\"ListItem\",\"position\":1,\"name\":\"Home\",\"item\":\"https:\/\/skaitytaknyga.lt\/\"},{\"@type\":\"ListItem\",\"position\":2,\"name\":\"Parduotuv\u0117\",\"item\":\"https:\/\/skaitytaknyga.lt\/knygu-parduotuve\/\"},{\"@type\":\"ListItem\",\"position\":3,\"name\":\"Manis, arba Pinig\u0173 ab\u0117c\u0117l\u0117\"}]},{\"@type\":\"WebSite\",\"@id\":\"https:\/\/skaitytaknyga.lt\/#website\",\"url\":\"https:\/\/skaitytaknyga.lt\/\",\"name\":\"skaitytaknyga.lt\",\"description\":\"Skaitytaknyga.lt \u2013 tai ma\u017eas \u0161eimos verslas, kuris prasid\u0117jo nuo meil\u0117s knygoms ir siekio i\u0161gelb\u0117ti knygas nuo likimo prie konteinerio. Kas vienam nereikalingas daiktas \u2013 kitam lobis, o mes esame tarpininkai, kurie padeda abiems tapti laimingesniems ???? \u017dinome kaip nelengva i\u0161gyventi ma\u017eiems verslams, tad nuo \u0161iol, \u010dia rasite ir kit\u0173, ma\u017e\u0173 \u0161eim\u0173 versl\u0173, rank\u0173 darbo, dovan\u0173 sau ir artimiesiems.\",\"publisher\":{\"@id\":\"https:\/\/skaitytaknyga.lt\/#organization\"},\"potentialAction\":[{\"@type\":\"SearchAction\",\"target\":{\"@type\":\"EntryPoint\",\"urlTemplate\":\"https:\/\/skaitytaknyga.lt\/?s={search_term_string}\"},\"query-input\":{\"@type\":\"PropertyValueSpecification\",\"valueRequired\":true,\"valueName\":\"search_term_string\"}}],\"inLanguage\":\"en-GB\"},{\"@type\":\"Organization\",\"@id\":\"https:\/\/skaitytaknyga.lt\/#organization\",\"name\":\"skaitytaknyga.lt\",\"url\":\"https:\/\/skaitytaknyga.lt\/\",\"logo\":{\"@type\":\"ImageObject\",\"inLanguage\":\"en-GB\",\"@id\":\"https:\/\/skaitytaknyga.lt\/#\/schema\/logo\/image\/\",\"url\":\"https:\/\/skaitytaknyga.lt\/wp-content\/uploads\/2024\/05\/cropped-cropped-cropped-02_00843_jt3bggkj1j3HLc7SyY6rEUpg.jpeg\",\"contentUrl\":\"https:\/\/skaitytaknyga.lt\/wp-content\/uploads\/2024\/05\/cropped-cropped-cropped-02_00843_jt3bggkj1j3HLc7SyY6rEUpg.jpeg\",\"width\":1600,\"height\":1600,\"caption\":\"skaitytaknyga.lt\"},\"image\":{\"@id\":\"https:\/\/skaitytaknyga.lt\/#\/schema\/logo\/image\/\"},\"sameAs\":[\"https:\/\/www.facebook.com\/skaitytaknyga\/\"]}]}<\/script>\n<!-- \/ Yoast SEO plugin. -->","yoast_head_json":{"title":"Manis, arba Pinig\u0173 ab\u0117c\u0117l\u0117","description":"Skaitydami knyg\u0105 \u201eManis, arba Pinig\u0173 ab\u0117c\u0117l\u0117\u201c suprasite, kaip reik\u0117t\u0173 gerinti savo finansin\u0119 pad\u0117t\u012f, kad pasiturimas gyvenimas nelikt\u0173 vien ne\u012fgyvendinama","robots":{"index":"index","follow":"follow","max-snippet":"max-snippet:-1","max-image-preview":"max-image-preview:large","max-video-preview":"max-video-preview:-1"},"canonical":"https:\/\/skaitytaknyga.lt\/en\/produktas\/manis-arba-pinigu-abecele\/","og_locale":"en_GB","og_type":"article","og_title":"[:lt]Manis, arba Pinig\u0173 ab\u0117c\u0117l\u0117[:] - Skaitytaknyga","og_description":"Skaitydami knyg\u0105 \u201eManis, arba Pinig\u0173 ab\u0117c\u0117l\u0117\u201c suprasite, kaip reik\u0117t\u0173 gerinti savo finansin\u0119 pad\u0117t\u012f, kad pasiturimas gyvenimas nelikt\u0173 vien ne\u012fgyvendinama","og_url":"https:\/\/skaitytaknyga.lt\/en\/produktas\/manis-arba-pinigu-abecele\/","og_site_name":"Skaitytaknyga","article_publisher":"https:\/\/www.facebook.com\/skaitytaknyga\/","article_modified_time":"2026-02-26T08:05:57+00:00","og_image":[{"width":300,"height":458,"url":"https:\/\/skaitytaknyga.lt\/wp-content\/uploads\/2025\/11\/Manis-arba-Pinigu-abecele.jpg","type":"image\/jpeg"}],"twitter_card":"summary_large_image","twitter_misc":{"Estimated reading time":"1 minute"},"schema":{"@context":"https:\/\/schema.org","@graph":[{"@type":"WebPage","@id":"https:\/\/skaitytaknyga.lt\/produktas\/manis-arba-pinigu-abecele\/","url":"https:\/\/skaitytaknyga.lt\/produktas\/manis-arba-pinigu-abecele\/","name":"Manis, arba Pinig\u0173 ab\u0117c\u0117l\u0117","isPartOf":{"@id":"https:\/\/skaitytaknyga.lt\/#website"},"primaryImageOfPage":{"@id":"https:\/\/skaitytaknyga.lt\/produktas\/manis-arba-pinigu-abecele\/#primaryimage"},"image":{"@id":"https:\/\/skaitytaknyga.lt\/produktas\/manis-arba-pinigu-abecele\/#primaryimage"},"thumbnailUrl":"https:\/\/skaitytaknyga.lt\/wp-content\/uploads\/2025\/11\/Manis-arba-Pinigu-abecele.jpg","datePublished":"2025-11-23T10:40:33+00:00","dateModified":"2026-02-26T08:05:57+00:00","description":"Skaitydami knyg\u0105 \u201eManis, arba Pinig\u0173 ab\u0117c\u0117l\u0117\u201c suprasite, kaip reik\u0117t\u0173 gerinti savo finansin\u0119 pad\u0117t\u012f, kad pasiturimas gyvenimas nelikt\u0173 vien ne\u012fgyvendinama","breadcrumb":{"@id":"https:\/\/skaitytaknyga.lt\/produktas\/manis-arba-pinigu-abecele\/#breadcrumb"},"inLanguage":"en-GB","potentialAction":[{"@type":"ReadAction","target":["https:\/\/skaitytaknyga.lt\/produktas\/manis-arba-pinigu-abecele\/"]}]},{"@type":"ImageObject","inLanguage":"en-GB","@id":"https:\/\/skaitytaknyga.lt\/produktas\/manis-arba-pinigu-abecele\/#primaryimage","url":"https:\/\/skaitytaknyga.lt\/wp-content\/uploads\/2025\/11\/Manis-arba-Pinigu-abecele.jpg","contentUrl":"https:\/\/skaitytaknyga.lt\/wp-content\/uploads\/2025\/11\/Manis-arba-Pinigu-abecele.jpg","width":300,"height":458,"caption":"Manis, arba Pinig\u0173 ab\u0117c\u0117l\u0117"},{"@type":"BreadcrumbList","@id":"https:\/\/skaitytaknyga.lt\/produktas\/manis-arba-pinigu-abecele\/#breadcrumb","itemListElement":[{"@type":"ListItem","position":1,"name":"Home","item":"https:\/\/skaitytaknyga.lt\/"},{"@type":"ListItem","position":2,"name":"Parduotuv\u0117","item":"https:\/\/skaitytaknyga.lt\/knygu-parduotuve\/"},{"@type":"ListItem","position":3,"name":"Manis, arba Pinig\u0173 ab\u0117c\u0117l\u0117"}]},{"@type":"WebSite","@id":"https:\/\/skaitytaknyga.lt\/#website","url":"https:\/\/skaitytaknyga.lt\/","name":"skaitytaknyga.lt","description":"Skaitytaknyga.lt \u2013 tai ma\u017eas \u0161eimos verslas, kuris prasid\u0117jo nuo meil\u0117s knygoms ir siekio i\u0161gelb\u0117ti knygas nuo likimo prie konteinerio. Kas vienam nereikalingas daiktas \u2013 kitam lobis, o mes esame tarpininkai, kurie padeda abiems tapti laimingesniems ???? \u017dinome kaip nelengva i\u0161gyventi ma\u017eiems verslams, tad nuo \u0161iol, \u010dia rasite ir kit\u0173, ma\u017e\u0173 \u0161eim\u0173 versl\u0173, rank\u0173 darbo, dovan\u0173 sau ir artimiesiems.","publisher":{"@id":"https:\/\/skaitytaknyga.lt\/#organization"},"potentialAction":[{"@type":"SearchAction","target":{"@type":"EntryPoint","urlTemplate":"https:\/\/skaitytaknyga.lt\/?s={search_term_string}"},"query-input":{"@type":"PropertyValueSpecification","valueRequired":true,"valueName":"search_term_string"}}],"inLanguage":"en-GB"},{"@type":"Organization","@id":"https:\/\/skaitytaknyga.lt\/#organization","name":"skaitytaknyga.lt","url":"https:\/\/skaitytaknyga.lt\/","logo":{"@type":"ImageObject","inLanguage":"en-GB","@id":"https:\/\/skaitytaknyga.lt\/#\/schema\/logo\/image\/","url":"https:\/\/skaitytaknyga.lt\/wp-content\/uploads\/2024\/05\/cropped-cropped-cropped-02_00843_jt3bggkj1j3HLc7SyY6rEUpg.jpeg","contentUrl":"https:\/\/skaitytaknyga.lt\/wp-content\/uploads\/2024\/05\/cropped-cropped-cropped-02_00843_jt3bggkj1j3HLc7SyY6rEUpg.jpeg","width":1600,"height":1600,"caption":"skaitytaknyga.lt"},"image":{"@id":"https:\/\/skaitytaknyga.lt\/#\/schema\/logo\/image\/"},"sameAs":["https:\/\/www.facebook.com\/skaitytaknyga\/"]}]}},"_links":{"self":[{"href":"https:\/\/skaitytaknyga.lt\/en\/wp-json\/wp\/v2\/product\/22058","targetHints":{"allow":["GET"]}}],"collection":[{"href":"https:\/\/skaitytaknyga.lt\/en\/wp-json\/wp\/v2\/product"}],"about":[{"href":"https:\/\/skaitytaknyga.lt\/en\/wp-json\/wp\/v2\/types\/product"}],"replies":[{"embeddable":true,"href":"https:\/\/skaitytaknyga.lt\/en\/wp-json\/wp\/v2\/comments?post=22058"}],"wp:featuredmedia":[{"embeddable":true,"href":"https:\/\/skaitytaknyga.lt\/en\/wp-json\/wp\/v2\/media\/22063"}],"wp:attachment":[{"href":"https:\/\/skaitytaknyga.lt\/en\/wp-json\/wp\/v2\/media?parent=22058"}],"wp:term":[{"taxonomy":"product_brand","embeddable":true,"href":"https:\/\/skaitytaknyga.lt\/en\/wp-json\/wp\/v2\/product_brand?post=22058"},{"taxonomy":"product_cat","embeddable":true,"href":"https:\/\/skaitytaknyga.lt\/en\/wp-json\/wp\/v2\/product_cat?post=22058"},{"taxonomy":"product_tag","embeddable":true,"href":"https:\/\/skaitytaknyga.lt\/en\/wp-json\/wp\/v2\/product_tag?post=22058"}],"curies":[{"name":"wp","href":"https:\/\/api.w.org\/{rel}","templated":true}]}}