{"id":22037,"date":"2025-11-23T11:37:34","date_gmt":"2025-11-23T09:37:34","guid":{"rendered":"https:\/\/skaitytaknyga.lt\/?post_type=product&#038;p=22037"},"modified":"2025-11-23T12:36:48","modified_gmt":"2025-11-23T10:36:48","slug":"svarbiausios-vertybes-44-vertybes-kuriomis-dera-vadovautis-gyvenime","status":"publish","type":"product","link":"https:\/\/skaitytaknyga.lt\/en\/produktas\/svarbiausios-vertybes-44-vertybes-kuriomis-dera-vadovautis-gyvenime\/","title":{"rendered":"Svarbiausios vertyb\u0117s: 44 vertyb\u0117s, kuriomis dera vadovautis gyvenime"},"content":{"rendered":"<p>Kiek daug yra vertybi\u0173! Vieniems atrodo svarbesn\u0117s vienos, kitiems \u2013 kitos. Vieni \u017emon\u0117s labiau vertina bendradarbiavim\u0105, kiti \u2013 paprastum\u0105. Yra vertybi\u0173, be kuri\u0173 niekas negali i\u0161siversti, toki\u0173 kaip u\u017euojauta, pagarba, atsakingumas ir daugyb\u0117 kit\u0173! Kad ir kokios vertyb\u0117s tau atrodo reik\u0161mingos, svarbu jas puosel\u0117ti ir jomis vadovautis.<\/p>\n<p>Atsivert\u0119s \u0161i\u0105 knyg\u0105 pa\u017einsi daugyb\u0119 vertybi\u0173, padedan\u010di\u0173 \u017emon\u0117ms gyventi ir sugyventi.<\/p>\n","protected":false},"excerpt":{"rendered":"<p>Kiek daug yra vertybi\u0173! Vieniems atrodo svarbesn\u0117s vienos, kitiems \u2013 kitos. Vieni \u017emon\u0117s labiau vertina bendradarbiavim\u0105, kiti \u2013 paprastum\u0105. Yra vertybi\u0173, be kuri\u0173 niekas negali i\u0161siversti, toki\u0173 kaip u\u017euojauta, pagarba, atsakingumas ir daugyb\u0117 kit\u0173! Kad ir kokios vertyb\u0117s tau atrodo reik\u0161mingos, svarbu jas puosel\u0117ti ir jomis vadovautis. Atsivert\u0119s \u0161i\u0105 knyg\u0105 pa\u017einsi daugyb\u0119 vertybi\u0173, padedan\u010di\u0173 \u017emon\u0117ms gyventi ir sugyventi.<\/p>\n","protected":false},"featured_media":22042,"comment_status":"open","ping_status":"closed","template":"","meta":{"_acf_changed":false,"site-sidebar-layout":"default","site-content-layout":"","ast-site-content-layout":"default","site-content-style":"default","site-sidebar-style":"default","ast-global-header-display":"","ast-banner-title-visibility":"","ast-main-header-display":"","ast-hfb-above-header-display":"","ast-hfb-below-header-display":"","ast-hfb-mobile-header-display":"","site-post-title":"","ast-breadcrumbs-content":"","ast-featured-img":"","footer-sml-layout":"","ast-disable-related-posts":"","theme-transparent-header-meta":"","adv-header-id-meta":"","stick-header-meta":"","header-above-stick-meta":"","header-main-stick-meta":"","header-below-stick-meta":"","astra-migrate-meta-layouts":"default","ast-page-background-enabled":"default","ast-page-background-meta":{"desktop":{"background-color":"","background-image":"","background-repeat":"repeat","background-position":"center center","background-size":"auto","background-attachment":"scroll","background-type":"","background-media":"","overlay-type":"","overlay-color":"","overlay-opacity":"","overlay-gradient":""},"tablet":{"background-color":"","background-image":"","background-repeat":"repeat","background-position":"center center","background-size":"auto","background-attachment":"scroll","background-type":"","background-media":"","overlay-type":"","overlay-color":"","overlay-opacity":"","overlay-gradient":""},"mobile":{"background-color":"","background-image":"","background-repeat":"repeat","background-position":"center center","background-size":"auto","background-attachment":"scroll","background-type":"","background-media":"","overlay-type":"","overlay-color":"","overlay-opacity":"","overlay-gradient":""}},"ast-content-background-meta":{"desktop":{"background-color":"var(--ast-global-color-4)","background-image":"","background-repeat":"repeat","background-position":"center center","background-size":"auto","background-attachment":"scroll","background-type":"","background-media":"","overlay-type":"","overlay-color":"","overlay-opacity":"","overlay-gradient":""},"tablet":{"background-color":"var(--ast-global-color-4)","background-image":"","background-repeat":"repeat","background-position":"center center","background-size":"auto","background-attachment":"scroll","background-type":"","background-media":"","overlay-type":"","overlay-color":"","overlay-opacity":"","overlay-gradient":""},"mobile":{"background-color":"var(--ast-global-color-4)","background-image":"","background-repeat":"repeat","background-position":"center center","background-size":"auto","background-attachment":"scroll","background-type":"","background-media":"","overlay-type":"","overlay-color":"","overlay-opacity":"","overlay-gradient":""}}},"product_brand":[],"product_cat":[35],"product_tag":[],"class_list":{"0":"post-22037","1":"product","2":"type-product","3":"status-publish","4":"has-post-thumbnail","6":"product_cat-vaikams-ir-paaugliams","7":"desktop-align-left","8":"tablet-align-left","9":"mobile-align-left","11":"first","12":"instock","13":"shipping-taxable","14":"purchasable","15":"product-type-simple"},"acf":[],"yoast_head":"<!-- This site is optimized with the Yoast SEO plugin v27.0 - https:\/\/yoast.com\/product\/yoast-seo-wordpress\/ -->\n<title>Svarbiausios vertyb\u0117s: 44 vertyb\u0117s, kuriomis dera vadovautis gyvenime<\/title>\n<meta name=\"description\" content=\"Kiek daug yra vertybi\u0173! Vieniems atrodo svarbesn\u0117s vienos, kitiems \u2013 kitos. Vieni \u017emon\u0117s labiau vertina bendradarbiavim\u0105, kiti \u2013 paprastum\u0105. Yra vertybi\u0173,\" \/>\n<meta name=\"robots\" content=\"index, follow, max-snippet:-1, max-image-preview:large, max-video-preview:-1\" \/>\n<link rel=\"canonical\" href=\"https:\/\/skaitytaknyga.lt\/en\/produktas\/svarbiausios-vertybes-44-vertybes-kuriomis-dera-vadovautis-gyvenime\/\" \/>\n<meta property=\"og:locale\" content=\"en_GB\" \/>\n<meta property=\"og:locale:alternate\" content=\"lt_LT\" \/>\n<meta property=\"og:type\" content=\"article\" \/>\n<meta property=\"og:title\" content=\"Svarbiausios vertyb\u0117s: 44 vertyb\u0117s, kuriomis dera vadovautis gyvenime\" \/>\n<meta property=\"og:description\" content=\"Kiek daug yra vertybi\u0173! Vieniems atrodo svarbesn\u0117s vienos, kitiems \u2013 kitos. Vieni \u017emon\u0117s labiau vertina bendradarbiavim\u0105, kiti \u2013 paprastum\u0105. Yra vertybi\u0173,\" \/>\n<meta property=\"og:url\" content=\"https:\/\/skaitytaknyga.lt\/en\/produktas\/svarbiausios-vertybes-44-vertybes-kuriomis-dera-vadovautis-gyvenime\/\" \/>\n<meta property=\"og:site_name\" content=\"Skaitytaknyga\" \/>\n<meta property=\"article:publisher\" content=\"https:\/\/www.facebook.com\/skaitytaknyga\/\" \/>\n<meta property=\"article:modified_time\" content=\"2025-11-23T10:36:48+00:00\" \/>\n<meta property=\"og:image\" content=\"https:\/\/skaitytaknyga.lt\/wp-content\/uploads\/2025\/11\/Svarbiausios-vertybes-44-vertybes-kuriomis-dera-vadovautis-gyvenime-1.webp\" \/>\n\t<meta property=\"og:image:width\" content=\"300\" \/>\n\t<meta property=\"og:image:height\" content=\"339\" \/>\n\t<meta property=\"og:image:type\" content=\"image\/webp\" \/>\n<meta name=\"twitter:card\" content=\"summary_large_image\" \/>\n<script type=\"application\/ld+json\" class=\"yoast-schema-graph\">{\"@context\":\"https:\/\/schema.org\",\"@graph\":[{\"@type\":\"WebPage\",\"@id\":\"https:\/\/skaitytaknyga.lt\/produktas\/svarbiausios-vertybes-44-vertybes-kuriomis-dera-vadovautis-gyvenime\/\",\"url\":\"https:\/\/skaitytaknyga.lt\/produktas\/svarbiausios-vertybes-44-vertybes-kuriomis-dera-vadovautis-gyvenime\/\",\"name\":\"Svarbiausios vertyb\u0117s: 44 vertyb\u0117s, kuriomis dera vadovautis gyvenime\",\"isPartOf\":{\"@id\":\"https:\/\/skaitytaknyga.lt\/#website\"},\"primaryImageOfPage\":{\"@id\":\"https:\/\/skaitytaknyga.lt\/produktas\/svarbiausios-vertybes-44-vertybes-kuriomis-dera-vadovautis-gyvenime\/#primaryimage\"},\"image\":{\"@id\":\"https:\/\/skaitytaknyga.lt\/produktas\/svarbiausios-vertybes-44-vertybes-kuriomis-dera-vadovautis-gyvenime\/#primaryimage\"},\"thumbnailUrl\":\"https:\/\/skaitytaknyga.lt\/wp-content\/uploads\/2025\/11\/Svarbiausios-vertybes-44-vertybes-kuriomis-dera-vadovautis-gyvenime-1.webp\",\"datePublished\":\"2025-11-23T09:37:34+00:00\",\"dateModified\":\"2025-11-23T10:36:48+00:00\",\"description\":\"Kiek daug yra vertybi\u0173! Vieniems atrodo svarbesn\u0117s vienos, kitiems \u2013 kitos. Vieni \u017emon\u0117s labiau vertina bendradarbiavim\u0105, kiti \u2013 paprastum\u0105. Yra vertybi\u0173,\",\"breadcrumb\":{\"@id\":\"https:\/\/skaitytaknyga.lt\/produktas\/svarbiausios-vertybes-44-vertybes-kuriomis-dera-vadovautis-gyvenime\/#breadcrumb\"},\"inLanguage\":\"en-GB\",\"potentialAction\":[{\"@type\":\"ReadAction\",\"target\":[\"https:\/\/skaitytaknyga.lt\/produktas\/svarbiausios-vertybes-44-vertybes-kuriomis-dera-vadovautis-gyvenime\/\"]}]},{\"@type\":\"ImageObject\",\"inLanguage\":\"en-GB\",\"@id\":\"https:\/\/skaitytaknyga.lt\/produktas\/svarbiausios-vertybes-44-vertybes-kuriomis-dera-vadovautis-gyvenime\/#primaryimage\",\"url\":\"https:\/\/skaitytaknyga.lt\/wp-content\/uploads\/2025\/11\/Svarbiausios-vertybes-44-vertybes-kuriomis-dera-vadovautis-gyvenime-1.webp\",\"contentUrl\":\"https:\/\/skaitytaknyga.lt\/wp-content\/uploads\/2025\/11\/Svarbiausios-vertybes-44-vertybes-kuriomis-dera-vadovautis-gyvenime-1.webp\",\"width\":300,\"height\":339},{\"@type\":\"BreadcrumbList\",\"@id\":\"https:\/\/skaitytaknyga.lt\/produktas\/svarbiausios-vertybes-44-vertybes-kuriomis-dera-vadovautis-gyvenime\/#breadcrumb\",\"itemListElement\":[{\"@type\":\"ListItem\",\"position\":1,\"name\":\"Home\",\"item\":\"https:\/\/skaitytaknyga.lt\/\"},{\"@type\":\"ListItem\",\"position\":2,\"name\":\"Parduotuv\u0117\",\"item\":\"https:\/\/skaitytaknyga.lt\/knygu-parduotuve\/\"},{\"@type\":\"ListItem\",\"position\":3,\"name\":\"Svarbiausios vertyb\u0117s: 44 vertyb\u0117s, kuriomis dera vadovautis gyvenime\"}]},{\"@type\":\"WebSite\",\"@id\":\"https:\/\/skaitytaknyga.lt\/#website\",\"url\":\"https:\/\/skaitytaknyga.lt\/\",\"name\":\"skaitytaknyga.lt\",\"description\":\"Skaitytaknyga.lt \u2013 tai ma\u017eas \u0161eimos verslas, kuris prasid\u0117jo nuo meil\u0117s knygoms ir siekio i\u0161gelb\u0117ti knygas nuo likimo prie konteinerio. Kas vienam nereikalingas daiktas \u2013 kitam lobis, o mes esame tarpininkai, kurie padeda abiems tapti laimingesniems ???? \u017dinome kaip nelengva i\u0161gyventi ma\u017eiems verslams, tad nuo \u0161iol, \u010dia rasite ir kit\u0173, ma\u017e\u0173 \u0161eim\u0173 versl\u0173, rank\u0173 darbo, dovan\u0173 sau ir artimiesiems.\",\"publisher\":{\"@id\":\"https:\/\/skaitytaknyga.lt\/#organization\"},\"potentialAction\":[{\"@type\":\"SearchAction\",\"target\":{\"@type\":\"EntryPoint\",\"urlTemplate\":\"https:\/\/skaitytaknyga.lt\/?s={search_term_string}\"},\"query-input\":{\"@type\":\"PropertyValueSpecification\",\"valueRequired\":true,\"valueName\":\"search_term_string\"}}],\"inLanguage\":\"en-GB\"},{\"@type\":\"Organization\",\"@id\":\"https:\/\/skaitytaknyga.lt\/#organization\",\"name\":\"skaitytaknyga.lt\",\"url\":\"https:\/\/skaitytaknyga.lt\/\",\"logo\":{\"@type\":\"ImageObject\",\"inLanguage\":\"en-GB\",\"@id\":\"https:\/\/skaitytaknyga.lt\/#\/schema\/logo\/image\/\",\"url\":\"https:\/\/skaitytaknyga.lt\/wp-content\/uploads\/2024\/05\/cropped-cropped-cropped-02_00843_jt3bggkj1j3HLc7SyY6rEUpg.jpeg\",\"contentUrl\":\"https:\/\/skaitytaknyga.lt\/wp-content\/uploads\/2024\/05\/cropped-cropped-cropped-02_00843_jt3bggkj1j3HLc7SyY6rEUpg.jpeg\",\"width\":1600,\"height\":1600,\"caption\":\"skaitytaknyga.lt\"},\"image\":{\"@id\":\"https:\/\/skaitytaknyga.lt\/#\/schema\/logo\/image\/\"},\"sameAs\":[\"https:\/\/www.facebook.com\/skaitytaknyga\/\"]}]}<\/script>\n<!-- \/ Yoast SEO plugin. -->","yoast_head_json":{"title":"Svarbiausios vertyb\u0117s: 44 vertyb\u0117s, kuriomis dera vadovautis gyvenime","description":"Kiek daug yra vertybi\u0173! Vieniems atrodo svarbesn\u0117s vienos, kitiems \u2013 kitos. Vieni \u017emon\u0117s labiau vertina bendradarbiavim\u0105, kiti \u2013 paprastum\u0105. Yra vertybi\u0173,","robots":{"index":"index","follow":"follow","max-snippet":"max-snippet:-1","max-image-preview":"max-image-preview:large","max-video-preview":"max-video-preview:-1"},"canonical":"https:\/\/skaitytaknyga.lt\/en\/produktas\/svarbiausios-vertybes-44-vertybes-kuriomis-dera-vadovautis-gyvenime\/","og_locale":"en_GB","og_type":"article","og_title":"[:lt]Svarbiausios vertyb\u0117s: 44 vertyb\u0117s, kuriomis dera vadovautis gyvenime[:] - Skaitytaknyga","og_description":"Kiek daug yra vertybi\u0173! Vieniems atrodo svarbesn\u0117s vienos, kitiems \u2013 kitos. Vieni \u017emon\u0117s labiau vertina bendradarbiavim\u0105, kiti \u2013 paprastum\u0105. Yra vertybi\u0173,","og_url":"https:\/\/skaitytaknyga.lt\/en\/produktas\/svarbiausios-vertybes-44-vertybes-kuriomis-dera-vadovautis-gyvenime\/","og_site_name":"Skaitytaknyga","article_publisher":"https:\/\/www.facebook.com\/skaitytaknyga\/","article_modified_time":"2025-11-23T10:36:48+00:00","og_image":[{"width":300,"height":339,"url":"https:\/\/skaitytaknyga.lt\/wp-content\/uploads\/2025\/11\/Svarbiausios-vertybes-44-vertybes-kuriomis-dera-vadovautis-gyvenime-1.webp","type":"image\/webp"}],"twitter_card":"summary_large_image","schema":{"@context":"https:\/\/schema.org","@graph":[{"@type":"WebPage","@id":"https:\/\/skaitytaknyga.lt\/produktas\/svarbiausios-vertybes-44-vertybes-kuriomis-dera-vadovautis-gyvenime\/","url":"https:\/\/skaitytaknyga.lt\/produktas\/svarbiausios-vertybes-44-vertybes-kuriomis-dera-vadovautis-gyvenime\/","name":"Svarbiausios vertyb\u0117s: 44 vertyb\u0117s, kuriomis dera vadovautis gyvenime","isPartOf":{"@id":"https:\/\/skaitytaknyga.lt\/#website"},"primaryImageOfPage":{"@id":"https:\/\/skaitytaknyga.lt\/produktas\/svarbiausios-vertybes-44-vertybes-kuriomis-dera-vadovautis-gyvenime\/#primaryimage"},"image":{"@id":"https:\/\/skaitytaknyga.lt\/produktas\/svarbiausios-vertybes-44-vertybes-kuriomis-dera-vadovautis-gyvenime\/#primaryimage"},"thumbnailUrl":"https:\/\/skaitytaknyga.lt\/wp-content\/uploads\/2025\/11\/Svarbiausios-vertybes-44-vertybes-kuriomis-dera-vadovautis-gyvenime-1.webp","datePublished":"2025-11-23T09:37:34+00:00","dateModified":"2025-11-23T10:36:48+00:00","description":"Kiek daug yra vertybi\u0173! Vieniems atrodo svarbesn\u0117s vienos, kitiems \u2013 kitos. Vieni \u017emon\u0117s labiau vertina bendradarbiavim\u0105, kiti \u2013 paprastum\u0105. Yra vertybi\u0173,","breadcrumb":{"@id":"https:\/\/skaitytaknyga.lt\/produktas\/svarbiausios-vertybes-44-vertybes-kuriomis-dera-vadovautis-gyvenime\/#breadcrumb"},"inLanguage":"en-GB","potentialAction":[{"@type":"ReadAction","target":["https:\/\/skaitytaknyga.lt\/produktas\/svarbiausios-vertybes-44-vertybes-kuriomis-dera-vadovautis-gyvenime\/"]}]},{"@type":"ImageObject","inLanguage":"en-GB","@id":"https:\/\/skaitytaknyga.lt\/produktas\/svarbiausios-vertybes-44-vertybes-kuriomis-dera-vadovautis-gyvenime\/#primaryimage","url":"https:\/\/skaitytaknyga.lt\/wp-content\/uploads\/2025\/11\/Svarbiausios-vertybes-44-vertybes-kuriomis-dera-vadovautis-gyvenime-1.webp","contentUrl":"https:\/\/skaitytaknyga.lt\/wp-content\/uploads\/2025\/11\/Svarbiausios-vertybes-44-vertybes-kuriomis-dera-vadovautis-gyvenime-1.webp","width":300,"height":339},{"@type":"BreadcrumbList","@id":"https:\/\/skaitytaknyga.lt\/produktas\/svarbiausios-vertybes-44-vertybes-kuriomis-dera-vadovautis-gyvenime\/#breadcrumb","itemListElement":[{"@type":"ListItem","position":1,"name":"Home","item":"https:\/\/skaitytaknyga.lt\/"},{"@type":"ListItem","position":2,"name":"Parduotuv\u0117","item":"https:\/\/skaitytaknyga.lt\/knygu-parduotuve\/"},{"@type":"ListItem","position":3,"name":"Svarbiausios vertyb\u0117s: 44 vertyb\u0117s, kuriomis dera vadovautis gyvenime"}]},{"@type":"WebSite","@id":"https:\/\/skaitytaknyga.lt\/#website","url":"https:\/\/skaitytaknyga.lt\/","name":"skaitytaknyga.lt","description":"Skaitytaknyga.lt \u2013 tai ma\u017eas \u0161eimos verslas, kuris prasid\u0117jo nuo meil\u0117s knygoms ir siekio i\u0161gelb\u0117ti knygas nuo likimo prie konteinerio. Kas vienam nereikalingas daiktas \u2013 kitam lobis, o mes esame tarpininkai, kurie padeda abiems tapti laimingesniems ???? \u017dinome kaip nelengva i\u0161gyventi ma\u017eiems verslams, tad nuo \u0161iol, \u010dia rasite ir kit\u0173, ma\u017e\u0173 \u0161eim\u0173 versl\u0173, rank\u0173 darbo, dovan\u0173 sau ir artimiesiems.","publisher":{"@id":"https:\/\/skaitytaknyga.lt\/#organization"},"potentialAction":[{"@type":"SearchAction","target":{"@type":"EntryPoint","urlTemplate":"https:\/\/skaitytaknyga.lt\/?s={search_term_string}"},"query-input":{"@type":"PropertyValueSpecification","valueRequired":true,"valueName":"search_term_string"}}],"inLanguage":"en-GB"},{"@type":"Organization","@id":"https:\/\/skaitytaknyga.lt\/#organization","name":"skaitytaknyga.lt","url":"https:\/\/skaitytaknyga.lt\/","logo":{"@type":"ImageObject","inLanguage":"en-GB","@id":"https:\/\/skaitytaknyga.lt\/#\/schema\/logo\/image\/","url":"https:\/\/skaitytaknyga.lt\/wp-content\/uploads\/2024\/05\/cropped-cropped-cropped-02_00843_jt3bggkj1j3HLc7SyY6rEUpg.jpeg","contentUrl":"https:\/\/skaitytaknyga.lt\/wp-content\/uploads\/2024\/05\/cropped-cropped-cropped-02_00843_jt3bggkj1j3HLc7SyY6rEUpg.jpeg","width":1600,"height":1600,"caption":"skaitytaknyga.lt"},"image":{"@id":"https:\/\/skaitytaknyga.lt\/#\/schema\/logo\/image\/"},"sameAs":["https:\/\/www.facebook.com\/skaitytaknyga\/"]}]}},"_links":{"self":[{"href":"https:\/\/skaitytaknyga.lt\/en\/wp-json\/wp\/v2\/product\/22037","targetHints":{"allow":["GET"]}}],"collection":[{"href":"https:\/\/skaitytaknyga.lt\/en\/wp-json\/wp\/v2\/product"}],"about":[{"href":"https:\/\/skaitytaknyga.lt\/en\/wp-json\/wp\/v2\/types\/product"}],"replies":[{"embeddable":true,"href":"https:\/\/skaitytaknyga.lt\/en\/wp-json\/wp\/v2\/comments?post=22037"}],"wp:featuredmedia":[{"embeddable":true,"href":"https:\/\/skaitytaknyga.lt\/en\/wp-json\/wp\/v2\/media\/22042"}],"wp:attachment":[{"href":"https:\/\/skaitytaknyga.lt\/en\/wp-json\/wp\/v2\/media?parent=22037"}],"wp:term":[{"taxonomy":"product_brand","embeddable":true,"href":"https:\/\/skaitytaknyga.lt\/en\/wp-json\/wp\/v2\/product_brand?post=22037"},{"taxonomy":"product_cat","embeddable":true,"href":"https:\/\/skaitytaknyga.lt\/en\/wp-json\/wp\/v2\/product_cat?post=22037"},{"taxonomy":"product_tag","embeddable":true,"href":"https:\/\/skaitytaknyga.lt\/en\/wp-json\/wp\/v2\/product_tag?post=22037"}],"curies":[{"name":"wp","href":"https:\/\/api.w.org\/{rel}","templated":true}]}}