{"id":22036,"date":"2025-11-23T11:37:33","date_gmt":"2025-11-23T09:37:33","guid":{"rendered":"https:\/\/skaitytaknyga.lt\/?post_type=product&#038;p=22036"},"modified":"2026-03-05T10:38:40","modified_gmt":"2026-03-05T08:38:40","slug":"sniego-senis","status":"publish","type":"product","link":"https:\/\/skaitytaknyga.lt\/en\/produktas\/sniego-senis\/","title":{"rendered":"Sniego Senis"},"content":{"rendered":"<p>I\u0161krit\u0119s pirmasis sniegas prabangi\u0173 nam\u0173 rajon\u0105 apgaub\u0117 ramybe. Jo gyventojus Bekerius kiek suerzina kieme m\u012fslingai atsirad\u0119s sniego senis. V\u0117liau nakt\u012f Jon\u0105 pa\u017eadina neai\u0161kus garsas, jis eina ie\u0161koti mamos, bet&#8230; namie jos n\u0117ra. Nedr\u0105siai prav\u0117r\u0119s lauko duris berniukas \u017evilgsniu matuoja atstum\u0105 iki artimiausi\u0173 kaimyn\u0173, kol jo akys u\u017ekli\u016bva u\u017e prie\u0161ais nam\u0105 stovin\u010dio sniego senio \u2013 \u0161is ry\u0161i ro\u017ein\u012f motinos \u0161alik\u0105.<\/p>\n<p>Detektyvas Haris H\u016bl\u0117 u\u017e\u010diuopia ry\u0161\u012f tarp savo pa\u0161to d\u0117\u017eut\u0117je rasto lai\u0161ko ir dingusios moters. Paai\u0161k\u0117ja, kad per pastar\u0105j\u012f de\u0161imtmet\u012f be \u017einios dingo jau vienuolika moter\u0173 ir kaskart tuo pat metu \u2013 vos tik pasirodo pirmasis sniegas&#8230;\u017dudikas diktuoja \u017eaidimo taisykles ir, rodos, i\u0161 arti stebi kiekvien\u0105 Hario H\u016bl\u0117s \u017eingsn\u012f&#8230;<\/p>\n<p>\u201eSniego Senis\u201c \u2013 kriminalinis romanas su rafinuotais siaubo trilerio elementais. Tai viena \u0161iurpiausi\u0173 Jo Nesbo knyg\u0173.<\/p>\n<p>\u201eNei\u0161matuojamo gylio kaip sniegas, \u0161vytintis ir abstraktus kaip Beethoveno \u201eV\u0117lyvasis kvartetas\u201c, tiesiog unikali literat\u016brin\u0117 patirtis. Romanas pulsuoja energija, pagardintas ironija, kuri formuoja literat\u016br\u0105, taip pat ir mano.\u201c James Ellroy, detektyv\u0173 ra\u0161ytojas<\/p>\n","protected":false},"excerpt":{"rendered":"<p>I\u0161krit\u0119s pirmasis sniegas prabangi\u0173 nam\u0173 rajon\u0105 apgaub\u0117 ramybe. Jo gyventojus Bekerius kiek suerzina kieme m\u012fslingai atsirad\u0119s sniego senis. V\u0117liau nakt\u012f Jon\u0105 pa\u017eadina neai\u0161kus garsas, jis eina ie\u0161koti mamos, bet&#8230; namie jos n\u0117ra. Nedr\u0105siai prav\u0117r\u0119s lauko duris berniukas \u017evilgsniu matuoja atstum\u0105 iki artimiausi\u0173 kaimyn\u0173, kol jo akys u\u017ekli\u016bva u\u017e prie\u0161ais nam\u0105 stovin\u010dio sniego senio \u2013 \u0161is ry\u0161i ro\u017ein\u012f motinos \u0161alik\u0105. Detektyvas Haris H\u016bl\u0117 u\u017e\u010diuopia ry\u0161\u012f tarp savo pa\u0161to d\u0117\u017eut\u0117je rasto lai\u0161ko ir dingusios moters. Paai\u0161k\u0117ja, kad per pastar\u0105j\u012f de\u0161imtmet\u012f be \u017einios dingo jau vienuolika moter\u0173 ir kaskart tuo pat metu \u2013 vos tik pasirodo pirmasis sniegas&#8230;\u017dudikas diktuoja \u017eaidimo taisykles ir, rodos, i\u0161 arti stebi kiekvien\u0105 Hario H\u016bl\u0117s \u017eingsn\u012f&#8230; \u201eSniego Senis\u201c \u2013 kriminalinis romanas su rafinuotais siaubo trilerio elementais. Tai viena \u0161iurpiausi\u0173 Jo Nesbo knyg\u0173. \u201eNei\u0161matuojamo gylio kaip sniegas, \u0161vytintis ir abstraktus kaip Beethoveno \u201eV\u0117lyvasis kvartetas\u201c, tiesiog unikali literat\u016brin\u0117 patirtis. Romanas pulsuoja energija, pagardintas ironija, kuri formuoja literat\u016br\u0105, taip pat ir mano.\u201c James Ellroy, detektyv\u0173 ra\u0161ytojas<\/p>\n","protected":false},"featured_media":22041,"comment_status":"open","ping_status":"closed","template":"","meta":{"_acf_changed":false,"site-sidebar-layout":"default","site-content-layout":"","ast-site-content-layout":"default","site-content-style":"default","site-sidebar-style":"default","ast-global-header-display":"","ast-banner-title-visibility":"","ast-main-header-display":"","ast-hfb-above-header-display":"","ast-hfb-below-header-display":"","ast-hfb-mobile-header-display":"","site-post-title":"","ast-breadcrumbs-content":"","ast-featured-img":"","footer-sml-layout":"","ast-disable-related-posts":"","theme-transparent-header-meta":"","adv-header-id-meta":"","stick-header-meta":"","header-above-stick-meta":"","header-main-stick-meta":"","header-below-stick-meta":"","astra-migrate-meta-layouts":"default","ast-page-background-enabled":"default","ast-page-background-meta":{"desktop":{"background-color":"","background-image":"","background-repeat":"repeat","background-position":"center center","background-size":"auto","background-attachment":"scroll","background-type":"","background-media":"","overlay-type":"","overlay-color":"","overlay-opacity":"","overlay-gradient":""},"tablet":{"background-color":"","background-image":"","background-repeat":"repeat","background-position":"center center","background-size":"auto","background-attachment":"scroll","background-type":"","background-media":"","overlay-type":"","overlay-color":"","overlay-opacity":"","overlay-gradient":""},"mobile":{"background-color":"","background-image":"","background-repeat":"repeat","background-position":"center center","background-size":"auto","background-attachment":"scroll","background-type":"","background-media":"","overlay-type":"","overlay-color":"","overlay-opacity":"","overlay-gradient":""}},"ast-content-background-meta":{"desktop":{"background-color":"var(--ast-global-color-4)","background-image":"","background-repeat":"repeat","background-position":"center center","background-size":"auto","background-attachment":"scroll","background-type":"","background-media":"","overlay-type":"","overlay-color":"","overlay-opacity":"","overlay-gradient":""},"tablet":{"background-color":"var(--ast-global-color-4)","background-image":"","background-repeat":"repeat","background-position":"center center","background-size":"auto","background-attachment":"scroll","background-type":"","background-media":"","overlay-type":"","overlay-color":"","overlay-opacity":"","overlay-gradient":""},"mobile":{"background-color":"var(--ast-global-color-4)","background-image":"","background-repeat":"repeat","background-position":"center center","background-size":"auto","background-attachment":"scroll","background-type":"","background-media":"","overlay-type":"","overlay-color":"","overlay-opacity":"","overlay-gradient":""}}},"product_brand":[],"product_cat":[9581],"product_tag":[],"class_list":{"0":"post-22036","1":"product","2":"type-product","3":"status-publish","4":"has-post-thumbnail","6":"product_cat-kriminaliniai-romanai","7":"desktop-align-left","8":"tablet-align-left","9":"mobile-align-left","11":"first","12":"instock","13":"shipping-taxable","14":"purchasable","15":"product-type-simple"},"acf":[],"yoast_head":"<!-- This site is optimized with the Yoast SEO plugin v27.0 - https:\/\/yoast.com\/product\/yoast-seo-wordpress\/ -->\n<title>Sniego Senis<\/title>\n<meta name=\"description\" content=\"I\u0161krit\u0119s pirmasis sniegas prabangi\u0173 nam\u0173 rajon\u0105 apgaub\u0117 ramybe. Jo gyventojus Bekerius kiek suerzina kieme m\u012fslingai atsirad\u0119s sniego senis. V\u0117liau nakt\u012f\" \/>\n<meta name=\"robots\" content=\"index, follow, max-snippet:-1, max-image-preview:large, max-video-preview:-1\" \/>\n<link rel=\"canonical\" href=\"https:\/\/skaitytaknyga.lt\/en\/produktas\/sniego-senis\/\" \/>\n<meta property=\"og:locale\" content=\"en_GB\" \/>\n<meta property=\"og:locale:alternate\" content=\"lt_LT\" \/>\n<meta property=\"og:type\" content=\"article\" \/>\n<meta property=\"og:title\" content=\"Sniego Senis\" \/>\n<meta property=\"og:description\" content=\"I\u0161krit\u0119s pirmasis sniegas prabangi\u0173 nam\u0173 rajon\u0105 apgaub\u0117 ramybe. Jo gyventojus Bekerius kiek suerzina kieme m\u012fslingai atsirad\u0119s sniego senis. V\u0117liau nakt\u012f\" \/>\n<meta property=\"og:url\" content=\"https:\/\/skaitytaknyga.lt\/en\/produktas\/sniego-senis\/\" \/>\n<meta property=\"og:site_name\" content=\"Skaitytaknyga\" \/>\n<meta property=\"article:publisher\" content=\"https:\/\/www.facebook.com\/skaitytaknyga\/\" \/>\n<meta property=\"article:modified_time\" content=\"2026-03-05T08:38:40+00:00\" \/>\n<meta property=\"og:image\" content=\"https:\/\/skaitytaknyga.lt\/wp-content\/uploads\/2025\/11\/Sniego-Senis-1.webp\" \/>\n\t<meta property=\"og:image:width\" content=\"300\" \/>\n\t<meta property=\"og:image:height\" content=\"445\" \/>\n\t<meta property=\"og:image:type\" content=\"image\/webp\" \/>\n<meta name=\"twitter:card\" content=\"summary_large_image\" \/>\n<meta name=\"twitter:label1\" content=\"Estimated reading time\" \/>\n\t<meta name=\"twitter:data1\" content=\"1 minute\" \/>\n<script type=\"application\/ld+json\" class=\"yoast-schema-graph\">{\"@context\":\"https:\/\/schema.org\",\"@graph\":[{\"@type\":\"WebPage\",\"@id\":\"https:\/\/skaitytaknyga.lt\/produktas\/sniego-senis\/\",\"url\":\"https:\/\/skaitytaknyga.lt\/produktas\/sniego-senis\/\",\"name\":\"Sniego Senis\",\"isPartOf\":{\"@id\":\"https:\/\/skaitytaknyga.lt\/#website\"},\"primaryImageOfPage\":{\"@id\":\"https:\/\/skaitytaknyga.lt\/produktas\/sniego-senis\/#primaryimage\"},\"image\":{\"@id\":\"https:\/\/skaitytaknyga.lt\/produktas\/sniego-senis\/#primaryimage\"},\"thumbnailUrl\":\"https:\/\/skaitytaknyga.lt\/wp-content\/uploads\/2025\/11\/Sniego-Senis-1.webp\",\"datePublished\":\"2025-11-23T09:37:33+00:00\",\"dateModified\":\"2026-03-05T08:38:40+00:00\",\"description\":\"I\u0161krit\u0119s pirmasis sniegas prabangi\u0173 nam\u0173 rajon\u0105 apgaub\u0117 ramybe. Jo gyventojus Bekerius kiek suerzina kieme m\u012fslingai atsirad\u0119s sniego senis. V\u0117liau nakt\u012f\",\"breadcrumb\":{\"@id\":\"https:\/\/skaitytaknyga.lt\/produktas\/sniego-senis\/#breadcrumb\"},\"inLanguage\":\"en-GB\",\"potentialAction\":[{\"@type\":\"ReadAction\",\"target\":[\"https:\/\/skaitytaknyga.lt\/produktas\/sniego-senis\/\"]}]},{\"@type\":\"ImageObject\",\"inLanguage\":\"en-GB\",\"@id\":\"https:\/\/skaitytaknyga.lt\/produktas\/sniego-senis\/#primaryimage\",\"url\":\"https:\/\/skaitytaknyga.lt\/wp-content\/uploads\/2025\/11\/Sniego-Senis-1.webp\",\"contentUrl\":\"https:\/\/skaitytaknyga.lt\/wp-content\/uploads\/2025\/11\/Sniego-Senis-1.webp\",\"width\":300,\"height\":445},{\"@type\":\"BreadcrumbList\",\"@id\":\"https:\/\/skaitytaknyga.lt\/produktas\/sniego-senis\/#breadcrumb\",\"itemListElement\":[{\"@type\":\"ListItem\",\"position\":1,\"name\":\"Home\",\"item\":\"https:\/\/skaitytaknyga.lt\/\"},{\"@type\":\"ListItem\",\"position\":2,\"name\":\"Parduotuv\u0117\",\"item\":\"https:\/\/skaitytaknyga.lt\/knygu-parduotuve\/\"},{\"@type\":\"ListItem\",\"position\":3,\"name\":\"Sniego Senis\"}]},{\"@type\":\"WebSite\",\"@id\":\"https:\/\/skaitytaknyga.lt\/#website\",\"url\":\"https:\/\/skaitytaknyga.lt\/\",\"name\":\"skaitytaknyga.lt\",\"description\":\"Skaitytaknyga.lt \u2013 tai ma\u017eas \u0161eimos verslas, kuris prasid\u0117jo nuo meil\u0117s knygoms ir siekio i\u0161gelb\u0117ti knygas nuo likimo prie konteinerio. Kas vienam nereikalingas daiktas \u2013 kitam lobis, o mes esame tarpininkai, kurie padeda abiems tapti laimingesniems ???? \u017dinome kaip nelengva i\u0161gyventi ma\u017eiems verslams, tad nuo \u0161iol, \u010dia rasite ir kit\u0173, ma\u017e\u0173 \u0161eim\u0173 versl\u0173, rank\u0173 darbo, dovan\u0173 sau ir artimiesiems.\",\"publisher\":{\"@id\":\"https:\/\/skaitytaknyga.lt\/#organization\"},\"potentialAction\":[{\"@type\":\"SearchAction\",\"target\":{\"@type\":\"EntryPoint\",\"urlTemplate\":\"https:\/\/skaitytaknyga.lt\/?s={search_term_string}\"},\"query-input\":{\"@type\":\"PropertyValueSpecification\",\"valueRequired\":true,\"valueName\":\"search_term_string\"}}],\"inLanguage\":\"en-GB\"},{\"@type\":\"Organization\",\"@id\":\"https:\/\/skaitytaknyga.lt\/#organization\",\"name\":\"skaitytaknyga.lt\",\"url\":\"https:\/\/skaitytaknyga.lt\/\",\"logo\":{\"@type\":\"ImageObject\",\"inLanguage\":\"en-GB\",\"@id\":\"https:\/\/skaitytaknyga.lt\/#\/schema\/logo\/image\/\",\"url\":\"https:\/\/skaitytaknyga.lt\/wp-content\/uploads\/2024\/05\/cropped-cropped-cropped-02_00843_jt3bggkj1j3HLc7SyY6rEUpg.jpeg\",\"contentUrl\":\"https:\/\/skaitytaknyga.lt\/wp-content\/uploads\/2024\/05\/cropped-cropped-cropped-02_00843_jt3bggkj1j3HLc7SyY6rEUpg.jpeg\",\"width\":1600,\"height\":1600,\"caption\":\"skaitytaknyga.lt\"},\"image\":{\"@id\":\"https:\/\/skaitytaknyga.lt\/#\/schema\/logo\/image\/\"},\"sameAs\":[\"https:\/\/www.facebook.com\/skaitytaknyga\/\"]}]}<\/script>\n<!-- \/ Yoast SEO plugin. -->","yoast_head_json":{"title":"Sniego Senis","description":"I\u0161krit\u0119s pirmasis sniegas prabangi\u0173 nam\u0173 rajon\u0105 apgaub\u0117 ramybe. Jo gyventojus Bekerius kiek suerzina kieme m\u012fslingai atsirad\u0119s sniego senis. V\u0117liau nakt\u012f","robots":{"index":"index","follow":"follow","max-snippet":"max-snippet:-1","max-image-preview":"max-image-preview:large","max-video-preview":"max-video-preview:-1"},"canonical":"https:\/\/skaitytaknyga.lt\/en\/produktas\/sniego-senis\/","og_locale":"en_GB","og_type":"article","og_title":"[:lt]Sniego Senis[:] - Skaitytaknyga","og_description":"I\u0161krit\u0119s pirmasis sniegas prabangi\u0173 nam\u0173 rajon\u0105 apgaub\u0117 ramybe. Jo gyventojus Bekerius kiek suerzina kieme m\u012fslingai atsirad\u0119s sniego senis. V\u0117liau nakt\u012f","og_url":"https:\/\/skaitytaknyga.lt\/en\/produktas\/sniego-senis\/","og_site_name":"Skaitytaknyga","article_publisher":"https:\/\/www.facebook.com\/skaitytaknyga\/","article_modified_time":"2026-03-05T08:38:40+00:00","og_image":[{"width":300,"height":445,"url":"https:\/\/skaitytaknyga.lt\/wp-content\/uploads\/2025\/11\/Sniego-Senis-1.webp","type":"image\/webp"}],"twitter_card":"summary_large_image","twitter_misc":{"Estimated reading time":"1 minute"},"schema":{"@context":"https:\/\/schema.org","@graph":[{"@type":"WebPage","@id":"https:\/\/skaitytaknyga.lt\/produktas\/sniego-senis\/","url":"https:\/\/skaitytaknyga.lt\/produktas\/sniego-senis\/","name":"Sniego Senis","isPartOf":{"@id":"https:\/\/skaitytaknyga.lt\/#website"},"primaryImageOfPage":{"@id":"https:\/\/skaitytaknyga.lt\/produktas\/sniego-senis\/#primaryimage"},"image":{"@id":"https:\/\/skaitytaknyga.lt\/produktas\/sniego-senis\/#primaryimage"},"thumbnailUrl":"https:\/\/skaitytaknyga.lt\/wp-content\/uploads\/2025\/11\/Sniego-Senis-1.webp","datePublished":"2025-11-23T09:37:33+00:00","dateModified":"2026-03-05T08:38:40+00:00","description":"I\u0161krit\u0119s pirmasis sniegas prabangi\u0173 nam\u0173 rajon\u0105 apgaub\u0117 ramybe. Jo gyventojus Bekerius kiek suerzina kieme m\u012fslingai atsirad\u0119s sniego senis. V\u0117liau nakt\u012f","breadcrumb":{"@id":"https:\/\/skaitytaknyga.lt\/produktas\/sniego-senis\/#breadcrumb"},"inLanguage":"en-GB","potentialAction":[{"@type":"ReadAction","target":["https:\/\/skaitytaknyga.lt\/produktas\/sniego-senis\/"]}]},{"@type":"ImageObject","inLanguage":"en-GB","@id":"https:\/\/skaitytaknyga.lt\/produktas\/sniego-senis\/#primaryimage","url":"https:\/\/skaitytaknyga.lt\/wp-content\/uploads\/2025\/11\/Sniego-Senis-1.webp","contentUrl":"https:\/\/skaitytaknyga.lt\/wp-content\/uploads\/2025\/11\/Sniego-Senis-1.webp","width":300,"height":445},{"@type":"BreadcrumbList","@id":"https:\/\/skaitytaknyga.lt\/produktas\/sniego-senis\/#breadcrumb","itemListElement":[{"@type":"ListItem","position":1,"name":"Home","item":"https:\/\/skaitytaknyga.lt\/"},{"@type":"ListItem","position":2,"name":"Parduotuv\u0117","item":"https:\/\/skaitytaknyga.lt\/knygu-parduotuve\/"},{"@type":"ListItem","position":3,"name":"Sniego Senis"}]},{"@type":"WebSite","@id":"https:\/\/skaitytaknyga.lt\/#website","url":"https:\/\/skaitytaknyga.lt\/","name":"skaitytaknyga.lt","description":"Skaitytaknyga.lt \u2013 tai ma\u017eas \u0161eimos verslas, kuris prasid\u0117jo nuo meil\u0117s knygoms ir siekio i\u0161gelb\u0117ti knygas nuo likimo prie konteinerio. Kas vienam nereikalingas daiktas \u2013 kitam lobis, o mes esame tarpininkai, kurie padeda abiems tapti laimingesniems ???? \u017dinome kaip nelengva i\u0161gyventi ma\u017eiems verslams, tad nuo \u0161iol, \u010dia rasite ir kit\u0173, ma\u017e\u0173 \u0161eim\u0173 versl\u0173, rank\u0173 darbo, dovan\u0173 sau ir artimiesiems.","publisher":{"@id":"https:\/\/skaitytaknyga.lt\/#organization"},"potentialAction":[{"@type":"SearchAction","target":{"@type":"EntryPoint","urlTemplate":"https:\/\/skaitytaknyga.lt\/?s={search_term_string}"},"query-input":{"@type":"PropertyValueSpecification","valueRequired":true,"valueName":"search_term_string"}}],"inLanguage":"en-GB"},{"@type":"Organization","@id":"https:\/\/skaitytaknyga.lt\/#organization","name":"skaitytaknyga.lt","url":"https:\/\/skaitytaknyga.lt\/","logo":{"@type":"ImageObject","inLanguage":"en-GB","@id":"https:\/\/skaitytaknyga.lt\/#\/schema\/logo\/image\/","url":"https:\/\/skaitytaknyga.lt\/wp-content\/uploads\/2024\/05\/cropped-cropped-cropped-02_00843_jt3bggkj1j3HLc7SyY6rEUpg.jpeg","contentUrl":"https:\/\/skaitytaknyga.lt\/wp-content\/uploads\/2024\/05\/cropped-cropped-cropped-02_00843_jt3bggkj1j3HLc7SyY6rEUpg.jpeg","width":1600,"height":1600,"caption":"skaitytaknyga.lt"},"image":{"@id":"https:\/\/skaitytaknyga.lt\/#\/schema\/logo\/image\/"},"sameAs":["https:\/\/www.facebook.com\/skaitytaknyga\/"]}]}},"_links":{"self":[{"href":"https:\/\/skaitytaknyga.lt\/en\/wp-json\/wp\/v2\/product\/22036","targetHints":{"allow":["GET"]}}],"collection":[{"href":"https:\/\/skaitytaknyga.lt\/en\/wp-json\/wp\/v2\/product"}],"about":[{"href":"https:\/\/skaitytaknyga.lt\/en\/wp-json\/wp\/v2\/types\/product"}],"replies":[{"embeddable":true,"href":"https:\/\/skaitytaknyga.lt\/en\/wp-json\/wp\/v2\/comments?post=22036"}],"wp:featuredmedia":[{"embeddable":true,"href":"https:\/\/skaitytaknyga.lt\/en\/wp-json\/wp\/v2\/media\/22041"}],"wp:attachment":[{"href":"https:\/\/skaitytaknyga.lt\/en\/wp-json\/wp\/v2\/media?parent=22036"}],"wp:term":[{"taxonomy":"product_brand","embeddable":true,"href":"https:\/\/skaitytaknyga.lt\/en\/wp-json\/wp\/v2\/product_brand?post=22036"},{"taxonomy":"product_cat","embeddable":true,"href":"https:\/\/skaitytaknyga.lt\/en\/wp-json\/wp\/v2\/product_cat?post=22036"},{"taxonomy":"product_tag","embeddable":true,"href":"https:\/\/skaitytaknyga.lt\/en\/wp-json\/wp\/v2\/product_tag?post=22036"}],"curies":[{"name":"wp","href":"https:\/\/api.w.org\/{rel}","templated":true}]}}