{"id":2203,"date":"2024-04-17T13:06:26","date_gmt":"2024-04-17T13:06:26","guid":{"rendered":"https:\/\/skaitytaknyga.lt\/?post_type=product&#038;p=2203"},"modified":"2024-05-03T07:14:19","modified_gmt":"2024-05-03T07:14:19","slug":"salin-sielos-balasta","status":"publish","type":"product","link":"https:\/\/skaitytaknyga.lt\/en\/produktas\/salin-sielos-balasta\/","title":{"rendered":"\u0160alin sielos balast\u0105!"},"content":{"rendered":"","protected":false},"excerpt":{"rendered":"<p>Ar para tur\u0117t\u0173 trukti 48 valandas, kad susp\u0117tum\u0117te visk\u0105, ko \u0117m\u0117t\u0117s? Jau\u010diate vidin\u0119 \u012ftamp\u0105, visko jums yra \u201eper daug\u201c? Per daug darbo ir stres\u0173, per daug veiklos ir \u012fsipareigojim\u0173? O kartu \u2013 tr\u016bksta laiko ir energijos i\u0161 ties\u0173 svarbiems gyvenimo dalykams, jei tik i\u0161vis dar prisimenate, kad gyvenate!<\/p>\n<p>Jei taip \u2013 metas pasiekti gyvenimo darnos ir susitelkti \u012f esm\u0119. \u0160alin visk\u0105, kas trukdo, be reikalo eikvoja pinigus ir laik\u0105! \u0160alin pa\u017eintis, kurios tik vagia energij\u0105! \u0160alin problemas, kurios i\u0161 tikr\u0173j\u0173 neegzistuoja arba yra ne m\u016bs\u0173! \u0160alin pagalius, kuriuos patys sau kai\u0161iojame \u012f ratus!<\/p>\n<p>Rasti gyvenimo pusiausvyr\u0105, vadinasi, atsikratyti senien\u0173 ir leistis \u012f naujoves. Ypatinga \u201e\u0160alin!\u201c koncepcija suteikia erdv\u0117s ir atveria kelius naujoms gyvenimo paskatoms<\/p>\n","protected":false},"featured_media":2234,"comment_status":"closed","ping_status":"closed","template":"","meta":{"_acf_changed":false,"site-sidebar-layout":"default","site-content-layout":"","ast-site-content-layout":"default","site-content-style":"default","site-sidebar-style":"default","ast-global-header-display":"","ast-banner-title-visibility":"","ast-main-header-display":"","ast-hfb-above-header-display":"","ast-hfb-below-header-display":"","ast-hfb-mobile-header-display":"","site-post-title":"","ast-breadcrumbs-content":"","ast-featured-img":"","footer-sml-layout":"","ast-disable-related-posts":"","theme-transparent-header-meta":"","adv-header-id-meta":"","stick-header-meta":"","header-above-stick-meta":"","header-main-stick-meta":"","header-below-stick-meta":"","astra-migrate-meta-layouts":"default","ast-page-background-enabled":"default","ast-page-background-meta":{"desktop":{"background-color":"","background-image":"","background-repeat":"repeat","background-position":"center center","background-size":"auto","background-attachment":"scroll","background-type":"","background-media":"","overlay-type":"","overlay-color":"","overlay-opacity":"","overlay-gradient":""},"tablet":{"background-color":"","background-image":"","background-repeat":"repeat","background-position":"center center","background-size":"auto","background-attachment":"scroll","background-type":"","background-media":"","overlay-type":"","overlay-color":"","overlay-opacity":"","overlay-gradient":""},"mobile":{"background-color":"","background-image":"","background-repeat":"repeat","background-position":"center center","background-size":"auto","background-attachment":"scroll","background-type":"","background-media":"","overlay-type":"","overlay-color":"","overlay-opacity":"","overlay-gradient":""}},"ast-content-background-meta":{"desktop":{"background-color":"var(--ast-global-color-4)","background-image":"","background-repeat":"repeat","background-position":"center center","background-size":"auto","background-attachment":"scroll","background-type":"","background-media":"","overlay-type":"","overlay-color":"","overlay-opacity":"","overlay-gradient":""},"tablet":{"background-color":"var(--ast-global-color-4)","background-image":"","background-repeat":"repeat","background-position":"center center","background-size":"auto","background-attachment":"scroll","background-type":"","background-media":"","overlay-type":"","overlay-color":"","overlay-opacity":"","overlay-gradient":""},"mobile":{"background-color":"var(--ast-global-color-4)","background-image":"","background-repeat":"repeat","background-position":"center center","background-size":"auto","background-attachment":"scroll","background-type":"","background-media":"","overlay-type":"","overlay-color":"","overlay-opacity":"","overlay-gradient":""}}},"product_brand":[],"product_cat":[30],"product_tag":[],"class_list":{"0":"post-2203","1":"product","2":"type-product","3":"status-publish","4":"has-post-thumbnail","6":"product_cat-psichologija-ir-saviugda","7":"desktop-align-left","8":"tablet-align-left","9":"mobile-align-left","11":"first","12":"outofstock","13":"shipping-taxable","14":"purchasable","15":"product-type-simple"},"acf":[],"yoast_head":"<!-- This site is optimized with the Yoast SEO plugin v27.0 - https:\/\/yoast.com\/product\/yoast-seo-wordpress\/ -->\n<title>\u0160alin sielos balast\u0105! - Skaitytaknyga<\/title>\n<meta name=\"description\" content=\"Ar para tur\u0117t\u0173 trukti 48 valandas, kad susp\u0117tum\u0117te visk\u0105, ko \u0117m\u0117t\u0117s? Jau\u010diate vidin\u0119 \u012ftamp\u0105, visko jums yra \u201eper daug\u201c? Per daug darbo ir stres\u0173, per daug veiklos ir \u012fsipareigojim\u0173? O kartu \u2013 tr\u016bksta laiko ir energijos i\u0161 ties\u0173 svarbiems gyvenimo dalykams, jei tik i\u0161vis dar prisimenate, kad gyvenate!  Jei taip \u2013 metas pasiekti gyvenimo darnos ir susitelkti \u012f esm\u0119. \u0160alin visk\u0105, kas trukdo, be reikalo eikvoja pinigus ir laik\u0105! \u0160alin pa\u017eintis, kurios tik vagia energij\u0105! \u0160alin problemas, kurios i\u0161 tikr\u0173j\u0173 neegzistuoja arba yra ne m\u016bs\u0173! \u0160alin pagalius, kuriuos patys sau kai\u0161iojame \u012f ratus!  Rasti gyvenimo pusiausvyr\u0105, vadinasi, atsikratyti senien\u0173 ir leistis \u012f naujoves. Ypatinga \u201e\u0160alin!\u201c koncepcija suteikia erdv\u0117s ir atveria kelius naujoms gyvenimo paskatoms\" \/>\n<meta name=\"robots\" content=\"index, follow, max-snippet:-1, max-image-preview:large, max-video-preview:-1\" \/>\n<link rel=\"canonical\" href=\"https:\/\/skaitytaknyga.lt\/en\/produktas\/salin-sielos-balasta\/\" \/>\n<meta property=\"og:locale\" content=\"en_GB\" \/>\n<meta property=\"og:locale:alternate\" content=\"lt_LT\" \/>\n<meta property=\"og:type\" content=\"article\" \/>\n<meta property=\"og:title\" content=\"\u0160alin sielos balast\u0105! - Skaitytaknyga\" \/>\n<meta property=\"og:description\" content=\"Ar para tur\u0117t\u0173 trukti 48 valandas, kad susp\u0117tum\u0117te visk\u0105, ko \u0117m\u0117t\u0117s? Jau\u010diate vidin\u0119 \u012ftamp\u0105, visko jums yra \u201eper daug\u201c? Per daug darbo ir stres\u0173, per daug veiklos ir \u012fsipareigojim\u0173? O kartu \u2013 tr\u016bksta laiko ir energijos i\u0161 ties\u0173 svarbiems gyvenimo dalykams, jei tik i\u0161vis dar prisimenate, kad gyvenate!  Jei taip \u2013 metas pasiekti gyvenimo darnos ir susitelkti \u012f esm\u0119. \u0160alin visk\u0105, kas trukdo, be reikalo eikvoja pinigus ir laik\u0105! \u0160alin pa\u017eintis, kurios tik vagia energij\u0105! \u0160alin problemas, kurios i\u0161 tikr\u0173j\u0173 neegzistuoja arba yra ne m\u016bs\u0173! \u0160alin pagalius, kuriuos patys sau kai\u0161iojame \u012f ratus!  Rasti gyvenimo pusiausvyr\u0105, vadinasi, atsikratyti senien\u0173 ir leistis \u012f naujoves. Ypatinga \u201e\u0160alin!\u201c koncepcija suteikia erdv\u0117s ir atveria kelius naujoms gyvenimo paskatoms\" \/>\n<meta property=\"og:url\" content=\"https:\/\/skaitytaknyga.lt\/en\/produktas\/salin-sielos-balasta\/\" \/>\n<meta property=\"og:site_name\" content=\"Skaitytaknyga\" \/>\n<meta property=\"article:publisher\" content=\"https:\/\/www.facebook.com\/skaitytaknyga\/\" \/>\n<meta property=\"article:modified_time\" content=\"2024-05-03T07:14:19+00:00\" \/>\n<meta property=\"og:image\" content=\"https:\/\/skaitytaknyga.lt\/wp-content\/uploads\/2024\/04\/000000000001101454-59de815d59ea7-asset-knyguklubas-cdb_sviesa_db216aebcba198fee8707ecefec8dea7_p1.jpg\" \/>\n\t<meta property=\"og:image:width\" content=\"265\" \/>\n\t<meta property=\"og:image:height\" content=\"265\" \/>\n\t<meta property=\"og:image:type\" content=\"image\/jpeg\" \/>\n<meta name=\"twitter:card\" content=\"summary_large_image\" \/>\n<script type=\"application\/ld+json\" class=\"yoast-schema-graph\">{\"@context\":\"https:\/\/schema.org\",\"@graph\":[{\"@type\":\"WebPage\",\"@id\":\"https:\/\/skaitytaknyga.lt\/produktas\/salin-sielos-balasta\/\",\"url\":\"https:\/\/skaitytaknyga.lt\/produktas\/salin-sielos-balasta\/\",\"name\":\"\u0160alin sielos balast\u0105! - Skaitytaknyga\",\"isPartOf\":{\"@id\":\"https:\/\/skaitytaknyga.lt\/#website\"},\"primaryImageOfPage\":{\"@id\":\"https:\/\/skaitytaknyga.lt\/produktas\/salin-sielos-balasta\/#primaryimage\"},\"image\":{\"@id\":\"https:\/\/skaitytaknyga.lt\/produktas\/salin-sielos-balasta\/#primaryimage\"},\"thumbnailUrl\":\"https:\/\/skaitytaknyga.lt\/wp-content\/uploads\/2024\/04\/000000000001101454-59de815d59ea7-asset-knyguklubas-cdb_sviesa_db216aebcba198fee8707ecefec8dea7_p1.jpg\",\"datePublished\":\"2024-04-17T13:06:26+00:00\",\"dateModified\":\"2024-05-03T07:14:19+00:00\",\"description\":\"Ar para tur\u0117t\u0173 trukti 48 valandas, kad susp\u0117tum\u0117te visk\u0105, ko \u0117m\u0117t\u0117s? Jau\u010diate vidin\u0119 \u012ftamp\u0105, visko jums yra \u201eper daug\u201c? Per daug darbo ir stres\u0173, per daug veiklos ir \u012fsipareigojim\u0173? O kartu \u2013 tr\u016bksta laiko ir energijos i\u0161 ties\u0173 svarbiems gyvenimo dalykams, jei tik i\u0161vis dar prisimenate, kad gyvenate! Jei taip \u2013 metas pasiekti gyvenimo darnos ir susitelkti \u012f esm\u0119. \u0160alin visk\u0105, kas trukdo, be reikalo eikvoja pinigus ir laik\u0105! \u0160alin pa\u017eintis, kurios tik vagia energij\u0105! \u0160alin problemas, kurios i\u0161 tikr\u0173j\u0173 neegzistuoja arba yra ne m\u016bs\u0173! \u0160alin pagalius, kuriuos patys sau kai\u0161iojame \u012f ratus! Rasti gyvenimo pusiausvyr\u0105, vadinasi, atsikratyti senien\u0173 ir leistis \u012f naujoves. Ypatinga \u201e\u0160alin!\u201c koncepcija suteikia erdv\u0117s ir atveria kelius naujoms gyvenimo paskatoms\",\"breadcrumb\":{\"@id\":\"https:\/\/skaitytaknyga.lt\/produktas\/salin-sielos-balasta\/#breadcrumb\"},\"inLanguage\":\"en-GB\",\"potentialAction\":[{\"@type\":\"ReadAction\",\"target\":[\"https:\/\/skaitytaknyga.lt\/produktas\/salin-sielos-balasta\/\"]}]},{\"@type\":\"ImageObject\",\"inLanguage\":\"en-GB\",\"@id\":\"https:\/\/skaitytaknyga.lt\/produktas\/salin-sielos-balasta\/#primaryimage\",\"url\":\"https:\/\/skaitytaknyga.lt\/wp-content\/uploads\/2024\/04\/000000000001101454-59de815d59ea7-asset-knyguklubas-cdb_sviesa_db216aebcba198fee8707ecefec8dea7_p1.jpg\",\"contentUrl\":\"https:\/\/skaitytaknyga.lt\/wp-content\/uploads\/2024\/04\/000000000001101454-59de815d59ea7-asset-knyguklubas-cdb_sviesa_db216aebcba198fee8707ecefec8dea7_p1.jpg\",\"width\":265,\"height\":265,\"caption\":\"000000000001101454 59de815d59ea7 asset knyguklubas cdb sviesa db216aebcba198fee8707ecefec8dea7 p1\"},{\"@type\":\"BreadcrumbList\",\"@id\":\"https:\/\/skaitytaknyga.lt\/produktas\/salin-sielos-balasta\/#breadcrumb\",\"itemListElement\":[{\"@type\":\"ListItem\",\"position\":1,\"name\":\"Home\",\"item\":\"https:\/\/skaitytaknyga.lt\/\"},{\"@type\":\"ListItem\",\"position\":2,\"name\":\"Parduotuv\u0117\",\"item\":\"https:\/\/skaitytaknyga.lt\/knygu-parduotuve\/\"},{\"@type\":\"ListItem\",\"position\":3,\"name\":\"\u0160alin sielos balast\u0105!\"}]},{\"@type\":\"WebSite\",\"@id\":\"https:\/\/skaitytaknyga.lt\/#website\",\"url\":\"https:\/\/skaitytaknyga.lt\/\",\"name\":\"skaitytaknyga.lt\",\"description\":\"Skaitytaknyga.lt \u2013 tai ma\u017eas \u0161eimos verslas, kuris prasid\u0117jo nuo meil\u0117s knygoms ir siekio i\u0161gelb\u0117ti knygas nuo likimo prie konteinerio. Kas vienam nereikalingas daiktas \u2013 kitam lobis, o mes esame tarpininkai, kurie padeda abiems tapti laimingesniems ???? \u017dinome kaip nelengva i\u0161gyventi ma\u017eiems verslams, tad nuo \u0161iol, \u010dia rasite ir kit\u0173, ma\u017e\u0173 \u0161eim\u0173 versl\u0173, rank\u0173 darbo, dovan\u0173 sau ir artimiesiems.\",\"publisher\":{\"@id\":\"https:\/\/skaitytaknyga.lt\/#organization\"},\"potentialAction\":[{\"@type\":\"SearchAction\",\"target\":{\"@type\":\"EntryPoint\",\"urlTemplate\":\"https:\/\/skaitytaknyga.lt\/?s={search_term_string}\"},\"query-input\":{\"@type\":\"PropertyValueSpecification\",\"valueRequired\":true,\"valueName\":\"search_term_string\"}}],\"inLanguage\":\"en-GB\"},{\"@type\":\"Organization\",\"@id\":\"https:\/\/skaitytaknyga.lt\/#organization\",\"name\":\"skaitytaknyga.lt\",\"url\":\"https:\/\/skaitytaknyga.lt\/\",\"logo\":{\"@type\":\"ImageObject\",\"inLanguage\":\"en-GB\",\"@id\":\"https:\/\/skaitytaknyga.lt\/#\/schema\/logo\/image\/\",\"url\":\"https:\/\/skaitytaknyga.lt\/wp-content\/uploads\/2024\/05\/cropped-cropped-cropped-02_00843_jt3bggkj1j3HLc7SyY6rEUpg.jpeg\",\"contentUrl\":\"https:\/\/skaitytaknyga.lt\/wp-content\/uploads\/2024\/05\/cropped-cropped-cropped-02_00843_jt3bggkj1j3HLc7SyY6rEUpg.jpeg\",\"width\":1600,\"height\":1600,\"caption\":\"skaitytaknyga.lt\"},\"image\":{\"@id\":\"https:\/\/skaitytaknyga.lt\/#\/schema\/logo\/image\/\"},\"sameAs\":[\"https:\/\/www.facebook.com\/skaitytaknyga\/\"]}]}<\/script>\n<!-- \/ Yoast SEO plugin. -->","yoast_head_json":{"title":"\u0160alin sielos balast\u0105! - Skaitytaknyga","description":"Ar para tur\u0117t\u0173 trukti 48 valandas, kad susp\u0117tum\u0117te visk\u0105, ko \u0117m\u0117t\u0117s? Jau\u010diate vidin\u0119 \u012ftamp\u0105, visko jums yra \u201eper daug\u201c? Per daug darbo ir stres\u0173, per daug veiklos ir \u012fsipareigojim\u0173? O kartu \u2013 tr\u016bksta laiko ir energijos i\u0161 ties\u0173 svarbiems gyvenimo dalykams, jei tik i\u0161vis dar prisimenate, kad gyvenate!  Jei taip \u2013 metas pasiekti gyvenimo darnos ir susitelkti \u012f esm\u0119. \u0160alin visk\u0105, kas trukdo, be reikalo eikvoja pinigus ir laik\u0105! \u0160alin pa\u017eintis, kurios tik vagia energij\u0105! \u0160alin problemas, kurios i\u0161 tikr\u0173j\u0173 neegzistuoja arba yra ne m\u016bs\u0173! \u0160alin pagalius, kuriuos patys sau kai\u0161iojame \u012f ratus!  Rasti gyvenimo pusiausvyr\u0105, vadinasi, atsikratyti senien\u0173 ir leistis \u012f naujoves. Ypatinga \u201e\u0160alin!\u201c koncepcija suteikia erdv\u0117s ir atveria kelius naujoms gyvenimo paskatoms","robots":{"index":"index","follow":"follow","max-snippet":"max-snippet:-1","max-image-preview":"max-image-preview:large","max-video-preview":"max-video-preview:-1"},"canonical":"https:\/\/skaitytaknyga.lt\/en\/produktas\/salin-sielos-balasta\/","og_locale":"en_GB","og_type":"article","og_title":"\u0160alin sielos balast\u0105! - Skaitytaknyga","og_description":"Ar para tur\u0117t\u0173 trukti 48 valandas, kad susp\u0117tum\u0117te visk\u0105, ko \u0117m\u0117t\u0117s? Jau\u010diate vidin\u0119 \u012ftamp\u0105, visko jums yra \u201eper daug\u201c? Per daug darbo ir stres\u0173, per daug veiklos ir \u012fsipareigojim\u0173? O kartu \u2013 tr\u016bksta laiko ir energijos i\u0161 ties\u0173 svarbiems gyvenimo dalykams, jei tik i\u0161vis dar prisimenate, kad gyvenate!  Jei taip \u2013 metas pasiekti gyvenimo darnos ir susitelkti \u012f esm\u0119. \u0160alin visk\u0105, kas trukdo, be reikalo eikvoja pinigus ir laik\u0105! \u0160alin pa\u017eintis, kurios tik vagia energij\u0105! \u0160alin problemas, kurios i\u0161 tikr\u0173j\u0173 neegzistuoja arba yra ne m\u016bs\u0173! \u0160alin pagalius, kuriuos patys sau kai\u0161iojame \u012f ratus!  Rasti gyvenimo pusiausvyr\u0105, vadinasi, atsikratyti senien\u0173 ir leistis \u012f naujoves. Ypatinga \u201e\u0160alin!\u201c koncepcija suteikia erdv\u0117s ir atveria kelius naujoms gyvenimo paskatoms","og_url":"https:\/\/skaitytaknyga.lt\/en\/produktas\/salin-sielos-balasta\/","og_site_name":"Skaitytaknyga","article_publisher":"https:\/\/www.facebook.com\/skaitytaknyga\/","article_modified_time":"2024-05-03T07:14:19+00:00","og_image":[{"width":265,"height":265,"url":"https:\/\/skaitytaknyga.lt\/wp-content\/uploads\/2024\/04\/000000000001101454-59de815d59ea7-asset-knyguklubas-cdb_sviesa_db216aebcba198fee8707ecefec8dea7_p1.jpg","type":"image\/jpeg"}],"twitter_card":"summary_large_image","schema":{"@context":"https:\/\/schema.org","@graph":[{"@type":"WebPage","@id":"https:\/\/skaitytaknyga.lt\/produktas\/salin-sielos-balasta\/","url":"https:\/\/skaitytaknyga.lt\/produktas\/salin-sielos-balasta\/","name":"\u0160alin sielos balast\u0105! - Skaitytaknyga","isPartOf":{"@id":"https:\/\/skaitytaknyga.lt\/#website"},"primaryImageOfPage":{"@id":"https:\/\/skaitytaknyga.lt\/produktas\/salin-sielos-balasta\/#primaryimage"},"image":{"@id":"https:\/\/skaitytaknyga.lt\/produktas\/salin-sielos-balasta\/#primaryimage"},"thumbnailUrl":"https:\/\/skaitytaknyga.lt\/wp-content\/uploads\/2024\/04\/000000000001101454-59de815d59ea7-asset-knyguklubas-cdb_sviesa_db216aebcba198fee8707ecefec8dea7_p1.jpg","datePublished":"2024-04-17T13:06:26+00:00","dateModified":"2024-05-03T07:14:19+00:00","description":"Ar para tur\u0117t\u0173 trukti 48 valandas, kad susp\u0117tum\u0117te visk\u0105, ko \u0117m\u0117t\u0117s? Jau\u010diate vidin\u0119 \u012ftamp\u0105, visko jums yra \u201eper daug\u201c? Per daug darbo ir stres\u0173, per daug veiklos ir \u012fsipareigojim\u0173? O kartu \u2013 tr\u016bksta laiko ir energijos i\u0161 ties\u0173 svarbiems gyvenimo dalykams, jei tik i\u0161vis dar prisimenate, kad gyvenate! Jei taip \u2013 metas pasiekti gyvenimo darnos ir susitelkti \u012f esm\u0119. \u0160alin visk\u0105, kas trukdo, be reikalo eikvoja pinigus ir laik\u0105! \u0160alin pa\u017eintis, kurios tik vagia energij\u0105! \u0160alin problemas, kurios i\u0161 tikr\u0173j\u0173 neegzistuoja arba yra ne m\u016bs\u0173! \u0160alin pagalius, kuriuos patys sau kai\u0161iojame \u012f ratus! Rasti gyvenimo pusiausvyr\u0105, vadinasi, atsikratyti senien\u0173 ir leistis \u012f naujoves. Ypatinga \u201e\u0160alin!\u201c koncepcija suteikia erdv\u0117s ir atveria kelius naujoms gyvenimo paskatoms","breadcrumb":{"@id":"https:\/\/skaitytaknyga.lt\/produktas\/salin-sielos-balasta\/#breadcrumb"},"inLanguage":"en-GB","potentialAction":[{"@type":"ReadAction","target":["https:\/\/skaitytaknyga.lt\/produktas\/salin-sielos-balasta\/"]}]},{"@type":"ImageObject","inLanguage":"en-GB","@id":"https:\/\/skaitytaknyga.lt\/produktas\/salin-sielos-balasta\/#primaryimage","url":"https:\/\/skaitytaknyga.lt\/wp-content\/uploads\/2024\/04\/000000000001101454-59de815d59ea7-asset-knyguklubas-cdb_sviesa_db216aebcba198fee8707ecefec8dea7_p1.jpg","contentUrl":"https:\/\/skaitytaknyga.lt\/wp-content\/uploads\/2024\/04\/000000000001101454-59de815d59ea7-asset-knyguklubas-cdb_sviesa_db216aebcba198fee8707ecefec8dea7_p1.jpg","width":265,"height":265,"caption":"000000000001101454 59de815d59ea7 asset knyguklubas cdb sviesa db216aebcba198fee8707ecefec8dea7 p1"},{"@type":"BreadcrumbList","@id":"https:\/\/skaitytaknyga.lt\/produktas\/salin-sielos-balasta\/#breadcrumb","itemListElement":[{"@type":"ListItem","position":1,"name":"Home","item":"https:\/\/skaitytaknyga.lt\/"},{"@type":"ListItem","position":2,"name":"Parduotuv\u0117","item":"https:\/\/skaitytaknyga.lt\/knygu-parduotuve\/"},{"@type":"ListItem","position":3,"name":"\u0160alin sielos balast\u0105!"}]},{"@type":"WebSite","@id":"https:\/\/skaitytaknyga.lt\/#website","url":"https:\/\/skaitytaknyga.lt\/","name":"skaitytaknyga.lt","description":"Skaitytaknyga.lt \u2013 tai ma\u017eas \u0161eimos verslas, kuris prasid\u0117jo nuo meil\u0117s knygoms ir siekio i\u0161gelb\u0117ti knygas nuo likimo prie konteinerio. Kas vienam nereikalingas daiktas \u2013 kitam lobis, o mes esame tarpininkai, kurie padeda abiems tapti laimingesniems ???? \u017dinome kaip nelengva i\u0161gyventi ma\u017eiems verslams, tad nuo \u0161iol, \u010dia rasite ir kit\u0173, ma\u017e\u0173 \u0161eim\u0173 versl\u0173, rank\u0173 darbo, dovan\u0173 sau ir artimiesiems.","publisher":{"@id":"https:\/\/skaitytaknyga.lt\/#organization"},"potentialAction":[{"@type":"SearchAction","target":{"@type":"EntryPoint","urlTemplate":"https:\/\/skaitytaknyga.lt\/?s={search_term_string}"},"query-input":{"@type":"PropertyValueSpecification","valueRequired":true,"valueName":"search_term_string"}}],"inLanguage":"en-GB"},{"@type":"Organization","@id":"https:\/\/skaitytaknyga.lt\/#organization","name":"skaitytaknyga.lt","url":"https:\/\/skaitytaknyga.lt\/","logo":{"@type":"ImageObject","inLanguage":"en-GB","@id":"https:\/\/skaitytaknyga.lt\/#\/schema\/logo\/image\/","url":"https:\/\/skaitytaknyga.lt\/wp-content\/uploads\/2024\/05\/cropped-cropped-cropped-02_00843_jt3bggkj1j3HLc7SyY6rEUpg.jpeg","contentUrl":"https:\/\/skaitytaknyga.lt\/wp-content\/uploads\/2024\/05\/cropped-cropped-cropped-02_00843_jt3bggkj1j3HLc7SyY6rEUpg.jpeg","width":1600,"height":1600,"caption":"skaitytaknyga.lt"},"image":{"@id":"https:\/\/skaitytaknyga.lt\/#\/schema\/logo\/image\/"},"sameAs":["https:\/\/www.facebook.com\/skaitytaknyga\/"]}]}},"_links":{"self":[{"href":"https:\/\/skaitytaknyga.lt\/en\/wp-json\/wp\/v2\/product\/2203","targetHints":{"allow":["GET"]}}],"collection":[{"href":"https:\/\/skaitytaknyga.lt\/en\/wp-json\/wp\/v2\/product"}],"about":[{"href":"https:\/\/skaitytaknyga.lt\/en\/wp-json\/wp\/v2\/types\/product"}],"replies":[{"embeddable":true,"href":"https:\/\/skaitytaknyga.lt\/en\/wp-json\/wp\/v2\/comments?post=2203"}],"wp:featuredmedia":[{"embeddable":true,"href":"https:\/\/skaitytaknyga.lt\/en\/wp-json\/wp\/v2\/media\/2234"}],"wp:attachment":[{"href":"https:\/\/skaitytaknyga.lt\/en\/wp-json\/wp\/v2\/media?parent=2203"}],"wp:term":[{"taxonomy":"product_brand","embeddable":true,"href":"https:\/\/skaitytaknyga.lt\/en\/wp-json\/wp\/v2\/product_brand?post=2203"},{"taxonomy":"product_cat","embeddable":true,"href":"https:\/\/skaitytaknyga.lt\/en\/wp-json\/wp\/v2\/product_cat?post=2203"},{"taxonomy":"product_tag","embeddable":true,"href":"https:\/\/skaitytaknyga.lt\/en\/wp-json\/wp\/v2\/product_tag?post=2203"}],"curies":[{"name":"wp","href":"https:\/\/api.w.org\/{rel}","templated":true}]}}