{"id":22026,"date":"2025-11-21T10:54:36","date_gmt":"2025-11-21T08:54:36","guid":{"rendered":"https:\/\/skaitytaknyga.lt\/?post_type=product&#038;p=22026"},"modified":"2025-11-23T12:36:41","modified_gmt":"2025-11-23T10:36:41","slug":"pasele-detektyvai","status":"publish","type":"product","link":"https:\/\/skaitytaknyga.lt\/en\/produktas\/pasele-detektyvai\/","title":{"rendered":"Pa\u0161\u0117l\u0119 detektyvai"},"content":{"rendered":"<p>Sekso, poezijos ir revoliucijos kupinas nuotyki\u0173 romanas \u201ePa\u0161\u0117l\u0119 detektyvai\u201c (Los Detectives Salvajes, 1998) \u010cil\u0117s ra\u0161ytojui Robertui Bolano nuties\u0117 keli\u0105 \u012f literat\u016brin\u0119 \u0161lov\u0119 ir padar\u0117 j\u012f, ko gero, madingiausiu Lotyn\u0173 Amerikos autoriumi Vakar\u0173 Europoje. U\u017e prozos kokyb\u0119 ir novatori\u0161k\u0105 pasakojim\u0105 knyga apdovanota Herralde ir tarptautine Romulo Gallegoso premija, da\u017enai vadinama Lotyn\u0173 Amerikos literat\u016bros Nobelio premija.<\/p>\n<p>Du Meksikos poetai avangardistai \u2013 Arturas Belanas (autoriaus alter ego) ir Ulisas Lima \u2013 leid\u017eiasi \u012f kelion\u0119 ie\u0161koti po revoliucijos dingusios meksikiet\u0117s ra\u0161ytojos Sezar\u0117jos Tinachero. J\u0173 klajon\u0117s, u\u017etrukusios net dvide\u0161imt met\u0173, nusidriekia per Meksik\u0105, Izrael\u012f, Pary\u017ei\u0173, Barselon\u0105, Los And\u017eel\u0105, San Francisk\u0105 ir virsta tikra istorine epop\u0117ja, \u012ftaigiai parodan\u010dia revoliucing\u0173 XX a. 8-ojo de\u0161imtme\u010dio Lotyn\u0173 Amerikos jaunimo ideal\u0173 gimt\u012f ir \u017e\u016bt\u012f.<\/p>\n<p>\u0160io mil\u017eini\u0161ko romano istorija pasakojama pirmuoju asmeniu, ta\u010diau net 52 veik\u0117j\u0173 l\u016bpomis. Postmodernistiniu u\u017emoju i\u0161plaudamas ribas tarp literat\u016bros ir biografijos, tarp k\u016brybos ir gyvenimo, tarp fikcijos ir realyb\u0117s, R. Bolano suk\u016br\u0117 etalonin\u012f XXI a. roman\u0105, \u012fkv\u0117psiant\u012f dar daug skaitytoj\u0173 ir ra\u0161ytoj\u0173 kart\u0173.<\/p>\n<p>Lietuvos literat\u016bros vert\u0117j\u0173 s\u0105jungos i\u0161rinkta vertingiausia 2013 m. verstine knyga.<\/p>\n","protected":false},"excerpt":{"rendered":"<p>Sekso, poezijos ir revoliucijos kupinas nuotyki\u0173 romanas \u201ePa\u0161\u0117l\u0119 detektyvai\u201c (Los Detectives Salvajes, 1998) \u010cil\u0117s ra\u0161ytojui Robertui Bolano nuties\u0117 keli\u0105 \u012f literat\u016brin\u0119 \u0161lov\u0119 ir padar\u0117 j\u012f, ko gero, madingiausiu Lotyn\u0173 Amerikos autoriumi Vakar\u0173 Europoje. U\u017e prozos kokyb\u0119 ir novatori\u0161k\u0105 pasakojim\u0105 knyga apdovanota Herralde ir tarptautine Romulo Gallegoso premija, da\u017enai vadinama Lotyn\u0173 Amerikos literat\u016bros Nobelio premija. Du Meksikos poetai avangardistai \u2013 Arturas Belanas (autoriaus alter ego) ir Ulisas Lima \u2013 leid\u017eiasi \u012f kelion\u0119 ie\u0161koti po revoliucijos dingusios meksikiet\u0117s ra\u0161ytojos Sezar\u0117jos Tinachero. J\u0173 klajon\u0117s, u\u017etrukusios net dvide\u0161imt met\u0173, nusidriekia per Meksik\u0105, Izrael\u012f, Pary\u017ei\u0173, Barselon\u0105, Los And\u017eel\u0105, San Francisk\u0105 ir virsta tikra istorine epop\u0117ja, \u012ftaigiai parodan\u010dia revoliucing\u0173 XX a. 8-ojo de\u0161imtme\u010dio Lotyn\u0173 Amerikos jaunimo ideal\u0173 gimt\u012f ir \u017e\u016bt\u012f. \u0160io mil\u017eini\u0161ko romano istorija pasakojama pirmuoju asmeniu, ta\u010diau net 52 veik\u0117j\u0173 l\u016bpomis. Postmodernistiniu u\u017emoju i\u0161plaudamas ribas tarp literat\u016bros ir biografijos, tarp k\u016brybos ir gyvenimo, tarp fikcijos ir realyb\u0117s, R. Bolano suk\u016br\u0117 etalonin\u012f XXI a. roman\u0105, \u012fkv\u0117psiant\u012f dar daug skaitytoj\u0173 ir ra\u0161ytoj\u0173 kart\u0173. Lietuvos literat\u016bros vert\u0117j\u0173 s\u0105jungos i\u0161rinkta vertingiausia 2013 m. verstine knyga.<\/p>\n","protected":false},"featured_media":22027,"comment_status":"open","ping_status":"closed","template":"","meta":{"_acf_changed":false,"site-sidebar-layout":"default","site-content-layout":"","ast-site-content-layout":"default","site-content-style":"default","site-sidebar-style":"default","ast-global-header-display":"","ast-banner-title-visibility":"","ast-main-header-display":"","ast-hfb-above-header-display":"","ast-hfb-below-header-display":"","ast-hfb-mobile-header-display":"","site-post-title":"","ast-breadcrumbs-content":"","ast-featured-img":"","footer-sml-layout":"","ast-disable-related-posts":"","theme-transparent-header-meta":"","adv-header-id-meta":"","stick-header-meta":"","header-above-stick-meta":"","header-main-stick-meta":"","header-below-stick-meta":"","astra-migrate-meta-layouts":"default","ast-page-background-enabled":"default","ast-page-background-meta":{"desktop":{"background-color":"","background-image":"","background-repeat":"repeat","background-position":"center center","background-size":"auto","background-attachment":"scroll","background-type":"","background-media":"","overlay-type":"","overlay-color":"","overlay-opacity":"","overlay-gradient":""},"tablet":{"background-color":"","background-image":"","background-repeat":"repeat","background-position":"center center","background-size":"auto","background-attachment":"scroll","background-type":"","background-media":"","overlay-type":"","overlay-color":"","overlay-opacity":"","overlay-gradient":""},"mobile":{"background-color":"","background-image":"","background-repeat":"repeat","background-position":"center center","background-size":"auto","background-attachment":"scroll","background-type":"","background-media":"","overlay-type":"","overlay-color":"","overlay-opacity":"","overlay-gradient":""}},"ast-content-background-meta":{"desktop":{"background-color":"var(--ast-global-color-4)","background-image":"","background-repeat":"repeat","background-position":"center center","background-size":"auto","background-attachment":"scroll","background-type":"","background-media":"","overlay-type":"","overlay-color":"","overlay-opacity":"","overlay-gradient":""},"tablet":{"background-color":"var(--ast-global-color-4)","background-image":"","background-repeat":"repeat","background-position":"center center","background-size":"auto","background-attachment":"scroll","background-type":"","background-media":"","overlay-type":"","overlay-color":"","overlay-opacity":"","overlay-gradient":""},"mobile":{"background-color":"var(--ast-global-color-4)","background-image":"","background-repeat":"repeat","background-position":"center center","background-size":"auto","background-attachment":"scroll","background-type":"","background-media":"","overlay-type":"","overlay-color":"","overlay-opacity":"","overlay-gradient":""}}},"product_brand":[],"product_cat":[15],"product_tag":[],"class_list":{"0":"post-22026","1":"product","2":"type-product","3":"status-publish","4":"has-post-thumbnail","6":"product_cat-uncategorized","7":"desktop-align-left","8":"tablet-align-left","9":"mobile-align-left","11":"first","12":"instock","13":"shipping-taxable","14":"purchasable","15":"product-type-simple"},"acf":[],"yoast_head":"<!-- This site is optimized with the Yoast SEO plugin v27.0 - https:\/\/yoast.com\/product\/yoast-seo-wordpress\/ -->\n<title>Pa\u0161\u0117l\u0119 detektyvai<\/title>\n<meta name=\"description\" content=\"Sekso, poezijos ir revoliucijos kupinas nuotyki\u0173 romanas \u201ePa\u0161\u0117l\u0119 detektyvai\u201c (Los Detectives Salvajes, 1998) \u010cil\u0117s ra\u0161ytojui Robertui Bolano nuties\u0117 keli\u0105\" \/>\n<meta name=\"robots\" content=\"index, follow, max-snippet:-1, max-image-preview:large, max-video-preview:-1\" \/>\n<link rel=\"canonical\" href=\"https:\/\/skaitytaknyga.lt\/en\/produktas\/pasele-detektyvai\/\" \/>\n<meta property=\"og:locale\" content=\"en_GB\" \/>\n<meta property=\"og:locale:alternate\" content=\"lt_LT\" \/>\n<meta property=\"og:type\" content=\"article\" \/>\n<meta property=\"og:title\" content=\"Pa\u0161\u0117l\u0119 detektyvai\" \/>\n<meta property=\"og:description\" content=\"Sekso, poezijos ir revoliucijos kupinas nuotyki\u0173 romanas \u201ePa\u0161\u0117l\u0119 detektyvai\u201c (Los Detectives Salvajes, 1998) \u010cil\u0117s ra\u0161ytojui Robertui Bolano nuties\u0117 keli\u0105\" \/>\n<meta property=\"og:url\" content=\"https:\/\/skaitytaknyga.lt\/en\/produktas\/pasele-detektyvai\/\" \/>\n<meta property=\"og:site_name\" content=\"Skaitytaknyga\" \/>\n<meta property=\"article:publisher\" content=\"https:\/\/www.facebook.com\/skaitytaknyga\/\" \/>\n<meta property=\"article:modified_time\" content=\"2025-11-23T10:36:41+00:00\" \/>\n<meta property=\"og:image\" content=\"https:\/\/skaitytaknyga.lt\/wp-content\/uploads\/2025\/11\/Pasele-detektyvai-1.webp\" \/>\n\t<meta property=\"og:image:width\" content=\"300\" \/>\n\t<meta property=\"og:image:height\" content=\"449\" \/>\n\t<meta property=\"og:image:type\" content=\"image\/webp\" \/>\n<meta name=\"twitter:card\" content=\"summary_large_image\" \/>\n<meta name=\"twitter:label1\" content=\"Estimated reading time\" \/>\n\t<meta name=\"twitter:data1\" content=\"1 minute\" \/>\n<script type=\"application\/ld+json\" class=\"yoast-schema-graph\">{\"@context\":\"https:\/\/schema.org\",\"@graph\":[{\"@type\":\"WebPage\",\"@id\":\"https:\/\/skaitytaknyga.lt\/produktas\/pasele-detektyvai\/\",\"url\":\"https:\/\/skaitytaknyga.lt\/produktas\/pasele-detektyvai\/\",\"name\":\"Pa\u0161\u0117l\u0119 detektyvai\",\"isPartOf\":{\"@id\":\"https:\/\/skaitytaknyga.lt\/#website\"},\"primaryImageOfPage\":{\"@id\":\"https:\/\/skaitytaknyga.lt\/produktas\/pasele-detektyvai\/#primaryimage\"},\"image\":{\"@id\":\"https:\/\/skaitytaknyga.lt\/produktas\/pasele-detektyvai\/#primaryimage\"},\"thumbnailUrl\":\"https:\/\/skaitytaknyga.lt\/wp-content\/uploads\/2025\/11\/Pasele-detektyvai-1.webp\",\"datePublished\":\"2025-11-21T08:54:36+00:00\",\"dateModified\":\"2025-11-23T10:36:41+00:00\",\"description\":\"Sekso, poezijos ir revoliucijos kupinas nuotyki\u0173 romanas \u201ePa\u0161\u0117l\u0119 detektyvai\u201c (Los Detectives Salvajes, 1998) \u010cil\u0117s ra\u0161ytojui Robertui Bolano nuties\u0117 keli\u0105\",\"breadcrumb\":{\"@id\":\"https:\/\/skaitytaknyga.lt\/produktas\/pasele-detektyvai\/#breadcrumb\"},\"inLanguage\":\"en-GB\",\"potentialAction\":[{\"@type\":\"ReadAction\",\"target\":[\"https:\/\/skaitytaknyga.lt\/produktas\/pasele-detektyvai\/\"]}]},{\"@type\":\"ImageObject\",\"inLanguage\":\"en-GB\",\"@id\":\"https:\/\/skaitytaknyga.lt\/produktas\/pasele-detektyvai\/#primaryimage\",\"url\":\"https:\/\/skaitytaknyga.lt\/wp-content\/uploads\/2025\/11\/Pasele-detektyvai-1.webp\",\"contentUrl\":\"https:\/\/skaitytaknyga.lt\/wp-content\/uploads\/2025\/11\/Pasele-detektyvai-1.webp\",\"width\":300,\"height\":449},{\"@type\":\"BreadcrumbList\",\"@id\":\"https:\/\/skaitytaknyga.lt\/produktas\/pasele-detektyvai\/#breadcrumb\",\"itemListElement\":[{\"@type\":\"ListItem\",\"position\":1,\"name\":\"Home\",\"item\":\"https:\/\/skaitytaknyga.lt\/\"},{\"@type\":\"ListItem\",\"position\":2,\"name\":\"Parduotuv\u0117\",\"item\":\"https:\/\/skaitytaknyga.lt\/knygu-parduotuve\/\"},{\"@type\":\"ListItem\",\"position\":3,\"name\":\"Pa\u0161\u0117l\u0119 detektyvai\"}]},{\"@type\":\"WebSite\",\"@id\":\"https:\/\/skaitytaknyga.lt\/#website\",\"url\":\"https:\/\/skaitytaknyga.lt\/\",\"name\":\"skaitytaknyga.lt\",\"description\":\"Skaitytaknyga.lt \u2013 tai ma\u017eas \u0161eimos verslas, kuris prasid\u0117jo nuo meil\u0117s knygoms ir siekio i\u0161gelb\u0117ti knygas nuo likimo prie konteinerio. Kas vienam nereikalingas daiktas \u2013 kitam lobis, o mes esame tarpininkai, kurie padeda abiems tapti laimingesniems ???? \u017dinome kaip nelengva i\u0161gyventi ma\u017eiems verslams, tad nuo \u0161iol, \u010dia rasite ir kit\u0173, ma\u017e\u0173 \u0161eim\u0173 versl\u0173, rank\u0173 darbo, dovan\u0173 sau ir artimiesiems.\",\"publisher\":{\"@id\":\"https:\/\/skaitytaknyga.lt\/#organization\"},\"potentialAction\":[{\"@type\":\"SearchAction\",\"target\":{\"@type\":\"EntryPoint\",\"urlTemplate\":\"https:\/\/skaitytaknyga.lt\/?s={search_term_string}\"},\"query-input\":{\"@type\":\"PropertyValueSpecification\",\"valueRequired\":true,\"valueName\":\"search_term_string\"}}],\"inLanguage\":\"en-GB\"},{\"@type\":\"Organization\",\"@id\":\"https:\/\/skaitytaknyga.lt\/#organization\",\"name\":\"skaitytaknyga.lt\",\"url\":\"https:\/\/skaitytaknyga.lt\/\",\"logo\":{\"@type\":\"ImageObject\",\"inLanguage\":\"en-GB\",\"@id\":\"https:\/\/skaitytaknyga.lt\/#\/schema\/logo\/image\/\",\"url\":\"https:\/\/skaitytaknyga.lt\/wp-content\/uploads\/2024\/05\/cropped-cropped-cropped-02_00843_jt3bggkj1j3HLc7SyY6rEUpg.jpeg\",\"contentUrl\":\"https:\/\/skaitytaknyga.lt\/wp-content\/uploads\/2024\/05\/cropped-cropped-cropped-02_00843_jt3bggkj1j3HLc7SyY6rEUpg.jpeg\",\"width\":1600,\"height\":1600,\"caption\":\"skaitytaknyga.lt\"},\"image\":{\"@id\":\"https:\/\/skaitytaknyga.lt\/#\/schema\/logo\/image\/\"},\"sameAs\":[\"https:\/\/www.facebook.com\/skaitytaknyga\/\"]}]}<\/script>\n<!-- \/ Yoast SEO plugin. -->","yoast_head_json":{"title":"Pa\u0161\u0117l\u0119 detektyvai","description":"Sekso, poezijos ir revoliucijos kupinas nuotyki\u0173 romanas \u201ePa\u0161\u0117l\u0119 detektyvai\u201c (Los Detectives Salvajes, 1998) \u010cil\u0117s ra\u0161ytojui Robertui Bolano nuties\u0117 keli\u0105","robots":{"index":"index","follow":"follow","max-snippet":"max-snippet:-1","max-image-preview":"max-image-preview:large","max-video-preview":"max-video-preview:-1"},"canonical":"https:\/\/skaitytaknyga.lt\/en\/produktas\/pasele-detektyvai\/","og_locale":"en_GB","og_type":"article","og_title":"[:lt]Pa\u0161\u0117l\u0119 detektyvai[:] - Skaitytaknyga","og_description":"Sekso, poezijos ir revoliucijos kupinas nuotyki\u0173 romanas \u201ePa\u0161\u0117l\u0119 detektyvai\u201c (Los Detectives Salvajes, 1998) \u010cil\u0117s ra\u0161ytojui Robertui Bolano nuties\u0117 keli\u0105","og_url":"https:\/\/skaitytaknyga.lt\/en\/produktas\/pasele-detektyvai\/","og_site_name":"Skaitytaknyga","article_publisher":"https:\/\/www.facebook.com\/skaitytaknyga\/","article_modified_time":"2025-11-23T10:36:41+00:00","og_image":[{"width":300,"height":449,"url":"https:\/\/skaitytaknyga.lt\/wp-content\/uploads\/2025\/11\/Pasele-detektyvai-1.webp","type":"image\/webp"}],"twitter_card":"summary_large_image","twitter_misc":{"Estimated reading time":"1 minute"},"schema":{"@context":"https:\/\/schema.org","@graph":[{"@type":"WebPage","@id":"https:\/\/skaitytaknyga.lt\/produktas\/pasele-detektyvai\/","url":"https:\/\/skaitytaknyga.lt\/produktas\/pasele-detektyvai\/","name":"Pa\u0161\u0117l\u0119 detektyvai","isPartOf":{"@id":"https:\/\/skaitytaknyga.lt\/#website"},"primaryImageOfPage":{"@id":"https:\/\/skaitytaknyga.lt\/produktas\/pasele-detektyvai\/#primaryimage"},"image":{"@id":"https:\/\/skaitytaknyga.lt\/produktas\/pasele-detektyvai\/#primaryimage"},"thumbnailUrl":"https:\/\/skaitytaknyga.lt\/wp-content\/uploads\/2025\/11\/Pasele-detektyvai-1.webp","datePublished":"2025-11-21T08:54:36+00:00","dateModified":"2025-11-23T10:36:41+00:00","description":"Sekso, poezijos ir revoliucijos kupinas nuotyki\u0173 romanas \u201ePa\u0161\u0117l\u0119 detektyvai\u201c (Los Detectives Salvajes, 1998) \u010cil\u0117s ra\u0161ytojui Robertui Bolano nuties\u0117 keli\u0105","breadcrumb":{"@id":"https:\/\/skaitytaknyga.lt\/produktas\/pasele-detektyvai\/#breadcrumb"},"inLanguage":"en-GB","potentialAction":[{"@type":"ReadAction","target":["https:\/\/skaitytaknyga.lt\/produktas\/pasele-detektyvai\/"]}]},{"@type":"ImageObject","inLanguage":"en-GB","@id":"https:\/\/skaitytaknyga.lt\/produktas\/pasele-detektyvai\/#primaryimage","url":"https:\/\/skaitytaknyga.lt\/wp-content\/uploads\/2025\/11\/Pasele-detektyvai-1.webp","contentUrl":"https:\/\/skaitytaknyga.lt\/wp-content\/uploads\/2025\/11\/Pasele-detektyvai-1.webp","width":300,"height":449},{"@type":"BreadcrumbList","@id":"https:\/\/skaitytaknyga.lt\/produktas\/pasele-detektyvai\/#breadcrumb","itemListElement":[{"@type":"ListItem","position":1,"name":"Home","item":"https:\/\/skaitytaknyga.lt\/"},{"@type":"ListItem","position":2,"name":"Parduotuv\u0117","item":"https:\/\/skaitytaknyga.lt\/knygu-parduotuve\/"},{"@type":"ListItem","position":3,"name":"Pa\u0161\u0117l\u0119 detektyvai"}]},{"@type":"WebSite","@id":"https:\/\/skaitytaknyga.lt\/#website","url":"https:\/\/skaitytaknyga.lt\/","name":"skaitytaknyga.lt","description":"Skaitytaknyga.lt \u2013 tai ma\u017eas \u0161eimos verslas, kuris prasid\u0117jo nuo meil\u0117s knygoms ir siekio i\u0161gelb\u0117ti knygas nuo likimo prie konteinerio. Kas vienam nereikalingas daiktas \u2013 kitam lobis, o mes esame tarpininkai, kurie padeda abiems tapti laimingesniems ???? \u017dinome kaip nelengva i\u0161gyventi ma\u017eiems verslams, tad nuo \u0161iol, \u010dia rasite ir kit\u0173, ma\u017e\u0173 \u0161eim\u0173 versl\u0173, rank\u0173 darbo, dovan\u0173 sau ir artimiesiems.","publisher":{"@id":"https:\/\/skaitytaknyga.lt\/#organization"},"potentialAction":[{"@type":"SearchAction","target":{"@type":"EntryPoint","urlTemplate":"https:\/\/skaitytaknyga.lt\/?s={search_term_string}"},"query-input":{"@type":"PropertyValueSpecification","valueRequired":true,"valueName":"search_term_string"}}],"inLanguage":"en-GB"},{"@type":"Organization","@id":"https:\/\/skaitytaknyga.lt\/#organization","name":"skaitytaknyga.lt","url":"https:\/\/skaitytaknyga.lt\/","logo":{"@type":"ImageObject","inLanguage":"en-GB","@id":"https:\/\/skaitytaknyga.lt\/#\/schema\/logo\/image\/","url":"https:\/\/skaitytaknyga.lt\/wp-content\/uploads\/2024\/05\/cropped-cropped-cropped-02_00843_jt3bggkj1j3HLc7SyY6rEUpg.jpeg","contentUrl":"https:\/\/skaitytaknyga.lt\/wp-content\/uploads\/2024\/05\/cropped-cropped-cropped-02_00843_jt3bggkj1j3HLc7SyY6rEUpg.jpeg","width":1600,"height":1600,"caption":"skaitytaknyga.lt"},"image":{"@id":"https:\/\/skaitytaknyga.lt\/#\/schema\/logo\/image\/"},"sameAs":["https:\/\/www.facebook.com\/skaitytaknyga\/"]}]}},"_links":{"self":[{"href":"https:\/\/skaitytaknyga.lt\/en\/wp-json\/wp\/v2\/product\/22026","targetHints":{"allow":["GET"]}}],"collection":[{"href":"https:\/\/skaitytaknyga.lt\/en\/wp-json\/wp\/v2\/product"}],"about":[{"href":"https:\/\/skaitytaknyga.lt\/en\/wp-json\/wp\/v2\/types\/product"}],"replies":[{"embeddable":true,"href":"https:\/\/skaitytaknyga.lt\/en\/wp-json\/wp\/v2\/comments?post=22026"}],"wp:featuredmedia":[{"embeddable":true,"href":"https:\/\/skaitytaknyga.lt\/en\/wp-json\/wp\/v2\/media\/22027"}],"wp:attachment":[{"href":"https:\/\/skaitytaknyga.lt\/en\/wp-json\/wp\/v2\/media?parent=22026"}],"wp:term":[{"taxonomy":"product_brand","embeddable":true,"href":"https:\/\/skaitytaknyga.lt\/en\/wp-json\/wp\/v2\/product_brand?post=22026"},{"taxonomy":"product_cat","embeddable":true,"href":"https:\/\/skaitytaknyga.lt\/en\/wp-json\/wp\/v2\/product_cat?post=22026"},{"taxonomy":"product_tag","embeddable":true,"href":"https:\/\/skaitytaknyga.lt\/en\/wp-json\/wp\/v2\/product_tag?post=22026"}],"curies":[{"name":"wp","href":"https:\/\/api.w.org\/{rel}","templated":true}]}}