{"id":22015,"date":"2025-11-17T10:12:09","date_gmt":"2025-11-17T08:12:09","guid":{"rendered":"https:\/\/skaitytaknyga.lt\/?post_type=product&#038;p=22015"},"modified":"2025-11-23T12:36:41","modified_gmt":"2025-11-23T10:36:41","slug":"laimes-projektas","status":"publish","type":"product","link":"https:\/\/skaitytaknyga.lt\/en\/produktas\/laimes-projektas\/","title":{"rendered":"Laim\u0117s projektas"},"content":{"rendered":"<p>Vien\u0105 lieting\u0105 popiet\u0119 pa\u010dioje netik\u0117\u010diausioje vietoje \u2013 autobuse \u2013 Gre\u010den Rubin suvok\u0117 \u0161tai k\u0105:<\/p>\n<p>laikas b\u0117ga, o ar a\u0161 pakankamai d\u0117mesio skiriu tam, kas tikrai svarbu? O gal mano gyvenimas eina veltui? T\u0105 akimirk\u0105 Gre\u010den nusprend\u0117 metus laiko skirti pa\u010dios sugalvotam laim\u0117s projektui.<\/p>\n<p>Autor\u0117 detaliai ir su humoru \u012fam\u017eina asmeninius dvylikos m\u0117nesi\u0173 nuotykius, kuriuos patyr\u0117 m\u0117gindama am\u017ei\u0173 i\u0161mint\u012f ir dabartinius mokslinius tyrin\u0117jimus apie tai, kaip tapti laimingesniam.<\/p>\n<p>\u201eLaim\u0117s projektas\u201c \u2013 Dalai Lamos \u201eLaim\u0117s meno\u201c ir Elizabeth Gilbert \u201eValgyk, melskis, myl\u0117k\u201c mi\u0161inys, nematomomis si\u016bl\u0117mis sudygsniuotas i\u0161 pa\u010di\u0173 \u012fvairiausi\u0173 \u0161altini\u0173: psichologijos mokslinink\u0173, ra\u0161ytoj\u0173, poet\u0173 ir filosof\u0173 \u012f\u017evalg\u0173.<\/p>\n<p>G. Rubin nesiek\u0117 i\u0161 esm\u0117s pasikeisti, ji tiesiog susitelk\u0117 \u012f tai, kad pagerint\u0173 savo gyvenim\u0105 tok\u012f, koks jis yra. Kiekvien\u0105 m\u0117nes\u012f ji laik\u0117si vis nauj\u0173 pasi\u017ead\u0117jim\u0173: i\u0161reik\u0161ti meil\u0119, atrasti daugiau d\u017eiaugsmo, ra\u0161yti d\u0117kingumo dienora\u0161t\u012f, ma\u017eiau galvoti apie rezultatus. Autor\u0117s i\u0161vados kartais stebina: laim\u0119 galima nusipirkti, jei pinigai leid\u017eiami i\u0161mintingai, naujov\u0117s ir i\u0161\u0161\u016bkiai suteikia be galo daug d\u017eiaugsmo ir patys ma\u017eiausi poky\u010diai gali pakeisti kiekvieno gyvenim\u0105.<\/p>\n<p>\u017davus ir s\u0105moningas \u201eLaim\u0117s projektas\u201c yra pamokantis, bet kartu ir linksmas, jis ver\u010dia susim\u0105styti, prikausto d\u0117mes\u012f ir yra lengvai skaitomas. Knyga tiesiog tryk\u0161te tryk\u0161ta Gre\u010den Rubin aistra jos pasirinktai temai, tad perskait\u0119 vos kelis skyrius pajusite \u012fkv\u0117pim\u0105 prad\u0117ti asmenin\u012f laim\u0117s projekt\u0105.<\/p>\n","protected":false},"excerpt":{"rendered":"<p>Vien\u0105 lieting\u0105 popiet\u0119 pa\u010dioje netik\u0117\u010diausioje vietoje \u2013 autobuse \u2013 Gre\u010den Rubin suvok\u0117 \u0161tai k\u0105: laikas b\u0117ga, o ar a\u0161 pakankamai d\u0117mesio skiriu tam, kas tikrai svarbu? O gal mano gyvenimas eina veltui? T\u0105 akimirk\u0105 Gre\u010den nusprend\u0117 metus laiko skirti pa\u010dios sugalvotam laim\u0117s projektui. Autor\u0117 detaliai ir su humoru \u012fam\u017eina asmeninius dvylikos m\u0117nesi\u0173 nuotykius, kuriuos patyr\u0117 m\u0117gindama am\u017ei\u0173 i\u0161mint\u012f ir dabartinius mokslinius tyrin\u0117jimus apie tai, kaip tapti laimingesniam. \u201eLaim\u0117s projektas\u201c \u2013 Dalai Lamos \u201eLaim\u0117s meno\u201c ir Elizabeth Gilbert \u201eValgyk, melskis, myl\u0117k\u201c mi\u0161inys, nematomomis si\u016bl\u0117mis sudygsniuotas i\u0161 pa\u010di\u0173 \u012fvairiausi\u0173 \u0161altini\u0173: psichologijos mokslinink\u0173, ra\u0161ytoj\u0173, poet\u0173 ir filosof\u0173 \u012f\u017evalg\u0173. G. Rubin nesiek\u0117 i\u0161 esm\u0117s pasikeisti, ji tiesiog susitelk\u0117 \u012f tai, kad pagerint\u0173 savo gyvenim\u0105 tok\u012f, koks jis yra. Kiekvien\u0105 m\u0117nes\u012f ji laik\u0117si vis nauj\u0173 pasi\u017ead\u0117jim\u0173: i\u0161reik\u0161ti meil\u0119, atrasti daugiau d\u017eiaugsmo, ra\u0161yti d\u0117kingumo dienora\u0161t\u012f, ma\u017eiau galvoti apie rezultatus. Autor\u0117s i\u0161vados kartais stebina: laim\u0119 galima nusipirkti, jei pinigai leid\u017eiami i\u0161mintingai, naujov\u0117s ir i\u0161\u0161\u016bkiai suteikia be galo daug d\u017eiaugsmo ir patys ma\u017eiausi poky\u010diai gali pakeisti kiekvieno gyvenim\u0105. \u017davus ir s\u0105moningas \u201eLaim\u0117s projektas\u201c yra pamokantis, bet kartu ir linksmas, jis ver\u010dia susim\u0105styti, prikausto d\u0117mes\u012f ir yra lengvai skaitomas. Knyga tiesiog tryk\u0161te tryk\u0161ta Gre\u010den Rubin aistra jos pasirinktai temai, tad perskait\u0119 vos kelis skyrius pajusite \u012fkv\u0117pim\u0105 prad\u0117ti asmenin\u012f laim\u0117s projekt\u0105.<\/p>\n","protected":false},"featured_media":22025,"comment_status":"open","ping_status":"closed","template":"","meta":{"_acf_changed":false,"site-sidebar-layout":"default","site-content-layout":"","ast-site-content-layout":"default","site-content-style":"default","site-sidebar-style":"default","ast-global-header-display":"","ast-banner-title-visibility":"","ast-main-header-display":"","ast-hfb-above-header-display":"","ast-hfb-below-header-display":"","ast-hfb-mobile-header-display":"","site-post-title":"","ast-breadcrumbs-content":"","ast-featured-img":"","footer-sml-layout":"","ast-disable-related-posts":"","theme-transparent-header-meta":"","adv-header-id-meta":"","stick-header-meta":"","header-above-stick-meta":"","header-main-stick-meta":"","header-below-stick-meta":"","astra-migrate-meta-layouts":"default","ast-page-background-enabled":"default","ast-page-background-meta":{"desktop":{"background-color":"","background-image":"","background-repeat":"repeat","background-position":"center center","background-size":"auto","background-attachment":"scroll","background-type":"","background-media":"","overlay-type":"","overlay-color":"","overlay-opacity":"","overlay-gradient":""},"tablet":{"background-color":"","background-image":"","background-repeat":"repeat","background-position":"center center","background-size":"auto","background-attachment":"scroll","background-type":"","background-media":"","overlay-type":"","overlay-color":"","overlay-opacity":"","overlay-gradient":""},"mobile":{"background-color":"","background-image":"","background-repeat":"repeat","background-position":"center center","background-size":"auto","background-attachment":"scroll","background-type":"","background-media":"","overlay-type":"","overlay-color":"","overlay-opacity":"","overlay-gradient":""}},"ast-content-background-meta":{"desktop":{"background-color":"var(--ast-global-color-4)","background-image":"","background-repeat":"repeat","background-position":"center center","background-size":"auto","background-attachment":"scroll","background-type":"","background-media":"","overlay-type":"","overlay-color":"","overlay-opacity":"","overlay-gradient":""},"tablet":{"background-color":"var(--ast-global-color-4)","background-image":"","background-repeat":"repeat","background-position":"center center","background-size":"auto","background-attachment":"scroll","background-type":"","background-media":"","overlay-type":"","overlay-color":"","overlay-opacity":"","overlay-gradient":""},"mobile":{"background-color":"var(--ast-global-color-4)","background-image":"","background-repeat":"repeat","background-position":"center center","background-size":"auto","background-attachment":"scroll","background-type":"","background-media":"","overlay-type":"","overlay-color":"","overlay-opacity":"","overlay-gradient":""}}},"product_brand":[],"product_cat":[15],"product_tag":[],"class_list":{"0":"post-22015","1":"product","2":"type-product","3":"status-publish","4":"has-post-thumbnail","6":"product_cat-uncategorized","7":"desktop-align-left","8":"tablet-align-left","9":"mobile-align-left","11":"first","12":"instock","13":"shipping-taxable","14":"purchasable","15":"product-type-simple"},"acf":[],"yoast_head":"<!-- This site is optimized with the Yoast SEO plugin v27.0 - https:\/\/yoast.com\/product\/yoast-seo-wordpress\/ -->\n<title>Laim\u0117s projektas<\/title>\n<meta name=\"description\" content=\"Vien\u0105 lieting\u0105 popiet\u0119 pa\u010dioje netik\u0117\u010diausioje vietoje \u2013 autobuse \u2013 Gre\u010den Rubin suvok\u0117 \u0161tai k\u0105: laikas b\u0117ga, o ar a\u0161 pakankamai d\u0117mesio skiriu tam, kas\" \/>\n<meta name=\"robots\" content=\"index, follow, max-snippet:-1, max-image-preview:large, max-video-preview:-1\" \/>\n<link rel=\"canonical\" href=\"https:\/\/skaitytaknyga.lt\/en\/produktas\/laimes-projektas\/\" \/>\n<meta property=\"og:locale\" content=\"en_GB\" \/>\n<meta property=\"og:locale:alternate\" content=\"lt_LT\" \/>\n<meta property=\"og:type\" content=\"article\" \/>\n<meta property=\"og:title\" content=\"Laim\u0117s projektas\" \/>\n<meta property=\"og:description\" content=\"Vien\u0105 lieting\u0105 popiet\u0119 pa\u010dioje netik\u0117\u010diausioje vietoje \u2013 autobuse \u2013 Gre\u010den Rubin suvok\u0117 \u0161tai k\u0105: laikas b\u0117ga, o ar a\u0161 pakankamai d\u0117mesio skiriu tam, kas\" \/>\n<meta property=\"og:url\" content=\"https:\/\/skaitytaknyga.lt\/en\/produktas\/laimes-projektas\/\" \/>\n<meta property=\"og:site_name\" content=\"Skaitytaknyga\" \/>\n<meta property=\"article:publisher\" content=\"https:\/\/www.facebook.com\/skaitytaknyga\/\" \/>\n<meta property=\"article:modified_time\" content=\"2025-11-23T10:36:41+00:00\" \/>\n<meta property=\"og:image\" content=\"https:\/\/skaitytaknyga.lt\/wp-content\/uploads\/2025\/11\/Laimes-projektas-1.webp\" \/>\n\t<meta property=\"og:image:width\" content=\"300\" \/>\n\t<meta property=\"og:image:height\" content=\"477\" \/>\n\t<meta property=\"og:image:type\" content=\"image\/webp\" \/>\n<meta name=\"twitter:card\" content=\"summary_large_image\" \/>\n<meta name=\"twitter:label1\" content=\"Estimated reading time\" \/>\n\t<meta name=\"twitter:data1\" content=\"1 minute\" \/>\n<script type=\"application\/ld+json\" class=\"yoast-schema-graph\">{\"@context\":\"https:\/\/schema.org\",\"@graph\":[{\"@type\":\"WebPage\",\"@id\":\"https:\/\/skaitytaknyga.lt\/produktas\/laimes-projektas\/\",\"url\":\"https:\/\/skaitytaknyga.lt\/produktas\/laimes-projektas\/\",\"name\":\"Laim\u0117s projektas\",\"isPartOf\":{\"@id\":\"https:\/\/skaitytaknyga.lt\/#website\"},\"primaryImageOfPage\":{\"@id\":\"https:\/\/skaitytaknyga.lt\/produktas\/laimes-projektas\/#primaryimage\"},\"image\":{\"@id\":\"https:\/\/skaitytaknyga.lt\/produktas\/laimes-projektas\/#primaryimage\"},\"thumbnailUrl\":\"https:\/\/skaitytaknyga.lt\/wp-content\/uploads\/2025\/11\/Laimes-projektas-1.webp\",\"datePublished\":\"2025-11-17T08:12:09+00:00\",\"dateModified\":\"2025-11-23T10:36:41+00:00\",\"description\":\"Vien\u0105 lieting\u0105 popiet\u0119 pa\u010dioje netik\u0117\u010diausioje vietoje \u2013 autobuse \u2013 Gre\u010den Rubin suvok\u0117 \u0161tai k\u0105: laikas b\u0117ga, o ar a\u0161 pakankamai d\u0117mesio skiriu tam, kas\",\"breadcrumb\":{\"@id\":\"https:\/\/skaitytaknyga.lt\/produktas\/laimes-projektas\/#breadcrumb\"},\"inLanguage\":\"en-GB\",\"potentialAction\":[{\"@type\":\"ReadAction\",\"target\":[\"https:\/\/skaitytaknyga.lt\/produktas\/laimes-projektas\/\"]}]},{\"@type\":\"ImageObject\",\"inLanguage\":\"en-GB\",\"@id\":\"https:\/\/skaitytaknyga.lt\/produktas\/laimes-projektas\/#primaryimage\",\"url\":\"https:\/\/skaitytaknyga.lt\/wp-content\/uploads\/2025\/11\/Laimes-projektas-1.webp\",\"contentUrl\":\"https:\/\/skaitytaknyga.lt\/wp-content\/uploads\/2025\/11\/Laimes-projektas-1.webp\",\"width\":300,\"height\":477,\"caption\":\"Laim\u0117s projektas\"},{\"@type\":\"BreadcrumbList\",\"@id\":\"https:\/\/skaitytaknyga.lt\/produktas\/laimes-projektas\/#breadcrumb\",\"itemListElement\":[{\"@type\":\"ListItem\",\"position\":1,\"name\":\"Home\",\"item\":\"https:\/\/skaitytaknyga.lt\/\"},{\"@type\":\"ListItem\",\"position\":2,\"name\":\"Parduotuv\u0117\",\"item\":\"https:\/\/skaitytaknyga.lt\/knygu-parduotuve\/\"},{\"@type\":\"ListItem\",\"position\":3,\"name\":\"Laim\u0117s projektas\"}]},{\"@type\":\"WebSite\",\"@id\":\"https:\/\/skaitytaknyga.lt\/#website\",\"url\":\"https:\/\/skaitytaknyga.lt\/\",\"name\":\"skaitytaknyga.lt\",\"description\":\"Skaitytaknyga.lt \u2013 tai ma\u017eas \u0161eimos verslas, kuris prasid\u0117jo nuo meil\u0117s knygoms ir siekio i\u0161gelb\u0117ti knygas nuo likimo prie konteinerio. Kas vienam nereikalingas daiktas \u2013 kitam lobis, o mes esame tarpininkai, kurie padeda abiems tapti laimingesniems ???? \u017dinome kaip nelengva i\u0161gyventi ma\u017eiems verslams, tad nuo \u0161iol, \u010dia rasite ir kit\u0173, ma\u017e\u0173 \u0161eim\u0173 versl\u0173, rank\u0173 darbo, dovan\u0173 sau ir artimiesiems.\",\"publisher\":{\"@id\":\"https:\/\/skaitytaknyga.lt\/#organization\"},\"potentialAction\":[{\"@type\":\"SearchAction\",\"target\":{\"@type\":\"EntryPoint\",\"urlTemplate\":\"https:\/\/skaitytaknyga.lt\/?s={search_term_string}\"},\"query-input\":{\"@type\":\"PropertyValueSpecification\",\"valueRequired\":true,\"valueName\":\"search_term_string\"}}],\"inLanguage\":\"en-GB\"},{\"@type\":\"Organization\",\"@id\":\"https:\/\/skaitytaknyga.lt\/#organization\",\"name\":\"skaitytaknyga.lt\",\"url\":\"https:\/\/skaitytaknyga.lt\/\",\"logo\":{\"@type\":\"ImageObject\",\"inLanguage\":\"en-GB\",\"@id\":\"https:\/\/skaitytaknyga.lt\/#\/schema\/logo\/image\/\",\"url\":\"https:\/\/skaitytaknyga.lt\/wp-content\/uploads\/2024\/05\/cropped-cropped-cropped-02_00843_jt3bggkj1j3HLc7SyY6rEUpg.jpeg\",\"contentUrl\":\"https:\/\/skaitytaknyga.lt\/wp-content\/uploads\/2024\/05\/cropped-cropped-cropped-02_00843_jt3bggkj1j3HLc7SyY6rEUpg.jpeg\",\"width\":1600,\"height\":1600,\"caption\":\"skaitytaknyga.lt\"},\"image\":{\"@id\":\"https:\/\/skaitytaknyga.lt\/#\/schema\/logo\/image\/\"},\"sameAs\":[\"https:\/\/www.facebook.com\/skaitytaknyga\/\"]}]}<\/script>\n<!-- \/ Yoast SEO plugin. -->","yoast_head_json":{"title":"Laim\u0117s projektas","description":"Vien\u0105 lieting\u0105 popiet\u0119 pa\u010dioje netik\u0117\u010diausioje vietoje \u2013 autobuse \u2013 Gre\u010den Rubin suvok\u0117 \u0161tai k\u0105: laikas b\u0117ga, o ar a\u0161 pakankamai d\u0117mesio skiriu tam, kas","robots":{"index":"index","follow":"follow","max-snippet":"max-snippet:-1","max-image-preview":"max-image-preview:large","max-video-preview":"max-video-preview:-1"},"canonical":"https:\/\/skaitytaknyga.lt\/en\/produktas\/laimes-projektas\/","og_locale":"en_GB","og_type":"article","og_title":"[:lt]Laim\u0117s projektas[:] - Skaitytaknyga","og_description":"Vien\u0105 lieting\u0105 popiet\u0119 pa\u010dioje netik\u0117\u010diausioje vietoje \u2013 autobuse \u2013 Gre\u010den Rubin suvok\u0117 \u0161tai k\u0105: laikas b\u0117ga, o ar a\u0161 pakankamai d\u0117mesio skiriu tam, kas","og_url":"https:\/\/skaitytaknyga.lt\/en\/produktas\/laimes-projektas\/","og_site_name":"Skaitytaknyga","article_publisher":"https:\/\/www.facebook.com\/skaitytaknyga\/","article_modified_time":"2025-11-23T10:36:41+00:00","og_image":[{"width":300,"height":477,"url":"https:\/\/skaitytaknyga.lt\/wp-content\/uploads\/2025\/11\/Laimes-projektas-1.webp","type":"image\/webp"}],"twitter_card":"summary_large_image","twitter_misc":{"Estimated reading time":"1 minute"},"schema":{"@context":"https:\/\/schema.org","@graph":[{"@type":"WebPage","@id":"https:\/\/skaitytaknyga.lt\/produktas\/laimes-projektas\/","url":"https:\/\/skaitytaknyga.lt\/produktas\/laimes-projektas\/","name":"Laim\u0117s projektas","isPartOf":{"@id":"https:\/\/skaitytaknyga.lt\/#website"},"primaryImageOfPage":{"@id":"https:\/\/skaitytaknyga.lt\/produktas\/laimes-projektas\/#primaryimage"},"image":{"@id":"https:\/\/skaitytaknyga.lt\/produktas\/laimes-projektas\/#primaryimage"},"thumbnailUrl":"https:\/\/skaitytaknyga.lt\/wp-content\/uploads\/2025\/11\/Laimes-projektas-1.webp","datePublished":"2025-11-17T08:12:09+00:00","dateModified":"2025-11-23T10:36:41+00:00","description":"Vien\u0105 lieting\u0105 popiet\u0119 pa\u010dioje netik\u0117\u010diausioje vietoje \u2013 autobuse \u2013 Gre\u010den Rubin suvok\u0117 \u0161tai k\u0105: laikas b\u0117ga, o ar a\u0161 pakankamai d\u0117mesio skiriu tam, kas","breadcrumb":{"@id":"https:\/\/skaitytaknyga.lt\/produktas\/laimes-projektas\/#breadcrumb"},"inLanguage":"en-GB","potentialAction":[{"@type":"ReadAction","target":["https:\/\/skaitytaknyga.lt\/produktas\/laimes-projektas\/"]}]},{"@type":"ImageObject","inLanguage":"en-GB","@id":"https:\/\/skaitytaknyga.lt\/produktas\/laimes-projektas\/#primaryimage","url":"https:\/\/skaitytaknyga.lt\/wp-content\/uploads\/2025\/11\/Laimes-projektas-1.webp","contentUrl":"https:\/\/skaitytaknyga.lt\/wp-content\/uploads\/2025\/11\/Laimes-projektas-1.webp","width":300,"height":477,"caption":"Laim\u0117s projektas"},{"@type":"BreadcrumbList","@id":"https:\/\/skaitytaknyga.lt\/produktas\/laimes-projektas\/#breadcrumb","itemListElement":[{"@type":"ListItem","position":1,"name":"Home","item":"https:\/\/skaitytaknyga.lt\/"},{"@type":"ListItem","position":2,"name":"Parduotuv\u0117","item":"https:\/\/skaitytaknyga.lt\/knygu-parduotuve\/"},{"@type":"ListItem","position":3,"name":"Laim\u0117s projektas"}]},{"@type":"WebSite","@id":"https:\/\/skaitytaknyga.lt\/#website","url":"https:\/\/skaitytaknyga.lt\/","name":"skaitytaknyga.lt","description":"Skaitytaknyga.lt \u2013 tai ma\u017eas \u0161eimos verslas, kuris prasid\u0117jo nuo meil\u0117s knygoms ir siekio i\u0161gelb\u0117ti knygas nuo likimo prie konteinerio. Kas vienam nereikalingas daiktas \u2013 kitam lobis, o mes esame tarpininkai, kurie padeda abiems tapti laimingesniems ???? \u017dinome kaip nelengva i\u0161gyventi ma\u017eiems verslams, tad nuo \u0161iol, \u010dia rasite ir kit\u0173, ma\u017e\u0173 \u0161eim\u0173 versl\u0173, rank\u0173 darbo, dovan\u0173 sau ir artimiesiems.","publisher":{"@id":"https:\/\/skaitytaknyga.lt\/#organization"},"potentialAction":[{"@type":"SearchAction","target":{"@type":"EntryPoint","urlTemplate":"https:\/\/skaitytaknyga.lt\/?s={search_term_string}"},"query-input":{"@type":"PropertyValueSpecification","valueRequired":true,"valueName":"search_term_string"}}],"inLanguage":"en-GB"},{"@type":"Organization","@id":"https:\/\/skaitytaknyga.lt\/#organization","name":"skaitytaknyga.lt","url":"https:\/\/skaitytaknyga.lt\/","logo":{"@type":"ImageObject","inLanguage":"en-GB","@id":"https:\/\/skaitytaknyga.lt\/#\/schema\/logo\/image\/","url":"https:\/\/skaitytaknyga.lt\/wp-content\/uploads\/2024\/05\/cropped-cropped-cropped-02_00843_jt3bggkj1j3HLc7SyY6rEUpg.jpeg","contentUrl":"https:\/\/skaitytaknyga.lt\/wp-content\/uploads\/2024\/05\/cropped-cropped-cropped-02_00843_jt3bggkj1j3HLc7SyY6rEUpg.jpeg","width":1600,"height":1600,"caption":"skaitytaknyga.lt"},"image":{"@id":"https:\/\/skaitytaknyga.lt\/#\/schema\/logo\/image\/"},"sameAs":["https:\/\/www.facebook.com\/skaitytaknyga\/"]}]}},"_links":{"self":[{"href":"https:\/\/skaitytaknyga.lt\/en\/wp-json\/wp\/v2\/product\/22015","targetHints":{"allow":["GET"]}}],"collection":[{"href":"https:\/\/skaitytaknyga.lt\/en\/wp-json\/wp\/v2\/product"}],"about":[{"href":"https:\/\/skaitytaknyga.lt\/en\/wp-json\/wp\/v2\/types\/product"}],"replies":[{"embeddable":true,"href":"https:\/\/skaitytaknyga.lt\/en\/wp-json\/wp\/v2\/comments?post=22015"}],"wp:featuredmedia":[{"embeddable":true,"href":"https:\/\/skaitytaknyga.lt\/en\/wp-json\/wp\/v2\/media\/22025"}],"wp:attachment":[{"href":"https:\/\/skaitytaknyga.lt\/en\/wp-json\/wp\/v2\/media?parent=22015"}],"wp:term":[{"taxonomy":"product_brand","embeddable":true,"href":"https:\/\/skaitytaknyga.lt\/en\/wp-json\/wp\/v2\/product_brand?post=22015"},{"taxonomy":"product_cat","embeddable":true,"href":"https:\/\/skaitytaknyga.lt\/en\/wp-json\/wp\/v2\/product_cat?post=22015"},{"taxonomy":"product_tag","embeddable":true,"href":"https:\/\/skaitytaknyga.lt\/en\/wp-json\/wp\/v2\/product_tag?post=22015"}],"curies":[{"name":"wp","href":"https:\/\/api.w.org\/{rel}","templated":true}]}}