{"id":22014,"date":"2025-11-17T10:12:09","date_gmt":"2025-11-17T08:12:09","guid":{"rendered":"https:\/\/skaitytaknyga.lt\/?post_type=product&#038;p=22014"},"modified":"2025-11-23T12:36:41","modified_gmt":"2025-11-23T10:36:41","slug":"milijonieriaus-mastymas","status":"publish","type":"product","link":"https:\/\/skaitytaknyga.lt\/en\/produktas\/milijonieriaus-mastymas\/","title":{"rendered":"Milijonieriaus m\u0105stymas"},"content":{"rendered":"<p>Ar jums b\u016bdingas milijonieriaus m\u0105stymas?<\/p>\n<p>Viena populiariausi\u0173 Amerikoje laikyta dr. Tomo J. Stenlio knyga \u201eMilijonierius kaimynyst\u0117je\u201c papasakoja, kas i\u0161 tikr\u0173j\u0173 yra Amerikos turtingieji.<\/p>\n<p>\u201eMilijonieriaus m\u0105stymas\u201c atskleid\u017eia, kaip jie tokiais tapo ir kaip tapti vienu i\u0161 j\u0173.<\/p>\n<p>Rasite netik\u0117t\u0173 atsakym\u0173 \u012f tokius klausimus kaip:<\/p>\n<p>&#8211; Kokie s\u0117km\u0117s veiksniai pad\u0117jo staiga praturt\u0117ti?<\/p>\n<p>&#8211; K\u0105 rei\u0161kia atsitiktin\u0117 s\u0117km\u0117 ir pa\u017eymiai mokykloje?<\/p>\n<p>&#8211; I\u0161 kur jie semiasi dr\u0105sos imtis finansin\u0117s rizikos?<\/p>\n<p>&#8211; Kaip jie atrado savo idealias profesijas?<\/p>\n<p>&#8211; Kas j\u0173 sutuoktiniai ir kaip jie juos pasirinko?<\/p>\n<p>&#8211; Kaip jie tvarko savo nam\u0173 \u016bkius?<\/p>\n<p>&#8211; Kaip jie perka ir parduoda savo namus?<\/p>\n<p>&#8211; K\u0105 jie labiausiai m\u0117gsta veikti laisvalaikiu?<\/p>\n","protected":false},"excerpt":{"rendered":"<p>Ar jums b\u016bdingas milijonieriaus m\u0105stymas? Viena populiariausi\u0173 Amerikoje laikyta dr. Tomo J. Stenlio knyga \u201eMilijonierius kaimynyst\u0117je\u201c papasakoja, kas i\u0161 tikr\u0173j\u0173 yra Amerikos turtingieji. \u201eMilijonieriaus m\u0105stymas\u201c atskleid\u017eia, kaip jie tokiais tapo ir kaip tapti vienu i\u0161 j\u0173. Rasite netik\u0117t\u0173 atsakym\u0173 \u012f tokius klausimus kaip: &#8211; Kokie s\u0117km\u0117s veiksniai pad\u0117jo staiga praturt\u0117ti? &#8211; K\u0105 rei\u0161kia atsitiktin\u0117 s\u0117km\u0117 ir pa\u017eymiai mokykloje? &#8211; I\u0161 kur jie semiasi dr\u0105sos imtis finansin\u0117s rizikos? &#8211; Kaip jie atrado savo idealias profesijas? &#8211; Kas j\u0173 sutuoktiniai ir kaip jie juos pasirinko? &#8211; Kaip jie tvarko savo nam\u0173 \u016bkius? &#8211; Kaip jie perka ir parduoda savo namus? &#8211; K\u0105 jie labiausiai m\u0117gsta veikti laisvalaikiu?<\/p>\n","protected":false},"featured_media":22024,"comment_status":"open","ping_status":"closed","template":"","meta":{"_acf_changed":false,"site-sidebar-layout":"default","site-content-layout":"","ast-site-content-layout":"default","site-content-style":"default","site-sidebar-style":"default","ast-global-header-display":"","ast-banner-title-visibility":"","ast-main-header-display":"","ast-hfb-above-header-display":"","ast-hfb-below-header-display":"","ast-hfb-mobile-header-display":"","site-post-title":"","ast-breadcrumbs-content":"","ast-featured-img":"","footer-sml-layout":"","ast-disable-related-posts":"","theme-transparent-header-meta":"","adv-header-id-meta":"","stick-header-meta":"","header-above-stick-meta":"","header-main-stick-meta":"","header-below-stick-meta":"","astra-migrate-meta-layouts":"default","ast-page-background-enabled":"default","ast-page-background-meta":{"desktop":{"background-color":"","background-image":"","background-repeat":"repeat","background-position":"center center","background-size":"auto","background-attachment":"scroll","background-type":"","background-media":"","overlay-type":"","overlay-color":"","overlay-opacity":"","overlay-gradient":""},"tablet":{"background-color":"","background-image":"","background-repeat":"repeat","background-position":"center center","background-size":"auto","background-attachment":"scroll","background-type":"","background-media":"","overlay-type":"","overlay-color":"","overlay-opacity":"","overlay-gradient":""},"mobile":{"background-color":"","background-image":"","background-repeat":"repeat","background-position":"center center","background-size":"auto","background-attachment":"scroll","background-type":"","background-media":"","overlay-type":"","overlay-color":"","overlay-opacity":"","overlay-gradient":""}},"ast-content-background-meta":{"desktop":{"background-color":"var(--ast-global-color-4)","background-image":"","background-repeat":"repeat","background-position":"center center","background-size":"auto","background-attachment":"scroll","background-type":"","background-media":"","overlay-type":"","overlay-color":"","overlay-opacity":"","overlay-gradient":""},"tablet":{"background-color":"var(--ast-global-color-4)","background-image":"","background-repeat":"repeat","background-position":"center center","background-size":"auto","background-attachment":"scroll","background-type":"","background-media":"","overlay-type":"","overlay-color":"","overlay-opacity":"","overlay-gradient":""},"mobile":{"background-color":"var(--ast-global-color-4)","background-image":"","background-repeat":"repeat","background-position":"center center","background-size":"auto","background-attachment":"scroll","background-type":"","background-media":"","overlay-type":"","overlay-color":"","overlay-opacity":"","overlay-gradient":""}}},"product_brand":[],"product_cat":[15],"product_tag":[],"class_list":{"0":"post-22014","1":"product","2":"type-product","3":"status-publish","4":"has-post-thumbnail","6":"product_cat-uncategorized","7":"desktop-align-left","8":"tablet-align-left","9":"mobile-align-left","11":"first","12":"instock","13":"shipping-taxable","14":"purchasable","15":"product-type-simple"},"acf":[],"yoast_head":"<!-- This site is optimized with the Yoast SEO plugin v27.0 - https:\/\/yoast.com\/product\/yoast-seo-wordpress\/ -->\n<title>Milijonieriaus m\u0105stymas<\/title>\n<meta name=\"description\" content=\"Ar jums b\u016bdingas milijonieriaus m\u0105stymas? Viena populiariausi\u0173 Amerikoje laikyta dr. Tomo J. Stenlio knyga \u201eMilijonierius kaimynyst\u0117je\u201c papasakoja, kas i\u0161\" \/>\n<meta name=\"robots\" content=\"index, follow, max-snippet:-1, max-image-preview:large, max-video-preview:-1\" \/>\n<link rel=\"canonical\" href=\"https:\/\/skaitytaknyga.lt\/en\/produktas\/milijonieriaus-mastymas\/\" \/>\n<meta property=\"og:locale\" content=\"en_GB\" \/>\n<meta property=\"og:locale:alternate\" content=\"lt_LT\" \/>\n<meta property=\"og:type\" content=\"article\" \/>\n<meta property=\"og:title\" content=\"Milijonieriaus m\u0105stymas\" \/>\n<meta property=\"og:description\" content=\"Ar jums b\u016bdingas milijonieriaus m\u0105stymas? Viena populiariausi\u0173 Amerikoje laikyta dr. Tomo J. Stenlio knyga \u201eMilijonierius kaimynyst\u0117je\u201c papasakoja, kas i\u0161\" \/>\n<meta property=\"og:url\" content=\"https:\/\/skaitytaknyga.lt\/en\/produktas\/milijonieriaus-mastymas\/\" \/>\n<meta property=\"og:site_name\" content=\"Skaitytaknyga\" \/>\n<meta property=\"article:publisher\" content=\"https:\/\/www.facebook.com\/skaitytaknyga\/\" \/>\n<meta property=\"article:modified_time\" content=\"2025-11-23T10:36:41+00:00\" \/>\n<meta property=\"og:image\" content=\"https:\/\/skaitytaknyga.lt\/wp-content\/uploads\/2025\/11\/Milijonieriaus-mastymas-1.webp\" \/>\n\t<meta property=\"og:image:width\" content=\"300\" \/>\n\t<meta property=\"og:image:height\" content=\"465\" \/>\n\t<meta property=\"og:image:type\" content=\"image\/webp\" \/>\n<meta name=\"twitter:card\" content=\"summary_large_image\" \/>\n<meta name=\"twitter:label1\" content=\"Estimated reading time\" \/>\n\t<meta name=\"twitter:data1\" content=\"1 minute\" \/>\n<script type=\"application\/ld+json\" class=\"yoast-schema-graph\">{\"@context\":\"https:\/\/schema.org\",\"@graph\":[{\"@type\":\"WebPage\",\"@id\":\"https:\/\/skaitytaknyga.lt\/produktas\/milijonieriaus-mastymas\/\",\"url\":\"https:\/\/skaitytaknyga.lt\/produktas\/milijonieriaus-mastymas\/\",\"name\":\"Milijonieriaus m\u0105stymas\",\"isPartOf\":{\"@id\":\"https:\/\/skaitytaknyga.lt\/#website\"},\"primaryImageOfPage\":{\"@id\":\"https:\/\/skaitytaknyga.lt\/produktas\/milijonieriaus-mastymas\/#primaryimage\"},\"image\":{\"@id\":\"https:\/\/skaitytaknyga.lt\/produktas\/milijonieriaus-mastymas\/#primaryimage\"},\"thumbnailUrl\":\"https:\/\/skaitytaknyga.lt\/wp-content\/uploads\/2025\/11\/Milijonieriaus-mastymas-1.webp\",\"datePublished\":\"2025-11-17T08:12:09+00:00\",\"dateModified\":\"2025-11-23T10:36:41+00:00\",\"description\":\"Ar jums b\u016bdingas milijonieriaus m\u0105stymas? Viena populiariausi\u0173 Amerikoje laikyta dr. Tomo J. Stenlio knyga \u201eMilijonierius kaimynyst\u0117je\u201c papasakoja, kas i\u0161\",\"breadcrumb\":{\"@id\":\"https:\/\/skaitytaknyga.lt\/produktas\/milijonieriaus-mastymas\/#breadcrumb\"},\"inLanguage\":\"en-GB\",\"potentialAction\":[{\"@type\":\"ReadAction\",\"target\":[\"https:\/\/skaitytaknyga.lt\/produktas\/milijonieriaus-mastymas\/\"]}]},{\"@type\":\"ImageObject\",\"inLanguage\":\"en-GB\",\"@id\":\"https:\/\/skaitytaknyga.lt\/produktas\/milijonieriaus-mastymas\/#primaryimage\",\"url\":\"https:\/\/skaitytaknyga.lt\/wp-content\/uploads\/2025\/11\/Milijonieriaus-mastymas-1.webp\",\"contentUrl\":\"https:\/\/skaitytaknyga.lt\/wp-content\/uploads\/2025\/11\/Milijonieriaus-mastymas-1.webp\",\"width\":300,\"height\":465,\"caption\":\"Milijonieriaus m\u0105stymas\"},{\"@type\":\"BreadcrumbList\",\"@id\":\"https:\/\/skaitytaknyga.lt\/produktas\/milijonieriaus-mastymas\/#breadcrumb\",\"itemListElement\":[{\"@type\":\"ListItem\",\"position\":1,\"name\":\"Home\",\"item\":\"https:\/\/skaitytaknyga.lt\/\"},{\"@type\":\"ListItem\",\"position\":2,\"name\":\"Parduotuv\u0117\",\"item\":\"https:\/\/skaitytaknyga.lt\/knygu-parduotuve\/\"},{\"@type\":\"ListItem\",\"position\":3,\"name\":\"Milijonieriaus m\u0105stymas\"}]},{\"@type\":\"WebSite\",\"@id\":\"https:\/\/skaitytaknyga.lt\/#website\",\"url\":\"https:\/\/skaitytaknyga.lt\/\",\"name\":\"skaitytaknyga.lt\",\"description\":\"Skaitytaknyga.lt \u2013 tai ma\u017eas \u0161eimos verslas, kuris prasid\u0117jo nuo meil\u0117s knygoms ir siekio i\u0161gelb\u0117ti knygas nuo likimo prie konteinerio. Kas vienam nereikalingas daiktas \u2013 kitam lobis, o mes esame tarpininkai, kurie padeda abiems tapti laimingesniems ???? \u017dinome kaip nelengva i\u0161gyventi ma\u017eiems verslams, tad nuo \u0161iol, \u010dia rasite ir kit\u0173, ma\u017e\u0173 \u0161eim\u0173 versl\u0173, rank\u0173 darbo, dovan\u0173 sau ir artimiesiems.\",\"publisher\":{\"@id\":\"https:\/\/skaitytaknyga.lt\/#organization\"},\"potentialAction\":[{\"@type\":\"SearchAction\",\"target\":{\"@type\":\"EntryPoint\",\"urlTemplate\":\"https:\/\/skaitytaknyga.lt\/?s={search_term_string}\"},\"query-input\":{\"@type\":\"PropertyValueSpecification\",\"valueRequired\":true,\"valueName\":\"search_term_string\"}}],\"inLanguage\":\"en-GB\"},{\"@type\":\"Organization\",\"@id\":\"https:\/\/skaitytaknyga.lt\/#organization\",\"name\":\"skaitytaknyga.lt\",\"url\":\"https:\/\/skaitytaknyga.lt\/\",\"logo\":{\"@type\":\"ImageObject\",\"inLanguage\":\"en-GB\",\"@id\":\"https:\/\/skaitytaknyga.lt\/#\/schema\/logo\/image\/\",\"url\":\"https:\/\/skaitytaknyga.lt\/wp-content\/uploads\/2024\/05\/cropped-cropped-cropped-02_00843_jt3bggkj1j3HLc7SyY6rEUpg.jpeg\",\"contentUrl\":\"https:\/\/skaitytaknyga.lt\/wp-content\/uploads\/2024\/05\/cropped-cropped-cropped-02_00843_jt3bggkj1j3HLc7SyY6rEUpg.jpeg\",\"width\":1600,\"height\":1600,\"caption\":\"skaitytaknyga.lt\"},\"image\":{\"@id\":\"https:\/\/skaitytaknyga.lt\/#\/schema\/logo\/image\/\"},\"sameAs\":[\"https:\/\/www.facebook.com\/skaitytaknyga\/\"]}]}<\/script>\n<!-- \/ Yoast SEO plugin. -->","yoast_head_json":{"title":"Milijonieriaus m\u0105stymas","description":"Ar jums b\u016bdingas milijonieriaus m\u0105stymas? Viena populiariausi\u0173 Amerikoje laikyta dr. Tomo J. Stenlio knyga \u201eMilijonierius kaimynyst\u0117je\u201c papasakoja, kas i\u0161","robots":{"index":"index","follow":"follow","max-snippet":"max-snippet:-1","max-image-preview":"max-image-preview:large","max-video-preview":"max-video-preview:-1"},"canonical":"https:\/\/skaitytaknyga.lt\/en\/produktas\/milijonieriaus-mastymas\/","og_locale":"en_GB","og_type":"article","og_title":"[:lt]Milijonieriaus m\u0105stymas[:] - Skaitytaknyga","og_description":"Ar jums b\u016bdingas milijonieriaus m\u0105stymas? Viena populiariausi\u0173 Amerikoje laikyta dr. Tomo J. Stenlio knyga \u201eMilijonierius kaimynyst\u0117je\u201c papasakoja, kas i\u0161","og_url":"https:\/\/skaitytaknyga.lt\/en\/produktas\/milijonieriaus-mastymas\/","og_site_name":"Skaitytaknyga","article_publisher":"https:\/\/www.facebook.com\/skaitytaknyga\/","article_modified_time":"2025-11-23T10:36:41+00:00","og_image":[{"width":300,"height":465,"url":"https:\/\/skaitytaknyga.lt\/wp-content\/uploads\/2025\/11\/Milijonieriaus-mastymas-1.webp","type":"image\/webp"}],"twitter_card":"summary_large_image","twitter_misc":{"Estimated reading time":"1 minute"},"schema":{"@context":"https:\/\/schema.org","@graph":[{"@type":"WebPage","@id":"https:\/\/skaitytaknyga.lt\/produktas\/milijonieriaus-mastymas\/","url":"https:\/\/skaitytaknyga.lt\/produktas\/milijonieriaus-mastymas\/","name":"Milijonieriaus m\u0105stymas","isPartOf":{"@id":"https:\/\/skaitytaknyga.lt\/#website"},"primaryImageOfPage":{"@id":"https:\/\/skaitytaknyga.lt\/produktas\/milijonieriaus-mastymas\/#primaryimage"},"image":{"@id":"https:\/\/skaitytaknyga.lt\/produktas\/milijonieriaus-mastymas\/#primaryimage"},"thumbnailUrl":"https:\/\/skaitytaknyga.lt\/wp-content\/uploads\/2025\/11\/Milijonieriaus-mastymas-1.webp","datePublished":"2025-11-17T08:12:09+00:00","dateModified":"2025-11-23T10:36:41+00:00","description":"Ar jums b\u016bdingas milijonieriaus m\u0105stymas? Viena populiariausi\u0173 Amerikoje laikyta dr. Tomo J. Stenlio knyga \u201eMilijonierius kaimynyst\u0117je\u201c papasakoja, kas i\u0161","breadcrumb":{"@id":"https:\/\/skaitytaknyga.lt\/produktas\/milijonieriaus-mastymas\/#breadcrumb"},"inLanguage":"en-GB","potentialAction":[{"@type":"ReadAction","target":["https:\/\/skaitytaknyga.lt\/produktas\/milijonieriaus-mastymas\/"]}]},{"@type":"ImageObject","inLanguage":"en-GB","@id":"https:\/\/skaitytaknyga.lt\/produktas\/milijonieriaus-mastymas\/#primaryimage","url":"https:\/\/skaitytaknyga.lt\/wp-content\/uploads\/2025\/11\/Milijonieriaus-mastymas-1.webp","contentUrl":"https:\/\/skaitytaknyga.lt\/wp-content\/uploads\/2025\/11\/Milijonieriaus-mastymas-1.webp","width":300,"height":465,"caption":"Milijonieriaus m\u0105stymas"},{"@type":"BreadcrumbList","@id":"https:\/\/skaitytaknyga.lt\/produktas\/milijonieriaus-mastymas\/#breadcrumb","itemListElement":[{"@type":"ListItem","position":1,"name":"Home","item":"https:\/\/skaitytaknyga.lt\/"},{"@type":"ListItem","position":2,"name":"Parduotuv\u0117","item":"https:\/\/skaitytaknyga.lt\/knygu-parduotuve\/"},{"@type":"ListItem","position":3,"name":"Milijonieriaus m\u0105stymas"}]},{"@type":"WebSite","@id":"https:\/\/skaitytaknyga.lt\/#website","url":"https:\/\/skaitytaknyga.lt\/","name":"skaitytaknyga.lt","description":"Skaitytaknyga.lt \u2013 tai ma\u017eas \u0161eimos verslas, kuris prasid\u0117jo nuo meil\u0117s knygoms ir siekio i\u0161gelb\u0117ti knygas nuo likimo prie konteinerio. Kas vienam nereikalingas daiktas \u2013 kitam lobis, o mes esame tarpininkai, kurie padeda abiems tapti laimingesniems ???? \u017dinome kaip nelengva i\u0161gyventi ma\u017eiems verslams, tad nuo \u0161iol, \u010dia rasite ir kit\u0173, ma\u017e\u0173 \u0161eim\u0173 versl\u0173, rank\u0173 darbo, dovan\u0173 sau ir artimiesiems.","publisher":{"@id":"https:\/\/skaitytaknyga.lt\/#organization"},"potentialAction":[{"@type":"SearchAction","target":{"@type":"EntryPoint","urlTemplate":"https:\/\/skaitytaknyga.lt\/?s={search_term_string}"},"query-input":{"@type":"PropertyValueSpecification","valueRequired":true,"valueName":"search_term_string"}}],"inLanguage":"en-GB"},{"@type":"Organization","@id":"https:\/\/skaitytaknyga.lt\/#organization","name":"skaitytaknyga.lt","url":"https:\/\/skaitytaknyga.lt\/","logo":{"@type":"ImageObject","inLanguage":"en-GB","@id":"https:\/\/skaitytaknyga.lt\/#\/schema\/logo\/image\/","url":"https:\/\/skaitytaknyga.lt\/wp-content\/uploads\/2024\/05\/cropped-cropped-cropped-02_00843_jt3bggkj1j3HLc7SyY6rEUpg.jpeg","contentUrl":"https:\/\/skaitytaknyga.lt\/wp-content\/uploads\/2024\/05\/cropped-cropped-cropped-02_00843_jt3bggkj1j3HLc7SyY6rEUpg.jpeg","width":1600,"height":1600,"caption":"skaitytaknyga.lt"},"image":{"@id":"https:\/\/skaitytaknyga.lt\/#\/schema\/logo\/image\/"},"sameAs":["https:\/\/www.facebook.com\/skaitytaknyga\/"]}]}},"_links":{"self":[{"href":"https:\/\/skaitytaknyga.lt\/en\/wp-json\/wp\/v2\/product\/22014","targetHints":{"allow":["GET"]}}],"collection":[{"href":"https:\/\/skaitytaknyga.lt\/en\/wp-json\/wp\/v2\/product"}],"about":[{"href":"https:\/\/skaitytaknyga.lt\/en\/wp-json\/wp\/v2\/types\/product"}],"replies":[{"embeddable":true,"href":"https:\/\/skaitytaknyga.lt\/en\/wp-json\/wp\/v2\/comments?post=22014"}],"wp:featuredmedia":[{"embeddable":true,"href":"https:\/\/skaitytaknyga.lt\/en\/wp-json\/wp\/v2\/media\/22024"}],"wp:attachment":[{"href":"https:\/\/skaitytaknyga.lt\/en\/wp-json\/wp\/v2\/media?parent=22014"}],"wp:term":[{"taxonomy":"product_brand","embeddable":true,"href":"https:\/\/skaitytaknyga.lt\/en\/wp-json\/wp\/v2\/product_brand?post=22014"},{"taxonomy":"product_cat","embeddable":true,"href":"https:\/\/skaitytaknyga.lt\/en\/wp-json\/wp\/v2\/product_cat?post=22014"},{"taxonomy":"product_tag","embeddable":true,"href":"https:\/\/skaitytaknyga.lt\/en\/wp-json\/wp\/v2\/product_tag?post=22014"}],"curies":[{"name":"wp","href":"https:\/\/api.w.org\/{rel}","templated":true}]}}