{"id":22013,"date":"2025-11-17T10:12:09","date_gmt":"2025-11-17T08:12:09","guid":{"rendered":"https:\/\/skaitytaknyga.lt\/?post_type=product&#038;p=22013"},"modified":"2026-03-05T11:59:16","modified_gmt":"2026-03-05T09:59:16","slug":"frosto-prisilietimas","status":"publish","type":"product","link":"https:\/\/skaitytaknyga.lt\/en\/produktas\/frosto-prisilietimas\/","title":{"rendered":"Frosto prisilietimas"},"content":{"rendered":"<p>Detektyv\u0173 m\u0117g\u0117jams D\u017eekas Frostas pa\u017e\u012fstamas i\u0161 kriminalinio serialo \u201eFrosto prisilietimas\u201c, kuriame pagrindin\u012f vaidmen\u012f atliko Davidas Jasonas. Serialas ir aktorius Jungtin\u0117je Karalyst\u0117je peln\u0117 gausyb\u0119 apdovanojim\u0173.<\/p>\n<p>Detektyvas D\u017eekas Frostas keistuolis: jis nesilaiko darbo drausm\u0117s, yra netvarkingas, ironi\u0161kai bendrauja su aplinkiniais ir problemas traukia lyg magnetas. Vis d\u0117lto u\u017e \u0161ios kauk\u0117s slypi jautri siela ir stiprus teisingumo jausmas&#8230;<\/p>\n<p>Ram\u0173 Dentono miestel\u012f u\u017elieja nusikaltim\u0173 banga. Vie\u0161ajame tualete randamas narkomano lavonas, dingsta verslininko dukt\u0117, parlamento nario s\u016bnus \u012ftariamas mirtinai partrenk\u0119s senol\u012f ir pab\u0117g\u0119s i\u0161 \u012fvykio vietos, apipl\u0117\u0161iamas striptizo klubas, siau\u010dia serijinis prievartautojas\u2026<\/p>\n<p>Ir visi \u0161ie nusikaltimai susij\u0119 vienas su kitu. Tyrimas painus, daug \u012ftampos, u\u017e nugaros \u2013 \u0161\u016bsnis neu\u017epildyt\u0173 ataskait\u0173, ta\u010diau detektyvas D\u017eekas Frostas pasiry\u017e\u0119s i\u0161narplioti nusikaltimus. Koj\u0105 ki\u0161a kai kurie kolegos, norintys, kad jis susimaut\u0173. \u017dinoma, ekscentri\u0161kasis Frostas aplinkinius \u012ftikina, kad visk\u0105 kontroliuoja. Tik viena smulkmena \u2013 dabar jis tuo \u012ftikinti turi ir save&#8230;<\/p>\n","protected":false},"excerpt":{"rendered":"<p>Detektyv\u0173 m\u0117g\u0117jams D\u017eekas Frostas pa\u017e\u012fstamas i\u0161 kriminalinio serialo \u201eFrosto prisilietimas\u201c, kuriame pagrindin\u012f vaidmen\u012f atliko Davidas Jasonas. Serialas ir aktorius Jungtin\u0117je Karalyst\u0117je peln\u0117 gausyb\u0119 apdovanojim\u0173. Detektyvas D\u017eekas Frostas keistuolis: jis nesilaiko darbo drausm\u0117s, yra netvarkingas, ironi\u0161kai bendrauja su aplinkiniais ir problemas traukia lyg magnetas. Vis d\u0117lto u\u017e \u0161ios kauk\u0117s slypi jautri siela ir stiprus teisingumo jausmas&#8230; Ram\u0173 Dentono miestel\u012f u\u017elieja nusikaltim\u0173 banga. Vie\u0161ajame tualete randamas narkomano lavonas, dingsta verslininko dukt\u0117, parlamento nario s\u016bnus \u012ftariamas mirtinai partrenk\u0119s senol\u012f ir pab\u0117g\u0119s i\u0161 \u012fvykio vietos, apipl\u0117\u0161iamas striptizo klubas, siau\u010dia serijinis prievartautojas\u2026 Ir visi \u0161ie nusikaltimai susij\u0119 vienas su kitu. Tyrimas painus, daug \u012ftampos, u\u017e nugaros \u2013 \u0161\u016bsnis neu\u017epildyt\u0173 ataskait\u0173, ta\u010diau detektyvas D\u017eekas Frostas pasiry\u017e\u0119s i\u0161narplioti nusikaltimus. Koj\u0105 ki\u0161a kai kurie kolegos, norintys, kad jis susimaut\u0173. \u017dinoma, ekscentri\u0161kasis Frostas aplinkinius \u012ftikina, kad visk\u0105 kontroliuoja. Tik viena smulkmena \u2013 dabar jis tuo \u012ftikinti turi ir save&#8230;<\/p>\n","protected":false},"featured_media":22056,"comment_status":"open","ping_status":"closed","template":"","meta":{"_acf_changed":false,"site-sidebar-layout":"default","site-content-layout":"","ast-site-content-layout":"default","site-content-style":"default","site-sidebar-style":"default","ast-global-header-display":"","ast-banner-title-visibility":"","ast-main-header-display":"","ast-hfb-above-header-display":"","ast-hfb-below-header-display":"","ast-hfb-mobile-header-display":"","site-post-title":"","ast-breadcrumbs-content":"","ast-featured-img":"","footer-sml-layout":"","ast-disable-related-posts":"","theme-transparent-header-meta":"","adv-header-id-meta":"","stick-header-meta":"","header-above-stick-meta":"","header-main-stick-meta":"","header-below-stick-meta":"","astra-migrate-meta-layouts":"default","ast-page-background-enabled":"default","ast-page-background-meta":{"desktop":{"background-color":"","background-image":"","background-repeat":"repeat","background-position":"center center","background-size":"auto","background-attachment":"scroll","background-type":"","background-media":"","overlay-type":"","overlay-color":"","overlay-opacity":"","overlay-gradient":""},"tablet":{"background-color":"","background-image":"","background-repeat":"repeat","background-position":"center center","background-size":"auto","background-attachment":"scroll","background-type":"","background-media":"","overlay-type":"","overlay-color":"","overlay-opacity":"","overlay-gradient":""},"mobile":{"background-color":"","background-image":"","background-repeat":"repeat","background-position":"center center","background-size":"auto","background-attachment":"scroll","background-type":"","background-media":"","overlay-type":"","overlay-color":"","overlay-opacity":"","overlay-gradient":""}},"ast-content-background-meta":{"desktop":{"background-color":"var(--ast-global-color-4)","background-image":"","background-repeat":"repeat","background-position":"center center","background-size":"auto","background-attachment":"scroll","background-type":"","background-media":"","overlay-type":"","overlay-color":"","overlay-opacity":"","overlay-gradient":""},"tablet":{"background-color":"var(--ast-global-color-4)","background-image":"","background-repeat":"repeat","background-position":"center center","background-size":"auto","background-attachment":"scroll","background-type":"","background-media":"","overlay-type":"","overlay-color":"","overlay-opacity":"","overlay-gradient":""},"mobile":{"background-color":"var(--ast-global-color-4)","background-image":"","background-repeat":"repeat","background-position":"center center","background-size":"auto","background-attachment":"scroll","background-type":"","background-media":"","overlay-type":"","overlay-color":"","overlay-opacity":"","overlay-gradient":""}}},"product_brand":[],"product_cat":[9581],"product_tag":[],"class_list":{"0":"post-22013","1":"product","2":"type-product","3":"status-publish","4":"has-post-thumbnail","6":"product_cat-kriminaliniai-romanai","7":"desktop-align-left","8":"tablet-align-left","9":"mobile-align-left","11":"first","12":"instock","13":"shipping-taxable","14":"purchasable","15":"product-type-simple"},"acf":[],"yoast_head":"<!-- This site is optimized with the Yoast SEO plugin v27.0 - https:\/\/yoast.com\/product\/yoast-seo-wordpress\/ -->\n<title>Frosto prisilietimas<\/title>\n<meta name=\"description\" content=\"Detektyv\u0173 m\u0117g\u0117jams D\u017eekas Frostas pa\u017e\u012fstamas i\u0161 kriminalinio serialo \u201eFrosto prisilietimas\u201c, kuriame pagrindin\u012f vaidmen\u012f atliko Davidas Jasonas. Serialas\" \/>\n<meta name=\"robots\" content=\"index, follow, max-snippet:-1, max-image-preview:large, max-video-preview:-1\" \/>\n<link rel=\"canonical\" href=\"https:\/\/skaitytaknyga.lt\/en\/produktas\/frosto-prisilietimas\/\" \/>\n<meta property=\"og:locale\" content=\"en_GB\" \/>\n<meta property=\"og:locale:alternate\" content=\"lt_LT\" \/>\n<meta property=\"og:type\" content=\"article\" \/>\n<meta property=\"og:title\" content=\"Frosto prisilietimas\" \/>\n<meta property=\"og:description\" content=\"Detektyv\u0173 m\u0117g\u0117jams D\u017eekas Frostas pa\u017e\u012fstamas i\u0161 kriminalinio serialo \u201eFrosto prisilietimas\u201c, kuriame pagrindin\u012f vaidmen\u012f atliko Davidas Jasonas. Serialas\" \/>\n<meta property=\"og:url\" content=\"https:\/\/skaitytaknyga.lt\/en\/produktas\/frosto-prisilietimas\/\" \/>\n<meta property=\"og:site_name\" content=\"Skaitytaknyga\" \/>\n<meta property=\"article:publisher\" content=\"https:\/\/www.facebook.com\/skaitytaknyga\/\" \/>\n<meta property=\"article:modified_time\" content=\"2026-03-05T09:59:16+00:00\" \/>\n<meta property=\"og:image\" content=\"https:\/\/skaitytaknyga.lt\/wp-content\/uploads\/2025\/11\/Frosto-prisilietimas.jpg\" \/>\n\t<meta property=\"og:image:width\" content=\"262\" \/>\n\t<meta property=\"og:image:height\" content=\"450\" \/>\n\t<meta property=\"og:image:type\" content=\"image\/jpeg\" \/>\n<meta name=\"twitter:card\" content=\"summary_large_image\" \/>\n<meta name=\"twitter:label1\" content=\"Estimated reading time\" \/>\n\t<meta name=\"twitter:data1\" content=\"1 minute\" \/>\n<script type=\"application\/ld+json\" class=\"yoast-schema-graph\">{\"@context\":\"https:\/\/schema.org\",\"@graph\":[{\"@type\":\"WebPage\",\"@id\":\"https:\/\/skaitytaknyga.lt\/produktas\/frosto-prisilietimas\/\",\"url\":\"https:\/\/skaitytaknyga.lt\/produktas\/frosto-prisilietimas\/\",\"name\":\"Frosto prisilietimas\",\"isPartOf\":{\"@id\":\"https:\/\/skaitytaknyga.lt\/#website\"},\"primaryImageOfPage\":{\"@id\":\"https:\/\/skaitytaknyga.lt\/produktas\/frosto-prisilietimas\/#primaryimage\"},\"image\":{\"@id\":\"https:\/\/skaitytaknyga.lt\/produktas\/frosto-prisilietimas\/#primaryimage\"},\"thumbnailUrl\":\"https:\/\/skaitytaknyga.lt\/wp-content\/uploads\/2025\/11\/Frosto-prisilietimas.jpg\",\"datePublished\":\"2025-11-17T08:12:09+00:00\",\"dateModified\":\"2026-03-05T09:59:16+00:00\",\"description\":\"Detektyv\u0173 m\u0117g\u0117jams D\u017eekas Frostas pa\u017e\u012fstamas i\u0161 kriminalinio serialo \u201eFrosto prisilietimas\u201c, kuriame pagrindin\u012f vaidmen\u012f atliko Davidas Jasonas. Serialas\",\"breadcrumb\":{\"@id\":\"https:\/\/skaitytaknyga.lt\/produktas\/frosto-prisilietimas\/#breadcrumb\"},\"inLanguage\":\"en-GB\",\"potentialAction\":[{\"@type\":\"ReadAction\",\"target\":[\"https:\/\/skaitytaknyga.lt\/produktas\/frosto-prisilietimas\/\"]}]},{\"@type\":\"ImageObject\",\"inLanguage\":\"en-GB\",\"@id\":\"https:\/\/skaitytaknyga.lt\/produktas\/frosto-prisilietimas\/#primaryimage\",\"url\":\"https:\/\/skaitytaknyga.lt\/wp-content\/uploads\/2025\/11\/Frosto-prisilietimas.jpg\",\"contentUrl\":\"https:\/\/skaitytaknyga.lt\/wp-content\/uploads\/2025\/11\/Frosto-prisilietimas.jpg\",\"width\":262,\"height\":450},{\"@type\":\"BreadcrumbList\",\"@id\":\"https:\/\/skaitytaknyga.lt\/produktas\/frosto-prisilietimas\/#breadcrumb\",\"itemListElement\":[{\"@type\":\"ListItem\",\"position\":1,\"name\":\"Home\",\"item\":\"https:\/\/skaitytaknyga.lt\/\"},{\"@type\":\"ListItem\",\"position\":2,\"name\":\"Parduotuv\u0117\",\"item\":\"https:\/\/skaitytaknyga.lt\/knygu-parduotuve\/\"},{\"@type\":\"ListItem\",\"position\":3,\"name\":\"Frosto prisilietimas\"}]},{\"@type\":\"WebSite\",\"@id\":\"https:\/\/skaitytaknyga.lt\/#website\",\"url\":\"https:\/\/skaitytaknyga.lt\/\",\"name\":\"skaitytaknyga.lt\",\"description\":\"Skaitytaknyga.lt \u2013 tai ma\u017eas \u0161eimos verslas, kuris prasid\u0117jo nuo meil\u0117s knygoms ir siekio i\u0161gelb\u0117ti knygas nuo likimo prie konteinerio. Kas vienam nereikalingas daiktas \u2013 kitam lobis, o mes esame tarpininkai, kurie padeda abiems tapti laimingesniems ???? \u017dinome kaip nelengva i\u0161gyventi ma\u017eiems verslams, tad nuo \u0161iol, \u010dia rasite ir kit\u0173, ma\u017e\u0173 \u0161eim\u0173 versl\u0173, rank\u0173 darbo, dovan\u0173 sau ir artimiesiems.\",\"publisher\":{\"@id\":\"https:\/\/skaitytaknyga.lt\/#organization\"},\"potentialAction\":[{\"@type\":\"SearchAction\",\"target\":{\"@type\":\"EntryPoint\",\"urlTemplate\":\"https:\/\/skaitytaknyga.lt\/?s={search_term_string}\"},\"query-input\":{\"@type\":\"PropertyValueSpecification\",\"valueRequired\":true,\"valueName\":\"search_term_string\"}}],\"inLanguage\":\"en-GB\"},{\"@type\":\"Organization\",\"@id\":\"https:\/\/skaitytaknyga.lt\/#organization\",\"name\":\"skaitytaknyga.lt\",\"url\":\"https:\/\/skaitytaknyga.lt\/\",\"logo\":{\"@type\":\"ImageObject\",\"inLanguage\":\"en-GB\",\"@id\":\"https:\/\/skaitytaknyga.lt\/#\/schema\/logo\/image\/\",\"url\":\"https:\/\/skaitytaknyga.lt\/wp-content\/uploads\/2024\/05\/cropped-cropped-cropped-02_00843_jt3bggkj1j3HLc7SyY6rEUpg.jpeg\",\"contentUrl\":\"https:\/\/skaitytaknyga.lt\/wp-content\/uploads\/2024\/05\/cropped-cropped-cropped-02_00843_jt3bggkj1j3HLc7SyY6rEUpg.jpeg\",\"width\":1600,\"height\":1600,\"caption\":\"skaitytaknyga.lt\"},\"image\":{\"@id\":\"https:\/\/skaitytaknyga.lt\/#\/schema\/logo\/image\/\"},\"sameAs\":[\"https:\/\/www.facebook.com\/skaitytaknyga\/\"]}]}<\/script>\n<!-- \/ Yoast SEO plugin. -->","yoast_head_json":{"title":"Frosto prisilietimas","description":"Detektyv\u0173 m\u0117g\u0117jams D\u017eekas Frostas pa\u017e\u012fstamas i\u0161 kriminalinio serialo \u201eFrosto prisilietimas\u201c, kuriame pagrindin\u012f vaidmen\u012f atliko Davidas Jasonas. Serialas","robots":{"index":"index","follow":"follow","max-snippet":"max-snippet:-1","max-image-preview":"max-image-preview:large","max-video-preview":"max-video-preview:-1"},"canonical":"https:\/\/skaitytaknyga.lt\/en\/produktas\/frosto-prisilietimas\/","og_locale":"en_GB","og_type":"article","og_title":"[:lt]Frosto prisilietimas[:] - Skaitytaknyga","og_description":"Detektyv\u0173 m\u0117g\u0117jams D\u017eekas Frostas pa\u017e\u012fstamas i\u0161 kriminalinio serialo \u201eFrosto prisilietimas\u201c, kuriame pagrindin\u012f vaidmen\u012f atliko Davidas Jasonas. Serialas","og_url":"https:\/\/skaitytaknyga.lt\/en\/produktas\/frosto-prisilietimas\/","og_site_name":"Skaitytaknyga","article_publisher":"https:\/\/www.facebook.com\/skaitytaknyga\/","article_modified_time":"2026-03-05T09:59:16+00:00","og_image":[{"width":262,"height":450,"url":"https:\/\/skaitytaknyga.lt\/wp-content\/uploads\/2025\/11\/Frosto-prisilietimas.jpg","type":"image\/jpeg"}],"twitter_card":"summary_large_image","twitter_misc":{"Estimated reading time":"1 minute"},"schema":{"@context":"https:\/\/schema.org","@graph":[{"@type":"WebPage","@id":"https:\/\/skaitytaknyga.lt\/produktas\/frosto-prisilietimas\/","url":"https:\/\/skaitytaknyga.lt\/produktas\/frosto-prisilietimas\/","name":"Frosto prisilietimas","isPartOf":{"@id":"https:\/\/skaitytaknyga.lt\/#website"},"primaryImageOfPage":{"@id":"https:\/\/skaitytaknyga.lt\/produktas\/frosto-prisilietimas\/#primaryimage"},"image":{"@id":"https:\/\/skaitytaknyga.lt\/produktas\/frosto-prisilietimas\/#primaryimage"},"thumbnailUrl":"https:\/\/skaitytaknyga.lt\/wp-content\/uploads\/2025\/11\/Frosto-prisilietimas.jpg","datePublished":"2025-11-17T08:12:09+00:00","dateModified":"2026-03-05T09:59:16+00:00","description":"Detektyv\u0173 m\u0117g\u0117jams D\u017eekas Frostas pa\u017e\u012fstamas i\u0161 kriminalinio serialo \u201eFrosto prisilietimas\u201c, kuriame pagrindin\u012f vaidmen\u012f atliko Davidas Jasonas. Serialas","breadcrumb":{"@id":"https:\/\/skaitytaknyga.lt\/produktas\/frosto-prisilietimas\/#breadcrumb"},"inLanguage":"en-GB","potentialAction":[{"@type":"ReadAction","target":["https:\/\/skaitytaknyga.lt\/produktas\/frosto-prisilietimas\/"]}]},{"@type":"ImageObject","inLanguage":"en-GB","@id":"https:\/\/skaitytaknyga.lt\/produktas\/frosto-prisilietimas\/#primaryimage","url":"https:\/\/skaitytaknyga.lt\/wp-content\/uploads\/2025\/11\/Frosto-prisilietimas.jpg","contentUrl":"https:\/\/skaitytaknyga.lt\/wp-content\/uploads\/2025\/11\/Frosto-prisilietimas.jpg","width":262,"height":450},{"@type":"BreadcrumbList","@id":"https:\/\/skaitytaknyga.lt\/produktas\/frosto-prisilietimas\/#breadcrumb","itemListElement":[{"@type":"ListItem","position":1,"name":"Home","item":"https:\/\/skaitytaknyga.lt\/"},{"@type":"ListItem","position":2,"name":"Parduotuv\u0117","item":"https:\/\/skaitytaknyga.lt\/knygu-parduotuve\/"},{"@type":"ListItem","position":3,"name":"Frosto prisilietimas"}]},{"@type":"WebSite","@id":"https:\/\/skaitytaknyga.lt\/#website","url":"https:\/\/skaitytaknyga.lt\/","name":"skaitytaknyga.lt","description":"Skaitytaknyga.lt \u2013 tai ma\u017eas \u0161eimos verslas, kuris prasid\u0117jo nuo meil\u0117s knygoms ir siekio i\u0161gelb\u0117ti knygas nuo likimo prie konteinerio. Kas vienam nereikalingas daiktas \u2013 kitam lobis, o mes esame tarpininkai, kurie padeda abiems tapti laimingesniems ???? \u017dinome kaip nelengva i\u0161gyventi ma\u017eiems verslams, tad nuo \u0161iol, \u010dia rasite ir kit\u0173, ma\u017e\u0173 \u0161eim\u0173 versl\u0173, rank\u0173 darbo, dovan\u0173 sau ir artimiesiems.","publisher":{"@id":"https:\/\/skaitytaknyga.lt\/#organization"},"potentialAction":[{"@type":"SearchAction","target":{"@type":"EntryPoint","urlTemplate":"https:\/\/skaitytaknyga.lt\/?s={search_term_string}"},"query-input":{"@type":"PropertyValueSpecification","valueRequired":true,"valueName":"search_term_string"}}],"inLanguage":"en-GB"},{"@type":"Organization","@id":"https:\/\/skaitytaknyga.lt\/#organization","name":"skaitytaknyga.lt","url":"https:\/\/skaitytaknyga.lt\/","logo":{"@type":"ImageObject","inLanguage":"en-GB","@id":"https:\/\/skaitytaknyga.lt\/#\/schema\/logo\/image\/","url":"https:\/\/skaitytaknyga.lt\/wp-content\/uploads\/2024\/05\/cropped-cropped-cropped-02_00843_jt3bggkj1j3HLc7SyY6rEUpg.jpeg","contentUrl":"https:\/\/skaitytaknyga.lt\/wp-content\/uploads\/2024\/05\/cropped-cropped-cropped-02_00843_jt3bggkj1j3HLc7SyY6rEUpg.jpeg","width":1600,"height":1600,"caption":"skaitytaknyga.lt"},"image":{"@id":"https:\/\/skaitytaknyga.lt\/#\/schema\/logo\/image\/"},"sameAs":["https:\/\/www.facebook.com\/skaitytaknyga\/"]}]}},"_links":{"self":[{"href":"https:\/\/skaitytaknyga.lt\/en\/wp-json\/wp\/v2\/product\/22013","targetHints":{"allow":["GET"]}}],"collection":[{"href":"https:\/\/skaitytaknyga.lt\/en\/wp-json\/wp\/v2\/product"}],"about":[{"href":"https:\/\/skaitytaknyga.lt\/en\/wp-json\/wp\/v2\/types\/product"}],"replies":[{"embeddable":true,"href":"https:\/\/skaitytaknyga.lt\/en\/wp-json\/wp\/v2\/comments?post=22013"}],"wp:featuredmedia":[{"embeddable":true,"href":"https:\/\/skaitytaknyga.lt\/en\/wp-json\/wp\/v2\/media\/22056"}],"wp:attachment":[{"href":"https:\/\/skaitytaknyga.lt\/en\/wp-json\/wp\/v2\/media?parent=22013"}],"wp:term":[{"taxonomy":"product_brand","embeddable":true,"href":"https:\/\/skaitytaknyga.lt\/en\/wp-json\/wp\/v2\/product_brand?post=22013"},{"taxonomy":"product_cat","embeddable":true,"href":"https:\/\/skaitytaknyga.lt\/en\/wp-json\/wp\/v2\/product_cat?post=22013"},{"taxonomy":"product_tag","embeddable":true,"href":"https:\/\/skaitytaknyga.lt\/en\/wp-json\/wp\/v2\/product_tag?post=22013"}],"curies":[{"name":"wp","href":"https:\/\/api.w.org\/{rel}","templated":true}]}}