{"id":22012,"date":"2025-11-17T10:12:08","date_gmt":"2025-11-17T08:12:08","guid":{"rendered":"https:\/\/skaitytaknyga.lt\/?post_type=product&#038;p=22012"},"modified":"2026-03-05T13:23:20","modified_gmt":"2026-03-05T11:23:20","slug":"juodoji-linija","status":"publish","type":"product","link":"https:\/\/skaitytaknyga.lt\/en\/produktas\/juodoji-linija\/","title":{"rendered":"Juodoji linija"},"content":{"rendered":"<p>\u201ePranc\u016bz\u0173 Stephenu Kingu\u201c tituluojamo Jean-Christophe\u2019o Grang\u00e9 (g. 1961) trileriai i\u0161siskiria paslapties, mistikos, kraujo ir siaubo elementais, kinematografi\u0161ku vaizdavimu. Ne veltui trys jo romanai buvo ekranizuoti, o filmas pagal roman\u0105 Purpurin\u0117s up\u0117s (2001 m. i\u0161leido \u201eBaltos lankos\u201c) peln\u0117 ra\u0161ytojui pasaulin\u0119 \u0161lov\u0119. Be roman\u0173 Grang\u00e9 ra\u0161o \u017eurnalistinius reporta\u017eus, kuria film\u0173 scenarijus (Vidokas, 2001 m.).<\/p>\n<p>Pagrindinis Juodosios linijos (2004) veik\u0117jas \u2013 pranc\u016bz\u0173 bulvarinio laikra\u0161\u010dio \u017eurnalistas Markas, susidom\u0117j\u0119s Malaizijoje sulaikyto \u017eudiko \u017dako Reverdi byla. Jis nori i\u0161siai\u0161kinti \u017eudymo motyvus ir parengti skandaling\u0105 reporta\u017e\u0105, tod\u0117l u\u017emezga ry\u0161\u012f su \u017eudiku, kalin\u010diu Malaizijoje.<\/p>\n<p>\u0160is liepia atvykti \u012f Malaizij\u0105 ir sekant jo instrukcijomis, eiti \u017emog\u017eudys\u010di\u0173 p\u0117dsakais ir \u012fsp\u0117ti \u017eudymo ritualo paslapt\u012f. Markas taip ir padaro. Ta\u010diau jo melas ir i\u0161siai\u0161kinta tiesa netrunka atsigr\u0119\u017eti prie\u0161 j\u012f pat\u012f.<\/p>\n<p>Grang\u00e9 trileris ne tik atskleid\u017eia stulbinan\u010di\u0105 \u017eudiko istorij\u0105, bet ir praskleid\u017eia \u017einiasklaidos bei garsenybi\u0173 pasaulio u\u017ekulisius, atspindi realius jo skandalus (princes\u0117s Dianos, Mari Trentinjan \u017e\u016btys).<\/p>\n","protected":false},"excerpt":{"rendered":"<p>\u201ePranc\u016bz\u0173 Stephenu Kingu\u201c tituluojamo Jean-Christophe\u2019o Grang\u00e9 (g. 1961) trileriai i\u0161siskiria paslapties, mistikos, kraujo ir siaubo elementais, kinematografi\u0161ku vaizdavimu. Ne veltui trys jo romanai buvo ekranizuoti, o filmas pagal roman\u0105 Purpurin\u0117s up\u0117s (2001 m. i\u0161leido \u201eBaltos lankos\u201c) peln\u0117 ra\u0161ytojui pasaulin\u0119 \u0161lov\u0119. Be roman\u0173 Grang\u00e9 ra\u0161o \u017eurnalistinius reporta\u017eus, kuria film\u0173 scenarijus (Vidokas, 2001 m.). Pagrindinis Juodosios linijos (2004) veik\u0117jas \u2013 pranc\u016bz\u0173 bulvarinio laikra\u0161\u010dio \u017eurnalistas Markas, susidom\u0117j\u0119s Malaizijoje sulaikyto \u017eudiko \u017dako Reverdi byla. Jis nori i\u0161siai\u0161kinti \u017eudymo motyvus ir parengti skandaling\u0105 reporta\u017e\u0105, tod\u0117l u\u017emezga ry\u0161\u012f su \u017eudiku, kalin\u010diu Malaizijoje. \u0160is liepia atvykti \u012f Malaizij\u0105 ir sekant jo instrukcijomis, eiti \u017emog\u017eudys\u010di\u0173 p\u0117dsakais ir \u012fsp\u0117ti \u017eudymo ritualo paslapt\u012f. Markas taip ir padaro. Ta\u010diau jo melas ir i\u0161siai\u0161kinta tiesa netrunka atsigr\u0119\u017eti prie\u0161 j\u012f pat\u012f. Grang\u00e9 trileris ne tik atskleid\u017eia stulbinan\u010di\u0105 \u017eudiko istorij\u0105, bet ir praskleid\u017eia \u017einiasklaidos bei garsenybi\u0173 pasaulio u\u017ekulisius, atspindi realius jo skandalus (princes\u0117s Dianos, Mari Trentinjan \u017e\u016btys).<\/p>\n","protected":false},"featured_media":22045,"comment_status":"open","ping_status":"closed","template":"","meta":{"_acf_changed":false,"site-sidebar-layout":"default","site-content-layout":"","ast-site-content-layout":"default","site-content-style":"default","site-sidebar-style":"default","ast-global-header-display":"","ast-banner-title-visibility":"","ast-main-header-display":"","ast-hfb-above-header-display":"","ast-hfb-below-header-display":"","ast-hfb-mobile-header-display":"","site-post-title":"","ast-breadcrumbs-content":"","ast-featured-img":"","footer-sml-layout":"","ast-disable-related-posts":"","theme-transparent-header-meta":"","adv-header-id-meta":"","stick-header-meta":"","header-above-stick-meta":"","header-main-stick-meta":"","header-below-stick-meta":"","astra-migrate-meta-layouts":"default","ast-page-background-enabled":"default","ast-page-background-meta":{"desktop":{"background-color":"","background-image":"","background-repeat":"repeat","background-position":"center center","background-size":"auto","background-attachment":"scroll","background-type":"","background-media":"","overlay-type":"","overlay-color":"","overlay-opacity":"","overlay-gradient":""},"tablet":{"background-color":"","background-image":"","background-repeat":"repeat","background-position":"center center","background-size":"auto","background-attachment":"scroll","background-type":"","background-media":"","overlay-type":"","overlay-color":"","overlay-opacity":"","overlay-gradient":""},"mobile":{"background-color":"","background-image":"","background-repeat":"repeat","background-position":"center center","background-size":"auto","background-attachment":"scroll","background-type":"","background-media":"","overlay-type":"","overlay-color":"","overlay-opacity":"","overlay-gradient":""}},"ast-content-background-meta":{"desktop":{"background-color":"var(--ast-global-color-4)","background-image":"","background-repeat":"repeat","background-position":"center center","background-size":"auto","background-attachment":"scroll","background-type":"","background-media":"","overlay-type":"","overlay-color":"","overlay-opacity":"","overlay-gradient":""},"tablet":{"background-color":"var(--ast-global-color-4)","background-image":"","background-repeat":"repeat","background-position":"center center","background-size":"auto","background-attachment":"scroll","background-type":"","background-media":"","overlay-type":"","overlay-color":"","overlay-opacity":"","overlay-gradient":""},"mobile":{"background-color":"var(--ast-global-color-4)","background-image":"","background-repeat":"repeat","background-position":"center center","background-size":"auto","background-attachment":"scroll","background-type":"","background-media":"","overlay-type":"","overlay-color":"","overlay-opacity":"","overlay-gradient":""}}},"product_brand":[],"product_cat":[9581],"product_tag":[],"class_list":{"0":"post-22012","1":"product","2":"type-product","3":"status-publish","4":"has-post-thumbnail","6":"product_cat-kriminaliniai-romanai","7":"desktop-align-left","8":"tablet-align-left","9":"mobile-align-left","11":"first","12":"outofstock","13":"shipping-taxable","14":"purchasable","15":"product-type-simple"},"acf":[],"yoast_head":"<!-- This site is optimized with the Yoast SEO plugin v27.0 - https:\/\/yoast.com\/product\/yoast-seo-wordpress\/ -->\n<title>Juodoji linija<\/title>\n<meta name=\"description\" content=\"\u201ePranc\u016bz\u0173 Stephenu Kingu\u201c tituluojamo Jean-Christophe\u2019o Grang\u00e9 (g. 1961) trileriai i\u0161siskiria paslapties, mistikos, kraujo ir siaubo elementais,\" \/>\n<meta name=\"robots\" content=\"index, follow, max-snippet:-1, max-image-preview:large, max-video-preview:-1\" \/>\n<link rel=\"canonical\" href=\"https:\/\/skaitytaknyga.lt\/en\/produktas\/juodoji-linija\/\" \/>\n<meta property=\"og:locale\" content=\"en_GB\" \/>\n<meta property=\"og:locale:alternate\" content=\"lt_LT\" \/>\n<meta property=\"og:type\" content=\"article\" \/>\n<meta property=\"og:title\" content=\"Juodoji linija\" \/>\n<meta property=\"og:description\" content=\"\u201ePranc\u016bz\u0173 Stephenu Kingu\u201c tituluojamo Jean-Christophe\u2019o Grang\u00e9 (g. 1961) trileriai i\u0161siskiria paslapties, mistikos, kraujo ir siaubo elementais,\" \/>\n<meta property=\"og:url\" content=\"https:\/\/skaitytaknyga.lt\/en\/produktas\/juodoji-linija\/\" \/>\n<meta property=\"og:site_name\" content=\"Skaitytaknyga\" \/>\n<meta property=\"article:publisher\" content=\"https:\/\/www.facebook.com\/skaitytaknyga\/\" \/>\n<meta property=\"article:modified_time\" content=\"2026-03-05T11:23:20+00:00\" \/>\n<meta property=\"og:image\" content=\"https:\/\/skaitytaknyga.lt\/wp-content\/uploads\/2025\/11\/Juodoji-linija.jpg\" \/>\n\t<meta property=\"og:image:width\" content=\"300\" \/>\n\t<meta property=\"og:image:height\" content=\"460\" \/>\n\t<meta property=\"og:image:type\" content=\"image\/jpeg\" \/>\n<meta name=\"twitter:card\" content=\"summary_large_image\" \/>\n<meta name=\"twitter:label1\" content=\"Estimated reading time\" \/>\n\t<meta name=\"twitter:data1\" content=\"1 minute\" \/>\n<script type=\"application\/ld+json\" class=\"yoast-schema-graph\">{\"@context\":\"https:\/\/schema.org\",\"@graph\":[{\"@type\":\"WebPage\",\"@id\":\"https:\/\/skaitytaknyga.lt\/produktas\/juodoji-linija\/\",\"url\":\"https:\/\/skaitytaknyga.lt\/produktas\/juodoji-linija\/\",\"name\":\"Juodoji linija\",\"isPartOf\":{\"@id\":\"https:\/\/skaitytaknyga.lt\/#website\"},\"primaryImageOfPage\":{\"@id\":\"https:\/\/skaitytaknyga.lt\/produktas\/juodoji-linija\/#primaryimage\"},\"image\":{\"@id\":\"https:\/\/skaitytaknyga.lt\/produktas\/juodoji-linija\/#primaryimage\"},\"thumbnailUrl\":\"https:\/\/skaitytaknyga.lt\/wp-content\/uploads\/2025\/11\/Juodoji-linija.jpg\",\"datePublished\":\"2025-11-17T08:12:08+00:00\",\"dateModified\":\"2026-03-05T11:23:20+00:00\",\"description\":\"\u201ePranc\u016bz\u0173 Stephenu Kingu\u201c tituluojamo Jean-Christophe\u2019o Grang\u00e9 (g. 1961) trileriai i\u0161siskiria paslapties, mistikos, kraujo ir siaubo elementais,\",\"breadcrumb\":{\"@id\":\"https:\/\/skaitytaknyga.lt\/produktas\/juodoji-linija\/#breadcrumb\"},\"inLanguage\":\"en-GB\",\"potentialAction\":[{\"@type\":\"ReadAction\",\"target\":[\"https:\/\/skaitytaknyga.lt\/produktas\/juodoji-linija\/\"]}]},{\"@type\":\"ImageObject\",\"inLanguage\":\"en-GB\",\"@id\":\"https:\/\/skaitytaknyga.lt\/produktas\/juodoji-linija\/#primaryimage\",\"url\":\"https:\/\/skaitytaknyga.lt\/wp-content\/uploads\/2025\/11\/Juodoji-linija.jpg\",\"contentUrl\":\"https:\/\/skaitytaknyga.lt\/wp-content\/uploads\/2025\/11\/Juodoji-linija.jpg\",\"width\":300,\"height\":460},{\"@type\":\"BreadcrumbList\",\"@id\":\"https:\/\/skaitytaknyga.lt\/produktas\/juodoji-linija\/#breadcrumb\",\"itemListElement\":[{\"@type\":\"ListItem\",\"position\":1,\"name\":\"Home\",\"item\":\"https:\/\/skaitytaknyga.lt\/\"},{\"@type\":\"ListItem\",\"position\":2,\"name\":\"Parduotuv\u0117\",\"item\":\"https:\/\/skaitytaknyga.lt\/knygu-parduotuve\/\"},{\"@type\":\"ListItem\",\"position\":3,\"name\":\"Juodoji linija\"}]},{\"@type\":\"WebSite\",\"@id\":\"https:\/\/skaitytaknyga.lt\/#website\",\"url\":\"https:\/\/skaitytaknyga.lt\/\",\"name\":\"skaitytaknyga.lt\",\"description\":\"Skaitytaknyga.lt \u2013 tai ma\u017eas \u0161eimos verslas, kuris prasid\u0117jo nuo meil\u0117s knygoms ir siekio i\u0161gelb\u0117ti knygas nuo likimo prie konteinerio. Kas vienam nereikalingas daiktas \u2013 kitam lobis, o mes esame tarpininkai, kurie padeda abiems tapti laimingesniems ???? \u017dinome kaip nelengva i\u0161gyventi ma\u017eiems verslams, tad nuo \u0161iol, \u010dia rasite ir kit\u0173, ma\u017e\u0173 \u0161eim\u0173 versl\u0173, rank\u0173 darbo, dovan\u0173 sau ir artimiesiems.\",\"publisher\":{\"@id\":\"https:\/\/skaitytaknyga.lt\/#organization\"},\"potentialAction\":[{\"@type\":\"SearchAction\",\"target\":{\"@type\":\"EntryPoint\",\"urlTemplate\":\"https:\/\/skaitytaknyga.lt\/?s={search_term_string}\"},\"query-input\":{\"@type\":\"PropertyValueSpecification\",\"valueRequired\":true,\"valueName\":\"search_term_string\"}}],\"inLanguage\":\"en-GB\"},{\"@type\":\"Organization\",\"@id\":\"https:\/\/skaitytaknyga.lt\/#organization\",\"name\":\"skaitytaknyga.lt\",\"url\":\"https:\/\/skaitytaknyga.lt\/\",\"logo\":{\"@type\":\"ImageObject\",\"inLanguage\":\"en-GB\",\"@id\":\"https:\/\/skaitytaknyga.lt\/#\/schema\/logo\/image\/\",\"url\":\"https:\/\/skaitytaknyga.lt\/wp-content\/uploads\/2024\/05\/cropped-cropped-cropped-02_00843_jt3bggkj1j3HLc7SyY6rEUpg.jpeg\",\"contentUrl\":\"https:\/\/skaitytaknyga.lt\/wp-content\/uploads\/2024\/05\/cropped-cropped-cropped-02_00843_jt3bggkj1j3HLc7SyY6rEUpg.jpeg\",\"width\":1600,\"height\":1600,\"caption\":\"skaitytaknyga.lt\"},\"image\":{\"@id\":\"https:\/\/skaitytaknyga.lt\/#\/schema\/logo\/image\/\"},\"sameAs\":[\"https:\/\/www.facebook.com\/skaitytaknyga\/\"]}]}<\/script>\n<!-- \/ Yoast SEO plugin. -->","yoast_head_json":{"title":"Juodoji linija","description":"\u201ePranc\u016bz\u0173 Stephenu Kingu\u201c tituluojamo Jean-Christophe\u2019o Grang\u00e9 (g. 1961) trileriai i\u0161siskiria paslapties, mistikos, kraujo ir siaubo elementais,","robots":{"index":"index","follow":"follow","max-snippet":"max-snippet:-1","max-image-preview":"max-image-preview:large","max-video-preview":"max-video-preview:-1"},"canonical":"https:\/\/skaitytaknyga.lt\/en\/produktas\/juodoji-linija\/","og_locale":"en_GB","og_type":"article","og_title":"[:lt]Juodoji linija[:] - Skaitytaknyga","og_description":"\u201ePranc\u016bz\u0173 Stephenu Kingu\u201c tituluojamo Jean-Christophe\u2019o Grang\u00e9 (g. 1961) trileriai i\u0161siskiria paslapties, mistikos, kraujo ir siaubo elementais,","og_url":"https:\/\/skaitytaknyga.lt\/en\/produktas\/juodoji-linija\/","og_site_name":"Skaitytaknyga","article_publisher":"https:\/\/www.facebook.com\/skaitytaknyga\/","article_modified_time":"2026-03-05T11:23:20+00:00","og_image":[{"width":300,"height":460,"url":"https:\/\/skaitytaknyga.lt\/wp-content\/uploads\/2025\/11\/Juodoji-linija.jpg","type":"image\/jpeg"}],"twitter_card":"summary_large_image","twitter_misc":{"Estimated reading time":"1 minute"},"schema":{"@context":"https:\/\/schema.org","@graph":[{"@type":"WebPage","@id":"https:\/\/skaitytaknyga.lt\/produktas\/juodoji-linija\/","url":"https:\/\/skaitytaknyga.lt\/produktas\/juodoji-linija\/","name":"Juodoji linija","isPartOf":{"@id":"https:\/\/skaitytaknyga.lt\/#website"},"primaryImageOfPage":{"@id":"https:\/\/skaitytaknyga.lt\/produktas\/juodoji-linija\/#primaryimage"},"image":{"@id":"https:\/\/skaitytaknyga.lt\/produktas\/juodoji-linija\/#primaryimage"},"thumbnailUrl":"https:\/\/skaitytaknyga.lt\/wp-content\/uploads\/2025\/11\/Juodoji-linija.jpg","datePublished":"2025-11-17T08:12:08+00:00","dateModified":"2026-03-05T11:23:20+00:00","description":"\u201ePranc\u016bz\u0173 Stephenu Kingu\u201c tituluojamo Jean-Christophe\u2019o Grang\u00e9 (g. 1961) trileriai i\u0161siskiria paslapties, mistikos, kraujo ir siaubo elementais,","breadcrumb":{"@id":"https:\/\/skaitytaknyga.lt\/produktas\/juodoji-linija\/#breadcrumb"},"inLanguage":"en-GB","potentialAction":[{"@type":"ReadAction","target":["https:\/\/skaitytaknyga.lt\/produktas\/juodoji-linija\/"]}]},{"@type":"ImageObject","inLanguage":"en-GB","@id":"https:\/\/skaitytaknyga.lt\/produktas\/juodoji-linija\/#primaryimage","url":"https:\/\/skaitytaknyga.lt\/wp-content\/uploads\/2025\/11\/Juodoji-linija.jpg","contentUrl":"https:\/\/skaitytaknyga.lt\/wp-content\/uploads\/2025\/11\/Juodoji-linija.jpg","width":300,"height":460},{"@type":"BreadcrumbList","@id":"https:\/\/skaitytaknyga.lt\/produktas\/juodoji-linija\/#breadcrumb","itemListElement":[{"@type":"ListItem","position":1,"name":"Home","item":"https:\/\/skaitytaknyga.lt\/"},{"@type":"ListItem","position":2,"name":"Parduotuv\u0117","item":"https:\/\/skaitytaknyga.lt\/knygu-parduotuve\/"},{"@type":"ListItem","position":3,"name":"Juodoji linija"}]},{"@type":"WebSite","@id":"https:\/\/skaitytaknyga.lt\/#website","url":"https:\/\/skaitytaknyga.lt\/","name":"skaitytaknyga.lt","description":"Skaitytaknyga.lt \u2013 tai ma\u017eas \u0161eimos verslas, kuris prasid\u0117jo nuo meil\u0117s knygoms ir siekio i\u0161gelb\u0117ti knygas nuo likimo prie konteinerio. Kas vienam nereikalingas daiktas \u2013 kitam lobis, o mes esame tarpininkai, kurie padeda abiems tapti laimingesniems ???? \u017dinome kaip nelengva i\u0161gyventi ma\u017eiems verslams, tad nuo \u0161iol, \u010dia rasite ir kit\u0173, ma\u017e\u0173 \u0161eim\u0173 versl\u0173, rank\u0173 darbo, dovan\u0173 sau ir artimiesiems.","publisher":{"@id":"https:\/\/skaitytaknyga.lt\/#organization"},"potentialAction":[{"@type":"SearchAction","target":{"@type":"EntryPoint","urlTemplate":"https:\/\/skaitytaknyga.lt\/?s={search_term_string}"},"query-input":{"@type":"PropertyValueSpecification","valueRequired":true,"valueName":"search_term_string"}}],"inLanguage":"en-GB"},{"@type":"Organization","@id":"https:\/\/skaitytaknyga.lt\/#organization","name":"skaitytaknyga.lt","url":"https:\/\/skaitytaknyga.lt\/","logo":{"@type":"ImageObject","inLanguage":"en-GB","@id":"https:\/\/skaitytaknyga.lt\/#\/schema\/logo\/image\/","url":"https:\/\/skaitytaknyga.lt\/wp-content\/uploads\/2024\/05\/cropped-cropped-cropped-02_00843_jt3bggkj1j3HLc7SyY6rEUpg.jpeg","contentUrl":"https:\/\/skaitytaknyga.lt\/wp-content\/uploads\/2024\/05\/cropped-cropped-cropped-02_00843_jt3bggkj1j3HLc7SyY6rEUpg.jpeg","width":1600,"height":1600,"caption":"skaitytaknyga.lt"},"image":{"@id":"https:\/\/skaitytaknyga.lt\/#\/schema\/logo\/image\/"},"sameAs":["https:\/\/www.facebook.com\/skaitytaknyga\/"]}]}},"_links":{"self":[{"href":"https:\/\/skaitytaknyga.lt\/en\/wp-json\/wp\/v2\/product\/22012","targetHints":{"allow":["GET"]}}],"collection":[{"href":"https:\/\/skaitytaknyga.lt\/en\/wp-json\/wp\/v2\/product"}],"about":[{"href":"https:\/\/skaitytaknyga.lt\/en\/wp-json\/wp\/v2\/types\/product"}],"replies":[{"embeddable":true,"href":"https:\/\/skaitytaknyga.lt\/en\/wp-json\/wp\/v2\/comments?post=22012"}],"wp:featuredmedia":[{"embeddable":true,"href":"https:\/\/skaitytaknyga.lt\/en\/wp-json\/wp\/v2\/media\/22045"}],"wp:attachment":[{"href":"https:\/\/skaitytaknyga.lt\/en\/wp-json\/wp\/v2\/media?parent=22012"}],"wp:term":[{"taxonomy":"product_brand","embeddable":true,"href":"https:\/\/skaitytaknyga.lt\/en\/wp-json\/wp\/v2\/product_brand?post=22012"},{"taxonomy":"product_cat","embeddable":true,"href":"https:\/\/skaitytaknyga.lt\/en\/wp-json\/wp\/v2\/product_cat?post=22012"},{"taxonomy":"product_tag","embeddable":true,"href":"https:\/\/skaitytaknyga.lt\/en\/wp-json\/wp\/v2\/product_tag?post=22012"}],"curies":[{"name":"wp","href":"https:\/\/api.w.org\/{rel}","templated":true}]}}