{"id":22008,"date":"2025-11-17T10:02:42","date_gmt":"2025-11-17T08:02:42","guid":{"rendered":"https:\/\/skaitytaknyga.lt\/?post_type=product&#038;p=22008"},"modified":"2025-11-23T12:36:30","modified_gmt":"2025-11-23T10:36:30","slug":"kaip-susirasti-tinkama-vyra","status":"publish","type":"product","link":"https:\/\/skaitytaknyga.lt\/en\/produktas\/kaip-susirasti-tinkama-vyra\/","title":{"rendered":"Kaip susirasti tinkam\u0105 vyr\u0105"},"content":{"rendered":"<p>Kiekviena moteris sugeb\u0117s i\u0161sirinkti tinkam\u0105 vyr\u0105, kuris taps mylimu, gyvenimo palydovu sugeban\u010diu apsupti nepakartojama pagarbos ir supratimo atmosfera, jeigu pasinaudos filosofijos moksl\u0173 daktar\u0117s Barbaros de Angelis patarimais.<\/p>\n<p>Knygos autor\u0117 moko, kaip atsikratyti seniai \u012fsigal\u0117jusi\u0173 stereotip\u0173, ai\u0161kinan\u010di\u0173, kaip dera elgtis moteriai, kad atkreipt\u0173 j\u0105 dominan\u010dio vyro d\u0117mes\u012f, kas leid\u017eiama \u012fsimyl\u0117jusiai moteriai ir pan. B. De Angelis pataria, kaip atskleisti visas ger\u0105sias ir blog\u0105sias vyro savybes, kaip realiai m\u0105styti apie gyvenim\u0105 ir j\u016bs\u0173 b\u016bsim\u0105 ateit\u012f &#8230; nors ir esate be galo \u012fsimyl\u0117jusi.<\/p>\n","protected":false},"excerpt":{"rendered":"<p>Kiekviena moteris sugeb\u0117s i\u0161sirinkti tinkam\u0105 vyr\u0105, kuris taps mylimu, gyvenimo palydovu sugeban\u010diu apsupti nepakartojama pagarbos ir supratimo atmosfera, jeigu pasinaudos filosofijos moksl\u0173 daktar\u0117s Barbaros de Angelis patarimais. Knygos autor\u0117 moko, kaip atsikratyti seniai \u012fsigal\u0117jusi\u0173 stereotip\u0173, ai\u0161kinan\u010di\u0173, kaip dera elgtis moteriai, kad atkreipt\u0173 j\u0105 dominan\u010dio vyro d\u0117mes\u012f, kas leid\u017eiama \u012fsimyl\u0117jusiai moteriai ir pan. B. De Angelis pataria, kaip atskleisti visas ger\u0105sias ir blog\u0105sias vyro savybes, kaip realiai m\u0105styti apie gyvenim\u0105 ir j\u016bs\u0173 b\u016bsim\u0105 ateit\u012f &#8230; nors ir esate be galo \u012fsimyl\u0117jusi.<\/p>\n","protected":false},"featured_media":22046,"comment_status":"open","ping_status":"closed","template":"","meta":{"_acf_changed":false,"site-sidebar-layout":"default","site-content-layout":"","ast-site-content-layout":"default","site-content-style":"default","site-sidebar-style":"default","ast-global-header-display":"","ast-banner-title-visibility":"","ast-main-header-display":"","ast-hfb-above-header-display":"","ast-hfb-below-header-display":"","ast-hfb-mobile-header-display":"","site-post-title":"","ast-breadcrumbs-content":"","ast-featured-img":"","footer-sml-layout":"","ast-disable-related-posts":"","theme-transparent-header-meta":"","adv-header-id-meta":"","stick-header-meta":"","header-above-stick-meta":"","header-main-stick-meta":"","header-below-stick-meta":"","astra-migrate-meta-layouts":"default","ast-page-background-enabled":"default","ast-page-background-meta":{"desktop":{"background-color":"","background-image":"","background-repeat":"repeat","background-position":"center center","background-size":"auto","background-attachment":"scroll","background-type":"","background-media":"","overlay-type":"","overlay-color":"","overlay-opacity":"","overlay-gradient":""},"tablet":{"background-color":"","background-image":"","background-repeat":"repeat","background-position":"center center","background-size":"auto","background-attachment":"scroll","background-type":"","background-media":"","overlay-type":"","overlay-color":"","overlay-opacity":"","overlay-gradient":""},"mobile":{"background-color":"","background-image":"","background-repeat":"repeat","background-position":"center center","background-size":"auto","background-attachment":"scroll","background-type":"","background-media":"","overlay-type":"","overlay-color":"","overlay-opacity":"","overlay-gradient":""}},"ast-content-background-meta":{"desktop":{"background-color":"var(--ast-global-color-4)","background-image":"","background-repeat":"repeat","background-position":"center center","background-size":"auto","background-attachment":"scroll","background-type":"","background-media":"","overlay-type":"","overlay-color":"","overlay-opacity":"","overlay-gradient":""},"tablet":{"background-color":"var(--ast-global-color-4)","background-image":"","background-repeat":"repeat","background-position":"center center","background-size":"auto","background-attachment":"scroll","background-type":"","background-media":"","overlay-type":"","overlay-color":"","overlay-opacity":"","overlay-gradient":""},"mobile":{"background-color":"var(--ast-global-color-4)","background-image":"","background-repeat":"repeat","background-position":"center center","background-size":"auto","background-attachment":"scroll","background-type":"","background-media":"","overlay-type":"","overlay-color":"","overlay-opacity":"","overlay-gradient":""}}},"product_brand":[],"product_cat":[30],"product_tag":[],"class_list":{"0":"post-22008","1":"product","2":"type-product","3":"status-publish","4":"has-post-thumbnail","6":"product_cat-psichologija-ir-saviugda","7":"desktop-align-left","8":"tablet-align-left","9":"mobile-align-left","11":"first","12":"instock","13":"shipping-taxable","14":"purchasable","15":"product-type-simple"},"acf":[],"yoast_head":"<!-- This site is optimized with the Yoast SEO plugin v27.0 - https:\/\/yoast.com\/product\/yoast-seo-wordpress\/ -->\n<title>Kaip susirasti tinkam\u0105 vyr\u0105<\/title>\n<meta name=\"description\" content=\"Kiekviena moteris sugeb\u0117s i\u0161sirinkti tinkam\u0105 vyr\u0105, kuris taps mylimu, gyvenimo palydovu sugeban\u010diu apsupti nepakartojama pagarbos ir supratimo atmosfera,\" \/>\n<meta name=\"robots\" content=\"index, follow, max-snippet:-1, max-image-preview:large, max-video-preview:-1\" \/>\n<link rel=\"canonical\" href=\"https:\/\/skaitytaknyga.lt\/en\/produktas\/kaip-susirasti-tinkama-vyra\/\" \/>\n<meta property=\"og:locale\" content=\"en_GB\" \/>\n<meta property=\"og:locale:alternate\" content=\"lt_LT\" \/>\n<meta property=\"og:type\" content=\"article\" \/>\n<meta property=\"og:title\" content=\"Kaip susirasti tinkam\u0105 vyr\u0105\" \/>\n<meta property=\"og:description\" content=\"Kiekviena moteris sugeb\u0117s i\u0161sirinkti tinkam\u0105 vyr\u0105, kuris taps mylimu, gyvenimo palydovu sugeban\u010diu apsupti nepakartojama pagarbos ir supratimo atmosfera,\" \/>\n<meta property=\"og:url\" content=\"https:\/\/skaitytaknyga.lt\/en\/produktas\/kaip-susirasti-tinkama-vyra\/\" \/>\n<meta property=\"og:site_name\" content=\"Skaitytaknyga\" \/>\n<meta property=\"article:publisher\" content=\"https:\/\/www.facebook.com\/skaitytaknyga\/\" \/>\n<meta property=\"article:modified_time\" content=\"2025-11-23T10:36:30+00:00\" \/>\n<meta property=\"og:image\" content=\"https:\/\/skaitytaknyga.lt\/wp-content\/uploads\/2025\/11\/Kaip-susirasti-tinkama-vyra.jpg\" \/>\n\t<meta property=\"og:image:width\" content=\"300\" \/>\n\t<meta property=\"og:image:height\" content=\"460\" \/>\n\t<meta property=\"og:image:type\" content=\"image\/jpeg\" \/>\n<meta name=\"twitter:card\" content=\"summary_large_image\" \/>\n<script type=\"application\/ld+json\" class=\"yoast-schema-graph\">{\"@context\":\"https:\/\/schema.org\",\"@graph\":[{\"@type\":\"WebPage\",\"@id\":\"https:\/\/skaitytaknyga.lt\/produktas\/kaip-susirasti-tinkama-vyra\/\",\"url\":\"https:\/\/skaitytaknyga.lt\/produktas\/kaip-susirasti-tinkama-vyra\/\",\"name\":\"Kaip susirasti tinkam\u0105 vyr\u0105\",\"isPartOf\":{\"@id\":\"https:\/\/skaitytaknyga.lt\/#website\"},\"primaryImageOfPage\":{\"@id\":\"https:\/\/skaitytaknyga.lt\/produktas\/kaip-susirasti-tinkama-vyra\/#primaryimage\"},\"image\":{\"@id\":\"https:\/\/skaitytaknyga.lt\/produktas\/kaip-susirasti-tinkama-vyra\/#primaryimage\"},\"thumbnailUrl\":\"https:\/\/skaitytaknyga.lt\/wp-content\/uploads\/2025\/11\/Kaip-susirasti-tinkama-vyra.jpg\",\"datePublished\":\"2025-11-17T08:02:42+00:00\",\"dateModified\":\"2025-11-23T10:36:30+00:00\",\"description\":\"Kiekviena moteris sugeb\u0117s i\u0161sirinkti tinkam\u0105 vyr\u0105, kuris taps mylimu, gyvenimo palydovu sugeban\u010diu apsupti nepakartojama pagarbos ir supratimo atmosfera,\",\"breadcrumb\":{\"@id\":\"https:\/\/skaitytaknyga.lt\/produktas\/kaip-susirasti-tinkama-vyra\/#breadcrumb\"},\"inLanguage\":\"en-GB\",\"potentialAction\":[{\"@type\":\"ReadAction\",\"target\":[\"https:\/\/skaitytaknyga.lt\/produktas\/kaip-susirasti-tinkama-vyra\/\"]}]},{\"@type\":\"ImageObject\",\"inLanguage\":\"en-GB\",\"@id\":\"https:\/\/skaitytaknyga.lt\/produktas\/kaip-susirasti-tinkama-vyra\/#primaryimage\",\"url\":\"https:\/\/skaitytaknyga.lt\/wp-content\/uploads\/2025\/11\/Kaip-susirasti-tinkama-vyra.jpg\",\"contentUrl\":\"https:\/\/skaitytaknyga.lt\/wp-content\/uploads\/2025\/11\/Kaip-susirasti-tinkama-vyra.jpg\",\"width\":300,\"height\":460},{\"@type\":\"BreadcrumbList\",\"@id\":\"https:\/\/skaitytaknyga.lt\/produktas\/kaip-susirasti-tinkama-vyra\/#breadcrumb\",\"itemListElement\":[{\"@type\":\"ListItem\",\"position\":1,\"name\":\"Home\",\"item\":\"https:\/\/skaitytaknyga.lt\/\"},{\"@type\":\"ListItem\",\"position\":2,\"name\":\"Parduotuv\u0117\",\"item\":\"https:\/\/skaitytaknyga.lt\/knygu-parduotuve\/\"},{\"@type\":\"ListItem\",\"position\":3,\"name\":\"Kaip susirasti tinkam\u0105 vyr\u0105\"}]},{\"@type\":\"WebSite\",\"@id\":\"https:\/\/skaitytaknyga.lt\/#website\",\"url\":\"https:\/\/skaitytaknyga.lt\/\",\"name\":\"skaitytaknyga.lt\",\"description\":\"Skaitytaknyga.lt \u2013 tai ma\u017eas \u0161eimos verslas, kuris prasid\u0117jo nuo meil\u0117s knygoms ir siekio i\u0161gelb\u0117ti knygas nuo likimo prie konteinerio. Kas vienam nereikalingas daiktas \u2013 kitam lobis, o mes esame tarpininkai, kurie padeda abiems tapti laimingesniems ???? \u017dinome kaip nelengva i\u0161gyventi ma\u017eiems verslams, tad nuo \u0161iol, \u010dia rasite ir kit\u0173, ma\u017e\u0173 \u0161eim\u0173 versl\u0173, rank\u0173 darbo, dovan\u0173 sau ir artimiesiems.\",\"publisher\":{\"@id\":\"https:\/\/skaitytaknyga.lt\/#organization\"},\"potentialAction\":[{\"@type\":\"SearchAction\",\"target\":{\"@type\":\"EntryPoint\",\"urlTemplate\":\"https:\/\/skaitytaknyga.lt\/?s={search_term_string}\"},\"query-input\":{\"@type\":\"PropertyValueSpecification\",\"valueRequired\":true,\"valueName\":\"search_term_string\"}}],\"inLanguage\":\"en-GB\"},{\"@type\":\"Organization\",\"@id\":\"https:\/\/skaitytaknyga.lt\/#organization\",\"name\":\"skaitytaknyga.lt\",\"url\":\"https:\/\/skaitytaknyga.lt\/\",\"logo\":{\"@type\":\"ImageObject\",\"inLanguage\":\"en-GB\",\"@id\":\"https:\/\/skaitytaknyga.lt\/#\/schema\/logo\/image\/\",\"url\":\"https:\/\/skaitytaknyga.lt\/wp-content\/uploads\/2024\/05\/cropped-cropped-cropped-02_00843_jt3bggkj1j3HLc7SyY6rEUpg.jpeg\",\"contentUrl\":\"https:\/\/skaitytaknyga.lt\/wp-content\/uploads\/2024\/05\/cropped-cropped-cropped-02_00843_jt3bggkj1j3HLc7SyY6rEUpg.jpeg\",\"width\":1600,\"height\":1600,\"caption\":\"skaitytaknyga.lt\"},\"image\":{\"@id\":\"https:\/\/skaitytaknyga.lt\/#\/schema\/logo\/image\/\"},\"sameAs\":[\"https:\/\/www.facebook.com\/skaitytaknyga\/\"]}]}<\/script>\n<!-- \/ Yoast SEO plugin. -->","yoast_head_json":{"title":"Kaip susirasti tinkam\u0105 vyr\u0105","description":"Kiekviena moteris sugeb\u0117s i\u0161sirinkti tinkam\u0105 vyr\u0105, kuris taps mylimu, gyvenimo palydovu sugeban\u010diu apsupti nepakartojama pagarbos ir supratimo atmosfera,","robots":{"index":"index","follow":"follow","max-snippet":"max-snippet:-1","max-image-preview":"max-image-preview:large","max-video-preview":"max-video-preview:-1"},"canonical":"https:\/\/skaitytaknyga.lt\/en\/produktas\/kaip-susirasti-tinkama-vyra\/","og_locale":"en_GB","og_type":"article","og_title":"[:lt]Kaip susirasti tinkam\u0105 vyr\u0105[:] - Skaitytaknyga","og_description":"Kiekviena moteris sugeb\u0117s i\u0161sirinkti tinkam\u0105 vyr\u0105, kuris taps mylimu, gyvenimo palydovu sugeban\u010diu apsupti nepakartojama pagarbos ir supratimo atmosfera,","og_url":"https:\/\/skaitytaknyga.lt\/en\/produktas\/kaip-susirasti-tinkama-vyra\/","og_site_name":"Skaitytaknyga","article_publisher":"https:\/\/www.facebook.com\/skaitytaknyga\/","article_modified_time":"2025-11-23T10:36:30+00:00","og_image":[{"width":300,"height":460,"url":"https:\/\/skaitytaknyga.lt\/wp-content\/uploads\/2025\/11\/Kaip-susirasti-tinkama-vyra.jpg","type":"image\/jpeg"}],"twitter_card":"summary_large_image","schema":{"@context":"https:\/\/schema.org","@graph":[{"@type":"WebPage","@id":"https:\/\/skaitytaknyga.lt\/produktas\/kaip-susirasti-tinkama-vyra\/","url":"https:\/\/skaitytaknyga.lt\/produktas\/kaip-susirasti-tinkama-vyra\/","name":"Kaip susirasti tinkam\u0105 vyr\u0105","isPartOf":{"@id":"https:\/\/skaitytaknyga.lt\/#website"},"primaryImageOfPage":{"@id":"https:\/\/skaitytaknyga.lt\/produktas\/kaip-susirasti-tinkama-vyra\/#primaryimage"},"image":{"@id":"https:\/\/skaitytaknyga.lt\/produktas\/kaip-susirasti-tinkama-vyra\/#primaryimage"},"thumbnailUrl":"https:\/\/skaitytaknyga.lt\/wp-content\/uploads\/2025\/11\/Kaip-susirasti-tinkama-vyra.jpg","datePublished":"2025-11-17T08:02:42+00:00","dateModified":"2025-11-23T10:36:30+00:00","description":"Kiekviena moteris sugeb\u0117s i\u0161sirinkti tinkam\u0105 vyr\u0105, kuris taps mylimu, gyvenimo palydovu sugeban\u010diu apsupti nepakartojama pagarbos ir supratimo atmosfera,","breadcrumb":{"@id":"https:\/\/skaitytaknyga.lt\/produktas\/kaip-susirasti-tinkama-vyra\/#breadcrumb"},"inLanguage":"en-GB","potentialAction":[{"@type":"ReadAction","target":["https:\/\/skaitytaknyga.lt\/produktas\/kaip-susirasti-tinkama-vyra\/"]}]},{"@type":"ImageObject","inLanguage":"en-GB","@id":"https:\/\/skaitytaknyga.lt\/produktas\/kaip-susirasti-tinkama-vyra\/#primaryimage","url":"https:\/\/skaitytaknyga.lt\/wp-content\/uploads\/2025\/11\/Kaip-susirasti-tinkama-vyra.jpg","contentUrl":"https:\/\/skaitytaknyga.lt\/wp-content\/uploads\/2025\/11\/Kaip-susirasti-tinkama-vyra.jpg","width":300,"height":460},{"@type":"BreadcrumbList","@id":"https:\/\/skaitytaknyga.lt\/produktas\/kaip-susirasti-tinkama-vyra\/#breadcrumb","itemListElement":[{"@type":"ListItem","position":1,"name":"Home","item":"https:\/\/skaitytaknyga.lt\/"},{"@type":"ListItem","position":2,"name":"Parduotuv\u0117","item":"https:\/\/skaitytaknyga.lt\/knygu-parduotuve\/"},{"@type":"ListItem","position":3,"name":"Kaip susirasti tinkam\u0105 vyr\u0105"}]},{"@type":"WebSite","@id":"https:\/\/skaitytaknyga.lt\/#website","url":"https:\/\/skaitytaknyga.lt\/","name":"skaitytaknyga.lt","description":"Skaitytaknyga.lt \u2013 tai ma\u017eas \u0161eimos verslas, kuris prasid\u0117jo nuo meil\u0117s knygoms ir siekio i\u0161gelb\u0117ti knygas nuo likimo prie konteinerio. Kas vienam nereikalingas daiktas \u2013 kitam lobis, o mes esame tarpininkai, kurie padeda abiems tapti laimingesniems ???? \u017dinome kaip nelengva i\u0161gyventi ma\u017eiems verslams, tad nuo \u0161iol, \u010dia rasite ir kit\u0173, ma\u017e\u0173 \u0161eim\u0173 versl\u0173, rank\u0173 darbo, dovan\u0173 sau ir artimiesiems.","publisher":{"@id":"https:\/\/skaitytaknyga.lt\/#organization"},"potentialAction":[{"@type":"SearchAction","target":{"@type":"EntryPoint","urlTemplate":"https:\/\/skaitytaknyga.lt\/?s={search_term_string}"},"query-input":{"@type":"PropertyValueSpecification","valueRequired":true,"valueName":"search_term_string"}}],"inLanguage":"en-GB"},{"@type":"Organization","@id":"https:\/\/skaitytaknyga.lt\/#organization","name":"skaitytaknyga.lt","url":"https:\/\/skaitytaknyga.lt\/","logo":{"@type":"ImageObject","inLanguage":"en-GB","@id":"https:\/\/skaitytaknyga.lt\/#\/schema\/logo\/image\/","url":"https:\/\/skaitytaknyga.lt\/wp-content\/uploads\/2024\/05\/cropped-cropped-cropped-02_00843_jt3bggkj1j3HLc7SyY6rEUpg.jpeg","contentUrl":"https:\/\/skaitytaknyga.lt\/wp-content\/uploads\/2024\/05\/cropped-cropped-cropped-02_00843_jt3bggkj1j3HLc7SyY6rEUpg.jpeg","width":1600,"height":1600,"caption":"skaitytaknyga.lt"},"image":{"@id":"https:\/\/skaitytaknyga.lt\/#\/schema\/logo\/image\/"},"sameAs":["https:\/\/www.facebook.com\/skaitytaknyga\/"]}]}},"_links":{"self":[{"href":"https:\/\/skaitytaknyga.lt\/en\/wp-json\/wp\/v2\/product\/22008","targetHints":{"allow":["GET"]}}],"collection":[{"href":"https:\/\/skaitytaknyga.lt\/en\/wp-json\/wp\/v2\/product"}],"about":[{"href":"https:\/\/skaitytaknyga.lt\/en\/wp-json\/wp\/v2\/types\/product"}],"replies":[{"embeddable":true,"href":"https:\/\/skaitytaknyga.lt\/en\/wp-json\/wp\/v2\/comments?post=22008"}],"wp:featuredmedia":[{"embeddable":true,"href":"https:\/\/skaitytaknyga.lt\/en\/wp-json\/wp\/v2\/media\/22046"}],"wp:attachment":[{"href":"https:\/\/skaitytaknyga.lt\/en\/wp-json\/wp\/v2\/media?parent=22008"}],"wp:term":[{"taxonomy":"product_brand","embeddable":true,"href":"https:\/\/skaitytaknyga.lt\/en\/wp-json\/wp\/v2\/product_brand?post=22008"},{"taxonomy":"product_cat","embeddable":true,"href":"https:\/\/skaitytaknyga.lt\/en\/wp-json\/wp\/v2\/product_cat?post=22008"},{"taxonomy":"product_tag","embeddable":true,"href":"https:\/\/skaitytaknyga.lt\/en\/wp-json\/wp\/v2\/product_tag?post=22008"}],"curies":[{"name":"wp","href":"https:\/\/api.w.org\/{rel}","templated":true}]}}