{"id":22004,"date":"2025-11-17T09:51:38","date_gmt":"2025-11-17T07:51:38","guid":{"rendered":"https:\/\/skaitytaknyga.lt\/?post_type=product&#038;p=22004"},"modified":"2025-11-23T12:36:30","modified_gmt":"2025-11-23T10:36:30","slug":"kaciu-stalas","status":"publish","type":"product","link":"https:\/\/skaitytaknyga.lt\/en\/produktas\/kaciu-stalas\/","title":{"rendered":"Ka\u010di\u0173 stalas"},"content":{"rendered":"<p>Michaelas Ondaatje (Maiklas Onda\u010de; g. 1943 m. \u0160ri Lankoje) \u2013 vienas \u017eymiausi\u0173 Kanados ra\u0161ytoj\u0173, Booker premijos laim\u0117tojas. Tamil\u0173, oland\u0173, singal\u0173 kilm\u0117s autorius nuo 1962 m. gyvena Kanadoje.<\/p>\n<p>\u201eKa\u010di\u0173 stalas\u201c \u2013 naujausia Michaelo Ondaatje knyga; tam tikra prasme tai \u2013 brendimo ir kaitos istorija. Istorija apie tai, kaip kelion\u0117 vandenynu tampa kelione \u012f suaugusi\u0173j\u0173 pasaul\u012f. Tai \u2013 ne autobiografija, ta\u010diau kai kurie pagrindinio veik\u0117jo gyvenimo tarpsniai sutampa su ne\u012fprastais autoriaus gyvenimo kelio momentais: plaukimas laivu i\u0161 \u0160ri Lankos \u012f Anglij\u0105, paskui \u2013 i\u0161 Anglijos \u012f Kanad\u0105&#8230; Romane berniukas, pramintas Maina, t.y. varn\u0117nu, patiria did\u017eiausi\u0105 savo gyvenime kelion\u0119. Kelion\u0119 \u012f Anglij\u0105, o drauge \u2013 \u012f kit\u0105, suaugusi\u0173, europieti\u0161k\u0105 pasaul\u012f. O jam tik vienuolika met\u0173. Pasodintas u\u017e \u201eka\u010di\u0173 stalo\u201c \u2013 vietoje, kuri yra toliausiai nuo kapitono stalo, pa\u010dioje nepresti\u017ei\u0161kiausioje vietoje \u2013 jis \u012fgyja ne\u012fkainojamos gyvenimi\u0161kos patirties.<\/p>\n<p>Stalo bendrakeleiviai \u2013 vienas u\u017e kit\u0105 ekscentri\u0161kesni: ponas Mazapa groja laivo orkestre ir moko Main\u0105 ir jo draugus dainuoti bliuz\u0105; panel\u0117 Lasketi vaik\u0161tin\u0117ja po den\u012f su liemene, kurios ki\u0161en\u0117s prikim\u0161tos gyv\u0173 karveli\u0173; ponas Danielsas triume turi sod\u0105 ir nenuleid\u017eia aki\u0173 nuo Mainos pusseser\u0117s, o \u0161i nesiteikia su juo net pasisveikinti, nes gra\u017euol\u0119 Emil\u0119 kur kas labiau domina Sunilas, \u201eHaiderabado i\u0161min\u010dius\u201c i\u0161 Janklos trup\u0117s\u2026 Ta\u010diau did\u017eiausi\u0105 berniuk\u0173 smalsum\u0105 kelia paslaptingas kalinys, i\u0161vedamas pasivaik\u0161\u010dioti m\u0117nesienoje su antrankiais&#8230; \u201eOrons\u0117jus\u201c (taip vadinasi laivas) \u2013 savoti\u0161ko lengvai pami\u0161usio pasaulio modelis, \u012f kur\u012f patek\u0119 vaikai \u012f krant\u0105 i\u0161lips daug vyresni.<\/p>\n","protected":false},"excerpt":{"rendered":"<p>Michaelas Ondaatje (Maiklas Onda\u010de; g. 1943 m. \u0160ri Lankoje) \u2013 vienas \u017eymiausi\u0173 Kanados ra\u0161ytoj\u0173, Booker premijos laim\u0117tojas. Tamil\u0173, oland\u0173, singal\u0173 kilm\u0117s autorius nuo 1962 m. gyvena Kanadoje. \u201eKa\u010di\u0173 stalas\u201c \u2013 naujausia Michaelo Ondaatje knyga; tam tikra prasme tai \u2013 brendimo ir kaitos istorija. Istorija apie tai, kaip kelion\u0117 vandenynu tampa kelione \u012f suaugusi\u0173j\u0173 pasaul\u012f. Tai \u2013 ne autobiografija, ta\u010diau kai kurie pagrindinio veik\u0117jo gyvenimo tarpsniai sutampa su ne\u012fprastais autoriaus gyvenimo kelio momentais: plaukimas laivu i\u0161 \u0160ri Lankos \u012f Anglij\u0105, paskui \u2013 i\u0161 Anglijos \u012f Kanad\u0105&#8230; Romane berniukas, pramintas Maina, t.y. varn\u0117nu, patiria did\u017eiausi\u0105 savo gyvenime kelion\u0119. Kelion\u0119 \u012f Anglij\u0105, o drauge \u2013 \u012f kit\u0105, suaugusi\u0173, europieti\u0161k\u0105 pasaul\u012f. O jam tik vienuolika met\u0173. Pasodintas u\u017e \u201eka\u010di\u0173 stalo\u201c \u2013 vietoje, kuri yra toliausiai nuo kapitono stalo, pa\u010dioje nepresti\u017ei\u0161kiausioje vietoje \u2013 jis \u012fgyja ne\u012fkainojamos gyvenimi\u0161kos patirties. Stalo bendrakeleiviai \u2013 vienas u\u017e kit\u0105 ekscentri\u0161kesni: ponas Mazapa groja laivo orkestre ir moko Main\u0105 ir jo draugus dainuoti bliuz\u0105; panel\u0117 Lasketi vaik\u0161tin\u0117ja po den\u012f su liemene, kurios ki\u0161en\u0117s prikim\u0161tos gyv\u0173 karveli\u0173; ponas Danielsas triume turi sod\u0105 ir nenuleid\u017eia aki\u0173 nuo Mainos pusseser\u0117s, o \u0161i nesiteikia su juo net pasisveikinti, nes gra\u017euol\u0119 Emil\u0119 kur kas labiau domina Sunilas, \u201eHaiderabado i\u0161min\u010dius\u201c i\u0161 Janklos trup\u0117s\u2026 Ta\u010diau did\u017eiausi\u0105 berniuk\u0173 smalsum\u0105 kelia paslaptingas kalinys, i\u0161vedamas pasivaik\u0161\u010dioti m\u0117nesienoje su antrankiais&#8230; \u201eOrons\u0117jus\u201c (taip vadinasi laivas) \u2013 savoti\u0161ko lengvai pami\u0161usio pasaulio modelis, \u012f kur\u012f patek\u0119 vaikai \u012f krant\u0105 i\u0161lips daug vyresni.<\/p>\n","protected":false},"featured_media":22055,"comment_status":"open","ping_status":"closed","template":"","meta":{"_acf_changed":false,"site-sidebar-layout":"default","site-content-layout":"","ast-site-content-layout":"default","site-content-style":"default","site-sidebar-style":"default","ast-global-header-display":"","ast-banner-title-visibility":"","ast-main-header-display":"","ast-hfb-above-header-display":"","ast-hfb-below-header-display":"","ast-hfb-mobile-header-display":"","site-post-title":"","ast-breadcrumbs-content":"","ast-featured-img":"","footer-sml-layout":"","ast-disable-related-posts":"","theme-transparent-header-meta":"","adv-header-id-meta":"","stick-header-meta":"","header-above-stick-meta":"","header-main-stick-meta":"","header-below-stick-meta":"","astra-migrate-meta-layouts":"default","ast-page-background-enabled":"default","ast-page-background-meta":{"desktop":{"background-color":"","background-image":"","background-repeat":"repeat","background-position":"center center","background-size":"auto","background-attachment":"scroll","background-type":"","background-media":"","overlay-type":"","overlay-color":"","overlay-opacity":"","overlay-gradient":""},"tablet":{"background-color":"","background-image":"","background-repeat":"repeat","background-position":"center center","background-size":"auto","background-attachment":"scroll","background-type":"","background-media":"","overlay-type":"","overlay-color":"","overlay-opacity":"","overlay-gradient":""},"mobile":{"background-color":"","background-image":"","background-repeat":"repeat","background-position":"center center","background-size":"auto","background-attachment":"scroll","background-type":"","background-media":"","overlay-type":"","overlay-color":"","overlay-opacity":"","overlay-gradient":""}},"ast-content-background-meta":{"desktop":{"background-color":"var(--ast-global-color-4)","background-image":"","background-repeat":"repeat","background-position":"center center","background-size":"auto","background-attachment":"scroll","background-type":"","background-media":"","overlay-type":"","overlay-color":"","overlay-opacity":"","overlay-gradient":""},"tablet":{"background-color":"var(--ast-global-color-4)","background-image":"","background-repeat":"repeat","background-position":"center center","background-size":"auto","background-attachment":"scroll","background-type":"","background-media":"","overlay-type":"","overlay-color":"","overlay-opacity":"","overlay-gradient":""},"mobile":{"background-color":"var(--ast-global-color-4)","background-image":"","background-repeat":"repeat","background-position":"center center","background-size":"auto","background-attachment":"scroll","background-type":"","background-media":"","overlay-type":"","overlay-color":"","overlay-opacity":"","overlay-gradient":""}}},"product_brand":[],"product_cat":[31],"product_tag":[],"class_list":{"0":"post-22004","1":"product","2":"type-product","3":"status-publish","4":"has-post-thumbnail","6":"product_cat-grozine-literatura","7":"desktop-align-left","8":"tablet-align-left","9":"mobile-align-left","11":"first","12":"instock","13":"shipping-taxable","14":"purchasable","15":"product-type-simple"},"acf":[],"yoast_head":"<!-- This site is optimized with the Yoast SEO plugin v27.0 - https:\/\/yoast.com\/product\/yoast-seo-wordpress\/ -->\n<title>Ka\u010di\u0173 stalas<\/title>\n<meta name=\"description\" content=\"Michaelas Ondaatje (Maiklas Onda\u010de; g. 1943 m. \u0160ri Lankoje) \u2013 vienas \u017eymiausi\u0173 Kanados ra\u0161ytoj\u0173, Booker premijos laim\u0117tojas. Tamil\u0173, oland\u0173, singal\u0173\" \/>\n<meta name=\"robots\" content=\"index, follow, max-snippet:-1, max-image-preview:large, max-video-preview:-1\" \/>\n<link rel=\"canonical\" href=\"https:\/\/skaitytaknyga.lt\/en\/produktas\/kaciu-stalas\/\" \/>\n<meta property=\"og:locale\" content=\"en_GB\" \/>\n<meta property=\"og:locale:alternate\" content=\"lt_LT\" \/>\n<meta property=\"og:type\" content=\"article\" \/>\n<meta property=\"og:title\" content=\"Ka\u010di\u0173 stalas\" \/>\n<meta property=\"og:description\" content=\"Michaelas Ondaatje (Maiklas Onda\u010de; g. 1943 m. \u0160ri Lankoje) \u2013 vienas \u017eymiausi\u0173 Kanados ra\u0161ytoj\u0173, Booker premijos laim\u0117tojas. Tamil\u0173, oland\u0173, singal\u0173\" \/>\n<meta property=\"og:url\" content=\"https:\/\/skaitytaknyga.lt\/en\/produktas\/kaciu-stalas\/\" \/>\n<meta property=\"og:site_name\" content=\"Skaitytaknyga\" \/>\n<meta property=\"article:publisher\" content=\"https:\/\/www.facebook.com\/skaitytaknyga\/\" \/>\n<meta property=\"article:modified_time\" content=\"2025-11-23T10:36:30+00:00\" \/>\n<meta property=\"og:image\" content=\"https:\/\/skaitytaknyga.lt\/wp-content\/uploads\/2025\/11\/Kaciu-stalas.jpg\" \/>\n\t<meta property=\"og:image:width\" content=\"300\" \/>\n\t<meta property=\"og:image:height\" content=\"450\" \/>\n\t<meta property=\"og:image:type\" content=\"image\/jpeg\" \/>\n<meta name=\"twitter:card\" content=\"summary_large_image\" \/>\n<meta name=\"twitter:label1\" content=\"Estimated reading time\" \/>\n\t<meta name=\"twitter:data1\" content=\"1 minute\" \/>\n<script type=\"application\/ld+json\" class=\"yoast-schema-graph\">{\"@context\":\"https:\/\/schema.org\",\"@graph\":[{\"@type\":\"WebPage\",\"@id\":\"https:\/\/skaitytaknyga.lt\/produktas\/kaciu-stalas\/\",\"url\":\"https:\/\/skaitytaknyga.lt\/produktas\/kaciu-stalas\/\",\"name\":\"Ka\u010di\u0173 stalas\",\"isPartOf\":{\"@id\":\"https:\/\/skaitytaknyga.lt\/#website\"},\"primaryImageOfPage\":{\"@id\":\"https:\/\/skaitytaknyga.lt\/produktas\/kaciu-stalas\/#primaryimage\"},\"image\":{\"@id\":\"https:\/\/skaitytaknyga.lt\/produktas\/kaciu-stalas\/#primaryimage\"},\"thumbnailUrl\":\"https:\/\/skaitytaknyga.lt\/wp-content\/uploads\/2025\/11\/Kaciu-stalas.jpg\",\"datePublished\":\"2025-11-17T07:51:38+00:00\",\"dateModified\":\"2025-11-23T10:36:30+00:00\",\"description\":\"Michaelas Ondaatje (Maiklas Onda\u010de; g. 1943 m. \u0160ri Lankoje) \u2013 vienas \u017eymiausi\u0173 Kanados ra\u0161ytoj\u0173, Booker premijos laim\u0117tojas. Tamil\u0173, oland\u0173, singal\u0173\",\"breadcrumb\":{\"@id\":\"https:\/\/skaitytaknyga.lt\/produktas\/kaciu-stalas\/#breadcrumb\"},\"inLanguage\":\"en-GB\",\"potentialAction\":[{\"@type\":\"ReadAction\",\"target\":[\"https:\/\/skaitytaknyga.lt\/produktas\/kaciu-stalas\/\"]}]},{\"@type\":\"ImageObject\",\"inLanguage\":\"en-GB\",\"@id\":\"https:\/\/skaitytaknyga.lt\/produktas\/kaciu-stalas\/#primaryimage\",\"url\":\"https:\/\/skaitytaknyga.lt\/wp-content\/uploads\/2025\/11\/Kaciu-stalas.jpg\",\"contentUrl\":\"https:\/\/skaitytaknyga.lt\/wp-content\/uploads\/2025\/11\/Kaciu-stalas.jpg\",\"width\":300,\"height\":450,\"caption\":\"Ka\u010di\u0173 stalas\"},{\"@type\":\"BreadcrumbList\",\"@id\":\"https:\/\/skaitytaknyga.lt\/produktas\/kaciu-stalas\/#breadcrumb\",\"itemListElement\":[{\"@type\":\"ListItem\",\"position\":1,\"name\":\"Home\",\"item\":\"https:\/\/skaitytaknyga.lt\/\"},{\"@type\":\"ListItem\",\"position\":2,\"name\":\"Parduotuv\u0117\",\"item\":\"https:\/\/skaitytaknyga.lt\/knygu-parduotuve\/\"},{\"@type\":\"ListItem\",\"position\":3,\"name\":\"Ka\u010di\u0173 stalas\"}]},{\"@type\":\"WebSite\",\"@id\":\"https:\/\/skaitytaknyga.lt\/#website\",\"url\":\"https:\/\/skaitytaknyga.lt\/\",\"name\":\"skaitytaknyga.lt\",\"description\":\"Skaitytaknyga.lt \u2013 tai ma\u017eas \u0161eimos verslas, kuris prasid\u0117jo nuo meil\u0117s knygoms ir siekio i\u0161gelb\u0117ti knygas nuo likimo prie konteinerio. Kas vienam nereikalingas daiktas \u2013 kitam lobis, o mes esame tarpininkai, kurie padeda abiems tapti laimingesniems ???? \u017dinome kaip nelengva i\u0161gyventi ma\u017eiems verslams, tad nuo \u0161iol, \u010dia rasite ir kit\u0173, ma\u017e\u0173 \u0161eim\u0173 versl\u0173, rank\u0173 darbo, dovan\u0173 sau ir artimiesiems.\",\"publisher\":{\"@id\":\"https:\/\/skaitytaknyga.lt\/#organization\"},\"potentialAction\":[{\"@type\":\"SearchAction\",\"target\":{\"@type\":\"EntryPoint\",\"urlTemplate\":\"https:\/\/skaitytaknyga.lt\/?s={search_term_string}\"},\"query-input\":{\"@type\":\"PropertyValueSpecification\",\"valueRequired\":true,\"valueName\":\"search_term_string\"}}],\"inLanguage\":\"en-GB\"},{\"@type\":\"Organization\",\"@id\":\"https:\/\/skaitytaknyga.lt\/#organization\",\"name\":\"skaitytaknyga.lt\",\"url\":\"https:\/\/skaitytaknyga.lt\/\",\"logo\":{\"@type\":\"ImageObject\",\"inLanguage\":\"en-GB\",\"@id\":\"https:\/\/skaitytaknyga.lt\/#\/schema\/logo\/image\/\",\"url\":\"https:\/\/skaitytaknyga.lt\/wp-content\/uploads\/2024\/05\/cropped-cropped-cropped-02_00843_jt3bggkj1j3HLc7SyY6rEUpg.jpeg\",\"contentUrl\":\"https:\/\/skaitytaknyga.lt\/wp-content\/uploads\/2024\/05\/cropped-cropped-cropped-02_00843_jt3bggkj1j3HLc7SyY6rEUpg.jpeg\",\"width\":1600,\"height\":1600,\"caption\":\"skaitytaknyga.lt\"},\"image\":{\"@id\":\"https:\/\/skaitytaknyga.lt\/#\/schema\/logo\/image\/\"},\"sameAs\":[\"https:\/\/www.facebook.com\/skaitytaknyga\/\"]}]}<\/script>\n<!-- \/ Yoast SEO plugin. -->","yoast_head_json":{"title":"Ka\u010di\u0173 stalas","description":"Michaelas Ondaatje (Maiklas Onda\u010de; g. 1943 m. \u0160ri Lankoje) \u2013 vienas \u017eymiausi\u0173 Kanados ra\u0161ytoj\u0173, Booker premijos laim\u0117tojas. Tamil\u0173, oland\u0173, singal\u0173","robots":{"index":"index","follow":"follow","max-snippet":"max-snippet:-1","max-image-preview":"max-image-preview:large","max-video-preview":"max-video-preview:-1"},"canonical":"https:\/\/skaitytaknyga.lt\/en\/produktas\/kaciu-stalas\/","og_locale":"en_GB","og_type":"article","og_title":"[:lt]Ka\u010di\u0173 stalas[:] - Skaitytaknyga","og_description":"Michaelas Ondaatje (Maiklas Onda\u010de; g. 1943 m. \u0160ri Lankoje) \u2013 vienas \u017eymiausi\u0173 Kanados ra\u0161ytoj\u0173, Booker premijos laim\u0117tojas. Tamil\u0173, oland\u0173, singal\u0173","og_url":"https:\/\/skaitytaknyga.lt\/en\/produktas\/kaciu-stalas\/","og_site_name":"Skaitytaknyga","article_publisher":"https:\/\/www.facebook.com\/skaitytaknyga\/","article_modified_time":"2025-11-23T10:36:30+00:00","og_image":[{"width":300,"height":450,"url":"https:\/\/skaitytaknyga.lt\/wp-content\/uploads\/2025\/11\/Kaciu-stalas.jpg","type":"image\/jpeg"}],"twitter_card":"summary_large_image","twitter_misc":{"Estimated reading time":"1 minute"},"schema":{"@context":"https:\/\/schema.org","@graph":[{"@type":"WebPage","@id":"https:\/\/skaitytaknyga.lt\/produktas\/kaciu-stalas\/","url":"https:\/\/skaitytaknyga.lt\/produktas\/kaciu-stalas\/","name":"Ka\u010di\u0173 stalas","isPartOf":{"@id":"https:\/\/skaitytaknyga.lt\/#website"},"primaryImageOfPage":{"@id":"https:\/\/skaitytaknyga.lt\/produktas\/kaciu-stalas\/#primaryimage"},"image":{"@id":"https:\/\/skaitytaknyga.lt\/produktas\/kaciu-stalas\/#primaryimage"},"thumbnailUrl":"https:\/\/skaitytaknyga.lt\/wp-content\/uploads\/2025\/11\/Kaciu-stalas.jpg","datePublished":"2025-11-17T07:51:38+00:00","dateModified":"2025-11-23T10:36:30+00:00","description":"Michaelas Ondaatje (Maiklas Onda\u010de; g. 1943 m. \u0160ri Lankoje) \u2013 vienas \u017eymiausi\u0173 Kanados ra\u0161ytoj\u0173, Booker premijos laim\u0117tojas. Tamil\u0173, oland\u0173, singal\u0173","breadcrumb":{"@id":"https:\/\/skaitytaknyga.lt\/produktas\/kaciu-stalas\/#breadcrumb"},"inLanguage":"en-GB","potentialAction":[{"@type":"ReadAction","target":["https:\/\/skaitytaknyga.lt\/produktas\/kaciu-stalas\/"]}]},{"@type":"ImageObject","inLanguage":"en-GB","@id":"https:\/\/skaitytaknyga.lt\/produktas\/kaciu-stalas\/#primaryimage","url":"https:\/\/skaitytaknyga.lt\/wp-content\/uploads\/2025\/11\/Kaciu-stalas.jpg","contentUrl":"https:\/\/skaitytaknyga.lt\/wp-content\/uploads\/2025\/11\/Kaciu-stalas.jpg","width":300,"height":450,"caption":"Ka\u010di\u0173 stalas"},{"@type":"BreadcrumbList","@id":"https:\/\/skaitytaknyga.lt\/produktas\/kaciu-stalas\/#breadcrumb","itemListElement":[{"@type":"ListItem","position":1,"name":"Home","item":"https:\/\/skaitytaknyga.lt\/"},{"@type":"ListItem","position":2,"name":"Parduotuv\u0117","item":"https:\/\/skaitytaknyga.lt\/knygu-parduotuve\/"},{"@type":"ListItem","position":3,"name":"Ka\u010di\u0173 stalas"}]},{"@type":"WebSite","@id":"https:\/\/skaitytaknyga.lt\/#website","url":"https:\/\/skaitytaknyga.lt\/","name":"skaitytaknyga.lt","description":"Skaitytaknyga.lt \u2013 tai ma\u017eas \u0161eimos verslas, kuris prasid\u0117jo nuo meil\u0117s knygoms ir siekio i\u0161gelb\u0117ti knygas nuo likimo prie konteinerio. Kas vienam nereikalingas daiktas \u2013 kitam lobis, o mes esame tarpininkai, kurie padeda abiems tapti laimingesniems ???? \u017dinome kaip nelengva i\u0161gyventi ma\u017eiems verslams, tad nuo \u0161iol, \u010dia rasite ir kit\u0173, ma\u017e\u0173 \u0161eim\u0173 versl\u0173, rank\u0173 darbo, dovan\u0173 sau ir artimiesiems.","publisher":{"@id":"https:\/\/skaitytaknyga.lt\/#organization"},"potentialAction":[{"@type":"SearchAction","target":{"@type":"EntryPoint","urlTemplate":"https:\/\/skaitytaknyga.lt\/?s={search_term_string}"},"query-input":{"@type":"PropertyValueSpecification","valueRequired":true,"valueName":"search_term_string"}}],"inLanguage":"en-GB"},{"@type":"Organization","@id":"https:\/\/skaitytaknyga.lt\/#organization","name":"skaitytaknyga.lt","url":"https:\/\/skaitytaknyga.lt\/","logo":{"@type":"ImageObject","inLanguage":"en-GB","@id":"https:\/\/skaitytaknyga.lt\/#\/schema\/logo\/image\/","url":"https:\/\/skaitytaknyga.lt\/wp-content\/uploads\/2024\/05\/cropped-cropped-cropped-02_00843_jt3bggkj1j3HLc7SyY6rEUpg.jpeg","contentUrl":"https:\/\/skaitytaknyga.lt\/wp-content\/uploads\/2024\/05\/cropped-cropped-cropped-02_00843_jt3bggkj1j3HLc7SyY6rEUpg.jpeg","width":1600,"height":1600,"caption":"skaitytaknyga.lt"},"image":{"@id":"https:\/\/skaitytaknyga.lt\/#\/schema\/logo\/image\/"},"sameAs":["https:\/\/www.facebook.com\/skaitytaknyga\/"]}]}},"_links":{"self":[{"href":"https:\/\/skaitytaknyga.lt\/en\/wp-json\/wp\/v2\/product\/22004","targetHints":{"allow":["GET"]}}],"collection":[{"href":"https:\/\/skaitytaknyga.lt\/en\/wp-json\/wp\/v2\/product"}],"about":[{"href":"https:\/\/skaitytaknyga.lt\/en\/wp-json\/wp\/v2\/types\/product"}],"replies":[{"embeddable":true,"href":"https:\/\/skaitytaknyga.lt\/en\/wp-json\/wp\/v2\/comments?post=22004"}],"wp:featuredmedia":[{"embeddable":true,"href":"https:\/\/skaitytaknyga.lt\/en\/wp-json\/wp\/v2\/media\/22055"}],"wp:attachment":[{"href":"https:\/\/skaitytaknyga.lt\/en\/wp-json\/wp\/v2\/media?parent=22004"}],"wp:term":[{"taxonomy":"product_brand","embeddable":true,"href":"https:\/\/skaitytaknyga.lt\/en\/wp-json\/wp\/v2\/product_brand?post=22004"},{"taxonomy":"product_cat","embeddable":true,"href":"https:\/\/skaitytaknyga.lt\/en\/wp-json\/wp\/v2\/product_cat?post=22004"},{"taxonomy":"product_tag","embeddable":true,"href":"https:\/\/skaitytaknyga.lt\/en\/wp-json\/wp\/v2\/product_tag?post=22004"}],"curies":[{"name":"wp","href":"https:\/\/api.w.org\/{rel}","templated":true}]}}