{"id":22002,"date":"2025-11-17T09:51:37","date_gmt":"2025-11-17T07:51:37","guid":{"rendered":"https:\/\/skaitytaknyga.lt\/?post_type=product&#038;p=22002"},"modified":"2025-11-23T12:36:21","modified_gmt":"2025-11-23T10:36:21","slug":"gyvenimo-planas","status":"publish","type":"product","link":"https:\/\/skaitytaknyga.lt\/en\/produktas\/gyvenimo-planas\/","title":{"rendered":"Gyvenimo planas"},"content":{"rendered":"<p>Kaip pasikeist\u0173 gyvenimas, jei atrastum ir ry\u017etumeisi \u012fgyvendinti prie\u0161 daugyb\u0119 met\u0173 sudaryt\u0105 savo gyvenimo tiksl\u0173 ir svajoni\u0173 s\u0105ra\u0161\u0105?<\/p>\n<p>Trisde\u0161imt ketveri\u0173 Breta, regis, turi visk\u0105: puik\u0173 darb\u0105, mylim\u0105 ir j\u0105 mylint\u012f vaikin\u0105, erdvius namus, o po mamos mirties tikisi paveld\u0117ti ir s\u0117kmingai veikian\u010di\u0105 \u0161eimos \u012fmon\u0119. Ta\u010diau mamos testamentas apstulbina: Breta palikimo tik\u0117tis gal\u0117s tik \u012fgyvendinusi seniai pamir\u0161t\u0105 savo gyvenimo plan\u0105, kur\u012f suk\u016br\u0117 b\u016bdama keturiolikos! Negana to, visiems tame plane sura\u0161ytiems tikslams \u012fvykdyti ji turi tik dvylika m\u0117nesi\u0173! Nor\u0117dama \u012fgyvendinti \u0161\u012f plan\u0105, Breta tur\u0117t\u0173 visi\u0161kai pakeisti savo gyvenim\u0105. \u012esigyti arkl\u012f? Bet kur j\u012f d\u0117t\u0173? Tapti mokytoja? Bet ji jau turi gerai apmokam\u0105 darb\u0105. Susilaukti vaiko ar net dviej\u0173? Bet jos vaikinas to nenori! U\u017emegzti artimus santykius su t\u0117vu? Bet jis juk jau mir\u0119s&#8230; \u012esimyl\u0117ti? Na, bent tai lengvai \u012fvykdoma \u2013 ji juk myli savo vaikin\u0105. Bet ar tikrai? Atitokusi i\u0161 nuostabos, Breta vis d\u0117lto nusprend\u017eia leistis \u012f mamos jai paruo\u0161t\u0105 avanti\u016br\u0105 \u2013 n\u0117 nenumanydama, kas jos i\u0161 tikr\u0173j\u0173 laukia&#8230;<\/p>\n","protected":false},"excerpt":{"rendered":"<p>Kaip pasikeist\u0173 gyvenimas, jei atrastum ir ry\u017etumeisi \u012fgyvendinti prie\u0161 daugyb\u0119 met\u0173 sudaryt\u0105 savo gyvenimo tiksl\u0173 ir svajoni\u0173 s\u0105ra\u0161\u0105? Trisde\u0161imt ketveri\u0173 Breta, regis, turi visk\u0105: puik\u0173 darb\u0105, mylim\u0105 ir j\u0105 mylint\u012f vaikin\u0105, erdvius namus, o po mamos mirties tikisi paveld\u0117ti ir s\u0117kmingai veikian\u010di\u0105 \u0161eimos \u012fmon\u0119. Ta\u010diau mamos testamentas apstulbina: Breta palikimo tik\u0117tis gal\u0117s tik \u012fgyvendinusi seniai pamir\u0161t\u0105 savo gyvenimo plan\u0105, kur\u012f suk\u016br\u0117 b\u016bdama keturiolikos! Negana to, visiems tame plane sura\u0161ytiems tikslams \u012fvykdyti ji turi tik dvylika m\u0117nesi\u0173! Nor\u0117dama \u012fgyvendinti \u0161\u012f plan\u0105, Breta tur\u0117t\u0173 visi\u0161kai pakeisti savo gyvenim\u0105. \u012esigyti arkl\u012f? Bet kur j\u012f d\u0117t\u0173? Tapti mokytoja? Bet ji jau turi gerai apmokam\u0105 darb\u0105. Susilaukti vaiko ar net dviej\u0173? Bet jos vaikinas to nenori! U\u017emegzti artimus santykius su t\u0117vu? Bet jis juk jau mir\u0119s&#8230; \u012esimyl\u0117ti? Na, bent tai lengvai \u012fvykdoma \u2013 ji juk myli savo vaikin\u0105. Bet ar tikrai? Atitokusi i\u0161 nuostabos, Breta vis d\u0117lto nusprend\u017eia leistis \u012f mamos jai paruo\u0161t\u0105 avanti\u016br\u0105 \u2013 n\u0117 nenumanydama, kas jos i\u0161 tikr\u0173j\u0173 laukia&#8230;<\/p>\n","protected":false},"featured_media":22044,"comment_status":"open","ping_status":"closed","template":"","meta":{"_acf_changed":false,"site-sidebar-layout":"default","site-content-layout":"","ast-site-content-layout":"default","site-content-style":"default","site-sidebar-style":"default","ast-global-header-display":"","ast-banner-title-visibility":"","ast-main-header-display":"","ast-hfb-above-header-display":"","ast-hfb-below-header-display":"","ast-hfb-mobile-header-display":"","site-post-title":"","ast-breadcrumbs-content":"","ast-featured-img":"","footer-sml-layout":"","ast-disable-related-posts":"","theme-transparent-header-meta":"","adv-header-id-meta":"","stick-header-meta":"","header-above-stick-meta":"","header-main-stick-meta":"","header-below-stick-meta":"","astra-migrate-meta-layouts":"default","ast-page-background-enabled":"default","ast-page-background-meta":{"desktop":{"background-color":"","background-image":"","background-repeat":"repeat","background-position":"center center","background-size":"auto","background-attachment":"scroll","background-type":"","background-media":"","overlay-type":"","overlay-color":"","overlay-opacity":"","overlay-gradient":""},"tablet":{"background-color":"","background-image":"","background-repeat":"repeat","background-position":"center center","background-size":"auto","background-attachment":"scroll","background-type":"","background-media":"","overlay-type":"","overlay-color":"","overlay-opacity":"","overlay-gradient":""},"mobile":{"background-color":"","background-image":"","background-repeat":"repeat","background-position":"center center","background-size":"auto","background-attachment":"scroll","background-type":"","background-media":"","overlay-type":"","overlay-color":"","overlay-opacity":"","overlay-gradient":""}},"ast-content-background-meta":{"desktop":{"background-color":"var(--ast-global-color-4)","background-image":"","background-repeat":"repeat","background-position":"center center","background-size":"auto","background-attachment":"scroll","background-type":"","background-media":"","overlay-type":"","overlay-color":"","overlay-opacity":"","overlay-gradient":""},"tablet":{"background-color":"var(--ast-global-color-4)","background-image":"","background-repeat":"repeat","background-position":"center center","background-size":"auto","background-attachment":"scroll","background-type":"","background-media":"","overlay-type":"","overlay-color":"","overlay-opacity":"","overlay-gradient":""},"mobile":{"background-color":"var(--ast-global-color-4)","background-image":"","background-repeat":"repeat","background-position":"center center","background-size":"auto","background-attachment":"scroll","background-type":"","background-media":"","overlay-type":"","overlay-color":"","overlay-opacity":"","overlay-gradient":""}}},"product_brand":[],"product_cat":[31],"product_tag":[],"class_list":{"0":"post-22002","1":"product","2":"type-product","3":"status-publish","4":"has-post-thumbnail","6":"product_cat-grozine-literatura","7":"desktop-align-left","8":"tablet-align-left","9":"mobile-align-left","11":"first","12":"instock","13":"shipping-taxable","14":"purchasable","15":"product-type-simple"},"acf":[],"yoast_head":"<!-- This site is optimized with the Yoast SEO plugin v27.0 - https:\/\/yoast.com\/product\/yoast-seo-wordpress\/ -->\n<title>Gyvenimo planas<\/title>\n<meta name=\"description\" content=\"Kaip pasikeist\u0173 gyvenimas, jei atrastum ir ry\u017etumeisi \u012fgyvendinti prie\u0161 daugyb\u0119 met\u0173 sudaryt\u0105 savo gyvenimo tiksl\u0173 ir svajoni\u0173 s\u0105ra\u0161\u0105? Trisde\u0161imt ketveri\u0173\" \/>\n<meta name=\"robots\" content=\"index, follow, max-snippet:-1, max-image-preview:large, max-video-preview:-1\" \/>\n<link rel=\"canonical\" href=\"https:\/\/skaitytaknyga.lt\/en\/produktas\/gyvenimo-planas\/\" \/>\n<meta property=\"og:locale\" content=\"en_GB\" \/>\n<meta property=\"og:locale:alternate\" content=\"lt_LT\" \/>\n<meta property=\"og:type\" content=\"article\" \/>\n<meta property=\"og:title\" content=\"Gyvenimo planas\" \/>\n<meta property=\"og:description\" content=\"Kaip pasikeist\u0173 gyvenimas, jei atrastum ir ry\u017etumeisi \u012fgyvendinti prie\u0161 daugyb\u0119 met\u0173 sudaryt\u0105 savo gyvenimo tiksl\u0173 ir svajoni\u0173 s\u0105ra\u0161\u0105? Trisde\u0161imt ketveri\u0173\" \/>\n<meta property=\"og:url\" content=\"https:\/\/skaitytaknyga.lt\/en\/produktas\/gyvenimo-planas\/\" \/>\n<meta property=\"og:site_name\" content=\"Skaitytaknyga\" \/>\n<meta property=\"article:publisher\" content=\"https:\/\/www.facebook.com\/skaitytaknyga\/\" \/>\n<meta property=\"article:modified_time\" content=\"2025-11-23T10:36:21+00:00\" \/>\n<meta property=\"og:image\" content=\"https:\/\/skaitytaknyga.lt\/wp-content\/uploads\/2025\/11\/Gyvenimo-planas-e1763893429932.jpg\" \/>\n\t<meta property=\"og:image:width\" content=\"277\" \/>\n\t<meta property=\"og:image:height\" content=\"469\" \/>\n\t<meta property=\"og:image:type\" content=\"image\/jpeg\" \/>\n<meta name=\"twitter:card\" content=\"summary_large_image\" \/>\n<meta name=\"twitter:label1\" content=\"Estimated reading time\" \/>\n\t<meta name=\"twitter:data1\" content=\"1 minute\" \/>\n<script type=\"application\/ld+json\" class=\"yoast-schema-graph\">{\"@context\":\"https:\/\/schema.org\",\"@graph\":[{\"@type\":\"WebPage\",\"@id\":\"https:\/\/skaitytaknyga.lt\/produktas\/gyvenimo-planas\/\",\"url\":\"https:\/\/skaitytaknyga.lt\/produktas\/gyvenimo-planas\/\",\"name\":\"Gyvenimo planas\",\"isPartOf\":{\"@id\":\"https:\/\/skaitytaknyga.lt\/#website\"},\"primaryImageOfPage\":{\"@id\":\"https:\/\/skaitytaknyga.lt\/produktas\/gyvenimo-planas\/#primaryimage\"},\"image\":{\"@id\":\"https:\/\/skaitytaknyga.lt\/produktas\/gyvenimo-planas\/#primaryimage\"},\"thumbnailUrl\":\"https:\/\/skaitytaknyga.lt\/wp-content\/uploads\/2025\/11\/Gyvenimo-planas-e1763893429932.jpg\",\"datePublished\":\"2025-11-17T07:51:37+00:00\",\"dateModified\":\"2025-11-23T10:36:21+00:00\",\"description\":\"Kaip pasikeist\u0173 gyvenimas, jei atrastum ir ry\u017etumeisi \u012fgyvendinti prie\u0161 daugyb\u0119 met\u0173 sudaryt\u0105 savo gyvenimo tiksl\u0173 ir svajoni\u0173 s\u0105ra\u0161\u0105? Trisde\u0161imt ketveri\u0173\",\"breadcrumb\":{\"@id\":\"https:\/\/skaitytaknyga.lt\/produktas\/gyvenimo-planas\/#breadcrumb\"},\"inLanguage\":\"en-GB\",\"potentialAction\":[{\"@type\":\"ReadAction\",\"target\":[\"https:\/\/skaitytaknyga.lt\/produktas\/gyvenimo-planas\/\"]}]},{\"@type\":\"ImageObject\",\"inLanguage\":\"en-GB\",\"@id\":\"https:\/\/skaitytaknyga.lt\/produktas\/gyvenimo-planas\/#primaryimage\",\"url\":\"https:\/\/skaitytaknyga.lt\/wp-content\/uploads\/2025\/11\/Gyvenimo-planas-e1763893429932.jpg\",\"contentUrl\":\"https:\/\/skaitytaknyga.lt\/wp-content\/uploads\/2025\/11\/Gyvenimo-planas-e1763893429932.jpg\",\"width\":277,\"height\":469},{\"@type\":\"BreadcrumbList\",\"@id\":\"https:\/\/skaitytaknyga.lt\/produktas\/gyvenimo-planas\/#breadcrumb\",\"itemListElement\":[{\"@type\":\"ListItem\",\"position\":1,\"name\":\"Home\",\"item\":\"https:\/\/skaitytaknyga.lt\/\"},{\"@type\":\"ListItem\",\"position\":2,\"name\":\"Parduotuv\u0117\",\"item\":\"https:\/\/skaitytaknyga.lt\/knygu-parduotuve\/\"},{\"@type\":\"ListItem\",\"position\":3,\"name\":\"Gyvenimo planas\"}]},{\"@type\":\"WebSite\",\"@id\":\"https:\/\/skaitytaknyga.lt\/#website\",\"url\":\"https:\/\/skaitytaknyga.lt\/\",\"name\":\"skaitytaknyga.lt\",\"description\":\"Skaitytaknyga.lt \u2013 tai ma\u017eas \u0161eimos verslas, kuris prasid\u0117jo nuo meil\u0117s knygoms ir siekio i\u0161gelb\u0117ti knygas nuo likimo prie konteinerio. Kas vienam nereikalingas daiktas \u2013 kitam lobis, o mes esame tarpininkai, kurie padeda abiems tapti laimingesniems ???? \u017dinome kaip nelengva i\u0161gyventi ma\u017eiems verslams, tad nuo \u0161iol, \u010dia rasite ir kit\u0173, ma\u017e\u0173 \u0161eim\u0173 versl\u0173, rank\u0173 darbo, dovan\u0173 sau ir artimiesiems.\",\"publisher\":{\"@id\":\"https:\/\/skaitytaknyga.lt\/#organization\"},\"potentialAction\":[{\"@type\":\"SearchAction\",\"target\":{\"@type\":\"EntryPoint\",\"urlTemplate\":\"https:\/\/skaitytaknyga.lt\/?s={search_term_string}\"},\"query-input\":{\"@type\":\"PropertyValueSpecification\",\"valueRequired\":true,\"valueName\":\"search_term_string\"}}],\"inLanguage\":\"en-GB\"},{\"@type\":\"Organization\",\"@id\":\"https:\/\/skaitytaknyga.lt\/#organization\",\"name\":\"skaitytaknyga.lt\",\"url\":\"https:\/\/skaitytaknyga.lt\/\",\"logo\":{\"@type\":\"ImageObject\",\"inLanguage\":\"en-GB\",\"@id\":\"https:\/\/skaitytaknyga.lt\/#\/schema\/logo\/image\/\",\"url\":\"https:\/\/skaitytaknyga.lt\/wp-content\/uploads\/2024\/05\/cropped-cropped-cropped-02_00843_jt3bggkj1j3HLc7SyY6rEUpg.jpeg\",\"contentUrl\":\"https:\/\/skaitytaknyga.lt\/wp-content\/uploads\/2024\/05\/cropped-cropped-cropped-02_00843_jt3bggkj1j3HLc7SyY6rEUpg.jpeg\",\"width\":1600,\"height\":1600,\"caption\":\"skaitytaknyga.lt\"},\"image\":{\"@id\":\"https:\/\/skaitytaknyga.lt\/#\/schema\/logo\/image\/\"},\"sameAs\":[\"https:\/\/www.facebook.com\/skaitytaknyga\/\"]}]}<\/script>\n<!-- \/ Yoast SEO plugin. -->","yoast_head_json":{"title":"Gyvenimo planas","description":"Kaip pasikeist\u0173 gyvenimas, jei atrastum ir ry\u017etumeisi \u012fgyvendinti prie\u0161 daugyb\u0119 met\u0173 sudaryt\u0105 savo gyvenimo tiksl\u0173 ir svajoni\u0173 s\u0105ra\u0161\u0105? Trisde\u0161imt ketveri\u0173","robots":{"index":"index","follow":"follow","max-snippet":"max-snippet:-1","max-image-preview":"max-image-preview:large","max-video-preview":"max-video-preview:-1"},"canonical":"https:\/\/skaitytaknyga.lt\/en\/produktas\/gyvenimo-planas\/","og_locale":"en_GB","og_type":"article","og_title":"[:lt]Gyvenimo planas[:] - Skaitytaknyga","og_description":"Kaip pasikeist\u0173 gyvenimas, jei atrastum ir ry\u017etumeisi \u012fgyvendinti prie\u0161 daugyb\u0119 met\u0173 sudaryt\u0105 savo gyvenimo tiksl\u0173 ir svajoni\u0173 s\u0105ra\u0161\u0105? Trisde\u0161imt ketveri\u0173","og_url":"https:\/\/skaitytaknyga.lt\/en\/produktas\/gyvenimo-planas\/","og_site_name":"Skaitytaknyga","article_publisher":"https:\/\/www.facebook.com\/skaitytaknyga\/","article_modified_time":"2025-11-23T10:36:21+00:00","og_image":[{"width":277,"height":469,"url":"https:\/\/skaitytaknyga.lt\/wp-content\/uploads\/2025\/11\/Gyvenimo-planas-e1763893429932.jpg","type":"image\/jpeg"}],"twitter_card":"summary_large_image","twitter_misc":{"Estimated reading time":"1 minute"},"schema":{"@context":"https:\/\/schema.org","@graph":[{"@type":"WebPage","@id":"https:\/\/skaitytaknyga.lt\/produktas\/gyvenimo-planas\/","url":"https:\/\/skaitytaknyga.lt\/produktas\/gyvenimo-planas\/","name":"Gyvenimo planas","isPartOf":{"@id":"https:\/\/skaitytaknyga.lt\/#website"},"primaryImageOfPage":{"@id":"https:\/\/skaitytaknyga.lt\/produktas\/gyvenimo-planas\/#primaryimage"},"image":{"@id":"https:\/\/skaitytaknyga.lt\/produktas\/gyvenimo-planas\/#primaryimage"},"thumbnailUrl":"https:\/\/skaitytaknyga.lt\/wp-content\/uploads\/2025\/11\/Gyvenimo-planas-e1763893429932.jpg","datePublished":"2025-11-17T07:51:37+00:00","dateModified":"2025-11-23T10:36:21+00:00","description":"Kaip pasikeist\u0173 gyvenimas, jei atrastum ir ry\u017etumeisi \u012fgyvendinti prie\u0161 daugyb\u0119 met\u0173 sudaryt\u0105 savo gyvenimo tiksl\u0173 ir svajoni\u0173 s\u0105ra\u0161\u0105? Trisde\u0161imt ketveri\u0173","breadcrumb":{"@id":"https:\/\/skaitytaknyga.lt\/produktas\/gyvenimo-planas\/#breadcrumb"},"inLanguage":"en-GB","potentialAction":[{"@type":"ReadAction","target":["https:\/\/skaitytaknyga.lt\/produktas\/gyvenimo-planas\/"]}]},{"@type":"ImageObject","inLanguage":"en-GB","@id":"https:\/\/skaitytaknyga.lt\/produktas\/gyvenimo-planas\/#primaryimage","url":"https:\/\/skaitytaknyga.lt\/wp-content\/uploads\/2025\/11\/Gyvenimo-planas-e1763893429932.jpg","contentUrl":"https:\/\/skaitytaknyga.lt\/wp-content\/uploads\/2025\/11\/Gyvenimo-planas-e1763893429932.jpg","width":277,"height":469},{"@type":"BreadcrumbList","@id":"https:\/\/skaitytaknyga.lt\/produktas\/gyvenimo-planas\/#breadcrumb","itemListElement":[{"@type":"ListItem","position":1,"name":"Home","item":"https:\/\/skaitytaknyga.lt\/"},{"@type":"ListItem","position":2,"name":"Parduotuv\u0117","item":"https:\/\/skaitytaknyga.lt\/knygu-parduotuve\/"},{"@type":"ListItem","position":3,"name":"Gyvenimo planas"}]},{"@type":"WebSite","@id":"https:\/\/skaitytaknyga.lt\/#website","url":"https:\/\/skaitytaknyga.lt\/","name":"skaitytaknyga.lt","description":"Skaitytaknyga.lt \u2013 tai ma\u017eas \u0161eimos verslas, kuris prasid\u0117jo nuo meil\u0117s knygoms ir siekio i\u0161gelb\u0117ti knygas nuo likimo prie konteinerio. Kas vienam nereikalingas daiktas \u2013 kitam lobis, o mes esame tarpininkai, kurie padeda abiems tapti laimingesniems ???? \u017dinome kaip nelengva i\u0161gyventi ma\u017eiems verslams, tad nuo \u0161iol, \u010dia rasite ir kit\u0173, ma\u017e\u0173 \u0161eim\u0173 versl\u0173, rank\u0173 darbo, dovan\u0173 sau ir artimiesiems.","publisher":{"@id":"https:\/\/skaitytaknyga.lt\/#organization"},"potentialAction":[{"@type":"SearchAction","target":{"@type":"EntryPoint","urlTemplate":"https:\/\/skaitytaknyga.lt\/?s={search_term_string}"},"query-input":{"@type":"PropertyValueSpecification","valueRequired":true,"valueName":"search_term_string"}}],"inLanguage":"en-GB"},{"@type":"Organization","@id":"https:\/\/skaitytaknyga.lt\/#organization","name":"skaitytaknyga.lt","url":"https:\/\/skaitytaknyga.lt\/","logo":{"@type":"ImageObject","inLanguage":"en-GB","@id":"https:\/\/skaitytaknyga.lt\/#\/schema\/logo\/image\/","url":"https:\/\/skaitytaknyga.lt\/wp-content\/uploads\/2024\/05\/cropped-cropped-cropped-02_00843_jt3bggkj1j3HLc7SyY6rEUpg.jpeg","contentUrl":"https:\/\/skaitytaknyga.lt\/wp-content\/uploads\/2024\/05\/cropped-cropped-cropped-02_00843_jt3bggkj1j3HLc7SyY6rEUpg.jpeg","width":1600,"height":1600,"caption":"skaitytaknyga.lt"},"image":{"@id":"https:\/\/skaitytaknyga.lt\/#\/schema\/logo\/image\/"},"sameAs":["https:\/\/www.facebook.com\/skaitytaknyga\/"]}]}},"_links":{"self":[{"href":"https:\/\/skaitytaknyga.lt\/en\/wp-json\/wp\/v2\/product\/22002","targetHints":{"allow":["GET"]}}],"collection":[{"href":"https:\/\/skaitytaknyga.lt\/en\/wp-json\/wp\/v2\/product"}],"about":[{"href":"https:\/\/skaitytaknyga.lt\/en\/wp-json\/wp\/v2\/types\/product"}],"replies":[{"embeddable":true,"href":"https:\/\/skaitytaknyga.lt\/en\/wp-json\/wp\/v2\/comments?post=22002"}],"wp:featuredmedia":[{"embeddable":true,"href":"https:\/\/skaitytaknyga.lt\/en\/wp-json\/wp\/v2\/media\/22044"}],"wp:attachment":[{"href":"https:\/\/skaitytaknyga.lt\/en\/wp-json\/wp\/v2\/media?parent=22002"}],"wp:term":[{"taxonomy":"product_brand","embeddable":true,"href":"https:\/\/skaitytaknyga.lt\/en\/wp-json\/wp\/v2\/product_brand?post=22002"},{"taxonomy":"product_cat","embeddable":true,"href":"https:\/\/skaitytaknyga.lt\/en\/wp-json\/wp\/v2\/product_cat?post=22002"},{"taxonomy":"product_tag","embeddable":true,"href":"https:\/\/skaitytaknyga.lt\/en\/wp-json\/wp\/v2\/product_tag?post=22002"}],"curies":[{"name":"wp","href":"https:\/\/api.w.org\/{rel}","templated":true}]}}