{"id":22001,"date":"2025-11-17T09:51:37","date_gmt":"2025-11-17T07:51:37","guid":{"rendered":"https:\/\/skaitytaknyga.lt\/?post_type=product&#038;p=22001"},"modified":"2025-11-23T12:36:21","modified_gmt":"2025-11-23T10:36:21","slug":"kaukiantis-malunininkas","status":"publish","type":"product","link":"https:\/\/skaitytaknyga.lt\/en\/produktas\/kaukiantis-malunininkas\/","title":{"rendered":"Kaukiantis mal\u016bnininkas"},"content":{"rendered":"<p>\u201eKaukiantis mal\u016bnininkas\u201c (1981) \u2013 a\u0161tuntas Paasilinnos romanas, i\u0161verstas \u012f daugiau kaip 20 u\u017esienio kalb\u0173, pagal j\u012f pastatytas to paties pavadinimo vaidybinis filmas. Pagrindinis romano veik\u0117jas Gunaras Hutunenas \u2013 \u201esutrikusios motorikos, bet auksini\u0173 rank\u0173\u201c keistuolis. Pasibaigus Antrajam pasauliniam karui jis atvyksta \u012f kaimel\u012f Suomijos \u0161iaur\u0117je, ten nusiperka ir naujam gyvenimui prikelia seniai nebenaudojam\u0105 mal\u016bn\u0105.<\/p>\n<p>\u017demdirbyst\u0117s b\u016brelio patar\u0117jos \u2013 mylimosios \u2013 padedamas u\u017eveisia dar\u017eovi\u0173, mala avi\u017einius miltus, tetervino sparnu apsi\u0161luoja namus, tad, regis, gyvent\u0173 kaip \u201enormalus\u201c \u017emogus&#8230; Jei ne keistas Gunaro b\u016bdas, i\u0161skiriantis j\u012f i\u0161 tenyk\u0161\u010di\u0173: vis nei\u0161tveria neu\u017ekauk\u0119s \u2013 tai m\u0117gd\u017eiodamas laukinius gyv\u016bnus ir linksmindamas miestelio gyventojus, tai i\u0161 vienatv\u0117s, tai s\u0117km\u0119 \u012ftvirtindamas, tai negal\u0117damas neprisid\u0117ti prie ba\u017enytini\u0173 giesmi\u0173&#8230;<\/p>\n<p>Apie autori\u0173<\/p>\n<p>Ra\u0161ytojas ir publicistas Arto Tapio Paasilinna (gim. 1942 m. Laplandijoje) \u2013 \u201eironi\u0161kasis ekofilosofas\u201c \u2013 bene \u017einomiausias suomis romanistas tiek pa\u010dioje Suomijoje, tiek u\u017e jos rib\u0173. Paasilinnos k\u016briniai, alsuojantys asmenin\u0117s laisv\u0117s ir nepaliestos gamtos ilgesiu, tarsi Laplandijos \u0161alna nukloti bergmani\u0161ko ni\u016braus linksmumo. Romanai i\u0161versti \u012f daugiau nei 40 pasaulio kalb\u0173. Ra\u0161ytojui suteiktas Suomijos nacionalinis kult\u016bros apdovanojimas.<\/p>\n","protected":false},"excerpt":{"rendered":"<p>\u201eKaukiantis mal\u016bnininkas\u201c (1981) \u2013 a\u0161tuntas Paasilinnos romanas, i\u0161verstas \u012f daugiau kaip 20 u\u017esienio kalb\u0173, pagal j\u012f pastatytas to paties pavadinimo vaidybinis filmas. Pagrindinis romano veik\u0117jas Gunaras Hutunenas \u2013 \u201esutrikusios motorikos, bet auksini\u0173 rank\u0173\u201c keistuolis. Pasibaigus Antrajam pasauliniam karui jis atvyksta \u012f kaimel\u012f Suomijos \u0161iaur\u0117je, ten nusiperka ir naujam gyvenimui prikelia seniai nebenaudojam\u0105 mal\u016bn\u0105. \u017demdirbyst\u0117s b\u016brelio patar\u0117jos \u2013 mylimosios \u2013 padedamas u\u017eveisia dar\u017eovi\u0173, mala avi\u017einius miltus, tetervino sparnu apsi\u0161luoja namus, tad, regis, gyvent\u0173 kaip \u201enormalus\u201c \u017emogus&#8230; Jei ne keistas Gunaro b\u016bdas, i\u0161skiriantis j\u012f i\u0161 tenyk\u0161\u010di\u0173: vis nei\u0161tveria neu\u017ekauk\u0119s \u2013 tai m\u0117gd\u017eiodamas laukinius gyv\u016bnus ir linksmindamas miestelio gyventojus, tai i\u0161 vienatv\u0117s, tai s\u0117km\u0119 \u012ftvirtindamas, tai negal\u0117damas neprisid\u0117ti prie ba\u017enytini\u0173 giesmi\u0173&#8230; Apie autori\u0173 Ra\u0161ytojas ir publicistas Arto Tapio Paasilinna (gim. 1942 m. Laplandijoje) \u2013 \u201eironi\u0161kasis ekofilosofas\u201c \u2013 bene \u017einomiausias suomis romanistas tiek pa\u010dioje Suomijoje, tiek u\u017e jos rib\u0173. Paasilinnos k\u016briniai, alsuojantys asmenin\u0117s laisv\u0117s ir nepaliestos gamtos ilgesiu, tarsi Laplandijos \u0161alna nukloti bergmani\u0161ko ni\u016braus linksmumo. Romanai i\u0161versti \u012f daugiau nei 40 pasaulio kalb\u0173. Ra\u0161ytojui suteiktas Suomijos nacionalinis kult\u016bros apdovanojimas.<\/p>\n","protected":false},"featured_media":22047,"comment_status":"open","ping_status":"closed","template":"","meta":{"_acf_changed":false,"site-sidebar-layout":"default","site-content-layout":"","ast-site-content-layout":"default","site-content-style":"default","site-sidebar-style":"default","ast-global-header-display":"","ast-banner-title-visibility":"","ast-main-header-display":"","ast-hfb-above-header-display":"","ast-hfb-below-header-display":"","ast-hfb-mobile-header-display":"","site-post-title":"","ast-breadcrumbs-content":"","ast-featured-img":"","footer-sml-layout":"","ast-disable-related-posts":"","theme-transparent-header-meta":"","adv-header-id-meta":"","stick-header-meta":"","header-above-stick-meta":"","header-main-stick-meta":"","header-below-stick-meta":"","astra-migrate-meta-layouts":"default","ast-page-background-enabled":"default","ast-page-background-meta":{"desktop":{"background-color":"","background-image":"","background-repeat":"repeat","background-position":"center center","background-size":"auto","background-attachment":"scroll","background-type":"","background-media":"","overlay-type":"","overlay-color":"","overlay-opacity":"","overlay-gradient":""},"tablet":{"background-color":"","background-image":"","background-repeat":"repeat","background-position":"center center","background-size":"auto","background-attachment":"scroll","background-type":"","background-media":"","overlay-type":"","overlay-color":"","overlay-opacity":"","overlay-gradient":""},"mobile":{"background-color":"","background-image":"","background-repeat":"repeat","background-position":"center center","background-size":"auto","background-attachment":"scroll","background-type":"","background-media":"","overlay-type":"","overlay-color":"","overlay-opacity":"","overlay-gradient":""}},"ast-content-background-meta":{"desktop":{"background-color":"var(--ast-global-color-4)","background-image":"","background-repeat":"repeat","background-position":"center center","background-size":"auto","background-attachment":"scroll","background-type":"","background-media":"","overlay-type":"","overlay-color":"","overlay-opacity":"","overlay-gradient":""},"tablet":{"background-color":"var(--ast-global-color-4)","background-image":"","background-repeat":"repeat","background-position":"center center","background-size":"auto","background-attachment":"scroll","background-type":"","background-media":"","overlay-type":"","overlay-color":"","overlay-opacity":"","overlay-gradient":""},"mobile":{"background-color":"var(--ast-global-color-4)","background-image":"","background-repeat":"repeat","background-position":"center center","background-size":"auto","background-attachment":"scroll","background-type":"","background-media":"","overlay-type":"","overlay-color":"","overlay-opacity":"","overlay-gradient":""}}},"product_brand":[],"product_cat":[31],"product_tag":[],"class_list":{"0":"post-22001","1":"product","2":"type-product","3":"status-publish","4":"has-post-thumbnail","6":"product_cat-grozine-literatura","7":"desktop-align-left","8":"tablet-align-left","9":"mobile-align-left","11":"first","12":"instock","13":"shipping-taxable","14":"purchasable","15":"product-type-simple"},"acf":[],"yoast_head":"<!-- This site is optimized with the Yoast SEO plugin v27.0 - https:\/\/yoast.com\/product\/yoast-seo-wordpress\/ -->\n<title>Kaukiantis mal\u016bnininkas<\/title>\n<meta name=\"description\" content=\"\u201eKaukiantis mal\u016bnininkas\u201c (1981) \u2013 a\u0161tuntas Paasilinnos romanas, i\u0161verstas \u012f daugiau kaip 20 u\u017esienio kalb\u0173, pagal j\u012f pastatytas to paties pavadinimo\" \/>\n<meta name=\"robots\" content=\"index, follow, max-snippet:-1, max-image-preview:large, max-video-preview:-1\" \/>\n<link rel=\"canonical\" href=\"https:\/\/skaitytaknyga.lt\/en\/produktas\/kaukiantis-malunininkas\/\" \/>\n<meta property=\"og:locale\" content=\"en_GB\" \/>\n<meta property=\"og:locale:alternate\" content=\"lt_LT\" \/>\n<meta property=\"og:type\" content=\"article\" \/>\n<meta property=\"og:title\" content=\"Kaukiantis mal\u016bnininkas\" \/>\n<meta property=\"og:description\" content=\"\u201eKaukiantis mal\u016bnininkas\u201c (1981) \u2013 a\u0161tuntas Paasilinnos romanas, i\u0161verstas \u012f daugiau kaip 20 u\u017esienio kalb\u0173, pagal j\u012f pastatytas to paties pavadinimo\" \/>\n<meta property=\"og:url\" content=\"https:\/\/skaitytaknyga.lt\/en\/produktas\/kaukiantis-malunininkas\/\" \/>\n<meta property=\"og:site_name\" content=\"Skaitytaknyga\" \/>\n<meta property=\"article:publisher\" content=\"https:\/\/www.facebook.com\/skaitytaknyga\/\" \/>\n<meta property=\"article:modified_time\" content=\"2025-11-23T10:36:21+00:00\" \/>\n<meta property=\"og:image\" content=\"https:\/\/skaitytaknyga.lt\/wp-content\/uploads\/2025\/11\/Kaukiantis-malunininkas.jpg\" \/>\n\t<meta property=\"og:image:width\" content=\"300\" \/>\n\t<meta property=\"og:image:height\" content=\"444\" \/>\n\t<meta property=\"og:image:type\" content=\"image\/jpeg\" \/>\n<meta name=\"twitter:card\" content=\"summary_large_image\" \/>\n<meta name=\"twitter:label1\" content=\"Estimated reading time\" \/>\n\t<meta name=\"twitter:data1\" content=\"1 minute\" \/>\n<script type=\"application\/ld+json\" class=\"yoast-schema-graph\">{\"@context\":\"https:\/\/schema.org\",\"@graph\":[{\"@type\":\"WebPage\",\"@id\":\"https:\/\/skaitytaknyga.lt\/produktas\/kaukiantis-malunininkas\/\",\"url\":\"https:\/\/skaitytaknyga.lt\/produktas\/kaukiantis-malunininkas\/\",\"name\":\"Kaukiantis mal\u016bnininkas\",\"isPartOf\":{\"@id\":\"https:\/\/skaitytaknyga.lt\/#website\"},\"primaryImageOfPage\":{\"@id\":\"https:\/\/skaitytaknyga.lt\/produktas\/kaukiantis-malunininkas\/#primaryimage\"},\"image\":{\"@id\":\"https:\/\/skaitytaknyga.lt\/produktas\/kaukiantis-malunininkas\/#primaryimage\"},\"thumbnailUrl\":\"https:\/\/skaitytaknyga.lt\/wp-content\/uploads\/2025\/11\/Kaukiantis-malunininkas.jpg\",\"datePublished\":\"2025-11-17T07:51:37+00:00\",\"dateModified\":\"2025-11-23T10:36:21+00:00\",\"description\":\"\u201eKaukiantis mal\u016bnininkas\u201c (1981) \u2013 a\u0161tuntas Paasilinnos romanas, i\u0161verstas \u012f daugiau kaip 20 u\u017esienio kalb\u0173, pagal j\u012f pastatytas to paties pavadinimo\",\"breadcrumb\":{\"@id\":\"https:\/\/skaitytaknyga.lt\/produktas\/kaukiantis-malunininkas\/#breadcrumb\"},\"inLanguage\":\"en-GB\",\"potentialAction\":[{\"@type\":\"ReadAction\",\"target\":[\"https:\/\/skaitytaknyga.lt\/produktas\/kaukiantis-malunininkas\/\"]}]},{\"@type\":\"ImageObject\",\"inLanguage\":\"en-GB\",\"@id\":\"https:\/\/skaitytaknyga.lt\/produktas\/kaukiantis-malunininkas\/#primaryimage\",\"url\":\"https:\/\/skaitytaknyga.lt\/wp-content\/uploads\/2025\/11\/Kaukiantis-malunininkas.jpg\",\"contentUrl\":\"https:\/\/skaitytaknyga.lt\/wp-content\/uploads\/2025\/11\/Kaukiantis-malunininkas.jpg\",\"width\":300,\"height\":444,\"caption\":\"Kaukiantis mal\u016bnininkas\"},{\"@type\":\"BreadcrumbList\",\"@id\":\"https:\/\/skaitytaknyga.lt\/produktas\/kaukiantis-malunininkas\/#breadcrumb\",\"itemListElement\":[{\"@type\":\"ListItem\",\"position\":1,\"name\":\"Home\",\"item\":\"https:\/\/skaitytaknyga.lt\/\"},{\"@type\":\"ListItem\",\"position\":2,\"name\":\"Parduotuv\u0117\",\"item\":\"https:\/\/skaitytaknyga.lt\/knygu-parduotuve\/\"},{\"@type\":\"ListItem\",\"position\":3,\"name\":\"Kaukiantis mal\u016bnininkas\"}]},{\"@type\":\"WebSite\",\"@id\":\"https:\/\/skaitytaknyga.lt\/#website\",\"url\":\"https:\/\/skaitytaknyga.lt\/\",\"name\":\"skaitytaknyga.lt\",\"description\":\"Skaitytaknyga.lt \u2013 tai ma\u017eas \u0161eimos verslas, kuris prasid\u0117jo nuo meil\u0117s knygoms ir siekio i\u0161gelb\u0117ti knygas nuo likimo prie konteinerio. Kas vienam nereikalingas daiktas \u2013 kitam lobis, o mes esame tarpininkai, kurie padeda abiems tapti laimingesniems ???? \u017dinome kaip nelengva i\u0161gyventi ma\u017eiems verslams, tad nuo \u0161iol, \u010dia rasite ir kit\u0173, ma\u017e\u0173 \u0161eim\u0173 versl\u0173, rank\u0173 darbo, dovan\u0173 sau ir artimiesiems.\",\"publisher\":{\"@id\":\"https:\/\/skaitytaknyga.lt\/#organization\"},\"potentialAction\":[{\"@type\":\"SearchAction\",\"target\":{\"@type\":\"EntryPoint\",\"urlTemplate\":\"https:\/\/skaitytaknyga.lt\/?s={search_term_string}\"},\"query-input\":{\"@type\":\"PropertyValueSpecification\",\"valueRequired\":true,\"valueName\":\"search_term_string\"}}],\"inLanguage\":\"en-GB\"},{\"@type\":\"Organization\",\"@id\":\"https:\/\/skaitytaknyga.lt\/#organization\",\"name\":\"skaitytaknyga.lt\",\"url\":\"https:\/\/skaitytaknyga.lt\/\",\"logo\":{\"@type\":\"ImageObject\",\"inLanguage\":\"en-GB\",\"@id\":\"https:\/\/skaitytaknyga.lt\/#\/schema\/logo\/image\/\",\"url\":\"https:\/\/skaitytaknyga.lt\/wp-content\/uploads\/2024\/05\/cropped-cropped-cropped-02_00843_jt3bggkj1j3HLc7SyY6rEUpg.jpeg\",\"contentUrl\":\"https:\/\/skaitytaknyga.lt\/wp-content\/uploads\/2024\/05\/cropped-cropped-cropped-02_00843_jt3bggkj1j3HLc7SyY6rEUpg.jpeg\",\"width\":1600,\"height\":1600,\"caption\":\"skaitytaknyga.lt\"},\"image\":{\"@id\":\"https:\/\/skaitytaknyga.lt\/#\/schema\/logo\/image\/\"},\"sameAs\":[\"https:\/\/www.facebook.com\/skaitytaknyga\/\"]}]}<\/script>\n<!-- \/ Yoast SEO plugin. -->","yoast_head_json":{"title":"Kaukiantis mal\u016bnininkas","description":"\u201eKaukiantis mal\u016bnininkas\u201c (1981) \u2013 a\u0161tuntas Paasilinnos romanas, i\u0161verstas \u012f daugiau kaip 20 u\u017esienio kalb\u0173, pagal j\u012f pastatytas to paties pavadinimo","robots":{"index":"index","follow":"follow","max-snippet":"max-snippet:-1","max-image-preview":"max-image-preview:large","max-video-preview":"max-video-preview:-1"},"canonical":"https:\/\/skaitytaknyga.lt\/en\/produktas\/kaukiantis-malunininkas\/","og_locale":"en_GB","og_type":"article","og_title":"[:lt]Kaukiantis mal\u016bnininkas[:] - Skaitytaknyga","og_description":"\u201eKaukiantis mal\u016bnininkas\u201c (1981) \u2013 a\u0161tuntas Paasilinnos romanas, i\u0161verstas \u012f daugiau kaip 20 u\u017esienio kalb\u0173, pagal j\u012f pastatytas to paties pavadinimo","og_url":"https:\/\/skaitytaknyga.lt\/en\/produktas\/kaukiantis-malunininkas\/","og_site_name":"Skaitytaknyga","article_publisher":"https:\/\/www.facebook.com\/skaitytaknyga\/","article_modified_time":"2025-11-23T10:36:21+00:00","og_image":[{"width":300,"height":444,"url":"https:\/\/skaitytaknyga.lt\/wp-content\/uploads\/2025\/11\/Kaukiantis-malunininkas.jpg","type":"image\/jpeg"}],"twitter_card":"summary_large_image","twitter_misc":{"Estimated reading time":"1 minute"},"schema":{"@context":"https:\/\/schema.org","@graph":[{"@type":"WebPage","@id":"https:\/\/skaitytaknyga.lt\/produktas\/kaukiantis-malunininkas\/","url":"https:\/\/skaitytaknyga.lt\/produktas\/kaukiantis-malunininkas\/","name":"Kaukiantis mal\u016bnininkas","isPartOf":{"@id":"https:\/\/skaitytaknyga.lt\/#website"},"primaryImageOfPage":{"@id":"https:\/\/skaitytaknyga.lt\/produktas\/kaukiantis-malunininkas\/#primaryimage"},"image":{"@id":"https:\/\/skaitytaknyga.lt\/produktas\/kaukiantis-malunininkas\/#primaryimage"},"thumbnailUrl":"https:\/\/skaitytaknyga.lt\/wp-content\/uploads\/2025\/11\/Kaukiantis-malunininkas.jpg","datePublished":"2025-11-17T07:51:37+00:00","dateModified":"2025-11-23T10:36:21+00:00","description":"\u201eKaukiantis mal\u016bnininkas\u201c (1981) \u2013 a\u0161tuntas Paasilinnos romanas, i\u0161verstas \u012f daugiau kaip 20 u\u017esienio kalb\u0173, pagal j\u012f pastatytas to paties pavadinimo","breadcrumb":{"@id":"https:\/\/skaitytaknyga.lt\/produktas\/kaukiantis-malunininkas\/#breadcrumb"},"inLanguage":"en-GB","potentialAction":[{"@type":"ReadAction","target":["https:\/\/skaitytaknyga.lt\/produktas\/kaukiantis-malunininkas\/"]}]},{"@type":"ImageObject","inLanguage":"en-GB","@id":"https:\/\/skaitytaknyga.lt\/produktas\/kaukiantis-malunininkas\/#primaryimage","url":"https:\/\/skaitytaknyga.lt\/wp-content\/uploads\/2025\/11\/Kaukiantis-malunininkas.jpg","contentUrl":"https:\/\/skaitytaknyga.lt\/wp-content\/uploads\/2025\/11\/Kaukiantis-malunininkas.jpg","width":300,"height":444,"caption":"Kaukiantis mal\u016bnininkas"},{"@type":"BreadcrumbList","@id":"https:\/\/skaitytaknyga.lt\/produktas\/kaukiantis-malunininkas\/#breadcrumb","itemListElement":[{"@type":"ListItem","position":1,"name":"Home","item":"https:\/\/skaitytaknyga.lt\/"},{"@type":"ListItem","position":2,"name":"Parduotuv\u0117","item":"https:\/\/skaitytaknyga.lt\/knygu-parduotuve\/"},{"@type":"ListItem","position":3,"name":"Kaukiantis mal\u016bnininkas"}]},{"@type":"WebSite","@id":"https:\/\/skaitytaknyga.lt\/#website","url":"https:\/\/skaitytaknyga.lt\/","name":"skaitytaknyga.lt","description":"Skaitytaknyga.lt \u2013 tai ma\u017eas \u0161eimos verslas, kuris prasid\u0117jo nuo meil\u0117s knygoms ir siekio i\u0161gelb\u0117ti knygas nuo likimo prie konteinerio. Kas vienam nereikalingas daiktas \u2013 kitam lobis, o mes esame tarpininkai, kurie padeda abiems tapti laimingesniems ???? \u017dinome kaip nelengva i\u0161gyventi ma\u017eiems verslams, tad nuo \u0161iol, \u010dia rasite ir kit\u0173, ma\u017e\u0173 \u0161eim\u0173 versl\u0173, rank\u0173 darbo, dovan\u0173 sau ir artimiesiems.","publisher":{"@id":"https:\/\/skaitytaknyga.lt\/#organization"},"potentialAction":[{"@type":"SearchAction","target":{"@type":"EntryPoint","urlTemplate":"https:\/\/skaitytaknyga.lt\/?s={search_term_string}"},"query-input":{"@type":"PropertyValueSpecification","valueRequired":true,"valueName":"search_term_string"}}],"inLanguage":"en-GB"},{"@type":"Organization","@id":"https:\/\/skaitytaknyga.lt\/#organization","name":"skaitytaknyga.lt","url":"https:\/\/skaitytaknyga.lt\/","logo":{"@type":"ImageObject","inLanguage":"en-GB","@id":"https:\/\/skaitytaknyga.lt\/#\/schema\/logo\/image\/","url":"https:\/\/skaitytaknyga.lt\/wp-content\/uploads\/2024\/05\/cropped-cropped-cropped-02_00843_jt3bggkj1j3HLc7SyY6rEUpg.jpeg","contentUrl":"https:\/\/skaitytaknyga.lt\/wp-content\/uploads\/2024\/05\/cropped-cropped-cropped-02_00843_jt3bggkj1j3HLc7SyY6rEUpg.jpeg","width":1600,"height":1600,"caption":"skaitytaknyga.lt"},"image":{"@id":"https:\/\/skaitytaknyga.lt\/#\/schema\/logo\/image\/"},"sameAs":["https:\/\/www.facebook.com\/skaitytaknyga\/"]}]}},"_links":{"self":[{"href":"https:\/\/skaitytaknyga.lt\/en\/wp-json\/wp\/v2\/product\/22001","targetHints":{"allow":["GET"]}}],"collection":[{"href":"https:\/\/skaitytaknyga.lt\/en\/wp-json\/wp\/v2\/product"}],"about":[{"href":"https:\/\/skaitytaknyga.lt\/en\/wp-json\/wp\/v2\/types\/product"}],"replies":[{"embeddable":true,"href":"https:\/\/skaitytaknyga.lt\/en\/wp-json\/wp\/v2\/comments?post=22001"}],"wp:featuredmedia":[{"embeddable":true,"href":"https:\/\/skaitytaknyga.lt\/en\/wp-json\/wp\/v2\/media\/22047"}],"wp:attachment":[{"href":"https:\/\/skaitytaknyga.lt\/en\/wp-json\/wp\/v2\/media?parent=22001"}],"wp:term":[{"taxonomy":"product_brand","embeddable":true,"href":"https:\/\/skaitytaknyga.lt\/en\/wp-json\/wp\/v2\/product_brand?post=22001"},{"taxonomy":"product_cat","embeddable":true,"href":"https:\/\/skaitytaknyga.lt\/en\/wp-json\/wp\/v2\/product_cat?post=22001"},{"taxonomy":"product_tag","embeddable":true,"href":"https:\/\/skaitytaknyga.lt\/en\/wp-json\/wp\/v2\/product_tag?post=22001"}],"curies":[{"name":"wp","href":"https:\/\/api.w.org\/{rel}","templated":true}]}}