{"id":21991,"date":"2025-11-13T20:46:15","date_gmt":"2025-11-13T18:46:15","guid":{"rendered":"https:\/\/skaitytaknyga.lt\/?post_type=product&#038;p=21991"},"modified":"2025-11-23T12:36:21","modified_gmt":"2025-11-23T10:36:21","slug":"o-paskui","status":"publish","type":"product","link":"https:\/\/skaitytaknyga.lt\/en\/produktas\/o-paskui\/","title":{"rendered":"O paskui&#8230;"},"content":{"rendered":"<p>B\u016bdamas a\u0161tuoneri\u0173, Natanas \u012f\u017eeng\u0117 \u012f \u0161vies\u0173 tunel\u012f, vedant\u012f mirties link: nerdamas \u012f e\u017eer\u0105 gelb\u0117ti mergait\u0117s, pats \u0117m\u0117 sk\u0119sti, jo \u0161irdis sustojo, i\u0161tiko klinikin\u0117 mirtis. Ta\u010diau per stebukl\u0105 berniuk\u0105 pavyko gr\u0105\u017einti \u012f gyv\u0173j\u0173 pasaul\u012f.<\/p>\n<p>Po dvide\u0161imties met\u0173 Natanas tapo vienu geriausi\u0173 Niujorko advokat\u0173, o atsitikim\u0105 e\u017eere visi\u0161kai pamir\u0161o. Jis netgi ved\u0117 e\u017eere i\u0161gelb\u0117t\u0105 mergait\u0119 Melor\u0119, dabar taip mylim\u0105 moter\u012f, kuri j\u012f paliko, bet kurios jis be galo ilgisi&#8230; Ta\u010diau Natanas ne\u017eino, kad gr\u012f\u017eusieji i\u0161 anapus neb\u0117ra tokie patys, kokie buvo prie\u0161 ten patekdami. \u0160iandien, kai jis yra garsus ir kai taip sekasi, jam bus lemta su\u017einoti, kod\u0117l t\u0105kart gr\u012f\u017eo.<\/p>\n<p>Ar jis vis dar toks pat \u017emogus kaip visi?<\/p>\n<p>Meil\u0117s ir \u012ftempto laukimo istorija, kelion\u0117 \u012f ne\u017einomyb\u0119 perskaitoma vienu atokv\u0117piu, ver\u010diant puslap\u012f po puslapio, nekantriai laukiant t\u0119sinio.<\/p>\n<p>G. Musso romane persipina emocijos ir paslaptis, ie\u0161kant atsakymo \u012f vien\u0105 svarbiausi\u0173 kiekvienam \u017emogui klausim\u0173: kod\u0117l mes \u010dia esame?<\/p>\n","protected":false},"excerpt":{"rendered":"<p>B\u016bdamas a\u0161tuoneri\u0173, Natanas \u012f\u017eeng\u0117 \u012f \u0161vies\u0173 tunel\u012f, vedant\u012f mirties link: nerdamas \u012f e\u017eer\u0105 gelb\u0117ti mergait\u0117s, pats \u0117m\u0117 sk\u0119sti, jo \u0161irdis sustojo, i\u0161tiko klinikin\u0117 mirtis. Ta\u010diau per stebukl\u0105 berniuk\u0105 pavyko gr\u0105\u017einti \u012f gyv\u0173j\u0173 pasaul\u012f. Po dvide\u0161imties met\u0173 Natanas tapo vienu geriausi\u0173 Niujorko advokat\u0173, o atsitikim\u0105 e\u017eere visi\u0161kai pamir\u0161o. Jis netgi ved\u0117 e\u017eere i\u0161gelb\u0117t\u0105 mergait\u0119 Melor\u0119, dabar taip mylim\u0105 moter\u012f, kuri j\u012f paliko, bet kurios jis be galo ilgisi&#8230; Ta\u010diau Natanas ne\u017eino, kad gr\u012f\u017eusieji i\u0161 anapus neb\u0117ra tokie patys, kokie buvo prie\u0161 ten patekdami. \u0160iandien, kai jis yra garsus ir kai taip sekasi, jam bus lemta su\u017einoti, kod\u0117l t\u0105kart gr\u012f\u017eo. Ar jis vis dar toks pat \u017emogus kaip visi? Meil\u0117s ir \u012ftempto laukimo istorija, kelion\u0117 \u012f ne\u017einomyb\u0119 perskaitoma vienu atokv\u0117piu, ver\u010diant puslap\u012f po puslapio, nekantriai laukiant t\u0119sinio. G. Musso romane persipina emocijos ir paslaptis, ie\u0161kant atsakymo \u012f vien\u0105 svarbiausi\u0173 kiekvienam \u017emogui klausim\u0173: kod\u0117l mes \u010dia esame?<\/p>\n","protected":false},"featured_media":22050,"comment_status":"open","ping_status":"closed","template":"","meta":{"_acf_changed":false,"site-sidebar-layout":"default","site-content-layout":"","ast-site-content-layout":"default","site-content-style":"default","site-sidebar-style":"default","ast-global-header-display":"","ast-banner-title-visibility":"","ast-main-header-display":"","ast-hfb-above-header-display":"","ast-hfb-below-header-display":"","ast-hfb-mobile-header-display":"","site-post-title":"","ast-breadcrumbs-content":"","ast-featured-img":"","footer-sml-layout":"","ast-disable-related-posts":"","theme-transparent-header-meta":"","adv-header-id-meta":"","stick-header-meta":"","header-above-stick-meta":"","header-main-stick-meta":"","header-below-stick-meta":"","astra-migrate-meta-layouts":"default","ast-page-background-enabled":"default","ast-page-background-meta":{"desktop":{"background-color":"","background-image":"","background-repeat":"repeat","background-position":"center center","background-size":"auto","background-attachment":"scroll","background-type":"","background-media":"","overlay-type":"","overlay-color":"","overlay-opacity":"","overlay-gradient":""},"tablet":{"background-color":"","background-image":"","background-repeat":"repeat","background-position":"center center","background-size":"auto","background-attachment":"scroll","background-type":"","background-media":"","overlay-type":"","overlay-color":"","overlay-opacity":"","overlay-gradient":""},"mobile":{"background-color":"","background-image":"","background-repeat":"repeat","background-position":"center center","background-size":"auto","background-attachment":"scroll","background-type":"","background-media":"","overlay-type":"","overlay-color":"","overlay-opacity":"","overlay-gradient":""}},"ast-content-background-meta":{"desktop":{"background-color":"var(--ast-global-color-4)","background-image":"","background-repeat":"repeat","background-position":"center center","background-size":"auto","background-attachment":"scroll","background-type":"","background-media":"","overlay-type":"","overlay-color":"","overlay-opacity":"","overlay-gradient":""},"tablet":{"background-color":"var(--ast-global-color-4)","background-image":"","background-repeat":"repeat","background-position":"center center","background-size":"auto","background-attachment":"scroll","background-type":"","background-media":"","overlay-type":"","overlay-color":"","overlay-opacity":"","overlay-gradient":""},"mobile":{"background-color":"var(--ast-global-color-4)","background-image":"","background-repeat":"repeat","background-position":"center center","background-size":"auto","background-attachment":"scroll","background-type":"","background-media":"","overlay-type":"","overlay-color":"","overlay-opacity":"","overlay-gradient":""}}},"product_brand":[],"product_cat":[31],"product_tag":[],"class_list":{"0":"post-21991","1":"product","2":"type-product","3":"status-publish","4":"has-post-thumbnail","6":"product_cat-grozine-literatura","7":"desktop-align-left","8":"tablet-align-left","9":"mobile-align-left","11":"first","12":"instock","13":"shipping-taxable","14":"purchasable","15":"product-type-simple"},"acf":[],"yoast_head":"<!-- This site is optimized with the Yoast SEO plugin v27.0 - https:\/\/yoast.com\/product\/yoast-seo-wordpress\/ -->\n<title>O paskui...<\/title>\n<meta name=\"description\" content=\"B\u016bdamas a\u0161tuoneri\u0173, Natanas \u012f\u017eeng\u0117 \u012f \u0161vies\u0173 tunel\u012f, vedant\u012f mirties link: nerdamas \u012f e\u017eer\u0105 gelb\u0117ti mergait\u0117s, pats \u0117m\u0117 sk\u0119sti, jo \u0161irdis sustojo, i\u0161tiko\" \/>\n<meta name=\"robots\" content=\"index, follow, max-snippet:-1, max-image-preview:large, max-video-preview:-1\" \/>\n<link rel=\"canonical\" href=\"https:\/\/skaitytaknyga.lt\/en\/produktas\/o-paskui\/\" \/>\n<meta property=\"og:locale\" content=\"en_GB\" \/>\n<meta property=\"og:locale:alternate\" content=\"lt_LT\" \/>\n<meta property=\"og:type\" content=\"article\" \/>\n<meta property=\"og:title\" content=\"O paskui...\" \/>\n<meta property=\"og:description\" content=\"B\u016bdamas a\u0161tuoneri\u0173, Natanas \u012f\u017eeng\u0117 \u012f \u0161vies\u0173 tunel\u012f, vedant\u012f mirties link: nerdamas \u012f e\u017eer\u0105 gelb\u0117ti mergait\u0117s, pats \u0117m\u0117 sk\u0119sti, jo \u0161irdis sustojo, i\u0161tiko\" \/>\n<meta property=\"og:url\" content=\"https:\/\/skaitytaknyga.lt\/en\/produktas\/o-paskui\/\" \/>\n<meta property=\"og:site_name\" content=\"Skaitytaknyga\" \/>\n<meta property=\"article:publisher\" content=\"https:\/\/www.facebook.com\/skaitytaknyga\/\" \/>\n<meta property=\"article:modified_time\" content=\"2025-11-23T10:36:21+00:00\" \/>\n<meta property=\"og:image\" content=\"https:\/\/skaitytaknyga.lt\/wp-content\/uploads\/2025\/11\/O-paskui.jpg\" \/>\n\t<meta property=\"og:image:width\" content=\"300\" \/>\n\t<meta property=\"og:image:height\" content=\"509\" \/>\n\t<meta property=\"og:image:type\" content=\"image\/jpeg\" \/>\n<meta name=\"twitter:card\" content=\"summary_large_image\" \/>\n<meta name=\"twitter:label1\" content=\"Estimated reading time\" \/>\n\t<meta name=\"twitter:data1\" content=\"1 minute\" \/>\n<script type=\"application\/ld+json\" class=\"yoast-schema-graph\">{\"@context\":\"https:\/\/schema.org\",\"@graph\":[{\"@type\":\"WebPage\",\"@id\":\"https:\/\/skaitytaknyga.lt\/produktas\/o-paskui\/\",\"url\":\"https:\/\/skaitytaknyga.lt\/produktas\/o-paskui\/\",\"name\":\"O paskui...\",\"isPartOf\":{\"@id\":\"https:\/\/skaitytaknyga.lt\/#website\"},\"primaryImageOfPage\":{\"@id\":\"https:\/\/skaitytaknyga.lt\/produktas\/o-paskui\/#primaryimage\"},\"image\":{\"@id\":\"https:\/\/skaitytaknyga.lt\/produktas\/o-paskui\/#primaryimage\"},\"thumbnailUrl\":\"https:\/\/skaitytaknyga.lt\/wp-content\/uploads\/2025\/11\/O-paskui.jpg\",\"datePublished\":\"2025-11-13T18:46:15+00:00\",\"dateModified\":\"2025-11-23T10:36:21+00:00\",\"description\":\"B\u016bdamas a\u0161tuoneri\u0173, Natanas \u012f\u017eeng\u0117 \u012f \u0161vies\u0173 tunel\u012f, vedant\u012f mirties link: nerdamas \u012f e\u017eer\u0105 gelb\u0117ti mergait\u0117s, pats \u0117m\u0117 sk\u0119sti, jo \u0161irdis sustojo, i\u0161tiko\",\"breadcrumb\":{\"@id\":\"https:\/\/skaitytaknyga.lt\/produktas\/o-paskui\/#breadcrumb\"},\"inLanguage\":\"en-GB\",\"potentialAction\":[{\"@type\":\"ReadAction\",\"target\":[\"https:\/\/skaitytaknyga.lt\/produktas\/o-paskui\/\"]}]},{\"@type\":\"ImageObject\",\"inLanguage\":\"en-GB\",\"@id\":\"https:\/\/skaitytaknyga.lt\/produktas\/o-paskui\/#primaryimage\",\"url\":\"https:\/\/skaitytaknyga.lt\/wp-content\/uploads\/2025\/11\/O-paskui.jpg\",\"contentUrl\":\"https:\/\/skaitytaknyga.lt\/wp-content\/uploads\/2025\/11\/O-paskui.jpg\",\"width\":300,\"height\":509,\"caption\":\"O paskui...\"},{\"@type\":\"BreadcrumbList\",\"@id\":\"https:\/\/skaitytaknyga.lt\/produktas\/o-paskui\/#breadcrumb\",\"itemListElement\":[{\"@type\":\"ListItem\",\"position\":1,\"name\":\"Home\",\"item\":\"https:\/\/skaitytaknyga.lt\/\"},{\"@type\":\"ListItem\",\"position\":2,\"name\":\"Parduotuv\u0117\",\"item\":\"https:\/\/skaitytaknyga.lt\/knygu-parduotuve\/\"},{\"@type\":\"ListItem\",\"position\":3,\"name\":\"O paskui&#8230;\"}]},{\"@type\":\"WebSite\",\"@id\":\"https:\/\/skaitytaknyga.lt\/#website\",\"url\":\"https:\/\/skaitytaknyga.lt\/\",\"name\":\"skaitytaknyga.lt\",\"description\":\"Skaitytaknyga.lt \u2013 tai ma\u017eas \u0161eimos verslas, kuris prasid\u0117jo nuo meil\u0117s knygoms ir siekio i\u0161gelb\u0117ti knygas nuo likimo prie konteinerio. Kas vienam nereikalingas daiktas \u2013 kitam lobis, o mes esame tarpininkai, kurie padeda abiems tapti laimingesniems ???? \u017dinome kaip nelengva i\u0161gyventi ma\u017eiems verslams, tad nuo \u0161iol, \u010dia rasite ir kit\u0173, ma\u017e\u0173 \u0161eim\u0173 versl\u0173, rank\u0173 darbo, dovan\u0173 sau ir artimiesiems.\",\"publisher\":{\"@id\":\"https:\/\/skaitytaknyga.lt\/#organization\"},\"potentialAction\":[{\"@type\":\"SearchAction\",\"target\":{\"@type\":\"EntryPoint\",\"urlTemplate\":\"https:\/\/skaitytaknyga.lt\/?s={search_term_string}\"},\"query-input\":{\"@type\":\"PropertyValueSpecification\",\"valueRequired\":true,\"valueName\":\"search_term_string\"}}],\"inLanguage\":\"en-GB\"},{\"@type\":\"Organization\",\"@id\":\"https:\/\/skaitytaknyga.lt\/#organization\",\"name\":\"skaitytaknyga.lt\",\"url\":\"https:\/\/skaitytaknyga.lt\/\",\"logo\":{\"@type\":\"ImageObject\",\"inLanguage\":\"en-GB\",\"@id\":\"https:\/\/skaitytaknyga.lt\/#\/schema\/logo\/image\/\",\"url\":\"https:\/\/skaitytaknyga.lt\/wp-content\/uploads\/2024\/05\/cropped-cropped-cropped-02_00843_jt3bggkj1j3HLc7SyY6rEUpg.jpeg\",\"contentUrl\":\"https:\/\/skaitytaknyga.lt\/wp-content\/uploads\/2024\/05\/cropped-cropped-cropped-02_00843_jt3bggkj1j3HLc7SyY6rEUpg.jpeg\",\"width\":1600,\"height\":1600,\"caption\":\"skaitytaknyga.lt\"},\"image\":{\"@id\":\"https:\/\/skaitytaknyga.lt\/#\/schema\/logo\/image\/\"},\"sameAs\":[\"https:\/\/www.facebook.com\/skaitytaknyga\/\"]}]}<\/script>\n<!-- \/ Yoast SEO plugin. -->","yoast_head_json":{"title":"O paskui...","description":"B\u016bdamas a\u0161tuoneri\u0173, Natanas \u012f\u017eeng\u0117 \u012f \u0161vies\u0173 tunel\u012f, vedant\u012f mirties link: nerdamas \u012f e\u017eer\u0105 gelb\u0117ti mergait\u0117s, pats \u0117m\u0117 sk\u0119sti, jo \u0161irdis sustojo, i\u0161tiko","robots":{"index":"index","follow":"follow","max-snippet":"max-snippet:-1","max-image-preview":"max-image-preview:large","max-video-preview":"max-video-preview:-1"},"canonical":"https:\/\/skaitytaknyga.lt\/en\/produktas\/o-paskui\/","og_locale":"en_GB","og_type":"article","og_title":"[:lt]O paskui...[:] - Skaitytaknyga","og_description":"B\u016bdamas a\u0161tuoneri\u0173, Natanas \u012f\u017eeng\u0117 \u012f \u0161vies\u0173 tunel\u012f, vedant\u012f mirties link: nerdamas \u012f e\u017eer\u0105 gelb\u0117ti mergait\u0117s, pats \u0117m\u0117 sk\u0119sti, jo \u0161irdis sustojo, i\u0161tiko","og_url":"https:\/\/skaitytaknyga.lt\/en\/produktas\/o-paskui\/","og_site_name":"Skaitytaknyga","article_publisher":"https:\/\/www.facebook.com\/skaitytaknyga\/","article_modified_time":"2025-11-23T10:36:21+00:00","og_image":[{"width":300,"height":509,"url":"https:\/\/skaitytaknyga.lt\/wp-content\/uploads\/2025\/11\/O-paskui.jpg","type":"image\/jpeg"}],"twitter_card":"summary_large_image","twitter_misc":{"Estimated reading time":"1 minute"},"schema":{"@context":"https:\/\/schema.org","@graph":[{"@type":"WebPage","@id":"https:\/\/skaitytaknyga.lt\/produktas\/o-paskui\/","url":"https:\/\/skaitytaknyga.lt\/produktas\/o-paskui\/","name":"O paskui...","isPartOf":{"@id":"https:\/\/skaitytaknyga.lt\/#website"},"primaryImageOfPage":{"@id":"https:\/\/skaitytaknyga.lt\/produktas\/o-paskui\/#primaryimage"},"image":{"@id":"https:\/\/skaitytaknyga.lt\/produktas\/o-paskui\/#primaryimage"},"thumbnailUrl":"https:\/\/skaitytaknyga.lt\/wp-content\/uploads\/2025\/11\/O-paskui.jpg","datePublished":"2025-11-13T18:46:15+00:00","dateModified":"2025-11-23T10:36:21+00:00","description":"B\u016bdamas a\u0161tuoneri\u0173, Natanas \u012f\u017eeng\u0117 \u012f \u0161vies\u0173 tunel\u012f, vedant\u012f mirties link: nerdamas \u012f e\u017eer\u0105 gelb\u0117ti mergait\u0117s, pats \u0117m\u0117 sk\u0119sti, jo \u0161irdis sustojo, i\u0161tiko","breadcrumb":{"@id":"https:\/\/skaitytaknyga.lt\/produktas\/o-paskui\/#breadcrumb"},"inLanguage":"en-GB","potentialAction":[{"@type":"ReadAction","target":["https:\/\/skaitytaknyga.lt\/produktas\/o-paskui\/"]}]},{"@type":"ImageObject","inLanguage":"en-GB","@id":"https:\/\/skaitytaknyga.lt\/produktas\/o-paskui\/#primaryimage","url":"https:\/\/skaitytaknyga.lt\/wp-content\/uploads\/2025\/11\/O-paskui.jpg","contentUrl":"https:\/\/skaitytaknyga.lt\/wp-content\/uploads\/2025\/11\/O-paskui.jpg","width":300,"height":509,"caption":"O paskui..."},{"@type":"BreadcrumbList","@id":"https:\/\/skaitytaknyga.lt\/produktas\/o-paskui\/#breadcrumb","itemListElement":[{"@type":"ListItem","position":1,"name":"Home","item":"https:\/\/skaitytaknyga.lt\/"},{"@type":"ListItem","position":2,"name":"Parduotuv\u0117","item":"https:\/\/skaitytaknyga.lt\/knygu-parduotuve\/"},{"@type":"ListItem","position":3,"name":"O paskui&#8230;"}]},{"@type":"WebSite","@id":"https:\/\/skaitytaknyga.lt\/#website","url":"https:\/\/skaitytaknyga.lt\/","name":"skaitytaknyga.lt","description":"Skaitytaknyga.lt \u2013 tai ma\u017eas \u0161eimos verslas, kuris prasid\u0117jo nuo meil\u0117s knygoms ir siekio i\u0161gelb\u0117ti knygas nuo likimo prie konteinerio. Kas vienam nereikalingas daiktas \u2013 kitam lobis, o mes esame tarpininkai, kurie padeda abiems tapti laimingesniems ???? \u017dinome kaip nelengva i\u0161gyventi ma\u017eiems verslams, tad nuo \u0161iol, \u010dia rasite ir kit\u0173, ma\u017e\u0173 \u0161eim\u0173 versl\u0173, rank\u0173 darbo, dovan\u0173 sau ir artimiesiems.","publisher":{"@id":"https:\/\/skaitytaknyga.lt\/#organization"},"potentialAction":[{"@type":"SearchAction","target":{"@type":"EntryPoint","urlTemplate":"https:\/\/skaitytaknyga.lt\/?s={search_term_string}"},"query-input":{"@type":"PropertyValueSpecification","valueRequired":true,"valueName":"search_term_string"}}],"inLanguage":"en-GB"},{"@type":"Organization","@id":"https:\/\/skaitytaknyga.lt\/#organization","name":"skaitytaknyga.lt","url":"https:\/\/skaitytaknyga.lt\/","logo":{"@type":"ImageObject","inLanguage":"en-GB","@id":"https:\/\/skaitytaknyga.lt\/#\/schema\/logo\/image\/","url":"https:\/\/skaitytaknyga.lt\/wp-content\/uploads\/2024\/05\/cropped-cropped-cropped-02_00843_jt3bggkj1j3HLc7SyY6rEUpg.jpeg","contentUrl":"https:\/\/skaitytaknyga.lt\/wp-content\/uploads\/2024\/05\/cropped-cropped-cropped-02_00843_jt3bggkj1j3HLc7SyY6rEUpg.jpeg","width":1600,"height":1600,"caption":"skaitytaknyga.lt"},"image":{"@id":"https:\/\/skaitytaknyga.lt\/#\/schema\/logo\/image\/"},"sameAs":["https:\/\/www.facebook.com\/skaitytaknyga\/"]}]}},"_links":{"self":[{"href":"https:\/\/skaitytaknyga.lt\/en\/wp-json\/wp\/v2\/product\/21991","targetHints":{"allow":["GET"]}}],"collection":[{"href":"https:\/\/skaitytaknyga.lt\/en\/wp-json\/wp\/v2\/product"}],"about":[{"href":"https:\/\/skaitytaknyga.lt\/en\/wp-json\/wp\/v2\/types\/product"}],"replies":[{"embeddable":true,"href":"https:\/\/skaitytaknyga.lt\/en\/wp-json\/wp\/v2\/comments?post=21991"}],"wp:featuredmedia":[{"embeddable":true,"href":"https:\/\/skaitytaknyga.lt\/en\/wp-json\/wp\/v2\/media\/22050"}],"wp:attachment":[{"href":"https:\/\/skaitytaknyga.lt\/en\/wp-json\/wp\/v2\/media?parent=21991"}],"wp:term":[{"taxonomy":"product_brand","embeddable":true,"href":"https:\/\/skaitytaknyga.lt\/en\/wp-json\/wp\/v2\/product_brand?post=21991"},{"taxonomy":"product_cat","embeddable":true,"href":"https:\/\/skaitytaknyga.lt\/en\/wp-json\/wp\/v2\/product_cat?post=21991"},{"taxonomy":"product_tag","embeddable":true,"href":"https:\/\/skaitytaknyga.lt\/en\/wp-json\/wp\/v2\/product_tag?post=21991"}],"curies":[{"name":"wp","href":"https:\/\/api.w.org\/{rel}","templated":true}]}}