{"id":21990,"date":"2025-11-13T20:46:15","date_gmt":"2025-11-13T18:46:15","guid":{"rendered":"https:\/\/skaitytaknyga.lt\/?post_type=product&#038;p=21990"},"modified":"2025-11-23T12:36:21","modified_gmt":"2025-11-23T10:36:21","slug":"nepazistamoji-is-paryziaus","status":"publish","type":"product","link":"https:\/\/skaitytaknyga.lt\/en\/produktas\/nepazistamoji-is-paryziaus\/","title":{"rendered":"Nepa\u017e\u012fstamoji i\u0161 Pary\u017eiaus"},"content":{"rendered":"<p>Bestselerio \u201eSodininkas i\u0161 Pranc\u016bzijos\u201c autor\u0117 Santa Montefiore skaitytoj\u0173 m\u0117gstama d\u0117l geb\u0117jimo kurti meistri\u0161kus siu\u017eetus. Ra\u0161ytojos pasakojamos \u012ftraukian\u010dios ir tikrovi\u0161kos istorijos pagauna nuo pirmojo puslapio ir nebepaleid\u017eia iki pat knygos pabaigos.<\/p>\n<p>Puikus pasirinkimas norintiems pab\u0117gti nuo kasdieni\u0173 r\u016bpes\u010di\u0173 \u012f pasaul\u012f, kupin\u0105 paslap\u010di\u0173 ir romantikos.<\/p>\n<p>Antuanet\u0117 D\u017eord\u017e\u0105 labai myl\u0117jo ir buvo tikra, kad j\u012f pa\u017e\u012fsta netgi geriau negu save. Tod\u0117l \u012f vyro laidotuves atvykusi \u017eavi nepa\u017e\u012fstama mergina moter\u012f i\u0161mu\u0161a i\u0161 v\u0117\u017ei\u0173 \u2013 ji prisistato Fedros vardu ir parei\u0161kia esanti D\u017eord\u017eo dukra, lygiateis\u0117 jo turto paveld\u0117toja.<\/p>\n<p>Ta\u010diau kai kuri\u0173 \u0161eimos nari\u0173 neapleid\u017eia \u012ftarimas, kad Fedra nepasak\u0117 visos tiesos. K\u0105 dar slepia atvyk\u0117l\u0117?<\/p>\n<p>Negana to, tarp Fedros ir vyriausiojo Antuanet\u0117s ir D\u017eord\u017eo s\u016bnaus i\u0161kart u\u017esimezga simpatija&#8230;<\/p>\n","protected":false},"excerpt":{"rendered":"<p>Bestselerio \u201eSodininkas i\u0161 Pranc\u016bzijos\u201c autor\u0117 Santa Montefiore skaitytoj\u0173 m\u0117gstama d\u0117l geb\u0117jimo kurti meistri\u0161kus siu\u017eetus. Ra\u0161ytojos pasakojamos \u012ftraukian\u010dios ir tikrovi\u0161kos istorijos pagauna nuo pirmojo puslapio ir nebepaleid\u017eia iki pat knygos pabaigos. Puikus pasirinkimas norintiems pab\u0117gti nuo kasdieni\u0173 r\u016bpes\u010di\u0173 \u012f pasaul\u012f, kupin\u0105 paslap\u010di\u0173 ir romantikos. Antuanet\u0117 D\u017eord\u017e\u0105 labai myl\u0117jo ir buvo tikra, kad j\u012f pa\u017e\u012fsta netgi geriau negu save. Tod\u0117l \u012f vyro laidotuves atvykusi \u017eavi nepa\u017e\u012fstama mergina moter\u012f i\u0161mu\u0161a i\u0161 v\u0117\u017ei\u0173 \u2013 ji prisistato Fedros vardu ir parei\u0161kia esanti D\u017eord\u017eo dukra, lygiateis\u0117 jo turto paveld\u0117toja. Ta\u010diau kai kuri\u0173 \u0161eimos nari\u0173 neapleid\u017eia \u012ftarimas, kad Fedra nepasak\u0117 visos tiesos. K\u0105 dar slepia atvyk\u0117l\u0117? Negana to, tarp Fedros ir vyriausiojo Antuanet\u0117s ir D\u017eord\u017eo s\u016bnaus i\u0161kart u\u017esimezga simpatija&#8230;<\/p>\n","protected":false},"featured_media":22049,"comment_status":"open","ping_status":"closed","template":"","meta":{"_acf_changed":false,"site-sidebar-layout":"default","site-content-layout":"","ast-site-content-layout":"default","site-content-style":"default","site-sidebar-style":"default","ast-global-header-display":"","ast-banner-title-visibility":"","ast-main-header-display":"","ast-hfb-above-header-display":"","ast-hfb-below-header-display":"","ast-hfb-mobile-header-display":"","site-post-title":"","ast-breadcrumbs-content":"","ast-featured-img":"","footer-sml-layout":"","ast-disable-related-posts":"","theme-transparent-header-meta":"","adv-header-id-meta":"","stick-header-meta":"","header-above-stick-meta":"","header-main-stick-meta":"","header-below-stick-meta":"","astra-migrate-meta-layouts":"default","ast-page-background-enabled":"default","ast-page-background-meta":{"desktop":{"background-color":"","background-image":"","background-repeat":"repeat","background-position":"center center","background-size":"auto","background-attachment":"scroll","background-type":"","background-media":"","overlay-type":"","overlay-color":"","overlay-opacity":"","overlay-gradient":""},"tablet":{"background-color":"","background-image":"","background-repeat":"repeat","background-position":"center center","background-size":"auto","background-attachment":"scroll","background-type":"","background-media":"","overlay-type":"","overlay-color":"","overlay-opacity":"","overlay-gradient":""},"mobile":{"background-color":"","background-image":"","background-repeat":"repeat","background-position":"center center","background-size":"auto","background-attachment":"scroll","background-type":"","background-media":"","overlay-type":"","overlay-color":"","overlay-opacity":"","overlay-gradient":""}},"ast-content-background-meta":{"desktop":{"background-color":"var(--ast-global-color-4)","background-image":"","background-repeat":"repeat","background-position":"center center","background-size":"auto","background-attachment":"scroll","background-type":"","background-media":"","overlay-type":"","overlay-color":"","overlay-opacity":"","overlay-gradient":""},"tablet":{"background-color":"var(--ast-global-color-4)","background-image":"","background-repeat":"repeat","background-position":"center center","background-size":"auto","background-attachment":"scroll","background-type":"","background-media":"","overlay-type":"","overlay-color":"","overlay-opacity":"","overlay-gradient":""},"mobile":{"background-color":"var(--ast-global-color-4)","background-image":"","background-repeat":"repeat","background-position":"center center","background-size":"auto","background-attachment":"scroll","background-type":"","background-media":"","overlay-type":"","overlay-color":"","overlay-opacity":"","overlay-gradient":""}}},"product_brand":[],"product_cat":[31],"product_tag":[],"class_list":{"0":"post-21990","1":"product","2":"type-product","3":"status-publish","4":"has-post-thumbnail","6":"product_cat-grozine-literatura","7":"desktop-align-left","8":"tablet-align-left","9":"mobile-align-left","11":"first","12":"instock","13":"shipping-taxable","14":"purchasable","15":"product-type-simple"},"acf":[],"yoast_head":"<!-- This site is optimized with the Yoast SEO plugin v27.0 - https:\/\/yoast.com\/product\/yoast-seo-wordpress\/ -->\n<title>Nepa\u017e\u012fstamoji i\u0161 Pary\u017eiaus<\/title>\n<meta name=\"description\" content=\"Bestselerio \u201eSodininkas i\u0161 Pranc\u016bzijos\u201c autor\u0117 Santa Montefiore skaitytoj\u0173 m\u0117gstama d\u0117l geb\u0117jimo kurti meistri\u0161kus siu\u017eetus. Ra\u0161ytojos pasakojamos\" \/>\n<meta name=\"robots\" content=\"index, follow, max-snippet:-1, max-image-preview:large, max-video-preview:-1\" \/>\n<link rel=\"canonical\" href=\"https:\/\/skaitytaknyga.lt\/en\/produktas\/nepazistamoji-is-paryziaus\/\" \/>\n<meta property=\"og:locale\" content=\"en_GB\" \/>\n<meta property=\"og:locale:alternate\" content=\"lt_LT\" \/>\n<meta property=\"og:type\" content=\"article\" \/>\n<meta property=\"og:title\" content=\"Nepa\u017e\u012fstamoji i\u0161 Pary\u017eiaus\" \/>\n<meta property=\"og:description\" content=\"Bestselerio \u201eSodininkas i\u0161 Pranc\u016bzijos\u201c autor\u0117 Santa Montefiore skaitytoj\u0173 m\u0117gstama d\u0117l geb\u0117jimo kurti meistri\u0161kus siu\u017eetus. Ra\u0161ytojos pasakojamos\" \/>\n<meta property=\"og:url\" content=\"https:\/\/skaitytaknyga.lt\/en\/produktas\/nepazistamoji-is-paryziaus\/\" \/>\n<meta property=\"og:site_name\" content=\"Skaitytaknyga\" \/>\n<meta property=\"article:publisher\" content=\"https:\/\/www.facebook.com\/skaitytaknyga\/\" \/>\n<meta property=\"article:modified_time\" content=\"2025-11-23T10:36:21+00:00\" \/>\n<meta property=\"og:image\" content=\"https:\/\/skaitytaknyga.lt\/wp-content\/uploads\/2025\/11\/Nepazistamoji-is-Paryziaus.webp\" \/>\n\t<meta property=\"og:image:width\" content=\"300\" \/>\n\t<meta property=\"og:image:height\" content=\"491\" \/>\n\t<meta property=\"og:image:type\" content=\"image\/webp\" \/>\n<meta name=\"twitter:card\" content=\"summary_large_image\" \/>\n<meta name=\"twitter:label1\" content=\"Estimated reading time\" \/>\n\t<meta name=\"twitter:data1\" content=\"1 minute\" \/>\n<script type=\"application\/ld+json\" class=\"yoast-schema-graph\">{\"@context\":\"https:\/\/schema.org\",\"@graph\":[{\"@type\":\"WebPage\",\"@id\":\"https:\/\/skaitytaknyga.lt\/produktas\/nepazistamoji-is-paryziaus\/\",\"url\":\"https:\/\/skaitytaknyga.lt\/produktas\/nepazistamoji-is-paryziaus\/\",\"name\":\"Nepa\u017e\u012fstamoji i\u0161 Pary\u017eiaus\",\"isPartOf\":{\"@id\":\"https:\/\/skaitytaknyga.lt\/#website\"},\"primaryImageOfPage\":{\"@id\":\"https:\/\/skaitytaknyga.lt\/produktas\/nepazistamoji-is-paryziaus\/#primaryimage\"},\"image\":{\"@id\":\"https:\/\/skaitytaknyga.lt\/produktas\/nepazistamoji-is-paryziaus\/#primaryimage\"},\"thumbnailUrl\":\"https:\/\/skaitytaknyga.lt\/wp-content\/uploads\/2025\/11\/Nepazistamoji-is-Paryziaus.webp\",\"datePublished\":\"2025-11-13T18:46:15+00:00\",\"dateModified\":\"2025-11-23T10:36:21+00:00\",\"description\":\"Bestselerio \u201eSodininkas i\u0161 Pranc\u016bzijos\u201c autor\u0117 Santa Montefiore skaitytoj\u0173 m\u0117gstama d\u0117l geb\u0117jimo kurti meistri\u0161kus siu\u017eetus. Ra\u0161ytojos pasakojamos\",\"breadcrumb\":{\"@id\":\"https:\/\/skaitytaknyga.lt\/produktas\/nepazistamoji-is-paryziaus\/#breadcrumb\"},\"inLanguage\":\"en-GB\",\"potentialAction\":[{\"@type\":\"ReadAction\",\"target\":[\"https:\/\/skaitytaknyga.lt\/produktas\/nepazistamoji-is-paryziaus\/\"]}]},{\"@type\":\"ImageObject\",\"inLanguage\":\"en-GB\",\"@id\":\"https:\/\/skaitytaknyga.lt\/produktas\/nepazistamoji-is-paryziaus\/#primaryimage\",\"url\":\"https:\/\/skaitytaknyga.lt\/wp-content\/uploads\/2025\/11\/Nepazistamoji-is-Paryziaus.webp\",\"contentUrl\":\"https:\/\/skaitytaknyga.lt\/wp-content\/uploads\/2025\/11\/Nepazistamoji-is-Paryziaus.webp\",\"width\":300,\"height\":491,\"caption\":\"Nepa\u017e\u012fstamoji i\u0161 Pary\u017eiaus\"},{\"@type\":\"BreadcrumbList\",\"@id\":\"https:\/\/skaitytaknyga.lt\/produktas\/nepazistamoji-is-paryziaus\/#breadcrumb\",\"itemListElement\":[{\"@type\":\"ListItem\",\"position\":1,\"name\":\"Home\",\"item\":\"https:\/\/skaitytaknyga.lt\/\"},{\"@type\":\"ListItem\",\"position\":2,\"name\":\"Parduotuv\u0117\",\"item\":\"https:\/\/skaitytaknyga.lt\/knygu-parduotuve\/\"},{\"@type\":\"ListItem\",\"position\":3,\"name\":\"Nepa\u017e\u012fstamoji i\u0161 Pary\u017eiaus\"}]},{\"@type\":\"WebSite\",\"@id\":\"https:\/\/skaitytaknyga.lt\/#website\",\"url\":\"https:\/\/skaitytaknyga.lt\/\",\"name\":\"skaitytaknyga.lt\",\"description\":\"Skaitytaknyga.lt \u2013 tai ma\u017eas \u0161eimos verslas, kuris prasid\u0117jo nuo meil\u0117s knygoms ir siekio i\u0161gelb\u0117ti knygas nuo likimo prie konteinerio. Kas vienam nereikalingas daiktas \u2013 kitam lobis, o mes esame tarpininkai, kurie padeda abiems tapti laimingesniems ???? \u017dinome kaip nelengva i\u0161gyventi ma\u017eiems verslams, tad nuo \u0161iol, \u010dia rasite ir kit\u0173, ma\u017e\u0173 \u0161eim\u0173 versl\u0173, rank\u0173 darbo, dovan\u0173 sau ir artimiesiems.\",\"publisher\":{\"@id\":\"https:\/\/skaitytaknyga.lt\/#organization\"},\"potentialAction\":[{\"@type\":\"SearchAction\",\"target\":{\"@type\":\"EntryPoint\",\"urlTemplate\":\"https:\/\/skaitytaknyga.lt\/?s={search_term_string}\"},\"query-input\":{\"@type\":\"PropertyValueSpecification\",\"valueRequired\":true,\"valueName\":\"search_term_string\"}}],\"inLanguage\":\"en-GB\"},{\"@type\":\"Organization\",\"@id\":\"https:\/\/skaitytaknyga.lt\/#organization\",\"name\":\"skaitytaknyga.lt\",\"url\":\"https:\/\/skaitytaknyga.lt\/\",\"logo\":{\"@type\":\"ImageObject\",\"inLanguage\":\"en-GB\",\"@id\":\"https:\/\/skaitytaknyga.lt\/#\/schema\/logo\/image\/\",\"url\":\"https:\/\/skaitytaknyga.lt\/wp-content\/uploads\/2024\/05\/cropped-cropped-cropped-02_00843_jt3bggkj1j3HLc7SyY6rEUpg.jpeg\",\"contentUrl\":\"https:\/\/skaitytaknyga.lt\/wp-content\/uploads\/2024\/05\/cropped-cropped-cropped-02_00843_jt3bggkj1j3HLc7SyY6rEUpg.jpeg\",\"width\":1600,\"height\":1600,\"caption\":\"skaitytaknyga.lt\"},\"image\":{\"@id\":\"https:\/\/skaitytaknyga.lt\/#\/schema\/logo\/image\/\"},\"sameAs\":[\"https:\/\/www.facebook.com\/skaitytaknyga\/\"]}]}<\/script>\n<!-- \/ Yoast SEO plugin. -->","yoast_head_json":{"title":"Nepa\u017e\u012fstamoji i\u0161 Pary\u017eiaus","description":"Bestselerio \u201eSodininkas i\u0161 Pranc\u016bzijos\u201c autor\u0117 Santa Montefiore skaitytoj\u0173 m\u0117gstama d\u0117l geb\u0117jimo kurti meistri\u0161kus siu\u017eetus. Ra\u0161ytojos pasakojamos","robots":{"index":"index","follow":"follow","max-snippet":"max-snippet:-1","max-image-preview":"max-image-preview:large","max-video-preview":"max-video-preview:-1"},"canonical":"https:\/\/skaitytaknyga.lt\/en\/produktas\/nepazistamoji-is-paryziaus\/","og_locale":"en_GB","og_type":"article","og_title":"[:lt]Nepa\u017e\u012fstamoji i\u0161 Pary\u017eiaus[:] - Skaitytaknyga","og_description":"Bestselerio \u201eSodininkas i\u0161 Pranc\u016bzijos\u201c autor\u0117 Santa Montefiore skaitytoj\u0173 m\u0117gstama d\u0117l geb\u0117jimo kurti meistri\u0161kus siu\u017eetus. Ra\u0161ytojos pasakojamos","og_url":"https:\/\/skaitytaknyga.lt\/en\/produktas\/nepazistamoji-is-paryziaus\/","og_site_name":"Skaitytaknyga","article_publisher":"https:\/\/www.facebook.com\/skaitytaknyga\/","article_modified_time":"2025-11-23T10:36:21+00:00","og_image":[{"width":300,"height":491,"url":"https:\/\/skaitytaknyga.lt\/wp-content\/uploads\/2025\/11\/Nepazistamoji-is-Paryziaus.webp","type":"image\/webp"}],"twitter_card":"summary_large_image","twitter_misc":{"Estimated reading time":"1 minute"},"schema":{"@context":"https:\/\/schema.org","@graph":[{"@type":"WebPage","@id":"https:\/\/skaitytaknyga.lt\/produktas\/nepazistamoji-is-paryziaus\/","url":"https:\/\/skaitytaknyga.lt\/produktas\/nepazistamoji-is-paryziaus\/","name":"Nepa\u017e\u012fstamoji i\u0161 Pary\u017eiaus","isPartOf":{"@id":"https:\/\/skaitytaknyga.lt\/#website"},"primaryImageOfPage":{"@id":"https:\/\/skaitytaknyga.lt\/produktas\/nepazistamoji-is-paryziaus\/#primaryimage"},"image":{"@id":"https:\/\/skaitytaknyga.lt\/produktas\/nepazistamoji-is-paryziaus\/#primaryimage"},"thumbnailUrl":"https:\/\/skaitytaknyga.lt\/wp-content\/uploads\/2025\/11\/Nepazistamoji-is-Paryziaus.webp","datePublished":"2025-11-13T18:46:15+00:00","dateModified":"2025-11-23T10:36:21+00:00","description":"Bestselerio \u201eSodininkas i\u0161 Pranc\u016bzijos\u201c autor\u0117 Santa Montefiore skaitytoj\u0173 m\u0117gstama d\u0117l geb\u0117jimo kurti meistri\u0161kus siu\u017eetus. Ra\u0161ytojos pasakojamos","breadcrumb":{"@id":"https:\/\/skaitytaknyga.lt\/produktas\/nepazistamoji-is-paryziaus\/#breadcrumb"},"inLanguage":"en-GB","potentialAction":[{"@type":"ReadAction","target":["https:\/\/skaitytaknyga.lt\/produktas\/nepazistamoji-is-paryziaus\/"]}]},{"@type":"ImageObject","inLanguage":"en-GB","@id":"https:\/\/skaitytaknyga.lt\/produktas\/nepazistamoji-is-paryziaus\/#primaryimage","url":"https:\/\/skaitytaknyga.lt\/wp-content\/uploads\/2025\/11\/Nepazistamoji-is-Paryziaus.webp","contentUrl":"https:\/\/skaitytaknyga.lt\/wp-content\/uploads\/2025\/11\/Nepazistamoji-is-Paryziaus.webp","width":300,"height":491,"caption":"Nepa\u017e\u012fstamoji i\u0161 Pary\u017eiaus"},{"@type":"BreadcrumbList","@id":"https:\/\/skaitytaknyga.lt\/produktas\/nepazistamoji-is-paryziaus\/#breadcrumb","itemListElement":[{"@type":"ListItem","position":1,"name":"Home","item":"https:\/\/skaitytaknyga.lt\/"},{"@type":"ListItem","position":2,"name":"Parduotuv\u0117","item":"https:\/\/skaitytaknyga.lt\/knygu-parduotuve\/"},{"@type":"ListItem","position":3,"name":"Nepa\u017e\u012fstamoji i\u0161 Pary\u017eiaus"}]},{"@type":"WebSite","@id":"https:\/\/skaitytaknyga.lt\/#website","url":"https:\/\/skaitytaknyga.lt\/","name":"skaitytaknyga.lt","description":"Skaitytaknyga.lt \u2013 tai ma\u017eas \u0161eimos verslas, kuris prasid\u0117jo nuo meil\u0117s knygoms ir siekio i\u0161gelb\u0117ti knygas nuo likimo prie konteinerio. Kas vienam nereikalingas daiktas \u2013 kitam lobis, o mes esame tarpininkai, kurie padeda abiems tapti laimingesniems ???? \u017dinome kaip nelengva i\u0161gyventi ma\u017eiems verslams, tad nuo \u0161iol, \u010dia rasite ir kit\u0173, ma\u017e\u0173 \u0161eim\u0173 versl\u0173, rank\u0173 darbo, dovan\u0173 sau ir artimiesiems.","publisher":{"@id":"https:\/\/skaitytaknyga.lt\/#organization"},"potentialAction":[{"@type":"SearchAction","target":{"@type":"EntryPoint","urlTemplate":"https:\/\/skaitytaknyga.lt\/?s={search_term_string}"},"query-input":{"@type":"PropertyValueSpecification","valueRequired":true,"valueName":"search_term_string"}}],"inLanguage":"en-GB"},{"@type":"Organization","@id":"https:\/\/skaitytaknyga.lt\/#organization","name":"skaitytaknyga.lt","url":"https:\/\/skaitytaknyga.lt\/","logo":{"@type":"ImageObject","inLanguage":"en-GB","@id":"https:\/\/skaitytaknyga.lt\/#\/schema\/logo\/image\/","url":"https:\/\/skaitytaknyga.lt\/wp-content\/uploads\/2024\/05\/cropped-cropped-cropped-02_00843_jt3bggkj1j3HLc7SyY6rEUpg.jpeg","contentUrl":"https:\/\/skaitytaknyga.lt\/wp-content\/uploads\/2024\/05\/cropped-cropped-cropped-02_00843_jt3bggkj1j3HLc7SyY6rEUpg.jpeg","width":1600,"height":1600,"caption":"skaitytaknyga.lt"},"image":{"@id":"https:\/\/skaitytaknyga.lt\/#\/schema\/logo\/image\/"},"sameAs":["https:\/\/www.facebook.com\/skaitytaknyga\/"]}]}},"_links":{"self":[{"href":"https:\/\/skaitytaknyga.lt\/en\/wp-json\/wp\/v2\/product\/21990","targetHints":{"allow":["GET"]}}],"collection":[{"href":"https:\/\/skaitytaknyga.lt\/en\/wp-json\/wp\/v2\/product"}],"about":[{"href":"https:\/\/skaitytaknyga.lt\/en\/wp-json\/wp\/v2\/types\/product"}],"replies":[{"embeddable":true,"href":"https:\/\/skaitytaknyga.lt\/en\/wp-json\/wp\/v2\/comments?post=21990"}],"wp:featuredmedia":[{"embeddable":true,"href":"https:\/\/skaitytaknyga.lt\/en\/wp-json\/wp\/v2\/media\/22049"}],"wp:attachment":[{"href":"https:\/\/skaitytaknyga.lt\/en\/wp-json\/wp\/v2\/media?parent=21990"}],"wp:term":[{"taxonomy":"product_brand","embeddable":true,"href":"https:\/\/skaitytaknyga.lt\/en\/wp-json\/wp\/v2\/product_brand?post=21990"},{"taxonomy":"product_cat","embeddable":true,"href":"https:\/\/skaitytaknyga.lt\/en\/wp-json\/wp\/v2\/product_cat?post=21990"},{"taxonomy":"product_tag","embeddable":true,"href":"https:\/\/skaitytaknyga.lt\/en\/wp-json\/wp\/v2\/product_tag?post=21990"}],"curies":[{"name":"wp","href":"https:\/\/api.w.org\/{rel}","templated":true}]}}