{"id":2199,"date":"2024-04-17T13:06:26","date_gmt":"2024-04-17T13:06:26","guid":{"rendered":"https:\/\/skaitytaknyga.lt\/?post_type=product&#038;p=2199"},"modified":"2026-03-05T15:42:53","modified_gmt":"2026-03-05T13:42:53","slug":"__trashed-330","status":"publish","type":"product","link":"https:\/\/skaitytaknyga.lt\/en\/produktas\/__trashed-330\/","title":{"rendered":"\u201eBurtininkas. Nemirtingojo Nikolo Flamelio paslaptys"},"content":{"rendered":"<p>Ketvirtoji fantastikos karaliumi tituluojamo Michaelo Scotto knyg\u0173 serijos apie nemirtingojo Nikolo Flamelio nuotykius dalis Burtininkas \u012ftraukia \u012f stebukling\u0105 pasaul\u012f, kuriame kasdienyb\u0117 pinasi su mitais, \u0161iuolaikiniai \u017emon\u0117s bendrauja su mitologin\u0117mis bei istorin\u0117mis b\u016btyb\u0117mis, o riba tarp g\u0117rio ir blogio da\u017enai neap\u010diuopiama.<\/p>\n<p>Laikas pra\u017e\u016btingas Kodeks\u0105 praradusiems Nikolui ir Perenelei. Vienintel\u0117 j\u0173 viltis \u2013 Sofi ir D\u017eo\u0161o pagalba. Bet su aukso ir sidabro auromis gim\u0119 dvyniai sutrik\u0119: jiems nepavyko \u012fgyti tiek stebukling\u0173 gali\u0173, kad gal\u0117t\u0173 apsiginti patys, juos ir toliau persekioja visat\u0105 pavergti u\u017esimoj\u0119s D\u017eonas Di ir vis da\u017eniau kyla abejoni\u0173, ar glob\u0117jas nemanipuliuoja jais savo naudai. Kaip i\u0161gelb\u0117ti pasaul\u012f, kai net ne\u017einai, kas tavo prie\u0161ai, o kas draugai?<\/p>\n","protected":false},"excerpt":{"rendered":"<p>Ketvirtoji fantastikos karaliumi tituluojamo Michaelo Scotto knyg\u0173 serijos apie nemirtingojo Nikolo Flamelio nuotykius dalis Burtininkas \u012ftraukia \u012f stebukling\u0105 pasaul\u012f, kuriame kasdienyb\u0117 pinasi su mitais, \u0161iuolaikiniai \u017emon\u0117s bendrauja su mitologin\u0117mis bei istorin\u0117mis b\u016btyb\u0117mis, o riba tarp g\u0117rio ir blogio da\u017enai neap\u010diuopiama.<\/p>\n<p>Laikas pra\u017e\u016btingas\u00a0<em>Kodeks\u0105<\/em>\u00a0praradusiems Nikolui ir Perenelei. Vienintel\u0117 j\u0173 viltis \u2013 Sofi ir D\u017eo\u0161o pagalba. Bet su aukso ir sidabro auromis gim\u0119 dvyniai sutrik\u0119: jiems nepavyko \u012fgyti tiek stebukling\u0173 gali\u0173, kad gal\u0117t\u0173 apsiginti patys, juos ir toliau persekioja visat\u0105 pavergti u\u017esimoj\u0119s D\u017eonas Di ir vis da\u017eniau kyla abejoni\u0173, ar glob\u0117jas nemanipuliuoja jais savo naudai. Kaip i\u0161gelb\u0117ti pasaul\u012f, kai net ne\u017einai, kas tavo prie\u0161ai, o kas draugai?<\/p>\n","protected":false},"featured_media":2232,"comment_status":"closed","ping_status":"closed","template":"","meta":{"_acf_changed":false,"site-sidebar-layout":"default","site-content-layout":"","ast-site-content-layout":"default","site-content-style":"default","site-sidebar-style":"default","ast-global-header-display":"","ast-banner-title-visibility":"","ast-main-header-display":"","ast-hfb-above-header-display":"","ast-hfb-below-header-display":"","ast-hfb-mobile-header-display":"","site-post-title":"","ast-breadcrumbs-content":"","ast-featured-img":"","footer-sml-layout":"","ast-disable-related-posts":"","theme-transparent-header-meta":"","adv-header-id-meta":"","stick-header-meta":"","header-above-stick-meta":"","header-main-stick-meta":"","header-below-stick-meta":"","astra-migrate-meta-layouts":"default","ast-page-background-enabled":"default","ast-page-background-meta":{"desktop":{"background-color":"","background-image":"","background-repeat":"repeat","background-position":"center center","background-size":"auto","background-attachment":"scroll","background-type":"","background-media":"","overlay-type":"","overlay-color":"","overlay-opacity":"","overlay-gradient":""},"tablet":{"background-color":"","background-image":"","background-repeat":"repeat","background-position":"center center","background-size":"auto","background-attachment":"scroll","background-type":"","background-media":"","overlay-type":"","overlay-color":"","overlay-opacity":"","overlay-gradient":""},"mobile":{"background-color":"","background-image":"","background-repeat":"repeat","background-position":"center center","background-size":"auto","background-attachment":"scroll","background-type":"","background-media":"","overlay-type":"","overlay-color":"","overlay-opacity":"","overlay-gradient":""}},"ast-content-background-meta":{"desktop":{"background-color":"var(--ast-global-color-4)","background-image":"","background-repeat":"repeat","background-position":"center center","background-size":"auto","background-attachment":"scroll","background-type":"","background-media":"","overlay-type":"","overlay-color":"","overlay-opacity":"","overlay-gradient":""},"tablet":{"background-color":"var(--ast-global-color-4)","background-image":"","background-repeat":"repeat","background-position":"center center","background-size":"auto","background-attachment":"scroll","background-type":"","background-media":"","overlay-type":"","overlay-color":"","overlay-opacity":"","overlay-gradient":""},"mobile":{"background-color":"var(--ast-global-color-4)","background-image":"","background-repeat":"repeat","background-position":"center center","background-size":"auto","background-attachment":"scroll","background-type":"","background-media":"","overlay-type":"","overlay-color":"","overlay-opacity":"","overlay-gradient":""}}},"product_brand":[],"product_cat":[15],"product_tag":[],"class_list":{"0":"post-2199","1":"product","2":"type-product","3":"status-publish","4":"has-post-thumbnail","6":"product_cat-uncategorized","7":"desktop-align-left","8":"tablet-align-left","9":"mobile-align-left","11":"first","12":"outofstock","13":"shipping-taxable","14":"purchasable","15":"product-type-simple"},"acf":[],"yoast_head":"<!-- This site is optimized with the Yoast SEO plugin v27.0 - https:\/\/yoast.com\/product\/yoast-seo-wordpress\/ -->\n<title>\u201eBurtininkas. Nemirtingojo Nikolo Flamelio paslaptys<\/title>\n<meta name=\"description\" content=\"Ketvirtoji fantastikos karaliumi tituluojamo Michaelo Scotto knyg\u0173 serijos apie nemirtingojo Nikolo Flamelio nuotykius dalis Burtininkas \u012ftraukia \u012f stebukling\u0105 pasaul\u012f, kuriame kasdienyb\u0117 pinasi su mitais, \u0161iuolaikiniai \u017emon\u0117s bendrauja su mitologin\u0117mis bei istorin\u0117mis b\u016btyb\u0117mis, o riba tarp g\u0117rio ir blogio da\u017enai neap\u010diuopiama.  Laikas pra\u017e\u016btingas\u00a0Kodeks\u0105\u00a0praradusiems Nikolui ir Perenelei. Vienintel\u0117 j\u0173 viltis \u2013 Sofi ir D\u017eo\u0161o pagalba. Bet su aukso ir sidabro auromis gim\u0119 dvyniai sutrik\u0119: jiems nepavyko \u012fgyti tiek stebukling\u0173 gali\u0173, kad gal\u0117t\u0173 apsiginti patys, juos ir toliau persekioja visat\u0105 pavergti u\u017esimoj\u0119s D\u017eonas Di ir vis da\u017eniau kyla abejoni\u0173, ar glob\u0117jas nemanipuliuoja jais savo naudai. Kaip i\u0161gelb\u0117ti pasaul\u012f, kai net ne\u017einai, kas tavo prie\u0161ai, o kas draugai?\" \/>\n<meta name=\"robots\" content=\"index, follow, max-snippet:-1, max-image-preview:large, max-video-preview:-1\" \/>\n<link rel=\"canonical\" href=\"https:\/\/skaitytaknyga.lt\/en\/produktas\/__trashed-330\/\" \/>\n<meta property=\"og:locale\" content=\"en_GB\" \/>\n<meta property=\"og:locale:alternate\" content=\"lt_LT\" \/>\n<meta property=\"og:type\" content=\"article\" \/>\n<meta property=\"og:title\" content=\"\u201eBurtininkas. Nemirtingojo Nikolo Flamelio paslaptys\" \/>\n<meta property=\"og:description\" content=\"Ketvirtoji fantastikos karaliumi tituluojamo Michaelo Scotto knyg\u0173 serijos apie nemirtingojo Nikolo Flamelio nuotykius dalis Burtininkas \u012ftraukia \u012f stebukling\u0105 pasaul\u012f, kuriame kasdienyb\u0117 pinasi su mitais, \u0161iuolaikiniai \u017emon\u0117s bendrauja su mitologin\u0117mis bei istorin\u0117mis b\u016btyb\u0117mis, o riba tarp g\u0117rio ir blogio da\u017enai neap\u010diuopiama.  Laikas pra\u017e\u016btingas\u00a0Kodeks\u0105\u00a0praradusiems Nikolui ir Perenelei. Vienintel\u0117 j\u0173 viltis \u2013 Sofi ir D\u017eo\u0161o pagalba. Bet su aukso ir sidabro auromis gim\u0119 dvyniai sutrik\u0119: jiems nepavyko \u012fgyti tiek stebukling\u0173 gali\u0173, kad gal\u0117t\u0173 apsiginti patys, juos ir toliau persekioja visat\u0105 pavergti u\u017esimoj\u0119s D\u017eonas Di ir vis da\u017eniau kyla abejoni\u0173, ar glob\u0117jas nemanipuliuoja jais savo naudai. Kaip i\u0161gelb\u0117ti pasaul\u012f, kai net ne\u017einai, kas tavo prie\u0161ai, o kas draugai?\" \/>\n<meta property=\"og:url\" content=\"https:\/\/skaitytaknyga.lt\/en\/produktas\/__trashed-330\/\" \/>\n<meta property=\"og:site_name\" content=\"Skaitytaknyga\" \/>\n<meta property=\"article:publisher\" content=\"https:\/\/www.facebook.com\/skaitytaknyga\/\" \/>\n<meta property=\"article:modified_time\" content=\"2026-03-05T13:42:53+00:00\" \/>\n<meta property=\"og:image\" content=\"https:\/\/skaitytaknyga.lt\/wp-content\/uploads\/2024\/04\/1462873186_burtininkasvirselis2d.jpg\" \/>\n\t<meta property=\"og:image:width\" content=\"434\" \/>\n\t<meta property=\"og:image:height\" content=\"709\" \/>\n\t<meta property=\"og:image:type\" content=\"image\/jpeg\" \/>\n<meta name=\"twitter:card\" content=\"summary_large_image\" \/>\n<meta name=\"twitter:label1\" content=\"Estimated reading time\" \/>\n\t<meta name=\"twitter:data1\" content=\"1 minute\" \/>\n<script type=\"application\/ld+json\" class=\"yoast-schema-graph\">{\"@context\":\"https:\/\/schema.org\",\"@graph\":[{\"@type\":\"WebPage\",\"@id\":\"https:\/\/skaitytaknyga.lt\/produktas\/__trashed-330\/\",\"url\":\"https:\/\/skaitytaknyga.lt\/produktas\/__trashed-330\/\",\"name\":\"\u201eBurtininkas. Nemirtingojo Nikolo Flamelio paslaptys\",\"isPartOf\":{\"@id\":\"https:\/\/skaitytaknyga.lt\/#website\"},\"primaryImageOfPage\":{\"@id\":\"https:\/\/skaitytaknyga.lt\/produktas\/__trashed-330\/#primaryimage\"},\"image\":{\"@id\":\"https:\/\/skaitytaknyga.lt\/produktas\/__trashed-330\/#primaryimage\"},\"thumbnailUrl\":\"https:\/\/skaitytaknyga.lt\/wp-content\/uploads\/2024\/04\/1462873186_burtininkasvirselis2d.jpg\",\"datePublished\":\"2024-04-17T13:06:26+00:00\",\"dateModified\":\"2026-03-05T13:42:53+00:00\",\"description\":\"Ketvirtoji fantastikos karaliumi tituluojamo Michaelo Scotto knyg\u0173 serijos apie nemirtingojo Nikolo Flamelio nuotykius dalis Burtininkas \u012ftraukia \u012f stebukling\u0105 pasaul\u012f, kuriame kasdienyb\u0117 pinasi su mitais, \u0161iuolaikiniai \u017emon\u0117s bendrauja su mitologin\u0117mis bei istorin\u0117mis b\u016btyb\u0117mis, o riba tarp g\u0117rio ir blogio da\u017enai neap\u010diuopiama. Laikas pra\u017e\u016btingas\u00a0Kodeks\u0105\u00a0praradusiems Nikolui ir Perenelei. Vienintel\u0117 j\u0173 viltis \u2013 Sofi ir D\u017eo\u0161o pagalba. Bet su aukso ir sidabro auromis gim\u0119 dvyniai sutrik\u0119: jiems nepavyko \u012fgyti tiek stebukling\u0173 gali\u0173, kad gal\u0117t\u0173 apsiginti patys, juos ir toliau persekioja visat\u0105 pavergti u\u017esimoj\u0119s D\u017eonas Di ir vis da\u017eniau kyla abejoni\u0173, ar glob\u0117jas nemanipuliuoja jais savo naudai. Kaip i\u0161gelb\u0117ti pasaul\u012f, kai net ne\u017einai, kas tavo prie\u0161ai, o kas draugai?\",\"breadcrumb\":{\"@id\":\"https:\/\/skaitytaknyga.lt\/produktas\/__trashed-330\/#breadcrumb\"},\"inLanguage\":\"en-GB\",\"potentialAction\":[{\"@type\":\"ReadAction\",\"target\":[\"https:\/\/skaitytaknyga.lt\/produktas\/__trashed-330\/\"]}]},{\"@type\":\"ImageObject\",\"inLanguage\":\"en-GB\",\"@id\":\"https:\/\/skaitytaknyga.lt\/produktas\/__trashed-330\/#primaryimage\",\"url\":\"https:\/\/skaitytaknyga.lt\/wp-content\/uploads\/2024\/04\/1462873186_burtininkasvirselis2d.jpg\",\"contentUrl\":\"https:\/\/skaitytaknyga.lt\/wp-content\/uploads\/2024\/04\/1462873186_burtininkasvirselis2d.jpg\",\"width\":434,\"height\":709},{\"@type\":\"BreadcrumbList\",\"@id\":\"https:\/\/skaitytaknyga.lt\/produktas\/__trashed-330\/#breadcrumb\",\"itemListElement\":[{\"@type\":\"ListItem\",\"position\":1,\"name\":\"Home\",\"item\":\"https:\/\/skaitytaknyga.lt\/\"},{\"@type\":\"ListItem\",\"position\":2,\"name\":\"Parduotuv\u0117\",\"item\":\"https:\/\/skaitytaknyga.lt\/knygu-parduotuve\/\"},{\"@type\":\"ListItem\",\"position\":3,\"name\":\"\u201eBurtininkas. Nemirtingojo Nikolo Flamelio paslaptys\"}]},{\"@type\":\"WebSite\",\"@id\":\"https:\/\/skaitytaknyga.lt\/#website\",\"url\":\"https:\/\/skaitytaknyga.lt\/\",\"name\":\"skaitytaknyga.lt\",\"description\":\"Skaitytaknyga.lt \u2013 tai ma\u017eas \u0161eimos verslas, kuris prasid\u0117jo nuo meil\u0117s knygoms ir siekio i\u0161gelb\u0117ti knygas nuo likimo prie konteinerio. Kas vienam nereikalingas daiktas \u2013 kitam lobis, o mes esame tarpininkai, kurie padeda abiems tapti laimingesniems ???? \u017dinome kaip nelengva i\u0161gyventi ma\u017eiems verslams, tad nuo \u0161iol, \u010dia rasite ir kit\u0173, ma\u017e\u0173 \u0161eim\u0173 versl\u0173, rank\u0173 darbo, dovan\u0173 sau ir artimiesiems.\",\"publisher\":{\"@id\":\"https:\/\/skaitytaknyga.lt\/#organization\"},\"potentialAction\":[{\"@type\":\"SearchAction\",\"target\":{\"@type\":\"EntryPoint\",\"urlTemplate\":\"https:\/\/skaitytaknyga.lt\/?s={search_term_string}\"},\"query-input\":{\"@type\":\"PropertyValueSpecification\",\"valueRequired\":true,\"valueName\":\"search_term_string\"}}],\"inLanguage\":\"en-GB\"},{\"@type\":\"Organization\",\"@id\":\"https:\/\/skaitytaknyga.lt\/#organization\",\"name\":\"skaitytaknyga.lt\",\"url\":\"https:\/\/skaitytaknyga.lt\/\",\"logo\":{\"@type\":\"ImageObject\",\"inLanguage\":\"en-GB\",\"@id\":\"https:\/\/skaitytaknyga.lt\/#\/schema\/logo\/image\/\",\"url\":\"https:\/\/skaitytaknyga.lt\/wp-content\/uploads\/2024\/05\/cropped-cropped-cropped-02_00843_jt3bggkj1j3HLc7SyY6rEUpg.jpeg\",\"contentUrl\":\"https:\/\/skaitytaknyga.lt\/wp-content\/uploads\/2024\/05\/cropped-cropped-cropped-02_00843_jt3bggkj1j3HLc7SyY6rEUpg.jpeg\",\"width\":1600,\"height\":1600,\"caption\":\"skaitytaknyga.lt\"},\"image\":{\"@id\":\"https:\/\/skaitytaknyga.lt\/#\/schema\/logo\/image\/\"},\"sameAs\":[\"https:\/\/www.facebook.com\/skaitytaknyga\/\"]}]}<\/script>\n<!-- \/ Yoast SEO plugin. -->","yoast_head_json":{"title":"\u201eBurtininkas. Nemirtingojo Nikolo Flamelio paslaptys","description":"Ketvirtoji fantastikos karaliumi tituluojamo Michaelo Scotto knyg\u0173 serijos apie nemirtingojo Nikolo Flamelio nuotykius dalis Burtininkas \u012ftraukia \u012f stebukling\u0105 pasaul\u012f, kuriame kasdienyb\u0117 pinasi su mitais, \u0161iuolaikiniai \u017emon\u0117s bendrauja su mitologin\u0117mis bei istorin\u0117mis b\u016btyb\u0117mis, o riba tarp g\u0117rio ir blogio da\u017enai neap\u010diuopiama.  Laikas pra\u017e\u016btingas\u00a0Kodeks\u0105\u00a0praradusiems Nikolui ir Perenelei. Vienintel\u0117 j\u0173 viltis \u2013 Sofi ir D\u017eo\u0161o pagalba. Bet su aukso ir sidabro auromis gim\u0119 dvyniai sutrik\u0119: jiems nepavyko \u012fgyti tiek stebukling\u0173 gali\u0173, kad gal\u0117t\u0173 apsiginti patys, juos ir toliau persekioja visat\u0105 pavergti u\u017esimoj\u0119s D\u017eonas Di ir vis da\u017eniau kyla abejoni\u0173, ar glob\u0117jas nemanipuliuoja jais savo naudai. Kaip i\u0161gelb\u0117ti pasaul\u012f, kai net ne\u017einai, kas tavo prie\u0161ai, o kas draugai?","robots":{"index":"index","follow":"follow","max-snippet":"max-snippet:-1","max-image-preview":"max-image-preview:large","max-video-preview":"max-video-preview:-1"},"canonical":"https:\/\/skaitytaknyga.lt\/en\/produktas\/__trashed-330\/","og_locale":"en_GB","og_type":"article","og_title":"[:lt]\u201eBurtininkas. Nemirtingojo Nikolo Flamelio paslaptys[:] - Skaitytaknyga","og_description":"Ketvirtoji fantastikos karaliumi tituluojamo Michaelo Scotto knyg\u0173 serijos apie nemirtingojo Nikolo Flamelio nuotykius dalis Burtininkas \u012ftraukia \u012f stebukling\u0105 pasaul\u012f, kuriame kasdienyb\u0117 pinasi su mitais, \u0161iuolaikiniai \u017emon\u0117s bendrauja su mitologin\u0117mis bei istorin\u0117mis b\u016btyb\u0117mis, o riba tarp g\u0117rio ir blogio da\u017enai neap\u010diuopiama.  Laikas pra\u017e\u016btingas\u00a0Kodeks\u0105\u00a0praradusiems Nikolui ir Perenelei. Vienintel\u0117 j\u0173 viltis \u2013 Sofi ir D\u017eo\u0161o pagalba. Bet su aukso ir sidabro auromis gim\u0119 dvyniai sutrik\u0119: jiems nepavyko \u012fgyti tiek stebukling\u0173 gali\u0173, kad gal\u0117t\u0173 apsiginti patys, juos ir toliau persekioja visat\u0105 pavergti u\u017esimoj\u0119s D\u017eonas Di ir vis da\u017eniau kyla abejoni\u0173, ar glob\u0117jas nemanipuliuoja jais savo naudai. Kaip i\u0161gelb\u0117ti pasaul\u012f, kai net ne\u017einai, kas tavo prie\u0161ai, o kas draugai?","og_url":"https:\/\/skaitytaknyga.lt\/en\/produktas\/__trashed-330\/","og_site_name":"Skaitytaknyga","article_publisher":"https:\/\/www.facebook.com\/skaitytaknyga\/","article_modified_time":"2026-03-05T13:42:53+00:00","og_image":[{"width":434,"height":709,"url":"https:\/\/skaitytaknyga.lt\/wp-content\/uploads\/2024\/04\/1462873186_burtininkasvirselis2d.jpg","type":"image\/jpeg"}],"twitter_card":"summary_large_image","twitter_misc":{"Estimated reading time":"1 minute"},"schema":{"@context":"https:\/\/schema.org","@graph":[{"@type":"WebPage","@id":"https:\/\/skaitytaknyga.lt\/produktas\/__trashed-330\/","url":"https:\/\/skaitytaknyga.lt\/produktas\/__trashed-330\/","name":"\u201eBurtininkas. Nemirtingojo Nikolo Flamelio paslaptys","isPartOf":{"@id":"https:\/\/skaitytaknyga.lt\/#website"},"primaryImageOfPage":{"@id":"https:\/\/skaitytaknyga.lt\/produktas\/__trashed-330\/#primaryimage"},"image":{"@id":"https:\/\/skaitytaknyga.lt\/produktas\/__trashed-330\/#primaryimage"},"thumbnailUrl":"https:\/\/skaitytaknyga.lt\/wp-content\/uploads\/2024\/04\/1462873186_burtininkasvirselis2d.jpg","datePublished":"2024-04-17T13:06:26+00:00","dateModified":"2026-03-05T13:42:53+00:00","description":"Ketvirtoji fantastikos karaliumi tituluojamo Michaelo Scotto knyg\u0173 serijos apie nemirtingojo Nikolo Flamelio nuotykius dalis Burtininkas \u012ftraukia \u012f stebukling\u0105 pasaul\u012f, kuriame kasdienyb\u0117 pinasi su mitais, \u0161iuolaikiniai \u017emon\u0117s bendrauja su mitologin\u0117mis bei istorin\u0117mis b\u016btyb\u0117mis, o riba tarp g\u0117rio ir blogio da\u017enai neap\u010diuopiama. Laikas pra\u017e\u016btingas\u00a0Kodeks\u0105\u00a0praradusiems Nikolui ir Perenelei. Vienintel\u0117 j\u0173 viltis \u2013 Sofi ir D\u017eo\u0161o pagalba. Bet su aukso ir sidabro auromis gim\u0119 dvyniai sutrik\u0119: jiems nepavyko \u012fgyti tiek stebukling\u0173 gali\u0173, kad gal\u0117t\u0173 apsiginti patys, juos ir toliau persekioja visat\u0105 pavergti u\u017esimoj\u0119s D\u017eonas Di ir vis da\u017eniau kyla abejoni\u0173, ar glob\u0117jas nemanipuliuoja jais savo naudai. Kaip i\u0161gelb\u0117ti pasaul\u012f, kai net ne\u017einai, kas tavo prie\u0161ai, o kas draugai?","breadcrumb":{"@id":"https:\/\/skaitytaknyga.lt\/produktas\/__trashed-330\/#breadcrumb"},"inLanguage":"en-GB","potentialAction":[{"@type":"ReadAction","target":["https:\/\/skaitytaknyga.lt\/produktas\/__trashed-330\/"]}]},{"@type":"ImageObject","inLanguage":"en-GB","@id":"https:\/\/skaitytaknyga.lt\/produktas\/__trashed-330\/#primaryimage","url":"https:\/\/skaitytaknyga.lt\/wp-content\/uploads\/2024\/04\/1462873186_burtininkasvirselis2d.jpg","contentUrl":"https:\/\/skaitytaknyga.lt\/wp-content\/uploads\/2024\/04\/1462873186_burtininkasvirselis2d.jpg","width":434,"height":709},{"@type":"BreadcrumbList","@id":"https:\/\/skaitytaknyga.lt\/produktas\/__trashed-330\/#breadcrumb","itemListElement":[{"@type":"ListItem","position":1,"name":"Home","item":"https:\/\/skaitytaknyga.lt\/"},{"@type":"ListItem","position":2,"name":"Parduotuv\u0117","item":"https:\/\/skaitytaknyga.lt\/knygu-parduotuve\/"},{"@type":"ListItem","position":3,"name":"\u201eBurtininkas. Nemirtingojo Nikolo Flamelio paslaptys"}]},{"@type":"WebSite","@id":"https:\/\/skaitytaknyga.lt\/#website","url":"https:\/\/skaitytaknyga.lt\/","name":"skaitytaknyga.lt","description":"Skaitytaknyga.lt \u2013 tai ma\u017eas \u0161eimos verslas, kuris prasid\u0117jo nuo meil\u0117s knygoms ir siekio i\u0161gelb\u0117ti knygas nuo likimo prie konteinerio. Kas vienam nereikalingas daiktas \u2013 kitam lobis, o mes esame tarpininkai, kurie padeda abiems tapti laimingesniems ???? \u017dinome kaip nelengva i\u0161gyventi ma\u017eiems verslams, tad nuo \u0161iol, \u010dia rasite ir kit\u0173, ma\u017e\u0173 \u0161eim\u0173 versl\u0173, rank\u0173 darbo, dovan\u0173 sau ir artimiesiems.","publisher":{"@id":"https:\/\/skaitytaknyga.lt\/#organization"},"potentialAction":[{"@type":"SearchAction","target":{"@type":"EntryPoint","urlTemplate":"https:\/\/skaitytaknyga.lt\/?s={search_term_string}"},"query-input":{"@type":"PropertyValueSpecification","valueRequired":true,"valueName":"search_term_string"}}],"inLanguage":"en-GB"},{"@type":"Organization","@id":"https:\/\/skaitytaknyga.lt\/#organization","name":"skaitytaknyga.lt","url":"https:\/\/skaitytaknyga.lt\/","logo":{"@type":"ImageObject","inLanguage":"en-GB","@id":"https:\/\/skaitytaknyga.lt\/#\/schema\/logo\/image\/","url":"https:\/\/skaitytaknyga.lt\/wp-content\/uploads\/2024\/05\/cropped-cropped-cropped-02_00843_jt3bggkj1j3HLc7SyY6rEUpg.jpeg","contentUrl":"https:\/\/skaitytaknyga.lt\/wp-content\/uploads\/2024\/05\/cropped-cropped-cropped-02_00843_jt3bggkj1j3HLc7SyY6rEUpg.jpeg","width":1600,"height":1600,"caption":"skaitytaknyga.lt"},"image":{"@id":"https:\/\/skaitytaknyga.lt\/#\/schema\/logo\/image\/"},"sameAs":["https:\/\/www.facebook.com\/skaitytaknyga\/"]}]}},"_links":{"self":[{"href":"https:\/\/skaitytaknyga.lt\/en\/wp-json\/wp\/v2\/product\/2199","targetHints":{"allow":["GET"]}}],"collection":[{"href":"https:\/\/skaitytaknyga.lt\/en\/wp-json\/wp\/v2\/product"}],"about":[{"href":"https:\/\/skaitytaknyga.lt\/en\/wp-json\/wp\/v2\/types\/product"}],"replies":[{"embeddable":true,"href":"https:\/\/skaitytaknyga.lt\/en\/wp-json\/wp\/v2\/comments?post=2199"}],"wp:featuredmedia":[{"embeddable":true,"href":"https:\/\/skaitytaknyga.lt\/en\/wp-json\/wp\/v2\/media\/2232"}],"wp:attachment":[{"href":"https:\/\/skaitytaknyga.lt\/en\/wp-json\/wp\/v2\/media?parent=2199"}],"wp:term":[{"taxonomy":"product_brand","embeddable":true,"href":"https:\/\/skaitytaknyga.lt\/en\/wp-json\/wp\/v2\/product_brand?post=2199"},{"taxonomy":"product_cat","embeddable":true,"href":"https:\/\/skaitytaknyga.lt\/en\/wp-json\/wp\/v2\/product_cat?post=2199"},{"taxonomy":"product_tag","embeddable":true,"href":"https:\/\/skaitytaknyga.lt\/en\/wp-json\/wp\/v2\/product_tag?post=2199"}],"curies":[{"name":"wp","href":"https:\/\/api.w.org\/{rel}","templated":true}]}}