{"id":21987,"date":"2025-11-13T20:46:14","date_gmt":"2025-11-13T18:46:14","guid":{"rendered":"https:\/\/skaitytaknyga.lt\/?post_type=product&#038;p=21987"},"modified":"2026-03-18T14:59:41","modified_gmt":"2026-03-18T12:59:41","slug":"senosios-lietuvos-valstybes-vardynas","status":"publish","type":"product","link":"https:\/\/skaitytaknyga.lt\/en\/produktas\/senosios-lietuvos-valstybes-vardynas\/","title":{"rendered":"Senosios Lietuvos valstyb\u0117s vardynas"},"content":{"rendered":"<p>\u0160i knyga \u2013 tai autoriaus atsakas \u012f \u0161iuo metu da\u017enus gin\u010dus tarp lietuvi\u0173 ir gud\u0173 istorik\u0173 d\u0117l Did\u017eiosios Lietuvos Kunigaik\u0161tijos kilm\u0117s. Gin\u010duose vis atsigr\u0119\u017eiama \u012f vardyn\u0105, juo argumentuojama. Da\u017enai tai daroma nekvalifikuotai, neteisingai ai\u0161kinami istoriniai dalykai.<br \/>\n\u0160ioje knygoje stengiamasi \u0161i\u0173 dien\u0173 kalbos mokslo duomenimis paai\u0161kinti Lietuvos valstyb\u0117s vardyn\u0105 \u2013 vietovard\u017eius ir asmenvard\u017eius, kad toki\u0173 klaiding\u0173 samprotavim\u0173 ir komentar\u0173 rast\u0173si kuo ma\u017eiau.<br \/>\nKnyga skiriama ir menkai su kalbos mokslu susipa\u017einusiems, ir i\u0161silavinusiems skaitytojams, net kalbininkams bei studentijai, moksleivijai \u2013 visiems, kam \u012fdomi m\u016bs\u0173 valstyb\u0117s praeitis ir dabartis.<\/p>\n","protected":false},"excerpt":{"rendered":"<p>\u0160i knyga \u2013 tai autoriaus atsakas \u012f \u0161iuo metu da\u017enus gin\u010dus tarp lietuvi\u0173 ir gud\u0173 istorik\u0173 d\u0117l Did\u017eiosios Lietuvos Kunigaik\u0161tijos kilm\u0117s. Gin\u010duose vis atsigr\u0119\u017eiama \u012f vardyn\u0105, juo argumentuojama. Da\u017enai tai daroma nekvalifikuotai, neteisingai ai\u0161kinami istoriniai dalykai. \u0160ioje knygoje stengiamasi \u0161i\u0173 dien\u0173 kalbos mokslo duomenimis paai\u0161kinti Lietuvos valstyb\u0117s vardyn\u0105 \u2013 vietovard\u017eius ir asmenvard\u017eius, kad toki\u0173 klaiding\u0173 samprotavim\u0173 ir komentar\u0173 rast\u0173si kuo ma\u017eiau. Knyga skiriama ir menkai su kalbos mokslu susipa\u017einusiems, ir i\u0161silavinusiems skaitytojams, net kalbininkams bei studentijai, moksleivijai \u2013 visiems, kam \u012fdomi m\u016bs\u0173 valstyb\u0117s praeitis ir dabartis.<\/p>\n","protected":false},"featured_media":21992,"comment_status":"open","ping_status":"closed","template":"","meta":{"_acf_changed":false,"site-sidebar-layout":"default","site-content-layout":"","ast-site-content-layout":"default","site-content-style":"default","site-sidebar-style":"default","ast-global-header-display":"","ast-banner-title-visibility":"","ast-main-header-display":"","ast-hfb-above-header-display":"","ast-hfb-below-header-display":"","ast-hfb-mobile-header-display":"","site-post-title":"","ast-breadcrumbs-content":"","ast-featured-img":"","footer-sml-layout":"","ast-disable-related-posts":"","theme-transparent-header-meta":"","adv-header-id-meta":"","stick-header-meta":"","header-above-stick-meta":"","header-main-stick-meta":"","header-below-stick-meta":"","astra-migrate-meta-layouts":"default","ast-page-background-enabled":"default","ast-page-background-meta":{"desktop":{"background-color":"","background-image":"","background-repeat":"repeat","background-position":"center center","background-size":"auto","background-attachment":"scroll","background-type":"","background-media":"","overlay-type":"","overlay-color":"","overlay-opacity":"","overlay-gradient":""},"tablet":{"background-color":"","background-image":"","background-repeat":"repeat","background-position":"center center","background-size":"auto","background-attachment":"scroll","background-type":"","background-media":"","overlay-type":"","overlay-color":"","overlay-opacity":"","overlay-gradient":""},"mobile":{"background-color":"","background-image":"","background-repeat":"repeat","background-position":"center center","background-size":"auto","background-attachment":"scroll","background-type":"","background-media":"","overlay-type":"","overlay-color":"","overlay-opacity":"","overlay-gradient":""}},"ast-content-background-meta":{"desktop":{"background-color":"var(--ast-global-color-4)","background-image":"","background-repeat":"repeat","background-position":"center center","background-size":"auto","background-attachment":"scroll","background-type":"","background-media":"","overlay-type":"","overlay-color":"","overlay-opacity":"","overlay-gradient":""},"tablet":{"background-color":"var(--ast-global-color-4)","background-image":"","background-repeat":"repeat","background-position":"center center","background-size":"auto","background-attachment":"scroll","background-type":"","background-media":"","overlay-type":"","overlay-color":"","overlay-opacity":"","overlay-gradient":""},"mobile":{"background-color":"var(--ast-global-color-4)","background-image":"","background-repeat":"repeat","background-position":"center center","background-size":"auto","background-attachment":"scroll","background-type":"","background-media":"","overlay-type":"","overlay-color":"","overlay-opacity":"","overlay-gradient":""}}},"product_brand":[],"product_cat":[9862,174],"product_tag":[],"class_list":{"0":"post-21987","1":"product","2":"type-product","3":"status-publish","4":"has-post-thumbnail","6":"product_cat-lietuvos-istorija","7":"product_cat-istorija-ir-politologija","8":"desktop-align-left","9":"tablet-align-left","10":"mobile-align-left","12":"first","13":"instock","14":"shipping-taxable","15":"purchasable","16":"product-type-simple"},"acf":[],"yoast_head":"<!-- This site is optimized with the Yoast SEO plugin v27.0 - https:\/\/yoast.com\/product\/yoast-seo-wordpress\/ -->\n<title>Senosios Lietuvos valstyb\u0117s vardynas<\/title>\n<meta name=\"description\" content=\"\u0160i knyga \u2013 tai autoriaus atsakas \u012f \u0161iuo metu da\u017enus gin\u010dus tarp lietuvi\u0173 ir gud\u0173 istorik\u0173 d\u0117l Did\u017eiosios Lietuvos Kunigaik\u0161tijos kilm\u0117s. Gin\u010duose vis\" \/>\n<meta name=\"robots\" content=\"index, follow, max-snippet:-1, max-image-preview:large, max-video-preview:-1\" \/>\n<link rel=\"canonical\" href=\"https:\/\/skaitytaknyga.lt\/en\/produktas\/senosios-lietuvos-valstybes-vardynas\/\" \/>\n<meta property=\"og:locale\" content=\"en_GB\" \/>\n<meta property=\"og:locale:alternate\" content=\"lt_LT\" \/>\n<meta property=\"og:type\" content=\"article\" \/>\n<meta property=\"og:title\" content=\"Senosios Lietuvos valstyb\u0117s vardynas\" \/>\n<meta property=\"og:description\" content=\"\u0160i knyga \u2013 tai autoriaus atsakas \u012f \u0161iuo metu da\u017enus gin\u010dus tarp lietuvi\u0173 ir gud\u0173 istorik\u0173 d\u0117l Did\u017eiosios Lietuvos Kunigaik\u0161tijos kilm\u0117s. Gin\u010duose vis\" \/>\n<meta property=\"og:url\" content=\"https:\/\/skaitytaknyga.lt\/en\/produktas\/senosios-lietuvos-valstybes-vardynas\/\" \/>\n<meta property=\"og:site_name\" content=\"Skaitytaknyga\" \/>\n<meta property=\"article:publisher\" content=\"https:\/\/www.facebook.com\/skaitytaknyga\/\" \/>\n<meta property=\"article:modified_time\" content=\"2026-03-18T12:59:41+00:00\" \/>\n<meta property=\"og:image\" content=\"https:\/\/skaitytaknyga.lt\/wp-content\/uploads\/2025\/11\/Senosios-Lietuvos-valstybes-vardynas.webp\" \/>\n\t<meta property=\"og:image:width\" content=\"404\" \/>\n\t<meta property=\"og:image:height\" content=\"575\" \/>\n\t<meta property=\"og:image:type\" content=\"image\/webp\" \/>\n<meta name=\"twitter:card\" content=\"summary_large_image\" \/>\n<meta name=\"twitter:label1\" content=\"Estimated reading time\" \/>\n\t<meta name=\"twitter:data1\" content=\"1 minute\" \/>\n<script type=\"application\/ld+json\" class=\"yoast-schema-graph\">{\"@context\":\"https:\/\/schema.org\",\"@graph\":[{\"@type\":\"WebPage\",\"@id\":\"https:\/\/skaitytaknyga.lt\/produktas\/senosios-lietuvos-valstybes-vardynas\/\",\"url\":\"https:\/\/skaitytaknyga.lt\/produktas\/senosios-lietuvos-valstybes-vardynas\/\",\"name\":\"Senosios Lietuvos valstyb\u0117s vardynas\",\"isPartOf\":{\"@id\":\"https:\/\/skaitytaknyga.lt\/#website\"},\"primaryImageOfPage\":{\"@id\":\"https:\/\/skaitytaknyga.lt\/produktas\/senosios-lietuvos-valstybes-vardynas\/#primaryimage\"},\"image\":{\"@id\":\"https:\/\/skaitytaknyga.lt\/produktas\/senosios-lietuvos-valstybes-vardynas\/#primaryimage\"},\"thumbnailUrl\":\"https:\/\/skaitytaknyga.lt\/wp-content\/uploads\/2025\/11\/Senosios-Lietuvos-valstybes-vardynas.webp\",\"datePublished\":\"2025-11-13T18:46:14+00:00\",\"dateModified\":\"2026-03-18T12:59:41+00:00\",\"description\":\"\u0160i knyga \u2013 tai autoriaus atsakas \u012f \u0161iuo metu da\u017enus gin\u010dus tarp lietuvi\u0173 ir gud\u0173 istorik\u0173 d\u0117l Did\u017eiosios Lietuvos Kunigaik\u0161tijos kilm\u0117s. Gin\u010duose vis\",\"breadcrumb\":{\"@id\":\"https:\/\/skaitytaknyga.lt\/produktas\/senosios-lietuvos-valstybes-vardynas\/#breadcrumb\"},\"inLanguage\":\"en-GB\",\"potentialAction\":[{\"@type\":\"ReadAction\",\"target\":[\"https:\/\/skaitytaknyga.lt\/produktas\/senosios-lietuvos-valstybes-vardynas\/\"]}]},{\"@type\":\"ImageObject\",\"inLanguage\":\"en-GB\",\"@id\":\"https:\/\/skaitytaknyga.lt\/produktas\/senosios-lietuvos-valstybes-vardynas\/#primaryimage\",\"url\":\"https:\/\/skaitytaknyga.lt\/wp-content\/uploads\/2025\/11\/Senosios-Lietuvos-valstybes-vardynas.webp\",\"contentUrl\":\"https:\/\/skaitytaknyga.lt\/wp-content\/uploads\/2025\/11\/Senosios-Lietuvos-valstybes-vardynas.webp\",\"width\":404,\"height\":575},{\"@type\":\"BreadcrumbList\",\"@id\":\"https:\/\/skaitytaknyga.lt\/produktas\/senosios-lietuvos-valstybes-vardynas\/#breadcrumb\",\"itemListElement\":[{\"@type\":\"ListItem\",\"position\":1,\"name\":\"Home\",\"item\":\"https:\/\/skaitytaknyga.lt\/\"},{\"@type\":\"ListItem\",\"position\":2,\"name\":\"Parduotuv\u0117\",\"item\":\"https:\/\/skaitytaknyga.lt\/knygu-parduotuve\/\"},{\"@type\":\"ListItem\",\"position\":3,\"name\":\"Senosios Lietuvos valstyb\u0117s vardynas\"}]},{\"@type\":\"WebSite\",\"@id\":\"https:\/\/skaitytaknyga.lt\/#website\",\"url\":\"https:\/\/skaitytaknyga.lt\/\",\"name\":\"skaitytaknyga.lt\",\"description\":\"Skaitytaknyga.lt \u2013 tai ma\u017eas \u0161eimos verslas, kuris prasid\u0117jo nuo meil\u0117s knygoms ir siekio i\u0161gelb\u0117ti knygas nuo likimo prie konteinerio. Kas vienam nereikalingas daiktas \u2013 kitam lobis, o mes esame tarpininkai, kurie padeda abiems tapti laimingesniems ???? \u017dinome kaip nelengva i\u0161gyventi ma\u017eiems verslams, tad nuo \u0161iol, \u010dia rasite ir kit\u0173, ma\u017e\u0173 \u0161eim\u0173 versl\u0173, rank\u0173 darbo, dovan\u0173 sau ir artimiesiems.\",\"publisher\":{\"@id\":\"https:\/\/skaitytaknyga.lt\/#organization\"},\"potentialAction\":[{\"@type\":\"SearchAction\",\"target\":{\"@type\":\"EntryPoint\",\"urlTemplate\":\"https:\/\/skaitytaknyga.lt\/?s={search_term_string}\"},\"query-input\":{\"@type\":\"PropertyValueSpecification\",\"valueRequired\":true,\"valueName\":\"search_term_string\"}}],\"inLanguage\":\"en-GB\"},{\"@type\":\"Organization\",\"@id\":\"https:\/\/skaitytaknyga.lt\/#organization\",\"name\":\"skaitytaknyga.lt\",\"url\":\"https:\/\/skaitytaknyga.lt\/\",\"logo\":{\"@type\":\"ImageObject\",\"inLanguage\":\"en-GB\",\"@id\":\"https:\/\/skaitytaknyga.lt\/#\/schema\/logo\/image\/\",\"url\":\"https:\/\/skaitytaknyga.lt\/wp-content\/uploads\/2024\/05\/cropped-cropped-cropped-02_00843_jt3bggkj1j3HLc7SyY6rEUpg.jpeg\",\"contentUrl\":\"https:\/\/skaitytaknyga.lt\/wp-content\/uploads\/2024\/05\/cropped-cropped-cropped-02_00843_jt3bggkj1j3HLc7SyY6rEUpg.jpeg\",\"width\":1600,\"height\":1600,\"caption\":\"skaitytaknyga.lt\"},\"image\":{\"@id\":\"https:\/\/skaitytaknyga.lt\/#\/schema\/logo\/image\/\"},\"sameAs\":[\"https:\/\/www.facebook.com\/skaitytaknyga\/\"]}]}<\/script>\n<!-- \/ Yoast SEO plugin. -->","yoast_head_json":{"title":"Senosios Lietuvos valstyb\u0117s vardynas","description":"\u0160i knyga \u2013 tai autoriaus atsakas \u012f \u0161iuo metu da\u017enus gin\u010dus tarp lietuvi\u0173 ir gud\u0173 istorik\u0173 d\u0117l Did\u017eiosios Lietuvos Kunigaik\u0161tijos kilm\u0117s. Gin\u010duose vis","robots":{"index":"index","follow":"follow","max-snippet":"max-snippet:-1","max-image-preview":"max-image-preview:large","max-video-preview":"max-video-preview:-1"},"canonical":"https:\/\/skaitytaknyga.lt\/en\/produktas\/senosios-lietuvos-valstybes-vardynas\/","og_locale":"en_GB","og_type":"article","og_title":"[:lt]Senosios Lietuvos valstyb\u0117s vardynas[:] - Skaitytaknyga","og_description":"\u0160i knyga \u2013 tai autoriaus atsakas \u012f \u0161iuo metu da\u017enus gin\u010dus tarp lietuvi\u0173 ir gud\u0173 istorik\u0173 d\u0117l Did\u017eiosios Lietuvos Kunigaik\u0161tijos kilm\u0117s. Gin\u010duose vis","og_url":"https:\/\/skaitytaknyga.lt\/en\/produktas\/senosios-lietuvos-valstybes-vardynas\/","og_site_name":"Skaitytaknyga","article_publisher":"https:\/\/www.facebook.com\/skaitytaknyga\/","article_modified_time":"2026-03-18T12:59:41+00:00","og_image":[{"width":404,"height":575,"url":"https:\/\/skaitytaknyga.lt\/wp-content\/uploads\/2025\/11\/Senosios-Lietuvos-valstybes-vardynas.webp","type":"image\/webp"}],"twitter_card":"summary_large_image","twitter_misc":{"Estimated reading time":"1 minute"},"schema":{"@context":"https:\/\/schema.org","@graph":[{"@type":"WebPage","@id":"https:\/\/skaitytaknyga.lt\/produktas\/senosios-lietuvos-valstybes-vardynas\/","url":"https:\/\/skaitytaknyga.lt\/produktas\/senosios-lietuvos-valstybes-vardynas\/","name":"Senosios Lietuvos valstyb\u0117s vardynas","isPartOf":{"@id":"https:\/\/skaitytaknyga.lt\/#website"},"primaryImageOfPage":{"@id":"https:\/\/skaitytaknyga.lt\/produktas\/senosios-lietuvos-valstybes-vardynas\/#primaryimage"},"image":{"@id":"https:\/\/skaitytaknyga.lt\/produktas\/senosios-lietuvos-valstybes-vardynas\/#primaryimage"},"thumbnailUrl":"https:\/\/skaitytaknyga.lt\/wp-content\/uploads\/2025\/11\/Senosios-Lietuvos-valstybes-vardynas.webp","datePublished":"2025-11-13T18:46:14+00:00","dateModified":"2026-03-18T12:59:41+00:00","description":"\u0160i knyga \u2013 tai autoriaus atsakas \u012f \u0161iuo metu da\u017enus gin\u010dus tarp lietuvi\u0173 ir gud\u0173 istorik\u0173 d\u0117l Did\u017eiosios Lietuvos Kunigaik\u0161tijos kilm\u0117s. Gin\u010duose vis","breadcrumb":{"@id":"https:\/\/skaitytaknyga.lt\/produktas\/senosios-lietuvos-valstybes-vardynas\/#breadcrumb"},"inLanguage":"en-GB","potentialAction":[{"@type":"ReadAction","target":["https:\/\/skaitytaknyga.lt\/produktas\/senosios-lietuvos-valstybes-vardynas\/"]}]},{"@type":"ImageObject","inLanguage":"en-GB","@id":"https:\/\/skaitytaknyga.lt\/produktas\/senosios-lietuvos-valstybes-vardynas\/#primaryimage","url":"https:\/\/skaitytaknyga.lt\/wp-content\/uploads\/2025\/11\/Senosios-Lietuvos-valstybes-vardynas.webp","contentUrl":"https:\/\/skaitytaknyga.lt\/wp-content\/uploads\/2025\/11\/Senosios-Lietuvos-valstybes-vardynas.webp","width":404,"height":575},{"@type":"BreadcrumbList","@id":"https:\/\/skaitytaknyga.lt\/produktas\/senosios-lietuvos-valstybes-vardynas\/#breadcrumb","itemListElement":[{"@type":"ListItem","position":1,"name":"Home","item":"https:\/\/skaitytaknyga.lt\/"},{"@type":"ListItem","position":2,"name":"Parduotuv\u0117","item":"https:\/\/skaitytaknyga.lt\/knygu-parduotuve\/"},{"@type":"ListItem","position":3,"name":"Senosios Lietuvos valstyb\u0117s vardynas"}]},{"@type":"WebSite","@id":"https:\/\/skaitytaknyga.lt\/#website","url":"https:\/\/skaitytaknyga.lt\/","name":"skaitytaknyga.lt","description":"Skaitytaknyga.lt \u2013 tai ma\u017eas \u0161eimos verslas, kuris prasid\u0117jo nuo meil\u0117s knygoms ir siekio i\u0161gelb\u0117ti knygas nuo likimo prie konteinerio. Kas vienam nereikalingas daiktas \u2013 kitam lobis, o mes esame tarpininkai, kurie padeda abiems tapti laimingesniems ???? \u017dinome kaip nelengva i\u0161gyventi ma\u017eiems verslams, tad nuo \u0161iol, \u010dia rasite ir kit\u0173, ma\u017e\u0173 \u0161eim\u0173 versl\u0173, rank\u0173 darbo, dovan\u0173 sau ir artimiesiems.","publisher":{"@id":"https:\/\/skaitytaknyga.lt\/#organization"},"potentialAction":[{"@type":"SearchAction","target":{"@type":"EntryPoint","urlTemplate":"https:\/\/skaitytaknyga.lt\/?s={search_term_string}"},"query-input":{"@type":"PropertyValueSpecification","valueRequired":true,"valueName":"search_term_string"}}],"inLanguage":"en-GB"},{"@type":"Organization","@id":"https:\/\/skaitytaknyga.lt\/#organization","name":"skaitytaknyga.lt","url":"https:\/\/skaitytaknyga.lt\/","logo":{"@type":"ImageObject","inLanguage":"en-GB","@id":"https:\/\/skaitytaknyga.lt\/#\/schema\/logo\/image\/","url":"https:\/\/skaitytaknyga.lt\/wp-content\/uploads\/2024\/05\/cropped-cropped-cropped-02_00843_jt3bggkj1j3HLc7SyY6rEUpg.jpeg","contentUrl":"https:\/\/skaitytaknyga.lt\/wp-content\/uploads\/2024\/05\/cropped-cropped-cropped-02_00843_jt3bggkj1j3HLc7SyY6rEUpg.jpeg","width":1600,"height":1600,"caption":"skaitytaknyga.lt"},"image":{"@id":"https:\/\/skaitytaknyga.lt\/#\/schema\/logo\/image\/"},"sameAs":["https:\/\/www.facebook.com\/skaitytaknyga\/"]}]}},"_links":{"self":[{"href":"https:\/\/skaitytaknyga.lt\/en\/wp-json\/wp\/v2\/product\/21987","targetHints":{"allow":["GET"]}}],"collection":[{"href":"https:\/\/skaitytaknyga.lt\/en\/wp-json\/wp\/v2\/product"}],"about":[{"href":"https:\/\/skaitytaknyga.lt\/en\/wp-json\/wp\/v2\/types\/product"}],"replies":[{"embeddable":true,"href":"https:\/\/skaitytaknyga.lt\/en\/wp-json\/wp\/v2\/comments?post=21987"}],"wp:featuredmedia":[{"embeddable":true,"href":"https:\/\/skaitytaknyga.lt\/en\/wp-json\/wp\/v2\/media\/21992"}],"wp:attachment":[{"href":"https:\/\/skaitytaknyga.lt\/en\/wp-json\/wp\/v2\/media?parent=21987"}],"wp:term":[{"taxonomy":"product_brand","embeddable":true,"href":"https:\/\/skaitytaknyga.lt\/en\/wp-json\/wp\/v2\/product_brand?post=21987"},{"taxonomy":"product_cat","embeddable":true,"href":"https:\/\/skaitytaknyga.lt\/en\/wp-json\/wp\/v2\/product_cat?post=21987"},{"taxonomy":"product_tag","embeddable":true,"href":"https:\/\/skaitytaknyga.lt\/en\/wp-json\/wp\/v2\/product_tag?post=21987"}],"curies":[{"name":"wp","href":"https:\/\/api.w.org\/{rel}","templated":true}]}}