{"id":21961,"date":"2025-11-13T19:16:58","date_gmt":"2025-11-13T17:16:58","guid":{"rendered":"https:\/\/skaitytaknyga.lt\/?post_type=product&#038;p=21961"},"modified":"2025-11-13T19:35:30","modified_gmt":"2025-11-13T17:35:30","slug":"papasakoti-gyvenima","status":"publish","type":"product","link":"https:\/\/skaitytaknyga.lt\/en\/produktas\/papasakoti-gyvenima\/","title":{"rendered":"Papasakoti gyvenim\u0105"},"content":{"rendered":"<p>Justino Marcinkevi\u010diaus mirties metin\u0117ms pasirodanti poezijos rinktin\u0117.<\/p>\n<p>Knyga, jau nepalyd\u0117ta reiklaus autoriaus \u017evilgsnio.<\/p>\n<p>Bet prat\u0119sianti Justino Marcinkevi\u010diaus poezijos gyvenim\u0105, kalb\u0117jim\u0105 \u017emogui lyg i\u0161 kokio auk\u0161tesnio \u017einojimo ar \u012fgaliojimo. Po poeto mirties jo k\u016bryba gyvena kitaip. Kitaip imame jausti bei suvokti ir Justin\u0105 Marcinkevi\u010di\u0173 \u2013 laisviau ir pla\u010diau. Kritikai kalba apie \u010ceslovo Milo\u0161o kontinent\u0105; apie Justin\u0105 Marcinkevi\u010di\u0173 tinka sakyti \u2013 \u017eem\u0117. Ir vienintel\u0117, ir visuotin\u0117, ir pa\u017ead\u0117toji. Gyvenimas \u2013 galima pridurti. Meil\u0117. Pareiga \u2013 nei\u0161vengiamai.<br \/>\n(&#8230;)<\/p>\n<p>Sudarant naujus poezijos sutelktinius variantus, reik\u0117t\u0173, kiek \u012fmanoma, laikytis paties poeto rinktin\u0117s princip\u0173. Rizikinga ry\u017etis kurti koki\u0105 nauj\u0105 strukt\u016br\u0105, k\u0105 nors i\u0161kelti \u012f priek\u012f, ry\u017etingiau temizuoti. Ir rinktinei \u201ePapasakoti gyvenim\u0105\u201c patikimiausia atrodo eiti laiko linija, remtis \u201ePoezijos\u201c dviknyge ir po jos i\u0161leistais rinkiniais, sekti kad ir nery\u0161ki\u0105 lyrinio pasakojimo gij\u0105.<\/p>\n<p>Ir i\u0161 rinktin\u0117s galima fiksuoti bent ry\u0161kesnius eil\u0117ra\u0161\u010dio kitimo ta\u0161kus: \u201eLiepsnojan\u010dio kr\u016bmo\u201c, \u201eGyvenimo \u0161velnaus prisiglaudimo\u201c, \u201eEil\u0117ra\u0161\u010di\u0173 i\u0161 dienora\u0161\u010dio\u201c, ma\u017e\u0173j\u0173 form\u0173, pirmiausia pasirod\u017eiusi\u0173 \u201e\u017dingsnyje\u201c, \u201eDienos drobul\u0117s\u201c. Pasakodamas gyvenim\u0105, eil\u0117ra\u0161tis pasakoja ir poet\u0105. Gilesnio pasakojimo n\u0117ra ir b\u016bti negali.<\/p>\n<p>Pasakoti gyvenim\u0105 \u2013 t\u0105 gali tik eil\u0117ra\u0161tis.<\/p>\n","protected":false},"excerpt":{"rendered":"<p>Justino Marcinkevi\u010diaus mirties metin\u0117ms pasirodanti poezijos rinktin\u0117. Knyga, jau nepalyd\u0117ta reiklaus autoriaus \u017evilgsnio. Bet prat\u0119sianti Justino Marcinkevi\u010diaus poezijos gyvenim\u0105, kalb\u0117jim\u0105 \u017emogui lyg i\u0161 kokio auk\u0161tesnio \u017einojimo ar \u012fgaliojimo. Po poeto mirties jo k\u016bryba gyvena kitaip. Kitaip imame jausti bei suvokti ir Justin\u0105 Marcinkevi\u010di\u0173 \u2013 laisviau ir pla\u010diau. Kritikai kalba apie \u010ceslovo Milo\u0161o kontinent\u0105; apie Justin\u0105 Marcinkevi\u010di\u0173 tinka sakyti \u2013 \u017eem\u0117. Ir vienintel\u0117, ir visuotin\u0117, ir pa\u017ead\u0117toji. Gyvenimas \u2013 galima pridurti. Meil\u0117. Pareiga \u2013 nei\u0161vengiamai. (&#8230;) Sudarant naujus poezijos sutelktinius variantus, reik\u0117t\u0173, kiek \u012fmanoma, laikytis paties poeto rinktin\u0117s princip\u0173. Rizikinga ry\u017etis kurti koki\u0105 nauj\u0105 strukt\u016br\u0105, k\u0105 nors i\u0161kelti \u012f priek\u012f, ry\u017etingiau temizuoti. Ir rinktinei \u201ePapasakoti gyvenim\u0105\u201c patikimiausia atrodo eiti laiko linija, remtis \u201ePoezijos\u201c dviknyge ir po jos i\u0161leistais rinkiniais, sekti kad ir nery\u0161ki\u0105 lyrinio pasakojimo gij\u0105. Ir i\u0161 rinktin\u0117s galima fiksuoti bent ry\u0161kesnius eil\u0117ra\u0161\u010dio kitimo ta\u0161kus: \u201eLiepsnojan\u010dio kr\u016bmo\u201c, \u201eGyvenimo \u0161velnaus prisiglaudimo\u201c, \u201eEil\u0117ra\u0161\u010di\u0173 i\u0161 dienora\u0161\u010dio\u201c, ma\u017e\u0173j\u0173 form\u0173, pirmiausia pasirod\u017eiusi\u0173 \u201e\u017dingsnyje\u201c, \u201eDienos drobul\u0117s\u201c. Pasakodamas gyvenim\u0105, eil\u0117ra\u0161tis pasakoja ir poet\u0105. Gilesnio pasakojimo n\u0117ra ir b\u016bti negali. Pasakoti gyvenim\u0105 \u2013 t\u0105 gali tik eil\u0117ra\u0161tis.<\/p>\n","protected":false},"featured_media":21965,"comment_status":"open","ping_status":"closed","template":"","meta":{"_acf_changed":false,"site-sidebar-layout":"default","site-content-layout":"","ast-site-content-layout":"default","site-content-style":"default","site-sidebar-style":"default","ast-global-header-display":"","ast-banner-title-visibility":"","ast-main-header-display":"","ast-hfb-above-header-display":"","ast-hfb-below-header-display":"","ast-hfb-mobile-header-display":"","site-post-title":"","ast-breadcrumbs-content":"","ast-featured-img":"","footer-sml-layout":"","ast-disable-related-posts":"","theme-transparent-header-meta":"","adv-header-id-meta":"","stick-header-meta":"","header-above-stick-meta":"","header-main-stick-meta":"","header-below-stick-meta":"","astra-migrate-meta-layouts":"default","ast-page-background-enabled":"default","ast-page-background-meta":{"desktop":{"background-color":"","background-image":"","background-repeat":"repeat","background-position":"center center","background-size":"auto","background-attachment":"scroll","background-type":"","background-media":"","overlay-type":"","overlay-color":"","overlay-opacity":"","overlay-gradient":""},"tablet":{"background-color":"","background-image":"","background-repeat":"repeat","background-position":"center center","background-size":"auto","background-attachment":"scroll","background-type":"","background-media":"","overlay-type":"","overlay-color":"","overlay-opacity":"","overlay-gradient":""},"mobile":{"background-color":"","background-image":"","background-repeat":"repeat","background-position":"center center","background-size":"auto","background-attachment":"scroll","background-type":"","background-media":"","overlay-type":"","overlay-color":"","overlay-opacity":"","overlay-gradient":""}},"ast-content-background-meta":{"desktop":{"background-color":"var(--ast-global-color-4)","background-image":"","background-repeat":"repeat","background-position":"center center","background-size":"auto","background-attachment":"scroll","background-type":"","background-media":"","overlay-type":"","overlay-color":"","overlay-opacity":"","overlay-gradient":""},"tablet":{"background-color":"var(--ast-global-color-4)","background-image":"","background-repeat":"repeat","background-position":"center center","background-size":"auto","background-attachment":"scroll","background-type":"","background-media":"","overlay-type":"","overlay-color":"","overlay-opacity":"","overlay-gradient":""},"mobile":{"background-color":"var(--ast-global-color-4)","background-image":"","background-repeat":"repeat","background-position":"center center","background-size":"auto","background-attachment":"scroll","background-type":"","background-media":"","overlay-type":"","overlay-color":"","overlay-opacity":"","overlay-gradient":""}}},"product_brand":[],"product_cat":[1085],"product_tag":[],"class_list":{"0":"post-21961","1":"product","2":"type-product","3":"status-publish","4":"has-post-thumbnail","6":"product_cat-poezija","7":"desktop-align-left","8":"tablet-align-left","9":"mobile-align-left","11":"first","12":"instock","13":"shipping-taxable","14":"purchasable","15":"product-type-simple"},"acf":[],"yoast_head":"<!-- This site is optimized with the Yoast SEO plugin v27.0 - https:\/\/yoast.com\/product\/yoast-seo-wordpress\/ -->\n<title>Papasakoti gyvenim\u0105<\/title>\n<meta name=\"description\" content=\"Justino Marcinkevi\u010diaus mirties metin\u0117ms pasirodanti poezijos rinktin\u0117. Knyga, jau nepalyd\u0117ta reiklaus autoriaus \u017evilgsnio. Bet prat\u0119sianti Justino\" \/>\n<meta name=\"robots\" content=\"index, follow, max-snippet:-1, max-image-preview:large, max-video-preview:-1\" \/>\n<link rel=\"canonical\" href=\"https:\/\/skaitytaknyga.lt\/en\/produktas\/papasakoti-gyvenima\/\" \/>\n<meta property=\"og:locale\" content=\"en_GB\" \/>\n<meta property=\"og:locale:alternate\" content=\"lt_LT\" \/>\n<meta property=\"og:type\" content=\"article\" \/>\n<meta property=\"og:title\" content=\"Papasakoti gyvenim\u0105\" \/>\n<meta property=\"og:description\" content=\"Justino Marcinkevi\u010diaus mirties metin\u0117ms pasirodanti poezijos rinktin\u0117. Knyga, jau nepalyd\u0117ta reiklaus autoriaus \u017evilgsnio. Bet prat\u0119sianti Justino\" \/>\n<meta property=\"og:url\" content=\"https:\/\/skaitytaknyga.lt\/en\/produktas\/papasakoti-gyvenima\/\" \/>\n<meta property=\"og:site_name\" content=\"Skaitytaknyga\" \/>\n<meta property=\"article:publisher\" content=\"https:\/\/www.facebook.com\/skaitytaknyga\/\" \/>\n<meta property=\"article:modified_time\" content=\"2025-11-13T17:35:30+00:00\" \/>\n<meta property=\"og:image\" content=\"https:\/\/skaitytaknyga.lt\/wp-content\/uploads\/2025\/11\/papasakoti-gyvenima-1.webp\" \/>\n\t<meta property=\"og:image:width\" content=\"300\" \/>\n\t<meta property=\"og:image:height\" content=\"450\" \/>\n\t<meta property=\"og:image:type\" content=\"image\/webp\" \/>\n<meta name=\"twitter:card\" content=\"summary_large_image\" \/>\n<meta name=\"twitter:label1\" content=\"Estimated reading time\" \/>\n\t<meta name=\"twitter:data1\" content=\"1 minute\" \/>\n<script type=\"application\/ld+json\" class=\"yoast-schema-graph\">{\"@context\":\"https:\/\/schema.org\",\"@graph\":[{\"@type\":\"WebPage\",\"@id\":\"https:\/\/skaitytaknyga.lt\/produktas\/papasakoti-gyvenima\/\",\"url\":\"https:\/\/skaitytaknyga.lt\/produktas\/papasakoti-gyvenima\/\",\"name\":\"Papasakoti gyvenim\u0105\",\"isPartOf\":{\"@id\":\"https:\/\/skaitytaknyga.lt\/#website\"},\"primaryImageOfPage\":{\"@id\":\"https:\/\/skaitytaknyga.lt\/produktas\/papasakoti-gyvenima\/#primaryimage\"},\"image\":{\"@id\":\"https:\/\/skaitytaknyga.lt\/produktas\/papasakoti-gyvenima\/#primaryimage\"},\"thumbnailUrl\":\"https:\/\/skaitytaknyga.lt\/wp-content\/uploads\/2025\/11\/papasakoti-gyvenima-1.webp\",\"datePublished\":\"2025-11-13T17:16:58+00:00\",\"dateModified\":\"2025-11-13T17:35:30+00:00\",\"description\":\"Justino Marcinkevi\u010diaus mirties metin\u0117ms pasirodanti poezijos rinktin\u0117. Knyga, jau nepalyd\u0117ta reiklaus autoriaus \u017evilgsnio. Bet prat\u0119sianti Justino\",\"breadcrumb\":{\"@id\":\"https:\/\/skaitytaknyga.lt\/produktas\/papasakoti-gyvenima\/#breadcrumb\"},\"inLanguage\":\"en-GB\",\"potentialAction\":[{\"@type\":\"ReadAction\",\"target\":[\"https:\/\/skaitytaknyga.lt\/produktas\/papasakoti-gyvenima\/\"]}]},{\"@type\":\"ImageObject\",\"inLanguage\":\"en-GB\",\"@id\":\"https:\/\/skaitytaknyga.lt\/produktas\/papasakoti-gyvenima\/#primaryimage\",\"url\":\"https:\/\/skaitytaknyga.lt\/wp-content\/uploads\/2025\/11\/papasakoti-gyvenima-1.webp\",\"contentUrl\":\"https:\/\/skaitytaknyga.lt\/wp-content\/uploads\/2025\/11\/papasakoti-gyvenima-1.webp\",\"width\":300,\"height\":450,\"caption\":\"Papasakoti gyvenim\u0105\"},{\"@type\":\"BreadcrumbList\",\"@id\":\"https:\/\/skaitytaknyga.lt\/produktas\/papasakoti-gyvenima\/#breadcrumb\",\"itemListElement\":[{\"@type\":\"ListItem\",\"position\":1,\"name\":\"Home\",\"item\":\"https:\/\/skaitytaknyga.lt\/\"},{\"@type\":\"ListItem\",\"position\":2,\"name\":\"Parduotuv\u0117\",\"item\":\"https:\/\/skaitytaknyga.lt\/knygu-parduotuve\/\"},{\"@type\":\"ListItem\",\"position\":3,\"name\":\"Papasakoti gyvenim\u0105\"}]},{\"@type\":\"WebSite\",\"@id\":\"https:\/\/skaitytaknyga.lt\/#website\",\"url\":\"https:\/\/skaitytaknyga.lt\/\",\"name\":\"skaitytaknyga.lt\",\"description\":\"Skaitytaknyga.lt \u2013 tai ma\u017eas \u0161eimos verslas, kuris prasid\u0117jo nuo meil\u0117s knygoms ir siekio i\u0161gelb\u0117ti knygas nuo likimo prie konteinerio. Kas vienam nereikalingas daiktas \u2013 kitam lobis, o mes esame tarpininkai, kurie padeda abiems tapti laimingesniems ???? \u017dinome kaip nelengva i\u0161gyventi ma\u017eiems verslams, tad nuo \u0161iol, \u010dia rasite ir kit\u0173, ma\u017e\u0173 \u0161eim\u0173 versl\u0173, rank\u0173 darbo, dovan\u0173 sau ir artimiesiems.\",\"publisher\":{\"@id\":\"https:\/\/skaitytaknyga.lt\/#organization\"},\"potentialAction\":[{\"@type\":\"SearchAction\",\"target\":{\"@type\":\"EntryPoint\",\"urlTemplate\":\"https:\/\/skaitytaknyga.lt\/?s={search_term_string}\"},\"query-input\":{\"@type\":\"PropertyValueSpecification\",\"valueRequired\":true,\"valueName\":\"search_term_string\"}}],\"inLanguage\":\"en-GB\"},{\"@type\":\"Organization\",\"@id\":\"https:\/\/skaitytaknyga.lt\/#organization\",\"name\":\"skaitytaknyga.lt\",\"url\":\"https:\/\/skaitytaknyga.lt\/\",\"logo\":{\"@type\":\"ImageObject\",\"inLanguage\":\"en-GB\",\"@id\":\"https:\/\/skaitytaknyga.lt\/#\/schema\/logo\/image\/\",\"url\":\"https:\/\/skaitytaknyga.lt\/wp-content\/uploads\/2024\/05\/cropped-cropped-cropped-02_00843_jt3bggkj1j3HLc7SyY6rEUpg.jpeg\",\"contentUrl\":\"https:\/\/skaitytaknyga.lt\/wp-content\/uploads\/2024\/05\/cropped-cropped-cropped-02_00843_jt3bggkj1j3HLc7SyY6rEUpg.jpeg\",\"width\":1600,\"height\":1600,\"caption\":\"skaitytaknyga.lt\"},\"image\":{\"@id\":\"https:\/\/skaitytaknyga.lt\/#\/schema\/logo\/image\/\"},\"sameAs\":[\"https:\/\/www.facebook.com\/skaitytaknyga\/\"]}]}<\/script>\n<!-- \/ Yoast SEO plugin. -->","yoast_head_json":{"title":"Papasakoti gyvenim\u0105","description":"Justino Marcinkevi\u010diaus mirties metin\u0117ms pasirodanti poezijos rinktin\u0117. Knyga, jau nepalyd\u0117ta reiklaus autoriaus \u017evilgsnio. Bet prat\u0119sianti Justino","robots":{"index":"index","follow":"follow","max-snippet":"max-snippet:-1","max-image-preview":"max-image-preview:large","max-video-preview":"max-video-preview:-1"},"canonical":"https:\/\/skaitytaknyga.lt\/en\/produktas\/papasakoti-gyvenima\/","og_locale":"en_GB","og_type":"article","og_title":"[:lt]Papasakoti gyvenim\u0105[:] - Skaitytaknyga","og_description":"Justino Marcinkevi\u010diaus mirties metin\u0117ms pasirodanti poezijos rinktin\u0117. Knyga, jau nepalyd\u0117ta reiklaus autoriaus \u017evilgsnio. Bet prat\u0119sianti Justino","og_url":"https:\/\/skaitytaknyga.lt\/en\/produktas\/papasakoti-gyvenima\/","og_site_name":"Skaitytaknyga","article_publisher":"https:\/\/www.facebook.com\/skaitytaknyga\/","article_modified_time":"2025-11-13T17:35:30+00:00","og_image":[{"width":300,"height":450,"url":"https:\/\/skaitytaknyga.lt\/wp-content\/uploads\/2025\/11\/papasakoti-gyvenima-1.webp","type":"image\/webp"}],"twitter_card":"summary_large_image","twitter_misc":{"Estimated reading time":"1 minute"},"schema":{"@context":"https:\/\/schema.org","@graph":[{"@type":"WebPage","@id":"https:\/\/skaitytaknyga.lt\/produktas\/papasakoti-gyvenima\/","url":"https:\/\/skaitytaknyga.lt\/produktas\/papasakoti-gyvenima\/","name":"Papasakoti gyvenim\u0105","isPartOf":{"@id":"https:\/\/skaitytaknyga.lt\/#website"},"primaryImageOfPage":{"@id":"https:\/\/skaitytaknyga.lt\/produktas\/papasakoti-gyvenima\/#primaryimage"},"image":{"@id":"https:\/\/skaitytaknyga.lt\/produktas\/papasakoti-gyvenima\/#primaryimage"},"thumbnailUrl":"https:\/\/skaitytaknyga.lt\/wp-content\/uploads\/2025\/11\/papasakoti-gyvenima-1.webp","datePublished":"2025-11-13T17:16:58+00:00","dateModified":"2025-11-13T17:35:30+00:00","description":"Justino Marcinkevi\u010diaus mirties metin\u0117ms pasirodanti poezijos rinktin\u0117. Knyga, jau nepalyd\u0117ta reiklaus autoriaus \u017evilgsnio. Bet prat\u0119sianti Justino","breadcrumb":{"@id":"https:\/\/skaitytaknyga.lt\/produktas\/papasakoti-gyvenima\/#breadcrumb"},"inLanguage":"en-GB","potentialAction":[{"@type":"ReadAction","target":["https:\/\/skaitytaknyga.lt\/produktas\/papasakoti-gyvenima\/"]}]},{"@type":"ImageObject","inLanguage":"en-GB","@id":"https:\/\/skaitytaknyga.lt\/produktas\/papasakoti-gyvenima\/#primaryimage","url":"https:\/\/skaitytaknyga.lt\/wp-content\/uploads\/2025\/11\/papasakoti-gyvenima-1.webp","contentUrl":"https:\/\/skaitytaknyga.lt\/wp-content\/uploads\/2025\/11\/papasakoti-gyvenima-1.webp","width":300,"height":450,"caption":"Papasakoti gyvenim\u0105"},{"@type":"BreadcrumbList","@id":"https:\/\/skaitytaknyga.lt\/produktas\/papasakoti-gyvenima\/#breadcrumb","itemListElement":[{"@type":"ListItem","position":1,"name":"Home","item":"https:\/\/skaitytaknyga.lt\/"},{"@type":"ListItem","position":2,"name":"Parduotuv\u0117","item":"https:\/\/skaitytaknyga.lt\/knygu-parduotuve\/"},{"@type":"ListItem","position":3,"name":"Papasakoti gyvenim\u0105"}]},{"@type":"WebSite","@id":"https:\/\/skaitytaknyga.lt\/#website","url":"https:\/\/skaitytaknyga.lt\/","name":"skaitytaknyga.lt","description":"Skaitytaknyga.lt \u2013 tai ma\u017eas \u0161eimos verslas, kuris prasid\u0117jo nuo meil\u0117s knygoms ir siekio i\u0161gelb\u0117ti knygas nuo likimo prie konteinerio. Kas vienam nereikalingas daiktas \u2013 kitam lobis, o mes esame tarpininkai, kurie padeda abiems tapti laimingesniems ???? \u017dinome kaip nelengva i\u0161gyventi ma\u017eiems verslams, tad nuo \u0161iol, \u010dia rasite ir kit\u0173, ma\u017e\u0173 \u0161eim\u0173 versl\u0173, rank\u0173 darbo, dovan\u0173 sau ir artimiesiems.","publisher":{"@id":"https:\/\/skaitytaknyga.lt\/#organization"},"potentialAction":[{"@type":"SearchAction","target":{"@type":"EntryPoint","urlTemplate":"https:\/\/skaitytaknyga.lt\/?s={search_term_string}"},"query-input":{"@type":"PropertyValueSpecification","valueRequired":true,"valueName":"search_term_string"}}],"inLanguage":"en-GB"},{"@type":"Organization","@id":"https:\/\/skaitytaknyga.lt\/#organization","name":"skaitytaknyga.lt","url":"https:\/\/skaitytaknyga.lt\/","logo":{"@type":"ImageObject","inLanguage":"en-GB","@id":"https:\/\/skaitytaknyga.lt\/#\/schema\/logo\/image\/","url":"https:\/\/skaitytaknyga.lt\/wp-content\/uploads\/2024\/05\/cropped-cropped-cropped-02_00843_jt3bggkj1j3HLc7SyY6rEUpg.jpeg","contentUrl":"https:\/\/skaitytaknyga.lt\/wp-content\/uploads\/2024\/05\/cropped-cropped-cropped-02_00843_jt3bggkj1j3HLc7SyY6rEUpg.jpeg","width":1600,"height":1600,"caption":"skaitytaknyga.lt"},"image":{"@id":"https:\/\/skaitytaknyga.lt\/#\/schema\/logo\/image\/"},"sameAs":["https:\/\/www.facebook.com\/skaitytaknyga\/"]}]}},"_links":{"self":[{"href":"https:\/\/skaitytaknyga.lt\/en\/wp-json\/wp\/v2\/product\/21961","targetHints":{"allow":["GET"]}}],"collection":[{"href":"https:\/\/skaitytaknyga.lt\/en\/wp-json\/wp\/v2\/product"}],"about":[{"href":"https:\/\/skaitytaknyga.lt\/en\/wp-json\/wp\/v2\/types\/product"}],"replies":[{"embeddable":true,"href":"https:\/\/skaitytaknyga.lt\/en\/wp-json\/wp\/v2\/comments?post=21961"}],"wp:featuredmedia":[{"embeddable":true,"href":"https:\/\/skaitytaknyga.lt\/en\/wp-json\/wp\/v2\/media\/21965"}],"wp:attachment":[{"href":"https:\/\/skaitytaknyga.lt\/en\/wp-json\/wp\/v2\/media?parent=21961"}],"wp:term":[{"taxonomy":"product_brand","embeddable":true,"href":"https:\/\/skaitytaknyga.lt\/en\/wp-json\/wp\/v2\/product_brand?post=21961"},{"taxonomy":"product_cat","embeddable":true,"href":"https:\/\/skaitytaknyga.lt\/en\/wp-json\/wp\/v2\/product_cat?post=21961"},{"taxonomy":"product_tag","embeddable":true,"href":"https:\/\/skaitytaknyga.lt\/en\/wp-json\/wp\/v2\/product_tag?post=21961"}],"curies":[{"name":"wp","href":"https:\/\/api.w.org\/{rel}","templated":true}]}}