{"id":2196,"date":"2024-04-17T13:06:25","date_gmt":"2024-04-17T13:06:25","guid":{"rendered":"https:\/\/skaitytaknyga.lt\/?post_type=product&#038;p=2196"},"modified":"2025-07-12T12:06:27","modified_gmt":"2025-07-12T09:06:27","slug":"tango-sokio-erotinio-prado-galia","status":"publish","type":"product","link":"https:\/\/skaitytaknyga.lt\/en\/produktas\/tango-sokio-erotinio-prado-galia\/","title":{"rendered":"Tango \u0161okio erotinio prado galia"},"content":{"rendered":"<p>Tango \u2013 tai am\u017einojo gyvenimo \u0161okio simbolis, tai \u0161okis, kur\u012f kiekviena karta atranda i\u0161 naujo. \u017dmogus laimingas tik tuomet, kai atskleid\u017eia ir i\u0161ugdo savo ly\u010diai b\u016bdingas savybes, kurias savyje atpa\u017einti ir i\u0161tobulinti galima tik glaud\u017eiai bendraujant, pa\u017e\u012fstant prie\u0161ing\u0105 lyt\u012f. Jeigu moteris n\u0117ra pakankamai moteri\u0161ka, o vyras \u2013 pakankamai vyri\u0161kas, tango jie tiesiog nesu\u0161oks.<\/p>\n<p>\u0160i knyga atskleid\u017eia ypating\u0105 tango \u017eaves\u012f, naujas eroso erdves, vidin\u012f tango turin\u012f ir jo filosofij\u0105, kuri\u0105 \u012fk\u016bnija neprilygstami \u0161okio judesiai. Tango technika padeda \u0161okant atrasti savyje u\u017eslopint\u0105 moter\u012f ar vyr\u0105, atskleisti moteri\u0161k\u0105j\u012f ir vyri\u0161k\u0105j\u012f principus.<\/p>\n<p>Ta\u010diau \u0161ioje knygoje pirmiausia kalbama apie dvasin\u012f tango turin\u012f, vedant\u012f prie eroso filosofijos, nes erosas ir tango \u2013 neatsiejami nuo ilgesio, meil\u0117s, begalinio atsidavimo, gundymo pavoj\u0173, did\u017eiausios palaimos ir svajoni\u0173 i\u0161sipildymo.<\/p>\n","protected":false},"excerpt":{"rendered":"<div class=\"H1AvN fggS- cell\">\n<section class=\"_2RbVQ\" data-hook=\"description-wrapper\">\n<div class=\"_3nbVj\">\n<div class=\"_3cRjW\" data-hook=\"content-wrapper\">\n<p>Tango \u2013 tai am\u017einojo gyvenimo \u0161okio simbolis, tai \u0161okis, kur\u012f kiekviena karta atranda i\u0161 naujo. \u017dmogus laimingas tik tuomet, kai atskleid\u017eia ir i\u0161ugdo savo ly\u010diai b\u016bdingas savybes, kurias savyje atpa\u017einti ir i\u0161tobulinti galima tik glaud\u017eiai bendraujant, pa\u017e\u012fstant prie\u0161ing\u0105 lyt\u012f.\u00a0 Jeigu moteris n\u0117ra pakankamai moteri\u0161ka, o vyras \u2013 pakankamai vyri\u0161kas, tango jie tiesiog nesu\u0161oks.<\/p>\n<p>\u0160i knyga atskleid\u017eia ypating\u0105 tango \u017eaves\u012f, naujas eroso erdves, vidin\u012f tango turin\u012f ir jo filosofij\u0105, kuri\u0105 \u012fk\u016bnija neprilygstami \u0161okio judesiai. Tango technika padeda \u0161okant atrasti savyje u\u017eslopint\u0105 moter\u012f ar vyr\u0105, atskleisti moteri\u0161k\u0105j\u012f ir vyri\u0161k\u0105j\u012f principus.<\/p>\n<p>Ta\u010diau \u0161ioje knygoje pirmiausia kalbama apie dvasin\u012f tango turin\u012f, vedant\u012f prie eroso filosofijos, nes erosas ir tango \u2013 neatsiejami nuo ilgesio, meil\u0117s, begalinio atsidavimo, gundymo pavoj\u0173, did\u017eiausios palaimos ir svajoni\u0173 i\u0161sipildymo.<\/p>\n<\/div>\n<\/div>\n<\/section>\n<\/div>\n","protected":false},"featured_media":2229,"comment_status":"closed","ping_status":"closed","template":"","meta":{"_acf_changed":false,"site-sidebar-layout":"default","site-content-layout":"","ast-site-content-layout":"default","site-content-style":"default","site-sidebar-style":"default","ast-global-header-display":"","ast-banner-title-visibility":"","ast-main-header-display":"","ast-hfb-above-header-display":"","ast-hfb-below-header-display":"","ast-hfb-mobile-header-display":"","site-post-title":"","ast-breadcrumbs-content":"","ast-featured-img":"","footer-sml-layout":"","ast-disable-related-posts":"","theme-transparent-header-meta":"","adv-header-id-meta":"","stick-header-meta":"","header-above-stick-meta":"","header-main-stick-meta":"","header-below-stick-meta":"","astra-migrate-meta-layouts":"default","ast-page-background-enabled":"default","ast-page-background-meta":{"desktop":{"background-color":"","background-image":"","background-repeat":"repeat","background-position":"center center","background-size":"auto","background-attachment":"scroll","background-type":"","background-media":"","overlay-type":"","overlay-color":"","overlay-opacity":"","overlay-gradient":""},"tablet":{"background-color":"","background-image":"","background-repeat":"repeat","background-position":"center center","background-size":"auto","background-attachment":"scroll","background-type":"","background-media":"","overlay-type":"","overlay-color":"","overlay-opacity":"","overlay-gradient":""},"mobile":{"background-color":"","background-image":"","background-repeat":"repeat","background-position":"center center","background-size":"auto","background-attachment":"scroll","background-type":"","background-media":"","overlay-type":"","overlay-color":"","overlay-opacity":"","overlay-gradient":""}},"ast-content-background-meta":{"desktop":{"background-color":"var(--ast-global-color-4)","background-image":"","background-repeat":"repeat","background-position":"center center","background-size":"auto","background-attachment":"scroll","background-type":"","background-media":"","overlay-type":"","overlay-color":"","overlay-opacity":"","overlay-gradient":""},"tablet":{"background-color":"var(--ast-global-color-4)","background-image":"","background-repeat":"repeat","background-position":"center center","background-size":"auto","background-attachment":"scroll","background-type":"","background-media":"","overlay-type":"","overlay-color":"","overlay-opacity":"","overlay-gradient":""},"mobile":{"background-color":"var(--ast-global-color-4)","background-image":"","background-repeat":"repeat","background-position":"center center","background-size":"auto","background-attachment":"scroll","background-type":"","background-media":"","overlay-type":"","overlay-color":"","overlay-opacity":"","overlay-gradient":""}}},"product_brand":[],"product_cat":[27],"product_tag":[],"class_list":{"0":"post-2196","1":"product","2":"type-product","3":"status-publish","4":"has-post-thumbnail","6":"product_cat-sportas-laisvalaikis-rankdarbiai","7":"desktop-align-left","8":"tablet-align-left","9":"mobile-align-left","11":"first","12":"instock","13":"shipping-taxable","14":"purchasable","15":"product-type-simple"},"acf":[],"yoast_head":"<!-- This site is optimized with the Yoast SEO plugin v27.0 - https:\/\/yoast.com\/product\/yoast-seo-wordpress\/ -->\n<title>Tango \u0161okio erotinio prado galia<\/title>\n<meta name=\"description\" content=\"Tango \u2013 tai am\u017einojo gyvenimo \u0161okio simbolis, tai \u0161okis, kur\u012f kiekviena karta atranda i\u0161 naujo. \u017dmogus laimingas tik tuomet, kai atskleid\u017eia ir i\u0161ugdo savo ly\u010diai b\u016bdingas savybes, kurias savyje atpa\u017einti ir i\u0161tobulinti galima tik glaud\u017eiai bendraujant, pa\u017e\u012fstant prie\u0161ing\u0105 lyt\u012f.\u00a0 Jeigu moteris n\u0117ra pakankamai moteri\u0161ka, o vyras \u2013 pakankamai vyri\u0161kas, tango jie tiesiog nesu\u0161oks.  \u0160i knyga atskleid\u017eia ypating\u0105 tango \u017eaves\u012f, naujas eroso erdves, vidin\u012f tango turin\u012f ir jo filosofij\u0105, kuri\u0105 \u012fk\u016bnija neprilygstami \u0161okio judesiai. Tango technika padeda \u0161okant atrasti savyje u\u017eslopint\u0105 moter\u012f ar vyr\u0105, atskleisti moteri\u0161k\u0105j\u012f ir vyri\u0161k\u0105j\u012f principus.  Ta\u010diau \u0161ioje knygoje pirmiausia kalbama apie dvasin\u012f tango turin\u012f, vedant\u012f prie eroso filosofijos, nes erosas ir tango \u2013 neatsiejami nuo ilgesio, meil\u0117s, begalinio atsidavimo, gundymo pavoj\u0173, did\u017eiausios palaimos ir svajoni\u0173 i\u0161sipildymo.\" \/>\n<meta name=\"robots\" content=\"index, follow, max-snippet:-1, max-image-preview:large, max-video-preview:-1\" \/>\n<link rel=\"canonical\" href=\"https:\/\/skaitytaknyga.lt\/en\/produktas\/tango-sokio-erotinio-prado-galia\/\" \/>\n<meta property=\"og:locale\" content=\"en_GB\" \/>\n<meta property=\"og:locale:alternate\" content=\"lt_LT\" \/>\n<meta property=\"og:type\" content=\"article\" \/>\n<meta property=\"og:title\" content=\"Tango \u0161okio erotinio prado galia\" \/>\n<meta property=\"og:description\" content=\"Tango \u2013 tai am\u017einojo gyvenimo \u0161okio simbolis, tai \u0161okis, kur\u012f kiekviena karta atranda i\u0161 naujo. \u017dmogus laimingas tik tuomet, kai atskleid\u017eia ir i\u0161ugdo savo ly\u010diai b\u016bdingas savybes, kurias savyje atpa\u017einti ir i\u0161tobulinti galima tik glaud\u017eiai bendraujant, pa\u017e\u012fstant prie\u0161ing\u0105 lyt\u012f.\u00a0 Jeigu moteris n\u0117ra pakankamai moteri\u0161ka, o vyras \u2013 pakankamai vyri\u0161kas, tango jie tiesiog nesu\u0161oks.  \u0160i knyga atskleid\u017eia ypating\u0105 tango \u017eaves\u012f, naujas eroso erdves, vidin\u012f tango turin\u012f ir jo filosofij\u0105, kuri\u0105 \u012fk\u016bnija neprilygstami \u0161okio judesiai. Tango technika padeda \u0161okant atrasti savyje u\u017eslopint\u0105 moter\u012f ar vyr\u0105, atskleisti moteri\u0161k\u0105j\u012f ir vyri\u0161k\u0105j\u012f principus.  Ta\u010diau \u0161ioje knygoje pirmiausia kalbama apie dvasin\u012f tango turin\u012f, vedant\u012f prie eroso filosofijos, nes erosas ir tango \u2013 neatsiejami nuo ilgesio, meil\u0117s, begalinio atsidavimo, gundymo pavoj\u0173, did\u017eiausios palaimos ir svajoni\u0173 i\u0161sipildymo.\" \/>\n<meta property=\"og:url\" content=\"https:\/\/skaitytaknyga.lt\/en\/produktas\/tango-sokio-erotinio-prado-galia\/\" \/>\n<meta property=\"og:site_name\" content=\"Skaitytaknyga\" \/>\n<meta property=\"article:publisher\" content=\"https:\/\/www.facebook.com\/skaitytaknyga\/\" \/>\n<meta property=\"article:modified_time\" content=\"2025-07-12T09:06:27+00:00\" \/>\n<meta property=\"og:image\" content=\"https:\/\/skaitytaknyga.lt\/wp-content\/uploads\/2024\/04\/sartori-ralf-steidl-petra-tango-sokio-erotinio-prado-galia.jpg\" \/>\n\t<meta property=\"og:image:width\" content=\"458\" \/>\n\t<meta property=\"og:image:height\" content=\"458\" \/>\n\t<meta property=\"og:image:type\" content=\"image\/jpeg\" \/>\n<meta name=\"twitter:card\" content=\"summary_large_image\" \/>\n<meta name=\"twitter:label1\" content=\"Estimated reading time\" \/>\n\t<meta name=\"twitter:data1\" content=\"1 minute\" \/>\n<script type=\"application\/ld+json\" class=\"yoast-schema-graph\">{\"@context\":\"https:\/\/schema.org\",\"@graph\":[{\"@type\":\"WebPage\",\"@id\":\"https:\/\/skaitytaknyga.lt\/produktas\/tango-sokio-erotinio-prado-galia\/\",\"url\":\"https:\/\/skaitytaknyga.lt\/produktas\/tango-sokio-erotinio-prado-galia\/\",\"name\":\"Tango \u0161okio erotinio prado galia\",\"isPartOf\":{\"@id\":\"https:\/\/skaitytaknyga.lt\/#website\"},\"primaryImageOfPage\":{\"@id\":\"https:\/\/skaitytaknyga.lt\/produktas\/tango-sokio-erotinio-prado-galia\/#primaryimage\"},\"image\":{\"@id\":\"https:\/\/skaitytaknyga.lt\/produktas\/tango-sokio-erotinio-prado-galia\/#primaryimage\"},\"thumbnailUrl\":\"https:\/\/skaitytaknyga.lt\/wp-content\/uploads\/2024\/04\/sartori-ralf-steidl-petra-tango-sokio-erotinio-prado-galia.jpg\",\"datePublished\":\"2024-04-17T13:06:25+00:00\",\"dateModified\":\"2025-07-12T09:06:27+00:00\",\"description\":\"Tango \u2013 tai am\u017einojo gyvenimo \u0161okio simbolis, tai \u0161okis, kur\u012f kiekviena karta atranda i\u0161 naujo. \u017dmogus laimingas tik tuomet, kai atskleid\u017eia ir i\u0161ugdo savo ly\u010diai b\u016bdingas savybes, kurias savyje atpa\u017einti ir i\u0161tobulinti galima tik glaud\u017eiai bendraujant, pa\u017e\u012fstant prie\u0161ing\u0105 lyt\u012f.\u00a0 Jeigu moteris n\u0117ra pakankamai moteri\u0161ka, o vyras \u2013 pakankamai vyri\u0161kas, tango jie tiesiog nesu\u0161oks. \u0160i knyga atskleid\u017eia ypating\u0105 tango \u017eaves\u012f, naujas eroso erdves, vidin\u012f tango turin\u012f ir jo filosofij\u0105, kuri\u0105 \u012fk\u016bnija neprilygstami \u0161okio judesiai. Tango technika padeda \u0161okant atrasti savyje u\u017eslopint\u0105 moter\u012f ar vyr\u0105, atskleisti moteri\u0161k\u0105j\u012f ir vyri\u0161k\u0105j\u012f principus. Ta\u010diau \u0161ioje knygoje pirmiausia kalbama apie dvasin\u012f tango turin\u012f, vedant\u012f prie eroso filosofijos, nes erosas ir tango \u2013 neatsiejami nuo ilgesio, meil\u0117s, begalinio atsidavimo, gundymo pavoj\u0173, did\u017eiausios palaimos ir svajoni\u0173 i\u0161sipildymo.\",\"breadcrumb\":{\"@id\":\"https:\/\/skaitytaknyga.lt\/produktas\/tango-sokio-erotinio-prado-galia\/#breadcrumb\"},\"inLanguage\":\"en-GB\",\"potentialAction\":[{\"@type\":\"ReadAction\",\"target\":[\"https:\/\/skaitytaknyga.lt\/produktas\/tango-sokio-erotinio-prado-galia\/\"]}]},{\"@type\":\"ImageObject\",\"inLanguage\":\"en-GB\",\"@id\":\"https:\/\/skaitytaknyga.lt\/produktas\/tango-sokio-erotinio-prado-galia\/#primaryimage\",\"url\":\"https:\/\/skaitytaknyga.lt\/wp-content\/uploads\/2024\/04\/sartori-ralf-steidl-petra-tango-sokio-erotinio-prado-galia.jpg\",\"contentUrl\":\"https:\/\/skaitytaknyga.lt\/wp-content\/uploads\/2024\/04\/sartori-ralf-steidl-petra-tango-sokio-erotinio-prado-galia.jpg\",\"width\":458,\"height\":458,\"caption\":\"sartori ralf steidl petra tango sokio erotinio prado galia\"},{\"@type\":\"BreadcrumbList\",\"@id\":\"https:\/\/skaitytaknyga.lt\/produktas\/tango-sokio-erotinio-prado-galia\/#breadcrumb\",\"itemListElement\":[{\"@type\":\"ListItem\",\"position\":1,\"name\":\"Home\",\"item\":\"https:\/\/skaitytaknyga.lt\/\"},{\"@type\":\"ListItem\",\"position\":2,\"name\":\"Parduotuv\u0117\",\"item\":\"https:\/\/skaitytaknyga.lt\/knygu-parduotuve\/\"},{\"@type\":\"ListItem\",\"position\":3,\"name\":\"Tango \u0161okio erotinio prado galia\"}]},{\"@type\":\"WebSite\",\"@id\":\"https:\/\/skaitytaknyga.lt\/#website\",\"url\":\"https:\/\/skaitytaknyga.lt\/\",\"name\":\"skaitytaknyga.lt\",\"description\":\"Skaitytaknyga.lt \u2013 tai ma\u017eas \u0161eimos verslas, kuris prasid\u0117jo nuo meil\u0117s knygoms ir siekio i\u0161gelb\u0117ti knygas nuo likimo prie konteinerio. Kas vienam nereikalingas daiktas \u2013 kitam lobis, o mes esame tarpininkai, kurie padeda abiems tapti laimingesniems ???? \u017dinome kaip nelengva i\u0161gyventi ma\u017eiems verslams, tad nuo \u0161iol, \u010dia rasite ir kit\u0173, ma\u017e\u0173 \u0161eim\u0173 versl\u0173, rank\u0173 darbo, dovan\u0173 sau ir artimiesiems.\",\"publisher\":{\"@id\":\"https:\/\/skaitytaknyga.lt\/#organization\"},\"potentialAction\":[{\"@type\":\"SearchAction\",\"target\":{\"@type\":\"EntryPoint\",\"urlTemplate\":\"https:\/\/skaitytaknyga.lt\/?s={search_term_string}\"},\"query-input\":{\"@type\":\"PropertyValueSpecification\",\"valueRequired\":true,\"valueName\":\"search_term_string\"}}],\"inLanguage\":\"en-GB\"},{\"@type\":\"Organization\",\"@id\":\"https:\/\/skaitytaknyga.lt\/#organization\",\"name\":\"skaitytaknyga.lt\",\"url\":\"https:\/\/skaitytaknyga.lt\/\",\"logo\":{\"@type\":\"ImageObject\",\"inLanguage\":\"en-GB\",\"@id\":\"https:\/\/skaitytaknyga.lt\/#\/schema\/logo\/image\/\",\"url\":\"https:\/\/skaitytaknyga.lt\/wp-content\/uploads\/2024\/05\/cropped-cropped-cropped-02_00843_jt3bggkj1j3HLc7SyY6rEUpg.jpeg\",\"contentUrl\":\"https:\/\/skaitytaknyga.lt\/wp-content\/uploads\/2024\/05\/cropped-cropped-cropped-02_00843_jt3bggkj1j3HLc7SyY6rEUpg.jpeg\",\"width\":1600,\"height\":1600,\"caption\":\"skaitytaknyga.lt\"},\"image\":{\"@id\":\"https:\/\/skaitytaknyga.lt\/#\/schema\/logo\/image\/\"},\"sameAs\":[\"https:\/\/www.facebook.com\/skaitytaknyga\/\"]}]}<\/script>\n<!-- \/ Yoast SEO plugin. -->","yoast_head_json":{"title":"Tango \u0161okio erotinio prado galia","description":"Tango \u2013 tai am\u017einojo gyvenimo \u0161okio simbolis, tai \u0161okis, kur\u012f kiekviena karta atranda i\u0161 naujo. \u017dmogus laimingas tik tuomet, kai atskleid\u017eia ir i\u0161ugdo savo ly\u010diai b\u016bdingas savybes, kurias savyje atpa\u017einti ir i\u0161tobulinti galima tik glaud\u017eiai bendraujant, pa\u017e\u012fstant prie\u0161ing\u0105 lyt\u012f.\u00a0 Jeigu moteris n\u0117ra pakankamai moteri\u0161ka, o vyras \u2013 pakankamai vyri\u0161kas, tango jie tiesiog nesu\u0161oks.  \u0160i knyga atskleid\u017eia ypating\u0105 tango \u017eaves\u012f, naujas eroso erdves, vidin\u012f tango turin\u012f ir jo filosofij\u0105, kuri\u0105 \u012fk\u016bnija neprilygstami \u0161okio judesiai. Tango technika padeda \u0161okant atrasti savyje u\u017eslopint\u0105 moter\u012f ar vyr\u0105, atskleisti moteri\u0161k\u0105j\u012f ir vyri\u0161k\u0105j\u012f principus.  Ta\u010diau \u0161ioje knygoje pirmiausia kalbama apie dvasin\u012f tango turin\u012f, vedant\u012f prie eroso filosofijos, nes erosas ir tango \u2013 neatsiejami nuo ilgesio, meil\u0117s, begalinio atsidavimo, gundymo pavoj\u0173, did\u017eiausios palaimos ir svajoni\u0173 i\u0161sipildymo.","robots":{"index":"index","follow":"follow","max-snippet":"max-snippet:-1","max-image-preview":"max-image-preview:large","max-video-preview":"max-video-preview:-1"},"canonical":"https:\/\/skaitytaknyga.lt\/en\/produktas\/tango-sokio-erotinio-prado-galia\/","og_locale":"en_GB","og_type":"article","og_title":"[:lt]Tango \u0161okio erotinio prado galia[:] - Skaitytaknyga","og_description":"Tango \u2013 tai am\u017einojo gyvenimo \u0161okio simbolis, tai \u0161okis, kur\u012f kiekviena karta atranda i\u0161 naujo. \u017dmogus laimingas tik tuomet, kai atskleid\u017eia ir i\u0161ugdo savo ly\u010diai b\u016bdingas savybes, kurias savyje atpa\u017einti ir i\u0161tobulinti galima tik glaud\u017eiai bendraujant, pa\u017e\u012fstant prie\u0161ing\u0105 lyt\u012f.\u00a0 Jeigu moteris n\u0117ra pakankamai moteri\u0161ka, o vyras \u2013 pakankamai vyri\u0161kas, tango jie tiesiog nesu\u0161oks.  \u0160i knyga atskleid\u017eia ypating\u0105 tango \u017eaves\u012f, naujas eroso erdves, vidin\u012f tango turin\u012f ir jo filosofij\u0105, kuri\u0105 \u012fk\u016bnija neprilygstami \u0161okio judesiai. Tango technika padeda \u0161okant atrasti savyje u\u017eslopint\u0105 moter\u012f ar vyr\u0105, atskleisti moteri\u0161k\u0105j\u012f ir vyri\u0161k\u0105j\u012f principus.  Ta\u010diau \u0161ioje knygoje pirmiausia kalbama apie dvasin\u012f tango turin\u012f, vedant\u012f prie eroso filosofijos, nes erosas ir tango \u2013 neatsiejami nuo ilgesio, meil\u0117s, begalinio atsidavimo, gundymo pavoj\u0173, did\u017eiausios palaimos ir svajoni\u0173 i\u0161sipildymo.","og_url":"https:\/\/skaitytaknyga.lt\/en\/produktas\/tango-sokio-erotinio-prado-galia\/","og_site_name":"Skaitytaknyga","article_publisher":"https:\/\/www.facebook.com\/skaitytaknyga\/","article_modified_time":"2025-07-12T09:06:27+00:00","og_image":[{"width":458,"height":458,"url":"https:\/\/skaitytaknyga.lt\/wp-content\/uploads\/2024\/04\/sartori-ralf-steidl-petra-tango-sokio-erotinio-prado-galia.jpg","type":"image\/jpeg"}],"twitter_card":"summary_large_image","twitter_misc":{"Estimated reading time":"1 minute"},"schema":{"@context":"https:\/\/schema.org","@graph":[{"@type":"WebPage","@id":"https:\/\/skaitytaknyga.lt\/produktas\/tango-sokio-erotinio-prado-galia\/","url":"https:\/\/skaitytaknyga.lt\/produktas\/tango-sokio-erotinio-prado-galia\/","name":"Tango \u0161okio erotinio prado galia","isPartOf":{"@id":"https:\/\/skaitytaknyga.lt\/#website"},"primaryImageOfPage":{"@id":"https:\/\/skaitytaknyga.lt\/produktas\/tango-sokio-erotinio-prado-galia\/#primaryimage"},"image":{"@id":"https:\/\/skaitytaknyga.lt\/produktas\/tango-sokio-erotinio-prado-galia\/#primaryimage"},"thumbnailUrl":"https:\/\/skaitytaknyga.lt\/wp-content\/uploads\/2024\/04\/sartori-ralf-steidl-petra-tango-sokio-erotinio-prado-galia.jpg","datePublished":"2024-04-17T13:06:25+00:00","dateModified":"2025-07-12T09:06:27+00:00","description":"Tango \u2013 tai am\u017einojo gyvenimo \u0161okio simbolis, tai \u0161okis, kur\u012f kiekviena karta atranda i\u0161 naujo. \u017dmogus laimingas tik tuomet, kai atskleid\u017eia ir i\u0161ugdo savo ly\u010diai b\u016bdingas savybes, kurias savyje atpa\u017einti ir i\u0161tobulinti galima tik glaud\u017eiai bendraujant, pa\u017e\u012fstant prie\u0161ing\u0105 lyt\u012f.\u00a0 Jeigu moteris n\u0117ra pakankamai moteri\u0161ka, o vyras \u2013 pakankamai vyri\u0161kas, tango jie tiesiog nesu\u0161oks. \u0160i knyga atskleid\u017eia ypating\u0105 tango \u017eaves\u012f, naujas eroso erdves, vidin\u012f tango turin\u012f ir jo filosofij\u0105, kuri\u0105 \u012fk\u016bnija neprilygstami \u0161okio judesiai. Tango technika padeda \u0161okant atrasti savyje u\u017eslopint\u0105 moter\u012f ar vyr\u0105, atskleisti moteri\u0161k\u0105j\u012f ir vyri\u0161k\u0105j\u012f principus. Ta\u010diau \u0161ioje knygoje pirmiausia kalbama apie dvasin\u012f tango turin\u012f, vedant\u012f prie eroso filosofijos, nes erosas ir tango \u2013 neatsiejami nuo ilgesio, meil\u0117s, begalinio atsidavimo, gundymo pavoj\u0173, did\u017eiausios palaimos ir svajoni\u0173 i\u0161sipildymo.","breadcrumb":{"@id":"https:\/\/skaitytaknyga.lt\/produktas\/tango-sokio-erotinio-prado-galia\/#breadcrumb"},"inLanguage":"en-GB","potentialAction":[{"@type":"ReadAction","target":["https:\/\/skaitytaknyga.lt\/produktas\/tango-sokio-erotinio-prado-galia\/"]}]},{"@type":"ImageObject","inLanguage":"en-GB","@id":"https:\/\/skaitytaknyga.lt\/produktas\/tango-sokio-erotinio-prado-galia\/#primaryimage","url":"https:\/\/skaitytaknyga.lt\/wp-content\/uploads\/2024\/04\/sartori-ralf-steidl-petra-tango-sokio-erotinio-prado-galia.jpg","contentUrl":"https:\/\/skaitytaknyga.lt\/wp-content\/uploads\/2024\/04\/sartori-ralf-steidl-petra-tango-sokio-erotinio-prado-galia.jpg","width":458,"height":458,"caption":"sartori ralf steidl petra tango sokio erotinio prado galia"},{"@type":"BreadcrumbList","@id":"https:\/\/skaitytaknyga.lt\/produktas\/tango-sokio-erotinio-prado-galia\/#breadcrumb","itemListElement":[{"@type":"ListItem","position":1,"name":"Home","item":"https:\/\/skaitytaknyga.lt\/"},{"@type":"ListItem","position":2,"name":"Parduotuv\u0117","item":"https:\/\/skaitytaknyga.lt\/knygu-parduotuve\/"},{"@type":"ListItem","position":3,"name":"Tango \u0161okio erotinio prado galia"}]},{"@type":"WebSite","@id":"https:\/\/skaitytaknyga.lt\/#website","url":"https:\/\/skaitytaknyga.lt\/","name":"skaitytaknyga.lt","description":"Skaitytaknyga.lt \u2013 tai ma\u017eas \u0161eimos verslas, kuris prasid\u0117jo nuo meil\u0117s knygoms ir siekio i\u0161gelb\u0117ti knygas nuo likimo prie konteinerio. Kas vienam nereikalingas daiktas \u2013 kitam lobis, o mes esame tarpininkai, kurie padeda abiems tapti laimingesniems ???? \u017dinome kaip nelengva i\u0161gyventi ma\u017eiems verslams, tad nuo \u0161iol, \u010dia rasite ir kit\u0173, ma\u017e\u0173 \u0161eim\u0173 versl\u0173, rank\u0173 darbo, dovan\u0173 sau ir artimiesiems.","publisher":{"@id":"https:\/\/skaitytaknyga.lt\/#organization"},"potentialAction":[{"@type":"SearchAction","target":{"@type":"EntryPoint","urlTemplate":"https:\/\/skaitytaknyga.lt\/?s={search_term_string}"},"query-input":{"@type":"PropertyValueSpecification","valueRequired":true,"valueName":"search_term_string"}}],"inLanguage":"en-GB"},{"@type":"Organization","@id":"https:\/\/skaitytaknyga.lt\/#organization","name":"skaitytaknyga.lt","url":"https:\/\/skaitytaknyga.lt\/","logo":{"@type":"ImageObject","inLanguage":"en-GB","@id":"https:\/\/skaitytaknyga.lt\/#\/schema\/logo\/image\/","url":"https:\/\/skaitytaknyga.lt\/wp-content\/uploads\/2024\/05\/cropped-cropped-cropped-02_00843_jt3bggkj1j3HLc7SyY6rEUpg.jpeg","contentUrl":"https:\/\/skaitytaknyga.lt\/wp-content\/uploads\/2024\/05\/cropped-cropped-cropped-02_00843_jt3bggkj1j3HLc7SyY6rEUpg.jpeg","width":1600,"height":1600,"caption":"skaitytaknyga.lt"},"image":{"@id":"https:\/\/skaitytaknyga.lt\/#\/schema\/logo\/image\/"},"sameAs":["https:\/\/www.facebook.com\/skaitytaknyga\/"]}]}},"_links":{"self":[{"href":"https:\/\/skaitytaknyga.lt\/en\/wp-json\/wp\/v2\/product\/2196","targetHints":{"allow":["GET"]}}],"collection":[{"href":"https:\/\/skaitytaknyga.lt\/en\/wp-json\/wp\/v2\/product"}],"about":[{"href":"https:\/\/skaitytaknyga.lt\/en\/wp-json\/wp\/v2\/types\/product"}],"replies":[{"embeddable":true,"href":"https:\/\/skaitytaknyga.lt\/en\/wp-json\/wp\/v2\/comments?post=2196"}],"wp:featuredmedia":[{"embeddable":true,"href":"https:\/\/skaitytaknyga.lt\/en\/wp-json\/wp\/v2\/media\/2229"}],"wp:attachment":[{"href":"https:\/\/skaitytaknyga.lt\/en\/wp-json\/wp\/v2\/media?parent=2196"}],"wp:term":[{"taxonomy":"product_brand","embeddable":true,"href":"https:\/\/skaitytaknyga.lt\/en\/wp-json\/wp\/v2\/product_brand?post=2196"},{"taxonomy":"product_cat","embeddable":true,"href":"https:\/\/skaitytaknyga.lt\/en\/wp-json\/wp\/v2\/product_cat?post=2196"},{"taxonomy":"product_tag","embeddable":true,"href":"https:\/\/skaitytaknyga.lt\/en\/wp-json\/wp\/v2\/product_tag?post=2196"}],"curies":[{"name":"wp","href":"https:\/\/api.w.org\/{rel}","templated":true}]}}