{"id":21943,"date":"2025-11-09T13:32:49","date_gmt":"2025-11-09T11:32:49","guid":{"rendered":"https:\/\/skaitytaknyga.lt\/?post_type=product&#038;p=21943"},"modified":"2025-11-13T19:35:19","modified_gmt":"2025-11-13T17:35:19","slug":"vilniaus-bernardinu-kapines-1810-2010","status":"publish","type":"product","link":"https:\/\/skaitytaknyga.lt\/en\/produktas\/vilniaus-bernardinu-kapines-1810-2010\/","title":{"rendered":"Vilniaus Bernardin\u0173 kapin\u0117s 1810-2010"},"content":{"rendered":"<p>Vilniaus Bernardin\u0173 kapin\u0117s \u2013 vienas i\u0161 garsiausi\u0173 ir gra\u017eiausi\u0173 Lietuvos nekropoli\u0173. 2010-\u0173j\u0173 spalio m\u0117nes\u012f sukanka 200 met\u0173, kai jos buvo \u012fsteigtos U\u017eupyje, tarp Polocko ir \u017dvirg\u017edyno gatvi\u0173 bei de\u0161iniojo Vilnel\u0117s kranto. Iniciator\u0117 \u2013 vokie\u010di\u0173 \u0160v. Martyno Romos katalik\u0173 kongregacija prie \u0160v. Onos ba\u017eny\u010dios.<\/p>\n<p>Leidinyje i\u0161samiai analizuojama kapini\u0173 istorija, aptariamos miestie\u010di\u0173 laidotuv\u0117s ir laidojimo tradicijos. Taip pat apra\u0161oma vertinga ir reta XIX a. tre\u010diojo de\u0161imtme\u010dio sakralini\u0173 pastat\u0173 puo\u0161yba ir paminkl\u0173 u\u017era\u0161ai Lietuvoje. Autoriai, remdamiesi \u012fvairiais \u0161altiniais, pirm\u0105syk pateikia detal\u0173 asmen\u0173, palaidot\u0173 Bernardin\u0173 kapin\u0117se, s\u0105ra\u0161\u0105, \u012fvertina kapini\u0173 restauravimo patirt\u012f. Leidin\u012f papildo restauruot\u0173 paminkl\u0173 s\u0105ra\u0161as, \u017eymi\u0173 kra\u0161to \u017emoni\u0173 ir vilnie\u010di\u0173 biografijos.<\/p>\n<p>Knyga pravers tiems, kurie domisi turtinga Vilniaus praeitimi ir istorija, kult\u016briniu ir socialiniu \u012fvairiatau\u010di\u0173 miestel\u0117n\u0173 gyvenimu.<\/p>\n","protected":false},"excerpt":{"rendered":"<p>Vilniaus Bernardin\u0173 kapin\u0117s \u2013 vienas i\u0161 garsiausi\u0173 ir gra\u017eiausi\u0173 Lietuvos nekropoli\u0173. 2010-\u0173j\u0173 spalio m\u0117nes\u012f sukanka 200 met\u0173, kai jos buvo \u012fsteigtos U\u017eupyje, tarp Polocko ir \u017dvirg\u017edyno gatvi\u0173 bei de\u0161iniojo Vilnel\u0117s kranto. Iniciator\u0117 \u2013 vokie\u010di\u0173 \u0160v. Martyno Romos katalik\u0173 kongregacija prie \u0160v. Onos ba\u017eny\u010dios. Leidinyje i\u0161samiai analizuojama kapini\u0173 istorija, aptariamos miestie\u010di\u0173 laidotuv\u0117s ir laidojimo tradicijos. Taip pat apra\u0161oma vertinga ir reta XIX a. tre\u010diojo de\u0161imtme\u010dio sakralini\u0173 pastat\u0173 puo\u0161yba ir paminkl\u0173 u\u017era\u0161ai Lietuvoje. Autoriai, remdamiesi \u012fvairiais \u0161altiniais, pirm\u0105syk pateikia detal\u0173 asmen\u0173, palaidot\u0173 Bernardin\u0173 kapin\u0117se, s\u0105ra\u0161\u0105, \u012fvertina kapini\u0173 restauravimo patirt\u012f. Leidin\u012f papildo restauruot\u0173 paminkl\u0173 s\u0105ra\u0161as, \u017eymi\u0173 kra\u0161to \u017emoni\u0173 ir vilnie\u010di\u0173 biografijos. Knyga pravers tiems, kurie domisi turtinga Vilniaus praeitimi ir istorija, kult\u016briniu ir socialiniu \u012fvairiatau\u010di\u0173 miestel\u0117n\u0173 gyvenimu.<\/p>\n","protected":false},"featured_media":21949,"comment_status":"open","ping_status":"closed","template":"","meta":{"_acf_changed":false,"site-sidebar-layout":"default","site-content-layout":"","ast-site-content-layout":"default","site-content-style":"default","site-sidebar-style":"default","ast-global-header-display":"","ast-banner-title-visibility":"","ast-main-header-display":"","ast-hfb-above-header-display":"","ast-hfb-below-header-display":"","ast-hfb-mobile-header-display":"","site-post-title":"","ast-breadcrumbs-content":"","ast-featured-img":"","footer-sml-layout":"","ast-disable-related-posts":"","theme-transparent-header-meta":"","adv-header-id-meta":"","stick-header-meta":"","header-above-stick-meta":"","header-main-stick-meta":"","header-below-stick-meta":"","astra-migrate-meta-layouts":"default","ast-page-background-enabled":"default","ast-page-background-meta":{"desktop":{"background-color":"","background-image":"","background-repeat":"repeat","background-position":"center center","background-size":"auto","background-attachment":"scroll","background-type":"","background-media":"","overlay-type":"","overlay-color":"","overlay-opacity":"","overlay-gradient":""},"tablet":{"background-color":"","background-image":"","background-repeat":"repeat","background-position":"center center","background-size":"auto","background-attachment":"scroll","background-type":"","background-media":"","overlay-type":"","overlay-color":"","overlay-opacity":"","overlay-gradient":""},"mobile":{"background-color":"","background-image":"","background-repeat":"repeat","background-position":"center center","background-size":"auto","background-attachment":"scroll","background-type":"","background-media":"","overlay-type":"","overlay-color":"","overlay-opacity":"","overlay-gradient":""}},"ast-content-background-meta":{"desktop":{"background-color":"var(--ast-global-color-4)","background-image":"","background-repeat":"repeat","background-position":"center center","background-size":"auto","background-attachment":"scroll","background-type":"","background-media":"","overlay-type":"","overlay-color":"","overlay-opacity":"","overlay-gradient":""},"tablet":{"background-color":"var(--ast-global-color-4)","background-image":"","background-repeat":"repeat","background-position":"center center","background-size":"auto","background-attachment":"scroll","background-type":"","background-media":"","overlay-type":"","overlay-color":"","overlay-opacity":"","overlay-gradient":""},"mobile":{"background-color":"var(--ast-global-color-4)","background-image":"","background-repeat":"repeat","background-position":"center center","background-size":"auto","background-attachment":"scroll","background-type":"","background-media":"","overlay-type":"","overlay-color":"","overlay-opacity":"","overlay-gradient":""}}},"product_brand":[],"product_cat":[15],"product_tag":[],"class_list":{"0":"post-21943","1":"product","2":"type-product","3":"status-publish","4":"has-post-thumbnail","6":"product_cat-uncategorized","7":"desktop-align-left","8":"tablet-align-left","9":"mobile-align-left","11":"first","12":"instock","13":"shipping-taxable","14":"purchasable","15":"product-type-simple"},"acf":[],"yoast_head":"<!-- This site is optimized with the Yoast SEO plugin v27.0 - https:\/\/yoast.com\/product\/yoast-seo-wordpress\/ -->\n<title>Vilniaus Bernardin\u0173 kapin\u0117s 1810-2010<\/title>\n<meta name=\"description\" content=\"Vilniaus Bernardin\u0173 kapin\u0117s \u2013 vienas i\u0161 garsiausi\u0173 ir gra\u017eiausi\u0173 Lietuvos nekropoli\u0173. 2010-\u0173j\u0173 spalio m\u0117nes\u012f sukanka 200 met\u0173, kai jos buvo \u012fsteigtos\" \/>\n<meta name=\"robots\" content=\"index, follow, max-snippet:-1, max-image-preview:large, max-video-preview:-1\" \/>\n<link rel=\"canonical\" href=\"https:\/\/skaitytaknyga.lt\/en\/produktas\/vilniaus-bernardinu-kapines-1810-2010\/\" \/>\n<meta property=\"og:locale\" content=\"en_GB\" \/>\n<meta property=\"og:locale:alternate\" content=\"lt_LT\" \/>\n<meta property=\"og:type\" content=\"article\" \/>\n<meta property=\"og:title\" content=\"Vilniaus Bernardin\u0173 kapin\u0117s 1810-2010\" \/>\n<meta property=\"og:description\" content=\"Vilniaus Bernardin\u0173 kapin\u0117s \u2013 vienas i\u0161 garsiausi\u0173 ir gra\u017eiausi\u0173 Lietuvos nekropoli\u0173. 2010-\u0173j\u0173 spalio m\u0117nes\u012f sukanka 200 met\u0173, kai jos buvo \u012fsteigtos\" \/>\n<meta property=\"og:url\" content=\"https:\/\/skaitytaknyga.lt\/en\/produktas\/vilniaus-bernardinu-kapines-1810-2010\/\" \/>\n<meta property=\"og:site_name\" content=\"Skaitytaknyga\" \/>\n<meta property=\"article:publisher\" content=\"https:\/\/www.facebook.com\/skaitytaknyga\/\" \/>\n<meta property=\"article:modified_time\" content=\"2025-11-13T17:35:19+00:00\" \/>\n<meta property=\"og:image\" content=\"https:\/\/skaitytaknyga.lt\/wp-content\/uploads\/2025\/11\/Vilniaus-Bernardinu-kapines-1810-2010-1.webp\" \/>\n\t<meta property=\"og:image:width\" content=\"300\" \/>\n\t<meta property=\"og:image:height\" content=\"453\" \/>\n\t<meta property=\"og:image:type\" content=\"image\/webp\" \/>\n<meta name=\"twitter:card\" content=\"summary_large_image\" \/>\n<meta name=\"twitter:label1\" content=\"Estimated reading time\" \/>\n\t<meta name=\"twitter:data1\" content=\"1 minute\" \/>\n<script type=\"application\/ld+json\" class=\"yoast-schema-graph\">{\"@context\":\"https:\/\/schema.org\",\"@graph\":[{\"@type\":\"WebPage\",\"@id\":\"https:\/\/skaitytaknyga.lt\/produktas\/vilniaus-bernardinu-kapines-1810-2010\/\",\"url\":\"https:\/\/skaitytaknyga.lt\/produktas\/vilniaus-bernardinu-kapines-1810-2010\/\",\"name\":\"Vilniaus Bernardin\u0173 kapin\u0117s 1810-2010\",\"isPartOf\":{\"@id\":\"https:\/\/skaitytaknyga.lt\/#website\"},\"primaryImageOfPage\":{\"@id\":\"https:\/\/skaitytaknyga.lt\/produktas\/vilniaus-bernardinu-kapines-1810-2010\/#primaryimage\"},\"image\":{\"@id\":\"https:\/\/skaitytaknyga.lt\/produktas\/vilniaus-bernardinu-kapines-1810-2010\/#primaryimage\"},\"thumbnailUrl\":\"https:\/\/skaitytaknyga.lt\/wp-content\/uploads\/2025\/11\/Vilniaus-Bernardinu-kapines-1810-2010-1.webp\",\"datePublished\":\"2025-11-09T11:32:49+00:00\",\"dateModified\":\"2025-11-13T17:35:19+00:00\",\"description\":\"Vilniaus Bernardin\u0173 kapin\u0117s \u2013 vienas i\u0161 garsiausi\u0173 ir gra\u017eiausi\u0173 Lietuvos nekropoli\u0173. 2010-\u0173j\u0173 spalio m\u0117nes\u012f sukanka 200 met\u0173, kai jos buvo \u012fsteigtos\",\"breadcrumb\":{\"@id\":\"https:\/\/skaitytaknyga.lt\/produktas\/vilniaus-bernardinu-kapines-1810-2010\/#breadcrumb\"},\"inLanguage\":\"en-GB\",\"potentialAction\":[{\"@type\":\"ReadAction\",\"target\":[\"https:\/\/skaitytaknyga.lt\/produktas\/vilniaus-bernardinu-kapines-1810-2010\/\"]}]},{\"@type\":\"ImageObject\",\"inLanguage\":\"en-GB\",\"@id\":\"https:\/\/skaitytaknyga.lt\/produktas\/vilniaus-bernardinu-kapines-1810-2010\/#primaryimage\",\"url\":\"https:\/\/skaitytaknyga.lt\/wp-content\/uploads\/2025\/11\/Vilniaus-Bernardinu-kapines-1810-2010-1.webp\",\"contentUrl\":\"https:\/\/skaitytaknyga.lt\/wp-content\/uploads\/2025\/11\/Vilniaus-Bernardinu-kapines-1810-2010-1.webp\",\"width\":300,\"height\":453,\"caption\":\"Vilniaus Bernardin\u0173 kapin\u0117s 1810-2010\"},{\"@type\":\"BreadcrumbList\",\"@id\":\"https:\/\/skaitytaknyga.lt\/produktas\/vilniaus-bernardinu-kapines-1810-2010\/#breadcrumb\",\"itemListElement\":[{\"@type\":\"ListItem\",\"position\":1,\"name\":\"Home\",\"item\":\"https:\/\/skaitytaknyga.lt\/\"},{\"@type\":\"ListItem\",\"position\":2,\"name\":\"Parduotuv\u0117\",\"item\":\"https:\/\/skaitytaknyga.lt\/knygu-parduotuve\/\"},{\"@type\":\"ListItem\",\"position\":3,\"name\":\"Vilniaus Bernardin\u0173 kapin\u0117s 1810-2010\"}]},{\"@type\":\"WebSite\",\"@id\":\"https:\/\/skaitytaknyga.lt\/#website\",\"url\":\"https:\/\/skaitytaknyga.lt\/\",\"name\":\"skaitytaknyga.lt\",\"description\":\"Skaitytaknyga.lt \u2013 tai ma\u017eas \u0161eimos verslas, kuris prasid\u0117jo nuo meil\u0117s knygoms ir siekio i\u0161gelb\u0117ti knygas nuo likimo prie konteinerio. Kas vienam nereikalingas daiktas \u2013 kitam lobis, o mes esame tarpininkai, kurie padeda abiems tapti laimingesniems ???? \u017dinome kaip nelengva i\u0161gyventi ma\u017eiems verslams, tad nuo \u0161iol, \u010dia rasite ir kit\u0173, ma\u017e\u0173 \u0161eim\u0173 versl\u0173, rank\u0173 darbo, dovan\u0173 sau ir artimiesiems.\",\"publisher\":{\"@id\":\"https:\/\/skaitytaknyga.lt\/#organization\"},\"potentialAction\":[{\"@type\":\"SearchAction\",\"target\":{\"@type\":\"EntryPoint\",\"urlTemplate\":\"https:\/\/skaitytaknyga.lt\/?s={search_term_string}\"},\"query-input\":{\"@type\":\"PropertyValueSpecification\",\"valueRequired\":true,\"valueName\":\"search_term_string\"}}],\"inLanguage\":\"en-GB\"},{\"@type\":\"Organization\",\"@id\":\"https:\/\/skaitytaknyga.lt\/#organization\",\"name\":\"skaitytaknyga.lt\",\"url\":\"https:\/\/skaitytaknyga.lt\/\",\"logo\":{\"@type\":\"ImageObject\",\"inLanguage\":\"en-GB\",\"@id\":\"https:\/\/skaitytaknyga.lt\/#\/schema\/logo\/image\/\",\"url\":\"https:\/\/skaitytaknyga.lt\/wp-content\/uploads\/2024\/05\/cropped-cropped-cropped-02_00843_jt3bggkj1j3HLc7SyY6rEUpg.jpeg\",\"contentUrl\":\"https:\/\/skaitytaknyga.lt\/wp-content\/uploads\/2024\/05\/cropped-cropped-cropped-02_00843_jt3bggkj1j3HLc7SyY6rEUpg.jpeg\",\"width\":1600,\"height\":1600,\"caption\":\"skaitytaknyga.lt\"},\"image\":{\"@id\":\"https:\/\/skaitytaknyga.lt\/#\/schema\/logo\/image\/\"},\"sameAs\":[\"https:\/\/www.facebook.com\/skaitytaknyga\/\"]}]}<\/script>\n<!-- \/ Yoast SEO plugin. -->","yoast_head_json":{"title":"Vilniaus Bernardin\u0173 kapin\u0117s 1810-2010","description":"Vilniaus Bernardin\u0173 kapin\u0117s \u2013 vienas i\u0161 garsiausi\u0173 ir gra\u017eiausi\u0173 Lietuvos nekropoli\u0173. 2010-\u0173j\u0173 spalio m\u0117nes\u012f sukanka 200 met\u0173, kai jos buvo \u012fsteigtos","robots":{"index":"index","follow":"follow","max-snippet":"max-snippet:-1","max-image-preview":"max-image-preview:large","max-video-preview":"max-video-preview:-1"},"canonical":"https:\/\/skaitytaknyga.lt\/en\/produktas\/vilniaus-bernardinu-kapines-1810-2010\/","og_locale":"en_GB","og_type":"article","og_title":"[:lt]Vilniaus Bernardin\u0173 kapin\u0117s 1810-2010[:] - Skaitytaknyga","og_description":"Vilniaus Bernardin\u0173 kapin\u0117s \u2013 vienas i\u0161 garsiausi\u0173 ir gra\u017eiausi\u0173 Lietuvos nekropoli\u0173. 2010-\u0173j\u0173 spalio m\u0117nes\u012f sukanka 200 met\u0173, kai jos buvo \u012fsteigtos","og_url":"https:\/\/skaitytaknyga.lt\/en\/produktas\/vilniaus-bernardinu-kapines-1810-2010\/","og_site_name":"Skaitytaknyga","article_publisher":"https:\/\/www.facebook.com\/skaitytaknyga\/","article_modified_time":"2025-11-13T17:35:19+00:00","og_image":[{"width":300,"height":453,"url":"https:\/\/skaitytaknyga.lt\/wp-content\/uploads\/2025\/11\/Vilniaus-Bernardinu-kapines-1810-2010-1.webp","type":"image\/webp"}],"twitter_card":"summary_large_image","twitter_misc":{"Estimated reading time":"1 minute"},"schema":{"@context":"https:\/\/schema.org","@graph":[{"@type":"WebPage","@id":"https:\/\/skaitytaknyga.lt\/produktas\/vilniaus-bernardinu-kapines-1810-2010\/","url":"https:\/\/skaitytaknyga.lt\/produktas\/vilniaus-bernardinu-kapines-1810-2010\/","name":"Vilniaus Bernardin\u0173 kapin\u0117s 1810-2010","isPartOf":{"@id":"https:\/\/skaitytaknyga.lt\/#website"},"primaryImageOfPage":{"@id":"https:\/\/skaitytaknyga.lt\/produktas\/vilniaus-bernardinu-kapines-1810-2010\/#primaryimage"},"image":{"@id":"https:\/\/skaitytaknyga.lt\/produktas\/vilniaus-bernardinu-kapines-1810-2010\/#primaryimage"},"thumbnailUrl":"https:\/\/skaitytaknyga.lt\/wp-content\/uploads\/2025\/11\/Vilniaus-Bernardinu-kapines-1810-2010-1.webp","datePublished":"2025-11-09T11:32:49+00:00","dateModified":"2025-11-13T17:35:19+00:00","description":"Vilniaus Bernardin\u0173 kapin\u0117s \u2013 vienas i\u0161 garsiausi\u0173 ir gra\u017eiausi\u0173 Lietuvos nekropoli\u0173. 2010-\u0173j\u0173 spalio m\u0117nes\u012f sukanka 200 met\u0173, kai jos buvo \u012fsteigtos","breadcrumb":{"@id":"https:\/\/skaitytaknyga.lt\/produktas\/vilniaus-bernardinu-kapines-1810-2010\/#breadcrumb"},"inLanguage":"en-GB","potentialAction":[{"@type":"ReadAction","target":["https:\/\/skaitytaknyga.lt\/produktas\/vilniaus-bernardinu-kapines-1810-2010\/"]}]},{"@type":"ImageObject","inLanguage":"en-GB","@id":"https:\/\/skaitytaknyga.lt\/produktas\/vilniaus-bernardinu-kapines-1810-2010\/#primaryimage","url":"https:\/\/skaitytaknyga.lt\/wp-content\/uploads\/2025\/11\/Vilniaus-Bernardinu-kapines-1810-2010-1.webp","contentUrl":"https:\/\/skaitytaknyga.lt\/wp-content\/uploads\/2025\/11\/Vilniaus-Bernardinu-kapines-1810-2010-1.webp","width":300,"height":453,"caption":"Vilniaus Bernardin\u0173 kapin\u0117s 1810-2010"},{"@type":"BreadcrumbList","@id":"https:\/\/skaitytaknyga.lt\/produktas\/vilniaus-bernardinu-kapines-1810-2010\/#breadcrumb","itemListElement":[{"@type":"ListItem","position":1,"name":"Home","item":"https:\/\/skaitytaknyga.lt\/"},{"@type":"ListItem","position":2,"name":"Parduotuv\u0117","item":"https:\/\/skaitytaknyga.lt\/knygu-parduotuve\/"},{"@type":"ListItem","position":3,"name":"Vilniaus Bernardin\u0173 kapin\u0117s 1810-2010"}]},{"@type":"WebSite","@id":"https:\/\/skaitytaknyga.lt\/#website","url":"https:\/\/skaitytaknyga.lt\/","name":"skaitytaknyga.lt","description":"Skaitytaknyga.lt \u2013 tai ma\u017eas \u0161eimos verslas, kuris prasid\u0117jo nuo meil\u0117s knygoms ir siekio i\u0161gelb\u0117ti knygas nuo likimo prie konteinerio. Kas vienam nereikalingas daiktas \u2013 kitam lobis, o mes esame tarpininkai, kurie padeda abiems tapti laimingesniems ???? \u017dinome kaip nelengva i\u0161gyventi ma\u017eiems verslams, tad nuo \u0161iol, \u010dia rasite ir kit\u0173, ma\u017e\u0173 \u0161eim\u0173 versl\u0173, rank\u0173 darbo, dovan\u0173 sau ir artimiesiems.","publisher":{"@id":"https:\/\/skaitytaknyga.lt\/#organization"},"potentialAction":[{"@type":"SearchAction","target":{"@type":"EntryPoint","urlTemplate":"https:\/\/skaitytaknyga.lt\/?s={search_term_string}"},"query-input":{"@type":"PropertyValueSpecification","valueRequired":true,"valueName":"search_term_string"}}],"inLanguage":"en-GB"},{"@type":"Organization","@id":"https:\/\/skaitytaknyga.lt\/#organization","name":"skaitytaknyga.lt","url":"https:\/\/skaitytaknyga.lt\/","logo":{"@type":"ImageObject","inLanguage":"en-GB","@id":"https:\/\/skaitytaknyga.lt\/#\/schema\/logo\/image\/","url":"https:\/\/skaitytaknyga.lt\/wp-content\/uploads\/2024\/05\/cropped-cropped-cropped-02_00843_jt3bggkj1j3HLc7SyY6rEUpg.jpeg","contentUrl":"https:\/\/skaitytaknyga.lt\/wp-content\/uploads\/2024\/05\/cropped-cropped-cropped-02_00843_jt3bggkj1j3HLc7SyY6rEUpg.jpeg","width":1600,"height":1600,"caption":"skaitytaknyga.lt"},"image":{"@id":"https:\/\/skaitytaknyga.lt\/#\/schema\/logo\/image\/"},"sameAs":["https:\/\/www.facebook.com\/skaitytaknyga\/"]}]}},"_links":{"self":[{"href":"https:\/\/skaitytaknyga.lt\/en\/wp-json\/wp\/v2\/product\/21943","targetHints":{"allow":["GET"]}}],"collection":[{"href":"https:\/\/skaitytaknyga.lt\/en\/wp-json\/wp\/v2\/product"}],"about":[{"href":"https:\/\/skaitytaknyga.lt\/en\/wp-json\/wp\/v2\/types\/product"}],"replies":[{"embeddable":true,"href":"https:\/\/skaitytaknyga.lt\/en\/wp-json\/wp\/v2\/comments?post=21943"}],"wp:featuredmedia":[{"embeddable":true,"href":"https:\/\/skaitytaknyga.lt\/en\/wp-json\/wp\/v2\/media\/21949"}],"wp:attachment":[{"href":"https:\/\/skaitytaknyga.lt\/en\/wp-json\/wp\/v2\/media?parent=21943"}],"wp:term":[{"taxonomy":"product_brand","embeddable":true,"href":"https:\/\/skaitytaknyga.lt\/en\/wp-json\/wp\/v2\/product_brand?post=21943"},{"taxonomy":"product_cat","embeddable":true,"href":"https:\/\/skaitytaknyga.lt\/en\/wp-json\/wp\/v2\/product_cat?post=21943"},{"taxonomy":"product_tag","embeddable":true,"href":"https:\/\/skaitytaknyga.lt\/en\/wp-json\/wp\/v2\/product_tag?post=21943"}],"curies":[{"name":"wp","href":"https:\/\/api.w.org\/{rel}","templated":true}]}}