{"id":21940,"date":"2025-11-09T13:32:49","date_gmt":"2025-11-09T11:32:49","guid":{"rendered":"https:\/\/skaitytaknyga.lt\/?post_type=product&#038;p=21940"},"modified":"2026-03-18T12:29:17","modified_gmt":"2026-03-18T10:29:17","slug":"xxi-amziaus-lietuvos-zolininkai-kaip-iveikti-ligas","status":"publish","type":"product","link":"https:\/\/skaitytaknyga.lt\/en\/produktas\/xxi-amziaus-lietuvos-zolininkai-kaip-iveikti-ligas\/","title":{"rendered":"XXI am\u017eiaus Lietuvos \u017eolininkai: kaip \u012fveikti ligas"},"content":{"rendered":"<p>D. \u010cervokien\u0117s knyga, nors ir nepretenduoja \u012f mokslin\u0119, n\u0117ra burta\u017eod\u017ei\u0173 rinkinys, o puikus kompendiumas, kuriame rasime \u012fgudusia \u017eurnalist\u0117s ranka para\u0161ytus pasakojimus apie \u012fdomius \u017emones, j\u0173 patarimus, kaip gydytis augalais. Knygos autor\u0117 pabr\u0117\u017eia, kad \u017eolininkai n\u0117ra tiksliai apibr\u0117\u017etas terminas. Tarp j\u0173 \u2013 auk\u0161\u010diausios kategorijos provizor\u0117 farmakognost\u0117 Jadvyga Balvo\u010di\u016bt\u0117, fitoterapeutai Juozas Vasiliauskas ir Juozas Ruolia, farmacininkas Virgilijus Skirkevi\u010dius, kineziterapeut\u0117 \u017danna Jankovskaja, biolog\u0117 Gra\u017eina Gaidien\u0117, chemik\u0117 Ksavera Vai\u0161tarien\u0117, veterinar\u0117 Adel\u0117 Karali\u016bnait\u0117, istorik\u0117 Rita Balsevi\u010di\u016bt\u0117 ir kt. Siurprizas: tarp \u201eragan\u0173\u201c ir \u201eragani\u0173\u201c (turb\u016bt d\u0117l \u0161ventos ramyb\u0117s) yra ir kunigas vienuolis Valerijus Rudzinskas, padedantis \u017emon\u0117ms, ken\u010diantiems nuo priklausomybi\u0173. V. Rudzinskas taikliai apib\u016bdina ger\u0105j\u0105 \u017eolinink\u0173 pus\u0119 ir prasm\u0119: svarbiausia \u2013 myl\u0117ti \u017emones, neniekinti j\u0173, priimti kaip savo gyvenimo dal\u012f.<\/p>\n","protected":false},"excerpt":{"rendered":"<p>D. \u010cervokien\u0117s knyga, nors ir nepretenduoja \u012f mokslin\u0119, n\u0117ra burta\u017eod\u017ei\u0173 rinkinys, o puikus kompendiumas, kuriame rasime \u012fgudusia \u017eurnalist\u0117s ranka para\u0161ytus pasakojimus apie \u012fdomius \u017emones, j\u0173 patarimus, kaip gydytis augalais. Knygos autor\u0117 pabr\u0117\u017eia, kad \u017eolininkai n\u0117ra tiksliai apibr\u0117\u017etas terminas. Tarp j\u0173 \u2013 auk\u0161\u010diausios kategorijos provizor\u0117 farmakognost\u0117 Jadvyga Balvo\u010di\u016bt\u0117, fitoterapeutai Juozas Vasiliauskas ir Juozas Ruolia, farmacininkas Virgilijus Skirkevi\u010dius, kineziterapeut\u0117 \u017danna Jankovskaja, biolog\u0117 Gra\u017eina Gaidien\u0117, chemik\u0117 Ksavera Vai\u0161tarien\u0117, veterinar\u0117 Adel\u0117 Karali\u016bnait\u0117, istorik\u0117 Rita Balsevi\u010di\u016bt\u0117 ir kt. Siurprizas: tarp \u201eragan\u0173\u201c ir \u201eragani\u0173\u201c (turb\u016bt d\u0117l \u0161ventos ramyb\u0117s) yra ir kunigas vienuolis Valerijus Rudzinskas, padedantis \u017emon\u0117ms, ken\u010diantiems nuo priklausomybi\u0173. V. Rudzinskas taikliai apib\u016bdina ger\u0105j\u0105 \u017eolinink\u0173 pus\u0119 ir prasm\u0119: svarbiausia \u2013 myl\u0117ti \u017emones, neniekinti j\u0173, priimti kaip savo gyvenimo dal\u012f.<\/p>\n","protected":false},"featured_media":21946,"comment_status":"open","ping_status":"closed","template":"","meta":{"_acf_changed":false,"site-sidebar-layout":"default","site-content-layout":"","ast-site-content-layout":"default","site-content-style":"default","site-sidebar-style":"default","ast-global-header-display":"","ast-banner-title-visibility":"","ast-main-header-display":"","ast-hfb-above-header-display":"","ast-hfb-below-header-display":"","ast-hfb-mobile-header-display":"","site-post-title":"","ast-breadcrumbs-content":"","ast-featured-img":"","footer-sml-layout":"","ast-disable-related-posts":"","theme-transparent-header-meta":"","adv-header-id-meta":"","stick-header-meta":"","header-above-stick-meta":"","header-main-stick-meta":"","header-below-stick-meta":"","astra-migrate-meta-layouts":"default","ast-page-background-enabled":"default","ast-page-background-meta":{"desktop":{"background-color":"","background-image":"","background-repeat":"repeat","background-position":"center center","background-size":"auto","background-attachment":"scroll","background-type":"","background-media":"","overlay-type":"","overlay-color":"","overlay-opacity":"","overlay-gradient":""},"tablet":{"background-color":"","background-image":"","background-repeat":"repeat","background-position":"center center","background-size":"auto","background-attachment":"scroll","background-type":"","background-media":"","overlay-type":"","overlay-color":"","overlay-opacity":"","overlay-gradient":""},"mobile":{"background-color":"","background-image":"","background-repeat":"repeat","background-position":"center center","background-size":"auto","background-attachment":"scroll","background-type":"","background-media":"","overlay-type":"","overlay-color":"","overlay-opacity":"","overlay-gradient":""}},"ast-content-background-meta":{"desktop":{"background-color":"var(--ast-global-color-4)","background-image":"","background-repeat":"repeat","background-position":"center center","background-size":"auto","background-attachment":"scroll","background-type":"","background-media":"","overlay-type":"","overlay-color":"","overlay-opacity":"","overlay-gradient":""},"tablet":{"background-color":"var(--ast-global-color-4)","background-image":"","background-repeat":"repeat","background-position":"center center","background-size":"auto","background-attachment":"scroll","background-type":"","background-media":"","overlay-type":"","overlay-color":"","overlay-opacity":"","overlay-gradient":""},"mobile":{"background-color":"var(--ast-global-color-4)","background-image":"","background-repeat":"repeat","background-position":"center center","background-size":"auto","background-attachment":"scroll","background-type":"","background-media":"","overlay-type":"","overlay-color":"","overlay-opacity":"","overlay-gradient":""}}},"product_brand":[],"product_cat":[55],"product_tag":[],"class_list":{"0":"post-21940","1":"product","2":"type-product","3":"status-publish","4":"has-post-thumbnail","6":"product_cat-sveikata-ir-sveika-mityba","7":"desktop-align-left","8":"tablet-align-left","9":"mobile-align-left","11":"first","12":"instock","13":"shipping-taxable","14":"purchasable","15":"product-type-simple"},"acf":[],"yoast_head":"<!-- This site is optimized with the Yoast SEO plugin v27.0 - https:\/\/yoast.com\/product\/yoast-seo-wordpress\/ -->\n<title>XXI am\u017eiaus Lietuvos \u017eolininkai: kaip \u012fveikti ligas<\/title>\n<meta name=\"description\" content=\"D. \u010cervokien\u0117s knyga, nors ir nepretenduoja \u012f mokslin\u0119, n\u0117ra burta\u017eod\u017ei\u0173 rinkinys, o puikus kompendiumas, kuriame rasime \u012fgudusia \u017eurnalist\u0117s ranka\" \/>\n<meta name=\"robots\" content=\"index, follow, max-snippet:-1, max-image-preview:large, max-video-preview:-1\" \/>\n<link rel=\"canonical\" href=\"https:\/\/skaitytaknyga.lt\/en\/produktas\/xxi-amziaus-lietuvos-zolininkai-kaip-iveikti-ligas\/\" \/>\n<meta property=\"og:locale\" content=\"en_GB\" \/>\n<meta property=\"og:locale:alternate\" content=\"lt_LT\" \/>\n<meta property=\"og:type\" content=\"article\" \/>\n<meta property=\"og:title\" content=\"XXI am\u017eiaus Lietuvos \u017eolininkai: kaip \u012fveikti ligas\" \/>\n<meta property=\"og:description\" content=\"D. \u010cervokien\u0117s knyga, nors ir nepretenduoja \u012f mokslin\u0119, n\u0117ra burta\u017eod\u017ei\u0173 rinkinys, o puikus kompendiumas, kuriame rasime \u012fgudusia \u017eurnalist\u0117s ranka\" \/>\n<meta property=\"og:url\" content=\"https:\/\/skaitytaknyga.lt\/en\/produktas\/xxi-amziaus-lietuvos-zolininkai-kaip-iveikti-ligas\/\" \/>\n<meta property=\"og:site_name\" content=\"Skaitytaknyga\" \/>\n<meta property=\"article:publisher\" content=\"https:\/\/www.facebook.com\/skaitytaknyga\/\" \/>\n<meta property=\"article:modified_time\" content=\"2026-03-18T10:29:17+00:00\" \/>\n<meta property=\"og:image\" content=\"https:\/\/skaitytaknyga.lt\/wp-content\/uploads\/2025\/11\/XXI-amziaus-Lietuvos-zolininkai-kaip-iveikti-ligas-1.webp\" \/>\n\t<meta property=\"og:image:width\" content=\"300\" \/>\n\t<meta property=\"og:image:height\" content=\"405\" \/>\n\t<meta property=\"og:image:type\" content=\"image\/webp\" \/>\n<meta name=\"twitter:card\" content=\"summary_large_image\" \/>\n<meta name=\"twitter:label1\" content=\"Estimated reading time\" \/>\n\t<meta name=\"twitter:data1\" content=\"1 minute\" \/>\n<script type=\"application\/ld+json\" class=\"yoast-schema-graph\">{\"@context\":\"https:\/\/schema.org\",\"@graph\":[{\"@type\":\"WebPage\",\"@id\":\"https:\/\/skaitytaknyga.lt\/produktas\/xxi-amziaus-lietuvos-zolininkai-kaip-iveikti-ligas\/\",\"url\":\"https:\/\/skaitytaknyga.lt\/produktas\/xxi-amziaus-lietuvos-zolininkai-kaip-iveikti-ligas\/\",\"name\":\"XXI am\u017eiaus Lietuvos \u017eolininkai: kaip \u012fveikti ligas\",\"isPartOf\":{\"@id\":\"https:\/\/skaitytaknyga.lt\/#website\"},\"primaryImageOfPage\":{\"@id\":\"https:\/\/skaitytaknyga.lt\/produktas\/xxi-amziaus-lietuvos-zolininkai-kaip-iveikti-ligas\/#primaryimage\"},\"image\":{\"@id\":\"https:\/\/skaitytaknyga.lt\/produktas\/xxi-amziaus-lietuvos-zolininkai-kaip-iveikti-ligas\/#primaryimage\"},\"thumbnailUrl\":\"https:\/\/skaitytaknyga.lt\/wp-content\/uploads\/2025\/11\/XXI-amziaus-Lietuvos-zolininkai-kaip-iveikti-ligas-1.webp\",\"datePublished\":\"2025-11-09T11:32:49+00:00\",\"dateModified\":\"2026-03-18T10:29:17+00:00\",\"description\":\"D. \u010cervokien\u0117s knyga, nors ir nepretenduoja \u012f mokslin\u0119, n\u0117ra burta\u017eod\u017ei\u0173 rinkinys, o puikus kompendiumas, kuriame rasime \u012fgudusia \u017eurnalist\u0117s ranka\",\"breadcrumb\":{\"@id\":\"https:\/\/skaitytaknyga.lt\/produktas\/xxi-amziaus-lietuvos-zolininkai-kaip-iveikti-ligas\/#breadcrumb\"},\"inLanguage\":\"en-GB\",\"potentialAction\":[{\"@type\":\"ReadAction\",\"target\":[\"https:\/\/skaitytaknyga.lt\/produktas\/xxi-amziaus-lietuvos-zolininkai-kaip-iveikti-ligas\/\"]}]},{\"@type\":\"ImageObject\",\"inLanguage\":\"en-GB\",\"@id\":\"https:\/\/skaitytaknyga.lt\/produktas\/xxi-amziaus-lietuvos-zolininkai-kaip-iveikti-ligas\/#primaryimage\",\"url\":\"https:\/\/skaitytaknyga.lt\/wp-content\/uploads\/2025\/11\/XXI-amziaus-Lietuvos-zolininkai-kaip-iveikti-ligas-1.webp\",\"contentUrl\":\"https:\/\/skaitytaknyga.lt\/wp-content\/uploads\/2025\/11\/XXI-amziaus-Lietuvos-zolininkai-kaip-iveikti-ligas-1.webp\",\"width\":300,\"height\":405,\"caption\":\"XXI am\u017eiaus Lietuvos \u017eolininkai: kaip \u012fveikti ligas\"},{\"@type\":\"BreadcrumbList\",\"@id\":\"https:\/\/skaitytaknyga.lt\/produktas\/xxi-amziaus-lietuvos-zolininkai-kaip-iveikti-ligas\/#breadcrumb\",\"itemListElement\":[{\"@type\":\"ListItem\",\"position\":1,\"name\":\"Home\",\"item\":\"https:\/\/skaitytaknyga.lt\/\"},{\"@type\":\"ListItem\",\"position\":2,\"name\":\"Parduotuv\u0117\",\"item\":\"https:\/\/skaitytaknyga.lt\/knygu-parduotuve\/\"},{\"@type\":\"ListItem\",\"position\":3,\"name\":\"XXI am\u017eiaus Lietuvos \u017eolininkai: kaip \u012fveikti ligas\"}]},{\"@type\":\"WebSite\",\"@id\":\"https:\/\/skaitytaknyga.lt\/#website\",\"url\":\"https:\/\/skaitytaknyga.lt\/\",\"name\":\"skaitytaknyga.lt\",\"description\":\"Skaitytaknyga.lt \u2013 tai ma\u017eas \u0161eimos verslas, kuris prasid\u0117jo nuo meil\u0117s knygoms ir siekio i\u0161gelb\u0117ti knygas nuo likimo prie konteinerio. Kas vienam nereikalingas daiktas \u2013 kitam lobis, o mes esame tarpininkai, kurie padeda abiems tapti laimingesniems ???? \u017dinome kaip nelengva i\u0161gyventi ma\u017eiems verslams, tad nuo \u0161iol, \u010dia rasite ir kit\u0173, ma\u017e\u0173 \u0161eim\u0173 versl\u0173, rank\u0173 darbo, dovan\u0173 sau ir artimiesiems.\",\"publisher\":{\"@id\":\"https:\/\/skaitytaknyga.lt\/#organization\"},\"potentialAction\":[{\"@type\":\"SearchAction\",\"target\":{\"@type\":\"EntryPoint\",\"urlTemplate\":\"https:\/\/skaitytaknyga.lt\/?s={search_term_string}\"},\"query-input\":{\"@type\":\"PropertyValueSpecification\",\"valueRequired\":true,\"valueName\":\"search_term_string\"}}],\"inLanguage\":\"en-GB\"},{\"@type\":\"Organization\",\"@id\":\"https:\/\/skaitytaknyga.lt\/#organization\",\"name\":\"skaitytaknyga.lt\",\"url\":\"https:\/\/skaitytaknyga.lt\/\",\"logo\":{\"@type\":\"ImageObject\",\"inLanguage\":\"en-GB\",\"@id\":\"https:\/\/skaitytaknyga.lt\/#\/schema\/logo\/image\/\",\"url\":\"https:\/\/skaitytaknyga.lt\/wp-content\/uploads\/2024\/05\/cropped-cropped-cropped-02_00843_jt3bggkj1j3HLc7SyY6rEUpg.jpeg\",\"contentUrl\":\"https:\/\/skaitytaknyga.lt\/wp-content\/uploads\/2024\/05\/cropped-cropped-cropped-02_00843_jt3bggkj1j3HLc7SyY6rEUpg.jpeg\",\"width\":1600,\"height\":1600,\"caption\":\"skaitytaknyga.lt\"},\"image\":{\"@id\":\"https:\/\/skaitytaknyga.lt\/#\/schema\/logo\/image\/\"},\"sameAs\":[\"https:\/\/www.facebook.com\/skaitytaknyga\/\"]}]}<\/script>\n<!-- \/ Yoast SEO plugin. -->","yoast_head_json":{"title":"XXI am\u017eiaus Lietuvos \u017eolininkai: kaip \u012fveikti ligas","description":"D. \u010cervokien\u0117s knyga, nors ir nepretenduoja \u012f mokslin\u0119, n\u0117ra burta\u017eod\u017ei\u0173 rinkinys, o puikus kompendiumas, kuriame rasime \u012fgudusia \u017eurnalist\u0117s ranka","robots":{"index":"index","follow":"follow","max-snippet":"max-snippet:-1","max-image-preview":"max-image-preview:large","max-video-preview":"max-video-preview:-1"},"canonical":"https:\/\/skaitytaknyga.lt\/en\/produktas\/xxi-amziaus-lietuvos-zolininkai-kaip-iveikti-ligas\/","og_locale":"en_GB","og_type":"article","og_title":"[:lt]XXI am\u017eiaus Lietuvos \u017eolininkai: kaip \u012fveikti ligas[:] - Skaitytaknyga","og_description":"D. \u010cervokien\u0117s knyga, nors ir nepretenduoja \u012f mokslin\u0119, n\u0117ra burta\u017eod\u017ei\u0173 rinkinys, o puikus kompendiumas, kuriame rasime \u012fgudusia \u017eurnalist\u0117s ranka","og_url":"https:\/\/skaitytaknyga.lt\/en\/produktas\/xxi-amziaus-lietuvos-zolininkai-kaip-iveikti-ligas\/","og_site_name":"Skaitytaknyga","article_publisher":"https:\/\/www.facebook.com\/skaitytaknyga\/","article_modified_time":"2026-03-18T10:29:17+00:00","og_image":[{"width":300,"height":405,"url":"https:\/\/skaitytaknyga.lt\/wp-content\/uploads\/2025\/11\/XXI-amziaus-Lietuvos-zolininkai-kaip-iveikti-ligas-1.webp","type":"image\/webp"}],"twitter_card":"summary_large_image","twitter_misc":{"Estimated reading time":"1 minute"},"schema":{"@context":"https:\/\/schema.org","@graph":[{"@type":"WebPage","@id":"https:\/\/skaitytaknyga.lt\/produktas\/xxi-amziaus-lietuvos-zolininkai-kaip-iveikti-ligas\/","url":"https:\/\/skaitytaknyga.lt\/produktas\/xxi-amziaus-lietuvos-zolininkai-kaip-iveikti-ligas\/","name":"XXI am\u017eiaus Lietuvos \u017eolininkai: kaip \u012fveikti ligas","isPartOf":{"@id":"https:\/\/skaitytaknyga.lt\/#website"},"primaryImageOfPage":{"@id":"https:\/\/skaitytaknyga.lt\/produktas\/xxi-amziaus-lietuvos-zolininkai-kaip-iveikti-ligas\/#primaryimage"},"image":{"@id":"https:\/\/skaitytaknyga.lt\/produktas\/xxi-amziaus-lietuvos-zolininkai-kaip-iveikti-ligas\/#primaryimage"},"thumbnailUrl":"https:\/\/skaitytaknyga.lt\/wp-content\/uploads\/2025\/11\/XXI-amziaus-Lietuvos-zolininkai-kaip-iveikti-ligas-1.webp","datePublished":"2025-11-09T11:32:49+00:00","dateModified":"2026-03-18T10:29:17+00:00","description":"D. \u010cervokien\u0117s knyga, nors ir nepretenduoja \u012f mokslin\u0119, n\u0117ra burta\u017eod\u017ei\u0173 rinkinys, o puikus kompendiumas, kuriame rasime \u012fgudusia \u017eurnalist\u0117s ranka","breadcrumb":{"@id":"https:\/\/skaitytaknyga.lt\/produktas\/xxi-amziaus-lietuvos-zolininkai-kaip-iveikti-ligas\/#breadcrumb"},"inLanguage":"en-GB","potentialAction":[{"@type":"ReadAction","target":["https:\/\/skaitytaknyga.lt\/produktas\/xxi-amziaus-lietuvos-zolininkai-kaip-iveikti-ligas\/"]}]},{"@type":"ImageObject","inLanguage":"en-GB","@id":"https:\/\/skaitytaknyga.lt\/produktas\/xxi-amziaus-lietuvos-zolininkai-kaip-iveikti-ligas\/#primaryimage","url":"https:\/\/skaitytaknyga.lt\/wp-content\/uploads\/2025\/11\/XXI-amziaus-Lietuvos-zolininkai-kaip-iveikti-ligas-1.webp","contentUrl":"https:\/\/skaitytaknyga.lt\/wp-content\/uploads\/2025\/11\/XXI-amziaus-Lietuvos-zolininkai-kaip-iveikti-ligas-1.webp","width":300,"height":405,"caption":"XXI am\u017eiaus Lietuvos \u017eolininkai: kaip \u012fveikti ligas"},{"@type":"BreadcrumbList","@id":"https:\/\/skaitytaknyga.lt\/produktas\/xxi-amziaus-lietuvos-zolininkai-kaip-iveikti-ligas\/#breadcrumb","itemListElement":[{"@type":"ListItem","position":1,"name":"Home","item":"https:\/\/skaitytaknyga.lt\/"},{"@type":"ListItem","position":2,"name":"Parduotuv\u0117","item":"https:\/\/skaitytaknyga.lt\/knygu-parduotuve\/"},{"@type":"ListItem","position":3,"name":"XXI am\u017eiaus Lietuvos \u017eolininkai: kaip \u012fveikti ligas"}]},{"@type":"WebSite","@id":"https:\/\/skaitytaknyga.lt\/#website","url":"https:\/\/skaitytaknyga.lt\/","name":"skaitytaknyga.lt","description":"Skaitytaknyga.lt \u2013 tai ma\u017eas \u0161eimos verslas, kuris prasid\u0117jo nuo meil\u0117s knygoms ir siekio i\u0161gelb\u0117ti knygas nuo likimo prie konteinerio. Kas vienam nereikalingas daiktas \u2013 kitam lobis, o mes esame tarpininkai, kurie padeda abiems tapti laimingesniems ???? \u017dinome kaip nelengva i\u0161gyventi ma\u017eiems verslams, tad nuo \u0161iol, \u010dia rasite ir kit\u0173, ma\u017e\u0173 \u0161eim\u0173 versl\u0173, rank\u0173 darbo, dovan\u0173 sau ir artimiesiems.","publisher":{"@id":"https:\/\/skaitytaknyga.lt\/#organization"},"potentialAction":[{"@type":"SearchAction","target":{"@type":"EntryPoint","urlTemplate":"https:\/\/skaitytaknyga.lt\/?s={search_term_string}"},"query-input":{"@type":"PropertyValueSpecification","valueRequired":true,"valueName":"search_term_string"}}],"inLanguage":"en-GB"},{"@type":"Organization","@id":"https:\/\/skaitytaknyga.lt\/#organization","name":"skaitytaknyga.lt","url":"https:\/\/skaitytaknyga.lt\/","logo":{"@type":"ImageObject","inLanguage":"en-GB","@id":"https:\/\/skaitytaknyga.lt\/#\/schema\/logo\/image\/","url":"https:\/\/skaitytaknyga.lt\/wp-content\/uploads\/2024\/05\/cropped-cropped-cropped-02_00843_jt3bggkj1j3HLc7SyY6rEUpg.jpeg","contentUrl":"https:\/\/skaitytaknyga.lt\/wp-content\/uploads\/2024\/05\/cropped-cropped-cropped-02_00843_jt3bggkj1j3HLc7SyY6rEUpg.jpeg","width":1600,"height":1600,"caption":"skaitytaknyga.lt"},"image":{"@id":"https:\/\/skaitytaknyga.lt\/#\/schema\/logo\/image\/"},"sameAs":["https:\/\/www.facebook.com\/skaitytaknyga\/"]}]}},"_links":{"self":[{"href":"https:\/\/skaitytaknyga.lt\/en\/wp-json\/wp\/v2\/product\/21940","targetHints":{"allow":["GET"]}}],"collection":[{"href":"https:\/\/skaitytaknyga.lt\/en\/wp-json\/wp\/v2\/product"}],"about":[{"href":"https:\/\/skaitytaknyga.lt\/en\/wp-json\/wp\/v2\/types\/product"}],"replies":[{"embeddable":true,"href":"https:\/\/skaitytaknyga.lt\/en\/wp-json\/wp\/v2\/comments?post=21940"}],"wp:featuredmedia":[{"embeddable":true,"href":"https:\/\/skaitytaknyga.lt\/en\/wp-json\/wp\/v2\/media\/21946"}],"wp:attachment":[{"href":"https:\/\/skaitytaknyga.lt\/en\/wp-json\/wp\/v2\/media?parent=21940"}],"wp:term":[{"taxonomy":"product_brand","embeddable":true,"href":"https:\/\/skaitytaknyga.lt\/en\/wp-json\/wp\/v2\/product_brand?post=21940"},{"taxonomy":"product_cat","embeddable":true,"href":"https:\/\/skaitytaknyga.lt\/en\/wp-json\/wp\/v2\/product_cat?post=21940"},{"taxonomy":"product_tag","embeddable":true,"href":"https:\/\/skaitytaknyga.lt\/en\/wp-json\/wp\/v2\/product_tag?post=21940"}],"curies":[{"name":"wp","href":"https:\/\/api.w.org\/{rel}","templated":true}]}}