{"id":2194,"date":"2024-04-17T13:06:25","date_gmt":"2024-04-17T13:06:25","guid":{"rendered":"https:\/\/skaitytaknyga.lt\/?post_type=product&#038;p=2194"},"modified":"2026-03-05T16:00:57","modified_gmt":"2026-03-05T14:00:57","slug":"g-phillips-baimes-karalyste","status":"publish","type":"product","link":"https:\/\/skaitytaknyga.lt\/en\/produktas\/g-phillips-baimes-karalyste\/","title":{"rendered":"Baim\u0117s karalyst\u0117"},"content":{"rendered":"<p>16.55 \u2013 MED\u017dIOKL\u0116 PRASIDEDA<\/p>\n<p>Kai D\u017eoana ir jos keturmetis s\u016bnus Linkolnas susiruo\u0161ia eiti namo, zoologijos sodas jau beveik i\u0161tu\u0161t\u0117j\u0119s. Jiems patinka leisti laik\u0105 nuo\u0161aliau nuo pagrindini\u0173 tak\u0173, kur gali pab\u016bti tik dviese. Bet tai, k\u0105 D\u017eoana i\u0161vysta eidama link i\u0161\u0117jimo, priver\u010dia j\u0105 ir s\u016bn\u0173 apsisukti ir b\u0117gti. \u012eprasta diena zoologijos sode virsta makabri\u0161k\u0173 sl\u0117pyni\u0173 ko\u0161maru.<\/p>\n<p>Staiga mama ir s\u016bnus zoologijos sode \u012fkalinami lyg \u017ev\u0117rys narvuose. D\u017eoana privalo sukaupti visas j\u0117gas, \u0161altakrauji\u0161kai \u012fvertinti kiekvien\u0105 savo \u017eingsn\u012f ir bet kokia kaina apsaugoti Linkoln\u0105. Pasikeitus \u017eaidimo taisykl\u0117ms, \u017emogi\u0161kumo ribos i\u0161sitrina, o mirtino pavojaus akivaizdoje d\u0117l i\u0161likimo aukojami net \u0161ven\u010diausi dalykai.<\/p>\n<p>20.05 \u2013 VISKAS BAIGTA<\/p>\n<ul class=\"about-product d-none d-xl-block mt-4\">\n<li><strong>Originalus pavadinimas:<\/strong>\u00a0Fierce Kingdom<\/li>\n<li><strong>Autorius:<\/strong>\u00a0Gin Philips<\/li>\n<li><strong>Leid\u0117jas:<\/strong>\u00a0Baltos lankos<\/li>\n<li><strong>Metai:<\/strong>\u00a02017<\/li>\n<li><strong>Puslapiai:<\/strong>\u00a0240<\/li>\n<li><strong>ISBN:<\/strong>\u00a09786094790171<\/li>\n<li><strong>Versijos kodas:<\/strong>\u00a0PT.<\/li>\n<li><strong>Formatas:<\/strong>\u00a014,5 x 21,5 x 2,5 cm, kieti vir\u0161eliai<\/li>\n<li><strong>Kalba:<\/strong>\u00a0Lietuvi\u0173<\/li>\n<li><strong>Vert\u0117jas:<\/strong>\u00a0Aist\u0117 Kvedarait\u0117-Nichols<\/li>\n<\/ul>\n","protected":false},"excerpt":{"rendered":"<p>16.55 \u2013 MED\u017dIOKL\u0116 PRASIDEDA Kai D\u017eoana ir jos keturmetis s\u016bnus Linkolnas susiruo\u0161ia eiti namo, zoologijos sodas jau beveik i\u0161tu\u0161t\u0117j\u0119s. Jiems patinka leisti laik\u0105 nuo\u0161aliau nuo pagrindini\u0173 tak\u0173, kur gali pab\u016bti tik dviese. Bet tai, k\u0105 D\u017eoana i\u0161vysta eidama link i\u0161\u0117jimo, priver\u010dia j\u0105 ir s\u016bn\u0173 apsisukti ir b\u0117gti. \u012eprasta diena zoologijos sode virsta makabri\u0161k\u0173 sl\u0117pyni\u0173 ko\u0161maru. Staiga mama ir s\u016bnus zoologijos sode \u012fkalinami lyg \u017ev\u0117rys narvuose. D\u017eoana privalo sukaupti visas j\u0117gas, \u0161altakrauji\u0161kai \u012fvertinti kiekvien\u0105 savo \u017eingsn\u012f ir bet kokia kaina apsaugoti Linkoln\u0105. Pasikeitus \u017eaidimo taisykl\u0117ms, \u017emogi\u0161kumo ribos i\u0161sitrina, o mirtino pavojaus akivaizdoje d\u0117l i\u0161likimo aukojami net \u0161ven\u010diausi dalykai. 20.05 \u2013 VISKAS BAIGTA Originalus pavadinimas:\u00a0Fierce Kingdom Autorius:\u00a0Gin Philips Leid\u0117jas:\u00a0Baltos lankos Metai:\u00a02017 Puslapiai:\u00a0240 ISBN:\u00a09786094790171 Versijos kodas:\u00a0PT. Formatas:\u00a014,5 x 21,5 x 2,5 cm, kieti vir\u0161eliai Kalba:\u00a0Lietuvi\u0173 Vert\u0117jas:\u00a0Aist\u0117 Kvedarait\u0117-Nichols<\/p>\n","protected":false},"featured_media":2227,"comment_status":"closed","ping_status":"closed","template":"","meta":{"_acf_changed":false,"site-sidebar-layout":"default","site-content-layout":"","ast-site-content-layout":"default","site-content-style":"default","site-sidebar-style":"default","ast-global-header-display":"","ast-banner-title-visibility":"","ast-main-header-display":"","ast-hfb-above-header-display":"","ast-hfb-below-header-display":"","ast-hfb-mobile-header-display":"","site-post-title":"","ast-breadcrumbs-content":"","ast-featured-img":"","footer-sml-layout":"","ast-disable-related-posts":"","theme-transparent-header-meta":"default","adv-header-id-meta":"","stick-header-meta":"","header-above-stick-meta":"","header-main-stick-meta":"","header-below-stick-meta":"","astra-migrate-meta-layouts":"set","ast-page-background-enabled":"default","ast-page-background-meta":{"desktop":{"background-color":"","background-image":"","background-repeat":"repeat","background-position":"center center","background-size":"auto","background-attachment":"scroll","background-type":"","background-media":"","overlay-type":"","overlay-color":"","overlay-opacity":"","overlay-gradient":""},"tablet":{"background-color":"","background-image":"","background-repeat":"repeat","background-position":"center center","background-size":"auto","background-attachment":"scroll","background-type":"","background-media":"","overlay-type":"","overlay-color":"","overlay-opacity":"","overlay-gradient":""},"mobile":{"background-color":"","background-image":"","background-repeat":"repeat","background-position":"center center","background-size":"auto","background-attachment":"scroll","background-type":"","background-media":"","overlay-type":"","overlay-color":"","overlay-opacity":"","overlay-gradient":""}},"ast-content-background-meta":{"desktop":{"background-color":"var(--ast-global-color-4)","background-image":"","background-repeat":"repeat","background-position":"center center","background-size":"auto","background-attachment":"scroll","background-type":"","background-media":"","overlay-type":"","overlay-color":"","overlay-opacity":"","overlay-gradient":""},"tablet":{"background-color":"var(--ast-global-color-4)","background-image":"","background-repeat":"repeat","background-position":"center center","background-size":"auto","background-attachment":"scroll","background-type":"","background-media":"","overlay-type":"","overlay-color":"","overlay-opacity":"","overlay-gradient":""},"mobile":{"background-color":"var(--ast-global-color-4)","background-image":"","background-repeat":"repeat","background-position":"center center","background-size":"auto","background-attachment":"scroll","background-type":"","background-media":"","overlay-type":"","overlay-color":"","overlay-opacity":"","overlay-gradient":""}}},"product_brand":[],"product_cat":[9581],"product_tag":[],"class_list":{"0":"post-2194","1":"product","2":"type-product","3":"status-publish","4":"has-post-thumbnail","6":"product_cat-kriminaliniai-romanai","7":"desktop-align-left","8":"tablet-align-left","9":"mobile-align-left","11":"first","12":"outofstock","13":"shipping-taxable","14":"purchasable","15":"product-type-simple"},"acf":[],"yoast_head":"<!-- This site is optimized with the Yoast SEO plugin v27.0 - https:\/\/yoast.com\/product\/yoast-seo-wordpress\/ -->\n<title>Baim\u0117s karalyst\u0117<\/title>\n<meta name=\"description\" content=\"\u201eNor\u0117dama apsaugoti savo vaik\u0105, moteris gali tapti nuo\u017emiausiu pl\u0117\u0161r\u016bnu pasaulyje.&quot; \u201eA\u0161trus, autenti\u0161kas ir adrenalinu persunktas trileris.\" \/>\n<meta name=\"robots\" content=\"index, follow, max-snippet:-1, max-image-preview:large, max-video-preview:-1\" \/>\n<link rel=\"canonical\" href=\"https:\/\/skaitytaknyga.lt\/en\/produktas\/g-phillips-baimes-karalyste\/\" \/>\n<meta property=\"og:locale\" content=\"en_GB\" \/>\n<meta property=\"og:locale:alternate\" content=\"lt_LT\" \/>\n<meta property=\"og:type\" content=\"article\" \/>\n<meta property=\"og:title\" content=\"Baim\u0117s karalyst\u0117\" \/>\n<meta property=\"og:description\" content=\"\u201eNor\u0117dama apsaugoti savo vaik\u0105, moteris gali tapti nuo\u017emiausiu pl\u0117\u0161r\u016bnu pasaulyje.&quot; \u201eA\u0161trus, autenti\u0161kas ir adrenalinu persunktas trileris.\" \/>\n<meta property=\"og:url\" content=\"https:\/\/skaitytaknyga.lt\/en\/produktas\/g-phillips-baimes-karalyste\/\" \/>\n<meta property=\"og:site_name\" content=\"Skaitytaknyga\" \/>\n<meta property=\"article:publisher\" content=\"https:\/\/www.facebook.com\/skaitytaknyga\/\" \/>\n<meta property=\"article:modified_time\" content=\"2026-03-05T14:00:57+00:00\" \/>\n<meta property=\"og:image\" content=\"https:\/\/skaitytaknyga.lt\/wp-content\/uploads\/2024\/04\/1504092324_Philips_baimeskaralyste_72max.jpg\" \/>\n\t<meta property=\"og:image:width\" content=\"449\" \/>\n\t<meta property=\"og:image:height\" content=\"652\" \/>\n\t<meta property=\"og:image:type\" content=\"image\/jpeg\" \/>\n<meta name=\"twitter:card\" content=\"summary_large_image\" \/>\n<meta name=\"twitter:label1\" content=\"Estimated reading time\" \/>\n\t<meta name=\"twitter:data1\" content=\"1 minute\" \/>\n<script type=\"application\/ld+json\" class=\"yoast-schema-graph\">{\"@context\":\"https:\/\/schema.org\",\"@graph\":[{\"@type\":\"WebPage\",\"@id\":\"https:\/\/skaitytaknyga.lt\/produktas\/g-phillips-baimes-karalyste\/\",\"url\":\"https:\/\/skaitytaknyga.lt\/produktas\/g-phillips-baimes-karalyste\/\",\"name\":\"Baim\u0117s karalyst\u0117\",\"isPartOf\":{\"@id\":\"https:\/\/skaitytaknyga.lt\/#website\"},\"primaryImageOfPage\":{\"@id\":\"https:\/\/skaitytaknyga.lt\/produktas\/g-phillips-baimes-karalyste\/#primaryimage\"},\"image\":{\"@id\":\"https:\/\/skaitytaknyga.lt\/produktas\/g-phillips-baimes-karalyste\/#primaryimage\"},\"thumbnailUrl\":\"https:\/\/skaitytaknyga.lt\/wp-content\/uploads\/2024\/04\/1504092324_Philips_baimeskaralyste_72max.jpg\",\"datePublished\":\"2024-04-17T13:06:25+00:00\",\"dateModified\":\"2026-03-05T14:00:57+00:00\",\"description\":\"\u201eNor\u0117dama apsaugoti savo vaik\u0105, moteris gali tapti nuo\u017emiausiu pl\u0117\u0161r\u016bnu pasaulyje.\\\" \u201eA\u0161trus, autenti\u0161kas ir adrenalinu persunktas trileris.\",\"breadcrumb\":{\"@id\":\"https:\/\/skaitytaknyga.lt\/produktas\/g-phillips-baimes-karalyste\/#breadcrumb\"},\"inLanguage\":\"en-GB\",\"potentialAction\":[{\"@type\":\"ReadAction\",\"target\":[\"https:\/\/skaitytaknyga.lt\/produktas\/g-phillips-baimes-karalyste\/\"]}]},{\"@type\":\"ImageObject\",\"inLanguage\":\"en-GB\",\"@id\":\"https:\/\/skaitytaknyga.lt\/produktas\/g-phillips-baimes-karalyste\/#primaryimage\",\"url\":\"https:\/\/skaitytaknyga.lt\/wp-content\/uploads\/2024\/04\/1504092324_Philips_baimeskaralyste_72max.jpg\",\"contentUrl\":\"https:\/\/skaitytaknyga.lt\/wp-content\/uploads\/2024\/04\/1504092324_Philips_baimeskaralyste_72max.jpg\",\"width\":449,\"height\":652,\"caption\":\"1504092324 Philips baimeskaralyste 72max\"},{\"@type\":\"BreadcrumbList\",\"@id\":\"https:\/\/skaitytaknyga.lt\/produktas\/g-phillips-baimes-karalyste\/#breadcrumb\",\"itemListElement\":[{\"@type\":\"ListItem\",\"position\":1,\"name\":\"Home\",\"item\":\"https:\/\/skaitytaknyga.lt\/\"},{\"@type\":\"ListItem\",\"position\":2,\"name\":\"Parduotuv\u0117\",\"item\":\"https:\/\/skaitytaknyga.lt\/knygu-parduotuve\/\"},{\"@type\":\"ListItem\",\"position\":3,\"name\":\"Baim\u0117s karalyst\u0117\"}]},{\"@type\":\"WebSite\",\"@id\":\"https:\/\/skaitytaknyga.lt\/#website\",\"url\":\"https:\/\/skaitytaknyga.lt\/\",\"name\":\"skaitytaknyga.lt\",\"description\":\"Skaitytaknyga.lt \u2013 tai ma\u017eas \u0161eimos verslas, kuris prasid\u0117jo nuo meil\u0117s knygoms ir siekio i\u0161gelb\u0117ti knygas nuo likimo prie konteinerio. Kas vienam nereikalingas daiktas \u2013 kitam lobis, o mes esame tarpininkai, kurie padeda abiems tapti laimingesniems ???? \u017dinome kaip nelengva i\u0161gyventi ma\u017eiems verslams, tad nuo \u0161iol, \u010dia rasite ir kit\u0173, ma\u017e\u0173 \u0161eim\u0173 versl\u0173, rank\u0173 darbo, dovan\u0173 sau ir artimiesiems.\",\"publisher\":{\"@id\":\"https:\/\/skaitytaknyga.lt\/#organization\"},\"potentialAction\":[{\"@type\":\"SearchAction\",\"target\":{\"@type\":\"EntryPoint\",\"urlTemplate\":\"https:\/\/skaitytaknyga.lt\/?s={search_term_string}\"},\"query-input\":{\"@type\":\"PropertyValueSpecification\",\"valueRequired\":true,\"valueName\":\"search_term_string\"}}],\"inLanguage\":\"en-GB\"},{\"@type\":\"Organization\",\"@id\":\"https:\/\/skaitytaknyga.lt\/#organization\",\"name\":\"skaitytaknyga.lt\",\"url\":\"https:\/\/skaitytaknyga.lt\/\",\"logo\":{\"@type\":\"ImageObject\",\"inLanguage\":\"en-GB\",\"@id\":\"https:\/\/skaitytaknyga.lt\/#\/schema\/logo\/image\/\",\"url\":\"https:\/\/skaitytaknyga.lt\/wp-content\/uploads\/2024\/05\/cropped-cropped-cropped-02_00843_jt3bggkj1j3HLc7SyY6rEUpg.jpeg\",\"contentUrl\":\"https:\/\/skaitytaknyga.lt\/wp-content\/uploads\/2024\/05\/cropped-cropped-cropped-02_00843_jt3bggkj1j3HLc7SyY6rEUpg.jpeg\",\"width\":1600,\"height\":1600,\"caption\":\"skaitytaknyga.lt\"},\"image\":{\"@id\":\"https:\/\/skaitytaknyga.lt\/#\/schema\/logo\/image\/\"},\"sameAs\":[\"https:\/\/www.facebook.com\/skaitytaknyga\/\"]}]}<\/script>\n<!-- \/ Yoast SEO plugin. -->","yoast_head_json":{"title":"Baim\u0117s karalyst\u0117","description":"\u201eNor\u0117dama apsaugoti savo vaik\u0105, moteris gali tapti nuo\u017emiausiu pl\u0117\u0161r\u016bnu pasaulyje.\" \u201eA\u0161trus, autenti\u0161kas ir adrenalinu persunktas trileris.","robots":{"index":"index","follow":"follow","max-snippet":"max-snippet:-1","max-image-preview":"max-image-preview:large","max-video-preview":"max-video-preview:-1"},"canonical":"https:\/\/skaitytaknyga.lt\/en\/produktas\/g-phillips-baimes-karalyste\/","og_locale":"en_GB","og_type":"article","og_title":"[:lt]Baim\u0117s karalyst\u0117[:] - Skaitytaknyga","og_description":"\u201eNor\u0117dama apsaugoti savo vaik\u0105, moteris gali tapti nuo\u017emiausiu pl\u0117\u0161r\u016bnu pasaulyje.\" \u201eA\u0161trus, autenti\u0161kas ir adrenalinu persunktas trileris.","og_url":"https:\/\/skaitytaknyga.lt\/en\/produktas\/g-phillips-baimes-karalyste\/","og_site_name":"Skaitytaknyga","article_publisher":"https:\/\/www.facebook.com\/skaitytaknyga\/","article_modified_time":"2026-03-05T14:00:57+00:00","og_image":[{"width":449,"height":652,"url":"https:\/\/skaitytaknyga.lt\/wp-content\/uploads\/2024\/04\/1504092324_Philips_baimeskaralyste_72max.jpg","type":"image\/jpeg"}],"twitter_card":"summary_large_image","twitter_misc":{"Estimated reading time":"1 minute"},"schema":{"@context":"https:\/\/schema.org","@graph":[{"@type":"WebPage","@id":"https:\/\/skaitytaknyga.lt\/produktas\/g-phillips-baimes-karalyste\/","url":"https:\/\/skaitytaknyga.lt\/produktas\/g-phillips-baimes-karalyste\/","name":"Baim\u0117s karalyst\u0117","isPartOf":{"@id":"https:\/\/skaitytaknyga.lt\/#website"},"primaryImageOfPage":{"@id":"https:\/\/skaitytaknyga.lt\/produktas\/g-phillips-baimes-karalyste\/#primaryimage"},"image":{"@id":"https:\/\/skaitytaknyga.lt\/produktas\/g-phillips-baimes-karalyste\/#primaryimage"},"thumbnailUrl":"https:\/\/skaitytaknyga.lt\/wp-content\/uploads\/2024\/04\/1504092324_Philips_baimeskaralyste_72max.jpg","datePublished":"2024-04-17T13:06:25+00:00","dateModified":"2026-03-05T14:00:57+00:00","description":"\u201eNor\u0117dama apsaugoti savo vaik\u0105, moteris gali tapti nuo\u017emiausiu pl\u0117\u0161r\u016bnu pasaulyje.\" \u201eA\u0161trus, autenti\u0161kas ir adrenalinu persunktas trileris.","breadcrumb":{"@id":"https:\/\/skaitytaknyga.lt\/produktas\/g-phillips-baimes-karalyste\/#breadcrumb"},"inLanguage":"en-GB","potentialAction":[{"@type":"ReadAction","target":["https:\/\/skaitytaknyga.lt\/produktas\/g-phillips-baimes-karalyste\/"]}]},{"@type":"ImageObject","inLanguage":"en-GB","@id":"https:\/\/skaitytaknyga.lt\/produktas\/g-phillips-baimes-karalyste\/#primaryimage","url":"https:\/\/skaitytaknyga.lt\/wp-content\/uploads\/2024\/04\/1504092324_Philips_baimeskaralyste_72max.jpg","contentUrl":"https:\/\/skaitytaknyga.lt\/wp-content\/uploads\/2024\/04\/1504092324_Philips_baimeskaralyste_72max.jpg","width":449,"height":652,"caption":"1504092324 Philips baimeskaralyste 72max"},{"@type":"BreadcrumbList","@id":"https:\/\/skaitytaknyga.lt\/produktas\/g-phillips-baimes-karalyste\/#breadcrumb","itemListElement":[{"@type":"ListItem","position":1,"name":"Home","item":"https:\/\/skaitytaknyga.lt\/"},{"@type":"ListItem","position":2,"name":"Parduotuv\u0117","item":"https:\/\/skaitytaknyga.lt\/knygu-parduotuve\/"},{"@type":"ListItem","position":3,"name":"Baim\u0117s karalyst\u0117"}]},{"@type":"WebSite","@id":"https:\/\/skaitytaknyga.lt\/#website","url":"https:\/\/skaitytaknyga.lt\/","name":"skaitytaknyga.lt","description":"Skaitytaknyga.lt \u2013 tai ma\u017eas \u0161eimos verslas, kuris prasid\u0117jo nuo meil\u0117s knygoms ir siekio i\u0161gelb\u0117ti knygas nuo likimo prie konteinerio. Kas vienam nereikalingas daiktas \u2013 kitam lobis, o mes esame tarpininkai, kurie padeda abiems tapti laimingesniems ???? \u017dinome kaip nelengva i\u0161gyventi ma\u017eiems verslams, tad nuo \u0161iol, \u010dia rasite ir kit\u0173, ma\u017e\u0173 \u0161eim\u0173 versl\u0173, rank\u0173 darbo, dovan\u0173 sau ir artimiesiems.","publisher":{"@id":"https:\/\/skaitytaknyga.lt\/#organization"},"potentialAction":[{"@type":"SearchAction","target":{"@type":"EntryPoint","urlTemplate":"https:\/\/skaitytaknyga.lt\/?s={search_term_string}"},"query-input":{"@type":"PropertyValueSpecification","valueRequired":true,"valueName":"search_term_string"}}],"inLanguage":"en-GB"},{"@type":"Organization","@id":"https:\/\/skaitytaknyga.lt\/#organization","name":"skaitytaknyga.lt","url":"https:\/\/skaitytaknyga.lt\/","logo":{"@type":"ImageObject","inLanguage":"en-GB","@id":"https:\/\/skaitytaknyga.lt\/#\/schema\/logo\/image\/","url":"https:\/\/skaitytaknyga.lt\/wp-content\/uploads\/2024\/05\/cropped-cropped-cropped-02_00843_jt3bggkj1j3HLc7SyY6rEUpg.jpeg","contentUrl":"https:\/\/skaitytaknyga.lt\/wp-content\/uploads\/2024\/05\/cropped-cropped-cropped-02_00843_jt3bggkj1j3HLc7SyY6rEUpg.jpeg","width":1600,"height":1600,"caption":"skaitytaknyga.lt"},"image":{"@id":"https:\/\/skaitytaknyga.lt\/#\/schema\/logo\/image\/"},"sameAs":["https:\/\/www.facebook.com\/skaitytaknyga\/"]}]}},"_links":{"self":[{"href":"https:\/\/skaitytaknyga.lt\/en\/wp-json\/wp\/v2\/product\/2194","targetHints":{"allow":["GET"]}}],"collection":[{"href":"https:\/\/skaitytaknyga.lt\/en\/wp-json\/wp\/v2\/product"}],"about":[{"href":"https:\/\/skaitytaknyga.lt\/en\/wp-json\/wp\/v2\/types\/product"}],"replies":[{"embeddable":true,"href":"https:\/\/skaitytaknyga.lt\/en\/wp-json\/wp\/v2\/comments?post=2194"}],"wp:featuredmedia":[{"embeddable":true,"href":"https:\/\/skaitytaknyga.lt\/en\/wp-json\/wp\/v2\/media\/2227"}],"wp:attachment":[{"href":"https:\/\/skaitytaknyga.lt\/en\/wp-json\/wp\/v2\/media?parent=2194"}],"wp:term":[{"taxonomy":"product_brand","embeddable":true,"href":"https:\/\/skaitytaknyga.lt\/en\/wp-json\/wp\/v2\/product_brand?post=2194"},{"taxonomy":"product_cat","embeddable":true,"href":"https:\/\/skaitytaknyga.lt\/en\/wp-json\/wp\/v2\/product_cat?post=2194"},{"taxonomy":"product_tag","embeddable":true,"href":"https:\/\/skaitytaknyga.lt\/en\/wp-json\/wp\/v2\/product_tag?post=2194"}],"curies":[{"name":"wp","href":"https:\/\/api.w.org\/{rel}","templated":true}]}}