{"id":21931,"date":"2025-11-08T22:21:26","date_gmt":"2025-11-08T20:21:26","guid":{"rendered":"https:\/\/skaitytaknyga.lt\/?post_type=product&#038;p=21931"},"modified":"2025-11-13T19:35:19","modified_gmt":"2025-11-13T17:35:19","slug":"rasti-dieva-visur-sv-ignaco-dvasiniu-pratybu-vadovas","status":"publish","type":"product","link":"https:\/\/skaitytaknyga.lt\/en\/produktas\/rasti-dieva-visur-sv-ignaco-dvasiniu-pratybu-vadovas\/","title":{"rendered":"Rasti Diev\u0105 visur. \u0160v. Ignaco Dvasini\u0173 pratyb\u0173 vadovas"},"content":{"rendered":"<p>Daugiau kaip prie\u0161 450 met\u0173 \u0161v. Ignaco Lojolos \u201eDvasin\u0117s pratybos\u201c tur\u0117jo did\u017eiul\u012f poveik\u012f ne tik daugeliui \u017emoni\u0173, bet ir Ba\u017eny\u010diai. Nors nedaugelis gird\u0117jo apie \u0161\u012f \u0161ventojo pastab\u0173 rinkin\u012f, bet j\u0173 \u012ftak\u0105 yra patyr\u0119 per parapij\u0173 rekolekcijas. Kai kurie j\u012f laiko ka\u017ekokiu paslaptingu, ezoteriniu veikalu, skirtu tik vienuoliams ar tiems, kurie gali pasi\u0161v\u0119sti ilgoms intelektin\u0117ms studijoms ir svarstymams vienumoje.<\/p>\n<p>Williamas Barry, SJ, i\u0161sklaido tokius vaizdinius. Jis nuosekliai, vartodamas \u0161v. Ignaco terminus, d\u0117sto jo \u201eDvasines pratybas\u201c, parodo, kaip per jas paprastas \u017emogus gali bendrauti su Dievu.  <\/p>\n<p>Knyga \u201eRasti Diev\u0105 visur\u201c atspindi \u0161v. Ignaco dvasingum\u0105 ir skatina mus per apm\u0105stymus stengtis sustiprinti bendravim\u0105 su Dievu.<\/p>\n","protected":false},"excerpt":{"rendered":"<p>Daugiau kaip prie\u0161 450 met\u0173 \u0161v. Ignaco Lojolos \u201eDvasin\u0117s pratybos\u201c tur\u0117jo did\u017eiul\u012f poveik\u012f ne tik daugeliui \u017emoni\u0173, bet ir Ba\u017eny\u010diai. Nors nedaugelis gird\u0117jo apie \u0161\u012f \u0161ventojo pastab\u0173 rinkin\u012f, bet j\u0173 \u012ftak\u0105 yra patyr\u0119 per parapij\u0173 rekolekcijas. Kai kurie j\u012f laiko ka\u017ekokiu paslaptingu, ezoteriniu veikalu, skirtu tik vienuoliams ar tiems, kurie gali pasi\u0161v\u0119sti ilgoms intelektin\u0117ms studijoms ir svarstymams vienumoje. Williamas Barry, SJ, i\u0161sklaido tokius vaizdinius. Jis nuosekliai, vartodamas \u0161v. Ignaco terminus, d\u0117sto jo \u201eDvasines pratybas\u201c, parodo, kaip per jas paprastas \u017emogus gali bendrauti su Dievu. Knyga \u201eRasti Diev\u0105 visur\u201c atspindi \u0161v. Ignaco dvasingum\u0105 ir skatina mus per apm\u0105stymus stengtis sustiprinti bendravim\u0105 su Dievu.<\/p>\n","protected":false},"featured_media":21938,"comment_status":"open","ping_status":"closed","template":"","meta":{"_acf_changed":false,"site-sidebar-layout":"default","site-content-layout":"","ast-site-content-layout":"default","site-content-style":"default","site-sidebar-style":"default","ast-global-header-display":"","ast-banner-title-visibility":"","ast-main-header-display":"","ast-hfb-above-header-display":"","ast-hfb-below-header-display":"","ast-hfb-mobile-header-display":"","site-post-title":"","ast-breadcrumbs-content":"","ast-featured-img":"","footer-sml-layout":"","ast-disable-related-posts":"","theme-transparent-header-meta":"","adv-header-id-meta":"","stick-header-meta":"","header-above-stick-meta":"","header-main-stick-meta":"","header-below-stick-meta":"","astra-migrate-meta-layouts":"default","ast-page-background-enabled":"default","ast-page-background-meta":{"desktop":{"background-color":"","background-image":"","background-repeat":"repeat","background-position":"center center","background-size":"auto","background-attachment":"scroll","background-type":"","background-media":"","overlay-type":"","overlay-color":"","overlay-opacity":"","overlay-gradient":""},"tablet":{"background-color":"","background-image":"","background-repeat":"repeat","background-position":"center center","background-size":"auto","background-attachment":"scroll","background-type":"","background-media":"","overlay-type":"","overlay-color":"","overlay-opacity":"","overlay-gradient":""},"mobile":{"background-color":"","background-image":"","background-repeat":"repeat","background-position":"center center","background-size":"auto","background-attachment":"scroll","background-type":"","background-media":"","overlay-type":"","overlay-color":"","overlay-opacity":"","overlay-gradient":""}},"ast-content-background-meta":{"desktop":{"background-color":"var(--ast-global-color-4)","background-image":"","background-repeat":"repeat","background-position":"center center","background-size":"auto","background-attachment":"scroll","background-type":"","background-media":"","overlay-type":"","overlay-color":"","overlay-opacity":"","overlay-gradient":""},"tablet":{"background-color":"var(--ast-global-color-4)","background-image":"","background-repeat":"repeat","background-position":"center center","background-size":"auto","background-attachment":"scroll","background-type":"","background-media":"","overlay-type":"","overlay-color":"","overlay-opacity":"","overlay-gradient":""},"mobile":{"background-color":"var(--ast-global-color-4)","background-image":"","background-repeat":"repeat","background-position":"center center","background-size":"auto","background-attachment":"scroll","background-type":"","background-media":"","overlay-type":"","overlay-color":"","overlay-opacity":"","overlay-gradient":""}}},"product_brand":[],"product_cat":[15],"product_tag":[],"class_list":{"0":"post-21931","1":"product","2":"type-product","3":"status-publish","4":"has-post-thumbnail","6":"product_cat-uncategorized","7":"desktop-align-left","8":"tablet-align-left","9":"mobile-align-left","11":"first","12":"instock","13":"shipping-taxable","14":"purchasable","15":"product-type-simple"},"acf":[],"yoast_head":"<!-- This site is optimized with the Yoast SEO plugin v27.0 - https:\/\/yoast.com\/product\/yoast-seo-wordpress\/ -->\n<title>Rasti Diev\u0105 visur. \u0160v. Ignaco Dvasini\u0173 pratyb\u0173 vadovas<\/title>\n<meta name=\"description\" content=\"Daugiau kaip prie\u0161 450 met\u0173 \u0161v. Ignaco Lojolos \u201eDvasin\u0117s pratybos\u201c tur\u0117jo did\u017eiul\u012f poveik\u012f ne tik daugeliui \u017emoni\u0173, bet ir Ba\u017eny\u010diai. Nors nedaugelis\" \/>\n<meta name=\"robots\" content=\"index, follow, max-snippet:-1, max-image-preview:large, max-video-preview:-1\" \/>\n<link rel=\"canonical\" href=\"https:\/\/skaitytaknyga.lt\/en\/produktas\/rasti-dieva-visur-sv-ignaco-dvasiniu-pratybu-vadovas\/\" \/>\n<meta property=\"og:locale\" content=\"en_GB\" \/>\n<meta property=\"og:locale:alternate\" content=\"lt_LT\" \/>\n<meta property=\"og:type\" content=\"article\" \/>\n<meta property=\"og:title\" content=\"Rasti Diev\u0105 visur. \u0160v. Ignaco Dvasini\u0173 pratyb\u0173 vadovas\" \/>\n<meta property=\"og:description\" content=\"Daugiau kaip prie\u0161 450 met\u0173 \u0161v. Ignaco Lojolos \u201eDvasin\u0117s pratybos\u201c tur\u0117jo did\u017eiul\u012f poveik\u012f ne tik daugeliui \u017emoni\u0173, bet ir Ba\u017eny\u010diai. Nors nedaugelis\" \/>\n<meta property=\"og:url\" content=\"https:\/\/skaitytaknyga.lt\/en\/produktas\/rasti-dieva-visur-sv-ignaco-dvasiniu-pratybu-vadovas\/\" \/>\n<meta property=\"og:site_name\" content=\"Skaitytaknyga\" \/>\n<meta property=\"article:publisher\" content=\"https:\/\/www.facebook.com\/skaitytaknyga\/\" \/>\n<meta property=\"article:modified_time\" content=\"2025-11-13T17:35:19+00:00\" \/>\n<meta property=\"og:image\" content=\"https:\/\/skaitytaknyga.lt\/wp-content\/uploads\/2025\/11\/Rasti-Dieva-visur.-Sv.-Ignaco-Dvasiniu-pratybu-vadovas-1.webp\" \/>\n\t<meta property=\"og:image:width\" content=\"300\" \/>\n\t<meta property=\"og:image:height\" content=\"532\" \/>\n\t<meta property=\"og:image:type\" content=\"image\/webp\" \/>\n<meta name=\"twitter:card\" content=\"summary_large_image\" \/>\n<meta name=\"twitter:label1\" content=\"Estimated reading time\" \/>\n\t<meta name=\"twitter:data1\" content=\"1 minute\" \/>\n<script type=\"application\/ld+json\" class=\"yoast-schema-graph\">{\"@context\":\"https:\/\/schema.org\",\"@graph\":[{\"@type\":\"WebPage\",\"@id\":\"https:\/\/skaitytaknyga.lt\/produktas\/rasti-dieva-visur-sv-ignaco-dvasiniu-pratybu-vadovas\/\",\"url\":\"https:\/\/skaitytaknyga.lt\/produktas\/rasti-dieva-visur-sv-ignaco-dvasiniu-pratybu-vadovas\/\",\"name\":\"Rasti Diev\u0105 visur. \u0160v. Ignaco Dvasini\u0173 pratyb\u0173 vadovas\",\"isPartOf\":{\"@id\":\"https:\/\/skaitytaknyga.lt\/#website\"},\"primaryImageOfPage\":{\"@id\":\"https:\/\/skaitytaknyga.lt\/produktas\/rasti-dieva-visur-sv-ignaco-dvasiniu-pratybu-vadovas\/#primaryimage\"},\"image\":{\"@id\":\"https:\/\/skaitytaknyga.lt\/produktas\/rasti-dieva-visur-sv-ignaco-dvasiniu-pratybu-vadovas\/#primaryimage\"},\"thumbnailUrl\":\"https:\/\/skaitytaknyga.lt\/wp-content\/uploads\/2025\/11\/Rasti-Dieva-visur.-Sv.-Ignaco-Dvasiniu-pratybu-vadovas-1.webp\",\"datePublished\":\"2025-11-08T20:21:26+00:00\",\"dateModified\":\"2025-11-13T17:35:19+00:00\",\"description\":\"Daugiau kaip prie\u0161 450 met\u0173 \u0161v. Ignaco Lojolos \u201eDvasin\u0117s pratybos\u201c tur\u0117jo did\u017eiul\u012f poveik\u012f ne tik daugeliui \u017emoni\u0173, bet ir Ba\u017eny\u010diai. Nors nedaugelis\",\"breadcrumb\":{\"@id\":\"https:\/\/skaitytaknyga.lt\/produktas\/rasti-dieva-visur-sv-ignaco-dvasiniu-pratybu-vadovas\/#breadcrumb\"},\"inLanguage\":\"en-GB\",\"potentialAction\":[{\"@type\":\"ReadAction\",\"target\":[\"https:\/\/skaitytaknyga.lt\/produktas\/rasti-dieva-visur-sv-ignaco-dvasiniu-pratybu-vadovas\/\"]}]},{\"@type\":\"ImageObject\",\"inLanguage\":\"en-GB\",\"@id\":\"https:\/\/skaitytaknyga.lt\/produktas\/rasti-dieva-visur-sv-ignaco-dvasiniu-pratybu-vadovas\/#primaryimage\",\"url\":\"https:\/\/skaitytaknyga.lt\/wp-content\/uploads\/2025\/11\/Rasti-Dieva-visur.-Sv.-Ignaco-Dvasiniu-pratybu-vadovas-1.webp\",\"contentUrl\":\"https:\/\/skaitytaknyga.lt\/wp-content\/uploads\/2025\/11\/Rasti-Dieva-visur.-Sv.-Ignaco-Dvasiniu-pratybu-vadovas-1.webp\",\"width\":300,\"height\":532},{\"@type\":\"BreadcrumbList\",\"@id\":\"https:\/\/skaitytaknyga.lt\/produktas\/rasti-dieva-visur-sv-ignaco-dvasiniu-pratybu-vadovas\/#breadcrumb\",\"itemListElement\":[{\"@type\":\"ListItem\",\"position\":1,\"name\":\"Home\",\"item\":\"https:\/\/skaitytaknyga.lt\/\"},{\"@type\":\"ListItem\",\"position\":2,\"name\":\"Parduotuv\u0117\",\"item\":\"https:\/\/skaitytaknyga.lt\/knygu-parduotuve\/\"},{\"@type\":\"ListItem\",\"position\":3,\"name\":\"Rasti Diev\u0105 visur. \u0160v. Ignaco Dvasini\u0173 pratyb\u0173 vadovas\"}]},{\"@type\":\"WebSite\",\"@id\":\"https:\/\/skaitytaknyga.lt\/#website\",\"url\":\"https:\/\/skaitytaknyga.lt\/\",\"name\":\"skaitytaknyga.lt\",\"description\":\"Skaitytaknyga.lt \u2013 tai ma\u017eas \u0161eimos verslas, kuris prasid\u0117jo nuo meil\u0117s knygoms ir siekio i\u0161gelb\u0117ti knygas nuo likimo prie konteinerio. Kas vienam nereikalingas daiktas \u2013 kitam lobis, o mes esame tarpininkai, kurie padeda abiems tapti laimingesniems ???? \u017dinome kaip nelengva i\u0161gyventi ma\u017eiems verslams, tad nuo \u0161iol, \u010dia rasite ir kit\u0173, ma\u017e\u0173 \u0161eim\u0173 versl\u0173, rank\u0173 darbo, dovan\u0173 sau ir artimiesiems.\",\"publisher\":{\"@id\":\"https:\/\/skaitytaknyga.lt\/#organization\"},\"potentialAction\":[{\"@type\":\"SearchAction\",\"target\":{\"@type\":\"EntryPoint\",\"urlTemplate\":\"https:\/\/skaitytaknyga.lt\/?s={search_term_string}\"},\"query-input\":{\"@type\":\"PropertyValueSpecification\",\"valueRequired\":true,\"valueName\":\"search_term_string\"}}],\"inLanguage\":\"en-GB\"},{\"@type\":\"Organization\",\"@id\":\"https:\/\/skaitytaknyga.lt\/#organization\",\"name\":\"skaitytaknyga.lt\",\"url\":\"https:\/\/skaitytaknyga.lt\/\",\"logo\":{\"@type\":\"ImageObject\",\"inLanguage\":\"en-GB\",\"@id\":\"https:\/\/skaitytaknyga.lt\/#\/schema\/logo\/image\/\",\"url\":\"https:\/\/skaitytaknyga.lt\/wp-content\/uploads\/2024\/05\/cropped-cropped-cropped-02_00843_jt3bggkj1j3HLc7SyY6rEUpg.jpeg\",\"contentUrl\":\"https:\/\/skaitytaknyga.lt\/wp-content\/uploads\/2024\/05\/cropped-cropped-cropped-02_00843_jt3bggkj1j3HLc7SyY6rEUpg.jpeg\",\"width\":1600,\"height\":1600,\"caption\":\"skaitytaknyga.lt\"},\"image\":{\"@id\":\"https:\/\/skaitytaknyga.lt\/#\/schema\/logo\/image\/\"},\"sameAs\":[\"https:\/\/www.facebook.com\/skaitytaknyga\/\"]}]}<\/script>\n<!-- \/ Yoast SEO plugin. -->","yoast_head_json":{"title":"Rasti Diev\u0105 visur. \u0160v. Ignaco Dvasini\u0173 pratyb\u0173 vadovas","description":"Daugiau kaip prie\u0161 450 met\u0173 \u0161v. Ignaco Lojolos \u201eDvasin\u0117s pratybos\u201c tur\u0117jo did\u017eiul\u012f poveik\u012f ne tik daugeliui \u017emoni\u0173, bet ir Ba\u017eny\u010diai. Nors nedaugelis","robots":{"index":"index","follow":"follow","max-snippet":"max-snippet:-1","max-image-preview":"max-image-preview:large","max-video-preview":"max-video-preview:-1"},"canonical":"https:\/\/skaitytaknyga.lt\/en\/produktas\/rasti-dieva-visur-sv-ignaco-dvasiniu-pratybu-vadovas\/","og_locale":"en_GB","og_type":"article","og_title":"[:lt]Rasti Diev\u0105 visur. \u0160v. Ignaco Dvasini\u0173 pratyb\u0173 vadovas[:] - Skaitytaknyga","og_description":"Daugiau kaip prie\u0161 450 met\u0173 \u0161v. Ignaco Lojolos \u201eDvasin\u0117s pratybos\u201c tur\u0117jo did\u017eiul\u012f poveik\u012f ne tik daugeliui \u017emoni\u0173, bet ir Ba\u017eny\u010diai. Nors nedaugelis","og_url":"https:\/\/skaitytaknyga.lt\/en\/produktas\/rasti-dieva-visur-sv-ignaco-dvasiniu-pratybu-vadovas\/","og_site_name":"Skaitytaknyga","article_publisher":"https:\/\/www.facebook.com\/skaitytaknyga\/","article_modified_time":"2025-11-13T17:35:19+00:00","og_image":[{"width":300,"height":532,"url":"https:\/\/skaitytaknyga.lt\/wp-content\/uploads\/2025\/11\/Rasti-Dieva-visur.-Sv.-Ignaco-Dvasiniu-pratybu-vadovas-1.webp","type":"image\/webp"}],"twitter_card":"summary_large_image","twitter_misc":{"Estimated reading time":"1 minute"},"schema":{"@context":"https:\/\/schema.org","@graph":[{"@type":"WebPage","@id":"https:\/\/skaitytaknyga.lt\/produktas\/rasti-dieva-visur-sv-ignaco-dvasiniu-pratybu-vadovas\/","url":"https:\/\/skaitytaknyga.lt\/produktas\/rasti-dieva-visur-sv-ignaco-dvasiniu-pratybu-vadovas\/","name":"Rasti Diev\u0105 visur. \u0160v. Ignaco Dvasini\u0173 pratyb\u0173 vadovas","isPartOf":{"@id":"https:\/\/skaitytaknyga.lt\/#website"},"primaryImageOfPage":{"@id":"https:\/\/skaitytaknyga.lt\/produktas\/rasti-dieva-visur-sv-ignaco-dvasiniu-pratybu-vadovas\/#primaryimage"},"image":{"@id":"https:\/\/skaitytaknyga.lt\/produktas\/rasti-dieva-visur-sv-ignaco-dvasiniu-pratybu-vadovas\/#primaryimage"},"thumbnailUrl":"https:\/\/skaitytaknyga.lt\/wp-content\/uploads\/2025\/11\/Rasti-Dieva-visur.-Sv.-Ignaco-Dvasiniu-pratybu-vadovas-1.webp","datePublished":"2025-11-08T20:21:26+00:00","dateModified":"2025-11-13T17:35:19+00:00","description":"Daugiau kaip prie\u0161 450 met\u0173 \u0161v. Ignaco Lojolos \u201eDvasin\u0117s pratybos\u201c tur\u0117jo did\u017eiul\u012f poveik\u012f ne tik daugeliui \u017emoni\u0173, bet ir Ba\u017eny\u010diai. Nors nedaugelis","breadcrumb":{"@id":"https:\/\/skaitytaknyga.lt\/produktas\/rasti-dieva-visur-sv-ignaco-dvasiniu-pratybu-vadovas\/#breadcrumb"},"inLanguage":"en-GB","potentialAction":[{"@type":"ReadAction","target":["https:\/\/skaitytaknyga.lt\/produktas\/rasti-dieva-visur-sv-ignaco-dvasiniu-pratybu-vadovas\/"]}]},{"@type":"ImageObject","inLanguage":"en-GB","@id":"https:\/\/skaitytaknyga.lt\/produktas\/rasti-dieva-visur-sv-ignaco-dvasiniu-pratybu-vadovas\/#primaryimage","url":"https:\/\/skaitytaknyga.lt\/wp-content\/uploads\/2025\/11\/Rasti-Dieva-visur.-Sv.-Ignaco-Dvasiniu-pratybu-vadovas-1.webp","contentUrl":"https:\/\/skaitytaknyga.lt\/wp-content\/uploads\/2025\/11\/Rasti-Dieva-visur.-Sv.-Ignaco-Dvasiniu-pratybu-vadovas-1.webp","width":300,"height":532},{"@type":"BreadcrumbList","@id":"https:\/\/skaitytaknyga.lt\/produktas\/rasti-dieva-visur-sv-ignaco-dvasiniu-pratybu-vadovas\/#breadcrumb","itemListElement":[{"@type":"ListItem","position":1,"name":"Home","item":"https:\/\/skaitytaknyga.lt\/"},{"@type":"ListItem","position":2,"name":"Parduotuv\u0117","item":"https:\/\/skaitytaknyga.lt\/knygu-parduotuve\/"},{"@type":"ListItem","position":3,"name":"Rasti Diev\u0105 visur. \u0160v. Ignaco Dvasini\u0173 pratyb\u0173 vadovas"}]},{"@type":"WebSite","@id":"https:\/\/skaitytaknyga.lt\/#website","url":"https:\/\/skaitytaknyga.lt\/","name":"skaitytaknyga.lt","description":"Skaitytaknyga.lt \u2013 tai ma\u017eas \u0161eimos verslas, kuris prasid\u0117jo nuo meil\u0117s knygoms ir siekio i\u0161gelb\u0117ti knygas nuo likimo prie konteinerio. Kas vienam nereikalingas daiktas \u2013 kitam lobis, o mes esame tarpininkai, kurie padeda abiems tapti laimingesniems ???? \u017dinome kaip nelengva i\u0161gyventi ma\u017eiems verslams, tad nuo \u0161iol, \u010dia rasite ir kit\u0173, ma\u017e\u0173 \u0161eim\u0173 versl\u0173, rank\u0173 darbo, dovan\u0173 sau ir artimiesiems.","publisher":{"@id":"https:\/\/skaitytaknyga.lt\/#organization"},"potentialAction":[{"@type":"SearchAction","target":{"@type":"EntryPoint","urlTemplate":"https:\/\/skaitytaknyga.lt\/?s={search_term_string}"},"query-input":{"@type":"PropertyValueSpecification","valueRequired":true,"valueName":"search_term_string"}}],"inLanguage":"en-GB"},{"@type":"Organization","@id":"https:\/\/skaitytaknyga.lt\/#organization","name":"skaitytaknyga.lt","url":"https:\/\/skaitytaknyga.lt\/","logo":{"@type":"ImageObject","inLanguage":"en-GB","@id":"https:\/\/skaitytaknyga.lt\/#\/schema\/logo\/image\/","url":"https:\/\/skaitytaknyga.lt\/wp-content\/uploads\/2024\/05\/cropped-cropped-cropped-02_00843_jt3bggkj1j3HLc7SyY6rEUpg.jpeg","contentUrl":"https:\/\/skaitytaknyga.lt\/wp-content\/uploads\/2024\/05\/cropped-cropped-cropped-02_00843_jt3bggkj1j3HLc7SyY6rEUpg.jpeg","width":1600,"height":1600,"caption":"skaitytaknyga.lt"},"image":{"@id":"https:\/\/skaitytaknyga.lt\/#\/schema\/logo\/image\/"},"sameAs":["https:\/\/www.facebook.com\/skaitytaknyga\/"]}]}},"_links":{"self":[{"href":"https:\/\/skaitytaknyga.lt\/en\/wp-json\/wp\/v2\/product\/21931","targetHints":{"allow":["GET"]}}],"collection":[{"href":"https:\/\/skaitytaknyga.lt\/en\/wp-json\/wp\/v2\/product"}],"about":[{"href":"https:\/\/skaitytaknyga.lt\/en\/wp-json\/wp\/v2\/types\/product"}],"replies":[{"embeddable":true,"href":"https:\/\/skaitytaknyga.lt\/en\/wp-json\/wp\/v2\/comments?post=21931"}],"wp:featuredmedia":[{"embeddable":true,"href":"https:\/\/skaitytaknyga.lt\/en\/wp-json\/wp\/v2\/media\/21938"}],"wp:attachment":[{"href":"https:\/\/skaitytaknyga.lt\/en\/wp-json\/wp\/v2\/media?parent=21931"}],"wp:term":[{"taxonomy":"product_brand","embeddable":true,"href":"https:\/\/skaitytaknyga.lt\/en\/wp-json\/wp\/v2\/product_brand?post=21931"},{"taxonomy":"product_cat","embeddable":true,"href":"https:\/\/skaitytaknyga.lt\/en\/wp-json\/wp\/v2\/product_cat?post=21931"},{"taxonomy":"product_tag","embeddable":true,"href":"https:\/\/skaitytaknyga.lt\/en\/wp-json\/wp\/v2\/product_tag?post=21931"}],"curies":[{"name":"wp","href":"https:\/\/api.w.org\/{rel}","templated":true}]}}