{"id":21930,"date":"2025-11-08T22:21:26","date_gmt":"2025-11-08T20:21:26","guid":{"rendered":"https:\/\/skaitytaknyga.lt\/?post_type=product&#038;p=21930"},"modified":"2025-11-13T19:35:19","modified_gmt":"2025-11-13T17:35:19","slug":"sioje-knygoje-yra-krislelis-tiesos","status":"publish","type":"product","link":"https:\/\/skaitytaknyga.lt\/en\/produktas\/sioje-knygoje-yra-krislelis-tiesos\/","title":{"rendered":"\u0160ioje knygoje yra krislelis tiesos"},"content":{"rendered":"<p>\u201e\u0160ioje knygoje yra krislelis tiesos\u201c \u2013 tai knygos \u201e\u0160ioje knygoje n\u0117ra n\u0117 krislelio tiesos\u201c t\u0119sinys. \u201eKrislelis tiesos&#8230;\u201c n\u0117ra tik dar viena Naujojo am\u017eiaus prana\u0161yst\u0117, saviugdos technika ar t\u016bkstantme\u010dio mitologija. Tai mokymas, kaip pasiruo\u0161ti \u017dem\u0117s atei\u010diai, kad ir kokia ji beb\u016bt\u0173. Bob Frissell nei kiek nenori g\u0105sdinti skaitytoj\u0173 b\u016bsimais kataklizmais ar \u017ead\u0117ti egzoti\u0161k\u0105 ateit\u012f. Vietoj to jis moko mus, kaip paversti save erdv\u0117laiviu, galin\u010diu keliauti per pavoj\u0173 ir vil\u010di\u0173 kupin\u0105 visat\u0105. \u017dmonija jau pri\u0117jo ka\u017eko ne\u012ftik\u0117tino slenkst\u012f, jog net sunku tai \u012fsivaizduoti, ta\u010diau m\u016bs\u0173 ateitis tiesiogiai priklauso nuo m\u016bs\u0173 dabarties.<\/p>\n<p>Tegu skaitytojai sprend\u017eia ar \u0161ioje knygoje yra nors krislelis tiesos. Nes pabaigoje u\u017eteks vienintelio, tai patvirtinan\u010dio, j\u016bs\u0173 \u017eod\u017eio. \u0160iam ir visiems kitiems gyvenimams. \u0160iai ir visoms kitoms visatoms.<\/p>\n","protected":false},"excerpt":{"rendered":"<p>\u201e\u0160ioje knygoje yra krislelis tiesos\u201c \u2013 tai knygos \u201e\u0160ioje knygoje n\u0117ra n\u0117 krislelio tiesos\u201c t\u0119sinys. \u201eKrislelis tiesos&#8230;\u201c n\u0117ra tik dar viena Naujojo am\u017eiaus prana\u0161yst\u0117, saviugdos technika ar t\u016bkstantme\u010dio mitologija. Tai mokymas, kaip pasiruo\u0161ti \u017dem\u0117s atei\u010diai, kad ir kokia ji beb\u016bt\u0173. Bob Frissell nei kiek nenori g\u0105sdinti skaitytoj\u0173 b\u016bsimais kataklizmais ar \u017ead\u0117ti egzoti\u0161k\u0105 ateit\u012f. Vietoj to jis moko mus, kaip paversti save erdv\u0117laiviu, galin\u010diu keliauti per pavoj\u0173 ir vil\u010di\u0173 kupin\u0105 visat\u0105. \u017dmonija jau pri\u0117jo ka\u017eko ne\u012ftik\u0117tino slenkst\u012f, jog net sunku tai \u012fsivaizduoti, ta\u010diau m\u016bs\u0173 ateitis tiesiogiai priklauso nuo m\u016bs\u0173 dabarties. Tegu skaitytojai sprend\u017eia ar \u0161ioje knygoje yra nors krislelis tiesos. Nes pabaigoje u\u017eteks vienintelio, tai patvirtinan\u010dio, j\u016bs\u0173 \u017eod\u017eio. \u0160iam ir visiems kitiems gyvenimams. \u0160iai ir visoms kitoms visatoms.<\/p>\n","protected":false},"featured_media":21937,"comment_status":"open","ping_status":"closed","template":"","meta":{"_acf_changed":false,"site-sidebar-layout":"default","site-content-layout":"","ast-site-content-layout":"default","site-content-style":"default","site-sidebar-style":"default","ast-global-header-display":"","ast-banner-title-visibility":"","ast-main-header-display":"","ast-hfb-above-header-display":"","ast-hfb-below-header-display":"","ast-hfb-mobile-header-display":"","site-post-title":"","ast-breadcrumbs-content":"","ast-featured-img":"","footer-sml-layout":"","ast-disable-related-posts":"","theme-transparent-header-meta":"","adv-header-id-meta":"","stick-header-meta":"","header-above-stick-meta":"","header-main-stick-meta":"","header-below-stick-meta":"","astra-migrate-meta-layouts":"default","ast-page-background-enabled":"default","ast-page-background-meta":{"desktop":{"background-color":"","background-image":"","background-repeat":"repeat","background-position":"center center","background-size":"auto","background-attachment":"scroll","background-type":"","background-media":"","overlay-type":"","overlay-color":"","overlay-opacity":"","overlay-gradient":""},"tablet":{"background-color":"","background-image":"","background-repeat":"repeat","background-position":"center center","background-size":"auto","background-attachment":"scroll","background-type":"","background-media":"","overlay-type":"","overlay-color":"","overlay-opacity":"","overlay-gradient":""},"mobile":{"background-color":"","background-image":"","background-repeat":"repeat","background-position":"center center","background-size":"auto","background-attachment":"scroll","background-type":"","background-media":"","overlay-type":"","overlay-color":"","overlay-opacity":"","overlay-gradient":""}},"ast-content-background-meta":{"desktop":{"background-color":"var(--ast-global-color-4)","background-image":"","background-repeat":"repeat","background-position":"center center","background-size":"auto","background-attachment":"scroll","background-type":"","background-media":"","overlay-type":"","overlay-color":"","overlay-opacity":"","overlay-gradient":""},"tablet":{"background-color":"var(--ast-global-color-4)","background-image":"","background-repeat":"repeat","background-position":"center center","background-size":"auto","background-attachment":"scroll","background-type":"","background-media":"","overlay-type":"","overlay-color":"","overlay-opacity":"","overlay-gradient":""},"mobile":{"background-color":"var(--ast-global-color-4)","background-image":"","background-repeat":"repeat","background-position":"center center","background-size":"auto","background-attachment":"scroll","background-type":"","background-media":"","overlay-type":"","overlay-color":"","overlay-opacity":"","overlay-gradient":""}}},"product_brand":[],"product_cat":[15],"product_tag":[],"class_list":{"0":"post-21930","1":"product","2":"type-product","3":"status-publish","4":"has-post-thumbnail","6":"product_cat-uncategorized","7":"desktop-align-left","8":"tablet-align-left","9":"mobile-align-left","11":"first","12":"instock","13":"shipping-taxable","14":"purchasable","15":"product-type-simple"},"acf":[],"yoast_head":"<!-- This site is optimized with the Yoast SEO plugin v27.0 - https:\/\/yoast.com\/product\/yoast-seo-wordpress\/ -->\n<title>\u0160ioje knygoje yra krislelis tiesos<\/title>\n<meta name=\"description\" content=\"\u201e\u0160ioje knygoje yra krislelis tiesos\u201c \u2013 tai knygos \u201e\u0160ioje knygoje n\u0117ra n\u0117 krislelio tiesos\u201c t\u0119sinys. \u201eKrislelis tiesos...\u201c n\u0117ra tik dar viena Naujojo\" \/>\n<meta name=\"robots\" content=\"index, follow, max-snippet:-1, max-image-preview:large, max-video-preview:-1\" \/>\n<link rel=\"canonical\" href=\"https:\/\/skaitytaknyga.lt\/en\/produktas\/sioje-knygoje-yra-krislelis-tiesos\/\" \/>\n<meta property=\"og:locale\" content=\"en_GB\" \/>\n<meta property=\"og:locale:alternate\" content=\"lt_LT\" \/>\n<meta property=\"og:type\" content=\"article\" \/>\n<meta property=\"og:title\" content=\"\u0160ioje knygoje yra krislelis tiesos\" \/>\n<meta property=\"og:description\" content=\"\u201e\u0160ioje knygoje yra krislelis tiesos\u201c \u2013 tai knygos \u201e\u0160ioje knygoje n\u0117ra n\u0117 krislelio tiesos\u201c t\u0119sinys. \u201eKrislelis tiesos...\u201c n\u0117ra tik dar viena Naujojo\" \/>\n<meta property=\"og:url\" content=\"https:\/\/skaitytaknyga.lt\/en\/produktas\/sioje-knygoje-yra-krislelis-tiesos\/\" \/>\n<meta property=\"og:site_name\" content=\"Skaitytaknyga\" \/>\n<meta property=\"article:publisher\" content=\"https:\/\/www.facebook.com\/skaitytaknyga\/\" \/>\n<meta property=\"article:modified_time\" content=\"2025-11-13T17:35:19+00:00\" \/>\n<meta property=\"og:image\" content=\"https:\/\/skaitytaknyga.lt\/wp-content\/uploads\/2025\/11\/Sioje-knygoje-yra-krislelis-tiesos-1.webp\" \/>\n\t<meta property=\"og:image:width\" content=\"306\" \/>\n\t<meta property=\"og:image:height\" content=\"465\" \/>\n\t<meta property=\"og:image:type\" content=\"image\/webp\" \/>\n<meta name=\"twitter:card\" content=\"summary_large_image\" \/>\n<meta name=\"twitter:label1\" content=\"Estimated reading time\" \/>\n\t<meta name=\"twitter:data1\" content=\"1 minute\" \/>\n<script type=\"application\/ld+json\" class=\"yoast-schema-graph\">{\"@context\":\"https:\/\/schema.org\",\"@graph\":[{\"@type\":\"WebPage\",\"@id\":\"https:\/\/skaitytaknyga.lt\/produktas\/sioje-knygoje-yra-krislelis-tiesos\/\",\"url\":\"https:\/\/skaitytaknyga.lt\/produktas\/sioje-knygoje-yra-krislelis-tiesos\/\",\"name\":\"\u0160ioje knygoje yra krislelis tiesos\",\"isPartOf\":{\"@id\":\"https:\/\/skaitytaknyga.lt\/#website\"},\"primaryImageOfPage\":{\"@id\":\"https:\/\/skaitytaknyga.lt\/produktas\/sioje-knygoje-yra-krislelis-tiesos\/#primaryimage\"},\"image\":{\"@id\":\"https:\/\/skaitytaknyga.lt\/produktas\/sioje-knygoje-yra-krislelis-tiesos\/#primaryimage\"},\"thumbnailUrl\":\"https:\/\/skaitytaknyga.lt\/wp-content\/uploads\/2025\/11\/Sioje-knygoje-yra-krislelis-tiesos-1.webp\",\"datePublished\":\"2025-11-08T20:21:26+00:00\",\"dateModified\":\"2025-11-13T17:35:19+00:00\",\"description\":\"\u201e\u0160ioje knygoje yra krislelis tiesos\u201c \u2013 tai knygos \u201e\u0160ioje knygoje n\u0117ra n\u0117 krislelio tiesos\u201c t\u0119sinys. \u201eKrislelis tiesos...\u201c n\u0117ra tik dar viena Naujojo\",\"breadcrumb\":{\"@id\":\"https:\/\/skaitytaknyga.lt\/produktas\/sioje-knygoje-yra-krislelis-tiesos\/#breadcrumb\"},\"inLanguage\":\"en-GB\",\"potentialAction\":[{\"@type\":\"ReadAction\",\"target\":[\"https:\/\/skaitytaknyga.lt\/produktas\/sioje-knygoje-yra-krislelis-tiesos\/\"]}]},{\"@type\":\"ImageObject\",\"inLanguage\":\"en-GB\",\"@id\":\"https:\/\/skaitytaknyga.lt\/produktas\/sioje-knygoje-yra-krislelis-tiesos\/#primaryimage\",\"url\":\"https:\/\/skaitytaknyga.lt\/wp-content\/uploads\/2025\/11\/Sioje-knygoje-yra-krislelis-tiesos-1.webp\",\"contentUrl\":\"https:\/\/skaitytaknyga.lt\/wp-content\/uploads\/2025\/11\/Sioje-knygoje-yra-krislelis-tiesos-1.webp\",\"width\":306,\"height\":465},{\"@type\":\"BreadcrumbList\",\"@id\":\"https:\/\/skaitytaknyga.lt\/produktas\/sioje-knygoje-yra-krislelis-tiesos\/#breadcrumb\",\"itemListElement\":[{\"@type\":\"ListItem\",\"position\":1,\"name\":\"Home\",\"item\":\"https:\/\/skaitytaknyga.lt\/\"},{\"@type\":\"ListItem\",\"position\":2,\"name\":\"Parduotuv\u0117\",\"item\":\"https:\/\/skaitytaknyga.lt\/knygu-parduotuve\/\"},{\"@type\":\"ListItem\",\"position\":3,\"name\":\"\u0160ioje knygoje yra krislelis tiesos\"}]},{\"@type\":\"WebSite\",\"@id\":\"https:\/\/skaitytaknyga.lt\/#website\",\"url\":\"https:\/\/skaitytaknyga.lt\/\",\"name\":\"skaitytaknyga.lt\",\"description\":\"Skaitytaknyga.lt \u2013 tai ma\u017eas \u0161eimos verslas, kuris prasid\u0117jo nuo meil\u0117s knygoms ir siekio i\u0161gelb\u0117ti knygas nuo likimo prie konteinerio. Kas vienam nereikalingas daiktas \u2013 kitam lobis, o mes esame tarpininkai, kurie padeda abiems tapti laimingesniems ???? \u017dinome kaip nelengva i\u0161gyventi ma\u017eiems verslams, tad nuo \u0161iol, \u010dia rasite ir kit\u0173, ma\u017e\u0173 \u0161eim\u0173 versl\u0173, rank\u0173 darbo, dovan\u0173 sau ir artimiesiems.\",\"publisher\":{\"@id\":\"https:\/\/skaitytaknyga.lt\/#organization\"},\"potentialAction\":[{\"@type\":\"SearchAction\",\"target\":{\"@type\":\"EntryPoint\",\"urlTemplate\":\"https:\/\/skaitytaknyga.lt\/?s={search_term_string}\"},\"query-input\":{\"@type\":\"PropertyValueSpecification\",\"valueRequired\":true,\"valueName\":\"search_term_string\"}}],\"inLanguage\":\"en-GB\"},{\"@type\":\"Organization\",\"@id\":\"https:\/\/skaitytaknyga.lt\/#organization\",\"name\":\"skaitytaknyga.lt\",\"url\":\"https:\/\/skaitytaknyga.lt\/\",\"logo\":{\"@type\":\"ImageObject\",\"inLanguage\":\"en-GB\",\"@id\":\"https:\/\/skaitytaknyga.lt\/#\/schema\/logo\/image\/\",\"url\":\"https:\/\/skaitytaknyga.lt\/wp-content\/uploads\/2024\/05\/cropped-cropped-cropped-02_00843_jt3bggkj1j3HLc7SyY6rEUpg.jpeg\",\"contentUrl\":\"https:\/\/skaitytaknyga.lt\/wp-content\/uploads\/2024\/05\/cropped-cropped-cropped-02_00843_jt3bggkj1j3HLc7SyY6rEUpg.jpeg\",\"width\":1600,\"height\":1600,\"caption\":\"skaitytaknyga.lt\"},\"image\":{\"@id\":\"https:\/\/skaitytaknyga.lt\/#\/schema\/logo\/image\/\"},\"sameAs\":[\"https:\/\/www.facebook.com\/skaitytaknyga\/\"]}]}<\/script>\n<!-- \/ Yoast SEO plugin. -->","yoast_head_json":{"title":"\u0160ioje knygoje yra krislelis tiesos","description":"\u201e\u0160ioje knygoje yra krislelis tiesos\u201c \u2013 tai knygos \u201e\u0160ioje knygoje n\u0117ra n\u0117 krislelio tiesos\u201c t\u0119sinys. \u201eKrislelis tiesos...\u201c n\u0117ra tik dar viena Naujojo","robots":{"index":"index","follow":"follow","max-snippet":"max-snippet:-1","max-image-preview":"max-image-preview:large","max-video-preview":"max-video-preview:-1"},"canonical":"https:\/\/skaitytaknyga.lt\/en\/produktas\/sioje-knygoje-yra-krislelis-tiesos\/","og_locale":"en_GB","og_type":"article","og_title":"[:lt]\u0160ioje knygoje yra krislelis tiesos[:] - Skaitytaknyga","og_description":"\u201e\u0160ioje knygoje yra krislelis tiesos\u201c \u2013 tai knygos \u201e\u0160ioje knygoje n\u0117ra n\u0117 krislelio tiesos\u201c t\u0119sinys. \u201eKrislelis tiesos...\u201c n\u0117ra tik dar viena Naujojo","og_url":"https:\/\/skaitytaknyga.lt\/en\/produktas\/sioje-knygoje-yra-krislelis-tiesos\/","og_site_name":"Skaitytaknyga","article_publisher":"https:\/\/www.facebook.com\/skaitytaknyga\/","article_modified_time":"2025-11-13T17:35:19+00:00","og_image":[{"width":306,"height":465,"url":"https:\/\/skaitytaknyga.lt\/wp-content\/uploads\/2025\/11\/Sioje-knygoje-yra-krislelis-tiesos-1.webp","type":"image\/webp"}],"twitter_card":"summary_large_image","twitter_misc":{"Estimated reading time":"1 minute"},"schema":{"@context":"https:\/\/schema.org","@graph":[{"@type":"WebPage","@id":"https:\/\/skaitytaknyga.lt\/produktas\/sioje-knygoje-yra-krislelis-tiesos\/","url":"https:\/\/skaitytaknyga.lt\/produktas\/sioje-knygoje-yra-krislelis-tiesos\/","name":"\u0160ioje knygoje yra krislelis tiesos","isPartOf":{"@id":"https:\/\/skaitytaknyga.lt\/#website"},"primaryImageOfPage":{"@id":"https:\/\/skaitytaknyga.lt\/produktas\/sioje-knygoje-yra-krislelis-tiesos\/#primaryimage"},"image":{"@id":"https:\/\/skaitytaknyga.lt\/produktas\/sioje-knygoje-yra-krislelis-tiesos\/#primaryimage"},"thumbnailUrl":"https:\/\/skaitytaknyga.lt\/wp-content\/uploads\/2025\/11\/Sioje-knygoje-yra-krislelis-tiesos-1.webp","datePublished":"2025-11-08T20:21:26+00:00","dateModified":"2025-11-13T17:35:19+00:00","description":"\u201e\u0160ioje knygoje yra krislelis tiesos\u201c \u2013 tai knygos \u201e\u0160ioje knygoje n\u0117ra n\u0117 krislelio tiesos\u201c t\u0119sinys. \u201eKrislelis tiesos...\u201c n\u0117ra tik dar viena Naujojo","breadcrumb":{"@id":"https:\/\/skaitytaknyga.lt\/produktas\/sioje-knygoje-yra-krislelis-tiesos\/#breadcrumb"},"inLanguage":"en-GB","potentialAction":[{"@type":"ReadAction","target":["https:\/\/skaitytaknyga.lt\/produktas\/sioje-knygoje-yra-krislelis-tiesos\/"]}]},{"@type":"ImageObject","inLanguage":"en-GB","@id":"https:\/\/skaitytaknyga.lt\/produktas\/sioje-knygoje-yra-krislelis-tiesos\/#primaryimage","url":"https:\/\/skaitytaknyga.lt\/wp-content\/uploads\/2025\/11\/Sioje-knygoje-yra-krislelis-tiesos-1.webp","contentUrl":"https:\/\/skaitytaknyga.lt\/wp-content\/uploads\/2025\/11\/Sioje-knygoje-yra-krislelis-tiesos-1.webp","width":306,"height":465},{"@type":"BreadcrumbList","@id":"https:\/\/skaitytaknyga.lt\/produktas\/sioje-knygoje-yra-krislelis-tiesos\/#breadcrumb","itemListElement":[{"@type":"ListItem","position":1,"name":"Home","item":"https:\/\/skaitytaknyga.lt\/"},{"@type":"ListItem","position":2,"name":"Parduotuv\u0117","item":"https:\/\/skaitytaknyga.lt\/knygu-parduotuve\/"},{"@type":"ListItem","position":3,"name":"\u0160ioje knygoje yra krislelis tiesos"}]},{"@type":"WebSite","@id":"https:\/\/skaitytaknyga.lt\/#website","url":"https:\/\/skaitytaknyga.lt\/","name":"skaitytaknyga.lt","description":"Skaitytaknyga.lt \u2013 tai ma\u017eas \u0161eimos verslas, kuris prasid\u0117jo nuo meil\u0117s knygoms ir siekio i\u0161gelb\u0117ti knygas nuo likimo prie konteinerio. Kas vienam nereikalingas daiktas \u2013 kitam lobis, o mes esame tarpininkai, kurie padeda abiems tapti laimingesniems ???? \u017dinome kaip nelengva i\u0161gyventi ma\u017eiems verslams, tad nuo \u0161iol, \u010dia rasite ir kit\u0173, ma\u017e\u0173 \u0161eim\u0173 versl\u0173, rank\u0173 darbo, dovan\u0173 sau ir artimiesiems.","publisher":{"@id":"https:\/\/skaitytaknyga.lt\/#organization"},"potentialAction":[{"@type":"SearchAction","target":{"@type":"EntryPoint","urlTemplate":"https:\/\/skaitytaknyga.lt\/?s={search_term_string}"},"query-input":{"@type":"PropertyValueSpecification","valueRequired":true,"valueName":"search_term_string"}}],"inLanguage":"en-GB"},{"@type":"Organization","@id":"https:\/\/skaitytaknyga.lt\/#organization","name":"skaitytaknyga.lt","url":"https:\/\/skaitytaknyga.lt\/","logo":{"@type":"ImageObject","inLanguage":"en-GB","@id":"https:\/\/skaitytaknyga.lt\/#\/schema\/logo\/image\/","url":"https:\/\/skaitytaknyga.lt\/wp-content\/uploads\/2024\/05\/cropped-cropped-cropped-02_00843_jt3bggkj1j3HLc7SyY6rEUpg.jpeg","contentUrl":"https:\/\/skaitytaknyga.lt\/wp-content\/uploads\/2024\/05\/cropped-cropped-cropped-02_00843_jt3bggkj1j3HLc7SyY6rEUpg.jpeg","width":1600,"height":1600,"caption":"skaitytaknyga.lt"},"image":{"@id":"https:\/\/skaitytaknyga.lt\/#\/schema\/logo\/image\/"},"sameAs":["https:\/\/www.facebook.com\/skaitytaknyga\/"]}]}},"_links":{"self":[{"href":"https:\/\/skaitytaknyga.lt\/en\/wp-json\/wp\/v2\/product\/21930","targetHints":{"allow":["GET"]}}],"collection":[{"href":"https:\/\/skaitytaknyga.lt\/en\/wp-json\/wp\/v2\/product"}],"about":[{"href":"https:\/\/skaitytaknyga.lt\/en\/wp-json\/wp\/v2\/types\/product"}],"replies":[{"embeddable":true,"href":"https:\/\/skaitytaknyga.lt\/en\/wp-json\/wp\/v2\/comments?post=21930"}],"wp:featuredmedia":[{"embeddable":true,"href":"https:\/\/skaitytaknyga.lt\/en\/wp-json\/wp\/v2\/media\/21937"}],"wp:attachment":[{"href":"https:\/\/skaitytaknyga.lt\/en\/wp-json\/wp\/v2\/media?parent=21930"}],"wp:term":[{"taxonomy":"product_brand","embeddable":true,"href":"https:\/\/skaitytaknyga.lt\/en\/wp-json\/wp\/v2\/product_brand?post=21930"},{"taxonomy":"product_cat","embeddable":true,"href":"https:\/\/skaitytaknyga.lt\/en\/wp-json\/wp\/v2\/product_cat?post=21930"},{"taxonomy":"product_tag","embeddable":true,"href":"https:\/\/skaitytaknyga.lt\/en\/wp-json\/wp\/v2\/product_tag?post=21930"}],"curies":[{"name":"wp","href":"https:\/\/api.w.org\/{rel}","templated":true}]}}