{"id":21919,"date":"2025-11-08T21:42:01","date_gmt":"2025-11-08T19:42:01","guid":{"rendered":"https:\/\/skaitytaknyga.lt\/?post_type=product&#038;p=21919"},"modified":"2025-11-13T19:35:08","modified_gmt":"2025-11-13T17:35:08","slug":"atvertos-langines-su-cd","status":"publish","type":"product","link":"https:\/\/skaitytaknyga.lt\/en\/produktas\/atvertos-langines-su-cd\/","title":{"rendered":"Atvertos langin\u0117s (su CD)"},"content":{"rendered":"<p>Pirmoji Birut\u0117s Kanevi\u010dien\u0117s poezijos, miniati\u016br\u0173 knyga \u201eAtvertos langin\u0117s&#8221; ir autor\u0117s sukurt\u0173 bei \u012fdainuot\u0173 romantini\u0173 dain\u0173 albumas \u201eLai\u0161kai tyloje&#8221;. Tai \u017evilgsnis \u012f b\u016bties gelmes \u2013 kelion\u0117 nuo minties blykstel\u0117jimo iki suvokimo, potyri\u0173 ir jausm\u0173 d\u0117lion\u0117, piligrimo kelias \u012f save, panirimas \u012f tyl\u0105. \u012e\u017evalgos nuskub\u0117jusi\u0173 dien\u0173 vingiuose, jausm\u0173 spalvos, kelyje sutikt\u0173j\u0173 mintys, asmenin\u0117 gyvenimo patirtis teik\u0117 temas, tyloje paliestos stygos suskamb\u0117jo muzika.<\/p>\n<p>Pa\u017evelg\u0119s per lang\u0105, m\u0117nulis ap\u0161viet\u0117 prie stalo s\u0117din\u010di\u0105 fig\u016br\u0105. Blausioje \u0161viesoje ry\u0161k\u0117jo taisyklingos k\u016bno formos, galv\u0105 par\u0117musios rankos. Smalsiai tyrin\u0117jo siluet\u0105, nu\u0161viet\u0119s veid\u0105, pamat\u0117 \u012f tol\u012f \u017evelgian\u010dias akis. Debesys tir\u0161t\u0117jo, deng\u0117 \u017evaig\u017ed\u0117mis nuklot\u0105 skliaut\u0105, kur ne kur kartkart\u0117m i\u0161ry\u0161k\u0117davo blausi spingsul\u0117. Akys steng\u0117si \u012f\u017evelgti pasl\u0117pt\u0105 \u017evaig\u017edyn\u0105 \u2013 danguje u\u017era\u0161ytas nakties simfonijos natas. Fig\u016bra nejud\u0117jo, tamsoje atrod\u0117 tarytumei statula. Staiga ranka, lengvai perbraukusi plaukus, tarstel\u0117jo: kokia \u012fstabi Tylos muzika \u2013 praeities, dabarties ir ateities nesikei\u010dian\u010dios Meil\u0117s istorija. M\u0117nulis palengv\u0117le ritosi \u017eemyn, tirpo br\u0117k\u0161tan\u010dioje au\u0161roje. Rytme\u010dio \u0161viesa s\u0117jo teisumo gr\u016bd\u0105, kantriajam suteikdama laukt\u0105 palaiminim\u0105. Pro r\u016bk\u0105 prasipl\u0117\u0161\u0119s saul\u0117s spindulys nu\u0161viet\u0117 med\u012f, meiliai apgob\u0117 erdv\u0119, perb\u0117go lankomis, ragino eiti \u0161irdies darbais tiesiamu keliu. \u017dem\u0117s tyloje v\u0117r\u0117si gyvyb\u0117s ir dienos gars\u0173 d\u017eiugesys.<\/p>\n","protected":false},"excerpt":{"rendered":"<p>Pirmoji Birut\u0117s Kanevi\u010dien\u0117s poezijos, miniati\u016br\u0173 knyga \u201eAtvertos langin\u0117s&#8221; ir autor\u0117s sukurt\u0173 bei \u012fdainuot\u0173 romantini\u0173 dain\u0173 albumas \u201eLai\u0161kai tyloje&#8221;. Tai \u017evilgsnis \u012f b\u016bties gelmes \u2013 kelion\u0117 nuo minties blykstel\u0117jimo iki suvokimo, potyri\u0173 ir jausm\u0173 d\u0117lion\u0117, piligrimo kelias \u012f save, panirimas \u012f tyl\u0105. \u012e\u017evalgos nuskub\u0117jusi\u0173 dien\u0173 vingiuose, jausm\u0173 spalvos, kelyje sutikt\u0173j\u0173 mintys, asmenin\u0117 gyvenimo patirtis teik\u0117 temas, tyloje paliestos stygos suskamb\u0117jo muzika. Pa\u017evelg\u0119s per lang\u0105, m\u0117nulis ap\u0161viet\u0117 prie stalo s\u0117din\u010di\u0105 fig\u016br\u0105. Blausioje \u0161viesoje ry\u0161k\u0117jo taisyklingos k\u016bno formos, galv\u0105 par\u0117musios rankos. Smalsiai tyrin\u0117jo siluet\u0105, nu\u0161viet\u0119s veid\u0105, pamat\u0117 \u012f tol\u012f \u017evelgian\u010dias akis. Debesys tir\u0161t\u0117jo, deng\u0117 \u017evaig\u017ed\u0117mis nuklot\u0105 skliaut\u0105, kur ne kur kartkart\u0117m i\u0161ry\u0161k\u0117davo blausi spingsul\u0117. Akys steng\u0117si \u012f\u017evelgti pasl\u0117pt\u0105 \u017evaig\u017edyn\u0105 \u2013 danguje u\u017era\u0161ytas nakties simfonijos natas. Fig\u016bra nejud\u0117jo, tamsoje atrod\u0117 tarytumei statula. Staiga ranka, lengvai perbraukusi plaukus, tarstel\u0117jo: kokia \u012fstabi Tylos muzika \u2013 praeities, dabarties ir ateities nesikei\u010dian\u010dios Meil\u0117s istorija. M\u0117nulis palengv\u0117le ritosi \u017eemyn, tirpo br\u0117k\u0161tan\u010dioje au\u0161roje. Rytme\u010dio \u0161viesa s\u0117jo teisumo gr\u016bd\u0105, kantriajam suteikdama laukt\u0105 palaiminim\u0105. Pro r\u016bk\u0105 prasipl\u0117\u0161\u0119s saul\u0117s spindulys nu\u0161viet\u0117 med\u012f, meiliai apgob\u0117 erdv\u0119, perb\u0117go lankomis, ragino eiti \u0161irdies darbais tiesiamu keliu. \u017dem\u0117s tyloje v\u0117r\u0117si gyvyb\u0117s ir dienos gars\u0173 d\u017eiugesys.<\/p>\n","protected":false},"featured_media":21924,"comment_status":"open","ping_status":"closed","template":"","meta":{"_acf_changed":false,"site-sidebar-layout":"default","site-content-layout":"","ast-site-content-layout":"default","site-content-style":"default","site-sidebar-style":"default","ast-global-header-display":"","ast-banner-title-visibility":"","ast-main-header-display":"","ast-hfb-above-header-display":"","ast-hfb-below-header-display":"","ast-hfb-mobile-header-display":"","site-post-title":"","ast-breadcrumbs-content":"","ast-featured-img":"","footer-sml-layout":"","ast-disable-related-posts":"","theme-transparent-header-meta":"","adv-header-id-meta":"","stick-header-meta":"","header-above-stick-meta":"","header-main-stick-meta":"","header-below-stick-meta":"","astra-migrate-meta-layouts":"default","ast-page-background-enabled":"default","ast-page-background-meta":{"desktop":{"background-color":"","background-image":"","background-repeat":"repeat","background-position":"center center","background-size":"auto","background-attachment":"scroll","background-type":"","background-media":"","overlay-type":"","overlay-color":"","overlay-opacity":"","overlay-gradient":""},"tablet":{"background-color":"","background-image":"","background-repeat":"repeat","background-position":"center center","background-size":"auto","background-attachment":"scroll","background-type":"","background-media":"","overlay-type":"","overlay-color":"","overlay-opacity":"","overlay-gradient":""},"mobile":{"background-color":"","background-image":"","background-repeat":"repeat","background-position":"center center","background-size":"auto","background-attachment":"scroll","background-type":"","background-media":"","overlay-type":"","overlay-color":"","overlay-opacity":"","overlay-gradient":""}},"ast-content-background-meta":{"desktop":{"background-color":"var(--ast-global-color-4)","background-image":"","background-repeat":"repeat","background-position":"center center","background-size":"auto","background-attachment":"scroll","background-type":"","background-media":"","overlay-type":"","overlay-color":"","overlay-opacity":"","overlay-gradient":""},"tablet":{"background-color":"var(--ast-global-color-4)","background-image":"","background-repeat":"repeat","background-position":"center center","background-size":"auto","background-attachment":"scroll","background-type":"","background-media":"","overlay-type":"","overlay-color":"","overlay-opacity":"","overlay-gradient":""},"mobile":{"background-color":"var(--ast-global-color-4)","background-image":"","background-repeat":"repeat","background-position":"center center","background-size":"auto","background-attachment":"scroll","background-type":"","background-media":"","overlay-type":"","overlay-color":"","overlay-opacity":"","overlay-gradient":""}}},"product_brand":[],"product_cat":[15],"product_tag":[],"class_list":{"0":"post-21919","1":"product","2":"type-product","3":"status-publish","4":"has-post-thumbnail","6":"product_cat-uncategorized","7":"desktop-align-left","8":"tablet-align-left","9":"mobile-align-left","11":"first","12":"instock","13":"shipping-taxable","14":"purchasable","15":"product-type-simple"},"acf":[],"yoast_head":"<!-- This site is optimized with the Yoast SEO plugin v27.0 - https:\/\/yoast.com\/product\/yoast-seo-wordpress\/ -->\n<title>Atvertos langin\u0117s (su CD)<\/title>\n<meta name=\"description\" content=\"Pirmoji Birut\u0117s Kanevi\u010dien\u0117s poezijos, miniati\u016br\u0173 knyga \u201eAtvertos langin\u0117s&quot; ir autor\u0117s sukurt\u0173 bei \u012fdainuot\u0173 romantini\u0173 dain\u0173 albumas \u201eLai\u0161kai tyloje&quot;.\" \/>\n<meta name=\"robots\" content=\"index, follow, max-snippet:-1, max-image-preview:large, max-video-preview:-1\" \/>\n<link rel=\"canonical\" href=\"https:\/\/skaitytaknyga.lt\/en\/produktas\/atvertos-langines-su-cd\/\" \/>\n<meta property=\"og:locale\" content=\"en_GB\" \/>\n<meta property=\"og:locale:alternate\" content=\"lt_LT\" \/>\n<meta property=\"og:type\" content=\"article\" \/>\n<meta property=\"og:title\" content=\"Atvertos langin\u0117s (su CD)\" \/>\n<meta property=\"og:description\" content=\"Pirmoji Birut\u0117s Kanevi\u010dien\u0117s poezijos, miniati\u016br\u0173 knyga \u201eAtvertos langin\u0117s&quot; ir autor\u0117s sukurt\u0173 bei \u012fdainuot\u0173 romantini\u0173 dain\u0173 albumas \u201eLai\u0161kai tyloje&quot;.\" \/>\n<meta property=\"og:url\" content=\"https:\/\/skaitytaknyga.lt\/en\/produktas\/atvertos-langines-su-cd\/\" \/>\n<meta property=\"og:site_name\" content=\"Skaitytaknyga\" \/>\n<meta property=\"article:publisher\" content=\"https:\/\/www.facebook.com\/skaitytaknyga\/\" \/>\n<meta property=\"article:modified_time\" content=\"2025-11-13T17:35:08+00:00\" \/>\n<meta property=\"og:image\" content=\"https:\/\/skaitytaknyga.lt\/wp-content\/uploads\/2025\/11\/Atvertos-langines-1-1.webp\" \/>\n\t<meta property=\"og:image:width\" content=\"300\" \/>\n\t<meta property=\"og:image:height\" content=\"430\" \/>\n\t<meta property=\"og:image:type\" content=\"image\/webp\" \/>\n<meta name=\"twitter:card\" content=\"summary_large_image\" \/>\n<meta name=\"twitter:label1\" content=\"Estimated reading time\" \/>\n\t<meta name=\"twitter:data1\" content=\"1 minute\" \/>\n<script type=\"application\/ld+json\" class=\"yoast-schema-graph\">{\"@context\":\"https:\/\/schema.org\",\"@graph\":[{\"@type\":\"WebPage\",\"@id\":\"https:\/\/skaitytaknyga.lt\/produktas\/atvertos-langines-su-cd\/\",\"url\":\"https:\/\/skaitytaknyga.lt\/produktas\/atvertos-langines-su-cd\/\",\"name\":\"Atvertos langin\u0117s (su CD)\",\"isPartOf\":{\"@id\":\"https:\/\/skaitytaknyga.lt\/#website\"},\"primaryImageOfPage\":{\"@id\":\"https:\/\/skaitytaknyga.lt\/produktas\/atvertos-langines-su-cd\/#primaryimage\"},\"image\":{\"@id\":\"https:\/\/skaitytaknyga.lt\/produktas\/atvertos-langines-su-cd\/#primaryimage\"},\"thumbnailUrl\":\"https:\/\/skaitytaknyga.lt\/wp-content\/uploads\/2025\/11\/Atvertos-langines-1-1.webp\",\"datePublished\":\"2025-11-08T19:42:01+00:00\",\"dateModified\":\"2025-11-13T17:35:08+00:00\",\"description\":\"Pirmoji Birut\u0117s Kanevi\u010dien\u0117s poezijos, miniati\u016br\u0173 knyga \u201eAtvertos langin\u0117s\\\" ir autor\u0117s sukurt\u0173 bei \u012fdainuot\u0173 romantini\u0173 dain\u0173 albumas \u201eLai\u0161kai tyloje\\\".\",\"breadcrumb\":{\"@id\":\"https:\/\/skaitytaknyga.lt\/produktas\/atvertos-langines-su-cd\/#breadcrumb\"},\"inLanguage\":\"en-GB\",\"potentialAction\":[{\"@type\":\"ReadAction\",\"target\":[\"https:\/\/skaitytaknyga.lt\/produktas\/atvertos-langines-su-cd\/\"]}]},{\"@type\":\"ImageObject\",\"inLanguage\":\"en-GB\",\"@id\":\"https:\/\/skaitytaknyga.lt\/produktas\/atvertos-langines-su-cd\/#primaryimage\",\"url\":\"https:\/\/skaitytaknyga.lt\/wp-content\/uploads\/2025\/11\/Atvertos-langines-1-1.webp\",\"contentUrl\":\"https:\/\/skaitytaknyga.lt\/wp-content\/uploads\/2025\/11\/Atvertos-langines-1-1.webp\",\"width\":300,\"height\":430,\"caption\":\"Atvertos langin\u0117s\"},{\"@type\":\"BreadcrumbList\",\"@id\":\"https:\/\/skaitytaknyga.lt\/produktas\/atvertos-langines-su-cd\/#breadcrumb\",\"itemListElement\":[{\"@type\":\"ListItem\",\"position\":1,\"name\":\"Home\",\"item\":\"https:\/\/skaitytaknyga.lt\/\"},{\"@type\":\"ListItem\",\"position\":2,\"name\":\"Parduotuv\u0117\",\"item\":\"https:\/\/skaitytaknyga.lt\/knygu-parduotuve\/\"},{\"@type\":\"ListItem\",\"position\":3,\"name\":\"Atvertos langin\u0117s (su CD)\"}]},{\"@type\":\"WebSite\",\"@id\":\"https:\/\/skaitytaknyga.lt\/#website\",\"url\":\"https:\/\/skaitytaknyga.lt\/\",\"name\":\"skaitytaknyga.lt\",\"description\":\"Skaitytaknyga.lt \u2013 tai ma\u017eas \u0161eimos verslas, kuris prasid\u0117jo nuo meil\u0117s knygoms ir siekio i\u0161gelb\u0117ti knygas nuo likimo prie konteinerio. Kas vienam nereikalingas daiktas \u2013 kitam lobis, o mes esame tarpininkai, kurie padeda abiems tapti laimingesniems ???? \u017dinome kaip nelengva i\u0161gyventi ma\u017eiems verslams, tad nuo \u0161iol, \u010dia rasite ir kit\u0173, ma\u017e\u0173 \u0161eim\u0173 versl\u0173, rank\u0173 darbo, dovan\u0173 sau ir artimiesiems.\",\"publisher\":{\"@id\":\"https:\/\/skaitytaknyga.lt\/#organization\"},\"potentialAction\":[{\"@type\":\"SearchAction\",\"target\":{\"@type\":\"EntryPoint\",\"urlTemplate\":\"https:\/\/skaitytaknyga.lt\/?s={search_term_string}\"},\"query-input\":{\"@type\":\"PropertyValueSpecification\",\"valueRequired\":true,\"valueName\":\"search_term_string\"}}],\"inLanguage\":\"en-GB\"},{\"@type\":\"Organization\",\"@id\":\"https:\/\/skaitytaknyga.lt\/#organization\",\"name\":\"skaitytaknyga.lt\",\"url\":\"https:\/\/skaitytaknyga.lt\/\",\"logo\":{\"@type\":\"ImageObject\",\"inLanguage\":\"en-GB\",\"@id\":\"https:\/\/skaitytaknyga.lt\/#\/schema\/logo\/image\/\",\"url\":\"https:\/\/skaitytaknyga.lt\/wp-content\/uploads\/2024\/05\/cropped-cropped-cropped-02_00843_jt3bggkj1j3HLc7SyY6rEUpg.jpeg\",\"contentUrl\":\"https:\/\/skaitytaknyga.lt\/wp-content\/uploads\/2024\/05\/cropped-cropped-cropped-02_00843_jt3bggkj1j3HLc7SyY6rEUpg.jpeg\",\"width\":1600,\"height\":1600,\"caption\":\"skaitytaknyga.lt\"},\"image\":{\"@id\":\"https:\/\/skaitytaknyga.lt\/#\/schema\/logo\/image\/\"},\"sameAs\":[\"https:\/\/www.facebook.com\/skaitytaknyga\/\"]}]}<\/script>\n<!-- \/ Yoast SEO plugin. -->","yoast_head_json":{"title":"Atvertos langin\u0117s (su CD)","description":"Pirmoji Birut\u0117s Kanevi\u010dien\u0117s poezijos, miniati\u016br\u0173 knyga \u201eAtvertos langin\u0117s\" ir autor\u0117s sukurt\u0173 bei \u012fdainuot\u0173 romantini\u0173 dain\u0173 albumas \u201eLai\u0161kai tyloje\".","robots":{"index":"index","follow":"follow","max-snippet":"max-snippet:-1","max-image-preview":"max-image-preview:large","max-video-preview":"max-video-preview:-1"},"canonical":"https:\/\/skaitytaknyga.lt\/en\/produktas\/atvertos-langines-su-cd\/","og_locale":"en_GB","og_type":"article","og_title":"[:lt]Atvertos langin\u0117s (su CD)[:] - Skaitytaknyga","og_description":"Pirmoji Birut\u0117s Kanevi\u010dien\u0117s poezijos, miniati\u016br\u0173 knyga \u201eAtvertos langin\u0117s\" ir autor\u0117s sukurt\u0173 bei \u012fdainuot\u0173 romantini\u0173 dain\u0173 albumas \u201eLai\u0161kai tyloje\".","og_url":"https:\/\/skaitytaknyga.lt\/en\/produktas\/atvertos-langines-su-cd\/","og_site_name":"Skaitytaknyga","article_publisher":"https:\/\/www.facebook.com\/skaitytaknyga\/","article_modified_time":"2025-11-13T17:35:08+00:00","og_image":[{"width":300,"height":430,"url":"https:\/\/skaitytaknyga.lt\/wp-content\/uploads\/2025\/11\/Atvertos-langines-1-1.webp","type":"image\/webp"}],"twitter_card":"summary_large_image","twitter_misc":{"Estimated reading time":"1 minute"},"schema":{"@context":"https:\/\/schema.org","@graph":[{"@type":"WebPage","@id":"https:\/\/skaitytaknyga.lt\/produktas\/atvertos-langines-su-cd\/","url":"https:\/\/skaitytaknyga.lt\/produktas\/atvertos-langines-su-cd\/","name":"Atvertos langin\u0117s (su CD)","isPartOf":{"@id":"https:\/\/skaitytaknyga.lt\/#website"},"primaryImageOfPage":{"@id":"https:\/\/skaitytaknyga.lt\/produktas\/atvertos-langines-su-cd\/#primaryimage"},"image":{"@id":"https:\/\/skaitytaknyga.lt\/produktas\/atvertos-langines-su-cd\/#primaryimage"},"thumbnailUrl":"https:\/\/skaitytaknyga.lt\/wp-content\/uploads\/2025\/11\/Atvertos-langines-1-1.webp","datePublished":"2025-11-08T19:42:01+00:00","dateModified":"2025-11-13T17:35:08+00:00","description":"Pirmoji Birut\u0117s Kanevi\u010dien\u0117s poezijos, miniati\u016br\u0173 knyga \u201eAtvertos langin\u0117s\" ir autor\u0117s sukurt\u0173 bei \u012fdainuot\u0173 romantini\u0173 dain\u0173 albumas \u201eLai\u0161kai tyloje\".","breadcrumb":{"@id":"https:\/\/skaitytaknyga.lt\/produktas\/atvertos-langines-su-cd\/#breadcrumb"},"inLanguage":"en-GB","potentialAction":[{"@type":"ReadAction","target":["https:\/\/skaitytaknyga.lt\/produktas\/atvertos-langines-su-cd\/"]}]},{"@type":"ImageObject","inLanguage":"en-GB","@id":"https:\/\/skaitytaknyga.lt\/produktas\/atvertos-langines-su-cd\/#primaryimage","url":"https:\/\/skaitytaknyga.lt\/wp-content\/uploads\/2025\/11\/Atvertos-langines-1-1.webp","contentUrl":"https:\/\/skaitytaknyga.lt\/wp-content\/uploads\/2025\/11\/Atvertos-langines-1-1.webp","width":300,"height":430,"caption":"Atvertos langin\u0117s"},{"@type":"BreadcrumbList","@id":"https:\/\/skaitytaknyga.lt\/produktas\/atvertos-langines-su-cd\/#breadcrumb","itemListElement":[{"@type":"ListItem","position":1,"name":"Home","item":"https:\/\/skaitytaknyga.lt\/"},{"@type":"ListItem","position":2,"name":"Parduotuv\u0117","item":"https:\/\/skaitytaknyga.lt\/knygu-parduotuve\/"},{"@type":"ListItem","position":3,"name":"Atvertos langin\u0117s (su CD)"}]},{"@type":"WebSite","@id":"https:\/\/skaitytaknyga.lt\/#website","url":"https:\/\/skaitytaknyga.lt\/","name":"skaitytaknyga.lt","description":"Skaitytaknyga.lt \u2013 tai ma\u017eas \u0161eimos verslas, kuris prasid\u0117jo nuo meil\u0117s knygoms ir siekio i\u0161gelb\u0117ti knygas nuo likimo prie konteinerio. Kas vienam nereikalingas daiktas \u2013 kitam lobis, o mes esame tarpininkai, kurie padeda abiems tapti laimingesniems ???? \u017dinome kaip nelengva i\u0161gyventi ma\u017eiems verslams, tad nuo \u0161iol, \u010dia rasite ir kit\u0173, ma\u017e\u0173 \u0161eim\u0173 versl\u0173, rank\u0173 darbo, dovan\u0173 sau ir artimiesiems.","publisher":{"@id":"https:\/\/skaitytaknyga.lt\/#organization"},"potentialAction":[{"@type":"SearchAction","target":{"@type":"EntryPoint","urlTemplate":"https:\/\/skaitytaknyga.lt\/?s={search_term_string}"},"query-input":{"@type":"PropertyValueSpecification","valueRequired":true,"valueName":"search_term_string"}}],"inLanguage":"en-GB"},{"@type":"Organization","@id":"https:\/\/skaitytaknyga.lt\/#organization","name":"skaitytaknyga.lt","url":"https:\/\/skaitytaknyga.lt\/","logo":{"@type":"ImageObject","inLanguage":"en-GB","@id":"https:\/\/skaitytaknyga.lt\/#\/schema\/logo\/image\/","url":"https:\/\/skaitytaknyga.lt\/wp-content\/uploads\/2024\/05\/cropped-cropped-cropped-02_00843_jt3bggkj1j3HLc7SyY6rEUpg.jpeg","contentUrl":"https:\/\/skaitytaknyga.lt\/wp-content\/uploads\/2024\/05\/cropped-cropped-cropped-02_00843_jt3bggkj1j3HLc7SyY6rEUpg.jpeg","width":1600,"height":1600,"caption":"skaitytaknyga.lt"},"image":{"@id":"https:\/\/skaitytaknyga.lt\/#\/schema\/logo\/image\/"},"sameAs":["https:\/\/www.facebook.com\/skaitytaknyga\/"]}]}},"_links":{"self":[{"href":"https:\/\/skaitytaknyga.lt\/en\/wp-json\/wp\/v2\/product\/21919","targetHints":{"allow":["GET"]}}],"collection":[{"href":"https:\/\/skaitytaknyga.lt\/en\/wp-json\/wp\/v2\/product"}],"about":[{"href":"https:\/\/skaitytaknyga.lt\/en\/wp-json\/wp\/v2\/types\/product"}],"replies":[{"embeddable":true,"href":"https:\/\/skaitytaknyga.lt\/en\/wp-json\/wp\/v2\/comments?post=21919"}],"wp:featuredmedia":[{"embeddable":true,"href":"https:\/\/skaitytaknyga.lt\/en\/wp-json\/wp\/v2\/media\/21924"}],"wp:attachment":[{"href":"https:\/\/skaitytaknyga.lt\/en\/wp-json\/wp\/v2\/media?parent=21919"}],"wp:term":[{"taxonomy":"product_brand","embeddable":true,"href":"https:\/\/skaitytaknyga.lt\/en\/wp-json\/wp\/v2\/product_brand?post=21919"},{"taxonomy":"product_cat","embeddable":true,"href":"https:\/\/skaitytaknyga.lt\/en\/wp-json\/wp\/v2\/product_cat?post=21919"},{"taxonomy":"product_tag","embeddable":true,"href":"https:\/\/skaitytaknyga.lt\/en\/wp-json\/wp\/v2\/product_tag?post=21919"}],"curies":[{"name":"wp","href":"https:\/\/api.w.org\/{rel}","templated":true}]}}