{"id":21918,"date":"2025-11-08T21:42:00","date_gmt":"2025-11-08T19:42:00","guid":{"rendered":"https:\/\/skaitytaknyga.lt\/?post_type=product&#038;p=21918"},"modified":"2025-11-13T19:35:08","modified_gmt":"2025-11-13T17:35:08","slug":"motina-terese-ateik-buk-mano-sviesa-su-nedideliu-defektu","status":"publish","type":"product","link":"https:\/\/skaitytaknyga.lt\/en\/produktas\/motina-terese-ateik-buk-mano-sviesa-su-nedideliu-defektu\/","title":{"rendered":"Motina Teres\u0117. Ateik, b\u016bk mano \u0161viesa (su nedideliu defektu)"},"content":{"rendered":"<p>\u201eKalkutos \u0161ventosios&#8221; asmeniniai ra\u0161tai<\/p>\n<p>Briano Kolodiejchuko MC redakcija ir komentarai<\/p>\n<p>Jei kada nors tapsiu \u0161vent\u0105ja, neabejoju, kad b\u016bsiu kaip viena i\u0161 \u201etamsos&#8221;. Man\u0119s vis nebus danguje, \u2013 eisiu \u012f \u017eem\u0119 u\u017edegti \u0161viesos t\u016bnantiems tamsoje. Pal. Motina Teres\u0117 i\u0161 Kalkutos<\/p>\n<p>\u0160i knyga atskleid\u017eia vidin\u012f vienos i\u0161 mylimiausi\u0173 ir svarbiausi\u0173 istorijoje religini\u0173 veik\u0117j\u0173 gyvenim\u0105.<\/p>\n<p>Vis\u0105 gyvenim\u0105 tarnavusi vargingiausiems i\u0161 vargingiausi\u0173, Motina Teres\u0117 vis\u0173 religij\u0173 \u017emon\u0117ms tapo atjautos ikona; i\u0161skirtinis jos ind\u0117lis globojant ligonius, mir\u0161tan\u010diuosius ir t\u016bkstan\u010dius kit\u0173, kuriais niekas n\u0117 neman\u0117 r\u016bpintis, buvo pripa\u017eintas ir sveikinamas visame pasaulyje. Ta\u010diau apie jos dvasines auk\u0161tumas ar kovas ma\u017eai te\u017einoma. \u0160is jos ra\u0161ini\u0173 ir apm\u0105stym\u0173 rinkinys \u012flieja \u0161viesos \u012f Motinos Teres\u0117s vidin\u012f gyvenim\u0105, pirm\u0105 kart\u0105 atskleisdamas jos \u0161ventumo gyl\u012f ir j\u0117g\u0105.<\/p>\n<p>Rinkinyje, kur\u012f sudar\u0117 t\u0117vas Brianas Kolodiejchukas MC, Motinos Teres\u0117s centro direktorius, dvide\u0161imt met\u0173 pa\u017einoj\u0119s Motin\u0105 Teres\u0119 ir besir\u016bpinantis jos paskelbimu \u0161vent\u0105ja, surinkti kelis de\u0161imtme\u010dius dvasiniams patar\u0117jams ra\u0161yti lai\u0161kai. Tartum jaudinanti dvasin\u0117s kelion\u0117s kronika \u2013 nei\u0161skiriant akimirk\u0173, netgi i\u0161tis\u0173 met\u0173, visi\u0161kos tu\u0161tumos ir vienumos \u2013 \u0161ie lai\u0161kai atskleid\u017eia paslaptis, kuriomis ji dalijosi tik su artimiausiais patik\u0117tiniais. Ji i\u0161kyla kaip klasikin\u0117 mistik\u0117, kurios vidin\u012f gyvenim\u0105 degino meil\u0117s ugnis, o \u0161ird\u012f i\u0161band\u0117 ir nuskaistino \u017eiaur\u016bs tik\u0117jimo i\u0161m\u0117ginimai, tikroji tamsi sielos naktis.<\/p>\n<p>Knygoje, i\u0161leistoje pa\u017eymint \u0161imt\u0105sias gimimo metines, pie\u0161iamas intymus moters, kurios gyvenimu ir darbais nesiliauja \u017eav\u0117tis milijonai \u017emoni\u0173, portretas.<\/p>\n","protected":false},"excerpt":{"rendered":"<p>\u201eKalkutos \u0161ventosios&#8221; asmeniniai ra\u0161tai Briano Kolodiejchuko MC redakcija ir komentarai Jei kada nors tapsiu \u0161vent\u0105ja, neabejoju, kad b\u016bsiu kaip viena i\u0161 \u201etamsos&#8221;. Man\u0119s vis nebus danguje, \u2013 eisiu \u012f \u017eem\u0119 u\u017edegti \u0161viesos t\u016bnantiems tamsoje. Pal. Motina Teres\u0117 i\u0161 Kalkutos \u0160i knyga atskleid\u017eia vidin\u012f vienos i\u0161 mylimiausi\u0173 ir svarbiausi\u0173 istorijoje religini\u0173 veik\u0117j\u0173 gyvenim\u0105. Vis\u0105 gyvenim\u0105 tarnavusi vargingiausiems i\u0161 vargingiausi\u0173, Motina Teres\u0117 vis\u0173 religij\u0173 \u017emon\u0117ms tapo atjautos ikona; i\u0161skirtinis jos ind\u0117lis globojant ligonius, mir\u0161tan\u010diuosius ir t\u016bkstan\u010dius kit\u0173, kuriais niekas n\u0117 neman\u0117 r\u016bpintis, buvo pripa\u017eintas ir sveikinamas visame pasaulyje. Ta\u010diau apie jos dvasines auk\u0161tumas ar kovas ma\u017eai te\u017einoma. \u0160is jos ra\u0161ini\u0173 ir apm\u0105stym\u0173 rinkinys \u012flieja \u0161viesos \u012f Motinos Teres\u0117s vidin\u012f gyvenim\u0105, pirm\u0105 kart\u0105 atskleisdamas jos \u0161ventumo gyl\u012f ir j\u0117g\u0105. Rinkinyje, kur\u012f sudar\u0117 t\u0117vas Brianas Kolodiejchukas MC, Motinos Teres\u0117s centro direktorius, dvide\u0161imt met\u0173 pa\u017einoj\u0119s Motin\u0105 Teres\u0119 ir besir\u016bpinantis jos paskelbimu \u0161vent\u0105ja, surinkti kelis de\u0161imtme\u010dius dvasiniams patar\u0117jams ra\u0161yti lai\u0161kai. Tartum jaudinanti dvasin\u0117s kelion\u0117s kronika \u2013 nei\u0161skiriant akimirk\u0173, netgi i\u0161tis\u0173 met\u0173, visi\u0161kos tu\u0161tumos ir vienumos \u2013 \u0161ie lai\u0161kai atskleid\u017eia paslaptis, kuriomis ji dalijosi tik su artimiausiais patik\u0117tiniais. Ji i\u0161kyla kaip klasikin\u0117 mistik\u0117, kurios vidin\u012f gyvenim\u0105 degino meil\u0117s ugnis, o \u0161ird\u012f i\u0161band\u0117 ir nuskaistino \u017eiaur\u016bs tik\u0117jimo i\u0161m\u0117ginimai, tikroji tamsi sielos naktis. Knygoje, i\u0161leistoje pa\u017eymint \u0161imt\u0105sias gimimo metines, pie\u0161iamas intymus moters, kurios gyvenimu ir darbais nesiliauja \u017eav\u0117tis milijonai \u017emoni\u0173, portretas.<\/p>\n","protected":false},"featured_media":21923,"comment_status":"open","ping_status":"closed","template":"","meta":{"_acf_changed":false,"site-sidebar-layout":"default","site-content-layout":"","ast-site-content-layout":"default","site-content-style":"default","site-sidebar-style":"default","ast-global-header-display":"","ast-banner-title-visibility":"","ast-main-header-display":"","ast-hfb-above-header-display":"","ast-hfb-below-header-display":"","ast-hfb-mobile-header-display":"","site-post-title":"","ast-breadcrumbs-content":"","ast-featured-img":"","footer-sml-layout":"","ast-disable-related-posts":"","theme-transparent-header-meta":"","adv-header-id-meta":"","stick-header-meta":"","header-above-stick-meta":"","header-main-stick-meta":"","header-below-stick-meta":"","astra-migrate-meta-layouts":"default","ast-page-background-enabled":"default","ast-page-background-meta":{"desktop":{"background-color":"","background-image":"","background-repeat":"repeat","background-position":"center center","background-size":"auto","background-attachment":"scroll","background-type":"","background-media":"","overlay-type":"","overlay-color":"","overlay-opacity":"","overlay-gradient":""},"tablet":{"background-color":"","background-image":"","background-repeat":"repeat","background-position":"center center","background-size":"auto","background-attachment":"scroll","background-type":"","background-media":"","overlay-type":"","overlay-color":"","overlay-opacity":"","overlay-gradient":""},"mobile":{"background-color":"","background-image":"","background-repeat":"repeat","background-position":"center center","background-size":"auto","background-attachment":"scroll","background-type":"","background-media":"","overlay-type":"","overlay-color":"","overlay-opacity":"","overlay-gradient":""}},"ast-content-background-meta":{"desktop":{"background-color":"var(--ast-global-color-4)","background-image":"","background-repeat":"repeat","background-position":"center center","background-size":"auto","background-attachment":"scroll","background-type":"","background-media":"","overlay-type":"","overlay-color":"","overlay-opacity":"","overlay-gradient":""},"tablet":{"background-color":"var(--ast-global-color-4)","background-image":"","background-repeat":"repeat","background-position":"center center","background-size":"auto","background-attachment":"scroll","background-type":"","background-media":"","overlay-type":"","overlay-color":"","overlay-opacity":"","overlay-gradient":""},"mobile":{"background-color":"var(--ast-global-color-4)","background-image":"","background-repeat":"repeat","background-position":"center center","background-size":"auto","background-attachment":"scroll","background-type":"","background-media":"","overlay-type":"","overlay-color":"","overlay-opacity":"","overlay-gradient":""}}},"product_brand":[],"product_cat":[15],"product_tag":[],"class_list":{"0":"post-21918","1":"product","2":"type-product","3":"status-publish","4":"has-post-thumbnail","6":"product_cat-uncategorized","7":"desktop-align-left","8":"tablet-align-left","9":"mobile-align-left","11":"first","12":"instock","13":"shipping-taxable","14":"purchasable","15":"product-type-simple"},"acf":[],"yoast_head":"<!-- This site is optimized with the Yoast SEO plugin v27.0 - https:\/\/yoast.com\/product\/yoast-seo-wordpress\/ -->\n<title>Motina Teres\u0117. Ateik, b\u016bk mano \u0161viesa (su nedideliu defektu)<\/title>\n<meta name=\"description\" content=\"\u201eKalkutos \u0161ventosios&quot; asmeniniai ra\u0161tai Briano Kolodiejchuko MC redakcija ir komentarai Jei kada nors tapsiu \u0161vent\u0105ja, neabejoju, kad b\u016bsiu kaip viena i\u0161\" \/>\n<meta name=\"robots\" content=\"index, follow, max-snippet:-1, max-image-preview:large, max-video-preview:-1\" \/>\n<link rel=\"canonical\" href=\"https:\/\/skaitytaknyga.lt\/en\/produktas\/motina-terese-ateik-buk-mano-sviesa-su-nedideliu-defektu\/\" \/>\n<meta property=\"og:locale\" content=\"en_GB\" \/>\n<meta property=\"og:locale:alternate\" content=\"lt_LT\" \/>\n<meta property=\"og:type\" content=\"article\" \/>\n<meta property=\"og:title\" content=\"Motina Teres\u0117. Ateik, b\u016bk mano \u0161viesa (su nedideliu defektu)\" \/>\n<meta property=\"og:description\" content=\"\u201eKalkutos \u0161ventosios&quot; asmeniniai ra\u0161tai Briano Kolodiejchuko MC redakcija ir komentarai Jei kada nors tapsiu \u0161vent\u0105ja, neabejoju, kad b\u016bsiu kaip viena i\u0161\" \/>\n<meta property=\"og:url\" content=\"https:\/\/skaitytaknyga.lt\/en\/produktas\/motina-terese-ateik-buk-mano-sviesa-su-nedideliu-defektu\/\" \/>\n<meta property=\"og:site_name\" content=\"Skaitytaknyga\" \/>\n<meta property=\"article:publisher\" content=\"https:\/\/www.facebook.com\/skaitytaknyga\/\" \/>\n<meta property=\"article:modified_time\" content=\"2025-11-13T17:35:08+00:00\" \/>\n<meta property=\"og:image\" content=\"https:\/\/skaitytaknyga.lt\/wp-content\/uploads\/2025\/11\/Motina-Terese.-Ateik-buk-mano-sviesa-1.webp\" \/>\n\t<meta property=\"og:image:width\" content=\"300\" \/>\n\t<meta property=\"og:image:height\" content=\"454\" \/>\n\t<meta property=\"og:image:type\" content=\"image\/webp\" \/>\n<meta name=\"twitter:card\" content=\"summary_large_image\" \/>\n<meta name=\"twitter:label1\" content=\"Estimated reading time\" \/>\n\t<meta name=\"twitter:data1\" content=\"1 minute\" \/>\n<script type=\"application\/ld+json\" class=\"yoast-schema-graph\">{\"@context\":\"https:\/\/schema.org\",\"@graph\":[{\"@type\":\"WebPage\",\"@id\":\"https:\/\/skaitytaknyga.lt\/produktas\/motina-terese-ateik-buk-mano-sviesa-su-nedideliu-defektu\/\",\"url\":\"https:\/\/skaitytaknyga.lt\/produktas\/motina-terese-ateik-buk-mano-sviesa-su-nedideliu-defektu\/\",\"name\":\"Motina Teres\u0117. Ateik, b\u016bk mano \u0161viesa (su nedideliu defektu)\",\"isPartOf\":{\"@id\":\"https:\/\/skaitytaknyga.lt\/#website\"},\"primaryImageOfPage\":{\"@id\":\"https:\/\/skaitytaknyga.lt\/produktas\/motina-terese-ateik-buk-mano-sviesa-su-nedideliu-defektu\/#primaryimage\"},\"image\":{\"@id\":\"https:\/\/skaitytaknyga.lt\/produktas\/motina-terese-ateik-buk-mano-sviesa-su-nedideliu-defektu\/#primaryimage\"},\"thumbnailUrl\":\"https:\/\/skaitytaknyga.lt\/wp-content\/uploads\/2025\/11\/Motina-Terese.-Ateik-buk-mano-sviesa-1.webp\",\"datePublished\":\"2025-11-08T19:42:00+00:00\",\"dateModified\":\"2025-11-13T17:35:08+00:00\",\"description\":\"\u201eKalkutos \u0161ventosios\\\" asmeniniai ra\u0161tai Briano Kolodiejchuko MC redakcija ir komentarai Jei kada nors tapsiu \u0161vent\u0105ja, neabejoju, kad b\u016bsiu kaip viena i\u0161\",\"breadcrumb\":{\"@id\":\"https:\/\/skaitytaknyga.lt\/produktas\/motina-terese-ateik-buk-mano-sviesa-su-nedideliu-defektu\/#breadcrumb\"},\"inLanguage\":\"en-GB\",\"potentialAction\":[{\"@type\":\"ReadAction\",\"target\":[\"https:\/\/skaitytaknyga.lt\/produktas\/motina-terese-ateik-buk-mano-sviesa-su-nedideliu-defektu\/\"]}]},{\"@type\":\"ImageObject\",\"inLanguage\":\"en-GB\",\"@id\":\"https:\/\/skaitytaknyga.lt\/produktas\/motina-terese-ateik-buk-mano-sviesa-su-nedideliu-defektu\/#primaryimage\",\"url\":\"https:\/\/skaitytaknyga.lt\/wp-content\/uploads\/2025\/11\/Motina-Terese.-Ateik-buk-mano-sviesa-1.webp\",\"contentUrl\":\"https:\/\/skaitytaknyga.lt\/wp-content\/uploads\/2025\/11\/Motina-Terese.-Ateik-buk-mano-sviesa-1.webp\",\"width\":300,\"height\":454,\"caption\":\"Motina Teres\u0117. Ateik, b\u016bk mano \u0161viesa\"},{\"@type\":\"BreadcrumbList\",\"@id\":\"https:\/\/skaitytaknyga.lt\/produktas\/motina-terese-ateik-buk-mano-sviesa-su-nedideliu-defektu\/#breadcrumb\",\"itemListElement\":[{\"@type\":\"ListItem\",\"position\":1,\"name\":\"Home\",\"item\":\"https:\/\/skaitytaknyga.lt\/\"},{\"@type\":\"ListItem\",\"position\":2,\"name\":\"Parduotuv\u0117\",\"item\":\"https:\/\/skaitytaknyga.lt\/knygu-parduotuve\/\"},{\"@type\":\"ListItem\",\"position\":3,\"name\":\"Motina Teres\u0117. Ateik, b\u016bk mano \u0161viesa (su nedideliu defektu)\"}]},{\"@type\":\"WebSite\",\"@id\":\"https:\/\/skaitytaknyga.lt\/#website\",\"url\":\"https:\/\/skaitytaknyga.lt\/\",\"name\":\"skaitytaknyga.lt\",\"description\":\"Skaitytaknyga.lt \u2013 tai ma\u017eas \u0161eimos verslas, kuris prasid\u0117jo nuo meil\u0117s knygoms ir siekio i\u0161gelb\u0117ti knygas nuo likimo prie konteinerio. Kas vienam nereikalingas daiktas \u2013 kitam lobis, o mes esame tarpininkai, kurie padeda abiems tapti laimingesniems ???? \u017dinome kaip nelengva i\u0161gyventi ma\u017eiems verslams, tad nuo \u0161iol, \u010dia rasite ir kit\u0173, ma\u017e\u0173 \u0161eim\u0173 versl\u0173, rank\u0173 darbo, dovan\u0173 sau ir artimiesiems.\",\"publisher\":{\"@id\":\"https:\/\/skaitytaknyga.lt\/#organization\"},\"potentialAction\":[{\"@type\":\"SearchAction\",\"target\":{\"@type\":\"EntryPoint\",\"urlTemplate\":\"https:\/\/skaitytaknyga.lt\/?s={search_term_string}\"},\"query-input\":{\"@type\":\"PropertyValueSpecification\",\"valueRequired\":true,\"valueName\":\"search_term_string\"}}],\"inLanguage\":\"en-GB\"},{\"@type\":\"Organization\",\"@id\":\"https:\/\/skaitytaknyga.lt\/#organization\",\"name\":\"skaitytaknyga.lt\",\"url\":\"https:\/\/skaitytaknyga.lt\/\",\"logo\":{\"@type\":\"ImageObject\",\"inLanguage\":\"en-GB\",\"@id\":\"https:\/\/skaitytaknyga.lt\/#\/schema\/logo\/image\/\",\"url\":\"https:\/\/skaitytaknyga.lt\/wp-content\/uploads\/2024\/05\/cropped-cropped-cropped-02_00843_jt3bggkj1j3HLc7SyY6rEUpg.jpeg\",\"contentUrl\":\"https:\/\/skaitytaknyga.lt\/wp-content\/uploads\/2024\/05\/cropped-cropped-cropped-02_00843_jt3bggkj1j3HLc7SyY6rEUpg.jpeg\",\"width\":1600,\"height\":1600,\"caption\":\"skaitytaknyga.lt\"},\"image\":{\"@id\":\"https:\/\/skaitytaknyga.lt\/#\/schema\/logo\/image\/\"},\"sameAs\":[\"https:\/\/www.facebook.com\/skaitytaknyga\/\"]}]}<\/script>\n<!-- \/ Yoast SEO plugin. -->","yoast_head_json":{"title":"Motina Teres\u0117. Ateik, b\u016bk mano \u0161viesa (su nedideliu defektu)","description":"\u201eKalkutos \u0161ventosios\" asmeniniai ra\u0161tai Briano Kolodiejchuko MC redakcija ir komentarai Jei kada nors tapsiu \u0161vent\u0105ja, neabejoju, kad b\u016bsiu kaip viena i\u0161","robots":{"index":"index","follow":"follow","max-snippet":"max-snippet:-1","max-image-preview":"max-image-preview:large","max-video-preview":"max-video-preview:-1"},"canonical":"https:\/\/skaitytaknyga.lt\/en\/produktas\/motina-terese-ateik-buk-mano-sviesa-su-nedideliu-defektu\/","og_locale":"en_GB","og_type":"article","og_title":"[:lt]Motina Teres\u0117. Ateik, b\u016bk mano \u0161viesa (su nedideliu defektu)[:] - Skaitytaknyga","og_description":"\u201eKalkutos \u0161ventosios\" asmeniniai ra\u0161tai Briano Kolodiejchuko MC redakcija ir komentarai Jei kada nors tapsiu \u0161vent\u0105ja, neabejoju, kad b\u016bsiu kaip viena i\u0161","og_url":"https:\/\/skaitytaknyga.lt\/en\/produktas\/motina-terese-ateik-buk-mano-sviesa-su-nedideliu-defektu\/","og_site_name":"Skaitytaknyga","article_publisher":"https:\/\/www.facebook.com\/skaitytaknyga\/","article_modified_time":"2025-11-13T17:35:08+00:00","og_image":[{"width":300,"height":454,"url":"https:\/\/skaitytaknyga.lt\/wp-content\/uploads\/2025\/11\/Motina-Terese.-Ateik-buk-mano-sviesa-1.webp","type":"image\/webp"}],"twitter_card":"summary_large_image","twitter_misc":{"Estimated reading time":"1 minute"},"schema":{"@context":"https:\/\/schema.org","@graph":[{"@type":"WebPage","@id":"https:\/\/skaitytaknyga.lt\/produktas\/motina-terese-ateik-buk-mano-sviesa-su-nedideliu-defektu\/","url":"https:\/\/skaitytaknyga.lt\/produktas\/motina-terese-ateik-buk-mano-sviesa-su-nedideliu-defektu\/","name":"Motina Teres\u0117. Ateik, b\u016bk mano \u0161viesa (su nedideliu defektu)","isPartOf":{"@id":"https:\/\/skaitytaknyga.lt\/#website"},"primaryImageOfPage":{"@id":"https:\/\/skaitytaknyga.lt\/produktas\/motina-terese-ateik-buk-mano-sviesa-su-nedideliu-defektu\/#primaryimage"},"image":{"@id":"https:\/\/skaitytaknyga.lt\/produktas\/motina-terese-ateik-buk-mano-sviesa-su-nedideliu-defektu\/#primaryimage"},"thumbnailUrl":"https:\/\/skaitytaknyga.lt\/wp-content\/uploads\/2025\/11\/Motina-Terese.-Ateik-buk-mano-sviesa-1.webp","datePublished":"2025-11-08T19:42:00+00:00","dateModified":"2025-11-13T17:35:08+00:00","description":"\u201eKalkutos \u0161ventosios\" asmeniniai ra\u0161tai Briano Kolodiejchuko MC redakcija ir komentarai Jei kada nors tapsiu \u0161vent\u0105ja, neabejoju, kad b\u016bsiu kaip viena i\u0161","breadcrumb":{"@id":"https:\/\/skaitytaknyga.lt\/produktas\/motina-terese-ateik-buk-mano-sviesa-su-nedideliu-defektu\/#breadcrumb"},"inLanguage":"en-GB","potentialAction":[{"@type":"ReadAction","target":["https:\/\/skaitytaknyga.lt\/produktas\/motina-terese-ateik-buk-mano-sviesa-su-nedideliu-defektu\/"]}]},{"@type":"ImageObject","inLanguage":"en-GB","@id":"https:\/\/skaitytaknyga.lt\/produktas\/motina-terese-ateik-buk-mano-sviesa-su-nedideliu-defektu\/#primaryimage","url":"https:\/\/skaitytaknyga.lt\/wp-content\/uploads\/2025\/11\/Motina-Terese.-Ateik-buk-mano-sviesa-1.webp","contentUrl":"https:\/\/skaitytaknyga.lt\/wp-content\/uploads\/2025\/11\/Motina-Terese.-Ateik-buk-mano-sviesa-1.webp","width":300,"height":454,"caption":"Motina Teres\u0117. Ateik, b\u016bk mano \u0161viesa"},{"@type":"BreadcrumbList","@id":"https:\/\/skaitytaknyga.lt\/produktas\/motina-terese-ateik-buk-mano-sviesa-su-nedideliu-defektu\/#breadcrumb","itemListElement":[{"@type":"ListItem","position":1,"name":"Home","item":"https:\/\/skaitytaknyga.lt\/"},{"@type":"ListItem","position":2,"name":"Parduotuv\u0117","item":"https:\/\/skaitytaknyga.lt\/knygu-parduotuve\/"},{"@type":"ListItem","position":3,"name":"Motina Teres\u0117. Ateik, b\u016bk mano \u0161viesa (su nedideliu defektu)"}]},{"@type":"WebSite","@id":"https:\/\/skaitytaknyga.lt\/#website","url":"https:\/\/skaitytaknyga.lt\/","name":"skaitytaknyga.lt","description":"Skaitytaknyga.lt \u2013 tai ma\u017eas \u0161eimos verslas, kuris prasid\u0117jo nuo meil\u0117s knygoms ir siekio i\u0161gelb\u0117ti knygas nuo likimo prie konteinerio. Kas vienam nereikalingas daiktas \u2013 kitam lobis, o mes esame tarpininkai, kurie padeda abiems tapti laimingesniems ???? \u017dinome kaip nelengva i\u0161gyventi ma\u017eiems verslams, tad nuo \u0161iol, \u010dia rasite ir kit\u0173, ma\u017e\u0173 \u0161eim\u0173 versl\u0173, rank\u0173 darbo, dovan\u0173 sau ir artimiesiems.","publisher":{"@id":"https:\/\/skaitytaknyga.lt\/#organization"},"potentialAction":[{"@type":"SearchAction","target":{"@type":"EntryPoint","urlTemplate":"https:\/\/skaitytaknyga.lt\/?s={search_term_string}"},"query-input":{"@type":"PropertyValueSpecification","valueRequired":true,"valueName":"search_term_string"}}],"inLanguage":"en-GB"},{"@type":"Organization","@id":"https:\/\/skaitytaknyga.lt\/#organization","name":"skaitytaknyga.lt","url":"https:\/\/skaitytaknyga.lt\/","logo":{"@type":"ImageObject","inLanguage":"en-GB","@id":"https:\/\/skaitytaknyga.lt\/#\/schema\/logo\/image\/","url":"https:\/\/skaitytaknyga.lt\/wp-content\/uploads\/2024\/05\/cropped-cropped-cropped-02_00843_jt3bggkj1j3HLc7SyY6rEUpg.jpeg","contentUrl":"https:\/\/skaitytaknyga.lt\/wp-content\/uploads\/2024\/05\/cropped-cropped-cropped-02_00843_jt3bggkj1j3HLc7SyY6rEUpg.jpeg","width":1600,"height":1600,"caption":"skaitytaknyga.lt"},"image":{"@id":"https:\/\/skaitytaknyga.lt\/#\/schema\/logo\/image\/"},"sameAs":["https:\/\/www.facebook.com\/skaitytaknyga\/"]}]}},"_links":{"self":[{"href":"https:\/\/skaitytaknyga.lt\/en\/wp-json\/wp\/v2\/product\/21918","targetHints":{"allow":["GET"]}}],"collection":[{"href":"https:\/\/skaitytaknyga.lt\/en\/wp-json\/wp\/v2\/product"}],"about":[{"href":"https:\/\/skaitytaknyga.lt\/en\/wp-json\/wp\/v2\/types\/product"}],"replies":[{"embeddable":true,"href":"https:\/\/skaitytaknyga.lt\/en\/wp-json\/wp\/v2\/comments?post=21918"}],"wp:featuredmedia":[{"embeddable":true,"href":"https:\/\/skaitytaknyga.lt\/en\/wp-json\/wp\/v2\/media\/21923"}],"wp:attachment":[{"href":"https:\/\/skaitytaknyga.lt\/en\/wp-json\/wp\/v2\/media?parent=21918"}],"wp:term":[{"taxonomy":"product_brand","embeddable":true,"href":"https:\/\/skaitytaknyga.lt\/en\/wp-json\/wp\/v2\/product_brand?post=21918"},{"taxonomy":"product_cat","embeddable":true,"href":"https:\/\/skaitytaknyga.lt\/en\/wp-json\/wp\/v2\/product_cat?post=21918"},{"taxonomy":"product_tag","embeddable":true,"href":"https:\/\/skaitytaknyga.lt\/en\/wp-json\/wp\/v2\/product_tag?post=21918"}],"curies":[{"name":"wp","href":"https:\/\/api.w.org\/{rel}","templated":true}]}}