{"id":21910,"date":"2025-11-08T21:22:03","date_gmt":"2025-11-08T19:22:03","guid":{"rendered":"https:\/\/skaitytaknyga.lt\/?post_type=product&#038;p=21910"},"modified":"2025-11-13T19:35:08","modified_gmt":"2025-11-13T17:35:08","slug":"susipazinkime-esu-teofilius","status":"publish","type":"product","link":"https:\/\/skaitytaknyga.lt\/en\/produktas\/susipazinkime-esu-teofilius\/","title":{"rendered":"Susipa\u017einkime &#8211; esu Teofilius"},"content":{"rendered":"<p>Ar tai tikrai paskutin\u0117s Teofiliaus Matulionio gyventos vietos \u2013 \u0160eduvos \u2013 namelio pal\u0117p\u0117je netik\u0117tai rasta autobiografija? Viskas atrodo taip autenti\u0161ka ir tikra, tarsi jis pats kalb\u0117t\u0173&#8230;<br \/>\nTokia mintis kyla skaitant \u0161i\u0105 knyg\u0105 \u201eSusipa\u017einkime \u2013 esu Teofilius\u201c. Nenuslepiami Palaimintojo pa\u0161aukimo kelio akligatviai, jo nes\u0117km\u0117s \u0117musis ba\u017eny\u010di\u0173 rekonstrukcij\u0173 ir statyb\u0173, nuoskaudos, jog nepavyko organizuoti misij\u0173 Rusijoje&#8230;<\/p>\n<p>\u201eIki tol \u012fsivaizdavau, kad kankinyst\u0117 yra ka\u017ekur toli\u201c, \u2013 tik tiek i\u0161sitaria protagonistas, pirm\u0105 syk\u012f tiesiogiai susid\u016br\u0119s su bol\u0161evik\u0173 elgesiu. Visos gyvenimo kli\u016btys, kurias patyr\u0117 Teofilius, apm\u0105stomos kaip dvasin\u0117s pamokos, o viena kita svarbesn\u0117 situacija taikliai apib\u016bdinama \u012f jo l\u016bpas \u012fd\u0117tomis \u0160ventojo Ra\u0161to mintimis.<\/p>\n","protected":false},"excerpt":{"rendered":"<p>Ar tai tikrai paskutin\u0117s Teofiliaus Matulionio gyventos vietos \u2013 \u0160eduvos \u2013 namelio pal\u0117p\u0117je netik\u0117tai rasta autobiografija? Viskas atrodo taip autenti\u0161ka ir tikra, tarsi jis pats kalb\u0117t\u0173&#8230; Tokia mintis kyla skaitant \u0161i\u0105 knyg\u0105 \u201eSusipa\u017einkime \u2013 esu Teofilius\u201c. Nenuslepiami Palaimintojo pa\u0161aukimo kelio akligatviai, jo nes\u0117km\u0117s \u0117musis ba\u017eny\u010di\u0173 rekonstrukcij\u0173 ir statyb\u0173, nuoskaudos, jog nepavyko organizuoti misij\u0173 Rusijoje&#8230; \u201eIki tol \u012fsivaizdavau, kad kankinyst\u0117 yra ka\u017ekur toli\u201c, \u2013 tik tiek i\u0161sitaria protagonistas, pirm\u0105 syk\u012f tiesiogiai susid\u016br\u0119s su bol\u0161evik\u0173 elgesiu. Visos gyvenimo kli\u016btys, kurias patyr\u0117 Teofilius, apm\u0105stomos kaip dvasin\u0117s pamokos, o viena kita svarbesn\u0117 situacija taikliai apib\u016bdinama \u012f jo l\u016bpas \u012fd\u0117tomis \u0160ventojo Ra\u0161to mintimis.<\/p>\n","protected":false},"featured_media":21916,"comment_status":"open","ping_status":"closed","template":"","meta":{"_acf_changed":false,"site-sidebar-layout":"default","site-content-layout":"","ast-site-content-layout":"default","site-content-style":"default","site-sidebar-style":"default","ast-global-header-display":"","ast-banner-title-visibility":"","ast-main-header-display":"","ast-hfb-above-header-display":"","ast-hfb-below-header-display":"","ast-hfb-mobile-header-display":"","site-post-title":"","ast-breadcrumbs-content":"","ast-featured-img":"","footer-sml-layout":"","ast-disable-related-posts":"","theme-transparent-header-meta":"","adv-header-id-meta":"","stick-header-meta":"","header-above-stick-meta":"","header-main-stick-meta":"","header-below-stick-meta":"","astra-migrate-meta-layouts":"default","ast-page-background-enabled":"default","ast-page-background-meta":{"desktop":{"background-color":"","background-image":"","background-repeat":"repeat","background-position":"center center","background-size":"auto","background-attachment":"scroll","background-type":"","background-media":"","overlay-type":"","overlay-color":"","overlay-opacity":"","overlay-gradient":""},"tablet":{"background-color":"","background-image":"","background-repeat":"repeat","background-position":"center center","background-size":"auto","background-attachment":"scroll","background-type":"","background-media":"","overlay-type":"","overlay-color":"","overlay-opacity":"","overlay-gradient":""},"mobile":{"background-color":"","background-image":"","background-repeat":"repeat","background-position":"center center","background-size":"auto","background-attachment":"scroll","background-type":"","background-media":"","overlay-type":"","overlay-color":"","overlay-opacity":"","overlay-gradient":""}},"ast-content-background-meta":{"desktop":{"background-color":"var(--ast-global-color-4)","background-image":"","background-repeat":"repeat","background-position":"center center","background-size":"auto","background-attachment":"scroll","background-type":"","background-media":"","overlay-type":"","overlay-color":"","overlay-opacity":"","overlay-gradient":""},"tablet":{"background-color":"var(--ast-global-color-4)","background-image":"","background-repeat":"repeat","background-position":"center center","background-size":"auto","background-attachment":"scroll","background-type":"","background-media":"","overlay-type":"","overlay-color":"","overlay-opacity":"","overlay-gradient":""},"mobile":{"background-color":"var(--ast-global-color-4)","background-image":"","background-repeat":"repeat","background-position":"center center","background-size":"auto","background-attachment":"scroll","background-type":"","background-media":"","overlay-type":"","overlay-color":"","overlay-opacity":"","overlay-gradient":""}}},"product_brand":[],"product_cat":[15],"product_tag":[],"class_list":{"0":"post-21910","1":"product","2":"type-product","3":"status-publish","4":"has-post-thumbnail","6":"product_cat-uncategorized","7":"desktop-align-left","8":"tablet-align-left","9":"mobile-align-left","11":"first","12":"instock","13":"shipping-taxable","14":"purchasable","15":"product-type-simple"},"acf":[],"yoast_head":"<!-- This site is optimized with the Yoast SEO plugin v27.0 - https:\/\/yoast.com\/product\/yoast-seo-wordpress\/ -->\n<title>Susipa\u017einkime - esu Teofilius<\/title>\n<meta name=\"description\" content=\"Ar tai tikrai paskutin\u0117s Teofiliaus Matulionio gyventos vietos \u2013 \u0160eduvos \u2013 namelio pal\u0117p\u0117je netik\u0117tai rasta autobiografija? Viskas atrodo taip autenti\u0161ka\" \/>\n<meta name=\"robots\" content=\"index, follow, max-snippet:-1, max-image-preview:large, max-video-preview:-1\" \/>\n<link rel=\"canonical\" href=\"https:\/\/skaitytaknyga.lt\/en\/produktas\/susipazinkime-esu-teofilius\/\" \/>\n<meta property=\"og:locale\" content=\"en_GB\" \/>\n<meta property=\"og:locale:alternate\" content=\"lt_LT\" \/>\n<meta property=\"og:type\" content=\"article\" \/>\n<meta property=\"og:title\" content=\"Susipa\u017einkime - esu Teofilius\" \/>\n<meta property=\"og:description\" content=\"Ar tai tikrai paskutin\u0117s Teofiliaus Matulionio gyventos vietos \u2013 \u0160eduvos \u2013 namelio pal\u0117p\u0117je netik\u0117tai rasta autobiografija? Viskas atrodo taip autenti\u0161ka\" \/>\n<meta property=\"og:url\" content=\"https:\/\/skaitytaknyga.lt\/en\/produktas\/susipazinkime-esu-teofilius\/\" \/>\n<meta property=\"og:site_name\" content=\"Skaitytaknyga\" \/>\n<meta property=\"article:publisher\" content=\"https:\/\/www.facebook.com\/skaitytaknyga\/\" \/>\n<meta property=\"article:modified_time\" content=\"2025-11-13T17:35:08+00:00\" \/>\n<meta property=\"og:image\" content=\"https:\/\/skaitytaknyga.lt\/wp-content\/uploads\/2025\/11\/Susipazinkime-esu-Teofilius-1.webp\" \/>\n\t<meta property=\"og:image:width\" content=\"300\" \/>\n\t<meta property=\"og:image:height\" content=\"449\" \/>\n\t<meta property=\"og:image:type\" content=\"image\/webp\" \/>\n<meta name=\"twitter:card\" content=\"summary_large_image\" \/>\n<meta name=\"twitter:label1\" content=\"Estimated reading time\" \/>\n\t<meta name=\"twitter:data1\" content=\"1 minute\" \/>\n<script type=\"application\/ld+json\" class=\"yoast-schema-graph\">{\"@context\":\"https:\/\/schema.org\",\"@graph\":[{\"@type\":\"WebPage\",\"@id\":\"https:\/\/skaitytaknyga.lt\/produktas\/susipazinkime-esu-teofilius\/\",\"url\":\"https:\/\/skaitytaknyga.lt\/produktas\/susipazinkime-esu-teofilius\/\",\"name\":\"Susipa\u017einkime - esu Teofilius\",\"isPartOf\":{\"@id\":\"https:\/\/skaitytaknyga.lt\/#website\"},\"primaryImageOfPage\":{\"@id\":\"https:\/\/skaitytaknyga.lt\/produktas\/susipazinkime-esu-teofilius\/#primaryimage\"},\"image\":{\"@id\":\"https:\/\/skaitytaknyga.lt\/produktas\/susipazinkime-esu-teofilius\/#primaryimage\"},\"thumbnailUrl\":\"https:\/\/skaitytaknyga.lt\/wp-content\/uploads\/2025\/11\/Susipazinkime-esu-Teofilius-1.webp\",\"datePublished\":\"2025-11-08T19:22:03+00:00\",\"dateModified\":\"2025-11-13T17:35:08+00:00\",\"description\":\"Ar tai tikrai paskutin\u0117s Teofiliaus Matulionio gyventos vietos \u2013 \u0160eduvos \u2013 namelio pal\u0117p\u0117je netik\u0117tai rasta autobiografija? Viskas atrodo taip autenti\u0161ka\",\"breadcrumb\":{\"@id\":\"https:\/\/skaitytaknyga.lt\/produktas\/susipazinkime-esu-teofilius\/#breadcrumb\"},\"inLanguage\":\"en-GB\",\"potentialAction\":[{\"@type\":\"ReadAction\",\"target\":[\"https:\/\/skaitytaknyga.lt\/produktas\/susipazinkime-esu-teofilius\/\"]}]},{\"@type\":\"ImageObject\",\"inLanguage\":\"en-GB\",\"@id\":\"https:\/\/skaitytaknyga.lt\/produktas\/susipazinkime-esu-teofilius\/#primaryimage\",\"url\":\"https:\/\/skaitytaknyga.lt\/wp-content\/uploads\/2025\/11\/Susipazinkime-esu-Teofilius-1.webp\",\"contentUrl\":\"https:\/\/skaitytaknyga.lt\/wp-content\/uploads\/2025\/11\/Susipazinkime-esu-Teofilius-1.webp\",\"width\":300,\"height\":449,\"caption\":\"Susipa\u017einkime - esu Teofilius\"},{\"@type\":\"BreadcrumbList\",\"@id\":\"https:\/\/skaitytaknyga.lt\/produktas\/susipazinkime-esu-teofilius\/#breadcrumb\",\"itemListElement\":[{\"@type\":\"ListItem\",\"position\":1,\"name\":\"Home\",\"item\":\"https:\/\/skaitytaknyga.lt\/\"},{\"@type\":\"ListItem\",\"position\":2,\"name\":\"Parduotuv\u0117\",\"item\":\"https:\/\/skaitytaknyga.lt\/knygu-parduotuve\/\"},{\"@type\":\"ListItem\",\"position\":3,\"name\":\"Susipa\u017einkime &#8211; esu Teofilius\"}]},{\"@type\":\"WebSite\",\"@id\":\"https:\/\/skaitytaknyga.lt\/#website\",\"url\":\"https:\/\/skaitytaknyga.lt\/\",\"name\":\"skaitytaknyga.lt\",\"description\":\"Skaitytaknyga.lt \u2013 tai ma\u017eas \u0161eimos verslas, kuris prasid\u0117jo nuo meil\u0117s knygoms ir siekio i\u0161gelb\u0117ti knygas nuo likimo prie konteinerio. Kas vienam nereikalingas daiktas \u2013 kitam lobis, o mes esame tarpininkai, kurie padeda abiems tapti laimingesniems ???? \u017dinome kaip nelengva i\u0161gyventi ma\u017eiems verslams, tad nuo \u0161iol, \u010dia rasite ir kit\u0173, ma\u017e\u0173 \u0161eim\u0173 versl\u0173, rank\u0173 darbo, dovan\u0173 sau ir artimiesiems.\",\"publisher\":{\"@id\":\"https:\/\/skaitytaknyga.lt\/#organization\"},\"potentialAction\":[{\"@type\":\"SearchAction\",\"target\":{\"@type\":\"EntryPoint\",\"urlTemplate\":\"https:\/\/skaitytaknyga.lt\/?s={search_term_string}\"},\"query-input\":{\"@type\":\"PropertyValueSpecification\",\"valueRequired\":true,\"valueName\":\"search_term_string\"}}],\"inLanguage\":\"en-GB\"},{\"@type\":\"Organization\",\"@id\":\"https:\/\/skaitytaknyga.lt\/#organization\",\"name\":\"skaitytaknyga.lt\",\"url\":\"https:\/\/skaitytaknyga.lt\/\",\"logo\":{\"@type\":\"ImageObject\",\"inLanguage\":\"en-GB\",\"@id\":\"https:\/\/skaitytaknyga.lt\/#\/schema\/logo\/image\/\",\"url\":\"https:\/\/skaitytaknyga.lt\/wp-content\/uploads\/2024\/05\/cropped-cropped-cropped-02_00843_jt3bggkj1j3HLc7SyY6rEUpg.jpeg\",\"contentUrl\":\"https:\/\/skaitytaknyga.lt\/wp-content\/uploads\/2024\/05\/cropped-cropped-cropped-02_00843_jt3bggkj1j3HLc7SyY6rEUpg.jpeg\",\"width\":1600,\"height\":1600,\"caption\":\"skaitytaknyga.lt\"},\"image\":{\"@id\":\"https:\/\/skaitytaknyga.lt\/#\/schema\/logo\/image\/\"},\"sameAs\":[\"https:\/\/www.facebook.com\/skaitytaknyga\/\"]}]}<\/script>\n<!-- \/ Yoast SEO plugin. -->","yoast_head_json":{"title":"Susipa\u017einkime - esu Teofilius","description":"Ar tai tikrai paskutin\u0117s Teofiliaus Matulionio gyventos vietos \u2013 \u0160eduvos \u2013 namelio pal\u0117p\u0117je netik\u0117tai rasta autobiografija? Viskas atrodo taip autenti\u0161ka","robots":{"index":"index","follow":"follow","max-snippet":"max-snippet:-1","max-image-preview":"max-image-preview:large","max-video-preview":"max-video-preview:-1"},"canonical":"https:\/\/skaitytaknyga.lt\/en\/produktas\/susipazinkime-esu-teofilius\/","og_locale":"en_GB","og_type":"article","og_title":"[:lt]Susipa\u017einkime - esu Teofilius[:] - Skaitytaknyga","og_description":"Ar tai tikrai paskutin\u0117s Teofiliaus Matulionio gyventos vietos \u2013 \u0160eduvos \u2013 namelio pal\u0117p\u0117je netik\u0117tai rasta autobiografija? Viskas atrodo taip autenti\u0161ka","og_url":"https:\/\/skaitytaknyga.lt\/en\/produktas\/susipazinkime-esu-teofilius\/","og_site_name":"Skaitytaknyga","article_publisher":"https:\/\/www.facebook.com\/skaitytaknyga\/","article_modified_time":"2025-11-13T17:35:08+00:00","og_image":[{"width":300,"height":449,"url":"https:\/\/skaitytaknyga.lt\/wp-content\/uploads\/2025\/11\/Susipazinkime-esu-Teofilius-1.webp","type":"image\/webp"}],"twitter_card":"summary_large_image","twitter_misc":{"Estimated reading time":"1 minute"},"schema":{"@context":"https:\/\/schema.org","@graph":[{"@type":"WebPage","@id":"https:\/\/skaitytaknyga.lt\/produktas\/susipazinkime-esu-teofilius\/","url":"https:\/\/skaitytaknyga.lt\/produktas\/susipazinkime-esu-teofilius\/","name":"Susipa\u017einkime - esu Teofilius","isPartOf":{"@id":"https:\/\/skaitytaknyga.lt\/#website"},"primaryImageOfPage":{"@id":"https:\/\/skaitytaknyga.lt\/produktas\/susipazinkime-esu-teofilius\/#primaryimage"},"image":{"@id":"https:\/\/skaitytaknyga.lt\/produktas\/susipazinkime-esu-teofilius\/#primaryimage"},"thumbnailUrl":"https:\/\/skaitytaknyga.lt\/wp-content\/uploads\/2025\/11\/Susipazinkime-esu-Teofilius-1.webp","datePublished":"2025-11-08T19:22:03+00:00","dateModified":"2025-11-13T17:35:08+00:00","description":"Ar tai tikrai paskutin\u0117s Teofiliaus Matulionio gyventos vietos \u2013 \u0160eduvos \u2013 namelio pal\u0117p\u0117je netik\u0117tai rasta autobiografija? Viskas atrodo taip autenti\u0161ka","breadcrumb":{"@id":"https:\/\/skaitytaknyga.lt\/produktas\/susipazinkime-esu-teofilius\/#breadcrumb"},"inLanguage":"en-GB","potentialAction":[{"@type":"ReadAction","target":["https:\/\/skaitytaknyga.lt\/produktas\/susipazinkime-esu-teofilius\/"]}]},{"@type":"ImageObject","inLanguage":"en-GB","@id":"https:\/\/skaitytaknyga.lt\/produktas\/susipazinkime-esu-teofilius\/#primaryimage","url":"https:\/\/skaitytaknyga.lt\/wp-content\/uploads\/2025\/11\/Susipazinkime-esu-Teofilius-1.webp","contentUrl":"https:\/\/skaitytaknyga.lt\/wp-content\/uploads\/2025\/11\/Susipazinkime-esu-Teofilius-1.webp","width":300,"height":449,"caption":"Susipa\u017einkime - esu Teofilius"},{"@type":"BreadcrumbList","@id":"https:\/\/skaitytaknyga.lt\/produktas\/susipazinkime-esu-teofilius\/#breadcrumb","itemListElement":[{"@type":"ListItem","position":1,"name":"Home","item":"https:\/\/skaitytaknyga.lt\/"},{"@type":"ListItem","position":2,"name":"Parduotuv\u0117","item":"https:\/\/skaitytaknyga.lt\/knygu-parduotuve\/"},{"@type":"ListItem","position":3,"name":"Susipa\u017einkime &#8211; esu Teofilius"}]},{"@type":"WebSite","@id":"https:\/\/skaitytaknyga.lt\/#website","url":"https:\/\/skaitytaknyga.lt\/","name":"skaitytaknyga.lt","description":"Skaitytaknyga.lt \u2013 tai ma\u017eas \u0161eimos verslas, kuris prasid\u0117jo nuo meil\u0117s knygoms ir siekio i\u0161gelb\u0117ti knygas nuo likimo prie konteinerio. Kas vienam nereikalingas daiktas \u2013 kitam lobis, o mes esame tarpininkai, kurie padeda abiems tapti laimingesniems ???? \u017dinome kaip nelengva i\u0161gyventi ma\u017eiems verslams, tad nuo \u0161iol, \u010dia rasite ir kit\u0173, ma\u017e\u0173 \u0161eim\u0173 versl\u0173, rank\u0173 darbo, dovan\u0173 sau ir artimiesiems.","publisher":{"@id":"https:\/\/skaitytaknyga.lt\/#organization"},"potentialAction":[{"@type":"SearchAction","target":{"@type":"EntryPoint","urlTemplate":"https:\/\/skaitytaknyga.lt\/?s={search_term_string}"},"query-input":{"@type":"PropertyValueSpecification","valueRequired":true,"valueName":"search_term_string"}}],"inLanguage":"en-GB"},{"@type":"Organization","@id":"https:\/\/skaitytaknyga.lt\/#organization","name":"skaitytaknyga.lt","url":"https:\/\/skaitytaknyga.lt\/","logo":{"@type":"ImageObject","inLanguage":"en-GB","@id":"https:\/\/skaitytaknyga.lt\/#\/schema\/logo\/image\/","url":"https:\/\/skaitytaknyga.lt\/wp-content\/uploads\/2024\/05\/cropped-cropped-cropped-02_00843_jt3bggkj1j3HLc7SyY6rEUpg.jpeg","contentUrl":"https:\/\/skaitytaknyga.lt\/wp-content\/uploads\/2024\/05\/cropped-cropped-cropped-02_00843_jt3bggkj1j3HLc7SyY6rEUpg.jpeg","width":1600,"height":1600,"caption":"skaitytaknyga.lt"},"image":{"@id":"https:\/\/skaitytaknyga.lt\/#\/schema\/logo\/image\/"},"sameAs":["https:\/\/www.facebook.com\/skaitytaknyga\/"]}]}},"_links":{"self":[{"href":"https:\/\/skaitytaknyga.lt\/en\/wp-json\/wp\/v2\/product\/21910","targetHints":{"allow":["GET"]}}],"collection":[{"href":"https:\/\/skaitytaknyga.lt\/en\/wp-json\/wp\/v2\/product"}],"about":[{"href":"https:\/\/skaitytaknyga.lt\/en\/wp-json\/wp\/v2\/types\/product"}],"replies":[{"embeddable":true,"href":"https:\/\/skaitytaknyga.lt\/en\/wp-json\/wp\/v2\/comments?post=21910"}],"wp:featuredmedia":[{"embeddable":true,"href":"https:\/\/skaitytaknyga.lt\/en\/wp-json\/wp\/v2\/media\/21916"}],"wp:attachment":[{"href":"https:\/\/skaitytaknyga.lt\/en\/wp-json\/wp\/v2\/media?parent=21910"}],"wp:term":[{"taxonomy":"product_brand","embeddable":true,"href":"https:\/\/skaitytaknyga.lt\/en\/wp-json\/wp\/v2\/product_brand?post=21910"},{"taxonomy":"product_cat","embeddable":true,"href":"https:\/\/skaitytaknyga.lt\/en\/wp-json\/wp\/v2\/product_cat?post=21910"},{"taxonomy":"product_tag","embeddable":true,"href":"https:\/\/skaitytaknyga.lt\/en\/wp-json\/wp\/v2\/product_tag?post=21910"}],"curies":[{"name":"wp","href":"https:\/\/api.w.org\/{rel}","templated":true}]}}