{"id":21888,"date":"2025-11-07T20:45:27","date_gmt":"2025-11-07T18:45:27","guid":{"rendered":"https:\/\/skaitytaknyga.lt\/?post_type=product&#038;p=21888"},"modified":"2025-11-13T19:34:46","modified_gmt":"2025-11-13T17:34:46","slug":"vakarykstes-dienos-sala","status":"publish","type":"product","link":"https:\/\/skaitytaknyga.lt\/en\/produktas\/vakarykstes-dienos-sala\/","title":{"rendered":"Vakaryk\u0161t\u0117s dienos sala"},"content":{"rendered":"<p>Umberto Eco (1932\u20132016) \u2013 ital\u0173 mokslininko semiotiko, meno ir literat\u016bros teoretiko, ra\u0161ytojo \u2013 tre\u010diasis romanas \u201eVakaryk\u0161t\u0117s dienos sala\u201c pasirod\u0117 1994 metais. <\/p>\n<p>Roberto de la Grivos, patyrusio laivo sudu\u017eim\u0105 ir stebuklingai i\u0161sigelb\u0117jusio kitame laive, nuotyki\u0173 istorija autoriui yra pretekstas gilintis \u012f baroko epochos (romano veiksmas vyksta XVII a. antrojoje pus\u0117je) literat\u016br\u0105, men\u0105, mokslines, filosofines bei teologines diskusijas ir j\u0173 ry\u0161\u012f su svarbiausiomis to meto id\u0117jomis bei \u012fvykiais, lemtingai keitusiais tolesn\u0119 Vakar\u0173 Europos istorijos ir kult\u016bros raid\u0105.<\/p>\n<p>\u0160iame romane, kaip b\u016bdinga U. Eco k\u016brybai, gausyb\u0117 nuorod\u0173, fakt\u0173 \u2013 nuo XVI\u2013XVII a. did\u017ei\u0173j\u0173 m\u0105stytoj\u0173, ra\u0161ytoj\u0173, meninink\u0173 iki nesunkiai atpa\u017e\u012fstam\u0173 n\u016bdienos pasaulio realij\u0173.<\/p>\n","protected":false},"excerpt":{"rendered":"<p>Umberto Eco (1932\u20132016) \u2013 ital\u0173 mokslininko semiotiko, meno ir literat\u016bros teoretiko, ra\u0161ytojo \u2013 tre\u010diasis romanas \u201eVakaryk\u0161t\u0117s dienos sala\u201c pasirod\u0117 1994 metais. Roberto de la Grivos, patyrusio laivo sudu\u017eim\u0105 ir stebuklingai i\u0161sigelb\u0117jusio kitame laive, nuotyki\u0173 istorija autoriui yra pretekstas gilintis \u012f baroko epochos (romano veiksmas vyksta XVII a. antrojoje pus\u0117je) literat\u016br\u0105, men\u0105, mokslines, filosofines bei teologines diskusijas ir j\u0173 ry\u0161\u012f su svarbiausiomis to meto id\u0117jomis bei \u012fvykiais, lemtingai keitusiais tolesn\u0119 Vakar\u0173 Europos istorijos ir kult\u016bros raid\u0105. \u0160iame romane, kaip b\u016bdinga U. Eco k\u016brybai, gausyb\u0117 nuorod\u0173, fakt\u0173 \u2013 nuo XVI\u2013XVII a. did\u017ei\u0173j\u0173 m\u0105stytoj\u0173, ra\u0161ytoj\u0173, meninink\u0173 iki nesunkiai atpa\u017e\u012fstam\u0173 n\u016bdienos pasaulio realij\u0173.<\/p>\n","protected":false},"featured_media":21895,"comment_status":"open","ping_status":"closed","template":"","meta":{"_acf_changed":false,"site-sidebar-layout":"default","site-content-layout":"","ast-site-content-layout":"default","site-content-style":"default","site-sidebar-style":"default","ast-global-header-display":"","ast-banner-title-visibility":"","ast-main-header-display":"","ast-hfb-above-header-display":"","ast-hfb-below-header-display":"","ast-hfb-mobile-header-display":"","site-post-title":"","ast-breadcrumbs-content":"","ast-featured-img":"","footer-sml-layout":"","ast-disable-related-posts":"","theme-transparent-header-meta":"","adv-header-id-meta":"","stick-header-meta":"","header-above-stick-meta":"","header-main-stick-meta":"","header-below-stick-meta":"","astra-migrate-meta-layouts":"default","ast-page-background-enabled":"default","ast-page-background-meta":{"desktop":{"background-color":"","background-image":"","background-repeat":"repeat","background-position":"center center","background-size":"auto","background-attachment":"scroll","background-type":"","background-media":"","overlay-type":"","overlay-color":"","overlay-opacity":"","overlay-gradient":""},"tablet":{"background-color":"","background-image":"","background-repeat":"repeat","background-position":"center center","background-size":"auto","background-attachment":"scroll","background-type":"","background-media":"","overlay-type":"","overlay-color":"","overlay-opacity":"","overlay-gradient":""},"mobile":{"background-color":"","background-image":"","background-repeat":"repeat","background-position":"center center","background-size":"auto","background-attachment":"scroll","background-type":"","background-media":"","overlay-type":"","overlay-color":"","overlay-opacity":"","overlay-gradient":""}},"ast-content-background-meta":{"desktop":{"background-color":"var(--ast-global-color-4)","background-image":"","background-repeat":"repeat","background-position":"center center","background-size":"auto","background-attachment":"scroll","background-type":"","background-media":"","overlay-type":"","overlay-color":"","overlay-opacity":"","overlay-gradient":""},"tablet":{"background-color":"var(--ast-global-color-4)","background-image":"","background-repeat":"repeat","background-position":"center center","background-size":"auto","background-attachment":"scroll","background-type":"","background-media":"","overlay-type":"","overlay-color":"","overlay-opacity":"","overlay-gradient":""},"mobile":{"background-color":"var(--ast-global-color-4)","background-image":"","background-repeat":"repeat","background-position":"center center","background-size":"auto","background-attachment":"scroll","background-type":"","background-media":"","overlay-type":"","overlay-color":"","overlay-opacity":"","overlay-gradient":""}}},"product_brand":[],"product_cat":[31],"product_tag":[],"class_list":{"0":"post-21888","1":"product","2":"type-product","3":"status-publish","4":"has-post-thumbnail","6":"product_cat-grozine-literatura","7":"desktop-align-left","8":"tablet-align-left","9":"mobile-align-left","11":"first","12":"instock","13":"shipping-taxable","14":"purchasable","15":"product-type-simple"},"acf":[],"yoast_head":"<!-- This site is optimized with the Yoast SEO plugin v27.0 - https:\/\/yoast.com\/product\/yoast-seo-wordpress\/ -->\n<title>Vakaryk\u0161t\u0117s dienos sala<\/title>\n<meta name=\"description\" content=\"Umberto Eco (1932\u20132016) \u2013 ital\u0173 mokslininko semiotiko, meno ir literat\u016bros teoretiko, ra\u0161ytojo \u2013 tre\u010diasis romanas \u201eVakaryk\u0161t\u0117s dienos sala\u201c pasirod\u0117 1994\" \/>\n<meta name=\"robots\" content=\"index, follow, max-snippet:-1, max-image-preview:large, max-video-preview:-1\" \/>\n<link rel=\"canonical\" href=\"https:\/\/skaitytaknyga.lt\/en\/produktas\/vakarykstes-dienos-sala\/\" \/>\n<meta property=\"og:locale\" content=\"en_GB\" \/>\n<meta property=\"og:locale:alternate\" content=\"lt_LT\" \/>\n<meta property=\"og:type\" content=\"article\" \/>\n<meta property=\"og:title\" content=\"Vakaryk\u0161t\u0117s dienos sala\" \/>\n<meta property=\"og:description\" content=\"Umberto Eco (1932\u20132016) \u2013 ital\u0173 mokslininko semiotiko, meno ir literat\u016bros teoretiko, ra\u0161ytojo \u2013 tre\u010diasis romanas \u201eVakaryk\u0161t\u0117s dienos sala\u201c pasirod\u0117 1994\" \/>\n<meta property=\"og:url\" content=\"https:\/\/skaitytaknyga.lt\/en\/produktas\/vakarykstes-dienos-sala\/\" \/>\n<meta property=\"og:site_name\" content=\"Skaitytaknyga\" \/>\n<meta property=\"article:publisher\" content=\"https:\/\/www.facebook.com\/skaitytaknyga\/\" \/>\n<meta property=\"article:modified_time\" content=\"2025-11-13T17:34:46+00:00\" \/>\n<meta property=\"og:image\" content=\"https:\/\/skaitytaknyga.lt\/wp-content\/uploads\/2025\/11\/Vakarykstes-dienos-sala-1.webp\" \/>\n\t<meta property=\"og:image:width\" content=\"300\" \/>\n\t<meta property=\"og:image:height\" content=\"453\" \/>\n\t<meta property=\"og:image:type\" content=\"image\/webp\" \/>\n<meta name=\"twitter:card\" content=\"summary_large_image\" \/>\n<meta name=\"twitter:label1\" content=\"Estimated reading time\" \/>\n\t<meta name=\"twitter:data1\" content=\"1 minute\" \/>\n<script type=\"application\/ld+json\" class=\"yoast-schema-graph\">{\"@context\":\"https:\/\/schema.org\",\"@graph\":[{\"@type\":\"WebPage\",\"@id\":\"https:\/\/skaitytaknyga.lt\/produktas\/vakarykstes-dienos-sala\/\",\"url\":\"https:\/\/skaitytaknyga.lt\/produktas\/vakarykstes-dienos-sala\/\",\"name\":\"Vakaryk\u0161t\u0117s dienos sala\",\"isPartOf\":{\"@id\":\"https:\/\/skaitytaknyga.lt\/#website\"},\"primaryImageOfPage\":{\"@id\":\"https:\/\/skaitytaknyga.lt\/produktas\/vakarykstes-dienos-sala\/#primaryimage\"},\"image\":{\"@id\":\"https:\/\/skaitytaknyga.lt\/produktas\/vakarykstes-dienos-sala\/#primaryimage\"},\"thumbnailUrl\":\"https:\/\/skaitytaknyga.lt\/wp-content\/uploads\/2025\/11\/Vakarykstes-dienos-sala-1.webp\",\"datePublished\":\"2025-11-07T18:45:27+00:00\",\"dateModified\":\"2025-11-13T17:34:46+00:00\",\"description\":\"Umberto Eco (1932\u20132016) \u2013 ital\u0173 mokslininko semiotiko, meno ir literat\u016bros teoretiko, ra\u0161ytojo \u2013 tre\u010diasis romanas \u201eVakaryk\u0161t\u0117s dienos sala\u201c pasirod\u0117 1994\",\"breadcrumb\":{\"@id\":\"https:\/\/skaitytaknyga.lt\/produktas\/vakarykstes-dienos-sala\/#breadcrumb\"},\"inLanguage\":\"en-GB\",\"potentialAction\":[{\"@type\":\"ReadAction\",\"target\":[\"https:\/\/skaitytaknyga.lt\/produktas\/vakarykstes-dienos-sala\/\"]}]},{\"@type\":\"ImageObject\",\"inLanguage\":\"en-GB\",\"@id\":\"https:\/\/skaitytaknyga.lt\/produktas\/vakarykstes-dienos-sala\/#primaryimage\",\"url\":\"https:\/\/skaitytaknyga.lt\/wp-content\/uploads\/2025\/11\/Vakarykstes-dienos-sala-1.webp\",\"contentUrl\":\"https:\/\/skaitytaknyga.lt\/wp-content\/uploads\/2025\/11\/Vakarykstes-dienos-sala-1.webp\",\"width\":300,\"height\":453,\"caption\":\"Vakaryk\u0161t\u0117s dienos sala (1)\"},{\"@type\":\"BreadcrumbList\",\"@id\":\"https:\/\/skaitytaknyga.lt\/produktas\/vakarykstes-dienos-sala\/#breadcrumb\",\"itemListElement\":[{\"@type\":\"ListItem\",\"position\":1,\"name\":\"Home\",\"item\":\"https:\/\/skaitytaknyga.lt\/\"},{\"@type\":\"ListItem\",\"position\":2,\"name\":\"Parduotuv\u0117\",\"item\":\"https:\/\/skaitytaknyga.lt\/knygu-parduotuve\/\"},{\"@type\":\"ListItem\",\"position\":3,\"name\":\"Vakaryk\u0161t\u0117s dienos sala\"}]},{\"@type\":\"WebSite\",\"@id\":\"https:\/\/skaitytaknyga.lt\/#website\",\"url\":\"https:\/\/skaitytaknyga.lt\/\",\"name\":\"skaitytaknyga.lt\",\"description\":\"Skaitytaknyga.lt \u2013 tai ma\u017eas \u0161eimos verslas, kuris prasid\u0117jo nuo meil\u0117s knygoms ir siekio i\u0161gelb\u0117ti knygas nuo likimo prie konteinerio. Kas vienam nereikalingas daiktas \u2013 kitam lobis, o mes esame tarpininkai, kurie padeda abiems tapti laimingesniems ???? \u017dinome kaip nelengva i\u0161gyventi ma\u017eiems verslams, tad nuo \u0161iol, \u010dia rasite ir kit\u0173, ma\u017e\u0173 \u0161eim\u0173 versl\u0173, rank\u0173 darbo, dovan\u0173 sau ir artimiesiems.\",\"publisher\":{\"@id\":\"https:\/\/skaitytaknyga.lt\/#organization\"},\"potentialAction\":[{\"@type\":\"SearchAction\",\"target\":{\"@type\":\"EntryPoint\",\"urlTemplate\":\"https:\/\/skaitytaknyga.lt\/?s={search_term_string}\"},\"query-input\":{\"@type\":\"PropertyValueSpecification\",\"valueRequired\":true,\"valueName\":\"search_term_string\"}}],\"inLanguage\":\"en-GB\"},{\"@type\":\"Organization\",\"@id\":\"https:\/\/skaitytaknyga.lt\/#organization\",\"name\":\"skaitytaknyga.lt\",\"url\":\"https:\/\/skaitytaknyga.lt\/\",\"logo\":{\"@type\":\"ImageObject\",\"inLanguage\":\"en-GB\",\"@id\":\"https:\/\/skaitytaknyga.lt\/#\/schema\/logo\/image\/\",\"url\":\"https:\/\/skaitytaknyga.lt\/wp-content\/uploads\/2024\/05\/cropped-cropped-cropped-02_00843_jt3bggkj1j3HLc7SyY6rEUpg.jpeg\",\"contentUrl\":\"https:\/\/skaitytaknyga.lt\/wp-content\/uploads\/2024\/05\/cropped-cropped-cropped-02_00843_jt3bggkj1j3HLc7SyY6rEUpg.jpeg\",\"width\":1600,\"height\":1600,\"caption\":\"skaitytaknyga.lt\"},\"image\":{\"@id\":\"https:\/\/skaitytaknyga.lt\/#\/schema\/logo\/image\/\"},\"sameAs\":[\"https:\/\/www.facebook.com\/skaitytaknyga\/\"]}]}<\/script>\n<!-- \/ Yoast SEO plugin. -->","yoast_head_json":{"title":"Vakaryk\u0161t\u0117s dienos sala","description":"Umberto Eco (1932\u20132016) \u2013 ital\u0173 mokslininko semiotiko, meno ir literat\u016bros teoretiko, ra\u0161ytojo \u2013 tre\u010diasis romanas \u201eVakaryk\u0161t\u0117s dienos sala\u201c pasirod\u0117 1994","robots":{"index":"index","follow":"follow","max-snippet":"max-snippet:-1","max-image-preview":"max-image-preview:large","max-video-preview":"max-video-preview:-1"},"canonical":"https:\/\/skaitytaknyga.lt\/en\/produktas\/vakarykstes-dienos-sala\/","og_locale":"en_GB","og_type":"article","og_title":"[:lt]Vakaryk\u0161t\u0117s dienos sala[:] - Skaitytaknyga","og_description":"Umberto Eco (1932\u20132016) \u2013 ital\u0173 mokslininko semiotiko, meno ir literat\u016bros teoretiko, ra\u0161ytojo \u2013 tre\u010diasis romanas \u201eVakaryk\u0161t\u0117s dienos sala\u201c pasirod\u0117 1994","og_url":"https:\/\/skaitytaknyga.lt\/en\/produktas\/vakarykstes-dienos-sala\/","og_site_name":"Skaitytaknyga","article_publisher":"https:\/\/www.facebook.com\/skaitytaknyga\/","article_modified_time":"2025-11-13T17:34:46+00:00","og_image":[{"width":300,"height":453,"url":"https:\/\/skaitytaknyga.lt\/wp-content\/uploads\/2025\/11\/Vakarykstes-dienos-sala-1.webp","type":"image\/webp"}],"twitter_card":"summary_large_image","twitter_misc":{"Estimated reading time":"1 minute"},"schema":{"@context":"https:\/\/schema.org","@graph":[{"@type":"WebPage","@id":"https:\/\/skaitytaknyga.lt\/produktas\/vakarykstes-dienos-sala\/","url":"https:\/\/skaitytaknyga.lt\/produktas\/vakarykstes-dienos-sala\/","name":"Vakaryk\u0161t\u0117s dienos sala","isPartOf":{"@id":"https:\/\/skaitytaknyga.lt\/#website"},"primaryImageOfPage":{"@id":"https:\/\/skaitytaknyga.lt\/produktas\/vakarykstes-dienos-sala\/#primaryimage"},"image":{"@id":"https:\/\/skaitytaknyga.lt\/produktas\/vakarykstes-dienos-sala\/#primaryimage"},"thumbnailUrl":"https:\/\/skaitytaknyga.lt\/wp-content\/uploads\/2025\/11\/Vakarykstes-dienos-sala-1.webp","datePublished":"2025-11-07T18:45:27+00:00","dateModified":"2025-11-13T17:34:46+00:00","description":"Umberto Eco (1932\u20132016) \u2013 ital\u0173 mokslininko semiotiko, meno ir literat\u016bros teoretiko, ra\u0161ytojo \u2013 tre\u010diasis romanas \u201eVakaryk\u0161t\u0117s dienos sala\u201c pasirod\u0117 1994","breadcrumb":{"@id":"https:\/\/skaitytaknyga.lt\/produktas\/vakarykstes-dienos-sala\/#breadcrumb"},"inLanguage":"en-GB","potentialAction":[{"@type":"ReadAction","target":["https:\/\/skaitytaknyga.lt\/produktas\/vakarykstes-dienos-sala\/"]}]},{"@type":"ImageObject","inLanguage":"en-GB","@id":"https:\/\/skaitytaknyga.lt\/produktas\/vakarykstes-dienos-sala\/#primaryimage","url":"https:\/\/skaitytaknyga.lt\/wp-content\/uploads\/2025\/11\/Vakarykstes-dienos-sala-1.webp","contentUrl":"https:\/\/skaitytaknyga.lt\/wp-content\/uploads\/2025\/11\/Vakarykstes-dienos-sala-1.webp","width":300,"height":453,"caption":"Vakaryk\u0161t\u0117s dienos sala (1)"},{"@type":"BreadcrumbList","@id":"https:\/\/skaitytaknyga.lt\/produktas\/vakarykstes-dienos-sala\/#breadcrumb","itemListElement":[{"@type":"ListItem","position":1,"name":"Home","item":"https:\/\/skaitytaknyga.lt\/"},{"@type":"ListItem","position":2,"name":"Parduotuv\u0117","item":"https:\/\/skaitytaknyga.lt\/knygu-parduotuve\/"},{"@type":"ListItem","position":3,"name":"Vakaryk\u0161t\u0117s dienos sala"}]},{"@type":"WebSite","@id":"https:\/\/skaitytaknyga.lt\/#website","url":"https:\/\/skaitytaknyga.lt\/","name":"skaitytaknyga.lt","description":"Skaitytaknyga.lt \u2013 tai ma\u017eas \u0161eimos verslas, kuris prasid\u0117jo nuo meil\u0117s knygoms ir siekio i\u0161gelb\u0117ti knygas nuo likimo prie konteinerio. Kas vienam nereikalingas daiktas \u2013 kitam lobis, o mes esame tarpininkai, kurie padeda abiems tapti laimingesniems ???? \u017dinome kaip nelengva i\u0161gyventi ma\u017eiems verslams, tad nuo \u0161iol, \u010dia rasite ir kit\u0173, ma\u017e\u0173 \u0161eim\u0173 versl\u0173, rank\u0173 darbo, dovan\u0173 sau ir artimiesiems.","publisher":{"@id":"https:\/\/skaitytaknyga.lt\/#organization"},"potentialAction":[{"@type":"SearchAction","target":{"@type":"EntryPoint","urlTemplate":"https:\/\/skaitytaknyga.lt\/?s={search_term_string}"},"query-input":{"@type":"PropertyValueSpecification","valueRequired":true,"valueName":"search_term_string"}}],"inLanguage":"en-GB"},{"@type":"Organization","@id":"https:\/\/skaitytaknyga.lt\/#organization","name":"skaitytaknyga.lt","url":"https:\/\/skaitytaknyga.lt\/","logo":{"@type":"ImageObject","inLanguage":"en-GB","@id":"https:\/\/skaitytaknyga.lt\/#\/schema\/logo\/image\/","url":"https:\/\/skaitytaknyga.lt\/wp-content\/uploads\/2024\/05\/cropped-cropped-cropped-02_00843_jt3bggkj1j3HLc7SyY6rEUpg.jpeg","contentUrl":"https:\/\/skaitytaknyga.lt\/wp-content\/uploads\/2024\/05\/cropped-cropped-cropped-02_00843_jt3bggkj1j3HLc7SyY6rEUpg.jpeg","width":1600,"height":1600,"caption":"skaitytaknyga.lt"},"image":{"@id":"https:\/\/skaitytaknyga.lt\/#\/schema\/logo\/image\/"},"sameAs":["https:\/\/www.facebook.com\/skaitytaknyga\/"]}]}},"_links":{"self":[{"href":"https:\/\/skaitytaknyga.lt\/en\/wp-json\/wp\/v2\/product\/21888","targetHints":{"allow":["GET"]}}],"collection":[{"href":"https:\/\/skaitytaknyga.lt\/en\/wp-json\/wp\/v2\/product"}],"about":[{"href":"https:\/\/skaitytaknyga.lt\/en\/wp-json\/wp\/v2\/types\/product"}],"replies":[{"embeddable":true,"href":"https:\/\/skaitytaknyga.lt\/en\/wp-json\/wp\/v2\/comments?post=21888"}],"wp:featuredmedia":[{"embeddable":true,"href":"https:\/\/skaitytaknyga.lt\/en\/wp-json\/wp\/v2\/media\/21895"}],"wp:attachment":[{"href":"https:\/\/skaitytaknyga.lt\/en\/wp-json\/wp\/v2\/media?parent=21888"}],"wp:term":[{"taxonomy":"product_brand","embeddable":true,"href":"https:\/\/skaitytaknyga.lt\/en\/wp-json\/wp\/v2\/product_brand?post=21888"},{"taxonomy":"product_cat","embeddable":true,"href":"https:\/\/skaitytaknyga.lt\/en\/wp-json\/wp\/v2\/product_cat?post=21888"},{"taxonomy":"product_tag","embeddable":true,"href":"https:\/\/skaitytaknyga.lt\/en\/wp-json\/wp\/v2\/product_tag?post=21888"}],"curies":[{"name":"wp","href":"https:\/\/api.w.org\/{rel}","templated":true}]}}