{"id":21887,"date":"2025-11-07T20:45:27","date_gmt":"2025-11-07T18:45:27","guid":{"rendered":"https:\/\/skaitytaknyga.lt\/?post_type=product&#038;p=21887"},"modified":"2026-03-05T11:23:36","modified_gmt":"2026-03-05T09:23:36","slug":"veneros-plaukas","status":"publish","type":"product","link":"https:\/\/skaitytaknyga.lt\/en\/produktas\/veneros-plaukas\/","title":{"rendered":"Veneros plaukas"},"content":{"rendered":"<p>I\u0161 pa\u017ei\u016bros nesud\u0117tingas siu\u017eetas \u2013 keturios istorijos aud\u017eia romano menin\u012f pasaul\u012f: \u0160veicarijoje prieglobs\u010dio siekian\u010di\u0173 pab\u0117g\u0117li\u0173 istorijos, pasakojamos rus\u0173 kalbos vert\u0117jui-vertikui; pastarojo meil\u0117s istorija Italijoje; lai\u0161kai s\u016bnui, kuriuose atsispindi ir mitologiniai, istoriniai pasauliai, cituojami i\u0161 vertiko skaitom\u0173 knyg\u0173; ir Izabelos, daininink\u0117s, kurios biografij\u0105 jis nor\u0117j\u0119s para\u0161yti, dienora\u0161\u010diai.<\/p>\n<p>\u012edomu tai, kad visos \u0161ios istorijos, daugiau ar ma\u017eiau, turi antr\u0105 \u2013 autobiografin\u012f \u2013 dugn\u0105. O autoriui b\u016bdingas prozos \u017eodingumas, muzikalumas ir plastika, tir\u0161tas psichologizmas, lyginami su Ivano Bunino, Vladimiro Nabokovo stiliais, romane Veneros plaukas ve\u0161\u0117te ve\u0161i, be to, atsklinda Jameso Joyce&#8217;o Uliso ribuliai.<\/p>\n<p>Tai antrasis Michailo \u0160i\u0161kino romanas lietuvi\u0173 kalba (pirmas, \u201eLai\u0161k\u0173 knyga\u201c, pasirod\u0117 2012, \u201eVaga\u201c). 2005 m. Veneros plaukas peln\u0117 paradoksaliausios literat\u016brin\u0117s premijos \u2013 \u201eNacionalinio bestselerio\u201c, o 2006 m. \u2013 \u201eDid\u017eiosios knygos\u201c tre\u010diosios vietos apdovanojimus.<\/p>\n<p>\u201ePas mus \u2013 kambarinis augalas, be \u017emogaus \u0161ilumos nei\u0161gyvent\u0173, o \u010dia pikt\u017eol\u0117. Tad \u0161tai, mirusia kalba, \u012fvardijan\u010dia tai, kas gyva, tai Adiantum capillus veneris. Adiant\u0173 genties \u017eolynas papartynas. Veneros plaukas. Gyvyb\u0117s dievas. Palengva si\u016bruoja v\u0117jyje. Tartum link\u010diot\u0173, taip taip, taip ir yra: tai mano \u0161ventykla, mano \u017eem\u0117, mano v\u0117jas, mano gyvenimas. \u017dolyn\u0173 \u017eolynas.<\/p>\n<p>Augau \u010dia iki j\u016bs\u0173 Am\u017einojo miesto ir po jo augsiu. O tuos barzdotus su apsiautalais, sugalvojusius kalt\u0105 prasid\u0117jim\u0105, pai\u0161ykite, lipdykite kiek tinkami. A\u0161 peraugsiu kiaurai j\u016bs\u0173 drobes, prasimu\u0161iu pro vis\u0105 j\u016bs\u0173 marmur\u0105. A\u0161 ant kiekvienos Forumo griuv\u0117si\u0173 nuolau\u017eos ir po kiekviena plyta po karkleliais. O kur man\u0119s nematyti, ten mano vaisiadulk\u0117s. Ten, kur man\u0119s n\u0117ra, a\u0161 buvau ir b\u016bsiu. A\u0161 ten, kur j\u016bs.\u201c<\/p>\n","protected":false},"excerpt":{"rendered":"<p>I\u0161 pa\u017ei\u016bros nesud\u0117tingas siu\u017eetas \u2013 keturios istorijos aud\u017eia romano menin\u012f pasaul\u012f: \u0160veicarijoje prieglobs\u010dio siekian\u010di\u0173 pab\u0117g\u0117li\u0173 istorijos, pasakojamos rus\u0173 kalbos vert\u0117jui-vertikui; pastarojo meil\u0117s istorija Italijoje; lai\u0161kai s\u016bnui, kuriuose atsispindi ir mitologiniai, istoriniai pasauliai, cituojami i\u0161 vertiko skaitom\u0173 knyg\u0173; ir Izabelos, daininink\u0117s, kurios biografij\u0105 jis nor\u0117j\u0119s para\u0161yti, dienora\u0161\u010diai. \u012edomu tai, kad visos \u0161ios istorijos, daugiau ar ma\u017eiau, turi antr\u0105 \u2013 autobiografin\u012f \u2013 dugn\u0105. O autoriui b\u016bdingas prozos \u017eodingumas, muzikalumas ir plastika, tir\u0161tas psichologizmas, lyginami su Ivano Bunino, Vladimiro Nabokovo stiliais, romane Veneros plaukas ve\u0161\u0117te ve\u0161i, be to, atsklinda Jameso Joyce&#8217;o Uliso ribuliai. Tai antrasis Michailo \u0160i\u0161kino romanas lietuvi\u0173 kalba (pirmas, \u201eLai\u0161k\u0173 knyga\u201c, pasirod\u0117 2012, \u201eVaga\u201c). 2005 m. Veneros plaukas peln\u0117 paradoksaliausios literat\u016brin\u0117s premijos \u2013 \u201eNacionalinio bestselerio\u201c, o 2006 m. \u2013 \u201eDid\u017eiosios knygos\u201c tre\u010diosios vietos apdovanojimus. \u201ePas mus \u2013 kambarinis augalas, be \u017emogaus \u0161ilumos nei\u0161gyvent\u0173, o \u010dia pikt\u017eol\u0117. Tad \u0161tai, mirusia kalba, \u012fvardijan\u010dia tai, kas gyva, tai Adiantum capillus veneris. Adiant\u0173 genties \u017eolynas papartynas. Veneros plaukas. Gyvyb\u0117s dievas. Palengva si\u016bruoja v\u0117jyje. Tartum link\u010diot\u0173, taip taip, taip ir yra: tai mano \u0161ventykla, mano \u017eem\u0117, mano v\u0117jas, mano gyvenimas. \u017dolyn\u0173 \u017eolynas. Augau \u010dia iki j\u016bs\u0173 Am\u017einojo miesto ir po jo augsiu. O tuos barzdotus su apsiautalais, sugalvojusius kalt\u0105 prasid\u0117jim\u0105, pai\u0161ykite, lipdykite kiek tinkami. A\u0161 peraugsiu kiaurai j\u016bs\u0173 drobes, prasimu\u0161iu pro vis\u0105 j\u016bs\u0173 marmur\u0105. A\u0161 ant kiekvienos Forumo griuv\u0117si\u0173 nuolau\u017eos ir po kiekviena plyta po karkleliais. O kur man\u0119s nematyti, ten mano vaisiadulk\u0117s. Ten, kur man\u0119s n\u0117ra, a\u0161 buvau ir b\u016bsiu. A\u0161 ten, kur j\u016bs.\u201c<\/p>\n","protected":false},"featured_media":21894,"comment_status":"open","ping_status":"closed","template":"","meta":{"_acf_changed":false,"site-sidebar-layout":"default","site-content-layout":"","ast-site-content-layout":"default","site-content-style":"default","site-sidebar-style":"default","ast-global-header-display":"","ast-banner-title-visibility":"","ast-main-header-display":"","ast-hfb-above-header-display":"","ast-hfb-below-header-display":"","ast-hfb-mobile-header-display":"","site-post-title":"","ast-breadcrumbs-content":"","ast-featured-img":"","footer-sml-layout":"","ast-disable-related-posts":"","theme-transparent-header-meta":"","adv-header-id-meta":"","stick-header-meta":"","header-above-stick-meta":"","header-main-stick-meta":"","header-below-stick-meta":"","astra-migrate-meta-layouts":"default","ast-page-background-enabled":"default","ast-page-background-meta":{"desktop":{"background-color":"","background-image":"","background-repeat":"repeat","background-position":"center center","background-size":"auto","background-attachment":"scroll","background-type":"","background-media":"","overlay-type":"","overlay-color":"","overlay-opacity":"","overlay-gradient":""},"tablet":{"background-color":"","background-image":"","background-repeat":"repeat","background-position":"center center","background-size":"auto","background-attachment":"scroll","background-type":"","background-media":"","overlay-type":"","overlay-color":"","overlay-opacity":"","overlay-gradient":""},"mobile":{"background-color":"","background-image":"","background-repeat":"repeat","background-position":"center center","background-size":"auto","background-attachment":"scroll","background-type":"","background-media":"","overlay-type":"","overlay-color":"","overlay-opacity":"","overlay-gradient":""}},"ast-content-background-meta":{"desktop":{"background-color":"var(--ast-global-color-4)","background-image":"","background-repeat":"repeat","background-position":"center center","background-size":"auto","background-attachment":"scroll","background-type":"","background-media":"","overlay-type":"","overlay-color":"","overlay-opacity":"","overlay-gradient":""},"tablet":{"background-color":"var(--ast-global-color-4)","background-image":"","background-repeat":"repeat","background-position":"center center","background-size":"auto","background-attachment":"scroll","background-type":"","background-media":"","overlay-type":"","overlay-color":"","overlay-opacity":"","overlay-gradient":""},"mobile":{"background-color":"var(--ast-global-color-4)","background-image":"","background-repeat":"repeat","background-position":"center center","background-size":"auto","background-attachment":"scroll","background-type":"","background-media":"","overlay-type":"","overlay-color":"","overlay-opacity":"","overlay-gradient":""}}},"product_brand":[],"product_cat":[15],"product_tag":[],"class_list":{"0":"post-21887","1":"product","2":"type-product","3":"status-publish","4":"has-post-thumbnail","6":"product_cat-uncategorized","7":"desktop-align-left","8":"tablet-align-left","9":"mobile-align-left","11":"first","12":"instock","13":"shipping-taxable","14":"purchasable","15":"product-type-simple"},"acf":[],"yoast_head":"<!-- This site is optimized with the Yoast SEO plugin v27.0 - https:\/\/yoast.com\/product\/yoast-seo-wordpress\/ -->\n<title>Veneros plaukas<\/title>\n<meta name=\"description\" content=\"I\u0161 pa\u017ei\u016bros nesud\u0117tingas siu\u017eetas \u2013 keturios istorijos aud\u017eia romano menin\u012f pasaul\u012f: \u0160veicarijoje prieglobs\u010dio siekian\u010di\u0173 pab\u0117g\u0117li\u0173 istorijos, pasakojamos\" \/>\n<meta name=\"robots\" content=\"index, follow, max-snippet:-1, max-image-preview:large, max-video-preview:-1\" \/>\n<link rel=\"canonical\" href=\"https:\/\/skaitytaknyga.lt\/en\/produktas\/veneros-plaukas\/\" \/>\n<meta property=\"og:locale\" content=\"en_GB\" \/>\n<meta property=\"og:locale:alternate\" content=\"lt_LT\" \/>\n<meta property=\"og:type\" content=\"article\" \/>\n<meta property=\"og:title\" content=\"Veneros plaukas\" \/>\n<meta property=\"og:description\" content=\"I\u0161 pa\u017ei\u016bros nesud\u0117tingas siu\u017eetas \u2013 keturios istorijos aud\u017eia romano menin\u012f pasaul\u012f: \u0160veicarijoje prieglobs\u010dio siekian\u010di\u0173 pab\u0117g\u0117li\u0173 istorijos, pasakojamos\" \/>\n<meta property=\"og:url\" content=\"https:\/\/skaitytaknyga.lt\/en\/produktas\/veneros-plaukas\/\" \/>\n<meta property=\"og:site_name\" content=\"Skaitytaknyga\" \/>\n<meta property=\"article:publisher\" content=\"https:\/\/www.facebook.com\/skaitytaknyga\/\" \/>\n<meta property=\"article:modified_time\" content=\"2026-03-05T09:23:36+00:00\" \/>\n<meta property=\"og:image\" content=\"https:\/\/skaitytaknyga.lt\/wp-content\/uploads\/2025\/11\/Veneros-plaukas-1.webp\" \/>\n\t<meta property=\"og:image:width\" content=\"300\" \/>\n\t<meta property=\"og:image:height\" content=\"454\" \/>\n\t<meta property=\"og:image:type\" content=\"image\/webp\" \/>\n<meta name=\"twitter:card\" content=\"summary_large_image\" \/>\n<meta name=\"twitter:label1\" content=\"Estimated reading time\" \/>\n\t<meta name=\"twitter:data1\" content=\"1 minute\" \/>\n<script type=\"application\/ld+json\" class=\"yoast-schema-graph\">{\"@context\":\"https:\/\/schema.org\",\"@graph\":[{\"@type\":\"WebPage\",\"@id\":\"https:\/\/skaitytaknyga.lt\/produktas\/veneros-plaukas\/\",\"url\":\"https:\/\/skaitytaknyga.lt\/produktas\/veneros-plaukas\/\",\"name\":\"Veneros plaukas\",\"isPartOf\":{\"@id\":\"https:\/\/skaitytaknyga.lt\/#website\"},\"primaryImageOfPage\":{\"@id\":\"https:\/\/skaitytaknyga.lt\/produktas\/veneros-plaukas\/#primaryimage\"},\"image\":{\"@id\":\"https:\/\/skaitytaknyga.lt\/produktas\/veneros-plaukas\/#primaryimage\"},\"thumbnailUrl\":\"https:\/\/skaitytaknyga.lt\/wp-content\/uploads\/2025\/11\/Veneros-plaukas-1.webp\",\"datePublished\":\"2025-11-07T18:45:27+00:00\",\"dateModified\":\"2026-03-05T09:23:36+00:00\",\"description\":\"I\u0161 pa\u017ei\u016bros nesud\u0117tingas siu\u017eetas \u2013 keturios istorijos aud\u017eia romano menin\u012f pasaul\u012f: \u0160veicarijoje prieglobs\u010dio siekian\u010di\u0173 pab\u0117g\u0117li\u0173 istorijos, pasakojamos\",\"breadcrumb\":{\"@id\":\"https:\/\/skaitytaknyga.lt\/produktas\/veneros-plaukas\/#breadcrumb\"},\"inLanguage\":\"en-GB\",\"potentialAction\":[{\"@type\":\"ReadAction\",\"target\":[\"https:\/\/skaitytaknyga.lt\/produktas\/veneros-plaukas\/\"]}]},{\"@type\":\"ImageObject\",\"inLanguage\":\"en-GB\",\"@id\":\"https:\/\/skaitytaknyga.lt\/produktas\/veneros-plaukas\/#primaryimage\",\"url\":\"https:\/\/skaitytaknyga.lt\/wp-content\/uploads\/2025\/11\/Veneros-plaukas-1.webp\",\"contentUrl\":\"https:\/\/skaitytaknyga.lt\/wp-content\/uploads\/2025\/11\/Veneros-plaukas-1.webp\",\"width\":300,\"height\":454,\"caption\":\"Veneros plaukas\"},{\"@type\":\"BreadcrumbList\",\"@id\":\"https:\/\/skaitytaknyga.lt\/produktas\/veneros-plaukas\/#breadcrumb\",\"itemListElement\":[{\"@type\":\"ListItem\",\"position\":1,\"name\":\"Home\",\"item\":\"https:\/\/skaitytaknyga.lt\/\"},{\"@type\":\"ListItem\",\"position\":2,\"name\":\"Parduotuv\u0117\",\"item\":\"https:\/\/skaitytaknyga.lt\/knygu-parduotuve\/\"},{\"@type\":\"ListItem\",\"position\":3,\"name\":\"Veneros plaukas\"}]},{\"@type\":\"WebSite\",\"@id\":\"https:\/\/skaitytaknyga.lt\/#website\",\"url\":\"https:\/\/skaitytaknyga.lt\/\",\"name\":\"skaitytaknyga.lt\",\"description\":\"Skaitytaknyga.lt \u2013 tai ma\u017eas \u0161eimos verslas, kuris prasid\u0117jo nuo meil\u0117s knygoms ir siekio i\u0161gelb\u0117ti knygas nuo likimo prie konteinerio. Kas vienam nereikalingas daiktas \u2013 kitam lobis, o mes esame tarpininkai, kurie padeda abiems tapti laimingesniems ???? \u017dinome kaip nelengva i\u0161gyventi ma\u017eiems verslams, tad nuo \u0161iol, \u010dia rasite ir kit\u0173, ma\u017e\u0173 \u0161eim\u0173 versl\u0173, rank\u0173 darbo, dovan\u0173 sau ir artimiesiems.\",\"publisher\":{\"@id\":\"https:\/\/skaitytaknyga.lt\/#organization\"},\"potentialAction\":[{\"@type\":\"SearchAction\",\"target\":{\"@type\":\"EntryPoint\",\"urlTemplate\":\"https:\/\/skaitytaknyga.lt\/?s={search_term_string}\"},\"query-input\":{\"@type\":\"PropertyValueSpecification\",\"valueRequired\":true,\"valueName\":\"search_term_string\"}}],\"inLanguage\":\"en-GB\"},{\"@type\":\"Organization\",\"@id\":\"https:\/\/skaitytaknyga.lt\/#organization\",\"name\":\"skaitytaknyga.lt\",\"url\":\"https:\/\/skaitytaknyga.lt\/\",\"logo\":{\"@type\":\"ImageObject\",\"inLanguage\":\"en-GB\",\"@id\":\"https:\/\/skaitytaknyga.lt\/#\/schema\/logo\/image\/\",\"url\":\"https:\/\/skaitytaknyga.lt\/wp-content\/uploads\/2024\/05\/cropped-cropped-cropped-02_00843_jt3bggkj1j3HLc7SyY6rEUpg.jpeg\",\"contentUrl\":\"https:\/\/skaitytaknyga.lt\/wp-content\/uploads\/2024\/05\/cropped-cropped-cropped-02_00843_jt3bggkj1j3HLc7SyY6rEUpg.jpeg\",\"width\":1600,\"height\":1600,\"caption\":\"skaitytaknyga.lt\"},\"image\":{\"@id\":\"https:\/\/skaitytaknyga.lt\/#\/schema\/logo\/image\/\"},\"sameAs\":[\"https:\/\/www.facebook.com\/skaitytaknyga\/\"]}]}<\/script>\n<!-- \/ Yoast SEO plugin. -->","yoast_head_json":{"title":"Veneros plaukas","description":"I\u0161 pa\u017ei\u016bros nesud\u0117tingas siu\u017eetas \u2013 keturios istorijos aud\u017eia romano menin\u012f pasaul\u012f: \u0160veicarijoje prieglobs\u010dio siekian\u010di\u0173 pab\u0117g\u0117li\u0173 istorijos, pasakojamos","robots":{"index":"index","follow":"follow","max-snippet":"max-snippet:-1","max-image-preview":"max-image-preview:large","max-video-preview":"max-video-preview:-1"},"canonical":"https:\/\/skaitytaknyga.lt\/en\/produktas\/veneros-plaukas\/","og_locale":"en_GB","og_type":"article","og_title":"[:lt]Veneros plaukas[:] - Skaitytaknyga","og_description":"I\u0161 pa\u017ei\u016bros nesud\u0117tingas siu\u017eetas \u2013 keturios istorijos aud\u017eia romano menin\u012f pasaul\u012f: \u0160veicarijoje prieglobs\u010dio siekian\u010di\u0173 pab\u0117g\u0117li\u0173 istorijos, pasakojamos","og_url":"https:\/\/skaitytaknyga.lt\/en\/produktas\/veneros-plaukas\/","og_site_name":"Skaitytaknyga","article_publisher":"https:\/\/www.facebook.com\/skaitytaknyga\/","article_modified_time":"2026-03-05T09:23:36+00:00","og_image":[{"width":300,"height":454,"url":"https:\/\/skaitytaknyga.lt\/wp-content\/uploads\/2025\/11\/Veneros-plaukas-1.webp","type":"image\/webp"}],"twitter_card":"summary_large_image","twitter_misc":{"Estimated reading time":"1 minute"},"schema":{"@context":"https:\/\/schema.org","@graph":[{"@type":"WebPage","@id":"https:\/\/skaitytaknyga.lt\/produktas\/veneros-plaukas\/","url":"https:\/\/skaitytaknyga.lt\/produktas\/veneros-plaukas\/","name":"Veneros plaukas","isPartOf":{"@id":"https:\/\/skaitytaknyga.lt\/#website"},"primaryImageOfPage":{"@id":"https:\/\/skaitytaknyga.lt\/produktas\/veneros-plaukas\/#primaryimage"},"image":{"@id":"https:\/\/skaitytaknyga.lt\/produktas\/veneros-plaukas\/#primaryimage"},"thumbnailUrl":"https:\/\/skaitytaknyga.lt\/wp-content\/uploads\/2025\/11\/Veneros-plaukas-1.webp","datePublished":"2025-11-07T18:45:27+00:00","dateModified":"2026-03-05T09:23:36+00:00","description":"I\u0161 pa\u017ei\u016bros nesud\u0117tingas siu\u017eetas \u2013 keturios istorijos aud\u017eia romano menin\u012f pasaul\u012f: \u0160veicarijoje prieglobs\u010dio siekian\u010di\u0173 pab\u0117g\u0117li\u0173 istorijos, pasakojamos","breadcrumb":{"@id":"https:\/\/skaitytaknyga.lt\/produktas\/veneros-plaukas\/#breadcrumb"},"inLanguage":"en-GB","potentialAction":[{"@type":"ReadAction","target":["https:\/\/skaitytaknyga.lt\/produktas\/veneros-plaukas\/"]}]},{"@type":"ImageObject","inLanguage":"en-GB","@id":"https:\/\/skaitytaknyga.lt\/produktas\/veneros-plaukas\/#primaryimage","url":"https:\/\/skaitytaknyga.lt\/wp-content\/uploads\/2025\/11\/Veneros-plaukas-1.webp","contentUrl":"https:\/\/skaitytaknyga.lt\/wp-content\/uploads\/2025\/11\/Veneros-plaukas-1.webp","width":300,"height":454,"caption":"Veneros plaukas"},{"@type":"BreadcrumbList","@id":"https:\/\/skaitytaknyga.lt\/produktas\/veneros-plaukas\/#breadcrumb","itemListElement":[{"@type":"ListItem","position":1,"name":"Home","item":"https:\/\/skaitytaknyga.lt\/"},{"@type":"ListItem","position":2,"name":"Parduotuv\u0117","item":"https:\/\/skaitytaknyga.lt\/knygu-parduotuve\/"},{"@type":"ListItem","position":3,"name":"Veneros plaukas"}]},{"@type":"WebSite","@id":"https:\/\/skaitytaknyga.lt\/#website","url":"https:\/\/skaitytaknyga.lt\/","name":"skaitytaknyga.lt","description":"Skaitytaknyga.lt \u2013 tai ma\u017eas \u0161eimos verslas, kuris prasid\u0117jo nuo meil\u0117s knygoms ir siekio i\u0161gelb\u0117ti knygas nuo likimo prie konteinerio. Kas vienam nereikalingas daiktas \u2013 kitam lobis, o mes esame tarpininkai, kurie padeda abiems tapti laimingesniems ???? \u017dinome kaip nelengva i\u0161gyventi ma\u017eiems verslams, tad nuo \u0161iol, \u010dia rasite ir kit\u0173, ma\u017e\u0173 \u0161eim\u0173 versl\u0173, rank\u0173 darbo, dovan\u0173 sau ir artimiesiems.","publisher":{"@id":"https:\/\/skaitytaknyga.lt\/#organization"},"potentialAction":[{"@type":"SearchAction","target":{"@type":"EntryPoint","urlTemplate":"https:\/\/skaitytaknyga.lt\/?s={search_term_string}"},"query-input":{"@type":"PropertyValueSpecification","valueRequired":true,"valueName":"search_term_string"}}],"inLanguage":"en-GB"},{"@type":"Organization","@id":"https:\/\/skaitytaknyga.lt\/#organization","name":"skaitytaknyga.lt","url":"https:\/\/skaitytaknyga.lt\/","logo":{"@type":"ImageObject","inLanguage":"en-GB","@id":"https:\/\/skaitytaknyga.lt\/#\/schema\/logo\/image\/","url":"https:\/\/skaitytaknyga.lt\/wp-content\/uploads\/2024\/05\/cropped-cropped-cropped-02_00843_jt3bggkj1j3HLc7SyY6rEUpg.jpeg","contentUrl":"https:\/\/skaitytaknyga.lt\/wp-content\/uploads\/2024\/05\/cropped-cropped-cropped-02_00843_jt3bggkj1j3HLc7SyY6rEUpg.jpeg","width":1600,"height":1600,"caption":"skaitytaknyga.lt"},"image":{"@id":"https:\/\/skaitytaknyga.lt\/#\/schema\/logo\/image\/"},"sameAs":["https:\/\/www.facebook.com\/skaitytaknyga\/"]}]}},"_links":{"self":[{"href":"https:\/\/skaitytaknyga.lt\/en\/wp-json\/wp\/v2\/product\/21887","targetHints":{"allow":["GET"]}}],"collection":[{"href":"https:\/\/skaitytaknyga.lt\/en\/wp-json\/wp\/v2\/product"}],"about":[{"href":"https:\/\/skaitytaknyga.lt\/en\/wp-json\/wp\/v2\/types\/product"}],"replies":[{"embeddable":true,"href":"https:\/\/skaitytaknyga.lt\/en\/wp-json\/wp\/v2\/comments?post=21887"}],"wp:featuredmedia":[{"embeddable":true,"href":"https:\/\/skaitytaknyga.lt\/en\/wp-json\/wp\/v2\/media\/21894"}],"wp:attachment":[{"href":"https:\/\/skaitytaknyga.lt\/en\/wp-json\/wp\/v2\/media?parent=21887"}],"wp:term":[{"taxonomy":"product_brand","embeddable":true,"href":"https:\/\/skaitytaknyga.lt\/en\/wp-json\/wp\/v2\/product_brand?post=21887"},{"taxonomy":"product_cat","embeddable":true,"href":"https:\/\/skaitytaknyga.lt\/en\/wp-json\/wp\/v2\/product_cat?post=21887"},{"taxonomy":"product_tag","embeddable":true,"href":"https:\/\/skaitytaknyga.lt\/en\/wp-json\/wp\/v2\/product_tag?post=21887"}],"curies":[{"name":"wp","href":"https:\/\/api.w.org\/{rel}","templated":true}]}}