{"id":21886,"date":"2025-11-07T20:45:27","date_gmt":"2025-11-07T18:45:27","guid":{"rendered":"https:\/\/skaitytaknyga.lt\/?post_type=product&#038;p=21886"},"modified":"2025-11-13T19:34:46","modified_gmt":"2025-11-13T17:34:46","slug":"blanchisserie-arba-zverynas-uzupis","status":"publish","type":"product","link":"https:\/\/skaitytaknyga.lt\/en\/produktas\/blanchisserie-arba-zverynas-uzupis\/","title":{"rendered":"Blanchisserie, arba \u017dv\u0117rynas-U\u017eupis"},"content":{"rendered":"<p>Tvanka pl\u016bstan\u010dioje Alytaus autobus\u0173 sotyje, jau rengdamasis am\u017einai palikti Dz\u016bkijos sostin\u0119, a\u0161 kaktomu\u0161a susid\u016briau (sp\u016bstyje) su dviem vaiku\u010diais vedina jaun\u0173 kaimie\u010di\u0173 pora. I\u0161 kalbos supratau &#8211; kaimie\u010diai, nes reng\u0117si kaip miestie\u010diai, dar \u012fmantriau. Jie u\u017ekand\u017eiavo dvokian\u010diame bufete. Visi valg\u0117 de\u0161reles su pa\u017eliugusiais kop\u016bstais, net vaikai. Ji g\u0117r\u0117 kok\u0105. \u0160eimos galva &#8211; al\u0173. Jis at\u0161iauraus veido, koki\u0173 27 met\u0173. Ji stipriai sur\u0119sta, pa\u0161aukta gimdyti ir gauti \u012f kail\u012f: tvirtos blauzdos, bateliai gal 42 numerio. Ant jos mar\u0161kin\u0117li\u0173 buvo vienas \u017eodis. MAZZOLLO! Vaiku\u010di\u0173 pilvukus puo\u0161\u0117 gangsteriai ir King Kongas. U\u017etat i\u0161ver\u010diau akis, kai ant vyri\u0161kio T-shit perskai\u010diau voki\u0161k\u0105 u\u017era\u0161\u0105. Jis, ai\u0161ku nesuprato, kas ten para\u0161yta, i\u0161skyrus gal du net \u0160iaur\u0117s A\u0161igalyje suvokiamus tarptautinius \u017eod\u017eius. Jis atsilo\u0161\u0117, u\u017esiversdamas butel\u012f alaus, ir a\u0161 be vargo perskai\u010diau tekst\u0105. (&#8230;) Ar jis suprant\u0105s kas \u010dia u\u017era\u0161yta? &#8211; bakstel\u0117jau jam \u012f kr\u016btin\u0119. Jis nepatenkintas nu\u017evelg\u0117 mane: o kam? U\u017era\u0161yta ir gerai. dink. Bet \u0161\u0117tonas sukusino mane ir a\u0161 i\u0161ver\u010diau. PABAND\u017dIAU GYVENTI BE SEKSO IR ALKOHOLIO. TAI BUVO JUOD\u017dIAUSIAS MANO GYVENIMO PUSVALANDIS!<\/p>\n","protected":false},"excerpt":{"rendered":"<p>Tvanka pl\u016bstan\u010dioje Alytaus autobus\u0173 sotyje, jau rengdamasis am\u017einai palikti Dz\u016bkijos sostin\u0119, a\u0161 kaktomu\u0161a susid\u016briau (sp\u016bstyje) su dviem vaiku\u010diais vedina jaun\u0173 kaimie\u010di\u0173 pora. I\u0161 kalbos supratau &#8211; kaimie\u010diai, nes reng\u0117si kaip miestie\u010diai, dar \u012fmantriau. Jie u\u017ekand\u017eiavo dvokian\u010diame bufete. Visi valg\u0117 de\u0161reles su pa\u017eliugusiais kop\u016bstais, net vaikai. Ji g\u0117r\u0117 kok\u0105. \u0160eimos galva &#8211; al\u0173. Jis at\u0161iauraus veido, koki\u0173 27 met\u0173. Ji stipriai sur\u0119sta, pa\u0161aukta gimdyti ir gauti \u012f kail\u012f: tvirtos blauzdos, bateliai gal 42 numerio. Ant jos mar\u0161kin\u0117li\u0173 buvo vienas \u017eodis. MAZZOLLO! Vaiku\u010di\u0173 pilvukus puo\u0161\u0117 gangsteriai ir King Kongas. U\u017etat i\u0161ver\u010diau akis, kai ant vyri\u0161kio T-shit perskai\u010diau voki\u0161k\u0105 u\u017era\u0161\u0105. Jis, ai\u0161ku nesuprato, kas ten para\u0161yta, i\u0161skyrus gal du net \u0160iaur\u0117s A\u0161igalyje suvokiamus tarptautinius \u017eod\u017eius. Jis atsilo\u0161\u0117, u\u017esiversdamas butel\u012f alaus, ir a\u0161 be vargo perskai\u010diau tekst\u0105. (&#8230;) Ar jis suprant\u0105s kas \u010dia u\u017era\u0161yta? &#8211; bakstel\u0117jau jam \u012f kr\u016btin\u0119. Jis nepatenkintas nu\u017evelg\u0117 mane: o kam? U\u017era\u0161yta ir gerai. dink. Bet \u0161\u0117tonas sukusino mane ir a\u0161 i\u0161ver\u010diau. PABAND\u017dIAU GYVENTI BE SEKSO IR ALKOHOLIO. TAI BUVO JUOD\u017dIAUSIAS MANO GYVENIMO PUSVALANDIS!<\/p>\n","protected":false},"featured_media":21891,"comment_status":"open","ping_status":"closed","template":"","meta":{"_acf_changed":false,"site-sidebar-layout":"default","site-content-layout":"","ast-site-content-layout":"default","site-content-style":"default","site-sidebar-style":"default","ast-global-header-display":"","ast-banner-title-visibility":"","ast-main-header-display":"","ast-hfb-above-header-display":"","ast-hfb-below-header-display":"","ast-hfb-mobile-header-display":"","site-post-title":"","ast-breadcrumbs-content":"","ast-featured-img":"","footer-sml-layout":"","ast-disable-related-posts":"","theme-transparent-header-meta":"","adv-header-id-meta":"","stick-header-meta":"","header-above-stick-meta":"","header-main-stick-meta":"","header-below-stick-meta":"","astra-migrate-meta-layouts":"default","ast-page-background-enabled":"default","ast-page-background-meta":{"desktop":{"background-color":"","background-image":"","background-repeat":"repeat","background-position":"center center","background-size":"auto","background-attachment":"scroll","background-type":"","background-media":"","overlay-type":"","overlay-color":"","overlay-opacity":"","overlay-gradient":""},"tablet":{"background-color":"","background-image":"","background-repeat":"repeat","background-position":"center center","background-size":"auto","background-attachment":"scroll","background-type":"","background-media":"","overlay-type":"","overlay-color":"","overlay-opacity":"","overlay-gradient":""},"mobile":{"background-color":"","background-image":"","background-repeat":"repeat","background-position":"center center","background-size":"auto","background-attachment":"scroll","background-type":"","background-media":"","overlay-type":"","overlay-color":"","overlay-opacity":"","overlay-gradient":""}},"ast-content-background-meta":{"desktop":{"background-color":"var(--ast-global-color-4)","background-image":"","background-repeat":"repeat","background-position":"center center","background-size":"auto","background-attachment":"scroll","background-type":"","background-media":"","overlay-type":"","overlay-color":"","overlay-opacity":"","overlay-gradient":""},"tablet":{"background-color":"var(--ast-global-color-4)","background-image":"","background-repeat":"repeat","background-position":"center center","background-size":"auto","background-attachment":"scroll","background-type":"","background-media":"","overlay-type":"","overlay-color":"","overlay-opacity":"","overlay-gradient":""},"mobile":{"background-color":"var(--ast-global-color-4)","background-image":"","background-repeat":"repeat","background-position":"center center","background-size":"auto","background-attachment":"scroll","background-type":"","background-media":"","overlay-type":"","overlay-color":"","overlay-opacity":"","overlay-gradient":""}}},"product_brand":[],"product_cat":[31],"product_tag":[],"class_list":{"0":"post-21886","1":"product","2":"type-product","3":"status-publish","4":"has-post-thumbnail","6":"product_cat-grozine-literatura","7":"desktop-align-left","8":"tablet-align-left","9":"mobile-align-left","11":"first","12":"instock","13":"shipping-taxable","14":"purchasable","15":"product-type-simple"},"acf":[],"yoast_head":"<!-- This site is optimized with the Yoast SEO plugin v27.0 - https:\/\/yoast.com\/product\/yoast-seo-wordpress\/ -->\n<title>Blanchisserie, arba \u017dv\u0117rynas-U\u017eupis<\/title>\n<meta name=\"description\" content=\"Tvanka pl\u016bstan\u010dioje Alytaus autobus\u0173 sotyje, jau rengdamasis am\u017einai palikti Dz\u016bkijos sostin\u0119, a\u0161 kaktomu\u0161a susid\u016briau (sp\u016bstyje) su dviem vaiku\u010diais\" \/>\n<meta name=\"robots\" content=\"index, follow, max-snippet:-1, max-image-preview:large, max-video-preview:-1\" \/>\n<link rel=\"canonical\" href=\"https:\/\/skaitytaknyga.lt\/en\/produktas\/blanchisserie-arba-zverynas-uzupis\/\" \/>\n<meta property=\"og:locale\" content=\"en_GB\" \/>\n<meta property=\"og:locale:alternate\" content=\"lt_LT\" \/>\n<meta property=\"og:type\" content=\"article\" \/>\n<meta property=\"og:title\" content=\"Blanchisserie, arba \u017dv\u0117rynas-U\u017eupis\" \/>\n<meta property=\"og:description\" content=\"Tvanka pl\u016bstan\u010dioje Alytaus autobus\u0173 sotyje, jau rengdamasis am\u017einai palikti Dz\u016bkijos sostin\u0119, a\u0161 kaktomu\u0161a susid\u016briau (sp\u016bstyje) su dviem vaiku\u010diais\" \/>\n<meta property=\"og:url\" content=\"https:\/\/skaitytaknyga.lt\/en\/produktas\/blanchisserie-arba-zverynas-uzupis\/\" \/>\n<meta property=\"og:site_name\" content=\"Skaitytaknyga\" \/>\n<meta property=\"article:publisher\" content=\"https:\/\/www.facebook.com\/skaitytaknyga\/\" \/>\n<meta property=\"article:modified_time\" content=\"2025-11-13T17:34:46+00:00\" \/>\n<meta property=\"og:image\" content=\"https:\/\/skaitytaknyga.lt\/wp-content\/uploads\/2025\/11\/Blanchisserie-arba-Zverynas-Uzupis-1.webp\" \/>\n\t<meta property=\"og:image:width\" content=\"300\" \/>\n\t<meta property=\"og:image:height\" content=\"479\" \/>\n\t<meta property=\"og:image:type\" content=\"image\/webp\" \/>\n<meta name=\"twitter:card\" content=\"summary_large_image\" \/>\n<meta name=\"twitter:label1\" content=\"Estimated reading time\" \/>\n\t<meta name=\"twitter:data1\" content=\"1 minute\" \/>\n<script type=\"application\/ld+json\" class=\"yoast-schema-graph\">{\"@context\":\"https:\/\/schema.org\",\"@graph\":[{\"@type\":\"WebPage\",\"@id\":\"https:\/\/skaitytaknyga.lt\/produktas\/blanchisserie-arba-zverynas-uzupis\/\",\"url\":\"https:\/\/skaitytaknyga.lt\/produktas\/blanchisserie-arba-zverynas-uzupis\/\",\"name\":\"Blanchisserie, arba \u017dv\u0117rynas-U\u017eupis\",\"isPartOf\":{\"@id\":\"https:\/\/skaitytaknyga.lt\/#website\"},\"primaryImageOfPage\":{\"@id\":\"https:\/\/skaitytaknyga.lt\/produktas\/blanchisserie-arba-zverynas-uzupis\/#primaryimage\"},\"image\":{\"@id\":\"https:\/\/skaitytaknyga.lt\/produktas\/blanchisserie-arba-zverynas-uzupis\/#primaryimage\"},\"thumbnailUrl\":\"https:\/\/skaitytaknyga.lt\/wp-content\/uploads\/2025\/11\/Blanchisserie-arba-Zverynas-Uzupis-1.webp\",\"datePublished\":\"2025-11-07T18:45:27+00:00\",\"dateModified\":\"2025-11-13T17:34:46+00:00\",\"description\":\"Tvanka pl\u016bstan\u010dioje Alytaus autobus\u0173 sotyje, jau rengdamasis am\u017einai palikti Dz\u016bkijos sostin\u0119, a\u0161 kaktomu\u0161a susid\u016briau (sp\u016bstyje) su dviem vaiku\u010diais\",\"breadcrumb\":{\"@id\":\"https:\/\/skaitytaknyga.lt\/produktas\/blanchisserie-arba-zverynas-uzupis\/#breadcrumb\"},\"inLanguage\":\"en-GB\",\"potentialAction\":[{\"@type\":\"ReadAction\",\"target\":[\"https:\/\/skaitytaknyga.lt\/produktas\/blanchisserie-arba-zverynas-uzupis\/\"]}]},{\"@type\":\"ImageObject\",\"inLanguage\":\"en-GB\",\"@id\":\"https:\/\/skaitytaknyga.lt\/produktas\/blanchisserie-arba-zverynas-uzupis\/#primaryimage\",\"url\":\"https:\/\/skaitytaknyga.lt\/wp-content\/uploads\/2025\/11\/Blanchisserie-arba-Zverynas-Uzupis-1.webp\",\"contentUrl\":\"https:\/\/skaitytaknyga.lt\/wp-content\/uploads\/2025\/11\/Blanchisserie-arba-Zverynas-Uzupis-1.webp\",\"width\":300,\"height\":479,\"caption\":\"Blanchisserie, arba \u017dv\u0117rynas-U\u017eupis\"},{\"@type\":\"BreadcrumbList\",\"@id\":\"https:\/\/skaitytaknyga.lt\/produktas\/blanchisserie-arba-zverynas-uzupis\/#breadcrumb\",\"itemListElement\":[{\"@type\":\"ListItem\",\"position\":1,\"name\":\"Home\",\"item\":\"https:\/\/skaitytaknyga.lt\/\"},{\"@type\":\"ListItem\",\"position\":2,\"name\":\"Parduotuv\u0117\",\"item\":\"https:\/\/skaitytaknyga.lt\/knygu-parduotuve\/\"},{\"@type\":\"ListItem\",\"position\":3,\"name\":\"Blanchisserie, arba \u017dv\u0117rynas-U\u017eupis\"}]},{\"@type\":\"WebSite\",\"@id\":\"https:\/\/skaitytaknyga.lt\/#website\",\"url\":\"https:\/\/skaitytaknyga.lt\/\",\"name\":\"skaitytaknyga.lt\",\"description\":\"Skaitytaknyga.lt \u2013 tai ma\u017eas \u0161eimos verslas, kuris prasid\u0117jo nuo meil\u0117s knygoms ir siekio i\u0161gelb\u0117ti knygas nuo likimo prie konteinerio. Kas vienam nereikalingas daiktas \u2013 kitam lobis, o mes esame tarpininkai, kurie padeda abiems tapti laimingesniems ???? \u017dinome kaip nelengva i\u0161gyventi ma\u017eiems verslams, tad nuo \u0161iol, \u010dia rasite ir kit\u0173, ma\u017e\u0173 \u0161eim\u0173 versl\u0173, rank\u0173 darbo, dovan\u0173 sau ir artimiesiems.\",\"publisher\":{\"@id\":\"https:\/\/skaitytaknyga.lt\/#organization\"},\"potentialAction\":[{\"@type\":\"SearchAction\",\"target\":{\"@type\":\"EntryPoint\",\"urlTemplate\":\"https:\/\/skaitytaknyga.lt\/?s={search_term_string}\"},\"query-input\":{\"@type\":\"PropertyValueSpecification\",\"valueRequired\":true,\"valueName\":\"search_term_string\"}}],\"inLanguage\":\"en-GB\"},{\"@type\":\"Organization\",\"@id\":\"https:\/\/skaitytaknyga.lt\/#organization\",\"name\":\"skaitytaknyga.lt\",\"url\":\"https:\/\/skaitytaknyga.lt\/\",\"logo\":{\"@type\":\"ImageObject\",\"inLanguage\":\"en-GB\",\"@id\":\"https:\/\/skaitytaknyga.lt\/#\/schema\/logo\/image\/\",\"url\":\"https:\/\/skaitytaknyga.lt\/wp-content\/uploads\/2024\/05\/cropped-cropped-cropped-02_00843_jt3bggkj1j3HLc7SyY6rEUpg.jpeg\",\"contentUrl\":\"https:\/\/skaitytaknyga.lt\/wp-content\/uploads\/2024\/05\/cropped-cropped-cropped-02_00843_jt3bggkj1j3HLc7SyY6rEUpg.jpeg\",\"width\":1600,\"height\":1600,\"caption\":\"skaitytaknyga.lt\"},\"image\":{\"@id\":\"https:\/\/skaitytaknyga.lt\/#\/schema\/logo\/image\/\"},\"sameAs\":[\"https:\/\/www.facebook.com\/skaitytaknyga\/\"]}]}<\/script>\n<!-- \/ Yoast SEO plugin. -->","yoast_head_json":{"title":"Blanchisserie, arba \u017dv\u0117rynas-U\u017eupis","description":"Tvanka pl\u016bstan\u010dioje Alytaus autobus\u0173 sotyje, jau rengdamasis am\u017einai palikti Dz\u016bkijos sostin\u0119, a\u0161 kaktomu\u0161a susid\u016briau (sp\u016bstyje) su dviem vaiku\u010diais","robots":{"index":"index","follow":"follow","max-snippet":"max-snippet:-1","max-image-preview":"max-image-preview:large","max-video-preview":"max-video-preview:-1"},"canonical":"https:\/\/skaitytaknyga.lt\/en\/produktas\/blanchisserie-arba-zverynas-uzupis\/","og_locale":"en_GB","og_type":"article","og_title":"[:lt]Blanchisserie, arba \u017dv\u0117rynas-U\u017eupis[:] - Skaitytaknyga","og_description":"Tvanka pl\u016bstan\u010dioje Alytaus autobus\u0173 sotyje, jau rengdamasis am\u017einai palikti Dz\u016bkijos sostin\u0119, a\u0161 kaktomu\u0161a susid\u016briau (sp\u016bstyje) su dviem vaiku\u010diais","og_url":"https:\/\/skaitytaknyga.lt\/en\/produktas\/blanchisserie-arba-zverynas-uzupis\/","og_site_name":"Skaitytaknyga","article_publisher":"https:\/\/www.facebook.com\/skaitytaknyga\/","article_modified_time":"2025-11-13T17:34:46+00:00","og_image":[{"width":300,"height":479,"url":"https:\/\/skaitytaknyga.lt\/wp-content\/uploads\/2025\/11\/Blanchisserie-arba-Zverynas-Uzupis-1.webp","type":"image\/webp"}],"twitter_card":"summary_large_image","twitter_misc":{"Estimated reading time":"1 minute"},"schema":{"@context":"https:\/\/schema.org","@graph":[{"@type":"WebPage","@id":"https:\/\/skaitytaknyga.lt\/produktas\/blanchisserie-arba-zverynas-uzupis\/","url":"https:\/\/skaitytaknyga.lt\/produktas\/blanchisserie-arba-zverynas-uzupis\/","name":"Blanchisserie, arba \u017dv\u0117rynas-U\u017eupis","isPartOf":{"@id":"https:\/\/skaitytaknyga.lt\/#website"},"primaryImageOfPage":{"@id":"https:\/\/skaitytaknyga.lt\/produktas\/blanchisserie-arba-zverynas-uzupis\/#primaryimage"},"image":{"@id":"https:\/\/skaitytaknyga.lt\/produktas\/blanchisserie-arba-zverynas-uzupis\/#primaryimage"},"thumbnailUrl":"https:\/\/skaitytaknyga.lt\/wp-content\/uploads\/2025\/11\/Blanchisserie-arba-Zverynas-Uzupis-1.webp","datePublished":"2025-11-07T18:45:27+00:00","dateModified":"2025-11-13T17:34:46+00:00","description":"Tvanka pl\u016bstan\u010dioje Alytaus autobus\u0173 sotyje, jau rengdamasis am\u017einai palikti Dz\u016bkijos sostin\u0119, a\u0161 kaktomu\u0161a susid\u016briau (sp\u016bstyje) su dviem vaiku\u010diais","breadcrumb":{"@id":"https:\/\/skaitytaknyga.lt\/produktas\/blanchisserie-arba-zverynas-uzupis\/#breadcrumb"},"inLanguage":"en-GB","potentialAction":[{"@type":"ReadAction","target":["https:\/\/skaitytaknyga.lt\/produktas\/blanchisserie-arba-zverynas-uzupis\/"]}]},{"@type":"ImageObject","inLanguage":"en-GB","@id":"https:\/\/skaitytaknyga.lt\/produktas\/blanchisserie-arba-zverynas-uzupis\/#primaryimage","url":"https:\/\/skaitytaknyga.lt\/wp-content\/uploads\/2025\/11\/Blanchisserie-arba-Zverynas-Uzupis-1.webp","contentUrl":"https:\/\/skaitytaknyga.lt\/wp-content\/uploads\/2025\/11\/Blanchisserie-arba-Zverynas-Uzupis-1.webp","width":300,"height":479,"caption":"Blanchisserie, arba \u017dv\u0117rynas-U\u017eupis"},{"@type":"BreadcrumbList","@id":"https:\/\/skaitytaknyga.lt\/produktas\/blanchisserie-arba-zverynas-uzupis\/#breadcrumb","itemListElement":[{"@type":"ListItem","position":1,"name":"Home","item":"https:\/\/skaitytaknyga.lt\/"},{"@type":"ListItem","position":2,"name":"Parduotuv\u0117","item":"https:\/\/skaitytaknyga.lt\/knygu-parduotuve\/"},{"@type":"ListItem","position":3,"name":"Blanchisserie, arba \u017dv\u0117rynas-U\u017eupis"}]},{"@type":"WebSite","@id":"https:\/\/skaitytaknyga.lt\/#website","url":"https:\/\/skaitytaknyga.lt\/","name":"skaitytaknyga.lt","description":"Skaitytaknyga.lt \u2013 tai ma\u017eas \u0161eimos verslas, kuris prasid\u0117jo nuo meil\u0117s knygoms ir siekio i\u0161gelb\u0117ti knygas nuo likimo prie konteinerio. Kas vienam nereikalingas daiktas \u2013 kitam lobis, o mes esame tarpininkai, kurie padeda abiems tapti laimingesniems ???? \u017dinome kaip nelengva i\u0161gyventi ma\u017eiems verslams, tad nuo \u0161iol, \u010dia rasite ir kit\u0173, ma\u017e\u0173 \u0161eim\u0173 versl\u0173, rank\u0173 darbo, dovan\u0173 sau ir artimiesiems.","publisher":{"@id":"https:\/\/skaitytaknyga.lt\/#organization"},"potentialAction":[{"@type":"SearchAction","target":{"@type":"EntryPoint","urlTemplate":"https:\/\/skaitytaknyga.lt\/?s={search_term_string}"},"query-input":{"@type":"PropertyValueSpecification","valueRequired":true,"valueName":"search_term_string"}}],"inLanguage":"en-GB"},{"@type":"Organization","@id":"https:\/\/skaitytaknyga.lt\/#organization","name":"skaitytaknyga.lt","url":"https:\/\/skaitytaknyga.lt\/","logo":{"@type":"ImageObject","inLanguage":"en-GB","@id":"https:\/\/skaitytaknyga.lt\/#\/schema\/logo\/image\/","url":"https:\/\/skaitytaknyga.lt\/wp-content\/uploads\/2024\/05\/cropped-cropped-cropped-02_00843_jt3bggkj1j3HLc7SyY6rEUpg.jpeg","contentUrl":"https:\/\/skaitytaknyga.lt\/wp-content\/uploads\/2024\/05\/cropped-cropped-cropped-02_00843_jt3bggkj1j3HLc7SyY6rEUpg.jpeg","width":1600,"height":1600,"caption":"skaitytaknyga.lt"},"image":{"@id":"https:\/\/skaitytaknyga.lt\/#\/schema\/logo\/image\/"},"sameAs":["https:\/\/www.facebook.com\/skaitytaknyga\/"]}]}},"_links":{"self":[{"href":"https:\/\/skaitytaknyga.lt\/en\/wp-json\/wp\/v2\/product\/21886","targetHints":{"allow":["GET"]}}],"collection":[{"href":"https:\/\/skaitytaknyga.lt\/en\/wp-json\/wp\/v2\/product"}],"about":[{"href":"https:\/\/skaitytaknyga.lt\/en\/wp-json\/wp\/v2\/types\/product"}],"replies":[{"embeddable":true,"href":"https:\/\/skaitytaknyga.lt\/en\/wp-json\/wp\/v2\/comments?post=21886"}],"wp:featuredmedia":[{"embeddable":true,"href":"https:\/\/skaitytaknyga.lt\/en\/wp-json\/wp\/v2\/media\/21891"}],"wp:attachment":[{"href":"https:\/\/skaitytaknyga.lt\/en\/wp-json\/wp\/v2\/media?parent=21886"}],"wp:term":[{"taxonomy":"product_brand","embeddable":true,"href":"https:\/\/skaitytaknyga.lt\/en\/wp-json\/wp\/v2\/product_brand?post=21886"},{"taxonomy":"product_cat","embeddable":true,"href":"https:\/\/skaitytaknyga.lt\/en\/wp-json\/wp\/v2\/product_cat?post=21886"},{"taxonomy":"product_tag","embeddable":true,"href":"https:\/\/skaitytaknyga.lt\/en\/wp-json\/wp\/v2\/product_tag?post=21886"}],"curies":[{"name":"wp","href":"https:\/\/api.w.org\/{rel}","templated":true}]}}